{"id":521,"date":"2021-03-30T15:34:55","date_gmt":"2021-03-30T15:34:55","guid":{"rendered":"https:\/\/211md.org\/?page_id=521"},"modified":"2026-03-20T16:48:25","modified_gmt":"2026-03-20T20:48:25","slug":"about","status":"publish","type":"page","link":"https:\/\/211md.org\/pt\/about\/","title":{"rendered":"Sobre 211 Servi\u00e7os em Maryland"},"content":{"rendered":"<figure itemscope=\"\" itemtype=\"https:\/\/schema.org\/ImageObject\">\n\t\t\t\t<img decoding=\"async\" src=\"https:\/\/211md.org\/wp-content\/uploads\/2021\/05\/UWCM-211MD-Call-Center-2-scaled.jpeg\" alt=\"Pessoas que trabalham em um call center\" height=\"1920\" width=\"2560\" title=\"Central de Atendimento UWCM 211MD 2\" onerror=\"this.style.display='none'\" loading=\"lazy\">\n\t<\/figure>\n\t<p>O 211 \u00e9 o Sistema de Informa\u00e7\u00e3o e Encaminhamento de Sa\u00fade e Servi\u00e7os Humanos mais abrangente do estado de Maryland. Com mais de 7.500 recursos, pessoas com necessidades essenciais podem se conectar \u00e0 ajuda local 24 horas por dia, 7 dias por semana, 365 dias por ano.<\/p>\n<p>o <a href=\"https:\/\/mdinfonet.org\/\" target=\"_blank\" rel=\"noopener\">Rede de informa\u00e7\u00f5es de Maryland<\/a>, uma organiza\u00e7\u00e3o sem fins lucrativos 501(c)(3), \u00e9 a administradora autorizada pelo estado de 211 servi\u00e7os em Maryland.<\/p>\n<h2>Encontre ajuda em Maryland<\/h2>\n<p>O 211 pode ajudar com alimenta\u00e7\u00e3o, moradia, imigra\u00e7\u00e3o, aux\u00edlio para servi\u00e7os p\u00fablicos e muito mais. H\u00e1 v\u00e1rias maneiras de se conectar e obter ajuda.<\/p>\n<p>Veja como obter ajuda:<\/p>\n<ul>\n<li>Ligue para 211 e fale com algu\u00e9m que pode ajudar a identificar necessidades e recursos.<\/li>\n<li><a href=\"https:\/\/search.211md.org\">Procurar<\/a> para recursos por CEP e necessidade.<\/li>\n<li><a href=\"https:\/\/211md.org\/pt\/recursos\/\">Obtenha informa\u00e7\u00f5es e refer\u00eancias de recursos<\/a> para as principais necessidades, como alimenta\u00e7\u00e3o, habita\u00e7\u00e3o, emprego, cuidados infantis e muito mais.<\/li>\n<\/ul>\n<h2>\n\t\t\tConecte-se. Obter ajuda.\t<\/h2>\n\t<p>A Maryland Information Network supervisiona uma rede estadual de <a href=\"\/pt\/about\/call-center-network\/\" target=\"_blank\" rel=\"noopener\">211 call centers<\/a>, fornecendo conex\u00f5es essenciais aos habitantes de Maryland quando eles mais precisam. Os chamadores s\u00e3o automaticamente encaminhados para o call center regional para obter assist\u00eancia.<\/p>\n\t\t<figure itemscope=\"\" itemtype=\"https:\/\/schema.org\/ImageObject\">\n\t\t\t\t<a href=\"\/pt\/about\/obter-ajuda\/\" target=\"_self\" itemprop=\"url\">\n\t\t\t\t<img decoding=\"async\" src=\"https:\/\/211md.org\/wp-content\/uploads\/bb-plugin\/cache\/Mask-Group-30@2x-circle-01b6aad86ad352fffd649857c06b7224-.png\" alt=\"Mulher ouvindo seu telefone\" height=\"525\" width=\"596\" title=\"Grupo de m\u00e1scara 30@2x\" onerror=\"this.style.display='none'\" loading=\"lazy\">\n\t\t\t\t<\/a>\n\t<\/figure>\n<h3><a href=\"\/pt\/about\/obter-ajuda\/\" target=\"_self\">Discar<\/a><\/h3><p>Os especialistas 211 ouvem, identificam todas as necessidades n\u00e3o atendidas, conectam os chamadores aos recursos e acompanham quando necess\u00e1rio.<\/p>\n\t\t\t<a href=\"\/pt\/about\/obter-ajuda\/\" target=\"_self\">\n\t\t\t\t\t\t\tObter ajuda\n\t\t\t\t\t<\/a>\n\t\t<figure itemscope=\"\" itemtype=\"https:\/\/schema.org\/ImageObject\">\n\t\t\t\t<a href=\"https:\/\/search.211md.org\/\" target=\"_blank\" rel=\"noopener\" itemprop=\"url\">\n\t\t\t\t<img decoding=\"async\" src=\"https:\/\/211md.org\/wp-content\/uploads\/bb-plugin\/cache\/Mask-Group-22@2x-circle-8aa2b868bce1f6cf5ebb1a770d6d95f3-.png\" alt=\"Mulher olhando para o site Maryland 2-1-1\" height=\"555\" width=\"650\" title=\"Grupo de m\u00e1scara 22@2x\" onerror=\"this.style.display='none'\" loading=\"lazy\">\n\t\t\t\t<\/a>\n\t<\/figure>\n<h3><a href=\"https:\/\/search.211md.org\/\" target=\"_blank\" rel=\"noopener\">Banco de Dados de Recursos Pesquis\u00e1veis<\/a><\/h3><p>Encontre recursos essenciais no banco de dados de necessidades n\u00e3o atendidas mais abrangente do estado.<\/p>\n\t\t\t<a href=\"https:\/\/search.211md.org\/\" target=\"_blank\" rel=\"noopener\">\n\t\t\t\t\t\t\tProcure agora\n\t\t\t\t\t<\/a>\n\t\t<figure itemscope=\"\" itemtype=\"https:\/\/schema.org\/ImageObject\">\n\t\t\t\t<a href=\"\/pt\/about\/mensagens-de-texto\/\" target=\"_self\" itemprop=\"url\">\n\t\t\t\t<img decoding=\"async\" src=\"https:\/\/211md.org\/wp-content\/uploads\/bb-plugin\/cache\/About-One-Stop-2-circle-42d490bec6afa7775023868490c61c80-.png\" alt=\"Uma pessoa em p\u00e9 usando um telefone celular\" height=\"525\" width=\"596\" title=\"Sobre-Uma Parada-2\" onerror=\"this.style.display='none'\" loading=\"lazy\">\n\t\t\t\t<\/a>\n\t<\/figure>\n<h3><a href=\"\/pt\/about\/mensagens-de-texto\/\" target=\"_self\">Mensagens de texto de apoio cont\u00ednuas<\/a><\/h3><p>Mensagens de texto personalizadas em ingl\u00eas e espanhol informam e inspiram sob demanda.<\/p>\n\t\t\t<a href=\"\/pt\/about\/mensagens-de-texto\/\" target=\"_self\">\n\t\t\t\t\t\t\tInscrever-se\n\t\t\t\t\t<\/a>\n\t\t7,000+\n\t\t\t\t\tAgencies &amp; Programs\n\t\t150+\n\t\t\t\t\tAvailable Languages\n\t\t24\/7\/365\n\t\t\t\t\tReady to Help\n\t\t200k\n\t\t\t\t\tText Subscribers\n<h2>\n\t\t\tSobre nossa jornada\t<\/h2>\n\t<p>Embora o trabalho tenha come\u00e7ado na d\u00e9cada de 1960 para desenvolver um recurso central de informa\u00e7\u00e3o e refer\u00eancia, foi d\u00e9cadas depois que o 211 se tornou o conector \u00fanico para servi\u00e7os humanos e de sa\u00fade em Maryland.<\/p>\n<h2>\n\t\t\t1960\t<\/h2>\n\t<p>O Conselho de Ag\u00eancias Sociais de Baltimore lidera o primeiro esfor\u00e7o para desenvolver um servi\u00e7o central de informa\u00e7\u00e3o e refer\u00eancia.<\/p>\n\t<p>O Health and Welfare Council inicia a primeira tentativa de criar um banco de dados de sa\u00fade e servi\u00e7os humanos abrangente e baseado em computador para Maryland.<\/p>\n<h2>\n\t\t\t1983\t<\/h2>\n<h2>\n\t\t\t2000\t<\/h2>\n\t<p>A Federal Communications Commission (FCC) designa 211 como o c\u00f3digo de acesso nacional de 3 d\u00edgitos para informa\u00e7\u00f5es e encaminhamentos de sa\u00fade e servi\u00e7os humanos.<\/p>\n<p>A United Way of Central Maryland (UWCM) convoca a For\u00e7a-Tarefa 211 de Maryland para preparar e planejar o sistema 211 de Maryland.<\/p>\n\t<p>A legisla\u00e7\u00e3o estadual estabelece 211 como o n\u00famero de telefone de refer\u00eancia e informa\u00e7\u00f5es prim\u00e1rias para servi\u00e7os humanos e de sa\u00fade em Maryland.<\/p>\n<p>Quatro call centers regionais (Community Crisis Services, Life Crisis Center, Mental Health Association of Frederick County e United Way of Central Maryland) concordam em participar de um Projeto Piloto de dois anos.<\/p>\n<h2>\n\t\t\t2004\t<\/h2>\n<h2>\n\t\t\t2010\t<\/h2>\n\t<p>Incorpora\u00e7\u00e3o da \u201cMaryland Information Network, 211 Maryland, Inc.\u201d<\/p>\n\t<p>211 Maryland atinge o status de organiza\u00e7\u00e3o sem fins lucrativos 501(c)(3) e inicia a implementa\u00e7\u00e3o.<\/p>\n<h2>\n\t\t\t2011\t<\/h2>\n<h2>\n\t\t\t2018\t<\/h2>\n\t<p>211 Maryland integra a linha direta de crise 1-800 em todo o estado ao sistema 211 para criar 211 Press 1, que agora \u00e9 988.<\/p>\n\t<p>A legisla\u00e7\u00e3o estadual coloca o controle do sistema 211 de Maryland na 211 MD, Inc.<\/p>\n<h2>\n\t\t\t2020\t<\/h2>\n\t\t\t<a href=\"\/pt\/parceiro\/\" target=\"_self\">\n\t\t\t\t\t\t\tVamos fazer parceria\n\t\t\t\t\t<\/a>","protected":false},"excerpt":{"rendered":"<p>O 211 \u00e9 o Sistema de Informa\u00e7\u00e3o e Encaminhamento de Sa\u00fade e Servi\u00e7os Humanos mais abrangente do estado de Maryland. Com mais de 7.500 recursos, pessoas com necessidades essenciais podem se conectar a ajuda local 24 horas por dia, 7 dias por semana, 365 dias por ano. A Maryland Information Network, uma organiza\u00e7\u00e3o sem fins lucrativos 501(c)(3), \u00e9 a administradora autorizada pelo estado dos servi\u00e7os 211 em Maryland. Encontre Ajuda em Maryland. O 211 pode ajudar com\u2026<\/p>","protected":false},"author":8,"featured_media":1830,"parent":0,"menu_order":0,"comment_status":"closed","ping_status":"closed","template":"","meta":{"footnotes":""},"class_list":["post-521","page","type-page","status-publish","has-post-thumbnail","hentry"],"_links":{"self":[{"href":"https:\/\/211md.org\/pt\/wp-json\/wp\/v2\/pages\/521","targetHints":{"allow":["GET"]}}],"collection":[{"href":"https:\/\/211md.org\/pt\/wp-json\/wp\/v2\/pages"}],"about":[{"href":"https:\/\/211md.org\/pt\/wp-json\/wp\/v2\/types\/page"}],"author":[{"embeddable":true,"href":"https:\/\/211md.org\/pt\/wp-json\/wp\/v2\/users\/8"}],"replies":[{"embeddable":true,"href":"https:\/\/211md.org\/pt\/wp-json\/wp\/v2\/comments?post=521"}],"version-history":[{"count":8,"href":"https:\/\/211md.org\/pt\/wp-json\/wp\/v2\/pages\/521\/revisions"}],"predecessor-version":[{"id":34425,"href":"https:\/\/211md.org\/pt\/wp-json\/wp\/v2\/pages\/521\/revisions\/34425"}],"wp:featuredmedia":[{"embeddable":true,"href":"https:\/\/211md.org\/pt\/wp-json\/wp\/v2\/media\/1830"}],"wp:attachment":[{"href":"https:\/\/211md.org\/pt\/wp-json\/wp\/v2\/media?parent=521"}],"curies":[{"name":"wp","href":"https:\/\/api.w.org\/{rel}","templated":true}]}}