{"id":707,"date":"2021-04-05T20:35:47","date_gmt":"2021-04-05T20:35:47","guid":{"rendered":"https:\/\/211md.org\/?page_id=707"},"modified":"2023-10-31T14:58:30","modified_gmt":"2023-10-31T18:58:30","slug":"dados-2","status":"publish","type":"page","link":"https:\/\/211md.org\/pt\/data\/","title":{"rendered":"Dados"},"content":{"rendered":"<img decoding=\"async\" src=\"https:\/\/211md.org\/wp-content\/uploads\/2021\/05\/Find-Your-Story.png\" alt=\"Uma m\u00e3o segurando uma lupa olhando para imagens de perfil de uma variedade de pessoas\" itemprop=\"image\" title=\"Encontre sua hist\u00f3ria\" onerror=\"this.style.display='none'\">\n\t<h2>Cada pessoa tem uma hist\u00f3ria<\/h2>\n<p><strong>Damos vida \u00e0s hist\u00f3rias da sua comunidade com os nossos dados.<\/strong><\/p>\n<p>Obtenha insights hist\u00f3ricos e em tempo real para tomada de decis\u00f5es estrat\u00e9gicas com pain\u00e9is de dados segmentados. Descubra as tend\u00eancias demogr\u00e1ficas e geogr\u00e1ficas. Os dados s\u00e3o atualizados semanalmente.<\/p>\n<h2>\n\t\tExplore nossos dados\n\t<\/h2>\n\t\t\t\t<a href=\"https:\/\/app.powerbi.com\/view?r=eyJrIjoiNjQ1ODhiMGUtODc0OC00NjcyLWJjOTgtNTE3YTNlM2E0OTcyIiwidCI6ImJjNTRlYmRiLTU3NDYtNDZmYS1iOGM0LWVkZWFkNjE2MmY2ZCIsImMiOjF9\" target=\"_blank\" rel=\"noopener\" itemprop=\"url\">\n\t\t\t\t<img decoding=\"async\" src=\"https:\/\/211md.org\/wp-content\/uploads\/bb-plugin\/cache\/contacts-2-square.png\" alt=\"Uma multid\u00e3o de pessoas\" itemprop=\"image\" title=\"contatos (2)\" onerror=\"this.style.display='none'\">\n\t\t\t\t<\/a>\n<h3><a href=\"https:\/\/app.powerbi.com\/view?r=eyJrIjoiNjQ1ODhiMGUtODc0OC00NjcyLWJjOTgtNTE3YTNlM2E0OTcyIiwidCI6ImJjNTRlYmRiLTU3NDYtNDZmYS1iOGM0LWVkZWFkNjE2MmY2ZCIsImMiOjF9\" target=\"_blank\" rel=\"noopener\">Contatos<\/a><\/h3>\t\t\n<p>Obtenha dados sobre quantos habitantes de Maryland precisam de ajuda em um condado ou CEP espec\u00edfico.<\/p>\n<a href=\"https:\/\/app.powerbi.com\/view?r=eyJrIjoiNjQ1ODhiMGUtODc0OC00NjcyLWJjOTgtNTE3YTNlM2E0OTcyIiwidCI6ImJjNTRlYmRiLTU3NDYtNDZmYS1iOGM0LWVkZWFkNjE2MmY2ZCIsImMiOjF9\" rel=\"noopener\" target=\"_blank\">Exibir painel<\/a>\t\t\n\t\t\t\t<a href=\"https:\/\/app.powerbi.com\/view?r=eyJrIjoiZjZiYTc5M2UtOWUzYS00MWRjLThhM2EtZTg2Y2QxYzljZGE1IiwidCI6ImJjNTRlYmRiLTU3NDYtNDZmYS1iOGM0LWVkZWFkNjE2MmY2ZCIsImMiOjF9&amp;pageName=ReportSection5aceecb1f28d8306afa3\" target=\"_blank\" rel=\"noopener\" itemprop=\"url\">\n\t\t\t\t<img decoding=\"async\" src=\"https:\/\/211md.org\/wp-content\/uploads\/bb-plugin\/cache\/Data-Post-Image-COVID-square.png\" alt=\"Uma c\u00e9lula COVID-19\" itemprop=\"image\" title=\"Imagem de postagem de dados - COVID\" onerror=\"this.style.display='none'\">\n\t\t\t\t<\/a>\n<h3><a href=\"https:\/\/app.powerbi.com\/view?r=eyJrIjoiZjZiYTc5M2UtOWUzYS00MWRjLThhM2EtZTg2Y2QxYzljZGE1IiwidCI6ImJjNTRlYmRiLTU3NDYtNDZmYS1iOGM0LWVkZWFkNjE2MmY2ZCIsImMiOjF9&amp;pageName=ReportSection5aceecb1f28d8306afa3\" target=\"_blank\" rel=\"noopener\">COVID-19<\/a><\/h3>\t\t\n\t\t\t<p>Descubra as necessidades relacionadas ao COVID-19 em sua comunidade, incluindo detalhes espec\u00edficos sobre testes e necessidades alimentares.<\/p>\n<a href=\"https:\/\/app.powerbi.com\/view?r=eyJrIjoiZjZiYTc5M2UtOWUzYS00MWRjLThhM2EtZTg2Y2QxYzljZGE1IiwidCI6ImJjNTRlYmRiLTU3NDYtNDZmYS1iOGM0LWVkZWFkNjE2MmY2ZCIsImMiOjF9&amp;pageName=ReportSection5aceecb1f28d8306afa3\" rel=\"noopener\" target=\"_blank\">Exibir painel<\/a>\t\t\n\t\t\t\t<a href=\"https:\/\/app.powerbi.com\/view?r=eyJrIjoiN2I5OTdiNWItZDNmMC00NDZkLWJhOTYtOWJmNTJiYzYwMmZiIiwidCI6ImJjNTRlYmRiLTU3NDYtNDZmYS1iOGM0LWVkZWFkNjE2MmY2ZCIsImMiOjF9\" target=\"_blank\" rel=\"noopener\" itemprop=\"url\">\n\t\t\t\t<img decoding=\"async\" src=\"https:\/\/211md.org\/wp-content\/uploads\/bb-plugin\/cache\/Data-Post-Image-Demographics-square.png\" alt=\"Um grupo de pessoas sorrindo para a c\u00e2mera\" itemprop=\"image\" title=\"Imagem de publica\u00e7\u00e3o de dados - Dados demogr\u00e1ficos\" onerror=\"this.style.display='none'\">\n\t\t\t\t<\/a>\n<h3><a href=\"https:\/\/app.powerbi.com\/view?r=eyJrIjoiN2I5OTdiNWItZDNmMC00NDZkLWJhOTYtOWJmNTJiYzYwMmZiIiwidCI6ImJjNTRlYmRiLTU3NDYtNDZmYS1iOGM0LWVkZWFkNjE2MmY2ZCIsImMiOjF9\" target=\"_blank\" rel=\"noopener\">Demografia<\/a><\/h3>\t\t\n<p>Explore os dados demogr\u00e1ficos de 211 contatos de Maryland.<\/p>\n<a href=\"https:\/\/app.powerbi.com\/view?r=eyJrIjoiN2I5OTdiNWItZDNmMC00NDZkLWJhOTYtOWJmNTJiYzYwMmZiIiwidCI6ImJjNTRlYmRiLTU3NDYtNDZmYS1iOGM0LWVkZWFkNjE2MmY2ZCIsImMiOjF9\" rel=\"noopener\" target=\"_blank\">Exibir painel<\/a>\t\t\n\t\t\t\t<a href=\"https:\/\/app.powerbi.com\/view?r=eyJrIjoiN2UwMGViNTctMDliYS00MGI3LTk4ZTMtZmNkN2NmZWNkMDk4IiwidCI6ImJjNTRlYmRiLTU3NDYtNDZmYS1iOGM0LWVkZWFkNjE2MmY2ZCIsImMiOjF9&amp;pageName=ReportSection5aceecb1f28d8306afa3\" target=\"_blank\" rel=\"noopener\" itemprop=\"url\">\n\t\t\t\t<img decoding=\"async\" src=\"https:\/\/211md.org\/wp-content\/uploads\/bb-plugin\/cache\/Data-Post-Image-Food-Insecurity-square.png\" alt=\"Uma pessoa descarregando uma caixa de alimentos\" itemprop=\"image\" title=\"Data Post Image - Inseguran\u00e7a Alimentar\" onerror=\"this.style.display='none'\">\n\t\t\t\t<\/a>\n<h3><a href=\"https:\/\/app.powerbi.com\/view?r=eyJrIjoiN2UwMGViNTctMDliYS00MGI3LTk4ZTMtZmNkN2NmZWNkMDk4IiwidCI6ImJjNTRlYmRiLTU3NDYtNDZmYS1iOGM0LWVkZWFkNjE2MmY2ZCIsImMiOjF9&amp;pageName=ReportSection5aceecb1f28d8306afa3\" target=\"_blank\" rel=\"noopener\">Inseguran\u00e7a Alimentar COVID-19<\/a><\/h3>\t\t\n<p>Encontre locais com maior inseguran\u00e7a alimentar durante o COVID-19.<\/p>\n<a href=\"https:\/\/app.powerbi.com\/view?r=eyJrIjoiN2UwMGViNTctMDliYS00MGI3LTk4ZTMtZmNkN2NmZWNkMDk4IiwidCI6ImJjNTRlYmRiLTU3NDYtNDZmYS1iOGM0LWVkZWFkNjE2MmY2ZCIsImMiOjF9&amp;pageName=ReportSection5aceecb1f28d8306afa3\" rel=\"noopener\" target=\"_blank\">Exibir painel<\/a>\t\t\n\t\t\t\t<a href=\"https:\/\/app.powerbi.com\/view?r=eyJrIjoiZDcxYWJlYjEtODQ5NC00N2ZlLTlhYTEtZjliYzkzZTExNjgxIiwidCI6ImJjNTRlYmRiLTU3NDYtNDZmYS1iOGM0LWVkZWFkNjE2MmY2ZCIsImMiOjF9&amp;pageName=ReportSection\" target=\"_blank\" rel=\"noopener\" itemprop=\"url\">\n\t\t\t\t<img decoding=\"async\" src=\"https:\/\/211md.org\/wp-content\/uploads\/bb-plugin\/cache\/Data-Post-Image-Needs-square.png\" alt=\"Bandeira de Maryland\" itemprop=\"image\" title=\"Data Post Image - Necessidades\" onerror=\"this.style.display='none'\">\n\t\t\t\t<\/a>\n<h3><a href=\"https:\/\/app.powerbi.com\/view?r=eyJrIjoiZDcxYWJlYjEtODQ5NC00N2ZlLTlhYTEtZjliYzkzZTExNjgxIiwidCI6ImJjNTRlYmRiLTU3NDYtNDZmYS1iOGM0LWVkZWFkNjE2MmY2ZCIsImMiOjF9&amp;pageName=ReportSection\" target=\"_blank\" rel=\"noopener\">Precisa<\/a><\/h3>\t\t\n\t\t\t<p>Explore as necessidades de sa\u00fade e servi\u00e7os humanos e como elas mudaram ao longo do tempo. Al\u00e9m disso, descubra necessidades n\u00e3o atendidas.<\/p>\n<a href=\"https:\/\/app.powerbi.com\/view?r=eyJrIjoiZDcxYWJlYjEtODQ5NC00N2ZlLTlhYTEtZjliYzkzZTExNjgxIiwidCI6ImJjNTRlYmRiLTU3NDYtNDZmYS1iOGM0LWVkZWFkNjE2MmY2ZCIsImMiOjF9&amp;pageName=ReportSection\" rel=\"noopener\" target=\"_blank\">Exibir painel<\/a>\t\t\n\t\t\t\t<a href=\"https:\/\/app.powerbi.com\/view?r=eyJrIjoiOGJlY2U1OGItMDBmOS00NTI5LTgzNTQtYWU0ZjkxZWYzNTJhIiwidCI6ImJjNTRlYmRiLTU3NDYtNDZmYS1iOGM0LWVkZWFkNjE2MmY2ZCIsImMiOjF9\" target=\"_blank\" rel=\"noopener\" itemprop=\"url\">\n\t\t\t\t<img decoding=\"async\" src=\"https:\/\/211md.org\/wp-content\/uploads\/bb-plugin\/cache\/agencies-square.png\" alt=\"Um pr\u00e9dio moderno\" itemprop=\"image\" title=\"ag\u00eancias\" onerror=\"this.style.display='none'\">\n\t\t\t\t<\/a>\n<h3><a href=\"https:\/\/app.powerbi.com\/view?r=eyJrIjoiOGJlY2U1OGItMDBmOS00NTI5LTgzNTQtYWU0ZjkxZWYzNTJhIiwidCI6ImJjNTRlYmRiLTU3NDYtNDZmYS1iOGM0LWVkZWFkNjE2MmY2ZCIsImMiOjF9\" target=\"_blank\" rel=\"noopener\">Ag\u00eancias de refer\u00eancia<\/a><\/h3>\t\t\n<p>Descubra as ag\u00eancias 211 para as quais os moradores de Maryland se referem e as necessidades essenciais atendidas.<\/p>\n<a href=\"https:\/\/app.powerbi.com\/view?r=eyJrIjoiOGJlY2U1OGItMDBmOS00NTI5LTgzNTQtYWU0ZjkxZWYzNTJhIiwidCI6ImJjNTRlYmRiLTU3NDYtNDZmYS1iOGM0LWVkZWFkNjE2MmY2ZCIsImMiOjF9\" rel=\"noopener\" target=\"_blank\">Exibir painel<\/a>\t\t\n\t<h2>Pain\u00e9is de dados personalizados<\/h2>\n<p>Precisa de um pacote de dados personalizado ou de um painel de assinatura com informa\u00e7\u00f5es adicionais? Obtenha m\u00e9tricas adicionais, como as ag\u00eancias que receberam mais 211 indica\u00e7\u00f5es em Maryland e muito mais. Al\u00e9m disso, integraremos nossos dados aos pain\u00e9is da sua organiza\u00e7\u00e3o para descobrir insights ainda mais impactantes.<\/p>\n<p><strong>Entre em contato conosco hoje sobre um painel de dados personalizado ou perguntas gerais sobre dados.<\/strong><\/p>","protected":false},"excerpt":{"rendered":"<p>Cada pessoa tem uma hist\u00f3ria Damos vida \u00e0s hist\u00f3rias da sua comunidade com nossos dados. Obtenha insights hist\u00f3ricos e em tempo real para a tomada de decis\u00f5es estrat\u00e9gicas com pain\u00e9is de dados segmentados. Descubra tend\u00eancias demogr\u00e1ficas e geogr\u00e1ficas. Os dados s\u00e3o atualizados semanalmente. Explore nossos dados Contatos Obtenha dados sobre quantos habitantes de Maryland precisam de ajuda em um condado espec\u00edfico ou\u2026<\/p>","protected":false},"author":8,"featured_media":1631,"parent":0,"menu_order":0,"comment_status":"closed","ping_status":"closed","template":"","meta":{"footnotes":""},"class_list":["post-707","page","type-page","status-publish","has-post-thumbnail","hentry"],"_links":{"self":[{"href":"https:\/\/211md.org\/pt\/wp-json\/wp\/v2\/pages\/707","targetHints":{"allow":["GET"]}}],"collection":[{"href":"https:\/\/211md.org\/pt\/wp-json\/wp\/v2\/pages"}],"about":[{"href":"https:\/\/211md.org\/pt\/wp-json\/wp\/v2\/types\/page"}],"author":[{"embeddable":true,"href":"https:\/\/211md.org\/pt\/wp-json\/wp\/v2\/users\/8"}],"replies":[{"embeddable":true,"href":"https:\/\/211md.org\/pt\/wp-json\/wp\/v2\/comments?post=707"}],"version-history":[{"count":0,"href":"https:\/\/211md.org\/pt\/wp-json\/wp\/v2\/pages\/707\/revisions"}],"wp:featuredmedia":[{"embeddable":true,"href":"https:\/\/211md.org\/pt\/wp-json\/wp\/v2\/media\/1631"}],"wp:attachment":[{"href":"https:\/\/211md.org\/pt\/wp-json\/wp\/v2\/media?parent=707"}],"curies":[{"name":"wp","href":"https:\/\/api.w.org\/{rel}","templated":true}]}}