{"id":719,"date":"2021-04-05T21:15:11","date_gmt":"2021-04-05T21:15:11","guid":{"rendered":"https:\/\/211md.org\/?page_id=719"},"modified":"2024-09-19T06:31:43","modified_gmt":"2024-09-19T10:31:43","slug":"carreiras-2","status":"publish","type":"page","link":"https:\/\/211md.org\/pt\/about\/careers\/","title":{"rendered":"Carreiras"},"content":{"rendered":"<h2>Uma carreira que faz a diferen\u00e7a<\/h2>\n<p>211 Maryland \u00e9 uma organiza\u00e7\u00e3o sem fins lucrativos 501(c)(3) em crescimento com uma s\u00e9rie de iniciativas novas e empolgantes. Para se candidatar, envie seu curr\u00edculo e pretens\u00e3o salarial para&nbsp;<a href=\"mailto:info@211md.org\">info@211md.org<\/a>. Sem telefonemas, por favor.<\/p>\n\t<h2>Posi\u00e7\u00f5es Abertas<\/h2>\n<p>Nenhuma posi\u00e7\u00e3o aberta no momento.<\/p>\n\t<h2>Trabalhando na 211 Maryland, Inc<\/h2>\n<p>Acredito que cada um de n\u00f3s deve encontrar significado em nosso trabalho e isso acontece da melhor forma quando voc\u00ea sabe que n\u00e3o \u00e9 apenas trabalho, mas algo que ajuda a melhorar a vida dos outros. Os funcion\u00e1rios da Maryland Information Network, tamb\u00e9m conhecida como 211 Maryland, se esfor\u00e7am para fazer a diferen\u00e7a todos os dias. Ela come\u00e7a com o nosso&nbsp;<strong>Promessa de marca<\/strong>&nbsp;<em>\u201cpara elevar indiv\u00edduos e comunidades, ligando aqueles com necessidades n\u00e3o satisfeitas a recursos essenciais.\u201d<\/em><\/p>\n<p>Como o conector central 24\/7\/365 para servi\u00e7os de sa\u00fade e humanos para o estado, temos uma rede de call centers, que s\u00e3o her\u00f3is apoiando os necessitados. Nossa tecnologia permite que qualquer pessoa se conecte conosco por telefone, texto ou chat. Nossos parceiros comunit\u00e1rios que trabalham conosco tornam poss\u00edvel atender \u00e0s necessidades n\u00e3o atendidas de mais de 400.000 moradores de Maryland a cada ano.<\/p>\n<p>Nossa vis\u00e3o organizacional nos leva a imaginar fazer o imposs\u00edvel e nossa inova\u00e7\u00e3o nos posicionou para sermos l\u00edderes em nosso campo.<\/p>\n<p>A equipe 211 de Maryland \u00e9 muito unida. \u00c0 medida que expandimos nossa equipe, fico entusiasmado com todas as maneiras pelas quais o talento e a experi\u00eancia de um indiv\u00edduo moldam a vida dos habitantes de Maryland e seu crescimento individual e profissional!<\/p>\n<p>\u2013 Quinton Askew, presidente e CEO<\/p>","protected":false},"excerpt":{"rendered":"<p>Uma carreira que faz a diferen\u00e7a 211 Maryland \u00e9 uma organiza\u00e7\u00e3o sem fins lucrativos 501(c)(3) em crescimento com uma s\u00e9rie de iniciativas novas e empolgantes. Para se inscrever, envie seu curr\u00edculo e requisitos salariais para info@211md.org. Sem telefonemas, por favor. Posi\u00e7\u00f5es Abertas N\u00e3o h\u00e1 posi\u00e7\u00f5es abertas neste momento. Trabalhando na 211 Maryland, Inc. Acredito que cada um de n\u00f3s deve encontrar um significado\u2026<\/p>","protected":false},"author":8,"featured_media":1630,"parent":521,"menu_order":0,"comment_status":"closed","ping_status":"closed","template":"","meta":{"footnotes":""},"class_list":["post-719","page","type-page","status-publish","has-post-thumbnail","hentry"],"_links":{"self":[{"href":"https:\/\/211md.org\/pt\/wp-json\/wp\/v2\/pages\/719","targetHints":{"allow":["GET"]}}],"collection":[{"href":"https:\/\/211md.org\/pt\/wp-json\/wp\/v2\/pages"}],"about":[{"href":"https:\/\/211md.org\/pt\/wp-json\/wp\/v2\/types\/page"}],"author":[{"embeddable":true,"href":"https:\/\/211md.org\/pt\/wp-json\/wp\/v2\/users\/8"}],"replies":[{"embeddable":true,"href":"https:\/\/211md.org\/pt\/wp-json\/wp\/v2\/comments?post=719"}],"version-history":[{"count":0,"href":"https:\/\/211md.org\/pt\/wp-json\/wp\/v2\/pages\/719\/revisions"}],"up":[{"embeddable":true,"href":"https:\/\/211md.org\/pt\/wp-json\/wp\/v2\/pages\/521"}],"wp:featuredmedia":[{"embeddable":true,"href":"https:\/\/211md.org\/pt\/wp-json\/wp\/v2\/media\/1630"}],"wp:attachment":[{"href":"https:\/\/211md.org\/pt\/wp-json\/wp\/v2\/media?parent=719"}],"curies":[{"name":"wp","href":"https:\/\/api.w.org\/{rel}","templated":true}]}}