{"id":746,"date":"2021-04-06T12:57:18","date_gmt":"2021-04-06T12:57:18","guid":{"rendered":"https:\/\/211md.org\/?page_id=746"},"modified":"2026-02-20T16:18:13","modified_gmt":"2026-02-20T21:18:13","slug":"comida","status":"publish","type":"page","link":"https:\/\/211md.org\/pt\/resources\/food\/","title":{"rendered":"Maryland&#8217;s Guide to Free Food"},"content":{"rendered":"<figure data-animation-delay=\"0\" data-animation-duration=\"1\" itemscope=\"\" itemtype=\"https:\/\/schema.org\/ImageObject\">\n\t\t\t\t<img decoding=\"async\" src=\"https:\/\/stg-maryland211-staging.kinsta.cloud\/wp-content\/uploads\/2025\/08\/5-1-scaled.png\" alt=\"5\" height=\"692\" width=\"2560\" title=\"5\" onerror=\"this.style.display='none'\" loading=\"lazy\">\n\t<\/figure>\n\t\t<p>O aumento dos custos dos alimentos est\u00e1 afetando os or\u00e7amentos alimentares de fam\u00edlias e indiv\u00edduos, e estamos aqui para ajudar voc\u00ea a aprender sobre programas de assist\u00eancia alimentar.<\/p>\n<p>Start searching for food pantries. Or keep reading for other food programs, including grocery savings, senior, and food assistance programs such as&nbsp;SNAP and WIC.<\/p>\n\t\t\t<a href=\"https:\/\/search.211md.org\/search?query=food+pantry&amp;query_label=food+pantry&amp;query_type=text\" target=\"_self\">\n\t\t\t\t\t\tFind Food Pantries Near You\n\t\t\t\t\t<\/a>\n<figure data-animation-delay=\"0\" data-animation-duration=\"1\" itemscope=\"\" itemtype=\"https:\/\/schema.org\/ImageObject\">\n\t\t\t\t<img decoding=\"async\" src=\"http:\/\/211md.org\/wp-content\/uploads\/2023\/10\/Food-pantry-box-of-food.jpg\" alt=\"Man handing out box of food\" title=\"Caixa de despensa de alimentos\" onerror=\"this.style.display='none'\" loading=\"lazy\">\n\t<\/figure>\n\t<h4>Quickly Find What You Need<\/h4>\n<p><a href=\"#Resources\">despensas<\/a> |&nbsp;Free <a href=\"#hot\">quente<\/a> meal |&nbsp;<a href=\"#grocery\">Grocery savings<\/a> programs | <a href=\"#SNAP\">Comida<\/a> benefit programs |&nbsp;<a href=\"#seniors\">Seniors<\/a> |<\/p>\n<p><a href=\"#summer\">Summer food<\/a> for kids<\/p>\n<figure data-animation-delay=\"0\" data-animation-duration=\"1\" itemscope=\"\" itemtype=\"https:\/\/schema.org\/ImageObject\">\n\t\t\t\t<img decoding=\"async\" src=\"http:\/\/211md.org\/wp-content\/uploads\/2022\/09\/Grassroots-Food-Pantry.jpg\" alt=\"Despensa de alimentos de base em Columbia, MD\" title=\"Despensa de Alimentos de Base\" onerror=\"this.style.display='none'\" loading=\"lazy\">\n\t<\/figure>\n\t<h2>O que as despensas de alimentos fornecem?<\/h2>\n<p>Os bancos de alimentos fornecem assist\u00eancia tempor\u00e1ria, fornecendo alimentos b\u00e1sicos gratuitos como:<\/p>\n<ul>\n<li>comida de beb\u00ea<\/li>\n<li>p\u00e3o<\/li>\n<li>produtos enlatados<\/li>\n<li>cereal<\/li>\n<li>fraldas<\/li>\n<li>f\u00f3rmula infantil<\/li>\n<li>macarr\u00e3o<\/li>\n<li>vegetais<\/li>\n<\/ul>\n<p>Cada despensa tem suas pr\u00f3prias diretrizes de elegibilidade. Pode haver limites na frequ\u00eancia com que os alimentos s\u00e3o disponibilizados a um indiv\u00edduo ou fam\u00edlia. Al\u00e9m disso, podem ser necess\u00e1rios encaminhamentos do Departamento de Servi\u00e7os Sociais. &nbsp;<\/p>\n<h3>How do I find food pantries near me?<\/h3>\n<p>As despensas est\u00e3o localizadas em igrejas, organiza\u00e7\u00f5es e outras organiza\u00e7\u00f5es comunit\u00e1rias.<\/p>\n<p>Our 211 Community Resource Database lists hundreds of local food pantries throughout Maryland, providing information on eligibility, hours, and contact details for further assistance.<\/p>\n\t\t\t<a href=\"https:\/\/search.211md.org\/search?query=food+pantry&amp;query_label=food+pantry&amp;query_type=text\" target=\"_blank\" rel=\"noopener\">\n\t\t\t\t\t\tEncontre uma despensa de alimentos\n\t\t\t\t\t<\/a>\n\t<h3>Baltimore City Produce Boxes<\/h3>\n<p>Baltimore City is also handing out 15-pound fruit and vegetable produce boxes to residents through January.<\/p>\n<p>There are 30 sites throughout Baltimore City, and events are held several days a week. <a href=\"https:\/\/content.govdelivery.com\/attachments\/MDBALT\/2025\/11\/10\/file_attachments\/3456905\/Produce%20Box%20Schedule.pdf\" target=\"_blank\" rel=\"noopener\">Find a nearby location<\/a> and learn about other food programs in the area on <a href=\"https:\/\/211md.org\/pt\/recursos\/comida\/comida-de-baltimore\/\">211&#8217;s Baltimore City Food Guide<\/a>.<\/p>\n<p>&nbsp;<\/p>\n\t<h2>Find Free Food Nearby<\/h2>\n<p>Search the Community Resource Database for nearby organizations that can help with free food and reduced cost groceries. These are common searches to get started. Click the button below that fits the need, and then on the results page, enter a ZIP code to find nearby locations.<\/p>\n\t\t\t<a href=\"https:\/\/search.211md.org\/search?query=BD-1800.2250&amp;query_label=Food+vouchers&amp;query_type=taxonomy&amp;utm_source=211&amp;utm_medium=Referral&amp;utm_campaign=Foodlink&amp;utm_content=Food%20Vouchers\" target=\"_blank\" rel=\"noopener\">\n\t\t\t\t\t\tvale alimenta\u00e7\u00e3o\n\t\t\t\t\t<\/a>\n\t\t\t<a href=\"https:\/\/search.211md.org\/search?query=Food+Banks+%26+Pantries&amp;query_label=Food+Banks+%26+Pantries&amp;query_type=taxonomy\" target=\"_blank\" rel=\"noopener\">\n\t\t\t\t\t\tBanco Alimentar\n\t\t\t\t\t<\/a>\n\t\t\t<a href=\"https:\/\/search.211md.org\/search?query=BD-1800.2250&amp;query_type=taxonomy&amp;query_label=&amp;utm_source=&amp;utm_medium=Referral&amp;utm_campaign=Foodlink&amp;utm_content=Fresh%20Food\" target=\"_blank\" rel=\"noopener\">\n\t\t\t\t\t\tComida fresca\n\t\t\t\t\t<\/a>\n\t\t\t<a href=\"https:\/\/search.211md.org\/search?query=BD-1800.8200-250&amp;query_label=Formula%2FBaby+Food&amp;query_type=taxonomy&amp;utm_source=&amp;utm_medium=Referral&amp;utm_campaign=Foodlink&amp;utm_content=Baby%20Formula\" target=\"_blank\" rel=\"noopener\">\n\t\t\t\t\t\tF\u00f3rmula\/comida para beb\u00ea\n\t\t\t\t\t<\/a>\n\t\t\t<a href=\"https:\/\/search.211md.org\/search?query=BD-2400.2590&amp;query_type=taxonomy&amp;query_label=&amp;utm_source=&amp;utm_medium=Referral&amp;utm_campaign=Foodlink&amp;utm_content=Grocery%20Delivery\" target=\"_blank\" rel=\"noopener\">\n\t\t\t\t\t\tEntrega de compras\n\t\t\t\t\t<\/a>\n<figure itemscope=\"\" itemtype=\"https:\/\/schema.org\/ImageObject\">\n\t\t\t\t<img decoding=\"async\" src=\"https:\/\/211md.org\/wp-content\/uploads\/2025\/10\/Latina-family-cooking.jpg\" alt=\"Latina family making dinner\" height=\"1500\" width=\"2000\" title=\"Cozinha familiar latina\" onerror=\"this.style.display='none'\" loading=\"lazy\">\n\t<\/figure>\n\t\t<h2>Economize dinheiro em compras de supermercado<\/h2>\n\t\t<p>Os moradores de Maryland podem economizar at\u00e9 501 TP3T em compras de supermercado por meio do SHARE Food Network. Assim, o custo \u00e9 de apenas 1 TP4T22 por 1 TP4T45 em alimentos b\u00e1sicos e saud\u00e1veis, como prote\u00ednas, frutas e vegetais frescos.<\/p>\n<h3>O que \u00e9 o SHARE Food Network?<\/h3>\n<p>The&nbsp;SHARE Food Network is a nonprofit organization that offers healthy, nutritious groceries throughout Maryland, courtesy of Catholic Charities, Archdiocese of Washington.<\/p>\n<p>Eles fazem compras de alto volume, repassando economias significativas aos moradores de Maryland.&nbsp;<\/p>\n<h3>Quem se qualifica?<\/h3>\n<p>Este programa est\u00e1 dispon\u00edvel para todos os moradores de Maryland. N\u00e3o \u00e9 necess\u00e1rio fazer inscri\u00e7\u00e3o, mas a SHARE Food Network pede que os clientes comprovem pelo menos duas horas de servi\u00e7o \u00e0 comunidade antes de comprar com este desconto.<\/p>\n<h3>Voc\u00ea pode usar vale-alimenta\u00e7\u00e3o?<\/h3>\n<p>Yes.&nbsp;EBT cards, <strong>que s\u00e3o usados para cupons de alimenta\u00e7\u00e3o,<\/strong> s\u00e3o aceitos para pagar o pacote. &nbsp;<\/p>\n<p>Se voc\u00ea n\u00e3o tiver um cart\u00e3o EBT, <a href=\"https:\/\/211md.org\/pt\/recursos\/comida\/vale-refeicao\/\">verifique se voc\u00ea se qualifica para vale-refei\u00e7\u00e3o<\/a>&nbsp;para ajudar a compensar o custo dos mantimentos.<\/p>\n<h3>Como comprar na SHARE<\/h3>\n<p>Todo m\u00eas, um novo menu \u00e9 lan\u00e7ado, detalhando a caixa daquele m\u00eas.<\/p>\n<p>Orders&nbsp;are due&nbsp;by a specific date&nbsp;each month, and distribution is at a set time.&nbsp;<\/p>\n<p>Find a nearby SHARE site to order food. &nbsp;<\/p>\n\t\t\t<a href=\"https:\/\/www.catholiccharitiesdc.org\/program\/share-food-network\/\" target=\"_blank\" rel=\"noopener\">\n\t\t\t\t\t\tConnect with SHARE\n\t\t\t\t\t<\/a>\n<h2>\n\t\t\tProgramas de Assist\u00eancia Alimentar\t<\/h2>\n\t\t\t\t\t\t\t\t<a href=\"https:\/\/211md.org\/pt\/recursos\/comida\/vale-refeicao\/\" target=\"_self\">\n\t\t\t\t\t\t<\/a>\n\t<h3><a href=\"https:\/\/211md.org\/pt\/recursos\/comida\/vale-refeicao\/\" target=\"_self\">Supplemental Nutrition Assistance Program (SNAP)<\/a><\/h3><p>Formerly known as food stamps, helps low-income families purchase food.<\/p>\n<p>&nbsp;<\/p>\n\t\t\t<a href=\"https:\/\/211md.org\/pt\/recursos\/comida\/vale-refeicao\/\" target=\"_self\">\n\t\t\t\t\t\t\t211&#8217;s guide to snap\n\t\t\t\t\t<\/a>\n\t\t\t\t\t\t\t\t<a href=\"https:\/\/211md.org\/pt\/recursos\/comida\/wic\/\" target=\"_blank\" rel=\"noopener\">\n\t\t\t\t\t\t<\/a>\n\t<h3><a href=\"https:\/\/211md.org\/pt\/recursos\/comida\/wic\/\" target=\"_blank\" rel=\"noopener\">Mulheres, Beb\u00eas e Crian\u00e7as (WIC)<\/a><\/h3><p>Provides nutritional assistance to pregnant women, new mothers who are breastfeeding, and children up to the age of 5.<\/p>\n\t\t\t<a href=\"https:\/\/211md.org\/pt\/recursos\/comida\/wic\/\" target=\"_blank\" rel=\"noopener\">\n\t\t\t\t\t\t\t211&#8217;s Guide to WIC\n\t\t\t\t\t<\/a>\n\t\t\t\t\t\t\t\t<a href=\"https:\/\/dhs.maryland.gov\/sunbucks\/\" target=\"_blank\" rel=\"noopener\">\n\t\t\t\t\t\t<\/a>\n\t<h3><a href=\"https:\/\/dhs.maryland.gov\/sunbucks\/\" target=\"_blank\" rel=\"noopener\">Maryland SUN Bucks (Summer Food)<\/a><\/h3><p>Helps families feed school-aged children who qualify for free or reduced lunches during the summer.<\/p>\n\t\t\t<a href=\"https:\/\/dhs.maryland.gov\/sunbucks\/\" target=\"_blank\" rel=\"noopener\">\n\t\t\t\t\t\t\tLearn about Sun Bucks\n\t\t\t\t\t<\/a>\n<figure data-animation-delay=\"0\" data-animation-duration=\"1\" itemscope=\"\" itemtype=\"https:\/\/schema.org\/ImageObject\">\n\t\t\t\t<img decoding=\"async\" src=\"http:\/\/211md.org\/wp-content\/uploads\/2021\/05\/Food-Line.png\" alt=\"Linha de alimentos para sopa comunit\u00e1ria\" title=\"Linha de Alimentos\" onerror=\"this.style.display='none'\" loading=\"lazy\">\n\t<\/figure>\n\t\t<h2>Refei\u00e7\u00f5es quentes<\/h2>\n\t\t<p>Precisa de uma refei\u00e7\u00e3o quente? Organiza\u00e7\u00f5es comunit\u00e1rias tamb\u00e9m oferecem refei\u00e7\u00f5es gratuitas. Essas refei\u00e7\u00f5es est\u00e3o dispon\u00edveis em cozinhas comunit\u00e1rias e, para idosos, em locais de refei\u00e7\u00f5es coletivas.&nbsp;&nbsp;<\/p>\n<h3>Encontre uma cozinha comunit\u00e1ria<\/h3>\n<p>Os refeit\u00f3rios comunit\u00e1rios oferecem refei\u00e7\u00f5es quentes gratuitas em determinados hor\u00e1rios. Alguns servem refei\u00e7\u00f5es diariamente, enquanto outros servem comida semanalmente ou mensalmente.<\/p>\n<p>Muitas vezes, os indiv\u00edduos podem aparecer e comer sem passar por uma triagem de elegibilidade. <\/p>\n<p>Cozinhas comunit\u00e1rias podem ser realizadas em qualquer lugar da comunidade, mas geralmente s\u00e3o realizadas em igrejas e outros grupos comunit\u00e1rios.&nbsp;<\/p>\n<p>Encontre uma perto de voc\u00ea. Pesquise por CEP no Banco de Dados de Recursos da Comunidade.<\/p>\n\t\t\t<a href=\"https:\/\/search.211md.org\/search?query=BD-5000.8300&amp;query_type=taxonomy&amp;query_label=&amp;utm_source=211&amp;utm_medium=Referral&amp;utm_campaign=Foodlink&amp;utm_content=Soup%20Kitchen\" target=\"_self\">\n\t\t\t\t\t\tEncontre uma cozinha comunit\u00e1ria\n\t\t\t\t\t<\/a>\n\t<h3>Refei\u00e7\u00f5es para idosos<\/h3>\n<p>Centros para idosos e outros centros comunit\u00e1rios podem oferecer refei\u00e7\u00f5es coletivas para idosos que vivem de forma independente, mas precisam de ajuda no preparo das refei\u00e7\u00f5es.<\/p>\n<p>H\u00e1 tamb\u00e9m programas de entrega em domic\u00edlio.<\/p>\n<p>Voc\u00ea pode encontrar ambas as op\u00e7\u00f5es em nosso abrangente banco de dados de recursos.<\/p>\n<p>&nbsp;<\/p>\n\t\t\t<a href=\"https:\/\/search.211md.org\/search?query=BD-5000.1500&amp;query_type=taxonomy&amp;query_label=&amp;utm_source=211&amp;utm_medium=Referral&amp;utm_campaign=Foodlink&amp;utm_content=Senior%20Meals\" target=\"_blank\" rel=\"noopener\">\n\t\t\t\t\t\tLocais de refei\u00e7\u00f5es para idosos\n\t\t\t\t\t<\/a>\n\t\t\t<a href=\"https:\/\/search.211md.org\/search?query=BD-5000.3500&amp;query_type=taxonomy&amp;query_label=&amp;utm_source=211&amp;utm_medium=Referral&amp;utm_campaign=Foodlink&amp;utm_content=Home%20Delivery\" target=\"_blank\" rel=\"noopener\">\n\t\t\t\t\t\tEntrega em domic\u00edlio\n\t\t\t\t\t<\/a>\n<figure data-animation-delay=\"0\" data-animation-duration=\"1\" itemscope=\"\" itemtype=\"https:\/\/schema.org\/ImageObject\">\n\t\t\t\t<img decoding=\"async\" src=\"http:\/\/211md.org\/wp-content\/uploads\/2025\/09\/Senior-meals.jpg\" alt=\"Seniors eating\" title=\"Refei\u00e7\u00f5es para idosos\" onerror=\"this.style.display='none'\" loading=\"lazy\">\n\t<\/figure>\n<p>&nbsp;<\/p>\n<h2>Precisa de algo mais?<\/h2>\n<p>O n\u00famero 211 oferece informa\u00e7\u00f5es e encaminhamentos para outras necessidades essenciais. Saiba mais sobre os programas de assist\u00eancia dispon\u00edveis para moradia, aux\u00edlio-servi\u00e7os, creche, assist\u00eancia m\u00e9dica e muito mais!<\/p>\n<p>&nbsp;<\/p>\n\t\t\t<a href=\"\/pt\/recursos\/utilitario-assistencia\/?utm_source=211&amp;utm_medium=Referral&amp;utm_campaign=Foodlink&amp;utm_content=needsomethingelse\" target=\"_self\">\n\t\t\t\t\t\tobter assist\u00eancia de servi\u00e7os p\u00fablicos\n\t\t\t\t\t<\/a>\n\t\t\t<a href=\"\/pt\/recursos\/casa-abrigo\/?utm_source=211&amp;utm_medium=Referral&amp;utm_campaign=Foodlink&amp;utm_content=needsomethingelse\" target=\"_self\">\n\t\t\t\t\t\tencontrar moradia\n\t\t\t\t\t<\/a>\n\t\t\t<a href=\"\/pt\/recursos\/criancas-familias\/?utm_source=211&amp;utm_medium=Referral&amp;utm_campaign=Foodlink&amp;utm_content=needsomethingelse\" target=\"_self\">\n\t\t\t\t\t\tCreche\n\t\t\t\t\t<\/a>\n\t\t\t<a href=\"\/pt\/recursos-por-condado\/?utm_source=211&amp;utm_medium=Referral&amp;utm_campaign=Foodlink&amp;utm_content=needsomethingelse\" target=\"_self\">\n\t\t\t\t\t\trecursos por condado\n\t\t\t\t\t<\/a>\n\t\t<h2>Refei\u00e7\u00f5es gratuitas na escola<\/h2>\n\t\t<p>As escolas oferecem refei\u00e7\u00f5es gratuitas e com desconto aos alunos por meio do Programa Nacional de Caf\u00e9 da Manh\u00e3 e Almo\u00e7o Escolar. Consulte a escola local da crian\u00e7a para obter os requisitos espec\u00edficos de elegibilidade.<\/p>\n<h3>Locais para refei\u00e7\u00f5es de ver\u00e3o em Maryland<\/h3>\n<p>During the summer or extended school closures,&nbsp;Maryland schools participate in the&nbsp;Summer Food Service Program&nbsp;(SFSP), also known as Summer Meals Program. It&#8217;s a federally funded program administered by the state of Maryland to help serve free, healthy meals during summer break.&nbsp;<\/p>\n<p>Os locais das refei\u00e7\u00f5es de ver\u00e3o podem mudar a cada ano. Os distritos escolares tamb\u00e9m sabem quais organiza\u00e7\u00f5es distribuir\u00e3o as refei\u00e7\u00f5es gratuitas de ver\u00e3o para as crian\u00e7as. <a href=\"https:\/\/mars.msde.maryland.gov\/MARS_SiteSearch\/Home\/Indexna\" target=\"_blank\" rel=\"noopener\">Site de Refei\u00e7\u00f5es em Maryland<\/a> tamb\u00e9m est\u00e1 dispon\u00edvel para encontrar um local.<\/p>\n<p>Al\u00e9m disso, os alunos que recebem refei\u00e7\u00f5es gratuitas ou com desconto durante o ano letivo podem se qualificar para o SUN Bucks.<\/p>\n\t\t\t<a href=\"https:\/\/search.211md.org\/search?query=BD-5000.8500&amp;query_label=Summer+Food+Service+Programs&amp;query_type=taxonomy&amp;utm_source=211&amp;utm_medium=Referral&amp;utm_campaign=Foodlink&amp;utm_content=summermeals\" target=\"_blank\" rel=\"noopener\">\n\t\t\t\t\t\tEncontre programas de refei\u00e7\u00f5es de ver\u00e3o\n\t\t\t\t\t<\/a>\n<figure itemscope=\"\" itemtype=\"https:\/\/schema.org\/ImageObject\">\n\t\t\t\t<img decoding=\"async\" src=\"https:\/\/211md.org\/wp-content\/plugins\/bb-plugin\/img\/pixel.png\" alt=\"\" onerror=\"this.style.display='none'\" loading=\"lazy\">\n\t<\/figure>\n\t\t<figure itemscope=\"\" itemtype=\"https:\/\/schema.org\/ImageObject\">\n\t\t\t\t<img decoding=\"async\" src=\"https:\/\/211md.org\/wp-content\/uploads\/bb-plugin\/cache\/Call-center-specialst-circle-4e9ecd7b3425be4576416abc911049bb-.jpg\" alt=\"Especialista em call center\" title=\"Especialista em call center\" onerror=\"this.style.display='none'\" loading=\"lazy\">\n\t<\/figure>\n<h2>Disque 211<\/h2><p>Converse com uma pessoa atenciosa e compassiva 24 horas por dia, 7 dias por semana. Ela tamb\u00e9m pode conectar voc\u00ea a recursos.&nbsp;<\/p>\n\t\t\t<a href=\"tel:%20+211\" target=\"_blank\" rel=\"noopener\">\n\t\t\t\t\t\tLigue para 211 (celular)\n\t\t\t\t\t<\/a>\n<h2>\n\t\t\tObtenha mais informa\u00e7\u00f5es sobre programas de alimenta\u00e7\u00e3o\t<\/h2>\n\t\t<h4><a href=\"\/pt\/recursos\/envelhecimento-incapacidade\/?utm_source=Home&amp;utm_medium=Referral&amp;utm_campaign=211Resources&amp;utm_content=Aging\" target=\"_self\">Envelhecimento e Defici\u00eancia<\/a><\/h4><figure itemscope=\"\" itemtype=\"https:\/\/schema.org\/ImageObject\">\n\t\t\t\t<a href=\"\/pt\/recursos\/envelhecimento-incapacidade\/?utm_source=Home&amp;utm_medium=Referral&amp;utm_campaign=211Resources&amp;utm_content=Aging\" target=\"_self\" itemprop=\"url\">\n\t\t\t\t<img decoding=\"async\" src=\"https:\/\/211md.org\/wp-content\/uploads\/bb-plugin\/cache\/2025_MdInfoNet_Icon-Sets_Aging-disability-square-c466727102cae71e5f27b8539bb51945-.png\" alt=\"\" onerror=\"this.style.display='none'\" loading=\"lazy\">\n\t\t\t\t<\/a>\n\t<\/figure>\n\t\t<h4><a href=\"\/pt\/recursos\/criancas-familias\/?utm_source=Home&amp;utm_medium=Referral&amp;utm_campaign=211Resources&amp;utm_content=Children\" target=\"_self\">Crian\u00e7as e Fam\u00edlias<\/a><\/h4><figure itemscope=\"\" itemtype=\"https:\/\/schema.org\/ImageObject\">\n\t\t\t\t<a href=\"\/pt\/recursos\/criancas-familias\/?utm_source=Home&amp;utm_medium=Referral&amp;utm_campaign=211Resources&amp;utm_content=Children\" target=\"_self\" itemprop=\"url\">\n\t\t\t\t<img decoding=\"async\" src=\"https:\/\/211md.org\/wp-content\/uploads\/bb-plugin\/cache\/2025_211_Icon-Sets_Child-care-square-f3b0d4edab3dcc467fadb5f55f4064c6-.png\" alt=\"parent and child icon for child care\" height=\"417\" width=\"417\" title=\"2025_211_Conjuntos de \u00edcones_Cuidados infantis\" onerror=\"this.style.display='none'\" loading=\"lazy\">\n\t\t\t\t<\/a>\n\t<\/figure>\n\t\t<h4><a href=\"\/pt\/recursos\/violencia-domestica-familiar\/?utm_source=Home&amp;utm_medium=Referral&amp;utm_campaign=211Resources&amp;utm_content=Domestic\" target=\"_self\">Viol\u00eancia dom\u00e9stica<\/a><\/h4><figure itemscope=\"\" itemtype=\"https:\/\/schema.org\/ImageObject\">\n\t\t\t\t<a href=\"\/pt\/recursos\/violencia-domestica-familiar\/?utm_source=Home&amp;utm_medium=Referral&amp;utm_campaign=211Resources&amp;utm_content=Domestic\" target=\"_self\" itemprop=\"url\">\n\t\t\t\t<img decoding=\"async\" src=\"https:\/\/211md.org\/wp-content\/uploads\/bb-plugin\/cache\/2025_211_Icon-Sets_Domestic-Violence-square-7b597694a6f05fe90cdc376aa573bc63-.png\" alt=\"House with a heart in the middle icon\" height=\"417\" width=\"417\" title=\"2025_211_Conjuntos de \u00edcones_Viol\u00eancia dom\u00e9stica\" onerror=\"this.style.display='none'\" loading=\"lazy\">\n\t\t\t\t<\/a>\n\t<\/figure>\n\t\t<h4><a href=\"\/pt\/recursos\/procura-de-emprego\/?utm_source=Home&amp;utm_medium=Referral&amp;utm_campaign=211Resources&amp;utm_content=Employment\" target=\"_self\">Emprego<\/a><\/h4><figure itemscope=\"\" itemtype=\"https:\/\/schema.org\/ImageObject\">\n\t\t\t\t<a href=\"\/pt\/recursos\/procura-de-emprego\/?utm_source=Home&amp;utm_medium=Referral&amp;utm_campaign=211Resources&amp;utm_content=Employment\" target=\"_self\" itemprop=\"url\">\n\t\t\t\t<img decoding=\"async\" src=\"https:\/\/211md.org\/wp-content\/uploads\/bb-plugin\/cache\/2025_MdInfoNet_Icon-Sets_Employment-square-44707bd410e4df10a470bf130ebcea86-.png\" alt=\"\" onerror=\"this.style.display='none'\" loading=\"lazy\">\n\t\t\t\t<\/a>\n\t<\/figure>\n\t\t<h4><a href=\"\/pt\/recursos\/cuidados-de-saude\/?utm_source=Home&amp;utm_medium=Referral&amp;utm_campaign=211Resources&amp;utm_content=Health%20Care\" target=\"_self\">Cuidados de sa\u00fade<\/a><\/h4><figure itemscope=\"\" itemtype=\"https:\/\/schema.org\/ImageObject\">\n\t\t\t\t<a href=\"\/pt\/recursos\/cuidados-de-saude\/?utm_source=Home&amp;utm_medium=Referral&amp;utm_campaign=211Resources&amp;utm_content=Health%20Care\" target=\"_self\" itemprop=\"url\">\n\t\t\t\t<img decoding=\"async\" src=\"https:\/\/211md.org\/wp-content\/uploads\/bb-plugin\/cache\/2025_MdInfoNet_Icon-Sets_Health-Care-square-dee98a0060cbe0e7f27eda253fc12679-.png\" alt=\"\" onerror=\"this.style.display='none'\" loading=\"lazy\">\n\t\t\t\t<\/a>\n\t<\/figure>\n\t\t<h4><a href=\"\/pt\/recursos\/criancas-familias\/cuidados-de-parentesco\/?utm_source=Home&amp;utm_medium=Referral&amp;utm_campaign=211Resources&amp;utm_content=Kinship\" target=\"_self\">Parentesco<\/a><\/h4><figure itemscope=\"\" itemtype=\"https:\/\/schema.org\/ImageObject\">\n\t\t\t\t<a href=\"\/pt\/recursos\/criancas-familias\/cuidados-de-parentesco\/?utm_source=Home&amp;utm_medium=Referral&amp;utm_campaign=211Resources&amp;utm_content=Kinship\" target=\"_self\" itemprop=\"url\">\n\t\t\t\t<img decoding=\"async\" src=\"https:\/\/211md.org\/wp-content\/uploads\/bb-plugin\/cache\/2025_211_Icon-Sets_Kinship-square-45bdf872866f5735f842c32071109267-.png\" alt=\"\u00cdcone de parentesco\" height=\"417\" width=\"417\" title=\"2025_211_Conjuntos de \u00edcones_Parentesco\" onerror=\"this.style.display='none'\" loading=\"lazy\">\n\t\t\t\t<\/a>\n\t<\/figure>\n\t\t<h4><a href=\"\/pt\/recursos\/servicos-legais\/?utm_source=Home&amp;utm_medium=Referral&amp;utm_campaign=211Resources&amp;utm_content=Legal\" target=\"_self\">Servi\u00e7os legais<\/a><\/h4><figure itemscope=\"\" itemtype=\"https:\/\/schema.org\/ImageObject\">\n\t\t\t\t<a href=\"\/pt\/recursos\/servicos-legais\/?utm_source=Home&amp;utm_medium=Referral&amp;utm_campaign=211Resources&amp;utm_content=Legal\" target=\"_self\" itemprop=\"url\">\n\t\t\t\t<img decoding=\"async\" src=\"https:\/\/211md.org\/wp-content\/uploads\/bb-plugin\/cache\/2025_MdInfoNet_Icon-Sets_Legal-square-18fdf438feb8435588174d9046463257-.png\" alt=\"\" onerror=\"this.style.display='none'\" loading=\"lazy\">\n\t\t\t\t<\/a>\n\t<\/figure>\n\t\t<h4><a href=\"\/pt\/recursos\/saude-mental\/?utm_source=Home&amp;utm_medium=Referral&amp;utm_campaign=211Resources&amp;utm_content=Mental\" target=\"_self\">Sa\u00fade mental<\/a><\/h4><figure itemscope=\"\" itemtype=\"https:\/\/schema.org\/ImageObject\">\n\t\t\t\t<a href=\"\/pt\/recursos\/saude-mental\/?utm_source=Home&amp;utm_medium=Referral&amp;utm_campaign=211Resources&amp;utm_content=Mental\" target=\"_self\" itemprop=\"url\">\n\t\t\t\t<img decoding=\"async\" src=\"https:\/\/211md.org\/wp-content\/uploads\/bb-plugin\/cache\/2025_MdInfoNet_Icon-Sets_Mental-Health-square-c59b38c4a993a947d4c9280fbe2d2fee-.png\" alt=\"\" onerror=\"this.style.display='none'\" loading=\"lazy\">\n\t\t\t\t<\/a>\n\t<\/figure>\n\t\t<h4><a href=\"\/pt\/recursos\/mdreentry\/?utm_source=Home&amp;utm_medium=Referral&amp;utm_campaign=211Resources&amp;utm_content=Reentry\" target=\"_self\">Reentrada<\/a><\/h4><figure itemscope=\"\" itemtype=\"https:\/\/schema.org\/ImageObject\">\n\t\t\t\t<a href=\"\/pt\/recursos\/mdreentry\/?utm_source=Home&amp;utm_medium=Referral&amp;utm_campaign=211Resources&amp;utm_content=Reentry\" target=\"_self\" itemprop=\"url\">\n\t\t\t\t<img decoding=\"async\" src=\"https:\/\/211md.org\/wp-content\/uploads\/bb-plugin\/cache\/2025_211_Icon-Sets_Reentry-square-8676fea38abd920a832f45642fe31cca-.png\" alt=\"\u00cdcone de reentrada\" height=\"417\" width=\"417\" title=\"2025_211_Conjuntos de \u00edcones_Reentrada\" onerror=\"this.style.display='none'\" loading=\"lazy\">\n\t\t\t\t<\/a>\n\t<\/figure>\n\t\t<h4><a href=\"\/pt\/recursos\/uso-de-substancias\/?utm_source=Home&amp;utm_medium=Referral&amp;utm_campaign=211Resources&amp;utm_content=Substance\" target=\"_self\">Uso de subst\u00e2ncias<\/a><\/h4><figure itemscope=\"\" itemtype=\"https:\/\/schema.org\/ImageObject\">\n\t\t\t\t<a href=\"\/pt\/recursos\/uso-de-substancias\/?utm_source=Home&amp;utm_medium=Referral&amp;utm_campaign=211Resources&amp;utm_content=Substance\" target=\"_self\" itemprop=\"url\">\n\t\t\t\t<img decoding=\"async\" src=\"https:\/\/211md.org\/wp-content\/uploads\/bb-plugin\/cache\/2025_MdInfoNet_Icon-Sets_Substance-Abuse-square-4f414f085e657267739c181957754f48-.png\" alt=\"Pills for substance Use icon\" title=\"2025_MdInfoNet_Icon-Sets_Substance-Abuse\" onerror=\"this.style.display='none'\" loading=\"lazy\">\n\t\t\t\t<\/a>\n\t<\/figure>\n\t\t<h4><a href=\"\/pt\/recursos\/veteranos\/?utm_source=Home&amp;utm_medium=Referral&amp;utm_campaign=211Resources&amp;utm_content=Veterans\" target=\"_self\">veteranos<\/a><\/h4><figure itemscope=\"\" itemtype=\"https:\/\/schema.org\/ImageObject\">\n\t\t\t\t<a href=\"\/pt\/recursos\/veteranos\/?utm_source=Home&amp;utm_medium=Referral&amp;utm_campaign=211Resources&amp;utm_content=Veterans\" target=\"_self\" itemprop=\"url\">\n\t\t\t\t<img decoding=\"async\" src=\"https:\/\/211md.org\/wp-content\/uploads\/bb-plugin\/cache\/2025_MdInfoNet_Icon-Sets_Rating-square-6e60d00cce4faa8e0a6d4ad7366aa733-.png\" alt=\"\" onerror=\"this.style.display='none'\" loading=\"lazy\">\n\t\t\t\t<\/a>\n\t<\/figure>","protected":false},"excerpt":{"rendered":"<p>Increasing food costs are stretching food budgets for families and individuals, and we&#8217;re here to help you learn about food assistance programs. Start searching for food pantries. Or keep reading for other food programs, including grocery savings, senior, and food assistance programs such as&nbsp;SNAP and WIC. Find Food Pantries Near You Quickly Find What You&hellip;<\/p>","protected":false},"author":8,"featured_media":3896,"parent":930,"menu_order":0,"comment_status":"closed","ping_status":"closed","template":"","meta":{"footnotes":""},"class_list":["post-746","page","type-page","status-publish","has-post-thumbnail","hentry"],"_links":{"self":[{"href":"https:\/\/211md.org\/pt\/wp-json\/wp\/v2\/pages\/746","targetHints":{"allow":["GET"]}}],"collection":[{"href":"https:\/\/211md.org\/pt\/wp-json\/wp\/v2\/pages"}],"about":[{"href":"https:\/\/211md.org\/pt\/wp-json\/wp\/v2\/types\/page"}],"author":[{"embeddable":true,"href":"https:\/\/211md.org\/pt\/wp-json\/wp\/v2\/users\/8"}],"replies":[{"embeddable":true,"href":"https:\/\/211md.org\/pt\/wp-json\/wp\/v2\/comments?post=746"}],"version-history":[{"count":11,"href":"https:\/\/211md.org\/pt\/wp-json\/wp\/v2\/pages\/746\/revisions"}],"predecessor-version":[{"id":34361,"href":"https:\/\/211md.org\/pt\/wp-json\/wp\/v2\/pages\/746\/revisions\/34361"}],"up":[{"embeddable":true,"href":"https:\/\/211md.org\/pt\/wp-json\/wp\/v2\/pages\/930"}],"wp:featuredmedia":[{"embeddable":true,"href":"https:\/\/211md.org\/pt\/wp-json\/wp\/v2\/media\/3896"}],"wp:attachment":[{"href":"https:\/\/211md.org\/pt\/wp-json\/wp\/v2\/media?parent=746"}],"curies":[{"name":"wp","href":"https:\/\/api.w.org\/{rel}","templated":true}]}}