{"id":750,"date":"2021-04-06T14:10:21","date_gmt":"2021-04-06T14:10:21","guid":{"rendered":"https:\/\/211md.org\/?page_id=750"},"modified":"2025-10-29T07:08:30","modified_gmt":"2025-10-29T11:08:30","slug":"recursos-por-condado","status":"publish","type":"page","link":"https:\/\/211md.org\/pt\/resources-by-county\/","title":{"rendered":"Recursos por condado"},"content":{"rendered":"<h2>Encontre recursos perto de voc\u00ea<\/h2>\n<p>Voc\u00ea precisa de apoio com comida, moradia, assist\u00eancia em servi\u00e7os p\u00fablicos ou sa\u00fade mental? Voc\u00ea n\u00e3o est\u00e1 sozinho.<\/p>\n<p>Selecione o munic\u00edpio onde deseja obter ajuda e mostraremos os principais resultados para que voc\u00ea possa encontrar recursos rapidamente.<\/p>\n\t<!--?xml version=\"1.0\" encoding=\"UTF-8\"?-->","protected":false},"excerpt":{"rendered":"<p>Encontre recursos perto de voc\u00ea. Precisa de apoio com alimenta\u00e7\u00e3o, moradia, aux\u00edlio com servi\u00e7os p\u00fablicos ou sa\u00fade mental? Voc\u00ea n\u00e3o est\u00e1 sozinho. Selecione o condado onde deseja obter ajuda e mostraremos os principais resultados para que voc\u00ea encontre recursos rapidamente.<\/p>","protected":false},"author":8,"featured_media":1635,"parent":0,"menu_order":0,"comment_status":"closed","ping_status":"closed","template":"","meta":{"footnotes":""},"class_list":["post-750","page","type-page","status-publish","has-post-thumbnail","hentry"],"_links":{"self":[{"href":"https:\/\/211md.org\/pt\/wp-json\/wp\/v2\/pages\/750","targetHints":{"allow":["GET"]}}],"collection":[{"href":"https:\/\/211md.org\/pt\/wp-json\/wp\/v2\/pages"}],"about":[{"href":"https:\/\/211md.org\/pt\/wp-json\/wp\/v2\/types\/page"}],"author":[{"embeddable":true,"href":"https:\/\/211md.org\/pt\/wp-json\/wp\/v2\/users\/8"}],"replies":[{"embeddable":true,"href":"https:\/\/211md.org\/pt\/wp-json\/wp\/v2\/comments?post=750"}],"version-history":[{"count":3,"href":"https:\/\/211md.org\/pt\/wp-json\/wp\/v2\/pages\/750\/revisions"}],"predecessor-version":[{"id":34089,"href":"https:\/\/211md.org\/pt\/wp-json\/wp\/v2\/pages\/750\/revisions\/34089"}],"wp:featuredmedia":[{"embeddable":true,"href":"https:\/\/211md.org\/pt\/wp-json\/wp\/v2\/media\/1635"}],"wp:attachment":[{"href":"https:\/\/211md.org\/pt\/wp-json\/wp\/v2\/media?parent=750"}],"curies":[{"name":"wp","href":"https:\/\/api.w.org\/{rel}","templated":true}]}}