{"id":758,"date":"2021-04-06T14:59:28","date_gmt":"2021-04-06T14:59:28","guid":{"rendered":"https:\/\/211md.org\/?page_id=758"},"modified":"2025-07-11T18:05:03","modified_gmt":"2025-07-11T22:05:03","slug":"juntar-nosso-banco-de-dados","status":"publish","type":"page","link":"https:\/\/211md.org\/pt\/partner\/join-our-database\/","title":{"rendered":"Junte-se ao nosso banco de dados"},"content":{"rendered":"<h2>\n\t\t\tAdicione sua ag\u00eancia como um recurso\t<\/h2>\n\t<p>Estamos ansiosos para considerar sua organiza\u00e7\u00e3o como um recurso para conectar os habitantes de Maryland. Inclu\u00edmos ag\u00eancias e organiza\u00e7\u00f5es de servi\u00e7os humanos e de sa\u00fade que atendem os residentes deste estado, independentemente da localiza\u00e7\u00e3o f\u00edsica do prestador de servi\u00e7os. Leia nosso\u00a0<a href=\"\/pt\/politica-de-inclusao\/\">Pol\u00edtica de Inclus\u00e3o<\/a>.<\/p>\n\t\t\t<a href=\"https:\/\/docs.google.com\/forms\/d\/e\/1FAIpQLSdP1V4oqiAOGr2uK9rkCIxzTpexnlyuDmDkqfJ0CjtIbmWV0A\/viewform\" target=\"_blank\" rel=\"noopener\">\n\t\t\t\t\t\t\tEntrar\n\t\t\t\t\t<\/a>\n\t<p>Precisa atualizar sua listagem no banco de dados de recursos? <a href=\"mailto: resources@211md.org\" target=\"_blank\" rel=\"noopener\">Envie-nos um e-mail<\/a>.<\/p>\n<h2>\n\t\t\tComo podemos ajudar sua organiza\u00e7\u00e3o\t<\/h2>\n\t<p>O 211 \u00e9 um recurso para todos \u2013 indiv\u00edduos, assistentes sociais, m\u00e9dicos, enfermeiros, funcion\u00e1rios p\u00fablicos, organiza\u00e7\u00f5es sem fins lucrativos e outras organiza\u00e7\u00f5es. Conectamos os moradores de Maryland com recursos para todas as suas necessidades n\u00e3o atendidas.<\/p>\n\t\t\t\t<img decoding=\"async\" src=\"https:\/\/211md.org\/wp-content\/uploads\/2021\/05\/Image-Pre-Screen-Callers.png\" alt=\"Mulher com cabe\u00e7a definida atendendo uma chamada\" itemprop=\"image\" height=\"211\" width=\"211\" title=\"Chamadores de imagem pr\u00e9-tela\" onerror=\"this.style.display='none'\" loading='lazy' \/>\n<h3>Chamadores de pr\u00e9-triagem<\/h3><p>Apoiamos as organiza\u00e7\u00f5es pr\u00e9-selecionando os habitantes de Maryland e encaminhando apenas aqueles que atendem \u00e0s diretrizes de elegibilidade.<\/p>\n\t\t\t\t<img decoding=\"async\" src=\"https:\/\/211md.org\/wp-content\/uploads\/2021\/05\/Image-Guidance-on-Eligibility-Requirements.png\" alt=\"Mulher trabalhando com um fone de ouvido olhando para a c\u00e2mera\" itemprop=\"image\" height=\"211\" width=\"211\" title=\"Orienta\u00e7\u00e3o de imagem sobre os requisitos de elegibilidade\" onerror=\"this.style.display='none'\" loading='lazy' \/>\n<h3>Orienta\u00e7\u00e3o sobre Requisitos de Elegibilidade<\/h3><p>Orientamos os chamadores sobre os requisitos de elegibilidade, para que tenham toda a documenta\u00e7\u00e3o necess\u00e1ria pronta para solicitar benef\u00edcios ou solicitar assist\u00eancia.<\/p>\n\t\t\t\t<img decoding=\"async\" src=\"https:\/\/211md.org\/wp-content\/uploads\/2021\/05\/Image-Saves-Time-and-Money.png\" alt=\"Mulher trabalhadora olhando para a c\u00e2mera\" itemprop=\"image\" height=\"211\" width=\"211\" title=\"Imagem-economiza tempo e dinheiro\" onerror=\"this.style.display='none'\" loading='lazy' \/>\n<h3>Economiza tempo e dinheiro<\/h3><p>Nossos especialistas em recursos s\u00e3o treinados em informa\u00e7\u00f5es e servi\u00e7os de refer\u00eancia, economizando o tempo de sua organiza\u00e7\u00e3o respondendo a perguntas sobre benef\u00edcios e programa\u00e7\u00e3o.<\/p>\n\t\t\t\t<img decoding=\"async\" src=\"https:\/\/211md.org\/wp-content\/uploads\/2021\/05\/Image-Support-Your-Programs.png\" alt=\"Pessoas de neg\u00f3cios apertando as m\u00e3os\" itemprop=\"image\" height=\"211\" width=\"211\" title=\"Imagem-Apoie Seus Programas\" onerror=\"this.style.display='none'\" loading='lazy' \/>\n<h3>Apoie seus programas<\/h3><p>Como ponto de acesso \u00fanico, podemos ajudar sua organiza\u00e7\u00e3o a se concentrar em atender os clientes, em vez de encontr\u00e1-los.<\/p>","protected":false},"excerpt":{"rendered":"<p>Adicione sua ag\u00eancia como um recurso. Estamos ansiosos para considerar sua organiza\u00e7\u00e3o como um recurso para conectar os moradores de Maryland. Inclu\u00edmos ag\u00eancias e organiza\u00e7\u00f5es de sa\u00fade e servi\u00e7os humanos que atendem residentes deste estado, independentemente da localiza\u00e7\u00e3o f\u00edsica do prestador de servi\u00e7os. Leia nossa Pol\u00edtica de Inclus\u00e3o. Cadastre-se agora. Precisa atualizar seu cadastro no banco de dados de recursos?\u2026<\/p>","protected":false},"author":8,"featured_media":1982,"parent":486,"menu_order":0,"comment_status":"closed","ping_status":"closed","template":"","meta":{"footnotes":""},"class_list":["post-758","page","type-page","status-publish","has-post-thumbnail","hentry"],"_links":{"self":[{"href":"https:\/\/211md.org\/pt\/wp-json\/wp\/v2\/pages\/758","targetHints":{"allow":["GET"]}}],"collection":[{"href":"https:\/\/211md.org\/pt\/wp-json\/wp\/v2\/pages"}],"about":[{"href":"https:\/\/211md.org\/pt\/wp-json\/wp\/v2\/types\/page"}],"author":[{"embeddable":true,"href":"https:\/\/211md.org\/pt\/wp-json\/wp\/v2\/users\/8"}],"replies":[{"embeddable":true,"href":"https:\/\/211md.org\/pt\/wp-json\/wp\/v2\/comments?post=758"}],"version-history":[{"count":3,"href":"https:\/\/211md.org\/pt\/wp-json\/wp\/v2\/pages\/758\/revisions"}],"predecessor-version":[{"id":4917,"href":"https:\/\/211md.org\/pt\/wp-json\/wp\/v2\/pages\/758\/revisions\/4917"}],"up":[{"embeddable":true,"href":"https:\/\/211md.org\/pt\/wp-json\/wp\/v2\/pages\/486"}],"wp:featuredmedia":[{"embeddable":true,"href":"https:\/\/211md.org\/pt\/wp-json\/wp\/v2\/media\/1982"}],"wp:attachment":[{"href":"https:\/\/211md.org\/pt\/wp-json\/wp\/v2\/media?parent=758"}],"curies":[{"name":"wp","href":"https:\/\/api.w.org\/{rel}","templated":true}]}}