{"id":813,"date":"2021-04-07T18:54:23","date_gmt":"2021-04-07T18:54:23","guid":{"rendered":"https:\/\/211md.org\/?page_id=813"},"modified":"2024-05-02T13:40:17","modified_gmt":"2024-05-02T17:40:17","slug":"redacao","status":"publish","type":"page","link":"https:\/\/211md.org\/pt\/newsroom\/","title":{"rendered":"Reda\u00e7\u00e3o"},"content":{"rendered":"<h2>\n\t\tHistorias destacadas\n\t<\/h2>\n<h2>\n\t\t211 Not\u00edcias de Maryland\n\t<\/h2>\n\t\t\t<a href=\"\/pt\/redacao\/211-maryland-news\/\" target=\"_self\" rel=\"noopener\">\n\t\t\t\t\t\t\tVer todas as not\u00edcias\n\t\t\t\t\t<\/a>\n<h3>\n\t\tCategorias\n\t<\/h3>\n\t\t<h2>ENTRAR EM CONTATO<\/h2>\n\t\t<p>Entre em contato conosco para agendar uma entrevista ou obter dados relacionados \u00e0s chamadas 211 Maryland e plataforma de mensagens de texto sob demanda:\u00a0<a href=\"mailto:media@211md.org\">media@211md.org<\/a><\/p>\n\t\t\t<a href=\"mailto:media@211md.org\" target=\"_self\" rel=\"noopener\">\n\t\t\t\t\t\t\tEnvia-nos um email\n\t\t\t\t\t<\/a>\n\t\t\t\t<img loading=\"lazy\" decoding=\"async\" src=\"https:\/\/211md.org\/wp-content\/uploads\/2021\/04\/Data-1.png\" alt=\"Mulher trabalhando em seu computador olhando gr\u00e1ficos\" itemprop=\"image\" height=\"348\" width=\"460\" title=\"Dados-1\" onerror=\"this.style.display='none'\"  \/>\n\t<h2><strong>Deixe os n\u00fameros contarem a hist\u00f3ria<\/strong><\/h2>\n<p>211 As conex\u00f5es cont\u00ednuas de Maryland informam a comunidade sobre as tend\u00eancias de sa\u00fade e servi\u00e7os humanos. Acesse milhares de hist\u00f3rias sobre as necessidades coletivas e fundamentais em sua \u00e1rea de cobertura por meio do conjunto de dados de necessidades n\u00e3o atendidas mais abrangente do estado. Conte a hist\u00f3ria da sua comunidade hoje!<\/p>\n\t<h2><strong>211 kit de ferramentas de Maryland<\/strong><\/h2>\n<p>Baixe materiais do kit de ferramentas, como cart\u00f5es de divulga\u00e7\u00e3o, gr\u00e1ficos de m\u00eddia social e fichas informativas sobre 211 e seus programas. Use os downloads digitais ou solicite materiais prontos para impress\u00e3o.<\/p>\n\t\t\t\t<img loading=\"lazy\" decoding=\"async\" src=\"https:\/\/211md.org\/wp-content\/uploads\/2021\/05\/Top-View-Postcard-Mockup-scaled.jpg\" alt=\"211 cart\u00f5es Maryland Outreach\" itemprop=\"image\" height=\"1707\" width=\"2560\" title=\"Modelo de cart\u00e3o postal com vista superior\" onerror=\"this.style.display='none'\"  \/>","protected":false},"excerpt":{"rendered":"<p>Hist\u00f3rias em destaque 211 Maryland News Ver todas as categorias de not\u00edcias ENTRE EM CONTATO Entre em contato conosco para agendar uma entrevista ou obter dados relacionados \u00e0s liga\u00e7\u00f5es para 211 Maryland e plataforma de mensagens de texto sob demanda: media@211md.org Envie-nos um e-mail Deixe os n\u00fameros contarem a hist\u00f3ria 211 Maryland&#039;s Continuous conex\u00f5es informam a comunidade sobre tend\u00eancias de sa\u00fade e servi\u00e7os humanos. Acesse milhares de\u2026<\/p>","protected":false},"author":8,"featured_media":1874,"parent":0,"menu_order":0,"comment_status":"closed","ping_status":"closed","template":"","meta":{"footnotes":""},"class_list":["post-813","page","type-page","status-publish","has-post-thumbnail","hentry"],"_links":{"self":[{"href":"https:\/\/211md.org\/pt\/wp-json\/wp\/v2\/pages\/813","targetHints":{"allow":["GET"]}}],"collection":[{"href":"https:\/\/211md.org\/pt\/wp-json\/wp\/v2\/pages"}],"about":[{"href":"https:\/\/211md.org\/pt\/wp-json\/wp\/v2\/types\/page"}],"author":[{"embeddable":true,"href":"https:\/\/211md.org\/pt\/wp-json\/wp\/v2\/users\/8"}],"replies":[{"embeddable":true,"href":"https:\/\/211md.org\/pt\/wp-json\/wp\/v2\/comments?post=813"}],"version-history":[{"count":0,"href":"https:\/\/211md.org\/pt\/wp-json\/wp\/v2\/pages\/813\/revisions"}],"wp:featuredmedia":[{"embeddable":true,"href":"https:\/\/211md.org\/pt\/wp-json\/wp\/v2\/media\/1874"}],"wp:attachment":[{"href":"https:\/\/211md.org\/pt\/wp-json\/wp\/v2\/media?parent=813"}],"curies":[{"name":"wp","href":"https:\/\/api.w.org\/{rel}","templated":true}]}}