{"id":836,"date":"2021-04-08T19:38:57","date_gmt":"2021-04-08T19:38:57","guid":{"rendered":"https:\/\/211md.org\/?page_id=836"},"modified":"2025-12-01T14:22:37","modified_gmt":"2025-12-01T19:22:37","slug":"saude-mental","status":"publish","type":"page","link":"https:\/\/211md.org\/pt\/resources\/mental-health\/","title":{"rendered":"Encontre apoio de sa\u00fade mental em Maryland"},"content":{"rendered":"<img decoding=\"async\" src=\"https:\/\/stg-maryland211-staging.kinsta.cloud\/wp-content\/uploads\/2025\/08\/5-1-scaled.png\" alt=\"5\" itemprop=\"image\" height=\"692\" width=\"2560\" title=\"5\" onerror=\"this.style.display='none'\" loading=\"lazy\" \/>\n\t\t<p>H\u00e1 ajuda dispon\u00edvel para qualquer pessoa que esteja sofrendo de ansiedade, depress\u00e3o, pensamentos suicidas, sobrecarga, estresse ou outros problemas de sa\u00fade mental. Voc\u00ea n\u00e3o est\u00e1 sozinho!<\/p>\n<p>Ligue para 988 para receber ajuda imediata.<\/p>\n<p>Tamb\u00e9m h\u00e1 recursos confidenciais dispon\u00edveis para dar suporte \u00e0 sa\u00fade mental de adolescentes e adultos.<\/p>\n\t\t\t<a href=\"#start\" target=\"_self\">\n\t\t\t\t\t\tCome\u00e7ar\n\t\t\t\t\t<\/a>\n\t\t\t\t<img decoding=\"async\" src=\"https:\/\/211md.org\/wp-content\/plugins\/bb-plugin\/img\/pixel.png\" alt=\"\" itemprop=\"image\" onerror=\"this.style.display='none'\" loading=\"lazy\" \/>\n\t\t\t\t<img decoding=\"async\" src=\"https:\/\/stg-maryland211-staging.kinsta.cloud\/wp-content\/uploads\/2025\/08\/16.png\" alt=\"16\" itemprop=\"image\" height=\"1000\" width=\"1000\" title=\"16\" onerror=\"this.style.display='none'\" loading=\"lazy\" \/>\n\t\t\t\t<img decoding=\"async\" src=\"http:\/\/211md.org\/wp-content\/uploads\/2025\/10\/Thoughtful-man-sitting-on-park-bench.jpg\" alt=\"Homem pensativo sentado no banco do parque\" itemprop=\"image\" title=\"Homem pensativo sentado no banco do parque\" onerror=\"this.style.display='none'\" loading=\"lazy\" \/>\n\t<h3>O que acontece quando voc\u00ea liga para o 988 em Maryland<\/h3>\n<p>Se voc\u00ea conhece algu\u00e9m que est\u00e1 pensando em suic\u00eddio, n\u00e3o o deixe sozinho.<\/p>\n<p>Tente fazer com que seu ente querido procure ajuda imediata ligando para 988.<\/p>\n<p>Especialistas treinados profissionalmente est\u00e3o dispon\u00edveis 24\/7\/365 para ouvir e conversar.<\/p>\n<p>211 especialistas da Baltimore Crisis Response atendem algumas dessas chamadas.<\/p>\n<p>Elijah McBride \u00e9 o gerente do Call Center e falou sobre as maneiras pelas quais eles podem ajudar as pessoas no \u201c<a href=\"https:\/\/211md.org\/pt\/podcast\/baltimore-city-mental-health\/\" target=\"_blank\" rel=\"noopener\">Qual \u00e9 o 211? podcast<\/a>.<\/p>\n<blockquote><p>\u201cEnt\u00e3o, quando algu\u00e9m ligar, ser\u00e1 conectado diretamente com um conselheiro de linha direta treinado. Esse conselheiro da linha direta fornecer-lhes-\u00e1 informa\u00e7\u00f5es adequadas e precisas, ouvi-los-\u00e1 e realmente debater\u00e1 poss\u00edveis op\u00e7\u00f5es e solu\u00e7\u00f5es para a crise ou problema espec\u00edfico que apresentam por telefone\u201d, explicou McBride.<\/p><\/blockquote>\n<p>Converse on-line com um profissional de sa\u00fade mental ou ligue ou envie uma mensagem de texto para 988.<\/p>\n\t\t\t<a href=\"https:\/\/988lifeline.org\/chat\/\" target=\"_blank\" rel=\"noopener\">\n\t\t\t\t\t\t\tBate-papo com 988 (ingl\u00eas)\n\t\t\t\t\t<\/a>\n\t\t\t<a href=\"https:\/\/988lifeline.org\/es\/home\/\" target=\"_blank\" rel=\"noopener\">\n\t\t\t\t\t\t\tBate-papo com 988 (espanhol)\n\t\t\t\t\t<\/a>\n\t\t\t\t<a href=\"https:\/\/search.988.mdinfonet.org\/\" target=\"_blank\" rel=\"noopener\" itemprop=\"url\">\n\t\t\t\t<img decoding=\"async\" src=\"https:\/\/stg-maryland211-staging.kinsta.cloud\/wp-content\/uploads\/2025\/08\/2025_MdInfoNet_Icon-Sets-white_Locate.png\" alt=\"\" itemprop=\"image\" onerror=\"this.style.display='none'\" loading=\"lazy\" \/>\n\t\t\t\t<\/a>\n<h2><a href=\"https:\/\/search.988.mdinfonet.org\/\" target=\"_blank\" rel=\"noopener\">Encontre recursos de sa\u00fade mental agora<\/a><\/h2><p>Encontre suporte de sa\u00fade comportamental perto de voc\u00ea pesquisando no banco de dados 988, fornecido pela Maryland Information Network e 211.<\/p>\n<p>Digite seu CEP e use os filtros para restringir os resultados.<\/p>\n\t\t\t<a href=\"https:\/\/search.988.mdinfonet.org\/\" target=\"_blank\" rel=\"noopener\">\n\t\t\t\t\t\t\tProcure agora\n\t\t\t<\/a>\n\t\t\t\t<img decoding=\"async\" src=\"http:\/\/211md.org\/wp-content\/uploads\/2025\/10\/Adult-texting.jpg\" alt=\"Mensagens de texto adultas\" itemprop=\"image\" title=\"Mensagens de texto adultas\" onerror=\"this.style.display='none'\" loading=\"lazy\" \/>\n\t<h3>211 Programas de Mensagens de Texto<\/h3>\n<p>Oferecemos dois programas de mensagens de texto informativas e motivacionais. Receba mensagens de texto com dicas pr\u00e1ticas e ferramentas para melhorar o bem-estar mental.<\/p>\n<p>Elas s\u00e3o gratuitas e confidenciais.<\/p>\n<p>H\u00e1 dois programas, um para adultos em ingl\u00eas e espanhol e um programa de texto em ingl\u00eas para adolescentes.<\/p>\n<h3>MDMindHealth\/MDSaludMental (Adultos)<\/h3>\n<p>Adultos podem se inscrever no MDMindHealth (ingl\u00eas) ou no MDSaludMental (espanhol).<\/p>\n<p>No celular, clique na palavra-chave para abrir mensagens de texto.<\/p>\n<p>Caso contr\u00e1rio, envie a palavra-chave por mensagem de texto para 898-211.<\/p>\n<p>Ingl\u00eas: Texto\u00a0<strong>MDMindHealth<\/strong>\u00a0para 898-211<\/p>\n<p>Espanhol: Texto\u00a0<strong>MDSaludMental\u00a0<\/strong>para 898-211<\/p>\n<p>&nbsp;<\/p>\n\t\t\t<a href=\"sms:\/\/898-211;?&#038;body=MDMINDHEALTH\" target=\"_blank\" rel=\"noopener\">\n\t\t\t\t\t\tTexto mdmindhealth\n\t\t\t\t\t<\/a>\n\t\t\t<a href=\"sms:\/\/898-211;?&#038;body=MDSALUDMENTAL\" target=\"_blank\" rel=\"noopener\">\n\t\t\t\t\t\tTexto MdSaludMental\n\t\t\t\t\t<\/a>\n\t<p><em>211 Maryland oferece programas de alerta de mensagem de texto que fornecem informa\u00e7\u00f5es de recursos espec\u00edficos da regi\u00e3o ou fornecem alertas de desastres. Taxas de mensagem e dados podem ser aplicadas e a frequ\u00eancia da mensagem pode variar. Para obter ajuda, envie HELP. Para cancelar, envie STOP para o mesmo n\u00famero. Termos completos de SMS em\u00a0<a href=\"https:\/\/211md.org\/pt\/sms\/\">https:\/\/211md.org\/sms\/<\/a>\u00a0tamb\u00e9m se aplicar\u00e1.<\/em><\/p>\n\t\t<h3>MDYoungMinds (adolescentes)<\/h3>\n<p>Os adolescentes podem receber mensagens de texto informativas focadas em preocupa\u00e7\u00f5es adolescentes da MDYoungMinds.<\/p>\n<p>No celular, clique na palavra-chave para abrir mensagens de texto. Caso contr\u00e1rio, envie a palavra-chave para o n\u00famero de telefone.<\/p>\n<p>Adolescentes: Texto<strong>\u00a0MDYoungMinds\u00a0<\/strong>para 898-211<\/p>\n\t\t\t<a href=\"tel:+211sms:\/\/898-211;?&#038;body=MDYOUNGMINDS\" target=\"_blank\" rel=\"noopener\">\n\t\t\t\t\t\tTexto MdYoungMinds\n\t\t\t\t\t<\/a>\n\t\t\t\t<img decoding=\"async\" src=\"http:\/\/211md.org\/wp-content\/uploads\/2025\/10\/Teen-texting.jpg\" alt=\"mensagens de texto para adolescentes\" itemprop=\"image\" title=\"Adolescentes enviando mensagens de texto\" onerror=\"this.style.display='none'\" loading=\"lazy\" \/>\n\t<h2>Como a sa\u00fade mental nos afeta<\/h2>\n<p>A sa\u00fade mental afeta a maneira como voc\u00ea pensa, sente e age. Determina como voc\u00ea se relaciona com os outros, faz escolhas e lida com o estresse, de acordo com o <a href=\"https:\/\/www.samhsa.gov\/mental-health\" target=\"_blank\" rel=\"noopener\">Administra\u00e7\u00e3o de Servi\u00e7os de Abuso de Subst\u00e2ncias e Sa\u00fade Mental<\/a> (SAMHSA).<\/p>\n<p>\u00c9 t\u00e3o importante quanto sua sa\u00fade f\u00edsica. <a href=\"https:\/\/211md.org\/pt\/recursos\/saude-mental\/depressao\/\">Depress\u00e3o<\/a> pode at\u00e9 aumentar os riscos de alguns problemas de sa\u00fade f\u00edsica.<\/p>\n<p>Se voc\u00ea estiver com dificuldades, pe\u00e7a ajuda. \u00c9 um sinal de for\u00e7a. Estamos aqui quando voc\u00ea mais precisa de n\u00f3s.<\/p>\n<p>Ligue para 2-1-1 e entraremos em contato com voc\u00ea para obter suporte.<\/p>\n\t\t\t\t<img decoding=\"async\" src=\"http:\/\/211md.org\/wp-content\/uploads\/2023\/04\/Woman-in-wheelchair-getting-mental-health-support.jpg\" alt=\"Mulher em cadeira de rodas recebendo apoio de sa\u00fade mental\" itemprop=\"image\" title=\"Mulher em cadeira de rodas recebendo apoio de sa\u00fade mental\" onerror=\"this.style.display='none'\" loading=\"lazy\" \/>\n\t<h2>Como encontrar um provedor de sa\u00fade mental<\/h2>\n<p>Encontrar um profissional de sa\u00fade mental pode levar tempo. Sobre <a href=\"https:\/\/211md.org\/pt\/blog\/categoria\/podcasts\/\">Qual \u00e9 o 211? podcast<\/a> e a S\u00e9rie Minorias e Sa\u00fade Mental no 92Q, conversamos com especialistas em sa\u00fade comportamental sobre os tempos de espera e a dificuldade de encontrar algu\u00e9m em quem voc\u00ea confia, especialmente para a comunidade negra.<\/p>\n<p>Podem ser necess\u00e1rios alguns fornecedores antes de voc\u00ea encontrar o ajuste certo. Mas n\u00e3o atrase o tratamento. Inicie a conversa com um terapeuta dispon\u00edvel o mais r\u00e1pido poss\u00edvel.<\/p>\n<p>Ao encontrar o terapeuta certo para voc\u00ea, pergunte sobre:<\/p>\n<ul>\n<li>tipos de terapia que eles oferecem<\/li>\n<li>op\u00e7\u00f5es de tratamento<\/li>\n<li>M\u00e9todos de Pagamento<\/li>\n<\/ul>\n<p>&nbsp;<\/p>\n\t<p>Voc\u00ea quer um terapeuta com quem possa ter uma conversa honesta e aberta. Pode levar algumas tentativas antes de encontrar aquele com quem voc\u00ea se conecta e confia. Se sua primeira escolha n\u00e3o estiver dispon\u00edvel, inicie a conversa com um terapeuta que tenha vagas. \u00c9 um ponto de partida. A ajuda \u00e0 sa\u00fade mental \u00e9 um processo.<\/p>\n<p><a href=\"https:\/\/211md.org\/pt\/blog\/sentimentos-de-saude-mental\/\">A terapia pode ajud\u00e1-lo a se sentir validado<\/a> e coloque em palavras o que voc\u00ea est\u00e1 sentindo.<\/p>\n<p>Definir <a href=\"https:\/\/211md.org\/pt\/blog\/metas-de-saude-mental\/\" target=\"_blank\" rel=\"noopener\">metas de sa\u00fade mental<\/a> que funcionam para voc\u00ea. Lembre-se, \u00e9 ok n\u00e3o estar ok.<\/p>\n\t\t\t\t<a href=\"https:\/\/search.988.mdinfonet.org\/\" target=\"_blank\" rel=\"noopener\" itemprop=\"url\">\n\t\t\t\t<img decoding=\"async\" src=\"https:\/\/stg-maryland211-staging.kinsta.cloud\/wp-content\/uploads\/2025\/08\/2025_MdInfoNet_Icon-Sets-white_Locate.png\" alt=\"\" itemprop=\"image\" onerror=\"this.style.display='none'\" loading=\"lazy\" \/>\n\t\t\t\t<\/a>\n<h2><a href=\"https:\/\/search.988.mdinfonet.org\/\" target=\"_blank\" rel=\"noopener\">Pesquisar por provedores de sa\u00fade mental<\/a><\/h2><p>Conecte-se com provedores perto de voc\u00ea. Pesquise no banco de dados 988, alimentado pela Maryland Information Network e 211.<\/p>\n\t\t\t<a href=\"https:\/\/search.988.mdinfonet.org\/\" target=\"_blank\" rel=\"noopener\">\n\t\t\t\t\t\t\tProcure agora\n\t\t\t<\/a>\n<h2>\n\t\t\tInforma\u00e7\u00f5es adicionais sobre sa\u00fade mental\t<\/h2>\n\t<h3>211 Podcasts<\/h3>\n<p>Continue aprendendo sobre o suporte de sa\u00fade mental da comunidade com estes 211 recursos de sa\u00fade mental, incluindo podcasts e uma discuss\u00e3o comunit\u00e1ria sobre sa\u00fade mental masculina.<\/p>\n\t<h2>Precisa conversar?\u00a0<\/h2>\n<p>&nbsp;<\/p>\n\t<h2>Ligue ou envie uma mensagem de texto para 988<\/h2>\n\t\t\t<a href=\"https:\/\/988lifeline.org\/chat\/\" target=\"_blank\" rel=\"noopener\">\n\t\t\t\t\t\t\tConverse agora (ingl\u00eas)\n\t\t\t\t\t<\/a>\n\t\t\t<a href=\"https:\/\/988lifeline.org\/es\/chat\/\" target=\"_blank\" rel=\"noopener\">\n\t\t\t\t\t\t\tChatea Ahora (Espanhol)\n\t\t\t\t\t<\/a>\n\t<p>Qualquer pessoa que precise de assist\u00eancia com sa\u00fade mental ou necessidades relacionadas ao uso de subst\u00e2ncias pode ligar para 988. <a href=\"https:\/\/health.maryland.gov\/bha\/Pages\/988md.aspx\" target=\"_blank\" rel=\"noopener\">Saiba mais sobre 988 em Maryland<\/a>.<\/p>\n\t\t<h4><a href=\"\/pt\/recursos\/envelhecimento-incapacidade\/?utm_source=Home&#038;utm_medium=Referral&#038;utm_campaign=211Resources&#038;utm_content=Aging\" target=\"_self\">Envelhecimento e Defici\u00eancia<\/a><\/h4>\n\t\t\t\t<a href=\"\/pt\/recursos\/envelhecimento-incapacidade\/?utm_source=Home&#038;utm_medium=Referral&#038;utm_campaign=211Resources&#038;utm_content=Aging\"  target=\"_self\" itemprop=\"url\">\n\t\t\t\t<img decoding=\"async\" src=\"https:\/\/211md.org\/wp-content\/uploads\/bb-plugin\/cache\/2025_MdInfoNet_Icon-Sets_Aging-disability-square-c466727102cae71e5f27b8539bb51945-.png\" alt=\"\" itemprop=\"image\" onerror=\"this.style.display='none'\" loading=\"lazy\" \/>\n\t\t\t\t<\/a>\n\t\t<h4><a href=\"\/pt\/recursos\/criancas-familias\/?utm_source=Home&#038;utm_medium=Referral&#038;utm_campaign=211Resources&#038;utm_content=Children\" target=\"_self\">Crian\u00e7as e Fam\u00edlias<\/a><\/h4>\n\t\t\t\t<a href=\"\/pt\/recursos\/criancas-familias\/?utm_source=Home&#038;utm_medium=Referral&#038;utm_campaign=211Resources&#038;utm_content=Children\"  target=\"_self\" itemprop=\"url\">\n\t\t\t\t<img decoding=\"async\" src=\"https:\/\/211md.org\/wp-content\/uploads\/bb-plugin\/cache\/2025_211_Icon-Sets_Child-care-square-f3b0d4edab3dcc467fadb5f55f4064c6-.png\" alt=\"parent and child icon for child care\" itemprop=\"image\" height=\"417\" width=\"417\" title=\"2025_211_Conjuntos de \u00edcones_Cuidados infantis\" onerror=\"this.style.display='none'\" loading=\"lazy\" \/>\n\t\t\t\t<\/a>\n\t\t<h4><a href=\"\/pt\/recursos\/violencia-domestica-familiar\/?utm_source=Home&#038;utm_medium=Referral&#038;utm_campaign=211Resources&#038;utm_content=Domestic\" target=\"_self\">Viol\u00eancia dom\u00e9stica<\/a><\/h4>\n\t\t\t\t<a href=\"\/pt\/recursos\/violencia-domestica-familiar\/?utm_source=Home&#038;utm_medium=Referral&#038;utm_campaign=211Resources&#038;utm_content=Domestic\"  target=\"_self\" itemprop=\"url\">\n\t\t\t\t<img decoding=\"async\" src=\"https:\/\/211md.org\/wp-content\/uploads\/bb-plugin\/cache\/2025_211_Icon-Sets_Domestic-Violence-square-7b597694a6f05fe90cdc376aa573bc63-.png\" alt=\"\u00cdcone de viol\u00eancia dom\u00e9stica\" itemprop=\"image\" height=\"417\" width=\"417\" title=\"2025_211_Conjuntos de \u00edcones_Viol\u00eancia dom\u00e9stica\" onerror=\"this.style.display='none'\" loading=\"lazy\" \/>\n\t\t\t\t<\/a>\n\t\t<h4><a href=\"\/pt\/recursos\/procura-de-emprego\/?utm_source=Home&#038;utm_medium=Referral&#038;utm_campaign=211Resources&#038;utm_content=Employment\" target=\"_self\">Emprego<\/a><\/h4>\n\t\t\t\t<a href=\"\/pt\/recursos\/procura-de-emprego\/?utm_source=Home&#038;utm_medium=Referral&#038;utm_campaign=211Resources&#038;utm_content=Employment\"  target=\"_self\" itemprop=\"url\">\n\t\t\t\t<img decoding=\"async\" src=\"https:\/\/211md.org\/wp-content\/uploads\/bb-plugin\/cache\/2025_MdInfoNet_Icon-Sets_Employment-square-44707bd410e4df10a470bf130ebcea86-.png\" alt=\"\" itemprop=\"image\" onerror=\"this.style.display='none'\" loading=\"lazy\" \/>\n\t\t\t\t<\/a>\n\t\t<h4><a href=\"\/pt\/recursos\/cuidados-de-saude\/?utm_source=Home&#038;utm_medium=Referral&#038;utm_campaign=211Resources&#038;utm_content=Health%20Care\" target=\"_self\">Cuidados de sa\u00fade<\/a><\/h4>\n\t\t\t\t<a href=\"\/pt\/recursos\/cuidados-de-saude\/?utm_source=Home&#038;utm_medium=Referral&#038;utm_campaign=211Resources&#038;utm_content=Health%20Care\"  target=\"_self\" itemprop=\"url\">\n\t\t\t\t<img decoding=\"async\" src=\"https:\/\/211md.org\/wp-content\/uploads\/bb-plugin\/cache\/2025_MdInfoNet_Icon-Sets_Health-Care-square-dee98a0060cbe0e7f27eda253fc12679-.png\" alt=\"\" itemprop=\"image\" onerror=\"this.style.display='none'\" loading=\"lazy\" \/>\n\t\t\t\t<\/a>\n\t\t<h4><a href=\"\/pt\/recursos\/criancas-familias\/cuidados-de-parentesco\/?utm_source=Home&#038;utm_medium=Referral&#038;utm_campaign=211Resources&#038;utm_content=Kinship\" target=\"_self\">Parentesco<\/a><\/h4>\n\t\t\t\t<a href=\"\/pt\/recursos\/criancas-familias\/cuidados-de-parentesco\/?utm_source=Home&#038;utm_medium=Referral&#038;utm_campaign=211Resources&#038;utm_content=Kinship\"  target=\"_self\" itemprop=\"url\">\n\t\t\t\t<img decoding=\"async\" src=\"https:\/\/211md.org\/wp-content\/uploads\/bb-plugin\/cache\/2025_211_Icon-Sets_Kinship-square-45bdf872866f5735f842c32071109267-.png\" alt=\"\u00cdcone de parentesco\" itemprop=\"image\" height=\"417\" width=\"417\" title=\"2025_211_Conjuntos de \u00edcones_Parentesco\" onerror=\"this.style.display='none'\" loading=\"lazy\" \/>\n\t\t\t\t<\/a>\n\t\t<h4><a href=\"\/pt\/recursos\/servicos-legais\/?utm_source=Home&#038;utm_medium=Referral&#038;utm_campaign=211Resources&#038;utm_content=Legal\" target=\"_self\">Servi\u00e7os legais<\/a><\/h4>\n\t\t\t\t<a href=\"\/pt\/recursos\/servicos-legais\/?utm_source=Home&#038;utm_medium=Referral&#038;utm_campaign=211Resources&#038;utm_content=Legal\"  target=\"_self\" itemprop=\"url\">\n\t\t\t\t<img decoding=\"async\" src=\"https:\/\/211md.org\/wp-content\/uploads\/bb-plugin\/cache\/2025_MdInfoNet_Icon-Sets_Legal-square-18fdf438feb8435588174d9046463257-.png\" alt=\"\" itemprop=\"image\" onerror=\"this.style.display='none'\" loading=\"lazy\" \/>\n\t\t\t\t<\/a>\n\t\t<h4><a href=\"\/pt\/recursos\/saude-mental\/?utm_source=Home&#038;utm_medium=Referral&#038;utm_campaign=211Resources&#038;utm_content=Mental\" target=\"_self\">Sa\u00fade mental<\/a><\/h4>\n\t\t\t\t<a href=\"\/pt\/recursos\/saude-mental\/?utm_source=Home&#038;utm_medium=Referral&#038;utm_campaign=211Resources&#038;utm_content=Mental\"  target=\"_self\" itemprop=\"url\">\n\t\t\t\t<img decoding=\"async\" src=\"https:\/\/211md.org\/wp-content\/uploads\/bb-plugin\/cache\/2025_MdInfoNet_Icon-Sets_Mental-Health-square-c59b38c4a993a947d4c9280fbe2d2fee-.png\" alt=\"\" itemprop=\"image\" onerror=\"this.style.display='none'\" loading=\"lazy\" \/>\n\t\t\t\t<\/a>\n\t\t<h4><a href=\"\/pt\/recursos\/mdreentry\/?utm_source=Home&#038;utm_medium=Referral&#038;utm_campaign=211Resources&#038;utm_content=Reentry\" target=\"_self\">Reentrada<\/a><\/h4>\n\t\t\t\t<a href=\"\/pt\/recursos\/mdreentry\/?utm_source=Home&#038;utm_medium=Referral&#038;utm_campaign=211Resources&#038;utm_content=Reentry\"  target=\"_self\" itemprop=\"url\">\n\t\t\t\t<img decoding=\"async\" src=\"https:\/\/211md.org\/wp-content\/uploads\/bb-plugin\/cache\/2025_211_Icon-Sets_Reentry-square-8676fea38abd920a832f45642fe31cca-.png\" alt=\"\u00cdcone de reentrada\" itemprop=\"image\" height=\"417\" width=\"417\" title=\"2025_211_Conjuntos de \u00edcones_Reentrada\" onerror=\"this.style.display='none'\" loading=\"lazy\" \/>\n\t\t\t\t<\/a>\n\t\t<h4><a href=\"\/pt\/recursos\/uso-de-substancias\/?utm_source=Home&#038;utm_medium=Referral&#038;utm_campaign=211Resources&#038;utm_content=Substance\" target=\"_self\">Uso de subst\u00e2ncias<\/a><\/h4>\n\t\t\t\t<a href=\"\/pt\/recursos\/uso-de-substancias\/?utm_source=Home&#038;utm_medium=Referral&#038;utm_campaign=211Resources&#038;utm_content=Substance\"  target=\"_self\" itemprop=\"url\">\n\t\t\t\t<img decoding=\"async\" src=\"https:\/\/211md.org\/wp-content\/uploads\/bb-plugin\/cache\/2025_MdInfoNet_Icon-Sets_Substance-Abuse-square-9022fec9d18a64118ad685c101885b55-.png\" alt=\"\" itemprop=\"image\" onerror=\"this.style.display='none'\" loading=\"lazy\" \/>\n\t\t\t\t<\/a>\n\t\t<h4><a href=\"\/pt\/recursos\/veteranos\/?utm_source=Home&#038;utm_medium=Referral&#038;utm_campaign=211Resources&#038;utm_content=Veterans\" target=\"_self\">veteranos<\/a><\/h4>\n\t\t\t\t<a href=\"\/pt\/recursos\/veteranos\/?utm_source=Home&#038;utm_medium=Referral&#038;utm_campaign=211Resources&#038;utm_content=Veterans\"  target=\"_self\" itemprop=\"url\">\n\t\t\t\t<img decoding=\"async\" src=\"https:\/\/211md.org\/wp-content\/uploads\/bb-plugin\/cache\/2025_MdInfoNet_Icon-Sets_Rating-square-6e60d00cce4faa8e0a6d4ad7366aa733-.png\" alt=\"\" itemprop=\"image\" onerror=\"this.style.display='none'\" loading=\"lazy\" \/>\n\t\t\t\t<\/a>","protected":false},"excerpt":{"rendered":"<p>H\u00e1 ajuda dispon\u00edvel para qualquer pessoa que esteja sofrendo de ansiedade, depress\u00e3o, pensamentos suicidas, sobrecarga, estresse ou outros problemas de sa\u00fade mental. Voc\u00ea n\u00e3o est\u00e1 sozinho! Ligue para 988 para obter ajuda imediata. Tamb\u00e9m h\u00e1 recursos confidenciais dispon\u00edveis para apoiar a sa\u00fade mental de adolescentes e adultos. Comece agora! O que acontece quando voc\u00ea liga para o 988 em Maryland? Se voc\u00ea\u2026<\/p>","protected":false},"author":8,"featured_media":33920,"parent":930,"menu_order":0,"comment_status":"closed","ping_status":"closed","template":"","meta":{"footnotes":""},"class_list":["post-836","page","type-page","status-publish","has-post-thumbnail","hentry"],"_links":{"self":[{"href":"https:\/\/211md.org\/pt\/wp-json\/wp\/v2\/pages\/836","targetHints":{"allow":["GET"]}}],"collection":[{"href":"https:\/\/211md.org\/pt\/wp-json\/wp\/v2\/pages"}],"about":[{"href":"https:\/\/211md.org\/pt\/wp-json\/wp\/v2\/types\/page"}],"author":[{"embeddable":true,"href":"https:\/\/211md.org\/pt\/wp-json\/wp\/v2\/users\/8"}],"replies":[{"embeddable":true,"href":"https:\/\/211md.org\/pt\/wp-json\/wp\/v2\/comments?post=836"}],"version-history":[{"count":11,"href":"https:\/\/211md.org\/pt\/wp-json\/wp\/v2\/pages\/836\/revisions"}],"predecessor-version":[{"id":33961,"href":"https:\/\/211md.org\/pt\/wp-json\/wp\/v2\/pages\/836\/revisions\/33961"}],"up":[{"embeddable":true,"href":"https:\/\/211md.org\/pt\/wp-json\/wp\/v2\/pages\/930"}],"wp:featuredmedia":[{"embeddable":true,"href":"https:\/\/211md.org\/pt\/wp-json\/wp\/v2\/media\/33920"}],"wp:attachment":[{"href":"https:\/\/211md.org\/pt\/wp-json\/wp\/v2\/media?parent=836"}],"curies":[{"name":"wp","href":"https:\/\/api.w.org\/{rel}","templated":true}]}}