{"id":838,"date":"2021-04-08T19:41:22","date_gmt":"2021-04-08T19:41:22","guid":{"rendered":"https:\/\/211md.org\/?page_id=838"},"modified":"2026-04-03T14:28:37","modified_gmt":"2026-04-03T18:28:37","slug":"cuidados-de-saude","status":"publish","type":"page","link":"https:\/\/211md.org\/pt\/resources\/health-care\/","title":{"rendered":"Encontre assist\u00eancia m\u00e9dica gratuita e de baixo custo"},"content":{"rendered":"<figure data-animation-delay=\"0\" data-animation-duration=\"1\" itemscope itemtype=\"https:\/\/schema.org\/ImageObject\">\n\t\t\t\t<img decoding=\"async\" src=\"https:\/\/stg-maryland211-staging.kinsta.cloud\/wp-content\/uploads\/2025\/08\/5-1-scaled.png\" alt=\"5\" height=\"692\" width=\"2560\" title=\"5\" onerror=\"this.style.display='none'\" loading=\"lazy\" \/>\n\t<\/figure>\n\t\t<p>Voc\u00ea est\u00e1 procurando uma cl\u00ednica de sa\u00fade gratuita ou de baixo custo ou outro recurso m\u00e9dico? Os servi\u00e7os de sa\u00fade podem incluir exames preventivos, testes de laborat\u00f3rio, cuidados de maternidade, equipamentos m\u00e9dicos de baixo custo, oftalmologia, atendimento odontol\u00f3gico, testes de gravidez, cl\u00ednicas ambulatoriais para veteranos, seguros e muito mais.<\/p>\n\t\t\t<a href=\"#start\"  target=\"_self\">\n\t\t\t\t\t\tCome\u00e7ar\n\t\t\t\t\t<\/a>\n<figure data-animation-delay=\"0\" data-animation-duration=\"1\" itemscope itemtype=\"https:\/\/schema.org\/ImageObject\">\n\t\t\t\t<img decoding=\"async\" src=\"https:\/\/211md.org\/wp-content\/plugins\/bb-plugin\/img\/pixel.png\" alt=\"\" onerror=\"this.style.display='none'\" loading=\"lazy\" \/>\n\t<\/figure>\n<figure data-animation-delay=\"0\" data-animation-duration=\"1.3\" itemscope itemtype=\"https:\/\/schema.org\/ImageObject\">\n\t\t\t\t<img decoding=\"async\" src=\"https:\/\/stg-maryland211-staging.kinsta.cloud\/wp-content\/uploads\/2025\/08\/16.png\" alt=\"16\" height=\"1000\" width=\"1000\" title=\"16\" onerror=\"this.style.display='none'\" loading=\"lazy\" \/>\n\t<\/figure>\n\t\t<figure itemscope itemtype=\"https:\/\/schema.org\/ImageObject\">\n\t\t\t\t<a href=\"https:\/\/search.211md.org\/\"  target=\"_blank\" rel=\"noopener\"  itemprop=\"url\">\n\t\t\t\t<img decoding=\"async\" src=\"https:\/\/stg-maryland211-staging.kinsta.cloud\/wp-content\/uploads\/2025\/08\/2025_MdInfoNet_Icon-Sets-white_Locate.png\" alt=\"\" onerror=\"this.style.display='none'\" loading=\"lazy\" \/>\n\t\t\t\t<\/a>\n\t<\/figure>\n<h2><a href=\"https:\/\/search.211md.org\/\" target=\"_blank\"  rel=\"noopener\">Recursos comuns de assist\u00eancia m\u00e9dica<\/a><\/h2><p>O Banco de Dados de Recursos Comunit\u00e1rios 211 pode ajudar voc\u00ea a encontrar recursos de sa\u00fade. Comece com estas buscas populares.<\/p>\n\t\t\t<a href=\"https:\/\/search.211md.org\/search?query=LV-6800&#038;query_type=taxonomy&#038;query_label=\"  target=\"_blank\" rel=\"noopener\">\n\t\t\t\t\t\tCuidados pedi\u00e1tricos\n\t\t\t\t\t<\/a>\n\t\t\t<a href=\"https:\/\/search.211md.org\/search?query=LT-3400&#038;query_type=taxonomy&#038;query_label=\"  target=\"_blank\" rel=\"noopener\">\n\t\t\t\t\t\timuniza\u00e7\u00f5es\n\t\t\t\t\t<\/a>\n\t\t\t<a href=\"https:\/\/search.211md.org\/search?query=LV-2400&#038;query_type=taxonomy&#038;query_label=\"  target=\"_blank\" rel=\"noopener\">\n\t\t\t\t\t\tcuidados com os olhos\n\t\t\t\t\t<\/a>\n\t\t\t<a href=\"https:\/\/search.211md.org\/search?query=LJ-2000.6750&#038;query_type=taxonomy&#038;query_label=\"  target=\"_blank\" rel=\"noopener\">\n\t\t\t\t\t\tteste de gravidez\n\t\t\t\t\t<\/a>\n\t\t\t<a href=\"https:\/\/search.211md.org\/search?query=Transportation%20Medical&#038;query_type=text\"  target=\"_blank\" rel=\"noopener\">\n\t\t\t\t\t\tTransporte M\u00e9dico\n\t\t\t\t\t<\/a>\n\t\t\t<a href=\"https:\/\/search.211md.org\/search?query=Mammograms%20Breast%20Exams&#038;query_type=text\"  target=\"_blank\" rel=\"noopener\">\n\t\t\t\t\t\tMamografias\/exames de mama\n\t\t\t\t\t<\/a>\n\t\t\t<a href=\"https:\/\/search.211md.org\/search?query=LT-1750.0500&#038;query_label=AIDS%2FHIV+Clinics&#038;query_type=taxonomy\"  target=\"_blank\" rel=\"noopener\">\n\t\t\t\t\t\tCl\u00ednicas de AIDS\/HIV\n\t\t\t\t\t<\/a>\n<figure itemscope itemtype=\"https:\/\/schema.org\/ImageObject\">\n\t\t\t\t<img decoding=\"async\" src=\"https:\/\/211md.org\/wp-content\/uploads\/2022\/05\/doctor-with-young-child-providing-health-care.jpg\" alt=\"m\u00e9dico com crian\u00e7a pequena prestando cuidados de sa\u00fade\" height=\"682\" width=\"1024\" title=\"m\u00e9dico-com-crian\u00e7a-pequena-prestando-cuidados-de-sa\u00fade\" onerror=\"this.style.display='none'\" loading=\"lazy\" \/>\n\t<\/figure>\n\t<h2>Onde obter cuidados de sa\u00fade de baixo custo<\/h2>\n<p>Cuidados de sa\u00fade gratuitos e de baixo custo e seguro de sa\u00fade est\u00e3o dispon\u00edveis em Maryland.<\/p>\n<p>Os departamentos de sa\u00fade locais, localizados em condados de Maryland, fornecem alguns servi\u00e7os m\u00e9dicos, incluindo imuniza\u00e7\u00f5es, exames preventivos e <a href=\"https:\/\/211md.org\/pt\/recursos\/cuidados-de-saude\/cuidado-dental\/\">cuidado dental<\/a>. Os servi\u00e7os m\u00e9dicos podem variar de acordo com o local e pode haver requisitos de elegibilidade.<\/p>\n<p>As cl\u00ednicas comunit\u00e1rias tamb\u00e9m oferecem atendimento, como check-ups e consultas m\u00e9dicas. Os servi\u00e7os variam de acordo com a localiza\u00e7\u00e3o e o tipo de ag\u00eancia, mas alguns dos servi\u00e7os podem ser:<\/p>\n<ul>\n<li>check-ups<\/li>\n<li>exames preventivos<\/li>\n<li>Tratamento quando voc\u00ea est\u00e1 doente.<\/li>\n<li>Cuidados na gravidez<\/li>\n<li>imuniza\u00e7\u00f5es<\/li>\n<li>visitas de puericultura<\/li>\n<li>Cuidado dental<\/li>\n<li>Medicamentos prescritos<\/li>\n<li>Suporte para sa\u00fade mental e transtorno por uso de subst\u00e2ncias (SUD)<\/li>\n<\/ul>\n\t\t\t<a href=\"https:\/\/health.maryland.gov\/Pages\/departments.ASPX\" target=\"_blank\" rel=\"noopener\">\n\t\t\t\t\t\tEncontre um Departamento de Sa\u00fade\n\t\t\t\t\t<\/a>\n\t<p>&nbsp;<\/p>\n<p>Se o seu m\u00e9dico prescrever medicamentos que voc\u00ea n\u00e3o pode pagar, existem programas de assist\u00eancia ao paciente e programas de descontos nas farm\u00e1cias participantes de Maryland. Aprenda sobre o <a href=\"https:\/\/211md.org\/pt\/recursos\/cuidados-de-saude\/prescricoes\/\">programas de descontos em medicamentos<\/a> dispon\u00edvel em Maryland.<\/p>\n<p>Se voc\u00ea tiver um problema de faturamento m\u00e9dico ou n\u00e3o puder pagar sua conta m\u00e9dica, local e nacional <a href=\"https:\/\/211md.org\/pt\/recursos\/cuidados-de-saude\/assistencia-despesas-medicas\/\">ajuda est\u00e1 dispon\u00edvel para despesas m\u00e9dicas<\/a>. Voc\u00ea tamb\u00e9m pode se qualificar para receber equipamentos m\u00e9dicos gratuitos, como muletas, cadeiras de rodas ou outros equipamentos m\u00e9dicos dur\u00e1veis dispon\u00edveis.<\/p>\n\t\t<h2>Como Encontrar Cuidados de Sa\u00fade Mental Acess\u00edveis<\/h2>\n\t\t<p>Voc\u00ea tamb\u00e9m pode obter servi\u00e7os de interna\u00e7\u00e3o, ambulatorial e aconselhamento de um profissional de sa\u00fade comportamental em Maryland.<\/p>\n<p>Algumas dessas organiza\u00e7\u00f5es podem oferecer servi\u00e7os gratuitos ou de baixo custo.<\/p>\n<p>Se precisar de ajuda imediata com pensamentos suicidas ou sofrimento emocional, ligue para 9-8-8 para falar com um profissional treinado.<\/p>\n<p>A Maryland Information Network, que fornece suporte a 211 servi\u00e7os em Maryland, fornece suporte ao banco de dados de recursos de sa\u00fade comportamental 988.<\/p>\n<p>Conecte-se com os provedores. Selecione filtros para refinar as buscas e insira um CEP.<\/p>\n\t\t\t<a href=\"https:\/\/search.988.mdinfonet.org\/\" target=\"_blank\" rel=\"noopener\">\n\t\t\t\t\t\t\tFind Mental Health Providers\n\t\t\t<\/a>\n\t<p>Se voc\u00ea est\u00e1 lutando contra a sa\u00fade mental, saiba que n\u00e3o est\u00e1 sozinho. <a href=\"\/pt\/recursos\/saude-mental\/depressao\/\">Conhe\u00e7a os sinais de alerta da depress\u00e3o<\/a>\u00a0e\u00a0<a href=\"\/pt\/recursos\/saude-mental\/prevencao-do-suicidio\/\">suic\u00eddio<\/a>, para que voc\u00ea possa obter ajuda para si mesmo ou para algu\u00e9m que voc\u00ea ama.<\/p>\n<h3>Uso de subst\u00e2ncias<\/h3>\n<p>Tratamento e suporte tamb\u00e9m est\u00e3o dispon\u00edveis para problemas de uso de subst\u00e2ncias.<\/p>\n<p>Voc\u00ea pode ligar para 9-8-8 para falar com algu\u00e9m imediatamente sobre o uso de subst\u00e2ncias.<\/p>\n<p>Descobrir\u00a0<a href=\"https:\/\/211md.org\/pt\/recursos\/uso-de-substancias\/\" target=\"_blank\" rel=\"noopener\">op\u00e7\u00f5es de tratamento de subst\u00e2ncias<\/a> e programas acess\u00edveis.<\/p>\n\t<h2>Precisa conversar?\u00a0<\/h2>\n<p>&nbsp;<\/p>\n\t<h2>Ligue ou envie uma mensagem de texto para 988<\/h2>\n\t\t\t<a href=\"https:\/\/988lifeline.org\/chat\/\" target=\"_blank\" rel=\"noopener\">\n\t\t\t\t\t\t\tConverse agora (ingl\u00eas)\n\t\t\t\t\t<\/a>\n\t\t\t<a href=\"https:\/\/988lifeline.org\/es\/chat\/\" target=\"_blank\" rel=\"noopener\">\n\t\t\t\t\t\t\tChatea Ahora (Espanhol)\n\t\t\t\t\t<\/a>\n\t<p>Qualquer pessoa que precise de assist\u00eancia com sa\u00fade mental ou necessidades relacionadas ao uso de subst\u00e2ncias pode ligar para 988. <a href=\"https:\/\/988min.org\/\" target=\"_blank\" rel=\"noopener\">Saiba mais sobre 988 em Maryland<\/a>.<\/p>\n<figure itemscope itemtype=\"https:\/\/schema.org\/ImageObject\">\n\t\t\t\t<img decoding=\"async\" src=\"https:\/\/211md.org\/wp-content\/plugins\/bb-plugin\/img\/pixel.png\" alt=\"\" onerror=\"this.style.display='none'\" loading=\"lazy\" \/>\n\t<\/figure>\n\t\t<figure itemscope itemtype=\"https:\/\/schema.org\/ImageObject\">\n\t\t\t\t<img decoding=\"async\" src=\"https:\/\/211md.org\/wp-content\/uploads\/bb-plugin\/cache\/Call-center-specialst-circle-4e9ecd7b3425be4576416abc911049bb-.jpg\" alt=\"Especialista em call center\" title=\"Especialista em call center\" onerror=\"this.style.display='none'\" loading=\"lazy\" \/>\n\t<\/figure>\n<h2>Disque 211<\/h2><p>Converse com uma pessoa atenciosa e compassiva 24 horas por dia, 7 dias por semana. Ela tamb\u00e9m pode conectar voc\u00ea a recursos.\u00a0<\/p>\n\t\t\t<a href=\"tel:%20+211\"  target=\"_blank\" rel=\"noopener\">\n\t\t\t\t\t\tLigue para 211 (celular)\n\t\t\t\t\t<\/a>\n<h2>\n\t\t\tRelated Health information\t<\/h2>\n\t\t<h4><a href=\"\/pt\/recursos\/envelhecimento-incapacidade\/?utm_source=Home&#038;utm_medium=Referral&#038;utm_campaign=211Resources&#038;utm_content=Aging\" target=\"_self\">Envelhecimento e Defici\u00eancia<\/a><\/h4><figure itemscope itemtype=\"https:\/\/schema.org\/ImageObject\">\n\t\t\t\t<a href=\"\/pt\/recursos\/envelhecimento-incapacidade\/?utm_source=Home&#038;utm_medium=Referral&#038;utm_campaign=211Resources&#038;utm_content=Aging\"  target=\"_self\" itemprop=\"url\">\n\t\t\t\t<img decoding=\"async\" src=\"https:\/\/211md.org\/wp-content\/uploads\/bb-plugin\/cache\/2025_MdInfoNet_Icon-Sets_Aging-disability-square-c466727102cae71e5f27b8539bb51945-.png\" alt=\"\" onerror=\"this.style.display='none'\" loading=\"lazy\" \/>\n\t\t\t\t<\/a>\n\t<\/figure>\n\t\t<h4><a href=\"\/pt\/recursos\/criancas-familias\/?utm_source=Home&#038;utm_medium=Referral&#038;utm_campaign=211Resources&#038;utm_content=Children\" target=\"_self\">Crian\u00e7as e Fam\u00edlias<\/a><\/h4><figure itemscope itemtype=\"https:\/\/schema.org\/ImageObject\">\n\t\t\t\t<a href=\"\/pt\/recursos\/criancas-familias\/?utm_source=Home&#038;utm_medium=Referral&#038;utm_campaign=211Resources&#038;utm_content=Children\"  target=\"_self\" itemprop=\"url\">\n\t\t\t\t<img decoding=\"async\" src=\"https:\/\/211md.org\/wp-content\/uploads\/bb-plugin\/cache\/2025_211_Icon-Sets_Child-care-square-f3b0d4edab3dcc467fadb5f55f4064c6-.png\" alt=\"parent and child icon for child care\" height=\"417\" width=\"417\" title=\"2025_211_Conjuntos de \u00edcones_Cuidados infantis\" onerror=\"this.style.display='none'\" loading=\"lazy\" \/>\n\t\t\t\t<\/a>\n\t<\/figure>\n\t\t<h4><a href=\"\/pt\/recursos\/violencia-domestica-familiar\/?utm_source=Home&#038;utm_medium=Referral&#038;utm_campaign=211Resources&#038;utm_content=Domestic\" target=\"_self\">Viol\u00eancia dom\u00e9stica<\/a><\/h4><figure itemscope itemtype=\"https:\/\/schema.org\/ImageObject\">\n\t\t\t\t<a href=\"\/pt\/recursos\/violencia-domestica-familiar\/?utm_source=Home&#038;utm_medium=Referral&#038;utm_campaign=211Resources&#038;utm_content=Domestic\"  target=\"_self\" itemprop=\"url\">\n\t\t\t\t<img decoding=\"async\" src=\"https:\/\/211md.org\/wp-content\/uploads\/bb-plugin\/cache\/2025_211_Icon-Sets_Domestic-Violence-square-7b597694a6f05fe90cdc376aa573bc63-.png\" alt=\"House with a heart in the middle icon\" height=\"417\" width=\"417\" title=\"2025_211_Conjuntos de \u00edcones_Viol\u00eancia dom\u00e9stica\" onerror=\"this.style.display='none'\" loading=\"lazy\" \/>\n\t\t\t\t<\/a>\n\t<\/figure>\n\t\t<h4><a href=\"\/pt\/recursos\/procura-de-emprego\/?utm_source=Home&#038;utm_medium=Referral&#038;utm_campaign=211Resources&#038;utm_content=Employment\" target=\"_self\">Emprego<\/a><\/h4><figure itemscope itemtype=\"https:\/\/schema.org\/ImageObject\">\n\t\t\t\t<a href=\"\/pt\/recursos\/procura-de-emprego\/?utm_source=Home&#038;utm_medium=Referral&#038;utm_campaign=211Resources&#038;utm_content=Employment\"  target=\"_self\" itemprop=\"url\">\n\t\t\t\t<img decoding=\"async\" src=\"https:\/\/211md.org\/wp-content\/uploads\/bb-plugin\/cache\/2025_MdInfoNet_Icon-Sets_Employment-square-44707bd410e4df10a470bf130ebcea86-.png\" alt=\"\" onerror=\"this.style.display='none'\" loading=\"lazy\" \/>\n\t\t\t\t<\/a>\n\t<\/figure>\n\t\t<h4><a href=\"\/pt\/recursos\/cuidados-de-saude\/?utm_source=Home&#038;utm_medium=Referral&#038;utm_campaign=211Resources&#038;utm_content=Health%20Care\" target=\"_self\">Cuidados de sa\u00fade<\/a><\/h4><figure itemscope itemtype=\"https:\/\/schema.org\/ImageObject\">\n\t\t\t\t<a href=\"\/pt\/recursos\/cuidados-de-saude\/?utm_source=Home&#038;utm_medium=Referral&#038;utm_campaign=211Resources&#038;utm_content=Health%20Care\"  target=\"_self\" itemprop=\"url\">\n\t\t\t\t<img decoding=\"async\" src=\"https:\/\/211md.org\/wp-content\/uploads\/bb-plugin\/cache\/2025_MdInfoNet_Icon-Sets_Health-Care-square-dee98a0060cbe0e7f27eda253fc12679-.png\" alt=\"\" onerror=\"this.style.display='none'\" loading=\"lazy\" \/>\n\t\t\t\t<\/a>\n\t<\/figure>\n\t\t<h4><a href=\"\/pt\/recursos\/novo-para-nos-e-marilandia\/?utm_source=Home&#038;utm_medium=Referral&#038;utm_campaign=211Resources&#038;utm_content=Immigration\" target=\"_self\">Imigra\u00e7\u00e3o<\/a><\/h4><figure itemscope itemtype=\"https:\/\/schema.org\/ImageObject\">\n\t\t\t\t<a href=\"\/pt\/recursos\/novo-para-nos-e-marilandia\/?utm_source=Home&#038;utm_medium=Referral&#038;utm_campaign=211Resources&#038;utm_content=Immigration\"  target=\"_self\" itemprop=\"url\">\n\t\t\t\t<img decoding=\"async\" src=\"https:\/\/211md.org\/wp-content\/uploads\/bb-plugin\/cache\/2025_MdInfoNet_Icon-Sets_Immigration-square-8b97b7fdfe5e6071405e216855065118-.png\" alt=\"\u00edcone de imigra\u00e7\u00e3o\" title=\"2025_MdInfoNet_Icon-Sets_Immigration\" onerror=\"this.style.display='none'\" loading=\"lazy\" \/>\n\t\t\t\t<\/a>\n\t<\/figure>\n\t\t<h4><a href=\"\/pt\/recursos\/criancas-familias\/cuidados-de-parentesco\/?utm_source=Home&#038;utm_medium=Referral&#038;utm_campaign=211Resources&#038;utm_content=Kinship\" target=\"_self\">Parentesco<\/a><\/h4><figure itemscope itemtype=\"https:\/\/schema.org\/ImageObject\">\n\t\t\t\t<a href=\"\/pt\/recursos\/criancas-familias\/cuidados-de-parentesco\/?utm_source=Home&#038;utm_medium=Referral&#038;utm_campaign=211Resources&#038;utm_content=Kinship\"  target=\"_self\" itemprop=\"url\">\n\t\t\t\t<img decoding=\"async\" src=\"https:\/\/211md.org\/wp-content\/uploads\/bb-plugin\/cache\/2025_211_Icon-Sets_Kinship-square-45bdf872866f5735f842c32071109267-.png\" alt=\"\u00cdcone de parentesco\" height=\"417\" width=\"417\" title=\"2025_211_Conjuntos de \u00edcones_Parentesco\" onerror=\"this.style.display='none'\" loading=\"lazy\" \/>\n\t\t\t\t<\/a>\n\t<\/figure>\n\t\t<h4><a href=\"\/pt\/recursos\/servicos-legais\/?utm_source=Home&#038;utm_medium=Referral&#038;utm_campaign=211Resources&#038;utm_content=Legal\" target=\"_self\">Servi\u00e7os legais<\/a><\/h4><figure itemscope itemtype=\"https:\/\/schema.org\/ImageObject\">\n\t\t\t\t<a href=\"\/pt\/recursos\/servicos-legais\/?utm_source=Home&#038;utm_medium=Referral&#038;utm_campaign=211Resources&#038;utm_content=Legal\"  target=\"_self\" itemprop=\"url\">\n\t\t\t\t<img decoding=\"async\" src=\"https:\/\/211md.org\/wp-content\/uploads\/bb-plugin\/cache\/2025_MdInfoNet_Icon-Sets_Legal-square-18fdf438feb8435588174d9046463257-.png\" alt=\"\" onerror=\"this.style.display='none'\" loading=\"lazy\" \/>\n\t\t\t\t<\/a>\n\t<\/figure>\n\t\t<h4><a href=\"\/pt\/recursos\/saude-mental\/?utm_source=Home&#038;utm_medium=Referral&#038;utm_campaign=211Resources&#038;utm_content=Mental\" target=\"_self\">Sa\u00fade mental<\/a><\/h4><figure itemscope itemtype=\"https:\/\/schema.org\/ImageObject\">\n\t\t\t\t<a href=\"\/pt\/recursos\/saude-mental\/?utm_source=Home&#038;utm_medium=Referral&#038;utm_campaign=211Resources&#038;utm_content=Mental\"  target=\"_self\" itemprop=\"url\">\n\t\t\t\t<img decoding=\"async\" src=\"https:\/\/211md.org\/wp-content\/uploads\/bb-plugin\/cache\/2025_MdInfoNet_Icon-Sets_Mental-Health-square-c59b38c4a993a947d4c9280fbe2d2fee-.png\" alt=\"\" onerror=\"this.style.display='none'\" loading=\"lazy\" \/>\n\t\t\t\t<\/a>\n\t<\/figure>\n\t\t<h4><a href=\"\/pt\/recursos\/mdreentry\/?utm_source=Home&#038;utm_medium=Referral&#038;utm_campaign=211Resources&#038;utm_content=Reentry\" target=\"_self\">Reentrada<\/a><\/h4><figure itemscope itemtype=\"https:\/\/schema.org\/ImageObject\">\n\t\t\t\t<a href=\"\/pt\/recursos\/mdreentry\/?utm_source=Home&#038;utm_medium=Referral&#038;utm_campaign=211Resources&#038;utm_content=Reentry\"  target=\"_self\" itemprop=\"url\">\n\t\t\t\t<img decoding=\"async\" src=\"https:\/\/211md.org\/wp-content\/uploads\/bb-plugin\/cache\/2025_211_Icon-Sets_Reentry-square-8676fea38abd920a832f45642fe31cca-.png\" alt=\"\u00cdcone de reentrada\" height=\"417\" width=\"417\" title=\"2025_211_Conjuntos de \u00edcones_Reentrada\" onerror=\"this.style.display='none'\" loading=\"lazy\" \/>\n\t\t\t\t<\/a>\n\t<\/figure>\n\t\t<h4><a href=\"\/pt\/recursos\/uso-de-substancias\/?utm_source=Home&#038;utm_medium=Referral&#038;utm_campaign=211Resources&#038;utm_content=Substance\" target=\"_self\">Uso de subst\u00e2ncias<\/a><\/h4><figure itemscope itemtype=\"https:\/\/schema.org\/ImageObject\">\n\t\t\t\t<a href=\"\/pt\/recursos\/uso-de-substancias\/?utm_source=Home&#038;utm_medium=Referral&#038;utm_campaign=211Resources&#038;utm_content=Substance\"  target=\"_self\" itemprop=\"url\">\n\t\t\t\t<img decoding=\"async\" src=\"https:\/\/211md.org\/wp-content\/uploads\/bb-plugin\/cache\/2025_MdInfoNet_Icon-Sets_Substance-Abuse-square-4f414f085e657267739c181957754f48-.png\" alt=\"Pills for substance Use icon\" title=\"2025_MdInfoNet_Icon-Sets_Substance-Abuse\" onerror=\"this.style.display='none'\" loading=\"lazy\" \/>\n\t\t\t\t<\/a>\n\t<\/figure>\n\t\t<h4><a href=\"\/pt\/recursos\/veteranos\/?utm_source=Home&#038;utm_medium=Referral&#038;utm_campaign=211Resources&#038;utm_content=Veterans\" target=\"_self\">veteranos<\/a><\/h4><figure itemscope itemtype=\"https:\/\/schema.org\/ImageObject\">\n\t\t\t\t<a href=\"\/pt\/recursos\/veteranos\/?utm_source=Home&#038;utm_medium=Referral&#038;utm_campaign=211Resources&#038;utm_content=Veterans\"  target=\"_self\" itemprop=\"url\">\n\t\t\t\t<img decoding=\"async\" src=\"https:\/\/211md.org\/wp-content\/uploads\/bb-plugin\/cache\/2025_MdInfoNet_Icon-Sets_Rating-square-6e60d00cce4faa8e0a6d4ad7366aa733-.png\" alt=\"\" onerror=\"this.style.display='none'\" loading=\"lazy\" \/>\n\t\t\t\t<\/a>\n\t<\/figure>","protected":false},"excerpt":{"rendered":"<p>Voc\u00ea est\u00e1 procurando uma cl\u00ednica de sa\u00fade gratuita ou de baixo custo ou outro recurso m\u00e9dico? Os servi\u00e7os de sa\u00fade podem incluir exames preventivos, exames laboratoriais, assist\u00eancia \u00e0 maternidade, equipamentos m\u00e9dicos de baixo custo, oftalmologia, assist\u00eancia odontol\u00f3gica, testes de gravidez, cl\u00ednicas ambulatoriais para veteranos, seguros e muito mais. Comece Recursos comuns de sa\u00fade: O Banco de Dados de Recursos Comunit\u00e1rios 211 pode ajudar voc\u00ea a encontrar...<\/p>","protected":false},"author":8,"featured_media":3045,"parent":930,"menu_order":0,"comment_status":"closed","ping_status":"closed","template":"","meta":{"footnotes":""},"class_list":["post-838","page","type-page","status-publish","has-post-thumbnail","hentry"],"_links":{"self":[{"href":"https:\/\/211md.org\/pt\/wp-json\/wp\/v2\/pages\/838","targetHints":{"allow":["GET"]}}],"collection":[{"href":"https:\/\/211md.org\/pt\/wp-json\/wp\/v2\/pages"}],"about":[{"href":"https:\/\/211md.org\/pt\/wp-json\/wp\/v2\/types\/page"}],"author":[{"embeddable":true,"href":"https:\/\/211md.org\/pt\/wp-json\/wp\/v2\/users\/8"}],"replies":[{"embeddable":true,"href":"https:\/\/211md.org\/pt\/wp-json\/wp\/v2\/comments?post=838"}],"version-history":[{"count":11,"href":"https:\/\/211md.org\/pt\/wp-json\/wp\/v2\/pages\/838\/revisions"}],"predecessor-version":[{"id":34450,"href":"https:\/\/211md.org\/pt\/wp-json\/wp\/v2\/pages\/838\/revisions\/34450"}],"up":[{"embeddable":true,"href":"https:\/\/211md.org\/pt\/wp-json\/wp\/v2\/pages\/930"}],"wp:featuredmedia":[{"embeddable":true,"href":"https:\/\/211md.org\/pt\/wp-json\/wp\/v2\/media\/3045"}],"wp:attachment":[{"href":"https:\/\/211md.org\/pt\/wp-json\/wp\/v2\/media?parent=838"}],"curies":[{"name":"wp","href":"https:\/\/api.w.org\/{rel}","templated":true}]}}