{"id":899,"date":"2021-04-14T19:11:10","date_gmt":"2021-04-14T19:11:10","guid":{"rendered":"https:\/\/211md.org\/?page_id=899"},"modified":"2025-10-29T06:36:42","modified_gmt":"2025-10-29T10:36:42","slug":"doar","status":"publish","type":"page","link":"https:\/\/211md.org\/pt\/donate\/","title":{"rendered":"Doar"},"content":{"rendered":"<img decoding=\"async\" src=\"https:\/\/stg-maryland211-staging.kinsta.cloud\/wp-content\/uploads\/2025\/08\/5-1-scaled.png\" alt=\"5\" itemprop=\"image\" height=\"692\" width=\"2560\" title=\"5\" onerror=\"this.style.display='none'\" loading=\"lazy\" \/>\n\t\t<h1><a href=\"https:\/\/secure.givelively.org\/donate\/maryland-information-network-2-1-1-maryland-inc\/support-the-211-call-center-network\" target=\"_blank\" rel=\"noopener\">Pronto para mudar de vida? Espalhe esperan\u00e7a.<\/a><\/h1><p>Todos os anos, mais de 1,1 milh\u00e3o de moradores de Maryland contam com o servi\u00e7o 211 para obter informa\u00e7\u00f5es e acesso a recursos comunit\u00e1rios quando precisam de ajuda. Seja para consultar nosso Banco de Dados de Recursos ou conversar com uma pessoa atenciosa e prestativa, o suporte est\u00e1 dispon\u00edvel 24 horas por dia, 7 dias por semana, 365 dias por ano.<\/p>\n<p>Como o sistema de Informa\u00e7\u00e3o e Encaminhamento de sa\u00fade e servi\u00e7os humanos mais abrangente do estado, oferecemos acesso a mais de 8.500 recursos comunit\u00e1rios.<\/p>\n<p>211 \u00e9 alimentado pelo <a href=\"https:\/\/mdinfonet.org\/\" target=\"_blank\" rel=\"noopener\">Rede de informa\u00e7\u00f5es de Maryland<\/a>, uma organiza\u00e7\u00e3o sem fins lucrativos 501(c)(3) e administradora autorizada pelo estado do sistema 211 em Maryland.<\/p>\n\t\t\t<a href=\"https:\/\/secure.givelively.org\/donate\/maryland-information-network-2-1-1-maryland-inc\/support-the-211-call-center-network\" target=\"_blank\" rel=\"noopener\">\n\t\t\t\t\t\tDoar\n\t\t\t\t\t<\/a>\n\t\t\t\t<img decoding=\"async\" src=\"https:\/\/211md.org\/wp-content\/plugins\/bb-plugin\/img\/pixel.png\" alt=\"\" itemprop=\"image\" onerror=\"this.style.display='none'\" loading=\"lazy\" \/>\n\t\t\t\t<img decoding=\"async\" src=\"https:\/\/stg-maryland211-staging.kinsta.cloud\/wp-content\/uploads\/2025\/08\/16.png\" alt=\"16\" itemprop=\"image\" height=\"1000\" width=\"1000\" title=\"16\" onerror=\"this.style.display='none'\" loading=\"lazy\" \/>\n\t<h2>Nosso Impacto<\/h2>\n\t\tMais de 1.151.771 conex\u00f5es\n\t<p><em>S\u00f3 queria dizer obrigado a todos. Agrade\u00e7o-vos carinhosamente esta \u00faltima entrega de ajuda alimentar que recebi. Eu certamente aprecio isso. Obrigado novamente.<\/em><\/p>\n<p>-211 Chamador<\/p>\n\t\t\t<a href=\"https:\/\/secure.givelively.org\/donate\/maryland-information-network-2-1-1-maryland-inc\/support-the-211-call-center-network\" target=\"_blank\" rel=\"noopener\">\n\t\t\t\t\t\t\tDoar\n\t\t\t\t\t<\/a>\n<h3>\n\t\t\tComo sua doa\u00e7\u00e3o ajuda\t<\/h3>\n\t<h2>$500<\/h2>\n<p>Conectar Maryland<\/p>\n\t<h2>$211<\/h2>\n<p>Comemore 211<\/p>\n\t<h2>$100<\/h2>\n<p>Aumentar a conscientiza\u00e7\u00e3o e o alcance<\/p>\n\t<h2>$50<\/h2>\n<p>Apoie a plataforma de recursos de mensagens de texto<\/p>\n\t\t\t<a href=\"https:\/\/secure.givelively.org\/donate\/maryland-information-network-2-1-1-maryland-inc\/support-the-211-call-center-network\" target=\"_blank\" rel=\"noopener\">\n\t\t\t\t\t\t\tDOE agora\n\t\t\t\t\t<\/a>","protected":false},"excerpt":{"rendered":"<p>Pronto para mudar vidas? Espalhe esperan\u00e7a. Todos os anos, mais de 1,1 milh\u00e3o de moradores de Maryland contam com o 211 para se conectar com informa\u00e7\u00f5es e recursos comunit\u00e1rios quando precisam de ajuda. Seja para consultar nosso Banco de Dados de Recursos ou conversar com uma pessoa atenciosa e compassiva, a ajuda est\u00e1 dispon\u00edvel 24 horas por dia, 7 dias por semana, 365 dias por ano. Como o servi\u00e7o de sa\u00fade e assist\u00eancia social mais abrangente do estado\u2026<\/p>","protected":false},"author":8,"featured_media":2181,"parent":0,"menu_order":0,"comment_status":"closed","ping_status":"closed","template":"","meta":{"footnotes":""},"class_list":["post-899","page","type-page","status-publish","has-post-thumbnail","hentry"],"_links":{"self":[{"href":"https:\/\/211md.org\/pt\/wp-json\/wp\/v2\/pages\/899","targetHints":{"allow":["GET"]}}],"collection":[{"href":"https:\/\/211md.org\/pt\/wp-json\/wp\/v2\/pages"}],"about":[{"href":"https:\/\/211md.org\/pt\/wp-json\/wp\/v2\/types\/page"}],"author":[{"embeddable":true,"href":"https:\/\/211md.org\/pt\/wp-json\/wp\/v2\/users\/8"}],"replies":[{"embeddable":true,"href":"https:\/\/211md.org\/pt\/wp-json\/wp\/v2\/comments?post=899"}],"version-history":[{"count":2,"href":"https:\/\/211md.org\/pt\/wp-json\/wp\/v2\/pages\/899\/revisions"}],"predecessor-version":[{"id":34064,"href":"https:\/\/211md.org\/pt\/wp-json\/wp\/v2\/pages\/899\/revisions\/34064"}],"wp:featuredmedia":[{"embeddable":true,"href":"https:\/\/211md.org\/pt\/wp-json\/wp\/v2\/media\/2181"}],"wp:attachment":[{"href":"https:\/\/211md.org\/pt\/wp-json\/wp\/v2\/media?parent=899"}],"curies":[{"name":"wp","href":"https:\/\/api.w.org\/{rel}","templated":true}]}}