{"id":922,"date":"2021-04-15T14:24:25","date_gmt":"2021-04-15T14:24:25","guid":{"rendered":"https:\/\/211md.org\/?page_id=922"},"modified":"2026-04-29T19:58:51","modified_gmt":"2026-04-29T23:58:51","slug":"violencia-domestica-familiar","status":"publish","type":"page","link":"https:\/\/211md.org\/pt\/resources\/domestic-family-violence\/","title":{"rendered":"Apoio \u00e0 Fam\u00edlia e \u00e0 Viol\u00eancia Dom\u00e9stica em Maryland"},"content":{"rendered":"<figure data-animation-delay=\"0\" data-animation-duration=\"1\" itemscope=\"\" itemtype=\"https:\/\/schema.org\/ImageObject\">\n\t\t\t\t<img decoding=\"async\" src=\"https:\/\/stg-maryland211-staging.kinsta.cloud\/wp-content\/uploads\/2025\/08\/5-1-scaled.png\" alt=\"5\" height=\"692\" width=\"2560\" title=\"5\" onerror=\"this.style.display='none'\" loading=\"lazy\">\n\t<\/figure>\n\t\t<h1><a href=\"#start\" target=\"_self\">Cabe\u00e7alho de p\u00e1gina padr\u00e3o<\/a><\/h1><p>De kits de emerg\u00eancia para v\u00edtimas de viol\u00eancia dom\u00e9stica que precisam deixar suas casas rapidamente a assist\u00eancia jur\u00eddica, oferecemos suporte gratuito e confidencial. A viol\u00eancia dom\u00e9stica nunca \u00e9 sua culpa. Conecte-se \u00e0s linhas diretas de atendimento a v\u00edtimas de viol\u00eancia dom\u00e9stica. <a href=\"#community\">recursos comunit\u00e1rios,<\/a> e <a href=\"#sexual\">agress\u00e3o sexual<\/a> apoio \u00e0s v\u00edtimas de viol\u00eancia dom\u00e9stica e familiar. Aprenda o <a href=\"#warning\">sinais de alerta<\/a>&nbsp;e encontrar <a href=\"#emergency\">abrigos de emerg\u00eancia<\/a> perto de voc\u00ea.<\/p>\n<p>Aprenda tamb\u00e9m sobre servi\u00e7os de prote\u00e7\u00e3o para <a href=\"#children\">crian\u00e7as<\/a> e <a href=\"#adults\">adultos<\/a>.<\/p>\n\t\t\t<a href=\"#start\" target=\"_self\">\n\t\t\t\t\t\tCome\u00e7ar\n\t\t\t\t\t<\/a>\n<figure data-animation-delay=\"0\" data-animation-duration=\"1\" itemscope=\"\" itemtype=\"https:\/\/schema.org\/ImageObject\">\n\t\t\t\t<img decoding=\"async\" src=\"https:\/\/211md.org\/wp-content\/plugins\/bb-plugin\/img\/pixel.png\" alt=\"\" onerror=\"this.style.display='none'\" loading=\"lazy\">\n\t<\/figure>\n<figure data-animation-delay=\"0\" data-animation-duration=\"1.3\" itemscope=\"\" itemtype=\"https:\/\/schema.org\/ImageObject\">\n\t\t\t\t<img decoding=\"async\" src=\"https:\/\/stg-maryland211-staging.kinsta.cloud\/wp-content\/uploads\/2025\/08\/16.png\" alt=\"16\" height=\"1000\" width=\"1000\" title=\"16\" onerror=\"this.style.display='none'\" loading=\"lazy\">\n\t<\/figure>\n<figure itemscope=\"\" itemtype=\"https:\/\/schema.org\/ImageObject\">\n\t\t\t\t<img decoding=\"async\" src=\"http:\/\/211md.org\/wp-content\/uploads\/2025\/09\/two-friends-hugging-and-offering-support.jpg\" alt=\"dois amigos se abra\u00e7ando e oferecendo apoio\" title=\"dois amigos se abra\u00e7ando e oferecendo apoio\" onerror=\"this.style.display='none'\" loading=\"lazy\">\n\t<\/figure>\n<h2>Abrigo de emerg\u00eancia e outros itens essenciais<\/h2>\n<p>Ao fugir de uma situa\u00e7\u00e3o de viol\u00eancia dom\u00e9stica, voc\u00ea pode sair de casa rapidamente e sem o essencial. Existem programas dispon\u00edveis para ajudar com isso.<\/p>\n<p>o <a href=\"https:\/\/www.mnadv.org\/get-help\/how-to-help\/\" target=\"_blank\" rel=\"noopener\">Rede de Maryland Contra a Viol\u00eancia Dom\u00e9stica<\/a> oferece suporte, incluindo um kit de emerg\u00eancia.<\/p>\n<h3>Suporte Mid-Shore<\/h3>\n<p>Nos condados de Kent, Dorchester, Queen Anne&#039;s, Talbot e Caroline, conecte-se com o <a href=\"https:\/\/mscfv.org\/get-help\" target=\"_blank\" rel=\"noopener\">Conselho Mid-Shore sobre Viol\u00eancia Familiar<\/a>.<\/p>\n<p>Eles oferecem 24 horas por dia, 7 dias por semana com:<\/p>\n<ul>\n<li>interven\u00e7\u00e3o em crise<\/li>\n<li>abrigo de emerg\u00eancia<\/li>\n<li>planejamento de seguran\u00e7a<\/li>\n<li>seguran\u00e7a de animais de estima\u00e7\u00e3o<\/li>\n<li>informa\u00e7\u00e3o e encaminhamento<\/li>\n<li>apoio emocional<\/li>\n<li>aconselhamento e orienta\u00e7\u00e3o<\/li>\n<li>servi\u00e7os legais<\/li>\n<\/ul>\n<p><img loading=\"lazy\" decoding=\"async\" src=\"http:\/\/211md.org\/wp-content\/uploads\/2025\/08\/2025_MdInfoNet_Icon-Sets_Phone-150x150.png\" alt=\"\u00cdcone de telefone\" width=\"75\" height=\"75\">Ligue para a linha direta do Conselho de Mid-Shore sobre Viol\u00eancia Familiar no n\u00famero 1-800-927-4673.<\/p>\n\t<h2>Linhas diretas para ajuda<\/h2>\n\t\t<h3>\t\n\t911<br> Emerg\u00eancia<\/h3><p>Ligue para o 911 se estiver em perigo e precisar de ajuda emergencial.<\/p>\n\t\t<h3>\t\n\tLinha Direta Nacional de Viol\u00eancia Dom\u00e9stica<\/h3><p>Ligue para 1-800-799-SAFE (7233) e obtenha informa\u00e7\u00f5es sobre abrigos e outros provedores de servi\u00e7os de viol\u00eancia dom\u00e9stica.<\/p>\n<p>Voc\u00ea tamb\u00e9m pode bater um papo ao vivo ou enviar uma mensagem de texto com a palavra START para 88788.<\/p>\n\t\t<h3>\t\n\t211 <br> Information &amp; Resources<\/h3><p>Ligue para 211 para se conectar a recursos locais. Os atenciosos e compassivos Especialistas em Informa\u00e7\u00e3o e Encaminhamento tamb\u00e9m podem ajudar com alimenta\u00e7\u00e3o, moradia, assist\u00eancia jur\u00eddica, servi\u00e7os p\u00fablicos, assist\u00eancia m\u00e9dica, aux\u00edlio-desemprego e outras necessidades essenciais.<\/p>\n<p>&nbsp;<\/p>\n\t\t<figure itemscope=\"\" itemtype=\"https:\/\/schema.org\/ImageObject\">\n\t\t\t\t<img decoding=\"async\" src=\"https:\/\/stg-maryland211-staging.kinsta.cloud\/wp-content\/uploads\/2025\/08\/2025_MdInfoNet_Icon-Sets-white_Locate.png\" alt=\"\" onerror=\"this.style.display='none'\" loading=\"lazy\">\n\t<\/figure>\n<h2>Recursos comuns sobre viol\u00eancia dom\u00e9stica<\/h2><p>Pesquise no Banco de Dados de Recursos da Comunidade 211 para encontrar ajuda. Insira um CEP para encontrar ajuda perto de voc\u00ea.<\/p>\n\t\t\t<a href=\"https:\/\/search.211md.org\/search?query=RP-1500.1400-200&amp;query_type=taxonomy&amp;query_label=\" target=\"_blank\" rel=\"noopener\">\n\t\t\t\t\t\tLinhas diretas de viol\u00eancia dom\u00e9stica\n\t\t\t\t\t<\/a>\n\t\t\t<a href=\"https:\/\/search.211md.org\/search?query=FT-6940&amp;query_type=taxonomy&amp;query_label=\" target=\"_blank\" rel=\"noopener\">\n\t\t\t\t\t\tOrdens de Restri\u00e7\u00e3o de Prote\u00e7\u00e3o\n\t\t\t\t\t<\/a>\n\t\t\t<a href=\"https:\/\/search.211md.org\/search?query=RP-1500.1400-300&amp;query_type=taxonomy&amp;query_label=\" target=\"_blank\" rel=\"noopener\">\n\t\t\t\t\t\tLinha Direta de Tr\u00e1fico Humano\n\t\t\t\t\t<\/a>\n\t\t\t<a href=\"https:\/\/search.211md.org\/search?query=RP-1500.1400-750&amp;query_type=taxonomy&amp;query_label=\" target=\"_blank\" rel=\"noopener\">\n\t\t\t\t\t\tLinha direta de agress\u00e3o sexual\n\t\t\t\t\t<\/a>\n\t\t\t<a href=\"https:\/\/search.211md.org\/search?query=BH-1800.1500-100&amp;query_label=Domestic+Violence+Shelters&amp;query_type=taxonomy\" target=\"_blank\" rel=\"noopener\">\n\t\t\t\t\t\tAbrigos para Viol\u00eancia Dom\u00e9stica\n\t\t\t\t\t<\/a>\n\t\t\t<a href=\"https:\/\/search.211md.org\/search?query=RP-1500.1400-700&amp;query_type=taxonomy&amp;query_label=\" target=\"_blank\" rel=\"noopener\">\n\t\t\t\t\t\tLinhas de ajuda para jovens fugitivos\/sem-teto\n\t\t\t\t\t<\/a>\n<figure itemscope=\"\" itemtype=\"https:\/\/schema.org\/ImageObject\">\n\t\t\t\t<img decoding=\"async\" src=\"https:\/\/211md.org\/wp-content\/uploads\/2024\/05\/Counselor-talking-to-a-woman.jpg\" alt=\"Conselheiro conversando com uma mulher\" height=\"800\" width=\"1200\" title=\"Conselheiro conversando com uma mulher\" onerror=\"this.style.display='none'\" loading=\"lazy\">\n\t<\/figure>\n\t<h2>Sinais de aviso<\/h2>\n<p>Pode ser dif\u00edcil identificar os sinais de alerta da viol\u00eancia dom\u00e9stica. O Life Crisis Center, membro da Rede de Call Centers 211, oferece apoio \u00e0s v\u00edtimas. Eles descrevem comportamentos progressistas e controladores que voc\u00ea pode observar, incluindo estes sinais de um relacionamento doentio:<\/p>\n<ul>\n<li>Ao controle<\/li>\n<li>Isolamento<\/li>\n<li>sabotar<\/li>\n<li>Culpa<\/li>\n<li>Cr\u00edtica<\/li>\n<li>\u00c1lcool<\/li>\n<li>Ci\u00fames<\/li>\n<li>Raiva<\/li>\n<li>Intensidade<\/li>\n<\/ul>\n<p>o <a href=\"https:\/\/www.lifecrisiscenter.org\/program\/Domestic-Violence.htm\" target=\"_blank\" rel=\"noopener\">Life Crisis Center describes the warning signs<\/a> and provides strategies for victims in a relationship with warning signs.<\/p>\n<p>Voc\u00ea tamb\u00e9m pode ligar para o 211 para entrar em contato com um provedor local de servi\u00e7os de viol\u00eancia dom\u00e9stica ou ligar para o servi\u00e7o 24 horas <a href=\"https:\/\/www.thehotline.org\/\" target=\"_blank\" rel=\"noopener\">Linha Direta Nacional de Viol\u00eancia Dom\u00e9stica<\/a> em 1-800-799-SAFE (7233).<\/p>\n<h2>Ajuda sobre viol\u00eancia sexual<\/h2>\n<p>Free and confidential help is available for victims of sexual assault. Connect with experts who can provide support, and know that a&nbsp;sexual assault is never your fault.<\/p>\n<h4>Conecte-se aos recursos.<\/h4>\n<p>Ligue para 2-1-1 para encontrar suporte perto de voc\u00ea ou entre em contato com uma linha direta de den\u00fancias de agress\u00e3o sexual para obter informa\u00e7\u00f5es gratuitas e confidenciais.<\/p>\n\t\t\t<a href=\"https:\/\/search.211md.org\/search?query=RP-1500.1400-750&amp;query_label=Sexual%20Assault%20Hotlines&amp;query_type=taxonomy\" target=\"_blank\" rel=\"noopener\">\n\t\t\t\t\t\tEncontre linhas diretas\/recursos para casos de agress\u00e3o sexual\n\t\t\t\t\t<\/a>\n\t<h3>Exames m\u00e9dicos gratuitos<\/h3>\n<p>O programa SAFE (Exames Forenses de Agress\u00e3o Sexual) de Maryland oferece exames m\u00e9dicos gratuitos. Os profissionais s\u00e3o treinados para trabalhar com sobreviventes e coletar\u00e3o evid\u00eancias, fornecer\u00e3o atendimento m\u00e9dico e oferecer\u00e3o consultoria sobre exposi\u00e7\u00e3o ao HIV.<\/p>\n<p>Voc\u00ea pode fazer um exame SAFE mesmo que n\u00e3o queira envolver a pol\u00edcia na situa\u00e7\u00e3o. Se voc\u00ea for v\u00edtima de agress\u00e3o sexual, busque apoio. <a href=\"https:\/\/mcasa.org\/survivors\/getting-medical-attention\" target=\"_blank\" rel=\"noopener\">Pesquise programas SAFE em Maryland<\/a>.<\/p>\n<h3>Centro de Crise e Recupera\u00e7\u00e3o de Estupro<\/h3>\n<p>Ajuda tamb\u00e9m est\u00e1 dispon\u00edvel na rede de Centros de Crise e Recupera\u00e7\u00e3o de V\u00edtimas de Estupro de Maryland. Eles oferecem interven\u00e7\u00e3o em crises e aconselhamento. Eles tamb\u00e9m ir\u00e3o com voc\u00ea ao hospital, a interrogat\u00f3rios policiais e ao tribunal.<\/p>\n<p>Voc\u00ea pode discar 2-1-1 para encontrar um centro perto de voc\u00ea ou visitar o&nbsp;<a href=\"https:\/\/mcasa.org\/survivors\/find-a-rape-crisis-center\" target=\"_blank\" rel=\"noopener\">Coaliz\u00e3o de Maryland contra viol\u00eancia sexual<\/a> (MCASA) site para uma lista de centros.<\/p>\n<h3>Ajuda jur\u00eddica<\/h3>\n<p>O MCASA tamb\u00e9m tem um Instituto Legal de Agress\u00e3o Sexual (SALI), que fornece servi\u00e7os jur\u00eddicos abrangentes aos sobreviventes. <a href=\"https:\/\/mcasa.org\/survivors\/sali?fbclid=IwZXh0bgNhZW0CMTAAAR1kEo1Ku2GD3GKBOhAz1XXVPvOr68tlAOPPlcrOFiTKhmFIMM4RlndB7a4_aem_AXbTaSde3vm4kISD6ssAc2DvpCxSyWKv-2To8ILAwIAQntLzjKXzkLGWpmWyYNAX_R98yzEsaXiKtXw57NYZB3Dv#services\" target=\"_blank\" rel=\"noopener\">Saber mais<\/a> sobre os servi\u00e7os que prestam.<\/p>\n\t<h2>Abuso e Neglig\u00eancia Infantil<\/h2>\n<p>Abuso e\/ou neglig\u00eancia infantil podem ser denunciados anonimamente ao Departamento de Servi\u00e7os Sociais local ou \u00e0s autoridades policiais.<\/p>\n<p>Em geral, os sinais de <a href=\"https:\/\/dhs.maryland.gov\/child-protective-services\/reporting-suspected-child-abuse-or-neglect\/what-is-child-abuse-and-neglect\/\" target=\"_blank\" rel=\"noopener\">abuso infantil e neglig\u00eancia<\/a>&nbsp;pode incluir:<\/p>\n<ul>\n<li aria-level=\"1\">les\u00e3o f\u00edsica a uma crian\u00e7a, mesmo quando n\u00e3o vis\u00edvel<\/li>\n<li aria-level=\"1\">falha em dar o devido cuidado ou aten\u00e7\u00e3o<\/li>\n<li aria-level=\"1\">deixar uma crian\u00e7a sem supervis\u00e3o quando a sa\u00fade ou o bem-estar da crian\u00e7a s\u00e3o prejudicados ou quando h\u00e1 um risco substancial de tais danos<\/li>\n<li aria-level=\"1\">abuso sexual ou explora\u00e7\u00e3o<\/li>\n<li aria-level=\"1\">comprometimento da capacidade mental ou psicol\u00f3gica de uma crian\u00e7a para funcionar<\/li>\n<li aria-level=\"1\">encontrar evid\u00eancias confi\u00e1veis de abuso f\u00edsico, neglig\u00eancia ou abuso sexual que n\u00e3o tenham sido refutadas satisfatoriamente<\/li>\n<\/ul>\n<p>If the state removes a child (under&nbsp;the age of 18) from their home, a&nbsp;<a href=\"https:\/\/mdcourts.gov\/legalhelp\/childabuseneglect\" target=\"_blank\" rel=\"noopener\">processo juridico<\/a> is in place&nbsp;to ensure the child&#8217;s safety and welfare.<\/p>\n<p>Encontre recursos locais de prote\u00e7\u00e3o \u00e0 crian\u00e7a no Banco de Dados de Recursos Comunit\u00e1rios 211 ou ligue para 211.<\/p>\n\t\t\t<a href=\"https:\/\/search.211md.org\/search?query=PH-6500.1500&amp;query_type=taxonomy&amp;query_label=\" target=\"_blank\" rel=\"noopener\">\n\t\t\t\t\t\tRecursos de prote\u00e7\u00e3o \u00e0 crian\u00e7a\n\t\t\t\t\t<\/a>\n\t<h2>Servi\u00e7os de prote\u00e7\u00e3o para adultos<\/h2>\n<p>O estado tamb\u00e9m oferece Servi\u00e7os de Prote\u00e7\u00e3o a Adultos para qualquer pessoa com mais de 18 anos que n\u00e3o tenha capacidade f\u00edsica ou mental para cuidar de suas necessidades. Existem sinais comportamentais, sociais, financeiros e f\u00edsicos de abuso e neglig\u00eancia com indiv\u00edduos vulner\u00e1veis e idosos. Estes podem incluir:<\/p>\n<ul>\n<li aria-level=\"1\">Confus\u00e3o e esquecimento<\/li>\n<li aria-level=\"1\">Medo, impot\u00eancia, vergonha<\/li>\n<li aria-level=\"1\">Isolamento<\/li>\n<li aria-level=\"1\">Viol\u00eancia ou abuso de drogas<\/li>\n<li aria-level=\"1\">Atividade banc\u00e1ria incomum<\/li>\n<li aria-level=\"1\">Mudan\u00e7a nos h\u00e1bitos de consumo<\/li>\n<li aria-level=\"1\">Contas n\u00e3o pagas<\/li>\n<li aria-level=\"1\">Apar\u00eancia suja ou barba por fazer<\/li>\n<li aria-level=\"1\">Desnutrido, desidratado<\/li>\n<li aria-level=\"1\">Condi\u00e7\u00e3o m\u00e9dica n\u00e3o tratada<\/li>\n<li aria-level=\"1\">Cortes, feridas, contus\u00f5es ou outras marcas<\/li>\n<li aria-level=\"1\">Incapaz de falar livremente<\/li>\n<li aria-level=\"1\">Viol\u00eancia ou abuso de drogas<\/li>\n<\/ul>\n<p><a href=\"https:\/\/dhs.maryland.gov\/documents\/Brochures\/Adult%20Services%20Flyers\/SSA-AdultProtectiveAbuse_dg.pdf\" target=\"_blank\" rel=\"noopener\">Conhe\u00e7a todos os sinais<\/a>&nbsp;do Departamento de Servi\u00e7os Humanos de Maryland.<\/p>\n<p>Denuncie suspeitas de abuso de adultos pelo telefone 1-800-91-PREVENT (1-800-917-7383).<\/p>\n<p>O Banco de Dados de Recursos Comunit\u00e1rios 211 fornece uma lista de servi\u00e7os de prote\u00e7\u00e3o a adultos.<\/p>\n\t\t\t<a href=\"https:\/\/search.211md.org\/search?query=PH-6500.0500&amp;query_type=taxonomy&amp;query_label=\" target=\"_blank\" rel=\"noopener\">\n\t\t\t\t\t\tEncontre recursos de prote\u00e7\u00e3o para adultos\n\t\t\t\t\t<\/a>\n<figure itemscope=\"\" itemtype=\"https:\/\/schema.org\/ImageObject\">\n\t\t\t\t<img decoding=\"async\" src=\"https:\/\/211md.org\/wp-content\/plugins\/bb-plugin\/img\/pixel.png\" alt=\"\" onerror=\"this.style.display='none'\" loading=\"lazy\">\n\t<\/figure>\n\t\t<figure itemscope=\"\" itemtype=\"https:\/\/schema.org\/ImageObject\">\n\t\t\t\t<img decoding=\"async\" src=\"https:\/\/211md.org\/wp-content\/uploads\/bb-plugin\/cache\/Call-center-specialst-circle-4e9ecd7b3425be4576416abc911049bb-.jpg\" alt=\"Especialista em call center\" title=\"Especialista em call center\" onerror=\"this.style.display='none'\" loading=\"lazy\">\n\t<\/figure>\n<h2>Disque 211<\/h2><p>Converse com uma pessoa atenciosa e compassiva 24 horas por dia, 7 dias por semana. Ela tamb\u00e9m pode conectar voc\u00ea a recursos.&nbsp;<\/p>\n\t\t<h4><a href=\"\/pt\/recursos\/envelhecimento-incapacidade\/?utm_source=Home&amp;utm_medium=Referral&amp;utm_campaign=211Resources&amp;utm_content=Aging\" target=\"_self\">Envelhecimento e Defici\u00eancia<\/a><\/h4><figure itemscope=\"\" itemtype=\"https:\/\/schema.org\/ImageObject\">\n\t\t\t\t<a href=\"\/pt\/recursos\/envelhecimento-incapacidade\/?utm_source=Home&amp;utm_medium=Referral&amp;utm_campaign=211Resources&amp;utm_content=Aging\" target=\"_self\" itemprop=\"url\">\n\t\t\t\t<img decoding=\"async\" src=\"https:\/\/211md.org\/wp-content\/uploads\/bb-plugin\/cache\/2025_MdInfoNet_Icon-Sets_Aging-disability-square-c466727102cae71e5f27b8539bb51945-.png\" alt=\"\" onerror=\"this.style.display='none'\" loading=\"lazy\">\n\t\t\t\t<\/a>\n\t<\/figure>\n\t\t<h4><a href=\"\/pt\/recursos\/criancas-familias\/?utm_source=Home&amp;utm_medium=Referral&amp;utm_campaign=211Resources&amp;utm_content=Children\" target=\"_self\">Crian\u00e7as e Fam\u00edlias<\/a><\/h4><figure itemscope=\"\" itemtype=\"https:\/\/schema.org\/ImageObject\">\n\t\t\t\t<a href=\"\/pt\/recursos\/criancas-familias\/?utm_source=Home&amp;utm_medium=Referral&amp;utm_campaign=211Resources&amp;utm_content=Children\" target=\"_self\" itemprop=\"url\">\n\t\t\t\t<img decoding=\"async\" src=\"https:\/\/211md.org\/wp-content\/uploads\/bb-plugin\/cache\/2025_211_Icon-Sets_Child-care-square-f3b0d4edab3dcc467fadb5f55f4064c6-.png\" alt=\"parent and child icon for child care\" height=\"417\" width=\"417\" title=\"2025_211_Conjuntos de \u00edcones_Cuidados infantis\" onerror=\"this.style.display='none'\" loading=\"lazy\">\n\t\t\t\t<\/a>\n\t<\/figure>\n\t\t<h4><a href=\"\/pt\/recursos\/violencia-domestica-familiar\/?utm_source=Home&amp;utm_medium=Referral&amp;utm_campaign=211Resources&amp;utm_content=Domestic\" target=\"_self\">Viol\u00eancia dom\u00e9stica<\/a><\/h4><figure itemscope=\"\" itemtype=\"https:\/\/schema.org\/ImageObject\">\n\t\t\t\t<a href=\"\/pt\/recursos\/violencia-domestica-familiar\/?utm_source=Home&amp;utm_medium=Referral&amp;utm_campaign=211Resources&amp;utm_content=Domestic\" target=\"_self\" itemprop=\"url\">\n\t\t\t\t<img decoding=\"async\" src=\"https:\/\/211md.org\/wp-content\/uploads\/bb-plugin\/cache\/2025_211_Icon-Sets_Domestic-Violence-square-7b597694a6f05fe90cdc376aa573bc63-.png\" alt=\"House with a heart in the middle icon\" height=\"417\" width=\"417\" title=\"2025_211_Conjuntos de \u00edcones_Viol\u00eancia dom\u00e9stica\" onerror=\"this.style.display='none'\" loading=\"lazy\">\n\t\t\t\t<\/a>\n\t<\/figure>\n\t\t<h4><a href=\"\/pt\/recursos\/procura-de-emprego\/?utm_source=Home&amp;utm_medium=Referral&amp;utm_campaign=211Resources&amp;utm_content=Employment\" target=\"_self\">Emprego<\/a><\/h4><figure itemscope=\"\" itemtype=\"https:\/\/schema.org\/ImageObject\">\n\t\t\t\t<a href=\"\/pt\/recursos\/procura-de-emprego\/?utm_source=Home&amp;utm_medium=Referral&amp;utm_campaign=211Resources&amp;utm_content=Employment\" target=\"_self\" itemprop=\"url\">\n\t\t\t\t<img decoding=\"async\" src=\"https:\/\/211md.org\/wp-content\/uploads\/bb-plugin\/cache\/2025_MdInfoNet_Icon-Sets_Employment-square-44707bd410e4df10a470bf130ebcea86-.png\" alt=\"\" onerror=\"this.style.display='none'\" loading=\"lazy\">\n\t\t\t\t<\/a>\n\t<\/figure>\n\t\t<h4><a href=\"\/pt\/recursos\/cuidados-de-saude\/?utm_source=Home&amp;utm_medium=Referral&amp;utm_campaign=211Resources&amp;utm_content=Health%20Care\" target=\"_self\">Cuidados de sa\u00fade<\/a><\/h4><figure itemscope=\"\" itemtype=\"https:\/\/schema.org\/ImageObject\">\n\t\t\t\t<a href=\"\/pt\/recursos\/cuidados-de-saude\/?utm_source=Home&amp;utm_medium=Referral&amp;utm_campaign=211Resources&amp;utm_content=Health%20Care\" target=\"_self\" itemprop=\"url\">\n\t\t\t\t<img decoding=\"async\" src=\"https:\/\/211md.org\/wp-content\/uploads\/bb-plugin\/cache\/2025_MdInfoNet_Icon-Sets_Health-Care-square-dee98a0060cbe0e7f27eda253fc12679-.png\" alt=\"\" onerror=\"this.style.display='none'\" loading=\"lazy\">\n\t\t\t\t<\/a>\n\t<\/figure>\n\t\t<h4><a href=\"\/pt\/recursos\/criancas-familias\/cuidados-de-parentesco\/?utm_source=Home&amp;utm_medium=Referral&amp;utm_campaign=211Resources&amp;utm_content=Kinship\" target=\"_self\">Parentesco<\/a><\/h4><figure itemscope=\"\" itemtype=\"https:\/\/schema.org\/ImageObject\">\n\t\t\t\t<a href=\"\/pt\/recursos\/criancas-familias\/cuidados-de-parentesco\/?utm_source=Home&amp;utm_medium=Referral&amp;utm_campaign=211Resources&amp;utm_content=Kinship\" target=\"_self\" itemprop=\"url\">\n\t\t\t\t<img decoding=\"async\" src=\"https:\/\/211md.org\/wp-content\/uploads\/bb-plugin\/cache\/2025_211_Icon-Sets_Kinship-square-45bdf872866f5735f842c32071109267-.png\" alt=\"\u00cdcone de parentesco\" height=\"417\" width=\"417\" title=\"2025_211_Conjuntos de \u00edcones_Parentesco\" onerror=\"this.style.display='none'\" loading=\"lazy\">\n\t\t\t\t<\/a>\n\t<\/figure>\n\t\t<h4><a href=\"\/pt\/recursos\/servicos-legais\/?utm_source=Home&amp;utm_medium=Referral&amp;utm_campaign=211Resources&amp;utm_content=Legal\" target=\"_self\">Servi\u00e7os legais<\/a><\/h4><figure itemscope=\"\" itemtype=\"https:\/\/schema.org\/ImageObject\">\n\t\t\t\t<a href=\"\/pt\/recursos\/servicos-legais\/?utm_source=Home&amp;utm_medium=Referral&amp;utm_campaign=211Resources&amp;utm_content=Legal\" target=\"_self\" itemprop=\"url\">\n\t\t\t\t<img decoding=\"async\" src=\"https:\/\/211md.org\/wp-content\/uploads\/bb-plugin\/cache\/2025_MdInfoNet_Icon-Sets_Legal-square-18fdf438feb8435588174d9046463257-.png\" alt=\"\" onerror=\"this.style.display='none'\" loading=\"lazy\">\n\t\t\t\t<\/a>\n\t<\/figure>\n\t\t<h4><a href=\"\/pt\/recursos\/saude-mental\/?utm_source=Home&amp;utm_medium=Referral&amp;utm_campaign=211Resources&amp;utm_content=Mental\" target=\"_self\">Sa\u00fade mental<\/a><\/h4><figure itemscope=\"\" itemtype=\"https:\/\/schema.org\/ImageObject\">\n\t\t\t\t<a href=\"\/pt\/recursos\/saude-mental\/?utm_source=Home&amp;utm_medium=Referral&amp;utm_campaign=211Resources&amp;utm_content=Mental\" target=\"_self\" itemprop=\"url\">\n\t\t\t\t<img decoding=\"async\" src=\"https:\/\/211md.org\/wp-content\/uploads\/bb-plugin\/cache\/2025_MdInfoNet_Icon-Sets_Mental-Health-square-c59b38c4a993a947d4c9280fbe2d2fee-.png\" alt=\"\" onerror=\"this.style.display='none'\" loading=\"lazy\">\n\t\t\t\t<\/a>\n\t<\/figure>\n\t\t<h4><a href=\"\/pt\/recursos\/mdreentry\/?utm_source=Home&amp;utm_medium=Referral&amp;utm_campaign=211Resources&amp;utm_content=Reentry\" target=\"_self\">Reentrada<\/a><\/h4><figure itemscope=\"\" itemtype=\"https:\/\/schema.org\/ImageObject\">\n\t\t\t\t<a href=\"\/pt\/recursos\/mdreentry\/?utm_source=Home&amp;utm_medium=Referral&amp;utm_campaign=211Resources&amp;utm_content=Reentry\" target=\"_self\" itemprop=\"url\">\n\t\t\t\t<img decoding=\"async\" src=\"https:\/\/211md.org\/wp-content\/uploads\/bb-plugin\/cache\/2025_211_Icon-Sets_Reentry-square-8676fea38abd920a832f45642fe31cca-.png\" alt=\"\u00cdcone de reentrada\" height=\"417\" width=\"417\" title=\"2025_211_Conjuntos de \u00edcones_Reentrada\" onerror=\"this.style.display='none'\" loading=\"lazy\">\n\t\t\t\t<\/a>\n\t<\/figure>\n\t\t<h4><a href=\"\/pt\/recursos\/uso-de-substancias\/?utm_source=Home&amp;utm_medium=Referral&amp;utm_campaign=211Resources&amp;utm_content=Substance\" target=\"_self\">Uso de subst\u00e2ncias<\/a><\/h4><figure itemscope=\"\" itemtype=\"https:\/\/schema.org\/ImageObject\">\n\t\t\t\t<a href=\"\/pt\/recursos\/uso-de-substancias\/?utm_source=Home&amp;utm_medium=Referral&amp;utm_campaign=211Resources&amp;utm_content=Substance\" target=\"_self\" itemprop=\"url\">\n\t\t\t\t<img decoding=\"async\" src=\"https:\/\/211md.org\/wp-content\/uploads\/bb-plugin\/cache\/2025_MdInfoNet_Icon-Sets_Substance-Abuse-square-9022fec9d18a64118ad685c101885b55-.png\" alt=\"\" onerror=\"this.style.display='none'\" loading=\"lazy\">\n\t\t\t\t<\/a>\n\t<\/figure>\n\t\t<h4><a href=\"\/pt\/recursos\/veteranos\/?utm_source=Home&amp;utm_medium=Referral&amp;utm_campaign=211Resources&amp;utm_content=Veterans\" target=\"_self\">veteranos<\/a><\/h4><figure itemscope=\"\" itemtype=\"https:\/\/schema.org\/ImageObject\">\n\t\t\t\t<a href=\"\/pt\/recursos\/veteranos\/?utm_source=Home&amp;utm_medium=Referral&amp;utm_campaign=211Resources&amp;utm_content=Veterans\" target=\"_self\" itemprop=\"url\">\n\t\t\t\t<img decoding=\"async\" src=\"https:\/\/211md.org\/wp-content\/uploads\/bb-plugin\/cache\/2025_MdInfoNet_Icon-Sets_Rating-square-6e60d00cce4faa8e0a6d4ad7366aa733-.png\" alt=\"\" onerror=\"this.style.display='none'\" loading=\"lazy\">\n\t\t\t\t<\/a>\n\t<\/figure>","protected":false},"excerpt":{"rendered":"<p>Default Page Heading From emergency kits for domestic violence victims leaving a home quickly to legal assistance, free and confidential support is available. Domestic violence is never your fault. Get connected to domestic violence hotlines, community resources, and sexual assault support for victims of domestic and family violence. Learn the warning signs&nbsp;and find emergency shelters&hellip;<\/p>","protected":false},"author":8,"featured_media":2004,"parent":930,"menu_order":0,"comment_status":"closed","ping_status":"closed","template":"","meta":{"footnotes":""},"group":[],"class_list":["post-922","page","type-page","status-publish","has-post-thumbnail","hentry"],"_links":{"self":[{"href":"https:\/\/211md.org\/pt\/wp-json\/wp\/v2\/pages\/922","targetHints":{"allow":["GET"]}}],"collection":[{"href":"https:\/\/211md.org\/pt\/wp-json\/wp\/v2\/pages"}],"about":[{"href":"https:\/\/211md.org\/pt\/wp-json\/wp\/v2\/types\/page"}],"author":[{"embeddable":true,"href":"https:\/\/211md.org\/pt\/wp-json\/wp\/v2\/users\/8"}],"replies":[{"embeddable":true,"href":"https:\/\/211md.org\/pt\/wp-json\/wp\/v2\/comments?post=922"}],"version-history":[{"count":9,"href":"https:\/\/211md.org\/pt\/wp-json\/wp\/v2\/pages\/922\/revisions"}],"predecessor-version":[{"id":34636,"href":"https:\/\/211md.org\/pt\/wp-json\/wp\/v2\/pages\/922\/revisions\/34636"}],"up":[{"embeddable":true,"href":"https:\/\/211md.org\/pt\/wp-json\/wp\/v2\/pages\/930"}],"wp:featuredmedia":[{"embeddable":true,"href":"https:\/\/211md.org\/pt\/wp-json\/wp\/v2\/media\/2004"}],"wp:attachment":[{"href":"https:\/\/211md.org\/pt\/wp-json\/wp\/v2\/media?parent=922"}],"wp:term":[{"taxonomy":"group","embeddable":true,"href":"https:\/\/211md.org\/pt\/wp-json\/wp\/v2\/group?post=922"}],"curies":[{"name":"wp","href":"https:\/\/api.w.org\/{rel}","templated":true}]}}