{"id":924,"date":"2021-04-15T14:57:44","date_gmt":"2021-04-15T14:57:44","guid":{"rendered":"https:\/\/211md.org\/?page_id=924"},"modified":"2025-12-01T12:34:01","modified_gmt":"2025-12-01T17:34:01","slug":"procura-de-emprego","status":"publish","type":"page","link":"https:\/\/211md.org\/pt\/resources\/employment-search\/","title":{"rendered":"Ajuda gratuita para carreira e emprego em Maryland"},"content":{"rendered":"<img decoding=\"async\" src=\"https:\/\/stg-maryland211-staging.kinsta.cloud\/wp-content\/uploads\/2025\/08\/5-1-scaled.png\" alt=\"5\" itemprop=\"image\" height=\"692\" width=\"2560\" title=\"5\" onerror=\"this.style.display='none'\" loading=\"lazy\" \/>\n\t\t<h1><a href=\"#start\" target=\"_self\">Cabe\u00e7alho de p\u00e1gina padr\u00e3o<\/a><\/h1><p>Os candidatos a emprego em Maryland podem obter ajuda gratuita com emprego e treinamento profissional de duas organiza\u00e7\u00f5es:<\/p>\n<ul>\n<li>American Job Centers \u2013 locais f\u00edsicos<\/li>\n<li>Maryland Workforce Exchange (MWE) \u2013 somente online<\/li>\n<\/ul>\n<p>Saiba como cada programa gratuito de assist\u00eancia ao emprego pode ajudar e entre em contato.<\/p>\n\t\t\t<a href=\"#start\" target=\"_self\">\n\t\t\t\t\t\tCome\u00e7ar\n\t\t\t\t\t<\/a>\n\t\t\t\t<img decoding=\"async\" src=\"https:\/\/211md.org\/wp-content\/plugins\/bb-plugin\/img\/pixel.png\" alt=\"\" itemprop=\"image\" onerror=\"this.style.display='none'\" loading=\"lazy\" \/>\n\t\t\t\t<img decoding=\"async\" src=\"https:\/\/stg-maryland211-staging.kinsta.cloud\/wp-content\/uploads\/2025\/08\/16.png\" alt=\"16\" itemprop=\"image\" height=\"1000\" width=\"1000\" title=\"16\" onerror=\"this.style.display='none'\" loading=\"lazy\" \/>\n\t\t\t\t<img decoding=\"async\" src=\"https:\/\/211md.org\/wp-content\/uploads\/2021\/04\/man-stocking-warehouse_249164311.jpg\" alt=\"Caixas de carimbo para funcion\u00e1rios de loja de ferragens\" itemprop=\"image\" height=\"400\" width=\"600\" title=\"armaz\u00e9m de estoque de homem_249164311\" onerror=\"this.style.display='none'\" loading=\"lazy\" \/>\n\t\t<h3>Centros de Emprego Americanos<\/h3>\n\t\t<p>Os candidatos a emprego podem receber assist\u00eancia para encontrar um emprego nos Centros de Emprego Americanos. H\u00e1 dezenas de unidades em Maryland.<\/p>\n<p>Voc\u00ea pode obter ajuda com:<\/p>\n<ul>\n<li>aconselhamento de carreira<\/li>\n<li>prontid\u00e3o para o trabalho<\/li>\n<li>leads de emprego<\/li>\n<li>retomar a cria\u00e7\u00e3o<\/li>\n<li>cartas de apresenta\u00e7\u00e3o<\/li>\n<li>suporte de rede<\/li>\n<\/ul>\n<p>Voc\u00ea pode acessar computadores, impressoras, fotocopiadoras, aparelhos de fax, telefones e a Internet para melhorar sua busca de emprego.<\/p>\n<p>Al\u00e9m de ajudar as pessoas que procuram emprego, os centros tamb\u00e9m podem ajudar as empresas.<\/p>\n\t\t\t<a href=\"https:\/\/search.211md.org\/search?query=American+Job+Center&#038;query_label=American+Job+Center&#038;query_type=text\" target=\"_blank\" rel=\"noopener\">\n\t\t\t\t\t\t\tEncontre um Centro de Emprego\n\t\t\t<\/a>\n\t<h3>Interc\u00e2mbio de For\u00e7a de Trabalho de Maryland<\/h3>\n<p>Se voc\u00ea est\u00e1 recebendo <a href=\"https:\/\/211md.org\/pt\/recursos\/procura-de-emprego\/subsidio-de-desemprego\/\">benef\u00edcios de seguro desemprego<\/a>, voc\u00ea tamb\u00e9m pode estar familiarizado com o Maryland Workforce Exchange (MWE), pois pode haver requisitos para concluir as etapas do MWE a cada semana para receber seguro-desemprego.<\/p>\n<p>Apesar da conex\u00e3o com os benef\u00edcios de desemprego, os indiv\u00edduos podem usar os servi\u00e7os do MWE mesmo que n\u00e3o recebam benef\u00edcios.<\/p>\n<p>O MWE permite que os candidatos a emprego:<\/p>\n<ul>\n<li>busca de empregos \u2013 banco de dados central para listas de empregos de MD<\/li>\n<li>criar um curr\u00edculo<\/li>\n<li>obter educa\u00e7\u00e3o e treinamento<\/li>\n<\/ul>\n<p>O portal de autoatendimento tamb\u00e9m conta com um aplicativo. Pesquise MWEJOBS na Apple iTunes Store ou no Google Play.<\/p>\n\t\t\t<a href=\"https:\/\/mwejobs.maryland.gov\/vosnet\/Default.aspx\" target=\"_blank\" rel=\"noopener\">\n\t\t\t\t\t\tV\u00e1 para Maryland Workforce Exchange\n\t\t\t\t\t<\/a>\n\t\t\t\t<img decoding=\"async\" src=\"https:\/\/stg-maryland211-staging.kinsta.cloud\/wp-content\/uploads\/2025\/08\/2025_MdInfoNet_Icon-Sets-white_Locate.png\" alt=\"\" itemprop=\"image\" onerror=\"this.style.display='none'\" loading=\"lazy\" \/>\n<h2>Pesquisas populares de emprego<\/h2><p>Encontre um programa de treinamento profissional perto de voc\u00ea usando essas buscas de emprego populares.<\/p>\n\t\t\t<a href=\"https:\/\/search.211md.org\/search?query=ND-2000.6500-360&#038;query_type=taxonomy&#038;query_label=\" target=\"_blank\" rel=\"noopener\">\n\t\t\t\t\t\t\tProntid\u00e3o de trabalho\n\t\t\t\t\t<\/a>\n\t\t\t<a href=\"https:\/\/search.211md.org\/search?query=Job%20Search%20Placement&#038;query_type=text\" target=\"_blank\" rel=\"noopener\">\n\t\t\t\t\t\t\tBusca e coloca\u00e7\u00e3o de emprego\n\t\t\t\t\t<\/a>\n\t\t\t<a href=\"https:\/\/search.211md.org\/search?query=ND-2000.3500&#038;query_type=taxonomy&#038;query_label=\" target=\"_blank\" rel=\"noopener\">\n\t\t\t\t\t\t\tTreinamento de trabalho\n\t\t\t\t\t<\/a>\n\t\t\t<a href=\"https:\/\/search.211md.org\/search?query=Career%20Counseling&#038;query_type=text\" target=\"_blank\" rel=\"noopener\">\n\t\t\t\t\t\t\tAconselhamento de carreira\n\t\t\t\t\t<\/a>\n\t\t\t<a href=\"https:\/\/search.211md.org\/search?query=Computer%20Training&#038;query_type=text\" target=\"_blank\" rel=\"noopener\">\n\t\t\t\t\t\t\tTreinamento em inform\u00e1tica\n\t\t\t\t\t<\/a>\n\t\t\t<a href=\"https:\/\/search.211md.org\/search?query=Vocational%20Assessment&#038;query_type=text\" target=\"_blank\" rel=\"noopener\">\n\t\t\t\t\t\t\tAvalia\u00e7\u00e3o Vocacional\n\t\t\t\t\t<\/a>\n\t\t\t\t<img decoding=\"async\" src=\"https:\/\/211md.org\/wp-content\/uploads\/2021\/05\/Test-scaled.jpg\" alt=\"Teste a folha e o l\u00e1pis scantron\" itemprop=\"image\" height=\"1591\" width=\"2560\" title=\"M\u00faltiplo, Escolha, Ged, Teste, Texto,, Com, L\u00e1pis\" onerror=\"this.style.display='none'\" loading=\"lazy\" \/>\n\t<h3><b>Educa\u00e7\u00e3o de adultos e suporte GED\u00ae<\/b><\/h3>\n<p>Se voc\u00ea n\u00e3o tem diploma de ensino m\u00e9dio e quer obter um, diversas organiza\u00e7\u00f5es locais podem ajudar com a prepara\u00e7\u00e3o para testes por meio de programas de educa\u00e7\u00e3o e alfabetiza\u00e7\u00e3o para adultos.<\/p>\n<ul>\n<li aria-level=\"1\"><a href=\"https:\/\/search.211md.org\/search?query=GED%20Instruction&amp;query_type=text\" target=\"_blank\" rel=\"noopener\">Instru\u00e7\u00e3o GED\u00ae<\/a><\/li>\n<li aria-level=\"1\"><a href=\"https:\/\/search.211md.org\/search?query=HH-0500.8000-150&amp;query_type=taxonomy&amp;query_label=\" target=\"_blank\" rel=\"noopener\">Ingl\u00eas como uma segunda l\u00edngua<\/a><\/li>\n<li aria-level=\"1\"><a href=\"https:\/\/search.211md.org\/search?query=HH-4500&amp;query_type=taxonomy&amp;query_label=\" target=\"_blank\" rel=\"noopener\">Programas de Alfabetiza\u00e7\u00e3o<\/a><\/li>\n<\/ul>\n<p>Para testes,\u00a0<a href=\"https:\/\/ged.com\/policies\/maryland\/\" target=\"_blank\" rel=\"noopener\">Servi\u00e7o de Teste GED\u00ae<\/a> \u00e9 o \u00fanico fornecedor autorizado em Maryland.<\/p>\n\t<h2>Continue lendo<\/h2>\n<p>O 211 tamb\u00e9m oferece guias para veteranos em busca de emprego, imigrantes e indiv\u00edduos que est\u00e3o encarcerados ou que j\u00e1 estiveram encarcerados e est\u00e3o reingressando no mercado de trabalho.<\/p>\n\t\t\t\t<img decoding=\"async\" src=\"https:\/\/211md.org\/wp-content\/plugins\/bb-plugin\/img\/pixel.png\" alt=\"\" itemprop=\"image\" onerror=\"this.style.display='none'\" loading=\"lazy\" \/>\n\t\t\t\t<img decoding=\"async\" src=\"https:\/\/211md.org\/wp-content\/uploads\/bb-plugin\/cache\/Call-center-specialst-circle-4e9ecd7b3425be4576416abc911049bb-.jpg\" alt=\"Especialista em call center\" itemprop=\"image\" title=\"Especialista em call center\" onerror=\"this.style.display='none'\" loading=\"lazy\" \/>\n<h2>Disque 211<\/h2><p>Converse com uma pessoa atenciosa e compassiva 24 horas por dia, 7 dias por semana. Ela tamb\u00e9m pode conectar voc\u00ea a recursos.\u00a0<\/p>\n\t\t\t<a href=\"tel:%20+211\" target=\"_blank\" rel=\"noopener\">\n\t\t\t\t\t\tLigue para 211 (celular)\n\t\t\t\t\t<\/a>\n\t<h2>Benef\u00edcios de desemprego<\/h2>\n<p>Esses benef\u00edcios substituem parte da renda de um funcion\u00e1rio por um per\u00edodo limitado para indiv\u00edduos qualificados que perderam o emprego sem culpa pr\u00f3pria.<\/p>\n<p><a href=\"\/pt\/recursos\/procura-de-emprego\/subsidio-de-desemprego\/\" rel=\"noopener\">Aprenda os passos para registrar uma reclama\u00e7\u00e3o<\/a> e a certifica\u00e7\u00e3o semanal de solicita\u00e7\u00e3o para manter os benef\u00edcios de desemprego ativos.<\/p>\n<h3>Seguro de sa\u00fade enquanto procura emprego<\/h3>\n<p>Se os cuidados de sa\u00fade forem perdidos com o emprego, os indiv\u00edduos podem ter direito a:<\/p>\n<ul>\n<li>Medicaid<\/li>\n<li>COBRA por meio de seu antigo empregador<\/li>\n<li>Seguro atrav\u00e9s de <a href=\"https:\/\/www.marylandhealthconnection.gov\/lost-your-job-you-can-get-health-coverage\/\" target=\"_blank\" rel=\"noopener\">Conex\u00e3o de sa\u00fade de Maryland<\/a><\/li>\n<\/ul>\n<p>Normalmente, esses benef\u00edcios ficam dispon\u00edveis dentro de 60 dias ap\u00f3s a perda do emprego.<\/p>\n<h3><b>Compensa\u00e7\u00e3o trabalhista\u00a0<\/b><\/h3>\n<p>Esta cobertura cobre cuidados m\u00e9dicos se o pedido de indeniza\u00e7\u00e3o trabalhista for aceito. O trabalhador tamb\u00e9m pode receber indeniza\u00e7\u00e3o para repor parcialmente os sal\u00e1rios perdidos.<\/p>\n<p>O seguro de indeniza\u00e7\u00e3o trabalhista n\u00e3o cobre todos os ferimentos.<\/p>\n<p>Geralmente cobre les\u00f5es causadas por um<\/p>\n<blockquote><p>\u201cles\u00f5es pessoais acidentais decorrentes e no curso do emprego\u201d.<\/p><\/blockquote>\n<p>Os funcion\u00e1rios devem relatar o acidente e a les\u00e3o ao seu empregador. <a href=\"https:\/\/www.wcc.state.md.us\/Gen_Info\/Claim_Instr.html\" target=\"_blank\" rel=\"noopener\">Obtenha um formul\u00e1rio de reivindica\u00e7\u00e3o de acidentes de trabalho para funcion\u00e1rios<\/a>\u00a0ou\u00a0<a href=\"https:\/\/www.wcc.state.md.us\/WFMS\/C1_WebForms.html\" target=\"_blank\" rel=\"noopener\">arquivar o Formul\u00e1rio C-1 on-line<\/a>.<\/p>\n<p><a href=\"https:\/\/www.wcc.state.md.us\/Gen_Info\/WCC_Benefits.html#filing_a_claim\" target=\"_blank\" rel=\"noopener\">Saber mais<\/a> sobre os tipos de reivindica\u00e7\u00f5es que voc\u00ea pode registrar, o processo e como entrar em contato com a Comiss\u00e3o de Compensa\u00e7\u00e3o Trabalhista de Maryland.<\/p>\n<p>Voc\u00ea tamb\u00e9m pode obter respostas para\u00a0<a href=\"https:\/\/www.wcc.state.md.us\/Gen_Info\/WCC_FAQ.html\" target=\"_blank\" rel=\"noopener\">perguntas frequentes<\/a>\u00a0(Perguntas frequentes).<\/p>\n<p>&nbsp;<\/p>\n<h2>\n\t\t\tContinue lendo\t<\/h2>\n\t\t<h4><a href=\"\/pt\/recursos\/envelhecimento-incapacidade\/?utm_source=Home&#038;utm_medium=Referral&#038;utm_campaign=211Resources&#038;utm_content=Aging\" target=\"_self\">Envelhecimento e Defici\u00eancia<\/a><\/h4>\n\t\t\t\t<a href=\"\/pt\/recursos\/envelhecimento-incapacidade\/?utm_source=Home&#038;utm_medium=Referral&#038;utm_campaign=211Resources&#038;utm_content=Aging\"  target=\"_self\" itemprop=\"url\">\n\t\t\t\t<img decoding=\"async\" src=\"https:\/\/211md.org\/wp-content\/uploads\/bb-plugin\/cache\/2025_MdInfoNet_Icon-Sets_Aging-disability-square-c466727102cae71e5f27b8539bb51945-.png\" alt=\"\" itemprop=\"image\" onerror=\"this.style.display='none'\" loading=\"lazy\" \/>\n\t\t\t\t<\/a>\n\t\t<h4><a href=\"\/pt\/recursos\/criancas-familias\/?utm_source=Home&#038;utm_medium=Referral&#038;utm_campaign=211Resources&#038;utm_content=Children\" target=\"_self\">Crian\u00e7as e Fam\u00edlias<\/a><\/h4>\n\t\t\t\t<a href=\"\/pt\/recursos\/criancas-familias\/?utm_source=Home&#038;utm_medium=Referral&#038;utm_campaign=211Resources&#038;utm_content=Children\"  target=\"_self\" itemprop=\"url\">\n\t\t\t\t<img decoding=\"async\" src=\"https:\/\/211md.org\/wp-content\/uploads\/bb-plugin\/cache\/2025_211_Icon-Sets_Child-care-square-f3b0d4edab3dcc467fadb5f55f4064c6-.png\" alt=\"parent and child icon for child care\" itemprop=\"image\" height=\"417\" width=\"417\" title=\"2025_211_Conjuntos de \u00edcones_Cuidados infantis\" onerror=\"this.style.display='none'\" loading=\"lazy\" \/>\n\t\t\t\t<\/a>\n\t\t<h4><a href=\"\/pt\/recursos\/violencia-domestica-familiar\/?utm_source=Home&#038;utm_medium=Referral&#038;utm_campaign=211Resources&#038;utm_content=Domestic\" target=\"_self\">Viol\u00eancia dom\u00e9stica<\/a><\/h4>\n\t\t\t\t<a href=\"\/pt\/recursos\/violencia-domestica-familiar\/?utm_source=Home&#038;utm_medium=Referral&#038;utm_campaign=211Resources&#038;utm_content=Domestic\"  target=\"_self\" itemprop=\"url\">\n\t\t\t\t<img decoding=\"async\" src=\"https:\/\/211md.org\/wp-content\/uploads\/bb-plugin\/cache\/2025_211_Icon-Sets_Domestic-Violence-square-7b597694a6f05fe90cdc376aa573bc63-.png\" alt=\"\u00cdcone de viol\u00eancia dom\u00e9stica\" itemprop=\"image\" height=\"417\" width=\"417\" title=\"2025_211_Conjuntos de \u00edcones_Viol\u00eancia dom\u00e9stica\" onerror=\"this.style.display='none'\" loading=\"lazy\" \/>\n\t\t\t\t<\/a>\n\t\t<h4><a href=\"\/pt\/recursos\/procura-de-emprego\/?utm_source=Home&#038;utm_medium=Referral&#038;utm_campaign=211Resources&#038;utm_content=Employment\" target=\"_self\">Emprego<\/a><\/h4>\n\t\t\t\t<a href=\"\/pt\/recursos\/procura-de-emprego\/?utm_source=Home&#038;utm_medium=Referral&#038;utm_campaign=211Resources&#038;utm_content=Employment\"  target=\"_self\" itemprop=\"url\">\n\t\t\t\t<img decoding=\"async\" src=\"https:\/\/211md.org\/wp-content\/uploads\/bb-plugin\/cache\/2025_MdInfoNet_Icon-Sets_Employment-square-44707bd410e4df10a470bf130ebcea86-.png\" alt=\"\" itemprop=\"image\" onerror=\"this.style.display='none'\" loading=\"lazy\" \/>\n\t\t\t\t<\/a>\n\t\t<h4><a href=\"\/pt\/recursos\/cuidados-de-saude\/?utm_source=Home&#038;utm_medium=Referral&#038;utm_campaign=211Resources&#038;utm_content=Health%20Care\" target=\"_self\">Cuidados de sa\u00fade<\/a><\/h4>\n\t\t\t\t<a href=\"\/pt\/recursos\/cuidados-de-saude\/?utm_source=Home&#038;utm_medium=Referral&#038;utm_campaign=211Resources&#038;utm_content=Health%20Care\"  target=\"_self\" itemprop=\"url\">\n\t\t\t\t<img decoding=\"async\" src=\"https:\/\/211md.org\/wp-content\/uploads\/bb-plugin\/cache\/2025_MdInfoNet_Icon-Sets_Health-Care-square-dee98a0060cbe0e7f27eda253fc12679-.png\" alt=\"\" itemprop=\"image\" onerror=\"this.style.display='none'\" loading=\"lazy\" \/>\n\t\t\t\t<\/a>\n\t\t<h4><a href=\"\/pt\/recursos\/criancas-familias\/cuidados-de-parentesco\/?utm_source=Home&#038;utm_medium=Referral&#038;utm_campaign=211Resources&#038;utm_content=Kinship\" target=\"_self\">Parentesco<\/a><\/h4>\n\t\t\t\t<a href=\"\/pt\/recursos\/criancas-familias\/cuidados-de-parentesco\/?utm_source=Home&#038;utm_medium=Referral&#038;utm_campaign=211Resources&#038;utm_content=Kinship\"  target=\"_self\" itemprop=\"url\">\n\t\t\t\t<img decoding=\"async\" src=\"https:\/\/211md.org\/wp-content\/uploads\/bb-plugin\/cache\/2025_211_Icon-Sets_Kinship-square-45bdf872866f5735f842c32071109267-.png\" alt=\"\u00cdcone de parentesco\" itemprop=\"image\" height=\"417\" width=\"417\" title=\"2025_211_Conjuntos de \u00edcones_Parentesco\" onerror=\"this.style.display='none'\" loading=\"lazy\" \/>\n\t\t\t\t<\/a>\n\t\t<h4><a href=\"\/pt\/recursos\/servicos-legais\/?utm_source=Home&#038;utm_medium=Referral&#038;utm_campaign=211Resources&#038;utm_content=Legal\" target=\"_self\">Servi\u00e7os legais<\/a><\/h4>\n\t\t\t\t<a href=\"\/pt\/recursos\/servicos-legais\/?utm_source=Home&#038;utm_medium=Referral&#038;utm_campaign=211Resources&#038;utm_content=Legal\"  target=\"_self\" itemprop=\"url\">\n\t\t\t\t<img decoding=\"async\" src=\"https:\/\/211md.org\/wp-content\/uploads\/bb-plugin\/cache\/2025_MdInfoNet_Icon-Sets_Legal-square-18fdf438feb8435588174d9046463257-.png\" alt=\"\" itemprop=\"image\" onerror=\"this.style.display='none'\" loading=\"lazy\" \/>\n\t\t\t\t<\/a>\n\t\t<h4><a href=\"\/pt\/recursos\/saude-mental\/?utm_source=Home&#038;utm_medium=Referral&#038;utm_campaign=211Resources&#038;utm_content=Mental\" target=\"_self\">Sa\u00fade mental<\/a><\/h4>\n\t\t\t\t<a href=\"\/pt\/recursos\/saude-mental\/?utm_source=Home&#038;utm_medium=Referral&#038;utm_campaign=211Resources&#038;utm_content=Mental\"  target=\"_self\" itemprop=\"url\">\n\t\t\t\t<img decoding=\"async\" src=\"https:\/\/211md.org\/wp-content\/uploads\/bb-plugin\/cache\/2025_MdInfoNet_Icon-Sets_Mental-Health-square-c59b38c4a993a947d4c9280fbe2d2fee-.png\" alt=\"\" itemprop=\"image\" onerror=\"this.style.display='none'\" loading=\"lazy\" \/>\n\t\t\t\t<\/a>\n\t\t<h4><a href=\"\/pt\/recursos\/mdreentry\/?utm_source=Home&#038;utm_medium=Referral&#038;utm_campaign=211Resources&#038;utm_content=Reentry\" target=\"_self\">Reentrada<\/a><\/h4>\n\t\t\t\t<a href=\"\/pt\/recursos\/mdreentry\/?utm_source=Home&#038;utm_medium=Referral&#038;utm_campaign=211Resources&#038;utm_content=Reentry\"  target=\"_self\" itemprop=\"url\">\n\t\t\t\t<img decoding=\"async\" src=\"https:\/\/211md.org\/wp-content\/uploads\/bb-plugin\/cache\/2025_211_Icon-Sets_Reentry-square-8676fea38abd920a832f45642fe31cca-.png\" alt=\"\u00cdcone de reentrada\" itemprop=\"image\" height=\"417\" width=\"417\" title=\"2025_211_Conjuntos de \u00edcones_Reentrada\" onerror=\"this.style.display='none'\" loading=\"lazy\" \/>\n\t\t\t\t<\/a>\n\t\t<h4><a href=\"\/pt\/recursos\/uso-de-substancias\/?utm_source=Home&#038;utm_medium=Referral&#038;utm_campaign=211Resources&#038;utm_content=Substance\" target=\"_self\">Uso de subst\u00e2ncias<\/a><\/h4>\n\t\t\t\t<a href=\"\/pt\/recursos\/uso-de-substancias\/?utm_source=Home&#038;utm_medium=Referral&#038;utm_campaign=211Resources&#038;utm_content=Substance\"  target=\"_self\" itemprop=\"url\">\n\t\t\t\t<img decoding=\"async\" src=\"https:\/\/211md.org\/wp-content\/uploads\/bb-plugin\/cache\/2025_MdInfoNet_Icon-Sets_Substance-Abuse-square-9022fec9d18a64118ad685c101885b55-.png\" alt=\"\" itemprop=\"image\" onerror=\"this.style.display='none'\" loading=\"lazy\" \/>\n\t\t\t\t<\/a>\n\t\t<h4><a href=\"\/pt\/recursos\/veteranos\/?utm_source=Home&#038;utm_medium=Referral&#038;utm_campaign=211Resources&#038;utm_content=Veterans\" target=\"_self\">veteranos<\/a><\/h4>\n\t\t\t\t<a href=\"\/pt\/recursos\/veteranos\/?utm_source=Home&#038;utm_medium=Referral&#038;utm_campaign=211Resources&#038;utm_content=Veterans\"  target=\"_self\" itemprop=\"url\">\n\t\t\t\t<img decoding=\"async\" src=\"https:\/\/211md.org\/wp-content\/uploads\/bb-plugin\/cache\/2025_MdInfoNet_Icon-Sets_Rating-square-6e60d00cce4faa8e0a6d4ad7366aa733-.png\" alt=\"\" itemprop=\"image\" onerror=\"this.style.display='none'\" loading=\"lazy\" \/>\n\t\t\t\t<\/a>","protected":false},"excerpt":{"rendered":"<p>T\u00edtulo da p\u00e1gina padr\u00e3o: Candidatos a emprego em Maryland podem obter ajuda gratuita com emprego e treinamento profissional de duas organiza\u00e7\u00f5es: American Job Centers \u2013 locais f\u00edsicos Maryland Workforce Exchange (MWE) \u2013 somente online Saiba como cada programa gratuito de assist\u00eancia ao emprego pode ajudar e entre em contato. Comece agora American Job Centers: Candidatos a emprego podem receber\u2026<\/p>","protected":false},"author":8,"featured_media":1817,"parent":930,"menu_order":0,"comment_status":"closed","ping_status":"closed","template":"","meta":{"footnotes":""},"class_list":["post-924","page","type-page","status-publish","has-post-thumbnail","hentry"],"_links":{"self":[{"href":"https:\/\/211md.org\/pt\/wp-json\/wp\/v2\/pages\/924","targetHints":{"allow":["GET"]}}],"collection":[{"href":"https:\/\/211md.org\/pt\/wp-json\/wp\/v2\/pages"}],"about":[{"href":"https:\/\/211md.org\/pt\/wp-json\/wp\/v2\/types\/page"}],"author":[{"embeddable":true,"href":"https:\/\/211md.org\/pt\/wp-json\/wp\/v2\/users\/8"}],"replies":[{"embeddable":true,"href":"https:\/\/211md.org\/pt\/wp-json\/wp\/v2\/comments?post=924"}],"version-history":[{"count":9,"href":"https:\/\/211md.org\/pt\/wp-json\/wp\/v2\/pages\/924\/revisions"}],"predecessor-version":[{"id":34146,"href":"https:\/\/211md.org\/pt\/wp-json\/wp\/v2\/pages\/924\/revisions\/34146"}],"up":[{"embeddable":true,"href":"https:\/\/211md.org\/pt\/wp-json\/wp\/v2\/pages\/930"}],"wp:featuredmedia":[{"embeddable":true,"href":"https:\/\/211md.org\/pt\/wp-json\/wp\/v2\/media\/1817"}],"wp:attachment":[{"href":"https:\/\/211md.org\/pt\/wp-json\/wp\/v2\/media?parent=924"}],"curies":[{"name":"wp","href":"https:\/\/api.w.org\/{rel}","templated":true}]}}