{"id":926,"date":"2021-04-15T16:08:30","date_gmt":"2021-04-15T16:08:30","guid":{"rendered":"https:\/\/211md.org\/?page_id=926"},"modified":"2026-02-03T17:01:53","modified_gmt":"2026-02-03T22:01:53","slug":"casa-abrigo","status":"publish","type":"page","link":"https:\/\/211md.org\/pt\/resources\/housing-shelter\/","title":{"rendered":"Encontre abrigo de emerg\u00eancia, suporte para moradores de rua e obtenha ajuda para moradia"},"content":{"rendered":"<figure data-animation-delay=\"0\" data-animation-duration=\"1\" itemscope itemtype=\"https:\/\/schema.org\/ImageObject\">\n\t\t\t\t<img decoding=\"async\" src=\"https:\/\/stg-maryland211-staging.kinsta.cloud\/wp-content\/uploads\/2025\/08\/5-1-scaled.png\" alt=\"5\" height=\"692\" width=\"2560\" title=\"5\" onerror=\"this.style.display='none'\" loading=\"lazy\" \/>\n\t<\/figure>\n\t\t<p>There are many housing programs in Maryland communities that reduce the cost of rent, cover security deposits, prevent eviction, and provide emergency shelter.\u00a0<\/p>\n<p>Search the 211 Community Resource Database for low-income housing programs, which offer housing vouchers to eligible families, covering a portion of the rent each month. Local housing agencies run these programs. <\/p>\n<p>Or keep reading for other housing needs, including homelessness.<\/p>\n\t\t\t<a href=\"https:\/\/search.211md.org\/search?query=BH-7000.4600&#038;query_type=taxonomy&#038;query_label=&#038;utm_source=Housing%20&#038;utm_medium=Referral&#038;utm_campaign=AffordableSubsidized&#038;utm_content=&#038;utm_source=211&#038;utm_medium=Referral&#038;utm_campaign=Housing&#038;utm_content=subsidized\"  target=\"_blank\" rel=\"noopener\">\n\t\t\t\t\t\tSearch for subsidized housing\n\t\t\t\t\t<\/a>\n<figure data-animation-delay=\"0\" data-animation-duration=\"1\" itemscope itemtype=\"https:\/\/schema.org\/ImageObject\">\n\t\t\t\t<a href=\"https:\/\/search.211md.org\/search?query=BH-7000.4600&#038;query_type=taxonomy&#038;query_label=&#038;utm_source=Housing%20&#038;utm_medium=Referral&#038;utm_campaign=AffordableSubsidized&#038;utm_content=&#038;utm_source=211&#038;utm_medium=Referral&#038;utm_campaign=Housing&#038;utm_content=subsidized\"  target=\"_blank\" rel=\"noopener\"  itemprop=\"url\">\n\t\t\t\t<img decoding=\"async\" src=\"https:\/\/211md.org\/wp-content\/plugins\/bb-plugin\/img\/pixel.png\" alt=\"\" onerror=\"this.style.display='none'\" loading=\"lazy\" \/>\n\t\t\t\t<\/a>\n\t<\/figure>\n<figure data-animation-delay=\"0\" data-animation-duration=\"1.3\" itemscope itemtype=\"https:\/\/schema.org\/ImageObject\">\n\t\t\t\t<img decoding=\"async\" src=\"https:\/\/stg-maryland211-staging.kinsta.cloud\/wp-content\/uploads\/2025\/08\/16.png\" alt=\"16\" height=\"1000\" width=\"1000\" title=\"16\" onerror=\"this.style.display='none'\" loading=\"lazy\" \/>\n\t<\/figure>\n<figure data-animation-delay=\"0\" data-animation-duration=\"1\" itemscope itemtype=\"https:\/\/schema.org\/ImageObject\">\n\t\t\t\t<img decoding=\"async\" src=\"http:\/\/211md.org\/wp-content\/uploads\/2025\/09\/Homeless-Shelter-Beds.jpg\" alt=\"man lying on bed at homeless shelter\" title=\"Camas de abrigo para moradores de rua\" onerror=\"this.style.display='none'\" loading=\"lazy\" \/>\n\t<\/figure>\n\t<h2>Find A Homeless Shelter<\/h2>\n<p>If you or someone you know is experiencing homelessness or you have nowhere to go, a homeless shelter can provide a place to sleep. Motel vouchers are also an option, if needed.<\/p>\n<p>Support services may also be available to help you obtain other benefits at the shelter.<\/p>\n<p>The Coordinated Entry Programs below streamline the process for those needing homeless services, ensuring there is no wrong door to access help.<\/p>\n<p>Essas pesquisas comuns no Banco de Dados de Recursos da Comunidade 211 ajudar\u00e3o voc\u00ea a se conectar com recursos locais.<\/p>\n\t\t\t<a href=\"https:\/\/search.211md.org\/search?query=BH-1800.3500&#038;query_type=taxonomy&#038;query_label=&#038;utm_source=211&#038;utm_medium=Referral&#038;utm_campaign=Housing&#038;utm_content=Drop%20In\"  target=\"_blank\" rel=\"noopener\">\n\t\t\t\t\t\tCentros de acolhimento para sem-abrigo\n\t\t\t\t\t<\/a>\n\t\t\t<a href=\"https:\/\/search.211md.org\/search?query=BH-1800.5000&#038;query_label=Homeless+Motel+Vouchers&#038;query_type=taxonomy&#038;utm_source=211&#038;utm_medium=Referral&#038;utm_campaign=Housing&#038;utm_content=Motel%20Vouchers\"  target=\"_blank\" rel=\"noopener\">\n\t\t\t\t\t\tVouchers para mot\u00e9is sem-teto\n\t\t\t\t\t<\/a>\n\t\t\t<a href=\"https:\/\/search.211md.org\/search?query=BH-0500.3200-310&#038;query_type=taxonomy&#038;query_label=&#038;utm_source=211&#038;utm_medium=Referral&#038;utm_campaign=Housing&#038;utm_content=Coordinated%20Entry\"  target=\"_blank\" rel=\"noopener\">\n\t\t\t\t\t\tAg\u00eancia de entrada coordenada para sem-teto\n\t\t\t\t\t<\/a>\n\t\t\t<a href=\"https:\/\/search.211md.org\/search?query=YV-3000&#038;query_label=Homeless+People&#038;query_type=taxonomy&#038;utm_source=211&#038;utm_medium=Referral&#038;utm_campaign=Housing&#038;utm_content=Homeless%20Resources\"  target=\"_blank\" rel=\"noopener\">\n\t\t\t\t\t\tRecursos para pessoas sem-teto \n\t\t\t\t\t<\/a>\n\t\t\t<a href=\"https:\/\/search.211md.org\/search?query=BH-8600&#038;query_type=taxonomy&#038;query_label=&#038;utm_source=211&#038;utm_medium=Referral&#038;utm_campaign=Housing&#038;utm_content=Transitional\"  target=\"_blank\" rel=\"noopener\">\n\t\t\t\t\t\tHabita\u00e7\u00e3o\/Abrigo Transit\u00f3rio\n\t\t\t\t\t<\/a>\n\t<h2>Abrigos de emerg\u00eancia<\/h2>\n<p>If you are experiencing domestic violence, a weather emergency like extreme heat or cold, or need an emergency shelter, connect with help by choosing the resource you need.<\/p>\n\t\t\t<a href=\"https:\/\/search.211md.org\/search?query=BH-1800.8500-150&#038;query_type=taxonomy&#038;query_label=&#038;utm_source=211&#038;utm_medium=Referral&#038;utm_campaign=Housing&#038;utm_content=Emergency%20Shelter\"  target=\"_blank\" rel=\"noopener\">\n\t\t\t\t\t\tAbrigos de emerg\u00eancia\n\t\t\t\t\t<\/a>\n\t\t\t<a href=\"https:\/\/search.211md.org\/search?query=BH-1800.1500-100&#038;query_type=taxonomy&#038;query_label=&#038;utm_source=211&#038;utm_medium=Referral&#038;utm_campaign=Housing&#038;utm_content=Domestic%20Shelter\"  target=\"_blank\" rel=\"noopener\">\n\t\t\t\t\t\tAbrigos para Viol\u00eancia Dom\u00e9stica\n\t\t\t\t\t<\/a>\n\t\t\t<a href=\"https:\/\/search.211md.org\/search?query=BH-1800.8500-185&#038;query_type=taxonomy&#038;query_label=&#038;utm_source=211&#038;utm_medium=Referral&#038;utm_campaign=Housing&#038;utm_content=Weather\"  target=\"_blank\" rel=\"noopener\">\n\t\t\t\t\t\tAbrigos para climas extremos\n\t\t\t\t\t<\/a>\n\t\t<h2>Assist\u00eancia de Aluguel<\/h2>\n<p>Com dificuldades para pagar o aluguel ou precisa de um dep\u00f3sito de seguran\u00e7a? Evite o despejo com programas locais de assist\u00eancia ao aluguel.<\/p>\n<p>Pesquise no banco de dados de recursos da comunidade 211. Escolha uma op\u00e7\u00e3o abaixo e, na p\u00e1gina de resultados, insira um CEP.<\/p>\n\t\t\t<a href=\"https:\/\/search.211md.org\/search?query=BH-3800.7000&#038;query_type=taxonomy&#038;query_label=&#038;&#038;utm_source=211&#038;utm_medium=Referral&#038;utm_campaign=Housing&#038;utm_content=Rental%20Payment\"  target=\"_blank\" rel=\"noopener\">\n\t\t\t\t\t\tEncontre ajuda para pagamento de aluguel \n\t\t\t\t\t<\/a>\n\t\t\t<a href=\"https:\/\/search.211md.org\/search?query=BH-3800.8000&#038;query_type=taxonomy&#038;query_label=&#038;utm_source=211&#038;utm_medium=Referral&#038;utm_campaign=Housing&#038;utm_content=Security%20Deposit\"  target=\"_blank\" rel=\"noopener\">\n\t\t\t\t\t\tEncontre ajuda para dep\u00f3sito de seguran\u00e7a de aluguel \n\t\t\t\t\t<\/a>\n\t<h3>Pesquisa de habita\u00e7\u00e3o em Maryland<\/h3>\n<p>To find a specific property, get an understanding of the rent and its location, use <a href=\"https:\/\/www.mdhousingsearch.org\/index.html\" target=\"_blank\" rel=\"noopener\">Pesquisa de habita\u00e7\u00e3o em Maryland<\/a>.<\/p>\n<figure data-animation-delay=\"0\" data-animation-duration=\"1\" itemscope itemtype=\"https:\/\/schema.org\/ImageObject\">\n\t\t\t\t<img decoding=\"async\" src=\"http:\/\/211md.org\/wp-content\/uploads\/2022\/05\/City-of-Baltimore-Maryland-skyline.jpg\" alt=\"Horizonte de Baltimore Maryland\" title=\"City-of-Baltimore,-Maryland-skyline\" onerror=\"this.style.display='none'\" loading=\"lazy\" \/>\n\t<\/figure>\n\t\t<h2>Navegadores de habita\u00e7\u00e3o na cidade de Baltimore<\/h2>\n<p>Em Baltimore City, voc\u00ea tamb\u00e9m pode obter ajuda de um consultor imobili\u00e1rio. Eles oferecem consultas gratuitas.<\/p>\n<p>O navegador de moradia pode ajudar voc\u00ea a entender uma situa\u00e7\u00e3o de moradia e oferecer suporte a solu\u00e7\u00f5es.<\/p>\n<p>Eles identificar\u00e3o recursos em curto prazo e criar\u00e3o um plano de moradia individualizado que inclui estabilidade de moradia em longo prazo.<\/p>\n<p>Os Navegadores est\u00e3o dispon\u00edveis em cinco filiais da Biblioteca Pratt por meio de um programa com o Escrit\u00f3rio de Servi\u00e7os para Pessoas em Situa\u00e7\u00e3o de Rua (MOHS) do Prefeito. Encontre uma perto de voc\u00ea.<\/p>\n\t\t\t<a href=\"https:\/\/homeless.baltimorecity.gov\/housing-navigators-community\" target=\"_blank\" rel=\"noopener\">\n\t\t\t\t\t\tEncontre um navegador de habita\u00e7\u00e3o\n\t\t\t\t\t<\/a>\n\t<p>Ajuda adicional est\u00e1 dispon\u00edvel na cidade de Baltimore. Leia o guia do 211 sobre programas de assist\u00eancia em Baltimore para encontrar ajuda com outras necessidades, incluindo alimenta\u00e7\u00e3o, dep\u00f3sitos de seguran\u00e7a, aux\u00edlio financeiro e muito mais.<\/p>\n\t\t\t<a href=\"\/pt\/recursos-por-condado\/cidade-de-baltimore\/?utm_source=211&#038;utm_medium=Referral&#038;utm_campaign=Housing&#038;utm_content=BC\"  target=\"_self\">\n\t\t\t\t\t\tGuia de Programas de Baltimore do 211\n\t\t\t\t\t<\/a>\n\t<h3><b>Assist\u00eancia de hipoteca e execu\u00e7\u00e3o hipotec\u00e1ria<\/b><\/h3>\n<p>Atrasado no pagamento da hipoteca? Recursos comunit\u00e1rios est\u00e3o dispon\u00edveis para salvar sua casa da execu\u00e7\u00e3o hipotec\u00e1ria.<\/p>\n<p>Ajuda tamb\u00e9m est\u00e1 dispon\u00edvel caso o propriet\u00e1rio da casa que voc\u00ea est\u00e1 alugando esteja enfrentando execu\u00e7\u00e3o hipotec\u00e1ria.<\/p>\n<h3>Encontre recursos da comunidade<\/h3>\n\t\t\t<a href=\"https:\/\/search.211md.org\/search?query=BH-3800.6500&#038;query_type=taxonomy&#038;query_label=&#038;utm_source=Housing%20&#038;utm_medium=Referral&#038;utm_campaign=PropertyTax&#038;utm_content=\" target=\"_blank\" rel=\"noopener\">\n\t\t\t\t\t\tAssist\u00eancia de Imposto Predial\n\t\t\t\t\t<\/a>\n\t\t\t<a href=\"https:\/\/search.211md.org\/search?query=BH-1800.5000&#038;query_label=Homeless+Motel+Vouchers&#038;query_type=taxonomy&#038;utm_source=211&#038;utm_medium=Referral&#038;utm_campaign=Housing&#038;utm_content=Homeless%20Motel\" target=\"_blank\" rel=\"noopener\">\n\t\t\t\t\t\tVouchers para mot\u00e9is sem-teto\n\t\t\t\t\t<\/a>\n\t\t\t<a href=\"https:\/\/search.211md.org\/search?query=DM-1800.8500&#038;query_type=taxonomy&#038;query_label=&#038;utm_source=211&#038;utm_medium=Referral&#038;utm_campaign=Housing&#038;utm_content=Tax%20Foreclosure\" target=\"_blank\" rel=\"noopener\">\n\t\t\t\t\t\tAssist\u00eancia para execu\u00e7\u00e3o fiscal\n\t\t\t\t\t<\/a>\n\t<h3>Continue aprendendo<\/h3>\n<p>O guia do 211 para o processo de execu\u00e7\u00e3o hipotec\u00e1ria orienta os propriet\u00e1rios sobre suas op\u00e7\u00f5es, incluindo planos de pagamento, modifica\u00e7\u00f5es e muito mais. Ele tamb\u00e9m discute como um conselheiro habitacional pode ajudar e a maneira mais r\u00e1pida de entrar em contato com um.<\/p>\n\t\t\t<a href=\"\/pt\/recursos\/casa-abrigo\/execucao-hipotecaria\/?utm_source=211&#038;utm_medium=Referral&#038;utm_campaign=Housing&#038;utm_content=Foreclosure\"  target=\"_self\">\n\t\t\t\t\t\tGuia de execu\u00e7\u00e3o hipotec\u00e1ria da 211\n\t\t\t\t\t<\/a>\n\t\t<figure itemscope itemtype=\"https:\/\/schema.org\/ImageObject\">\n\t\t\t\t<a href=\"https:\/\/search.211md.org\/\" target=\"_blank\" rel=\"noopener\" itemprop=\"url\">\n\t\t\t\t<img decoding=\"async\" src=\"https:\/\/stg-maryland211-staging.kinsta.cloud\/wp-content\/uploads\/2025\/08\/2025_MdInfoNet_Icon-Sets-white_Locate.png\" alt=\"\" onerror=\"this.style.display='none'\" loading=\"lazy\" \/>\n\t\t\t\t<\/a>\n\t<\/figure>\n<h2><a href=\"https:\/\/search.211md.org\/\" target=\"_blank\" rel=\"noopener\">Encontre recursos de moradia<\/a><\/h2><p>There are over 700 housing resources, including shelters, subsidized housing, home maintenance programs, and more. Start searching now, by typing in your need into the 211 Community Resource Database.<\/p>\n\t\t\t<a href=\"https:\/\/search.211md.org\/\" target=\"_blank\" rel=\"noopener\">\n\t\t\t\t\t\t\tProcure agora\n\t\t\t<\/a>\n<h2>\n\t\t\tInforma\u00e7\u00f5es relacionadas\t<\/h2>\n\t\t<h4><a href=\"\/pt\/recursos\/envelhecimento-incapacidade\/?utm_source=Home&#038;utm_medium=Referral&#038;utm_campaign=211Resources&#038;utm_content=Aging\" target=\"_self\">Envelhecimento e Defici\u00eancia<\/a><\/h4><figure itemscope itemtype=\"https:\/\/schema.org\/ImageObject\">\n\t\t\t\t<a href=\"\/pt\/recursos\/envelhecimento-incapacidade\/?utm_source=Home&#038;utm_medium=Referral&#038;utm_campaign=211Resources&#038;utm_content=Aging\"  target=\"_self\" itemprop=\"url\">\n\t\t\t\t<img decoding=\"async\" src=\"https:\/\/211md.org\/wp-content\/uploads\/bb-plugin\/cache\/2025_MdInfoNet_Icon-Sets_Aging-disability-square-c466727102cae71e5f27b8539bb51945-.png\" alt=\"\" onerror=\"this.style.display='none'\" loading=\"lazy\" \/>\n\t\t\t\t<\/a>\n\t<\/figure>\n\t\t<h4><a href=\"\/pt\/recursos\/criancas-familias\/?utm_source=Home&#038;utm_medium=Referral&#038;utm_campaign=211Resources&#038;utm_content=Children\" target=\"_self\">Crian\u00e7as e Fam\u00edlias<\/a><\/h4><figure itemscope itemtype=\"https:\/\/schema.org\/ImageObject\">\n\t\t\t\t<a href=\"\/pt\/recursos\/criancas-familias\/?utm_source=Home&#038;utm_medium=Referral&#038;utm_campaign=211Resources&#038;utm_content=Children\"  target=\"_self\" itemprop=\"url\">\n\t\t\t\t<img decoding=\"async\" src=\"https:\/\/211md.org\/wp-content\/uploads\/bb-plugin\/cache\/2025_211_Icon-Sets_Child-care-square-f3b0d4edab3dcc467fadb5f55f4064c6-.png\" alt=\"parent and child icon for child care\" height=\"417\" width=\"417\" title=\"2025_211_Conjuntos de \u00edcones_Cuidados infantis\" onerror=\"this.style.display='none'\" loading=\"lazy\" \/>\n\t\t\t\t<\/a>\n\t<\/figure>\n\t\t<h4><a href=\"\/pt\/recursos\/violencia-domestica-familiar\/?utm_source=Home&#038;utm_medium=Referral&#038;utm_campaign=211Resources&#038;utm_content=Domestic\" target=\"_self\">Viol\u00eancia dom\u00e9stica<\/a><\/h4><figure itemscope itemtype=\"https:\/\/schema.org\/ImageObject\">\n\t\t\t\t<a href=\"\/pt\/recursos\/violencia-domestica-familiar\/?utm_source=Home&#038;utm_medium=Referral&#038;utm_campaign=211Resources&#038;utm_content=Domestic\"  target=\"_self\" itemprop=\"url\">\n\t\t\t\t<img decoding=\"async\" src=\"https:\/\/211md.org\/wp-content\/uploads\/bb-plugin\/cache\/2025_211_Icon-Sets_Domestic-Violence-square-7b597694a6f05fe90cdc376aa573bc63-.png\" alt=\"House with a heart in the middle icon\" height=\"417\" width=\"417\" title=\"2025_211_Conjuntos de \u00edcones_Viol\u00eancia dom\u00e9stica\" onerror=\"this.style.display='none'\" loading=\"lazy\" \/>\n\t\t\t\t<\/a>\n\t<\/figure>\n\t\t<h4><a href=\"\/pt\/recursos\/procura-de-emprego\/?utm_source=Home&#038;utm_medium=Referral&#038;utm_campaign=211Resources&#038;utm_content=Employment\" target=\"_self\">Emprego<\/a><\/h4><figure itemscope itemtype=\"https:\/\/schema.org\/ImageObject\">\n\t\t\t\t<a href=\"\/pt\/recursos\/procura-de-emprego\/?utm_source=Home&#038;utm_medium=Referral&#038;utm_campaign=211Resources&#038;utm_content=Employment\"  target=\"_self\" itemprop=\"url\">\n\t\t\t\t<img decoding=\"async\" src=\"https:\/\/211md.org\/wp-content\/uploads\/bb-plugin\/cache\/2025_MdInfoNet_Icon-Sets_Employment-square-44707bd410e4df10a470bf130ebcea86-.png\" alt=\"\" onerror=\"this.style.display='none'\" loading=\"lazy\" \/>\n\t\t\t\t<\/a>\n\t<\/figure>\n\t\t<h4><a href=\"\/pt\/recursos\/cuidados-de-saude\/?utm_source=Home&#038;utm_medium=Referral&#038;utm_campaign=211Resources&#038;utm_content=Health%20Care\" target=\"_self\">Cuidados de sa\u00fade<\/a><\/h4><figure itemscope itemtype=\"https:\/\/schema.org\/ImageObject\">\n\t\t\t\t<a href=\"\/pt\/recursos\/cuidados-de-saude\/?utm_source=Home&#038;utm_medium=Referral&#038;utm_campaign=211Resources&#038;utm_content=Health%20Care\"  target=\"_self\" itemprop=\"url\">\n\t\t\t\t<img decoding=\"async\" src=\"https:\/\/211md.org\/wp-content\/uploads\/bb-plugin\/cache\/2025_MdInfoNet_Icon-Sets_Health-Care-square-dee98a0060cbe0e7f27eda253fc12679-.png\" alt=\"\" onerror=\"this.style.display='none'\" loading=\"lazy\" \/>\n\t\t\t\t<\/a>\n\t<\/figure>\n\t\t<h4><a href=\"\/pt\/recursos\/criancas-familias\/cuidados-de-parentesco\/?utm_source=Home&#038;utm_medium=Referral&#038;utm_campaign=211Resources&#038;utm_content=Kinship\" target=\"_self\">Parentesco<\/a><\/h4><figure itemscope itemtype=\"https:\/\/schema.org\/ImageObject\">\n\t\t\t\t<a href=\"\/pt\/recursos\/criancas-familias\/cuidados-de-parentesco\/?utm_source=Home&#038;utm_medium=Referral&#038;utm_campaign=211Resources&#038;utm_content=Kinship\"  target=\"_self\" itemprop=\"url\">\n\t\t\t\t<img decoding=\"async\" src=\"https:\/\/211md.org\/wp-content\/uploads\/bb-plugin\/cache\/2025_211_Icon-Sets_Kinship-square-45bdf872866f5735f842c32071109267-.png\" alt=\"\u00cdcone de parentesco\" height=\"417\" width=\"417\" title=\"2025_211_Conjuntos de \u00edcones_Parentesco\" onerror=\"this.style.display='none'\" loading=\"lazy\" \/>\n\t\t\t\t<\/a>\n\t<\/figure>\n\t\t<h4><a href=\"\/pt\/recursos\/servicos-legais\/?utm_source=Home&#038;utm_medium=Referral&#038;utm_campaign=211Resources&#038;utm_content=Legal\" target=\"_self\">Servi\u00e7os legais<\/a><\/h4><figure itemscope itemtype=\"https:\/\/schema.org\/ImageObject\">\n\t\t\t\t<a href=\"\/pt\/recursos\/servicos-legais\/?utm_source=Home&#038;utm_medium=Referral&#038;utm_campaign=211Resources&#038;utm_content=Legal\"  target=\"_self\" itemprop=\"url\">\n\t\t\t\t<img decoding=\"async\" src=\"https:\/\/211md.org\/wp-content\/uploads\/bb-plugin\/cache\/2025_MdInfoNet_Icon-Sets_Legal-square-18fdf438feb8435588174d9046463257-.png\" alt=\"\" onerror=\"this.style.display='none'\" loading=\"lazy\" \/>\n\t\t\t\t<\/a>\n\t<\/figure>\n\t\t<h4><a href=\"\/pt\/recursos\/saude-mental\/?utm_source=Home&#038;utm_medium=Referral&#038;utm_campaign=211Resources&#038;utm_content=Mental\" target=\"_self\">Sa\u00fade mental<\/a><\/h4><figure itemscope itemtype=\"https:\/\/schema.org\/ImageObject\">\n\t\t\t\t<a href=\"\/pt\/recursos\/saude-mental\/?utm_source=Home&#038;utm_medium=Referral&#038;utm_campaign=211Resources&#038;utm_content=Mental\"  target=\"_self\" itemprop=\"url\">\n\t\t\t\t<img decoding=\"async\" src=\"https:\/\/211md.org\/wp-content\/uploads\/bb-plugin\/cache\/2025_MdInfoNet_Icon-Sets_Mental-Health-square-c59b38c4a993a947d4c9280fbe2d2fee-.png\" alt=\"\" onerror=\"this.style.display='none'\" loading=\"lazy\" \/>\n\t\t\t\t<\/a>\n\t<\/figure>\n\t\t<h4><a href=\"\/pt\/recursos\/mdreentry\/?utm_source=Home&#038;utm_medium=Referral&#038;utm_campaign=211Resources&#038;utm_content=Reentry\" target=\"_self\">Reentrada<\/a><\/h4><figure itemscope itemtype=\"https:\/\/schema.org\/ImageObject\">\n\t\t\t\t<a href=\"\/pt\/recursos\/mdreentry\/?utm_source=Home&#038;utm_medium=Referral&#038;utm_campaign=211Resources&#038;utm_content=Reentry\"  target=\"_self\" itemprop=\"url\">\n\t\t\t\t<img decoding=\"async\" src=\"https:\/\/211md.org\/wp-content\/uploads\/bb-plugin\/cache\/2025_211_Icon-Sets_Reentry-square-8676fea38abd920a832f45642fe31cca-.png\" alt=\"\u00cdcone de reentrada\" height=\"417\" width=\"417\" title=\"2025_211_Conjuntos de \u00edcones_Reentrada\" onerror=\"this.style.display='none'\" loading=\"lazy\" \/>\n\t\t\t\t<\/a>\n\t<\/figure>\n\t\t<h4><a href=\"\/pt\/recursos\/uso-de-substancias\/?utm_source=Home&#038;utm_medium=Referral&#038;utm_campaign=211Resources&#038;utm_content=Substance\" target=\"_self\">Uso de subst\u00e2ncias<\/a><\/h4><figure itemscope itemtype=\"https:\/\/schema.org\/ImageObject\">\n\t\t\t\t<a href=\"\/pt\/recursos\/uso-de-substancias\/?utm_source=Home&#038;utm_medium=Referral&#038;utm_campaign=211Resources&#038;utm_content=Substance\"  target=\"_self\" itemprop=\"url\">\n\t\t\t\t<img decoding=\"async\" src=\"https:\/\/211md.org\/wp-content\/uploads\/bb-plugin\/cache\/2025_MdInfoNet_Icon-Sets_Substance-Abuse-square-4f414f085e657267739c181957754f48-.png\" alt=\"Pills for substance Use icon\" title=\"2025_MdInfoNet_Icon-Sets_Substance-Abuse\" onerror=\"this.style.display='none'\" loading=\"lazy\" \/>\n\t\t\t\t<\/a>\n\t<\/figure>\n\t\t<h4><a href=\"\/pt\/recursos\/veteranos\/?utm_source=Home&#038;utm_medium=Referral&#038;utm_campaign=211Resources&#038;utm_content=Veterans\" target=\"_self\">veteranos<\/a><\/h4><figure itemscope itemtype=\"https:\/\/schema.org\/ImageObject\">\n\t\t\t\t<a href=\"\/pt\/recursos\/veteranos\/?utm_source=Home&#038;utm_medium=Referral&#038;utm_campaign=211Resources&#038;utm_content=Veterans\"  target=\"_self\" itemprop=\"url\">\n\t\t\t\t<img decoding=\"async\" src=\"https:\/\/211md.org\/wp-content\/uploads\/bb-plugin\/cache\/2025_MdInfoNet_Icon-Sets_Rating-square-6e60d00cce4faa8e0a6d4ad7366aa733-.png\" alt=\"\" onerror=\"this.style.display='none'\" loading=\"lazy\" \/>\n\t\t\t\t<\/a>\n\t<\/figure>","protected":false},"excerpt":{"rendered":"<p>There are many housing programs in Maryland communities that reduce the cost of rent, cover security deposits, prevent eviction, and provide emergency shelter.\u00a0 Search the 211 Community Resource Database for low-income housing programs, which offer housing vouchers to eligible families, covering a portion of the rent each month. Local housing agencies run these programs. Or&hellip;<\/p>","protected":false},"author":8,"featured_media":33784,"parent":930,"menu_order":0,"comment_status":"closed","ping_status":"closed","template":"","meta":{"footnotes":""},"class_list":["post-926","page","type-page","status-publish","has-post-thumbnail","hentry"],"_links":{"self":[{"href":"https:\/\/211md.org\/pt\/wp-json\/wp\/v2\/pages\/926","targetHints":{"allow":["GET"]}}],"collection":[{"href":"https:\/\/211md.org\/pt\/wp-json\/wp\/v2\/pages"}],"about":[{"href":"https:\/\/211md.org\/pt\/wp-json\/wp\/v2\/types\/page"}],"author":[{"embeddable":true,"href":"https:\/\/211md.org\/pt\/wp-json\/wp\/v2\/users\/8"}],"replies":[{"embeddable":true,"href":"https:\/\/211md.org\/pt\/wp-json\/wp\/v2\/comments?post=926"}],"version-history":[{"count":11,"href":"https:\/\/211md.org\/pt\/wp-json\/wp\/v2\/pages\/926\/revisions"}],"predecessor-version":[{"id":34245,"href":"https:\/\/211md.org\/pt\/wp-json\/wp\/v2\/pages\/926\/revisions\/34245"}],"up":[{"embeddable":true,"href":"https:\/\/211md.org\/pt\/wp-json\/wp\/v2\/pages\/930"}],"wp:featuredmedia":[{"embeddable":true,"href":"https:\/\/211md.org\/pt\/wp-json\/wp\/v2\/media\/33784"}],"wp:attachment":[{"href":"https:\/\/211md.org\/pt\/wp-json\/wp\/v2\/media?parent=926"}],"curies":[{"name":"wp","href":"https:\/\/api.w.org\/{rel}","templated":true}]}}