{"id":955,"date":"2021-04-15T18:59:01","date_gmt":"2021-04-15T18:59:01","guid":{"rendered":"https:\/\/211md.org\/?page_id=955"},"modified":"2025-12-01T11:05:08","modified_gmt":"2025-12-01T16:05:08","slug":"contas-de-aquecimento","status":"publish","type":"page","link":"https:\/\/211md.org\/pt\/resources\/utility-assistance\/heating-bills\/","title":{"rendered":"Obtenha ajuda financeira com sua conta de aquecimento de Maryland"},"content":{"rendered":"<img decoding=\"async\" src=\"https:\/\/stg-maryland211-staging.kinsta.cloud\/wp-content\/uploads\/2025\/08\/5-1-scaled.png\" alt=\"5\" itemprop=\"image\" height=\"692\" width=\"2560\" title=\"5\" onerror=\"this.style.display='none'\" loading=\"lazy\" \/>\n\t\t<p>Stay warm during the winter with utility assistance programs that offset the costs of the heating bill.\u00a0<\/p>\n<p>Learn about the heating programs available to help. You can also dial 211 at any time to speak with a caring person who will connect you to utility help.<\/p>\n\t\t\t<a href=\"#start\" target=\"_self\">\n\t\t\t\t\t\tCome\u00e7ar\n\t\t\t\t\t<\/a>\n\t\t\t\t<img decoding=\"async\" src=\"https:\/\/211md.org\/wp-content\/plugins\/bb-plugin\/img\/pixel.png\" alt=\"\" itemprop=\"image\" onerror=\"this.style.display='none'\" loading=\"lazy\" \/>\n\t\t\t\t<img decoding=\"async\" src=\"https:\/\/stg-maryland211-staging.kinsta.cloud\/wp-content\/uploads\/2025\/08\/16.png\" alt=\"16\" itemprop=\"image\" height=\"1000\" width=\"1000\" title=\"16\" onerror=\"this.style.display='none'\" loading=\"lazy\" \/>\n\t\t\t\t<img decoding=\"async\" src=\"http:\/\/211md.org\/wp-content\/uploads\/2025\/01\/mom-trying-to-stay-warm-holding-son.jpg\" alt=\"m\u00e3e tentando se manter aquecida segurando filho\" itemprop=\"image\" title=\"m\u00e3e tentando se manter aquecida segurando filho\" onerror=\"this.style.display='none'\" loading=\"lazy\" \/>\n\t<h2>Ajuda de emerg\u00eancia com uma conta de aquecimento<\/h2>\n<p>H\u00e1 uma s\u00e9rie de op\u00e7\u00f5es para fam\u00edlias eleg\u00edveis que precisam de ajuda emergencial com sua conta de aquecimento:<\/p>\n<ul>\n<li>Uma bolsa do Escrit\u00f3rio de Programas de Energia Dom\u00e9stica (OHEP).<\/li>\n<li>Apoio do Fundo de Combust\u00edvel.<\/li>\n<li>Prote\u00e7\u00e3o contra desligamento durante o inverno.<\/li>\n<li>Ajuda de institui\u00e7\u00f5es de caridade locais ou organiza\u00e7\u00f5es religiosas.<\/li>\n<li>Programas de climatiza\u00e7\u00e3o.<\/li>\n<\/ul>\n<p>Ent\u00e3o, como voc\u00ea encontra a melhor solu\u00e7\u00e3o para sua situa\u00e7\u00e3o?<\/p>\n<ol>\n<li><strong>Disque 2-1-1<\/strong>Nossos especialistas em recursos atenciosos podem conect\u00e1-lo para obter ajuda.<\/li>\n<li><strong><a href=\"https:\/\/search.211md.org\/search?query=Office+of+Home+Energy+Programs&amp;query_label=Office+of+Home+Energy+Programs&amp;query_type=text\" target=\"_blank\" rel=\"noopener\">Pesquise em nosso banco de dados<\/a> <\/strong>para encontrar subs\u00eddios estaduais e organiza\u00e7\u00f5es locais dispostas a ajudar com as contas de aquecimento.<\/li>\n<li>Aprenda sobre o\u00a0<strong>programas de assist\u00eancia ao aquecimento<\/strong> e elegibilidade abaixo.<\/li>\n<\/ol>\n\t<h2>Escrit\u00f3rio de Programas de Energia Dom\u00e9stica (OHEP)<\/h2>\n<p>Mantenha-se aquecido com programas de <a href=\"https:\/\/dhs.maryland.gov\/office-of-home-energy-programs\/local-home-energy-program-office\/\" target=\"_blank\" rel=\"noreferrer noopener\">Escrit\u00f3rio de Programas de Energia Dom\u00e9stica (OHEP)<\/a>. Fam\u00edlias de Maryland com renda eleg\u00edvel podem se qualificar para ajuda para pagar suas contas de servi\u00e7os p\u00fablicos e manter o aquecimento ligado durante o inverno. Saiba mais sobre os v\u00e1rios programas do OHEP que podem ajudar com uma conta de aquecimento.<\/p>\n<h4><em>Programa de Assist\u00eancia Energ\u00e9tica de Maryland (MEAP)<\/em><\/h4>\n<p>O Maryland Energy Assistance Program (MEAP) fornece subs\u00eddios para aquecimento para fam\u00edlias com renda qualificada. Voc\u00ea n\u00e3o precisa de um aviso de desligamento para obter ajuda.<\/p>\n<p>O subs\u00eddio paga seu fornecedor de combust\u00edvel ou concession\u00e1ria de servi\u00e7os p\u00fablicos em seu nome.<\/p>\n<p>Al\u00e9m do MEAP, voc\u00ea pode se qualificar para outros programas de aquecimento.<\/p>\n<h4><em>Programa de Prote\u00e7\u00e3o de Servi\u00e7os P\u00fablicos (USPP)<\/em><\/h4>\n<p>Todos os clientes eleg\u00edveis para o MEAP n\u00e3o podem ter seu aquecimento desligado durante o inverno. Essa prote\u00e7\u00e3o \u00e9 oferecida pelo Utility Service Protection Program ou USPP.<\/p>\n<p>Aprenda como solicitar esta ajuda e como preencher o requerimento em <a href=\"https:\/\/211md.org\/pt\/recursos\/utilitario-assistencia\/\">Guia de assist\u00eancia a utilit\u00e1rios 211<\/a>.<\/p>\n<h4><em>Programa de Servi\u00e7o Universal El\u00e9trico (EUSP)<\/em><\/h4>\n<p>Se sua casa tiver aquecimento el\u00e9trico, o <a href=\"http:\/\/www.opc.maryland.gov\/Home\/Energy-Assistance-Tool-Kit\" target=\"_blank\" rel=\"noreferrer noopener\">Gabinete do Conselho Popular de Maryland<\/a> recomenda que voc\u00ea selecione MEAP e EUSP no aplicativo de assist\u00eancia energ\u00e9tica residencial.<\/p>\n<p>O EUSP paga uma parte da sua conta de luz atual. Voc\u00ea tamb\u00e9m faz parte de um plano de cobran\u00e7a com a sua companhia el\u00e9trica para ajudar a distribuir o custo das suas contas uniformemente ao longo do ano. Dessa forma, voc\u00ea pode evitar aumentos na conta durante os meses frios do inverno ou no calor do ver\u00e3o.<\/p>\n<h4><em>Assist\u00eancia de aposentadoria por atraso de g\u00e1s<\/em><\/h4>\n<p>o <strong>G\u00e1s<\/strong>\u00a0<strong>Aux\u00edlio Aposentadoria Atrasada<\/strong>\u00a0(GARA) ajuda os clientes com contas de luz e g\u00e1s vencidas superiores a $300. Os clientes qualificados podem receber at\u00e9 $2.000 em sua conta de servi\u00e7os p\u00fablicos.<\/p>\n<p>Esteja atento ao solicitar este subs\u00eddio, pois ele \u00e9 apenas\u00a0<u>dispon\u00edvel para os clientes uma vez a cada sete anos<\/u>, com algumas exce\u00e7\u00f5es.<\/p>\n<h3>Solicitar ajuda para aquecimento<\/h3>\n<p>Pronto para solicitar ajuda? Siga isso\u00a0<a href=\"https:\/\/211md.org\/pt\/utilitario-assistencia\/\" target=\"_blank\" rel=\"noopener\">guia passo a passo<\/a> para entender como preencher o requerimento, erros comuns a evitar e informa\u00e7\u00f5es sobre a documenta\u00e7\u00e3o necess\u00e1ria.<\/p>\n<p>Se voc\u00ea est\u00e1 pronto para ir direto para o aplicativo, inscreva-se agora para\u00a0<a href=\"https:\/\/mydhrbenefits.dhr.state.md.us\/dashboardClient\/#\/home\" target=\"_blank\" rel=\"noopener\">benef\u00edcios de assist\u00eancia energ\u00e9tica em Maryland<\/a>.<\/p>\n\t\t\t\t<a href=\"https:\/\/search.211md.org\/\" target=\"_blank\" rel=\"noopener\" itemprop=\"url\">\n\t\t\t\t<img decoding=\"async\" src=\"https:\/\/stg-maryland211-staging.kinsta.cloud\/wp-content\/uploads\/2025\/08\/2025_MdInfoNet_Icon-Sets-white_Locate.png\" alt=\"\" itemprop=\"image\" onerror=\"this.style.display='none'\" loading=\"lazy\" \/>\n\t\t\t\t<\/a>\n<h2><a href=\"https:\/\/search.211md.org\/\" target=\"_blank\" rel=\"noopener\">Encontre recursos agora<\/a><\/h2><p>Encontrar <strong>recursos da comunidade <\/strong>para alimenta\u00e7\u00e3o, sa\u00fade, moradia e muito mais em nosso banco de dados. Pesquise por CEP.<\/p>\n\t\t\t<a href=\"https:\/\/search.211md.org\/\" target=\"_blank\" rel=\"noopener\">\n\t\t\t\t\t\t\tProcure agora\n\t\t\t<\/a>\n\t\t\t\t<img decoding=\"async\" src=\"http:\/\/211md.org\/wp-content\/uploads\/2025\/12\/cold-woman-looking-at-heating-bill.jpg\" alt=\"Cold woman looking at heating bill\" itemprop=\"image\" title=\"cold woman looking at heating bill\" onerror=\"this.style.display='none'\" loading=\"lazy\" \/>\n\t<h2>Escrit\u00f3rio de Programas de Energia Dom\u00e9stica (OHEP)<\/h2>\n<p>Mantenha-se aquecido com programas de <a href=\"https:\/\/dhs.maryland.gov\/office-of-home-energy-programs\/local-home-energy-program-office\/\" target=\"_blank\" rel=\"noreferrer noopener\">Escrit\u00f3rio de Programas de Energia Dom\u00e9stica (OHEP)<\/a>. Fam\u00edlias de Maryland com renda eleg\u00edvel podem se qualificar para ajuda para pagar suas contas de servi\u00e7os p\u00fablicos e manter o aquecimento ligado durante o inverno. Saiba mais sobre os v\u00e1rios programas do OHEP que podem ajudar com uma conta de aquecimento.<\/p>\n<h4><em>Programa de Assist\u00eancia Energ\u00e9tica de Maryland (MEAP)<\/em><\/h4>\n<p>O Maryland Energy Assistance Program (MEAP) fornece subs\u00eddios para aquecimento para fam\u00edlias com renda qualificada. Voc\u00ea n\u00e3o precisa de um aviso de desligamento para obter ajuda.<\/p>\n<p>O subs\u00eddio paga seu fornecedor de combust\u00edvel ou concession\u00e1ria de servi\u00e7os p\u00fablicos em seu nome.<\/p>\n<p>Al\u00e9m do MEAP, voc\u00ea pode se qualificar para outros programas de aquecimento.<\/p>\n<h4><em>Programa de Prote\u00e7\u00e3o de Servi\u00e7os P\u00fablicos (USPP)<\/em><\/h4>\n<p>Todos os clientes eleg\u00edveis para o MEAP n\u00e3o podem ter seu aquecimento desligado durante o inverno. Essa prote\u00e7\u00e3o \u00e9 oferecida pelo Utility Service Protection Program ou USPP.<\/p>\n<p>Aprenda como solicitar esta ajuda e como preencher o requerimento em <a href=\"https:\/\/211md.org\/pt\/recursos\/utilitario-assistencia\/\">Guia de assist\u00eancia a utilit\u00e1rios 211<\/a>.<\/p>\n<h4><em>Programa de Servi\u00e7o Universal El\u00e9trico (EUSP)<\/em><\/h4>\n<p>Se sua casa tiver aquecimento el\u00e9trico, o <a href=\"http:\/\/www.opc.maryland.gov\/Home\/Energy-Assistance-Tool-Kit\" target=\"_blank\" rel=\"noreferrer noopener\">Gabinete do Conselho Popular de Maryland<\/a> recomenda que voc\u00ea selecione MEAP e EUSP no aplicativo de assist\u00eancia energ\u00e9tica residencial.<\/p>\n<p>O EUSP paga uma parte da sua conta de luz atual. Voc\u00ea tamb\u00e9m faz parte de um plano de cobran\u00e7a com a sua companhia el\u00e9trica para ajudar a distribuir o custo das suas contas uniformemente ao longo do ano. Dessa forma, voc\u00ea pode evitar aumentos na conta durante os meses frios do inverno ou no calor do ver\u00e3o.<\/p>\n\t<h4><em>Assist\u00eancia de aposentadoria por atraso de g\u00e1s<\/em><\/h4>\n<p>o <strong>G\u00e1s<\/strong>\u00a0<strong>Aux\u00edlio Aposentadoria Atrasada<\/strong>\u00a0(GARA) ajuda os clientes com contas de luz e g\u00e1s vencidas superiores a $300. Os clientes qualificados podem receber at\u00e9 $2.000 em sua conta de servi\u00e7os p\u00fablicos.<\/p>\n<p>Esteja atento ao solicitar este subs\u00eddio, pois ele \u00e9 apenas\u00a0<u>dispon\u00edvel para os clientes uma vez a cada sete anos<\/u>, com algumas exce\u00e7\u00f5es.<\/p>\n<h3>Solicitar ajuda para aquecimento<\/h3>\n<p>Pronto para solicitar ajuda? Siga isso\u00a0<a href=\"https:\/\/211md.org\/pt\/utilitario-assistencia\/\" target=\"_blank\" rel=\"noopener\">guia passo a passo<\/a> para entender como preencher o requerimento, erros comuns a evitar e informa\u00e7\u00f5es sobre a documenta\u00e7\u00e3o necess\u00e1ria.<\/p>\n<p>Se voc\u00ea est\u00e1 pronto para ir direto para o aplicativo, inscreva-se agora para\u00a0<a href=\"https:\/\/mydhrbenefits.dhr.state.md.us\/dashboardClient\/#\/home\" target=\"_blank\" rel=\"noopener\">benef\u00edcios de assist\u00eancia energ\u00e9tica em Maryland<\/a>.<\/p>\n\t<h3>Fundo de Combust\u00edvel de Maryland<\/h3>\n<p>Os subs\u00eddios do OHEP podem n\u00e3o cobrir toda a sua conta de aquecimento. Ou voc\u00ea pode n\u00e3o se qualificar para ajuda. <a href=\"https:\/\/fuelfundmaryland.org\/\" target=\"_blank\" rel=\"noreferrer noopener\">Fundo de Combust\u00edvel de Maryland<\/a> pode ser capaz de ajudar nesses casos.<\/p>\n<p>Inscreva-se no Fuel Fund se precisar de ajuda adicional depois de ter se inscrito para subs\u00eddios estaduais. Primeiro, voc\u00ea precisa preencher o requerimento de assist\u00eancia energ\u00e9tica do OHEP.<\/p>\n<p>Os seguintes indiv\u00edduos podem ser eleg\u00edveis para o Fundo de Combust\u00edvel:<\/p>\n<ul>\n<li>Clientes ou indiv\u00edduos da BGE que estejam sem ou quase sem combust\u00edvel a granel durante os meses de inverno, de novembro a mar\u00e7o.<\/li>\n<li>N\u00e3o recebeu ajuda do Fundo de Combust\u00edvel nos \u00faltimos 365 dias.<\/li>\n<li>A habita\u00e7\u00e3o est\u00e1 com energia desligada.<\/li>\n<li>Aviso de desligamento ativo do BGE.<\/li>\n<li>Efetuou 4 pagamentos bem-sucedidos nos \u00faltimos 365 dias.<\/li>\n<\/ul>\n<p>Voc\u00ea s\u00f3 pode receber dinheiro do fundo uma vez por ano. O financiamento \u00e9 limitado. <a href=\"https:\/\/fuelfundmaryland.org\/apply\" target=\"_blank\" rel=\"noopener\">Inscreva-se no Fundo de Combust\u00edvel<\/a>.<\/p>\n\t\t\t\t<img decoding=\"async\" src=\"http:\/\/211md.org\/wp-content\/uploads\/2025\/07\/Man-turning-on-thermostat.jpg\" alt=\"Homem ligando o termostato\" itemprop=\"image\" title=\"Homem ligando o termostato\" onerror=\"this.style.display='none'\" loading=\"lazy\" \/>\n\t<h3>Outras maneiras de obter ajuda com uma conta de aquecimento<\/h3>\n<p>H\u00e1 uma s\u00e9rie de organiza\u00e7\u00f5es religiosas e institui\u00e7\u00f5es de caridade locais que podem oferecer assist\u00eancia financeira adicional \u00e0s fam\u00edlias locais. Voc\u00ea pode encontrar esses grupos pesquisando <a href=\"http:\/\/search.211md.org\" target=\"_blank\" rel=\"noopener\">211 Banco de dados de recursos comunit\u00e1rios de Maryland<\/a>.<\/p>\n<p>Voc\u00ea tamb\u00e9m pode ligar para sua empresa de servi\u00e7os p\u00fablicos para ver se eles podem fornecer assist\u00eancia. Aqui est\u00e3o os n\u00fameros para contatar seus programas de assist\u00eancia energ\u00e9tica:<\/p>\n<ul>\n<li><a href=\"http:\/\/www.bge.com\/MyAccount\/CustomerSupport\/Pages\/BillPaymentAssistance.aspx\" target=\"_blank\" rel=\"noreferrer noopener\">BGE<\/a>\u00a0&#8211; 800-685-0123<\/li>\n<li><a href=\"http:\/\/www.pepco.com\/MyAccount\/CustomerSupport\/Pages\/MD\/BillPaymentAssistance.aspx\" target=\"_blank\" rel=\"noreferrer noopener\">Pepco<\/a>\u00a0&#8211; 202-833-7500<\/li>\n<li><a href=\"http:\/\/www.delmarva.com\/MyAccount\/CustomerSupport\/Pages\/DE\/BillPaymentAssistance.aspx\" target=\"_blank\" rel=\"noreferrer noopener\">Poder Delmarva<\/a>\u00a0&#8211; 800-375-7117<\/li>\n<li><a href=\"http:\/\/www.firstenergycorp.com\/help\/billingpayments\/assistance_serviceprogram\/potomac_edison_maryland.html\" target=\"_blank\" rel=\"noreferrer noopener\">Potomac Edison<\/a>\u00a0&#8211; 800-686-0011<\/li>\n<li><a href=\"https:\/\/www.columbiagasmd.com\/bills-and-payments\/financial-support\/income-eligible-assistance-programs#:~:text=Maryland%20Energy%20Assistance%20Program%20(MEAP,-800-272-2714.\" target=\"_blank\" rel=\"noreferrer noopener\">Columbia G\u00e1s<\/a>\u00a0888-927-4427<\/li>\n<li><a href=\"http:\/\/www.smeco.coop\/account\/universal-service-program\" target=\"_blank\" rel=\"noreferrer noopener\">SMECO<\/a>\u00a0888-4440-3311<\/li>\n<li><a href=\"https:\/\/www.washingtongas.com\/home-owners\/savings\/energy-assistance\" target=\"_blank\" rel=\"noreferrer noopener\">g\u00e1s de Washington<\/a>\u00a0&#8211; 844-927-4427<\/li>\n<\/ul>\n\t<h2>Programas de climatiza\u00e7\u00e3o<\/h2>\n<p>Voc\u00ea tamb\u00e9m pode tomar medidas para tornar sua casa mais eficiente em termos de energia. Isso pode ajudar no inverno e nos meses de ver\u00e3o. Janelas de calafetagem, portas de veda\u00e7\u00e3o e isolamento s\u00e3o \u00f3timas maneiras de reduzir os custos de servi\u00e7os p\u00fablicos.<\/p>\n<p>o\u00a0<a href=\"https:\/\/dhcd.maryland.gov\/Pages\/EnergyEfficiency\/default.aspx\" target=\"_blank\" rel=\"noreferrer noopener\">Departamento de Habita\u00e7\u00e3o e Desenvolvimento Comunit\u00e1rio de Maryland<\/a>\u00a0tem uma s\u00e9rie de programas para ajudar todos os propriet\u00e1rios a melhorar a efici\u00eancia de sua casa. Os programas ajudam com isolamento, reparo e substitui\u00e7\u00e3o de fornos, melhorias no sistema de \u00e1gua quente e outras melhorias de sa\u00fade e seguran\u00e7a.<\/p>\n<p>H\u00e1 tamb\u00e9m\u00a0<a href=\"https:\/\/dhcd.maryland.gov\/Residents\/Pages\/wap\/Default.aspx\" target=\"_blank\" rel=\"noopener\">programas de climatiza\u00e7\u00e3o e efici\u00eancia energ\u00e9tica<\/a>\u00a0dispon\u00edvel para residentes de baixa renda de Maryland. Voc\u00ea pode se qualificar para uma auditoria de energia gratuita para identificar \u00e1reas de preocupa\u00e7\u00e3o e reparos dom\u00e9sticos. O programa de renda eleg\u00edvel \u00e9 oferecido no n\u00edvel local.<\/p>\n\t\t\t\t<img decoding=\"async\" src=\"https:\/\/211md.org\/wp-content\/plugins\/bb-plugin\/img\/pixel.png\" alt=\"\" itemprop=\"image\" onerror=\"this.style.display='none'\" loading=\"lazy\" \/>\n\t\t\t\t<img decoding=\"async\" src=\"https:\/\/211md.org\/wp-content\/uploads\/bb-plugin\/cache\/Call-center-specialst-circle-4e9ecd7b3425be4576416abc911049bb-.jpg\" alt=\"Especialista em call center\" itemprop=\"image\" title=\"Especialista em call center\" onerror=\"this.style.display='none'\" loading=\"lazy\" \/>\n<h2>Disque 211<\/h2><p>Converse com uma pessoa atenciosa e compassiva 24 horas por dia, 7 dias por semana. Ela tamb\u00e9m pode conectar voc\u00ea a recursos.\u00a0<\/p>\n\t\t\t<a href=\"tel:%20+211\" target=\"_blank\" rel=\"noopener\">\n\t\t\t\t\t\tLigue para 211 (celular)\n\t\t\t\t\t<\/a>\n\t<h2>More Utility Help<\/h2>\n\t\t<h4><a href=\"\/pt\/recursos\/envelhecimento-incapacidade\/?utm_source=Home&#038;utm_medium=Referral&#038;utm_campaign=211Resources&#038;utm_content=Aging\" target=\"_self\">Envelhecimento e Defici\u00eancia<\/a><\/h4>\n\t\t\t\t<a href=\"\/pt\/recursos\/envelhecimento-incapacidade\/?utm_source=Home&#038;utm_medium=Referral&#038;utm_campaign=211Resources&#038;utm_content=Aging\"  target=\"_self\" itemprop=\"url\">\n\t\t\t\t<img decoding=\"async\" src=\"https:\/\/211md.org\/wp-content\/uploads\/bb-plugin\/cache\/2025_MdInfoNet_Icon-Sets_Aging-disability-square-c466727102cae71e5f27b8539bb51945-.png\" alt=\"\" itemprop=\"image\" onerror=\"this.style.display='none'\" loading=\"lazy\" \/>\n\t\t\t\t<\/a>\n\t\t<h4><a href=\"\/pt\/recursos\/criancas-familias\/?utm_source=Home&#038;utm_medium=Referral&#038;utm_campaign=211Resources&#038;utm_content=Children\" target=\"_self\">Crian\u00e7as e Fam\u00edlias<\/a><\/h4>\n\t\t\t\t<a href=\"\/pt\/recursos\/criancas-familias\/?utm_source=Home&#038;utm_medium=Referral&#038;utm_campaign=211Resources&#038;utm_content=Children\"  target=\"_self\" itemprop=\"url\">\n\t\t\t\t<img decoding=\"async\" src=\"https:\/\/211md.org\/wp-content\/uploads\/bb-plugin\/cache\/2025_211_Icon-Sets_Child-care-square-f3b0d4edab3dcc467fadb5f55f4064c6-.png\" alt=\"parent and child icon for child care\" itemprop=\"image\" height=\"417\" width=\"417\" title=\"2025_211_Conjuntos de \u00edcones_Cuidados infantis\" onerror=\"this.style.display='none'\" loading=\"lazy\" \/>\n\t\t\t\t<\/a>\n\t\t<h4><a href=\"\/pt\/recursos\/violencia-domestica-familiar\/?utm_source=Home&#038;utm_medium=Referral&#038;utm_campaign=211Resources&#038;utm_content=Domestic\" target=\"_self\">Viol\u00eancia dom\u00e9stica<\/a><\/h4>\n\t\t\t\t<a href=\"\/pt\/recursos\/violencia-domestica-familiar\/?utm_source=Home&#038;utm_medium=Referral&#038;utm_campaign=211Resources&#038;utm_content=Domestic\"  target=\"_self\" itemprop=\"url\">\n\t\t\t\t<img decoding=\"async\" src=\"https:\/\/211md.org\/wp-content\/uploads\/bb-plugin\/cache\/2025_211_Icon-Sets_Domestic-Violence-square-7b597694a6f05fe90cdc376aa573bc63-.png\" alt=\"\u00cdcone de viol\u00eancia dom\u00e9stica\" itemprop=\"image\" height=\"417\" width=\"417\" title=\"2025_211_Conjuntos de \u00edcones_Viol\u00eancia dom\u00e9stica\" onerror=\"this.style.display='none'\" loading=\"lazy\" \/>\n\t\t\t\t<\/a>\n\t\t<h4><a href=\"\/pt\/recursos\/procura-de-emprego\/?utm_source=Home&#038;utm_medium=Referral&#038;utm_campaign=211Resources&#038;utm_content=Employment\" target=\"_self\">Emprego<\/a><\/h4>\n\t\t\t\t<a href=\"\/pt\/recursos\/procura-de-emprego\/?utm_source=Home&#038;utm_medium=Referral&#038;utm_campaign=211Resources&#038;utm_content=Employment\"  target=\"_self\" itemprop=\"url\">\n\t\t\t\t<img decoding=\"async\" src=\"https:\/\/211md.org\/wp-content\/uploads\/bb-plugin\/cache\/2025_MdInfoNet_Icon-Sets_Employment-square-44707bd410e4df10a470bf130ebcea86-.png\" alt=\"\" itemprop=\"image\" onerror=\"this.style.display='none'\" loading=\"lazy\" \/>\n\t\t\t\t<\/a>\n\t\t<h4><a href=\"\/pt\/recursos\/cuidados-de-saude\/?utm_source=Home&#038;utm_medium=Referral&#038;utm_campaign=211Resources&#038;utm_content=Health%20Care\" target=\"_self\">Cuidados de sa\u00fade<\/a><\/h4>\n\t\t\t\t<a href=\"\/pt\/recursos\/cuidados-de-saude\/?utm_source=Home&#038;utm_medium=Referral&#038;utm_campaign=211Resources&#038;utm_content=Health%20Care\"  target=\"_self\" itemprop=\"url\">\n\t\t\t\t<img decoding=\"async\" src=\"https:\/\/211md.org\/wp-content\/uploads\/bb-plugin\/cache\/2025_MdInfoNet_Icon-Sets_Health-Care-square-dee98a0060cbe0e7f27eda253fc12679-.png\" alt=\"\" itemprop=\"image\" onerror=\"this.style.display='none'\" loading=\"lazy\" \/>\n\t\t\t\t<\/a>\n\t\t<h4><a href=\"\/pt\/recursos\/criancas-familias\/cuidados-de-parentesco\/?utm_source=Home&#038;utm_medium=Referral&#038;utm_campaign=211Resources&#038;utm_content=Kinship\" target=\"_self\">Parentesco<\/a><\/h4>\n\t\t\t\t<a href=\"\/pt\/recursos\/criancas-familias\/cuidados-de-parentesco\/?utm_source=Home&#038;utm_medium=Referral&#038;utm_campaign=211Resources&#038;utm_content=Kinship\"  target=\"_self\" itemprop=\"url\">\n\t\t\t\t<img decoding=\"async\" src=\"https:\/\/211md.org\/wp-content\/uploads\/bb-plugin\/cache\/2025_211_Icon-Sets_Kinship-square-45bdf872866f5735f842c32071109267-.png\" alt=\"\u00cdcone de parentesco\" itemprop=\"image\" height=\"417\" width=\"417\" title=\"2025_211_Conjuntos de \u00edcones_Parentesco\" onerror=\"this.style.display='none'\" loading=\"lazy\" \/>\n\t\t\t\t<\/a>\n\t\t<h4><a href=\"\/pt\/recursos\/servicos-legais\/?utm_source=Home&#038;utm_medium=Referral&#038;utm_campaign=211Resources&#038;utm_content=Legal\" target=\"_self\">Servi\u00e7os legais<\/a><\/h4>\n\t\t\t\t<a href=\"\/pt\/recursos\/servicos-legais\/?utm_source=Home&#038;utm_medium=Referral&#038;utm_campaign=211Resources&#038;utm_content=Legal\"  target=\"_self\" itemprop=\"url\">\n\t\t\t\t<img decoding=\"async\" src=\"https:\/\/211md.org\/wp-content\/uploads\/bb-plugin\/cache\/2025_MdInfoNet_Icon-Sets_Legal-square-18fdf438feb8435588174d9046463257-.png\" alt=\"\" itemprop=\"image\" onerror=\"this.style.display='none'\" loading=\"lazy\" \/>\n\t\t\t\t<\/a>\n\t\t<h4><a href=\"\/pt\/recursos\/saude-mental\/?utm_source=Home&#038;utm_medium=Referral&#038;utm_campaign=211Resources&#038;utm_content=Mental\" target=\"_self\">Sa\u00fade mental<\/a><\/h4>\n\t\t\t\t<a href=\"\/pt\/recursos\/saude-mental\/?utm_source=Home&#038;utm_medium=Referral&#038;utm_campaign=211Resources&#038;utm_content=Mental\"  target=\"_self\" itemprop=\"url\">\n\t\t\t\t<img decoding=\"async\" src=\"https:\/\/211md.org\/wp-content\/uploads\/bb-plugin\/cache\/2025_MdInfoNet_Icon-Sets_Mental-Health-square-c59b38c4a993a947d4c9280fbe2d2fee-.png\" alt=\"\" itemprop=\"image\" onerror=\"this.style.display='none'\" loading=\"lazy\" \/>\n\t\t\t\t<\/a>\n\t\t<h4><a href=\"\/pt\/recursos\/mdreentry\/?utm_source=Home&#038;utm_medium=Referral&#038;utm_campaign=211Resources&#038;utm_content=Reentry\" target=\"_self\">Reentrada<\/a><\/h4>\n\t\t\t\t<a href=\"\/pt\/recursos\/mdreentry\/?utm_source=Home&#038;utm_medium=Referral&#038;utm_campaign=211Resources&#038;utm_content=Reentry\"  target=\"_self\" itemprop=\"url\">\n\t\t\t\t<img decoding=\"async\" src=\"https:\/\/211md.org\/wp-content\/uploads\/bb-plugin\/cache\/2025_211_Icon-Sets_Reentry-square-8676fea38abd920a832f45642fe31cca-.png\" alt=\"\u00cdcone de reentrada\" itemprop=\"image\" height=\"417\" width=\"417\" title=\"2025_211_Conjuntos de \u00edcones_Reentrada\" onerror=\"this.style.display='none'\" loading=\"lazy\" \/>\n\t\t\t\t<\/a>\n\t\t<h4><a href=\"\/pt\/recursos\/uso-de-substancias\/?utm_source=Home&#038;utm_medium=Referral&#038;utm_campaign=211Resources&#038;utm_content=Substance\" target=\"_self\">Uso de subst\u00e2ncias<\/a><\/h4>\n\t\t\t\t<a href=\"\/pt\/recursos\/uso-de-substancias\/?utm_source=Home&#038;utm_medium=Referral&#038;utm_campaign=211Resources&#038;utm_content=Substance\"  target=\"_self\" itemprop=\"url\">\n\t\t\t\t<img decoding=\"async\" src=\"https:\/\/211md.org\/wp-content\/uploads\/bb-plugin\/cache\/2025_MdInfoNet_Icon-Sets_Substance-Abuse-square-9022fec9d18a64118ad685c101885b55-.png\" alt=\"\" itemprop=\"image\" onerror=\"this.style.display='none'\" loading=\"lazy\" \/>\n\t\t\t\t<\/a>\n\t\t<h4><a href=\"\/pt\/recursos\/veteranos\/?utm_source=Home&#038;utm_medium=Referral&#038;utm_campaign=211Resources&#038;utm_content=Veterans\" target=\"_self\">veteranos<\/a><\/h4>\n\t\t\t\t<a href=\"\/pt\/recursos\/veteranos\/?utm_source=Home&#038;utm_medium=Referral&#038;utm_campaign=211Resources&#038;utm_content=Veterans\"  target=\"_self\" itemprop=\"url\">\n\t\t\t\t<img decoding=\"async\" src=\"https:\/\/211md.org\/wp-content\/uploads\/bb-plugin\/cache\/2025_MdInfoNet_Icon-Sets_Rating-square-6e60d00cce4faa8e0a6d4ad7366aa733-.png\" alt=\"\" itemprop=\"image\" onerror=\"this.style.display='none'\" loading=\"lazy\" \/>\n\t\t\t\t<\/a>","protected":false},"excerpt":{"rendered":"<p>Stay warm during the winter with utility assistance programs that offset the costs of the heating bill.\u00a0 Learn about the heating programs available to help. You can also dial 211 at any time to speak with a caring person who will connect you to utility help. Get Started Emergency Help With A Heating Bill There&hellip;<\/p>","protected":false},"author":8,"featured_media":33725,"parent":932,"menu_order":0,"comment_status":"closed","ping_status":"closed","template":"","meta":{"footnotes":""},"class_list":["post-955","page","type-page","status-publish","has-post-thumbnail","hentry"],"_links":{"self":[{"href":"https:\/\/211md.org\/pt\/wp-json\/wp\/v2\/pages\/955","targetHints":{"allow":["GET"]}}],"collection":[{"href":"https:\/\/211md.org\/pt\/wp-json\/wp\/v2\/pages"}],"about":[{"href":"https:\/\/211md.org\/pt\/wp-json\/wp\/v2\/types\/page"}],"author":[{"embeddable":true,"href":"https:\/\/211md.org\/pt\/wp-json\/wp\/v2\/users\/8"}],"replies":[{"embeddable":true,"href":"https:\/\/211md.org\/pt\/wp-json\/wp\/v2\/comments?post=955"}],"version-history":[{"count":4,"href":"https:\/\/211md.org\/pt\/wp-json\/wp\/v2\/pages\/955\/revisions"}],"predecessor-version":[{"id":4859,"href":"https:\/\/211md.org\/pt\/wp-json\/wp\/v2\/pages\/955\/revisions\/4859"}],"up":[{"embeddable":true,"href":"https:\/\/211md.org\/pt\/wp-json\/wp\/v2\/pages\/932"}],"wp:featuredmedia":[{"embeddable":true,"href":"https:\/\/211md.org\/pt\/wp-json\/wp\/v2\/media\/33725"}],"wp:attachment":[{"href":"https:\/\/211md.org\/pt\/wp-json\/wp\/v2\/media?parent=955"}],"curies":[{"name":"wp","href":"https:\/\/api.w.org\/{rel}","templated":true}]}}