{"id":958,"date":"2021-04-15T19:32:27","date_gmt":"2021-04-15T19:32:27","guid":{"rendered":"https:\/\/211md.org\/?page_id=958"},"modified":"2026-03-04T10:43:10","modified_gmt":"2026-03-04T15:43:10","slug":"veteranos","status":"publish","type":"page","link":"https:\/\/211md.org\/pt\/resources\/veterans\/","title":{"rendered":"veteranos"},"content":{"rendered":"<figure data-animation-delay=\"0\" data-animation-duration=\"1\" itemscope itemtype=\"https:\/\/schema.org\/ImageObject\">\n\t\t\t\t<img decoding=\"async\" src=\"https:\/\/stg-maryland211-staging.kinsta.cloud\/wp-content\/uploads\/2025\/08\/5-1-scaled.png\" alt=\"5\" height=\"692\" width=\"2560\" title=\"5\" onerror=\"this.style.display='none'\" loading=\"lazy\" \/>\n\t<\/figure>\n\t\t<p>H\u00e1 muitos benef\u00edcios aos quais veteranos, militares e suas fam\u00edlias podem ter direito. <\/p>\n<p>Para navegar pelo labirinto de recursos, disque 211 para falar com um especialista em informa\u00e7\u00f5es e encaminhamentos ou comece com um <a href=\"https:\/\/www.va.gov\/REACH\/\" target=\"_blank\" rel=\"noopener\">auto-avalia\u00e7\u00e3o<\/a> do Departamento de Assuntos de Veteranos.<\/p>\n<p>Explore recursos para desafios relacionados \u00e0 sua carreira, educa\u00e7\u00e3o, luto, perda, depress\u00e3o, isolamento, finan\u00e7as, relacionamentos, defici\u00eancia, transi\u00e7\u00f5es de vida e muito mais.<\/p>\n\t\t\t<a href=\"#start\"  target=\"_self\">\n\t\t\t\t\t\tCome\u00e7ar\n\t\t\t\t\t<\/a>\n<figure data-animation-delay=\"0\" data-animation-duration=\"1\" itemscope itemtype=\"https:\/\/schema.org\/ImageObject\">\n\t\t\t\t<img decoding=\"async\" src=\"https:\/\/211md.org\/wp-content\/plugins\/bb-plugin\/img\/pixel.png\" alt=\"\" onerror=\"this.style.display='none'\" loading=\"lazy\" \/>\n\t<\/figure>\n<figure data-animation-delay=\"0\" data-animation-duration=\"1.3\" itemscope itemtype=\"https:\/\/schema.org\/ImageObject\">\n\t\t\t\t<img decoding=\"async\" src=\"https:\/\/stg-maryland211-staging.kinsta.cloud\/wp-content\/uploads\/2025\/08\/16.png\" alt=\"16\" height=\"1000\" width=\"1000\" title=\"16\" onerror=\"this.style.display='none'\" loading=\"lazy\" \/>\n\t<\/figure>\n<figure data-animation-delay=\"0\" data-animation-duration=\"1\" itemscope itemtype=\"https:\/\/schema.org\/ImageObject\">\n\t\t\t\t<img decoding=\"async\" src=\"http:\/\/211md.org\/wp-content\/uploads\/2025\/10\/two-older-veterans-helping-each-other-at-park.jpg\" alt=\"dois veteranos mais velhos se ajudando no parque\" title=\"dois veteranos mais velhos se ajudando no parque\" onerror=\"this.style.display='none'\" loading=\"lazy\" \/>\n\t<\/figure>\n\t<h2>Servi\u00e7os para veteranos: por onde come\u00e7ar<\/h2>\n<p>o\u00a0<a href=\"https:\/\/veterans.maryland.gov\/\" target=\"_blank\" rel=\"noopener\">Departamento de Assuntos dos Veteranos de Maryland<\/a> tem oficiais de servi\u00e7o locais que podem ajudar veteranos e dependentes eleg\u00edveis a obter benef\u00edcios. Encontre um\u00a0<a href=\"https:\/\/veterans.maryland.gov\/maryland-department-of-veterans-affairs-service-benefits-program\/\" target=\"_blank\" rel=\"noopener\">escrit\u00f3rio perto de voc\u00ea<\/a>.\u00a0<\/p>\n<p>Para falar com algu\u00e9m do Programa de Servi\u00e7os, ligue para 800-446-4926, ramal. 6450.\u00a0<\/p>\n<p>Em muitos casos, ao buscar informa\u00e7\u00f5es sobre benef\u00edcios federais de VA, \u00e9 melhor entrar em contato com o Escrit\u00f3rio de Benef\u00edcios local, que fornecer\u00e1 triagem e assist\u00eancia para se conectar com os programas para os quais voc\u00ea \u00e9 eleg\u00edvel.\u00a0<a href=\"https:\/\/www.benefits.va.gov\/benefits\/offices.asp\" target=\"_blank\" rel=\"noopener\">Encontre um escrit\u00f3rio local perto de voc\u00ea<\/a>\u00a0ou ligue para 1-800-827-1000.\u00a0<\/p>\n<p>Existem tamb\u00e9m v\u00e1rios recursos no banco de dados 211.\u00a0\u00a0<\/p>\n<ul>\n<li><a href=\"https:\/\/search.211md.org\/search?query=FT-1000.9000&amp;query_type=taxonomy&amp;query_label=\" target=\"_blank\" rel=\"noopener\">Assist\u00eancia de benef\u00edcios para veteranos<\/a><\/li>\n<li data-leveltext=\"\uf0b7\" data-font=\"Symbol\" data-listid=\"7\" aria-setsize=\"-1\" data-aria-posinset=\"1\" data-aria-level=\"1\"><a href=\"https:\/\/search.211md.org\/search?query=NS-1800.9000&amp;query_type=taxonomy&amp;query_label=\" target=\"_blank\" rel=\"noopener\">Remunera\u00e7\u00e3o de Veteranos e Benef\u00edcios de Pens\u00e3o<\/a><\/li>\n<\/ul>\n\t\t<figure itemscope itemtype=\"https:\/\/schema.org\/ImageObject\">\n\t\t\t\t<img decoding=\"async\" src=\"https:\/\/stg-maryland211-staging.kinsta.cloud\/wp-content\/uploads\/2025\/08\/2025_MdInfoNet_Icon-Sets-white_Locate.png\" alt=\"\" onerror=\"this.style.display='none'\" loading=\"lazy\" \/>\n\t<\/figure>\n<h2>Encontre recursos para veteranos<\/h2><p>Search the 211 Community Resource Database for Veteran-related resources.<\/p>\n\t\t\t<a href=\"https:\/\/search.211md.org\/search?query=FT-1000.9000&#038;query_type=taxonomy&#038;query_label=\" target=\"_blank\" rel=\"noopener\">\n\t\t\t\t\t\t\tajuda com benef\u00edcios para veteranos\n\t\t\t\t\t<\/a>\n\t\t\t<a href=\"https:\/\/search.211md.org\/search?query=NS-1800.9000&#038;query_type=taxonomy&#038;query_label=\" target=\"_blank\" rel=\"noopener\">\n\t\t\t\t\t\t\tcompensa\u00e7\u00e3o e benef\u00edcios\n\t\t\t\t\t<\/a>\n\t\t\t<a href=\"https:\/\/search.211md.org\/search?query=TM-5100&#038;query_type=taxonomy&#038;query_label=\" target=\"_blank\" rel=\"noopener\">\n\t\t\t\t\t\t\tCentros de apoio \u00e0 fam\u00edlia\n\t\t\t\t\t<\/a>\n<figure data-animation-delay=\"0\" data-animation-duration=\"1\" itemscope itemtype=\"https:\/\/schema.org\/ImageObject\">\n\t\t\t\t<img decoding=\"async\" src=\"http:\/\/211md.org\/wp-content\/uploads\/2025\/10\/Veteran-family-supporting-each-other.jpg\" alt=\"Fam\u00edlia de veteranos apoiando uns aos outros\" title=\"Fam\u00edlia de veteranos apoiando uns aos outros\" onerror=\"this.style.display='none'\" loading=\"lazy\" \/>\n\t<\/figure>\n\t<h3><b>Suporte geral<\/b>\u00a0<\/h3>\n<p>Os fundos do Departamento de Defesa\u00a0<a href=\"https:\/\/www.militaryonesource.mil\/\" target=\"_blank\" rel=\"noopener\">Militar OneSource<\/a>, que oferece consultas individualizadas, treinamento e aconselhamento n\u00e3o m\u00e9dico para servi\u00e7os fiscais, gerenciamento de dinheiro, paternidade e cuidados infantis, ajuda no emprego, webinars, ferramentas de implanta\u00e7\u00e3o de realoca\u00e7\u00e3o e muito mais.\u00a0\u00a0<\/p>\n<p>Muitos membros da equipe militar do OneSource t\u00eam experi\u00eancia militar (veteranos, c\u00f4njuges, guardas, reservistas) e todos recebem treinamento cont\u00ednuo em assuntos militares e estilo de vida militar.\u00a0<\/p>\n<p>o <a href=\"https:\/\/www.redcross.org\/get-help\/military-families\/services-for-veterans.html\" target=\"_blank\" rel=\"noopener\">Cruz Vermelha Americana<\/a> tamb\u00e9m apoia veteranos, militares e suas fam\u00edlias durante e ap\u00f3s os destacamentos. Eles oferecem assist\u00eancia financeira, ajudam com reivindica\u00e7\u00f5es e benef\u00edcios de veteranos e fornecem comunica\u00e7\u00e3o crucial se houver uma situa\u00e7\u00e3o de emerg\u00eancia durante uma implanta\u00e7\u00e3o.<\/p>\n\t<h2>Aconselhamento para veteranos e suas fam\u00edlias<\/h2>\n<p>Existem v\u00e1rios <a href=\"https:\/\/211md.org\/pt\/recursos\/veteranos\/saude-mental-para-veteranos\/\">programas de sa\u00fade mental<\/a> para veteranos e suas fam\u00edlias em Maryland.<\/p>\n<p><a href=\"https:\/\/health.maryland.gov\/bha\/veterans\/\" target=\"_blank\" rel=\"noopener\">Compromisso de Maryland com os veteranos<\/a> (MCV) vincula os militares de Maryland, veteranos e suas fam\u00edlias ao apoio \u00e0 sa\u00fade mental e ao uso indevido de subst\u00e2ncias. A organiza\u00e7\u00e3o atende em diversas necessidades, desde sa\u00fade comportamental at\u00e9 moradia, independente da situa\u00e7\u00e3o de alta ou tempo de servi\u00e7o.<\/p>\n<p>A organiza\u00e7\u00e3o oferece servi\u00e7os de refer\u00eancia, apoio de colegas, financiamento de crises, preven\u00e7\u00e3o de suic\u00eddio, treinamento e educa\u00e7\u00e3o e check-ins semanais ou quinzenais por meio da Lista de Chamadas da Opera\u00e7\u00e3o MCV.<\/p>\n<p><a href=\"\/pt\/podcast\/podcast-episode-4-veterans\/\" rel=\"noopener\">Leia a transcri\u00e7\u00e3o ou ou\u00e7a<\/a>\u00a0acesse o podcast \u201cWhat&#039;s the 211\u201d para saber mais sobre os programas oferecidos pelo Compromisso com os Veteranos de Maryland.\u00a0<\/p>\n<p>Os coordenadores de recursos regionais trabalham com o VA Healthcare System, provedores comunit\u00e1rios e organiza\u00e7\u00f5es sem fins lucrativos que oferecem assist\u00eancia.\u00a0<\/p>\n<p>Membros do servi\u00e7o, veteranos e familiares podem entrar em contato com o MCV ligando para 877-770-4801.\u00a0<\/p>\n<h3>Em crise? Obtenha suporte agora<\/h3>\n<p>Se voc\u00ea \u00e9 militar, veterano ou familiar e est\u00e1 em crise ou com pensamentos suicidas, ligue para 988 e pressione 1, para falar com algu\u00e9m da Linha de Crise de Veteranos.<\/p>\n<p>Voc\u00ea tamb\u00e9m pode <a href=\"http:\/\/veteranscrisisline.net\/Chat\" target=\"_blank\" rel=\"noopener\">bate-papo on-line<\/a> com a Linha de Crise dos Veteranos.\u00a0<\/p>\n<figure data-animation-delay=\"0\" data-animation-duration=\"1\" itemscope itemtype=\"https:\/\/schema.org\/ImageObject\">\n\t\t\t\t<img decoding=\"async\" src=\"http:\/\/211md.org\/wp-content\/uploads\/2025\/10\/veteran-hugging-a-dog.jpg\" alt=\"veterano abra\u00e7ando um cachorro\" title=\"veterano abra\u00e7ando um cachorro\" onerror=\"this.style.display='none'\" loading=\"lazy\" \/>\n\t<\/figure>\n<h3>guerreiros feridos<\/h3>\n<p>Mantendo a sua vis\u00e3o de ajudar a \u201cpromover a gera\u00e7\u00e3o mais bem-sucedida e bem ajustada de militares feridos na hist\u00f3ria da nossa na\u00e7\u00e3o\u201d, o\u00a0<a href=\"https:\/\/woundedwarriorproject.org\/\" target=\"_blank\" rel=\"noopener\">Projeto Guerreiro Ferido<\/a> tem v\u00e1rios programas concebidos para apoiar a mente e o corpo, bem como para incentivar o empoderamento e o envolvimento econ\u00f3mico.\u00a0\u00a0<\/p>\n<p>Seus programas concentram-se na assist\u00eancia aos veteranos com ferimentos sofridos a partir de 11 de setembro de 2001. Em muitos casos, os familiares dos guerreiros feridos tamb\u00e9m s\u00e3o incentivados a participar.\u00a0<\/p>\n<p>O escrit\u00f3rio local que atende Maryland fica em Washington DC e pode ser contatado pelo telefone 202-558-4301.\u00a0<\/p>\n<h2>Sem-abrigo<\/h2>\n<p>Se voc\u00ea \u00e9 um veterano em risco de ficar sem teto ou j\u00e1 est\u00e1 nessa situa\u00e7\u00e3o, ligue para 211 para encontrar programas locais que possam ajudar com necessidades imediatas e <a href=\"https:\/\/211md.org\/pt\/recursos\/veteranos\/moradia-ajuda-para-veteranos\/\">apoio habitacional de longa dura\u00e7\u00e3o<\/a>.<\/p>\n<p>Os veteranos tamb\u00e9m podem obter apoio do <a href=\"https:\/\/www.va.gov\/HOMELESS\/NationalCallCenter.asp\" target=\"_blank\" rel=\"noopener\">Central de atendimento nacional para veteranos sem-teto<\/a>. Conselheiros treinados est\u00e3o dispon\u00edveis 24 horas por dia, 7 dias por semana, 365 dias por ano para oferecer suporte. Ligue para 1-877-4AID-VET (877-424-3838). Eles fornecer\u00e3o informa\u00e7\u00f5es sobre programas VA para moradores de rua, cuidados de sa\u00fade e outros servi\u00e7os.\u00a0\u00a0<\/p>\n<h2>\n\t\t\tInforma\u00e7\u00f5es adicionais sobre veteranos\t<\/h2>\n<figure itemscope itemtype=\"https:\/\/schema.org\/ImageObject\">\n\t\t\t\t<img decoding=\"async\" src=\"https:\/\/211md.org\/wp-content\/plugins\/bb-plugin\/img\/pixel.png\" alt=\"\" onerror=\"this.style.display='none'\" loading=\"lazy\" \/>\n\t<\/figure>\n\t\t<figure itemscope itemtype=\"https:\/\/schema.org\/ImageObject\">\n\t\t\t\t<img decoding=\"async\" src=\"https:\/\/211md.org\/wp-content\/uploads\/bb-plugin\/cache\/Call-center-specialst-circle-4e9ecd7b3425be4576416abc911049bb-.jpg\" alt=\"Especialista em call center\" title=\"Especialista em call center\" onerror=\"this.style.display='none'\" loading=\"lazy\" \/>\n\t<\/figure>\n<h2>Disque 211<\/h2><p>Converse com uma pessoa atenciosa e compassiva 24 horas por dia, 7 dias por semana. Ela tamb\u00e9m pode conectar voc\u00ea a recursos.\u00a0<\/p>\n\t\t\t<a href=\"tel:%20+211\"  target=\"_blank\" rel=\"noopener\">\n\t\t\t\t\t\tLigue para 211 (celular)\n\t\t\t\t\t<\/a>\n\t\t<h4><a href=\"\/pt\/recursos\/envelhecimento-incapacidade\/?utm_source=Home&#038;utm_medium=Referral&#038;utm_campaign=211Resources&#038;utm_content=Aging\" target=\"_self\">Envelhecimento e Defici\u00eancia<\/a><\/h4><figure itemscope itemtype=\"https:\/\/schema.org\/ImageObject\">\n\t\t\t\t<a href=\"\/pt\/recursos\/envelhecimento-incapacidade\/?utm_source=Home&#038;utm_medium=Referral&#038;utm_campaign=211Resources&#038;utm_content=Aging\"  target=\"_self\" itemprop=\"url\">\n\t\t\t\t<img decoding=\"async\" src=\"https:\/\/211md.org\/wp-content\/uploads\/bb-plugin\/cache\/2025_MdInfoNet_Icon-Sets_Aging-disability-square-c466727102cae71e5f27b8539bb51945-.png\" alt=\"\" onerror=\"this.style.display='none'\" loading=\"lazy\" \/>\n\t\t\t\t<\/a>\n\t<\/figure>\n\t\t<h4><a href=\"\/pt\/recursos\/criancas-familias\/?utm_source=Home&#038;utm_medium=Referral&#038;utm_campaign=211Resources&#038;utm_content=Children\" target=\"_self\">Crian\u00e7as e Fam\u00edlias<\/a><\/h4><figure itemscope itemtype=\"https:\/\/schema.org\/ImageObject\">\n\t\t\t\t<a href=\"\/pt\/recursos\/criancas-familias\/?utm_source=Home&#038;utm_medium=Referral&#038;utm_campaign=211Resources&#038;utm_content=Children\"  target=\"_self\" itemprop=\"url\">\n\t\t\t\t<img decoding=\"async\" src=\"https:\/\/211md.org\/wp-content\/uploads\/bb-plugin\/cache\/2025_211_Icon-Sets_Child-care-square-f3b0d4edab3dcc467fadb5f55f4064c6-.png\" alt=\"parent and child icon for child care\" height=\"417\" width=\"417\" title=\"2025_211_Conjuntos de \u00edcones_Cuidados infantis\" onerror=\"this.style.display='none'\" loading=\"lazy\" \/>\n\t\t\t\t<\/a>\n\t<\/figure>\n\t\t<h4><a href=\"\/pt\/recursos\/violencia-domestica-familiar\/?utm_source=Home&#038;utm_medium=Referral&#038;utm_campaign=211Resources&#038;utm_content=Domestic\" target=\"_self\">Viol\u00eancia dom\u00e9stica<\/a><\/h4><figure itemscope itemtype=\"https:\/\/schema.org\/ImageObject\">\n\t\t\t\t<a href=\"\/pt\/recursos\/violencia-domestica-familiar\/?utm_source=Home&#038;utm_medium=Referral&#038;utm_campaign=211Resources&#038;utm_content=Domestic\"  target=\"_self\" itemprop=\"url\">\n\t\t\t\t<img decoding=\"async\" src=\"https:\/\/211md.org\/wp-content\/uploads\/bb-plugin\/cache\/2025_211_Icon-Sets_Domestic-Violence-square-7b597694a6f05fe90cdc376aa573bc63-.png\" alt=\"House with a heart in the middle icon\" height=\"417\" width=\"417\" title=\"2025_211_Conjuntos de \u00edcones_Viol\u00eancia dom\u00e9stica\" onerror=\"this.style.display='none'\" loading=\"lazy\" \/>\n\t\t\t\t<\/a>\n\t<\/figure>\n\t\t<h4><a href=\"\/pt\/recursos\/procura-de-emprego\/?utm_source=Home&#038;utm_medium=Referral&#038;utm_campaign=211Resources&#038;utm_content=Employment\" target=\"_self\">Emprego<\/a><\/h4><figure itemscope itemtype=\"https:\/\/schema.org\/ImageObject\">\n\t\t\t\t<a href=\"\/pt\/recursos\/procura-de-emprego\/?utm_source=Home&#038;utm_medium=Referral&#038;utm_campaign=211Resources&#038;utm_content=Employment\"  target=\"_self\" itemprop=\"url\">\n\t\t\t\t<img decoding=\"async\" src=\"https:\/\/211md.org\/wp-content\/uploads\/bb-plugin\/cache\/2025_MdInfoNet_Icon-Sets_Employment-square-44707bd410e4df10a470bf130ebcea86-.png\" alt=\"\" onerror=\"this.style.display='none'\" loading=\"lazy\" \/>\n\t\t\t\t<\/a>\n\t<\/figure>\n\t\t<h4><a href=\"\/pt\/recursos\/cuidados-de-saude\/?utm_source=Home&#038;utm_medium=Referral&#038;utm_campaign=211Resources&#038;utm_content=Health%20Care\" target=\"_self\">Cuidados de sa\u00fade<\/a><\/h4><figure itemscope itemtype=\"https:\/\/schema.org\/ImageObject\">\n\t\t\t\t<a href=\"\/pt\/recursos\/cuidados-de-saude\/?utm_source=Home&#038;utm_medium=Referral&#038;utm_campaign=211Resources&#038;utm_content=Health%20Care\"  target=\"_self\" itemprop=\"url\">\n\t\t\t\t<img decoding=\"async\" src=\"https:\/\/211md.org\/wp-content\/uploads\/bb-plugin\/cache\/2025_MdInfoNet_Icon-Sets_Health-Care-square-dee98a0060cbe0e7f27eda253fc12679-.png\" alt=\"\" onerror=\"this.style.display='none'\" loading=\"lazy\" \/>\n\t\t\t\t<\/a>\n\t<\/figure>\n\t\t<h4><a href=\"\/pt\/recursos\/novo-para-nos-e-marilandia\/?utm_source=Home&#038;utm_medium=Referral&#038;utm_campaign=211Resources&#038;utm_content=Immigration\" target=\"_self\">Imigra\u00e7\u00e3o<\/a><\/h4><figure itemscope itemtype=\"https:\/\/schema.org\/ImageObject\">\n\t\t\t\t<a href=\"\/pt\/recursos\/novo-para-nos-e-marilandia\/?utm_source=Home&#038;utm_medium=Referral&#038;utm_campaign=211Resources&#038;utm_content=Immigration\"  target=\"_self\" itemprop=\"url\">\n\t\t\t\t<img decoding=\"async\" src=\"https:\/\/211md.org\/wp-content\/uploads\/bb-plugin\/cache\/2025_MdInfoNet_Icon-Sets_Immigration-square-8b97b7fdfe5e6071405e216855065118-.png\" alt=\"\u00edcone de imigra\u00e7\u00e3o\" title=\"2025_MdInfoNet_Icon-Sets_Immigration\" onerror=\"this.style.display='none'\" loading=\"lazy\" \/>\n\t\t\t\t<\/a>\n\t<\/figure>\n\t\t<h4><a href=\"\/pt\/recursos\/criancas-familias\/cuidados-de-parentesco\/?utm_source=Home&#038;utm_medium=Referral&#038;utm_campaign=211Resources&#038;utm_content=Kinship\" target=\"_self\">Parentesco<\/a><\/h4><figure itemscope itemtype=\"https:\/\/schema.org\/ImageObject\">\n\t\t\t\t<a href=\"\/pt\/recursos\/criancas-familias\/cuidados-de-parentesco\/?utm_source=Home&#038;utm_medium=Referral&#038;utm_campaign=211Resources&#038;utm_content=Kinship\"  target=\"_self\" itemprop=\"url\">\n\t\t\t\t<img decoding=\"async\" src=\"https:\/\/211md.org\/wp-content\/uploads\/bb-plugin\/cache\/2025_211_Icon-Sets_Kinship-square-45bdf872866f5735f842c32071109267-.png\" alt=\"\u00cdcone de parentesco\" height=\"417\" width=\"417\" title=\"2025_211_Conjuntos de \u00edcones_Parentesco\" onerror=\"this.style.display='none'\" loading=\"lazy\" \/>\n\t\t\t\t<\/a>\n\t<\/figure>\n\t\t<h4><a href=\"\/pt\/recursos\/servicos-legais\/?utm_source=Home&#038;utm_medium=Referral&#038;utm_campaign=211Resources&#038;utm_content=Legal\" target=\"_self\">Servi\u00e7os legais<\/a><\/h4><figure itemscope itemtype=\"https:\/\/schema.org\/ImageObject\">\n\t\t\t\t<a href=\"\/pt\/recursos\/servicos-legais\/?utm_source=Home&#038;utm_medium=Referral&#038;utm_campaign=211Resources&#038;utm_content=Legal\"  target=\"_self\" itemprop=\"url\">\n\t\t\t\t<img decoding=\"async\" src=\"https:\/\/211md.org\/wp-content\/uploads\/bb-plugin\/cache\/2025_MdInfoNet_Icon-Sets_Legal-square-18fdf438feb8435588174d9046463257-.png\" alt=\"\" onerror=\"this.style.display='none'\" loading=\"lazy\" \/>\n\t\t\t\t<\/a>\n\t<\/figure>\n\t\t<h4><a href=\"\/pt\/recursos\/saude-mental\/?utm_source=Home&#038;utm_medium=Referral&#038;utm_campaign=211Resources&#038;utm_content=Mental\" target=\"_self\">Sa\u00fade mental<\/a><\/h4><figure itemscope itemtype=\"https:\/\/schema.org\/ImageObject\">\n\t\t\t\t<a href=\"\/pt\/recursos\/saude-mental\/?utm_source=Home&#038;utm_medium=Referral&#038;utm_campaign=211Resources&#038;utm_content=Mental\"  target=\"_self\" itemprop=\"url\">\n\t\t\t\t<img decoding=\"async\" src=\"https:\/\/211md.org\/wp-content\/uploads\/bb-plugin\/cache\/2025_MdInfoNet_Icon-Sets_Mental-Health-square-c59b38c4a993a947d4c9280fbe2d2fee-.png\" alt=\"\" onerror=\"this.style.display='none'\" loading=\"lazy\" \/>\n\t\t\t\t<\/a>\n\t<\/figure>\n\t\t<h4><a href=\"\/pt\/recursos\/mdreentry\/?utm_source=Home&#038;utm_medium=Referral&#038;utm_campaign=211Resources&#038;utm_content=Reentry\" target=\"_self\">Reentrada<\/a><\/h4><figure itemscope itemtype=\"https:\/\/schema.org\/ImageObject\">\n\t\t\t\t<a href=\"\/pt\/recursos\/mdreentry\/?utm_source=Home&#038;utm_medium=Referral&#038;utm_campaign=211Resources&#038;utm_content=Reentry\"  target=\"_self\" itemprop=\"url\">\n\t\t\t\t<img decoding=\"async\" src=\"https:\/\/211md.org\/wp-content\/uploads\/bb-plugin\/cache\/2025_211_Icon-Sets_Reentry-square-8676fea38abd920a832f45642fe31cca-.png\" alt=\"\u00cdcone de reentrada\" height=\"417\" width=\"417\" title=\"2025_211_Conjuntos de \u00edcones_Reentrada\" onerror=\"this.style.display='none'\" loading=\"lazy\" \/>\n\t\t\t\t<\/a>\n\t<\/figure>\n\t\t<h4><a href=\"\/pt\/recursos\/uso-de-substancias\/?utm_source=Home&#038;utm_medium=Referral&#038;utm_campaign=211Resources&#038;utm_content=Substance\" target=\"_self\">Uso de subst\u00e2ncias<\/a><\/h4><figure itemscope itemtype=\"https:\/\/schema.org\/ImageObject\">\n\t\t\t\t<a href=\"\/pt\/recursos\/uso-de-substancias\/?utm_source=Home&#038;utm_medium=Referral&#038;utm_campaign=211Resources&#038;utm_content=Substance\"  target=\"_self\" itemprop=\"url\">\n\t\t\t\t<img decoding=\"async\" src=\"https:\/\/211md.org\/wp-content\/uploads\/bb-plugin\/cache\/2025_MdInfoNet_Icon-Sets_Substance-Abuse-square-4f414f085e657267739c181957754f48-.png\" alt=\"Pills for substance Use icon\" title=\"2025_MdInfoNet_Icon-Sets_Substance-Abuse\" onerror=\"this.style.display='none'\" loading=\"lazy\" \/>\n\t\t\t\t<\/a>\n\t<\/figure>\n\t\t<h4><a href=\"\/pt\/recursos\/veteranos\/?utm_source=Home&#038;utm_medium=Referral&#038;utm_campaign=211Resources&#038;utm_content=Veterans\" target=\"_self\">veteranos<\/a><\/h4><figure itemscope itemtype=\"https:\/\/schema.org\/ImageObject\">\n\t\t\t\t<a href=\"\/pt\/recursos\/veteranos\/?utm_source=Home&#038;utm_medium=Referral&#038;utm_campaign=211Resources&#038;utm_content=Veterans\"  target=\"_self\" itemprop=\"url\">\n\t\t\t\t<img decoding=\"async\" src=\"https:\/\/211md.org\/wp-content\/uploads\/bb-plugin\/cache\/2025_MdInfoNet_Icon-Sets_Rating-square-6e60d00cce4faa8e0a6d4ad7366aa733-.png\" alt=\"\" onerror=\"this.style.display='none'\" loading=\"lazy\" \/>\n\t\t\t\t<\/a>\n\t<\/figure>","protected":false},"excerpt":{"rendered":"<p>H\u00e1 muitos benef\u00edcios aos quais veteranos, militares e suas fam\u00edlias podem ter direito. Para navegar pela infinidade de recursos, ligue para 211 para falar com um especialista em informa\u00e7\u00e3o e encaminhamento ou comece com uma autoavalia\u00e7\u00e3o do Departamento de Assuntos de Veteranos. Explore recursos para desafios relacionados \u00e0 sua carreira, educa\u00e7\u00e3o, luto, perda, depress\u00e3o, isolamento,\u2026<\/p>","protected":false},"author":8,"featured_media":1413,"parent":930,"menu_order":0,"comment_status":"closed","ping_status":"closed","template":"","meta":{"footnotes":""},"class_list":["post-958","page","type-page","status-publish","has-post-thumbnail","hentry"],"_links":{"self":[{"href":"https:\/\/211md.org\/pt\/wp-json\/wp\/v2\/pages\/958","targetHints":{"allow":["GET"]}}],"collection":[{"href":"https:\/\/211md.org\/pt\/wp-json\/wp\/v2\/pages"}],"about":[{"href":"https:\/\/211md.org\/pt\/wp-json\/wp\/v2\/types\/page"}],"author":[{"embeddable":true,"href":"https:\/\/211md.org\/pt\/wp-json\/wp\/v2\/users\/8"}],"replies":[{"embeddable":true,"href":"https:\/\/211md.org\/pt\/wp-json\/wp\/v2\/comments?post=958"}],"version-history":[{"count":5,"href":"https:\/\/211md.org\/pt\/wp-json\/wp\/v2\/pages\/958\/revisions"}],"predecessor-version":[{"id":34407,"href":"https:\/\/211md.org\/pt\/wp-json\/wp\/v2\/pages\/958\/revisions\/34407"}],"up":[{"embeddable":true,"href":"https:\/\/211md.org\/pt\/wp-json\/wp\/v2\/pages\/930"}],"wp:featuredmedia":[{"embeddable":true,"href":"https:\/\/211md.org\/pt\/wp-json\/wp\/v2\/media\/1413"}],"wp:attachment":[{"href":"https:\/\/211md.org\/pt\/wp-json\/wp\/v2\/media?parent=958"}],"curies":[{"name":"wp","href":"https:\/\/api.w.org\/{rel}","templated":true}]}}