{"id":962,"date":"2021-04-16T13:37:14","date_gmt":"2021-04-16T13:37:14","guid":{"rendered":"https:\/\/211md.org\/?page_id=962"},"modified":"2025-10-14T22:03:06","modified_gmt":"2025-10-15T02:03:06","slug":"mensagens-de-texto","status":"publish","type":"page","link":"https:\/\/211md.org\/pt\/about\/text-messages\/","title":{"rendered":"Mensagens de texto"},"content":{"rendered":"<h2>Mensagens de texto informativas e inspiradoras<\/h2>\n<p>211 Maryland oferece aos residentes uma s\u00e9rie de maneiras de se conectarem a recursos humanos e de sa\u00fade essenciais. Al\u00e9m de ligar para o 211, oferecemos campanhas de texto PUSH-ALERT. Voc\u00ea envia uma \u201cpalavra-chave\u201d para um n\u00famero e receber\u00e1 mensagens de texto informativas e de apoio.<\/p>\n\t\t\t\t<img decoding=\"async\" src=\"https:\/\/211md.org\/wp-content\/uploads\/2021\/04\/Informational-and-Inspirational-Text-Messages-from-211-Maryland-.jpg\" alt=\"Mulher sorrindo um ponto e iPhone\" itemprop=\"image\" height=\"630\" width=\"1200\" title=\"Mensagens de texto informativas e inspiradoras de 211 Maryland\" onerror=\"this.style.display='none'\" loading='lazy' \/>\n\t<p>Se voc\u00ea estiver no celular, clique no bot\u00e3o de palavra-chave para abrir mensagens de texto. Caso contr\u00e1rio, envie a palavra-chave para o n\u00famero de telefone.<\/p>\n\t\t<p><em>211 Maryland oferece programas de alerta de mensagem de texto que fornecem informa\u00e7\u00f5es de recursos espec\u00edficos da regi\u00e3o ou fornecem alertas de desastres. Taxas de mensagem e dados podem ser aplicadas. A frequ\u00eancia da mensagem pode variar. Envie STOP para o mesmo n\u00famero para cancelar a assinatura. Para obter ajuda, envie HELP. Termos completos de SMS em <a href=\"https:\/\/211md.org\/pt\/sms\/\">https:\/\/211md.org\/sms\/<\/a> e <a href=\"https:\/\/211md.org\/pt\/politica-de-privacidade\/\">pol\u00edtica de Privacidade<\/a> tamb\u00e9m se aplicar\u00e1.\u00a0<\/em><\/p>\n\t\t<h3><a href=\"sms:\/\/898-211;?&#038;body=MDYoungMinds\" target=\"_blank\"  rel=\"noopener\">Apoio \u00e0 Sa\u00fade Mental do Adolescente<\/a><\/h3><p><strong>MDYoungMinds<\/strong>\u00a0apoia a sa\u00fade mental de indiv\u00edduos com 18 anos ou menos.<\/p>\n<p>Aprenda sobre o\u00a0<a href=\"https:\/\/211md.org\/pt\/recursos\/saude-mental\/depressao\/\" target=\"_blank\" rel=\"noopener\">sinais de depress\u00e3o adolescente<\/a>\u00a0e os caminhos\u00a0<a href=\"https:\/\/211md.org\/pt\/about\/mensagens-de-texto\/mentes-jovens\/\" target=\"_blank\" rel=\"noopener\">MDYoungMinds<\/a>\u00a0pode apoiar adolescentes e adolescentes.<\/p>\n<p>Parceiro: Departamento de Sa\u00fade de Maryland, Escrit\u00f3rio de Preven\u00e7\u00e3o do Suic\u00eddio<\/p>\n<p>Envie uma mensagem de texto para MDYoungMinds para 898-211.<\/p>\n\t\t\t<a href=\"sms:\/\/898-211;?&#038;body=MDYoungMinds\" target=\"_blank\" rel=\"noopener\">\n\t\t\t\t\t\t\tTexto MDYoungMinds\n\t\t\t\t\t<\/a>\n\t\t<h3><a href=\"sms:\/\/898-211;?&#038;body=MDMINDHEALTH\" target=\"_blank\"  rel=\"noopener\">Sa\u00fade mental<\/a><\/h3><p><strong>MDMindHealth<\/strong>\u00a0oferece mensagens motivacionais, alertas para manter uma boa sa\u00fade mental e recursos para servi\u00e7os de emerg\u00eancia e aconselhamento em Maryland. As mensagens de texto tamb\u00e9m est\u00e3o dispon\u00edveis em espanhol em\u00a0<strong>MDSaludMental<\/strong>.<\/p>\n<p><a href=\"https:\/\/211md.org\/pt\/about\/mensagens-de-texto\/md-mindhealth\/\">Saiba mais sobre as formas de MDMindHealth<\/a>\u00a0pode ajudar voc\u00ea ou algu\u00e9m que voc\u00ea conhece.<\/p>\n<p>Parceiro: Departamento de Sa\u00fade de Maryland, Administra\u00e7\u00e3o de Sa\u00fade Comportamental<\/p>\n<p>Envie uma mensagem de texto MDMindHealth para 898-211<\/p>\n<p>Envie uma mensagem de texto MDSaludMental para 898-211<\/p>\n\t\t\t<a href=\"sms:\/\/898-211;?&#038;body=MDMINDHEALTH\" target=\"_blank\" rel=\"noopener\">\n\t\t\t\t\t\t\tTexto MDMindHealth\n\t\t\t\t\t<\/a>\n\t\t\t<a href=\"sms:\/\/898-211;?&#038;body=MDSALUDMENTAL\" target=\"_blank\" rel=\"noopener\">\n\t\t\t\t\t\t\tTexto MDsaludmental See More\n\t\t\t\t\t<\/a>\n\t\t<h3><a href=\"sms:\/\/898-211;?&#038;body=MDKinCares\" target=\"_blank\"  rel=\"noopener\">Suporte de Parentesco<\/a><\/h3><p><strong>MDKinCares<\/strong>\u00a0fornece encorajamento, apoio e recursos aos cuidadores.<\/p>\n<p>Parceiro: Departamento de Servi\u00e7os Humanos de Maryland<\/p>\n<p>Envie uma mensagem de texto MDKinCares para 898-211.<\/p>\n\t\t\t<a href=\"sms:\/\/898-211;?&#038;body=MDKinCares\" target=\"_blank\" rel=\"noopener\">\n\t\t\t\t\t\t\tTexto MDKinCares\n\t\t\t\t\t<\/a>\n\t\t<h3><a href=\"sms:\/\/898-211;?&#038;body=MDAging\" target=\"_blank\"  rel=\"noopener\">Idosos e adultos com defici\u00eancia<\/a><\/h3><p><strong>MDAging<\/strong>\u00a0fornece acesso imediato e sob demanda a provedores de servi\u00e7os e recursos para idosos e cuidadores de adultos com defici\u00eancia.<\/p>\n<p>Parceiro: Departamento de Envelhecimento de Maryland<\/p>\n<p>Envie MDaging para 898-211<\/p>\n\t\t\t<a href=\"sms:\/\/898-211;?&#038;body=MDAging\" target=\"_blank\" rel=\"noopener\">\n\t\t\t\t\t\t\tTexto MDAging\n\t\t\t\t\t<\/a>\n\t\t<h3><a href=\"sms:\/\/898-211;?&#038;body=MidShore\" target=\"_blank\"  rel=\"noopener\">Eventos Mid Shore e recursos comunit\u00e1rios<\/a><\/h3><p><strong>MidShore<\/strong> conecta residentes dos condados de Queen Anne, Kent, Talbot, Dorchester e Caroline a eventos locais e recursos comunit\u00e1rios. <a href=\"https:\/\/211md.org\/pt\/whats-the-211\/\">Saber mais<\/a> sobre como o Mid Shore est\u00e1 conectando os residentes ao 211.<\/p>\n<p>Parceiro: Coaliz\u00e3o de Melhoria da Sa\u00fade de Mid Shore<\/p>\n<p>Envie uma mensagem de texto do MidShore para 898-211<\/p>\n\t\t\t<a href=\"sms:\/\/898-211;?&#038;body=MidShore\" target=\"_blank\" rel=\"noopener\">\n\t\t\t\t\t\t\tTexto MidShore\n\t\t\t\t\t<\/a>\n\t\t<h3><a href=\"sms:\/\/898-211;?&#038;body=MDSTopHate\" target=\"_blank\"  rel=\"noopener\">Denuncie incidentes e crimes de \u00f3dio<\/a><\/h3><p><strong>MDStopHate<\/strong>\u00a0\u00e9 um recurso completo para relatar crimes e incidentes de \u00f3dio e fornecer recursos \u00e0s v\u00edtimas.\u00a0<a href=\"https:\/\/211md.org\/pt\/stophate\/\" target=\"_blank\" rel=\"noopener\">Pare de odiar denunciando!<\/a><\/p>\n<p>Parceiro: Gabinete do Governador para Assuntos de Imigrantes | Gabinete do Governador de Iniciativa Comunit\u00e1ria<\/p>\n<p>Envie MDStopHate para 898-211<\/p>\n\t\t\t<a href=\"sms:\/\/898-211;?&#038;body=MDSTopHate\" target=\"_blank\" rel=\"noopener\">\n\t\t\t\t\t\t\tTexto MDStopHate\n\t\t\t\t\t<\/a>\n\t\t<h3><a href=\"sms:\/\/898-211;?&#038;body=Reentry\" target=\"_blank\"  rel=\"noopener\">Reentrada<\/a><\/h3><p><strong>Reentrada<\/strong> conecta indiv\u00edduos encarcerados e ex-encarcerados e suas fam\u00edlias a recursos, eventos e informa\u00e7\u00f5es. <a href=\"https:\/\/211md.org\/pt\/recursos\/mdreentry\/\">Saber mais<\/a> sobre as formas como esta parceria est\u00e1 conectando as fam\u00edlias aos recursos de reentrada.<\/p>\n<p>Parceiro: Departamento de Seguran\u00e7a P\u00fablica e Servi\u00e7os Correcionais de Maryland (DPCSS)<\/p>\n<p>Reentrada de texto para 898-211<\/p>\n\t\t\t<a href=\"sms:\/\/898-211;?&#038;body=Reentry\" target=\"_blank\" rel=\"noopener\">\n\t\t\t\t\t\t\tReentrada de texto\n\t\t\t\t\t<\/a>\n\t\t<h3><a href=\"sms:\/\/898-211;?&#038;body=MDCom2Vets\" target=\"_blank\"  rel=\"noopener\">veteranos<\/a><\/h3><p><strong>MDCom2Vets<\/strong>\u00a0aumenta as conex\u00f5es com veteranos e fornece atualiza\u00e7\u00f5es cont\u00ednuas para eventos, recursos e provedores dispon\u00edveis em uma comunidade.<\/p>\n<p>Parceiro: Departamento de Sa\u00fade de Maryland, Administra\u00e7\u00e3o de Sa\u00fade Comportamental<\/p>\n<p>Envie MDCom2Vets para 898-211<\/p>\n\t\t\t<a href=\"sms:\/\/898-211;?&#038;body=MDCom2Vets\" target=\"_blank\" rel=\"noopener\">\n\t\t\t\t\t\t\tTexto MDCom2Vets See More\n\t\t\t\t\t<\/a>\n\t\t<h3><a href=\"sms:\/\/898-211;?&#038;body=MDWellness\" target=\"_blank\"  rel=\"noopener\">Bem-estar<\/a><\/h3><p><strong>MDWellness<\/strong>\u00a0concentra-se em primeiros socorros de sa\u00fade mental para a profiss\u00e3o de ajuda. Os assinantes obt\u00eam estrat\u00e9gias e recursos para acessar servi\u00e7os de gerenciamento de estresse por meio de aten\u00e7\u00e3o plena, nutri\u00e7\u00e3o e afilia\u00e7\u00e3o social.<\/p>\n<p>Parceiro: Universidade de Maryland<\/p>\n<p>Envie uma mensagem de texto para MDWellness para 898-211<\/p>\n\t\t\t<a href=\"sms:\/\/898-211;?&#038;body=MDWellness\" target=\"_blank\" rel=\"noopener\">\n\t\t\t\t\t\t\tTexto MDWellness\n\t\t\t\t\t<\/a>\n<h2>Conecte-se com seu p\u00fablico sob demanda<\/h2>\n<p>Use a plataforma de mensagens de texto 211 Maryland para enviar mensagens personalizadas ao(s) seu(s) p\u00fablico(s). Informe-se sobre tarifas e funcionalidades e junte-se a outras organiza\u00e7\u00f5es que j\u00e1 usam o 211 MD para enviar mensagens de texto. <a href=\"https:\/\/211md.org\/pt\/contate-nos\/\">Contate-nos hoje.<\/a><\/p>","protected":false},"excerpt":{"rendered":"<p>Mensagens de texto informativas e inspiradoras 211 Maryland oferece aos residentes uma s\u00e9rie de maneiras de se conectarem a recursos humanos e de sa\u00fade essenciais. Al\u00e9m de ligar para o 211, oferecemos campanhas de texto PUSH-ALERT. Voc\u00ea envia uma \u201cpalavra-chave\u201d para um n\u00famero e receber\u00e1 mensagens de texto informativas e de apoio. Se voc\u00ea estiver no celular, clique na palavra-chave\u2026<\/p>","protected":false},"author":8,"featured_media":1925,"parent":521,"menu_order":0,"comment_status":"closed","ping_status":"closed","template":"","meta":{"footnotes":""},"class_list":["post-962","page","type-page","status-publish","has-post-thumbnail","hentry"],"_links":{"self":[{"href":"https:\/\/211md.org\/pt\/wp-json\/wp\/v2\/pages\/962","targetHints":{"allow":["GET"]}}],"collection":[{"href":"https:\/\/211md.org\/pt\/wp-json\/wp\/v2\/pages"}],"about":[{"href":"https:\/\/211md.org\/pt\/wp-json\/wp\/v2\/types\/page"}],"author":[{"embeddable":true,"href":"https:\/\/211md.org\/pt\/wp-json\/wp\/v2\/users\/8"}],"replies":[{"embeddable":true,"href":"https:\/\/211md.org\/pt\/wp-json\/wp\/v2\/comments?post=962"}],"version-history":[{"count":4,"href":"https:\/\/211md.org\/pt\/wp-json\/wp\/v2\/pages\/962\/revisions"}],"predecessor-version":[{"id":4830,"href":"https:\/\/211md.org\/pt\/wp-json\/wp\/v2\/pages\/962\/revisions\/4830"}],"up":[{"embeddable":true,"href":"https:\/\/211md.org\/pt\/wp-json\/wp\/v2\/pages\/521"}],"wp:featuredmedia":[{"embeddable":true,"href":"https:\/\/211md.org\/pt\/wp-json\/wp\/v2\/media\/1925"}],"wp:attachment":[{"href":"https:\/\/211md.org\/pt\/wp-json\/wp\/v2\/media?parent=962"}],"curies":[{"name":"wp","href":"https:\/\/api.w.org\/{rel}","templated":true}]}}