{"id":983,"date":"2021-04-16T16:58:29","date_gmt":"2021-04-16T16:58:29","guid":{"rendered":"https:\/\/211md.org\/?page_id=983"},"modified":"2025-09-07T17:09:00","modified_gmt":"2025-09-07T21:09:00","slug":"execucao-hipotecaria","status":"publish","type":"page","link":"https:\/\/211md.org\/pt\/resources\/housing-shelter\/mortgage-foreclosure\/","title":{"rendered":"Execu\u00e7\u00e3o de Hipoteca"},"content":{"rendered":"<img decoding=\"async\" src=\"https:\/\/stg-maryland211-staging.kinsta.cloud\/wp-content\/uploads\/2025\/08\/5-1-scaled.png\" alt=\"5\" itemprop=\"image\" height=\"692\" width=\"2560\" title=\"5\" onerror=\"this.style.display='none'\" loading=\"lazy\" \/>\n\t\t<h1><a href=\"#start\" target=\"_self\">Cabe\u00e7alho de p\u00e1gina padr\u00e3o<\/a><\/h1><p>A ajuda est\u00e1 dispon\u00edvel se voc\u00ea estiver com dificuldades para pagar sua hipoteca. Quanto mais cedo voc\u00ea agir, melhor.<\/p>\n<p>Saiba mais sobre o processo e como um consultor de moradia pode ajudar.<\/p>\n\t\t\t<a href=\"#start\" target=\"_self\">\n\t\t\t\t\t\tCome\u00e7ar\n\t\t\t\t\t<\/a>\n\t\t\t\t<img decoding=\"async\" src=\"https:\/\/211md.org\/wp-content\/plugins\/bb-plugin\/img\/pixel.png\" alt=\"\" itemprop=\"image\" onerror=\"this.style.display='none'\" loading=\"lazy\" \/>\n\t\t<h2>Use um consultor de habita\u00e7\u00e3o<\/h2>\n<p>Existem maneiras de salvar sua casa se voc\u00ea n\u00e3o conseguir fazer os pagamentos mensais ou estiver em execu\u00e7\u00e3o hipotec\u00e1ria.<\/p>\n<p>A Iniciativa de Preserva\u00e7\u00e3o do Patrim\u00f4nio dos Propriet\u00e1rios de Casas de Maryland (HOPE) pode ajudar a salvar casas.<\/p>\n<p>A ag\u00eancia trabalha com conselheiros de habita\u00e7\u00e3o de organiza\u00e7\u00f5es sem fins lucrativos em todo o estado.<\/p>\n<p>Os conselheiros ajudam os propriet\u00e1rios a entender o processo de execu\u00e7\u00e3o hipotec\u00e1ria e os programas que podem ajud\u00e1-los.<\/p>\n<p>A ajuda \u00e9 gratuita em Maryland. Desconfie de empresas que prometem ajudar mediante pagamento.<\/p>\n<p>Chamar <a href=\"https:\/\/dhcd.maryland.gov\/Residents\/Pages\/HOPE\/Homeowners.aspx\" target=\"_blank\" rel=\"noopener\">TER ESPERAN\u00c7A<\/a> em 1-877-462-7555.<\/p>\n<h3>Golpes de resgate de execu\u00e7\u00e3o hipotec\u00e1ria<\/h3>\n<p>N\u00e3o h\u00e1 taxas para obter ajuda com uma execu\u00e7\u00e3o hipotec\u00e1ria em Maryland.<\/p>\n<p>Alguns golpistas induzem os propriet\u00e1rios a assinarem suas escrituras e tomarem a casa para si, e outros cobram taxas enormes sem prestar nenhum servi\u00e7o.<\/p>\n<p>N\u00e3o assine nenhum documento sem primeiro obter aconselhamento jur\u00eddico objetivo, consultar sua empresa de hipoteca ou falar com um consultor da HOPE.<\/p>\n\t\t\t\t<img decoding=\"async\" src=\"http:\/\/211md.org\/wp-content\/uploads\/2025\/09\/homeowner-talking-ot-a-housing-counselor.jpg\" alt=\"propriet\u00e1rio conversando com um conselheiro de habita\u00e7\u00e3o\" itemprop=\"image\" title=\"propriet\u00e1rio falando com um conselheiro de habita\u00e7\u00e3o\" onerror=\"this.style.display='none'\" loading=\"lazy\" \/>\n\t<h3>Pesquisas populares de moradia em nosso banco de dados<\/h3><p>Pesquise no Banco de Dados de Recursos da Comunidade por essas buscas populares de moradia. Conecte-se com o que voc\u00ea precisa.<\/p>\n\t\t\t<a href=\"https:\/\/search.211md.org\/search?query=DM-1800.5000&#038;query_label=Mortgage+Delinquency+and+Default+Counseling&#038;query_type=taxonomy\" target=\"_blank\" rel=\"noopener\">\n\t\t\t\t\t\tInadimpl\u00eancia hipotec\u00e1ria e aconselhamento\n\t\t\t\t\t<\/a>\n\t\t\t<a href=\"https:\/\/search.211md.org\/search?query=BH-3800.5000&#038;query_label=Mortgage+Payment+Assistance&#038;query_type=taxonomy\" target=\"_self\">\n\t\t\t\t\t\tassist\u00eancia para pagamento de hipoteca\n\t\t\t\t\t<\/a>\n\t\t\t<a href=\"https:\/\/search.211md.org\/search?query=DM-1800.8500&#038;query_label=Tax+Foreclosure+Assistance&#038;query_type=taxonomy\" target=\"_blank\" rel=\"noopener\">\n\t\t\t\t\t\tAssist\u00eancia de Execu\u00e7\u00e3o Fiscal\n\t\t\t\t\t<\/a>\n\t\t\t<a href=\"https:\/\/search.211md.org\/search?query=BH-3700&#038;query_label=Housing+Counseling&#038;query_type=taxonomy\" target=\"_blank\" rel=\"noopener\">\n\t\t\t\t\t\tAconselhamento Habitacional\n\t\t\t\t\t<\/a>\n\t\t\t<a href=\"https:\/\/search.211md.org\/search?query=BH-1800.8500-150%2CBH-3000.3500%2CPH-3300.2750%2CBH-7000.4600%2CBH-8400.6000-060%2CBH-8600&#038;query_label=I+need+help+with+housing.&#038;query_type=taxonomy\" target=\"_blank\" rel=\"noopener\">\n\t\t\t\t\t\tAjuda geral para moradia\n\t\t\t\t\t<\/a>\n\t<h2>Processo de Execu\u00e7\u00e3o<\/h2>\n<p>Ap\u00f3s o n\u00e3o pagamento de um pagamento, uma hipoteca fica inadimplente.<\/p>\n<p>O credor pode enviar um \u201caviso de defici\u00eancia\u201d.<\/p>\n<p>Ap\u00f3s v\u00e1rios pagamentos em atraso, pode chegar um &quot;aviso de inadimpl\u00eancia&quot;. Ele explica o valor devido e avisa que a execu\u00e7\u00e3o hipotec\u00e1ria pode ser uma possibilidade.<\/p>\n<p>Os processos de execu\u00e7\u00e3o hipotec\u00e1ria podem come\u00e7ar legalmente quando a hipoteca n\u00e3o \u00e9 paga por 90 dias.<\/p>\n<p>O pr\u00f3ximo passo \u00e9 um \u201cAviso de A\u00e7\u00e3o de Execu\u00e7\u00e3o Hipotec\u00e1ria\u201d. A lei de Maryland exige que o aviso seja enviado certificado e por correio de primeira classe pelo menos 45 dias antes de entrar com uma a\u00e7\u00e3o de execu\u00e7\u00e3o hipotec\u00e1ria.<\/p>\n<p>N\u00e3o espere que isso aconte\u00e7a. Quanto mais cedo voc\u00ea procurar ajuda com problemas de hipoteca, maior a probabilidade de salvar sua casa.<\/p>\n<p>Veja uma linha do tempo do\u00a0<a href=\"https:\/\/dhcd.maryland.gov\/Residents\/Documents\/HOPE\/TheNetworkForclosureTimeline_May2012v4.pdf\" target=\"_blank\" rel=\"noopener\">Processo de encerramento de Maryland<\/a>.<\/p>\n\t\t\t\t<img decoding=\"async\" src=\"https:\/\/211md.org\/wp-content\/uploads\/2021\/05\/Housing-Legal.png\" alt=\"Gavel legal com um modelo de pl\u00e1stico de uma casa ao lado\" itemprop=\"image\" height=\"348\" width=\"460\" title=\"Habita\u00e7\u00e3o Legal\" onerror=\"this.style.display='none'\" loading=\"lazy\" \/>\n\t<h2>Op\u00e7\u00f5es de pagamento de hipoteca<\/h2>\n<p>Geralmente, os credores imobili\u00e1rios n\u00e3o querem executar uma hipoteca. Raramente h\u00e1 vencedores no encerramento por causa dos custos envolvidos. Tente elaborar um plano de pagamento com seu credor at\u00e9 que voc\u00ea esteja melhor financeiramente.<\/p>\n<p>O segredo \u00e9 pedir ajuda com anteced\u00eancia e persist\u00eancia e obter aconselhamento de um conselheiro habitacional aprovado pelo estado. Eles podem ajud\u00e1-lo a entender seus documentos de hipoteca, explicar as op\u00e7\u00f5es que voc\u00ea tem e ajud\u00e1-lo a negociar um \u201cPlano de treino\u201d com seu credor.<\/p>\n<p>Compare\u00e7a \u00e0 consulta preparado com a papelada do acordo, declara\u00e7\u00f5es fiscais e quaisquer avisos ou faturas do seu credor, juntamente com o seu or\u00e7amento dom\u00e9stico e a lista de credores.<\/p>\n<p>Poss\u00edveis planos de treino podem incluir:<\/p>\n<ul>\n<li aria-level=\"1\">Plano de reembolso \u2013 Acompanhe adicionando uma parte do valor devido em atraso aos seus pagamentos mensais.<\/li>\n<li aria-level=\"1\">Plano de Toler\u00e2ncia \u2013 Seus pagamentos mensais s\u00e3o temporariamente reduzidos ou suspensos. Geralmente h\u00e1 um valor maior devido quando os pagamentos s\u00e3o restabelecidos.<\/li>\n<li aria-level=\"1\">Plano de modifica\u00e7\u00e3o do empr\u00e9stimo \u2013 O credor concorda em alterar seus termos de alguma forma. Eles podem reduzir seus juros, estender o per\u00edodo de pagamento do empr\u00e9stimo ou negociar a multa de pr\u00e9-pagamento.<\/li>\n<li aria-level=\"1\">Reivindica\u00e7\u00e3o parcial \u2013 O credor pode oferecer um empr\u00e9stimo com juros baixos ou sem juros por meio da seguradora (FHA ou seguro hipotec\u00e1rio privado) para recuperar o atraso. Pode haver pequenos pagamentos mensais. O empr\u00e9stimo vence quando voc\u00ea vende o im\u00f3vel ou quando paga sua primeira hipoteca.<\/li>\n<li aria-level=\"1\">Plano de reformula\u00e7\u00e3o (n\u00e3o dispon\u00edvel com Fannie Mae ou Freddie Mac) \u2013 Voc\u00ea coloca pagamentos perdidos no final do empr\u00e9stimo.<\/li>\n<\/ul>\n<p>Se o seu credor rejeitar sua proposta, tente negociar e descobrir o que ele pode estar disposto a aceitar. Se parecer irracional ou injusto, pe\u00e7a para falar com um especialista ou supervisor em mitiga\u00e7\u00e3o de perdas. Embora um conselheiro habitacional possa ser de grande ajuda, voc\u00ea precisa atuar como seu defensor. Mesmo que a execu\u00e7\u00e3o hipotec\u00e1ria seja inevit\u00e1vel, voc\u00ea ainda pode negociar melhores termos ou um prazo estendido para n\u00e3o ficar de fora. Esteja pronto para continuar lutando!<\/p>\n\t\t\t\t<img decoding=\"async\" src=\"https:\/\/211md.org\/wp-content\/plugins\/bb-plugin\/img\/pixel.png\" alt=\"\" itemprop=\"image\" onerror=\"this.style.display='none'\" loading=\"lazy\" \/>\n\t\t\t\t<img decoding=\"async\" src=\"https:\/\/211md.org\/wp-content\/uploads\/bb-plugin\/cache\/Call-center-specialst-circle-4e9ecd7b3425be4576416abc911049bb-.jpg\" alt=\"Especialista em call center\" itemprop=\"image\" title=\"Especialista em call center\" onerror=\"this.style.display='none'\" loading=\"lazy\" \/>\n<h2>Disque 211<\/h2><p>Converse com uma pessoa atenciosa e compassiva 24 horas por dia, 7 dias por semana. Ela tamb\u00e9m pode conectar voc\u00ea a recursos.\u00a0<\/p>\n<h2>\n\t\t\tInforma\u00e7\u00e3o relacionada\t<\/h2>\n\t<h2>explorar programas de assist\u00eancia<\/h2>\n<p>Saiba mais sobre programas de benef\u00edcios e como entrar em contato com o suporte.<\/p>\n\t\t<h3><a href=\"\/pt\/recursos\/comida\/\" target=\"_self\">Comida<\/a><\/h3><p>Comida gr\u00e1tis perto de mim, despensas, SNAP, WIC, descontos em compras de supermercado<\/p>\n<a href=\"\/pt\/recursos\/comida\/\"  target=\"_self\">Saber mais<\/a>\t\n\t\t\t\t<a href=\"\/pt\/recursos\/comida\/\"  target=\"_self\" itemprop=\"url\">\n\t\t\t\t<img decoding=\"async\" src=\"https:\/\/211md.org\/wp-content\/uploads\/bb-plugin\/cache\/2025_MdInfoNet_Icon-Sets-white_food-square-dfa1c607bcdb6b34735ae61e84e21386-.png\" alt=\"2025_MdInfoNet_Conjuntos de \u00edcones-comida_branca\" itemprop=\"image\" title=\"2025_MdInfoNet_Conjuntos de \u00edcones-comida_branca\" onerror=\"this.style.display='none'\" loading=\"lazy\" \/>\n\t\t\t\t<\/a>\n\t\t<h3><a href=\"\/pt\/recursos\/utilitario-assistencia\/\" target=\"_self\">Utilit\u00e1rios<\/a><\/h3><p>Programas de assist\u00eancia a contas de luz, g\u00e1s e \u00e1gua<\/p>\n<a href=\"\/pt\/recursos\/utilitario-assistencia\/\"  target=\"_self\">Saber mais<\/a>\t\n\t\t\t\t<a href=\"\/pt\/recursos\/utilitario-assistencia\/\"  target=\"_self\" itemprop=\"url\">\n\t\t\t\t<img decoding=\"async\" src=\"https:\/\/211md.org\/wp-content\/uploads\/bb-plugin\/cache\/2025_MdInfoNet_Icon-Sets-white_Utilities-square-485aa1950491235898117da61fd0a70a-.png\" alt=\"2025_MdInfoNet_Conjuntos de \u00edcones-branco_Utilit\u00e1rios\" itemprop=\"image\" title=\"2025_MdInfoNet_Conjuntos de \u00edcones-branco_Utilit\u00e1rios\" onerror=\"this.style.display='none'\" loading=\"lazy\" \/>\n\t\t\t\t<\/a>\n\t\t\t\t<a href=\"\/pt\/recursos\/casa-abrigo\/\"  target=\"_self\" itemprop=\"url\">\n\t\t\t\t<img decoding=\"async\" src=\"https:\/\/211md.org\/wp-content\/uploads\/bb-plugin\/cache\/2025_MdInfoNet_Icon-Sets-white_Housing-square-5b4ab26c33cdf5bd88fd6164be4cc0b8-.png\" alt=\"2025_MdInfoNet_Conjuntos de \u00edcones-carca\u00e7as_brancas\" itemprop=\"image\" title=\"2025_MdInfoNet_Conjuntos de \u00edcones-carca\u00e7as_brancas\" onerror=\"this.style.display='none'\" loading=\"lazy\" \/>\n\t\t\t\t<\/a>\n\t\t<h3><a href=\"\/pt\/recursos\/casa-abrigo\/\" target=\"_self\">Habita\u00e7\u00e3o<\/a><\/h3><p>Pagamentos de aluguel, preven\u00e7\u00e3o de despejos, abrigos para moradores de rua<\/p>\n<a href=\"\/pt\/recursos\/casa-abrigo\/\"  target=\"_self\">Saber mais<\/a>\t\n\t\t\t\t<a href=\"\/pt\/recursos\/novo-para-nos-e-marilandia\/\"  target=\"_self\" itemprop=\"url\">\n\t\t\t\t<img decoding=\"async\" src=\"https:\/\/211md.org\/wp-content\/uploads\/bb-plugin\/cache\/2025_MdInfoNet_Icon-Sets-white_Immigration-square-71ef90812193ac6d0e3edc3e61891f7f-.png\" alt=\"2025_MdInfoNet_Conjuntos de \u00edcones-branco_Imigra\u00e7\u00e3o\" itemprop=\"image\" title=\"2025_MdInfoNet_Conjuntos de \u00edcones-branco_Imigra\u00e7\u00e3o\" onerror=\"this.style.display='none'\" loading=\"lazy\" \/>\n\t\t\t\t<\/a>\n\t\t<h3><a href=\"\/pt\/recursos\/novo-para-nos-e-marilandia\/\" target=\"_self\">Imigra\u00e7\u00e3o<\/a><\/h3><p>Ajuda de imigra\u00e7\u00e3o para novos americanos e refugiados<\/p>\n<a href=\"\/pt\/recursos\/novo-para-nos-e-marilandia\/\"  target=\"_self\">Saber mais<\/a>\t\n\t\t<h4><a href=\"\/pt\/recursos\/envelhecimento-incapacidade\/\" target=\"_self\">Envelhecimento e Defici\u00eancia<\/a><\/h4>\n\t\t\t\t<a href=\"\/pt\/recursos\/envelhecimento-incapacidade\/\"  target=\"_self\" itemprop=\"url\">\n\t\t\t\t<img decoding=\"async\" src=\"https:\/\/211md.org\/wp-content\/uploads\/bb-plugin\/cache\/2025_MdInfoNet_Icon-Sets_Aging-disability-square-c466727102cae71e5f27b8539bb51945-.png\" alt=\"2025_MdInfoNet_Conjuntos de \u00edcones_Envelhecimento-defici\u00eancia\" itemprop=\"image\" title=\"2025_MdInfoNet_Conjuntos de \u00edcones_Envelhecimento-defici\u00eancia\" onerror=\"this.style.display='none'\" loading=\"lazy\" \/>\n\t\t\t\t<\/a>\n\t\t<h4><a href=\"https:\/\/211md.org\/pt\/recursos\/criancas-familias\/\" target=\"_blank\" rel=\"noopener\">Crian\u00e7as e Fam\u00edlias<\/a><\/h4>\n\t\t\t\t<a href=\"https:\/\/211md.org\/pt\/recursos\/criancas-familias\/\" target=\"_blank\" rel=\"noopener\" itemprop=\"url\">\n\t\t\t\t<img decoding=\"async\" src=\"https:\/\/211md.org\/wp-content\/uploads\/bb-plugin\/cache\/2025_MdInfoNet_Icon-Sets_Child-Care-square-a9a0002f8a1c05e3f89f8b914f61699f-.png\" alt=\"\" itemprop=\"image\" onerror=\"this.style.display='none'\" loading=\"lazy\" \/>\n\t\t\t\t<\/a>\n\t\t<h4><a href=\"\/pt\/recursos\/violencia-domestica-familiar\/\" target=\"_self\">Viol\u00eancia dom\u00e9stica<\/a><\/h4>\n\t\t\t\t<a href=\"\/pt\/recursos\/violencia-domestica-familiar\/\"  target=\"_self\" itemprop=\"url\">\n\t\t\t\t<img decoding=\"async\" src=\"https:\/\/211md.org\/wp-content\/uploads\/bb-plugin\/cache\/2025_MdInfoNet_Icon-Sets_Protection-square-ed94a34c5cb05f036201f3e0966332c1-.png\" alt=\"2025_MdInfoNet_Conjuntos de \u00edcones_Prote\u00e7\u00e3o\" itemprop=\"image\" title=\"2025_MdInfoNet_Conjuntos de \u00edcones_Prote\u00e7\u00e3o\" onerror=\"this.style.display='none'\" loading=\"lazy\" \/>\n\t\t\t\t<\/a>\n\t\t<h4><a href=\"\/pt\/recursos\/procura-de-emprego\/\" target=\"_self\">Emprego<\/a><\/h4>\n\t\t\t\t<a href=\"\/pt\/recursos\/procura-de-emprego\/\"  target=\"_self\" itemprop=\"url\">\n\t\t\t\t<img decoding=\"async\" src=\"https:\/\/211md.org\/wp-content\/uploads\/bb-plugin\/cache\/2025_MdInfoNet_Icon-Sets_Employment-square-44707bd410e4df10a470bf130ebcea86-.png\" alt=\"2025_MdInfoNet_Conjuntos de \u00edcones_Emprego\" itemprop=\"image\" title=\"2025_MdInfoNet_Conjuntos de \u00edcones_Emprego\" onerror=\"this.style.display='none'\" loading=\"lazy\" \/>\n\t\t\t\t<\/a>\n\t\t<h4><a href=\"\/pt\/recursos\/cuidados-de-saude\/\" target=\"_self\">Cuidados de sa\u00fade<\/a><\/h4>\n\t\t\t\t<a href=\"\/pt\/recursos\/cuidados-de-saude\/\"  target=\"_self\" itemprop=\"url\">\n\t\t\t\t<img decoding=\"async\" src=\"https:\/\/211md.org\/wp-content\/uploads\/bb-plugin\/cache\/2025_MdInfoNet_Icon-Sets_Health-Care-square-dee98a0060cbe0e7f27eda253fc12679-.png\" alt=\"2025_MdInfoNet_Conjuntos de \u00edcones_Cuidados de sa\u00fade\" itemprop=\"image\" title=\"2025_MdInfoNet_Conjuntos de \u00edcones_Cuidados de sa\u00fade\" onerror=\"this.style.display='none'\" loading=\"lazy\" \/>\n\t\t\t\t<\/a>\n\t\t<h4><a href=\"\/pt\/recursos\/criancas-familias\/cuidados-de-parentesco\/\" target=\"_self\">Parentesco<\/a><\/h4>\n\t\t\t\t<a href=\"\/pt\/recursos\/criancas-familias\/cuidados-de-parentesco\/\"  target=\"_self\" itemprop=\"url\">\n\t\t\t\t<img decoding=\"async\" src=\"https:\/\/211md.org\/wp-content\/uploads\/bb-plugin\/cache\/2025_MdInfoNet_Icon-Sets_Community-square-4956d72cf95aef42b6ee5fc6feb149ef-.png\" alt=\"2025_MdInfoNet_Conjuntos de \u00edcones_Comunidade\" itemprop=\"image\" title=\"2025_MdInfoNet_Conjuntos de \u00edcones_Comunidade\" onerror=\"this.style.display='none'\" loading=\"lazy\" \/>\n\t\t\t\t<\/a>\n\t\t<h4><a href=\"\/pt\/recursos\/servicos-legais\/\" target=\"_self\">Servi\u00e7os legais<\/a><\/h4>\n\t\t\t\t<a href=\"\/pt\/recursos\/servicos-legais\/\"  target=\"_self\" itemprop=\"url\">\n\t\t\t\t<img decoding=\"async\" src=\"https:\/\/211md.org\/wp-content\/uploads\/bb-plugin\/cache\/2025_MdInfoNet_Icon-Sets_Legal-square-18fdf438feb8435588174d9046463257-.png\" alt=\"2025_MdInfoNet_Conjuntos de \u00edcones_Legal\" itemprop=\"image\" title=\"2025_MdInfoNet_Conjuntos de \u00edcones_Legal\" onerror=\"this.style.display='none'\" loading=\"lazy\" \/>\n\t\t\t\t<\/a>\n\t\t<h4><a href=\"\/pt\/recursos\/saude-mental\/\" target=\"_self\">Sa\u00fade mental<\/a><\/h4>\n\t\t\t\t<a href=\"\/pt\/recursos\/saude-mental\/\"  target=\"_self\" itemprop=\"url\">\n\t\t\t\t<img decoding=\"async\" src=\"https:\/\/211md.org\/wp-content\/uploads\/bb-plugin\/cache\/2025_MdInfoNet_Icon-Sets_Mental-Health-square-c59b38c4a993a947d4c9280fbe2d2fee-.png\" alt=\"2025_MdInfoNet_Conjuntos de \u00edcones_Sa\u00fade mental\" itemprop=\"image\" title=\"2025_MdInfoNet_Conjuntos de \u00edcones_Sa\u00fade mental\" onerror=\"this.style.display='none'\" loading=\"lazy\" \/>\n\t\t\t\t<\/a>\n\t\t<h4><a href=\"\/pt\/recursos\/mdreentry\/\" target=\"_self\">Reentrada<\/a><\/h4>\n\t\t\t\t<a href=\"\/pt\/recursos\/mdreentry\/\"  target=\"_self\" itemprop=\"url\">\n\t\t\t\t<img decoding=\"async\" src=\"https:\/\/211md.org\/wp-content\/uploads\/bb-plugin\/cache\/2025_MdInfoNet_Icon-Sets_Partnership-square-daedf11c7eeda165b0fe97a4a84b80e0-.png\" alt=\"2025_MdInfoNet_Conjuntos de \u00edcones_Parceria\" itemprop=\"image\" title=\"2025_MdInfoNet_Conjuntos de \u00edcones_Parceria\" onerror=\"this.style.display='none'\" loading=\"lazy\" \/>\n\t\t\t\t<\/a>\n\t\t<h4><a href=\"\/pt\/recursos\/uso-de-substancias\/\" target=\"_self\">Uso de subst\u00e2ncias<\/a><\/h4>\n\t\t\t\t<a href=\"\/pt\/recursos\/uso-de-substancias\/\"  target=\"_self\" itemprop=\"url\">\n\t\t\t\t<img decoding=\"async\" src=\"https:\/\/211md.org\/wp-content\/uploads\/bb-plugin\/cache\/2025_MdInfoNet_Icon-Sets_Substance-Abuse-square-9022fec9d18a64118ad685c101885b55-.png\" alt=\"2025_MdInfoNet_Conjuntos de \u00edcones_Abuso de subst\u00e2ncias\" itemprop=\"image\" title=\"2025_MdInfoNet_Conjuntos de \u00edcones_Abuso de subst\u00e2ncias\" onerror=\"this.style.display='none'\" loading=\"lazy\" \/>\n\t\t\t\t<\/a>\n\t\t<h4><a href=\"\/pt\/recursos\/veteranos\/\" target=\"_self\">veteranos<\/a><\/h4>\n\t\t\t\t<a href=\"\/pt\/recursos\/veteranos\/\"  target=\"_self\" itemprop=\"url\">\n\t\t\t\t<img decoding=\"async\" src=\"https:\/\/211md.org\/wp-content\/uploads\/bb-plugin\/cache\/2025_MdInfoNet_Icon-Sets_Rating-square-6e60d00cce4faa8e0a6d4ad7366aa733-.png\" alt=\"2025_MdInfoNet_Conjuntos de \u00edcones_Classifica\u00e7\u00e3o\" itemprop=\"image\" title=\"2025_MdInfoNet_Conjuntos de \u00edcones_Classifica\u00e7\u00e3o\" onerror=\"this.style.display='none'\" loading=\"lazy\" \/>\n\t\t\t\t<\/a>","protected":false},"excerpt":{"rendered":"<p>Cabe\u00e7alho da p\u00e1gina padr\u00e3o: Ajuda dispon\u00edvel caso voc\u00ea esteja com dificuldades para pagar sua hipoteca. Quanto mais cedo voc\u00ea agir, melhor. Saiba mais sobre o processo e como um consultor imobili\u00e1rio pode ajudar. Comece agora mesmo. Contrate um consultor imobili\u00e1rio. Existem maneiras de salvar sua casa se voc\u00ea n\u00e3o conseguir pagar as parcelas mensais ou estiver em processo de execu\u00e7\u00e3o hipotec\u00e1ria.<\/p>","protected":false},"author":8,"featured_media":1816,"parent":926,"menu_order":0,"comment_status":"closed","ping_status":"closed","template":"","meta":{"footnotes":""},"class_list":["post-983","page","type-page","status-publish","has-post-thumbnail","hentry"],"_links":{"self":[{"href":"https:\/\/211md.org\/pt\/wp-json\/wp\/v2\/pages\/983","targetHints":{"allow":["GET"]}}],"collection":[{"href":"https:\/\/211md.org\/pt\/wp-json\/wp\/v2\/pages"}],"about":[{"href":"https:\/\/211md.org\/pt\/wp-json\/wp\/v2\/types\/page"}],"author":[{"embeddable":true,"href":"https:\/\/211md.org\/pt\/wp-json\/wp\/v2\/users\/8"}],"replies":[{"embeddable":true,"href":"https:\/\/211md.org\/pt\/wp-json\/wp\/v2\/comments?post=983"}],"version-history":[{"count":3,"href":"https:\/\/211md.org\/pt\/wp-json\/wp\/v2\/pages\/983\/revisions"}],"predecessor-version":[{"id":33718,"href":"https:\/\/211md.org\/pt\/wp-json\/wp\/v2\/pages\/983\/revisions\/33718"}],"up":[{"embeddable":true,"href":"https:\/\/211md.org\/pt\/wp-json\/wp\/v2\/pages\/926"}],"wp:featuredmedia":[{"embeddable":true,"href":"https:\/\/211md.org\/pt\/wp-json\/wp\/v2\/media\/1816"}],"wp:attachment":[{"href":"https:\/\/211md.org\/pt\/wp-json\/wp\/v2\/media?parent=983"}],"curies":[{"name":"wp","href":"https:\/\/api.w.org\/{rel}","templated":true}]}}