{"id":985,"date":"2021-04-16T17:24:12","date_gmt":"2021-04-16T17:24:12","guid":{"rendered":"https:\/\/211md.org\/?page_id=985"},"modified":"2025-10-23T18:21:25","modified_gmt":"2025-10-23T22:21:25","slug":"subsidio-de-desemprego","status":"publish","type":"page","link":"https:\/\/211md.org\/pt\/resources\/employment-search\/unemployment-benefits\/","title":{"rendered":"Benef\u00edcios de desemprego de Maryland"},"content":{"rendered":"<img decoding=\"async\" src=\"https:\/\/stg-maryland211-staging.kinsta.cloud\/wp-content\/uploads\/2025\/08\/5-1-scaled.png\" alt=\"5\" itemprop=\"image\" height=\"692\" width=\"2560\" title=\"5\" onerror=\"this.style.display='none'\" loading=\"lazy\" \/>\n\t\t<p>Funcion\u00e1rios de Maryland que perdem o emprego sem culpa pr\u00f3pria podem ter direito a benef\u00edcios de desemprego. O programa oferece benef\u00edcios tempor\u00e1rios de seguro-desemprego (UI) para substituir parte da renda do trabalhador.<\/p>\n<p>Em Maryland, os indiv\u00edduos devem declarar semanalmente e comprovar que est\u00e3o procurando ativamente por um emprego.<\/p>\n<p>Aprenda como solicitar benef\u00edcios, obter seguro de sa\u00fade enquanto estiver desempregado e como reivindicar benef\u00edcios nas declara\u00e7\u00f5es de imposto de renda.<\/p>\n\t\t\t<a href=\"#start\" target=\"_self\">\n\t\t\t\t\t\tCome\u00e7ar\n\t\t\t\t\t<\/a>\n\t\t\t\t<img decoding=\"async\" src=\"https:\/\/211md.org\/wp-content\/plugins\/bb-plugin\/img\/pixel.png\" alt=\"\" itemprop=\"image\" onerror=\"this.style.display='none'\" loading=\"lazy\" \/>\n\t\t\t\t<img decoding=\"async\" src=\"https:\/\/stg-maryland211-staging.kinsta.cloud\/wp-content\/uploads\/2025\/08\/16.png\" alt=\"16\" itemprop=\"image\" height=\"1000\" width=\"1000\" title=\"16\" onerror=\"this.style.display='none'\" loading=\"lazy\" \/>\n\t\t\t\t<img decoding=\"async\" src=\"http:\/\/211md.org\/wp-content\/uploads\/2021\/05\/Girl-Looking-At-Phone-scaled.jpg\" alt=\"Menina olhando para o telefone com um bloco de notas e caneta\" itemprop=\"image\" title=\"Hisp\u00e2nico, Latino, Jovem, Adolescente, Menina, Universit\u00e1rio, Estudante, Segurando, Smartphone, Estudando\" onerror=\"this.style.display='none'\" loading=\"lazy\" \/>\n<h2>Qual \u00e9 o n\u00famero de desempregados em Maryland?<\/h2>\n<p>Existem dois n\u00fameros principais de desemprego. Um \u00e9 um agente ao vivo e o outro \u00e9 o sistema telef\u00f4nico IVR. Voc\u00ea tamb\u00e9m pode iniciar um <a href=\"http:\/\/www.labor.maryland.gov\/employment\/unemployment.shtml\" target=\"_blank\" rel=\"noopener\">conversar com um assistente virtual<\/a>.<\/p>\n<p>Nova reivindica\u00e7\u00e3o ou para informa\u00e7\u00f5es sobre uma reivindica\u00e7\u00e3o existente:<\/p>\n<img loading=\"lazy\" decoding=\"async\" src=\"http:\/\/211md.org\/wp-content\/uploads\/2025\/08\/2025_MdInfoNet_Icon-Sets_Phone-400x400.png\" alt=\"\u00cdcone de telefone\" width=\"50\" height=\"50\" \/>Chamar<br \/>\n667-206-6520. Certifica\u00e7\u00e3o de reivindica\u00e7\u00e3o semanal, redefini\u00e7\u00e3o de um PIN ou verifica\u00e7\u00e3o do status do pagamento: ligue <img loading=\"lazy\" decoding=\"async\" src=\"http:\/\/211md.org\/wp-content\/uploads\/2025\/08\/2025_MdInfoNet_Icon-Sets_Phone-400x400.png\" alt=\"\u00cdcone de telefone\" width=\"50\" height=\"50\" \/>Chamar<br \/>\n410-949-0022.\n<p>&nbsp;<\/p>\n<p>Tamb\u00e9m h\u00e1 uma op\u00e7\u00e3o para <a href=\"http:\/\/www.labor.maryland.gov\/employment\/officenum.shtml\" target=\"_blank\" rel=\"noopener\">bate-papo on-line<\/a>.<\/p>\n<h3>Paralisa\u00e7\u00e3o Federal e Desemprego<\/h3>\n<p>Se voc\u00ea \u00e9 um funcion\u00e1rio federal, pode ter direito ao seguro-desemprego durante a paralisa\u00e7\u00e3o do governo. Isso depende da sua situa\u00e7\u00e3o. <a href=\"https:\/\/labor.maryland.gov\/unemployment-insurance\/claimants\/federal-employees\/frequently-asked-questions.shtml\" target=\"_blank\" rel=\"noopener\">Estas perguntas frequentes<\/a> do Departamento de Trabalho de Maryland ajuda a responder perguntas comuns sobre benef\u00edcios.<\/p>\n<p>H\u00e1 tamb\u00e9m um <a href=\"https:\/\/labor.maryland.gov\/federalworkers\/shutdownloan\/\" target=\"_blank\" rel=\"noopener\">Programa Federal de Empr\u00e9stimos para Paralisa\u00e7\u00e3o<\/a> que fornece um empr\u00e9stimo $700 sem juros que ser\u00e1 pago ap\u00f3s o t\u00e9rmino da paralisa\u00e7\u00e3o e o recebimento do pagamento retroativo.<\/p>\n<h3><b>O que \u00e9 BEACON 2.0?<\/b><\/h3>\n<p>O Departamento de Trabalho de Maryland, Divis\u00e3o de Seguro-Desemprego, utiliza um programa chamado <a href=\"https:\/\/beacon.labor.maryland.gov\/beacon\/claimant-page.html\" target=\"_blank\" rel=\"noopener\">FAROL 2.0<\/a> para ajudar os moradores de Maryland a solicitar benef\u00edcios de desemprego e gerenciar solicita\u00e7\u00f5es de seguro-desemprego (WEBCERT).<\/p>\n<h3>Quais documentos voc\u00ea precisa para solicitar o seguro-desemprego?<\/h3>\n<p>Antes de entrar com o pedido de desemprego, re\u00fana os documentos que o estado precisar\u00e1 para verificar sua reivindica\u00e7\u00e3o. Isso inclui informa\u00e7\u00f5es pessoais e hist\u00f3rico de emprego dos \u00faltimos 18 meses. Voc\u00ea precisar\u00e1 do nome, endere\u00e7o e n\u00famero de telefone de todos os seus empregadores durante esse per\u00edodo.<\/p>\n<p>Os candidatos poder\u00e3o ser solicitados a apresentar documentos como:<\/p>\n<ul>\n<li>recibos de pagamento<\/li>\n<li>W-2<\/li>\n<li>Formul\u00e1rios 1099<\/li>\n<li>declara\u00e7\u00e3o de imposto de renda<\/li>\n<\/ul>\n<p><a href=\"http:\/\/www.labor.maryland.gov\/employment\/uiclaimdocs.pdf\" target=\"_blank\" rel=\"noopener\">Conhe\u00e7a os documentos<\/a> que podem ser necess\u00e1rias para registrar uma reclama\u00e7\u00e3o.<\/p>\n<h3><b>Como certificar a reivindica\u00e7\u00e3o a cada semana<\/b><\/h3>\n<p>Toda semana, os benefici\u00e1rios do seguro-desemprego devem apresentar uma declara\u00e7\u00e3o de solicita\u00e7\u00e3o. Isso pode ser feito de tr\u00eas maneiras:<\/p>\n<ul>\n<li aria-level=\"1\">Arquivando atrav\u00e9s\u00a0<a href=\"https:\/\/beacon.labor.maryland.gov\/beacon\/claimant-page.html\" target=\"_blank\" rel=\"noopener\">FAROL 2.0<\/a><\/li>\n<li aria-level=\"1\">Usando o aplicativo chamado \u201cMD Unemployment for Claimants\u201d. Baixe-o no\u00a0<a href=\"https:\/\/bit.ly\/AppleMDBEACON\" target=\"_blank\" rel=\"noopener\">Loja iTunes da Apple<\/a>\u00a0ou\u00a0<a href=\"https:\/\/bit.ly\/GoogleMDBEACON\" target=\"_blank\" rel=\"noopener\">Google Play<\/a>.<\/li>\n<li aria-level=\"1\">Ligando para 410-949-0022<\/li>\n<\/ul>\n\t\t<h2><a href=\"https:\/\/labor.maryland.gov\/unemployment-insurance\/claimants\/job-search.shtml\" target=\"_blank\" rel=\"noopener\">Atividades semanais de trabalho obrigat\u00f3rias<\/a><\/h2><p>Para continuar a ter direito aos benef\u00edcios de desemprego, os moradores de Maryland devem procurar ativamente por um emprego.<\/p>\n<p>A cada semana, os candidatos a emprego devem concluir pelo menos tr\u00eas atividades de recoloca\u00e7\u00e3o v\u00e1lidas. Pelo menos uma delas deve ser um contato de trabalho.<\/p>\n<p>Um contato de trabalho qualificado envolve entrar em contato com um empregador em potencial. Pode ser pessoalmente, online ou por fax ou e-mail.<\/p>\n<p>O Departamento do Trabalho de Maryland tem uma lista de atividades que se qualificam para esse requisito.<\/p>\n<p>&nbsp;<\/p>\n\t\t\t<a href=\"https:\/\/labor.maryland.gov\/unemployment-insurance\/claimants\/job-search.shtml\" target=\"_blank\" rel=\"noopener\">\n\t\t\t\t\t\t\tSaber mais\n\t\t\t\t\t<\/a>\n\t\t\t\t<a href=\"https:\/\/search.211md.org\/\" target=\"_blank\" rel=\"noopener\" itemprop=\"url\">\n\t\t\t\t<img decoding=\"async\" src=\"https:\/\/stg-maryland211-staging.kinsta.cloud\/wp-content\/uploads\/2025\/08\/2025_MdInfoNet_Icon-Sets-white_Locate.png\" alt=\"\" itemprop=\"image\" onerror=\"this.style.display='none'\" loading=\"lazy\" \/>\n\t\t\t\t<\/a>\n<h2><a href=\"https:\/\/search.211md.org\/\" target=\"_blank\" rel=\"noopener\">Encontre recursos agora<\/a><\/h2><p>Encontrar <strong>recursos da comunidade <\/strong>para alimenta\u00e7\u00e3o, sa\u00fade, moradia e muito mais em nosso banco de dados. Pesquise por CEP.<\/p>\n\t\t\t<a href=\"https:\/\/search.211md.org\/\" target=\"_blank\" rel=\"noopener\">\n\t\t\t\t\t\t\tProcure agora\n\t\t\t<\/a>\n\t\t\t\t<img decoding=\"async\" src=\"http:\/\/211md.org\/wp-content\/uploads\/2025\/09\/person-doing-taxes.jpg\" alt=\"pessoa que faz impostos, preenchendo o formul\u00e1rio 1040\" itemprop=\"image\" title=\"pessoa que faz impostos\" onerror=\"this.style.display='none'\" loading=\"lazy\" \/>\n\t\t<h2>Como declarar impostos sobre desemprego<\/h2>\n<p>Ao declarar impostos, os benefici\u00e1rios do seguro-desemprego (UI) fornecem comprovante dos benef\u00edcios (dinheiro) recebidos com o Formul\u00e1rio 1099-G.<\/p>\n<h3>O que \u00e9 o Formul\u00e1rio 1099-G?<\/h3>\n<p>Este formul\u00e1rio \u00e9 chamado de Declara\u00e7\u00e3o para Destinat\u00e1rios de Certos Pagamentos Governamentais.<\/p>\n<p>O formul\u00e1rio 1099-G inclui o total do benef\u00edcio de desemprego de Maryland para cada ano civil.<\/p>\n<p>Pode ser diferente do que foi recebido na(s) semana(s) de desemprego remunerado.<\/p>\n<p>Em caso de d\u00favidas, converse com um preparador de impostos. Servi\u00e7os gratuitos de prepara\u00e7\u00e3o de impostos est\u00e3o dispon\u00edveis em Maryland para aqueles que se qualificam.<\/p>\n\t\t\t<a href=\"https:\/\/211md.org\/pt\/recursos\/servicos-fiscais\/\" target=\"_blank\" rel=\"noopener\">\n\t\t\t\t\t\t\tEncontre ajuda fiscal gratuita\n\t\t\t\t\t<\/a>\n\t<h2>Como obter seguro de sa\u00fade enquanto desempregado<\/h2>\n<p>Quando se perde um emprego, surgem preocupa\u00e7\u00f5es adicionais que v\u00e3o al\u00e9m do fim dos sal\u00e1rios. E quanto ao plano de sa\u00fade?<\/p>\n<p>Mesmo que o emprego possa terminar com um empregador, ex-funcion\u00e1rios podem ter direito a:<\/p>\n<ul>\n<li>continuar seu seguro sa\u00fade enquanto desempregado atrav\u00e9s do COBRA<\/li>\n<li>ou compre seguro atrav\u00e9s do Maryland Health Connection<\/li>\n<\/ul>\n<p>Saiba mais sobre ambas as op\u00e7\u00f5es.<\/p>\n<h3>O que \u00e9 COBRA?<\/h3>\n<p>COBRA significa Lei Consolidada de Reconcilia\u00e7\u00e3o Or\u00e7ament\u00e1ria Omnibus.<\/p>\n<p>\u00c9 um nome grande, mas mais comumente chamado de COBRA.<\/p>\n\t\t\t\t<img decoding=\"async\" src=\"http:\/\/211md.org\/wp-content\/uploads\/2022\/05\/woman-talking-to-her-doctor.jpg\" alt=\"mulher conversando com seu m\u00e9dico\" itemprop=\"image\" title=\"mulher-conversando-com-o-m\u00e9dico\" onerror=\"this.style.display='none'\" loading=\"lazy\" \/>\n\t<p>Ela d\u00e1 aos trabalhadores e suas fam\u00edlias acesso ao seguro de sa\u00fade ap\u00f3s uma demiss\u00e3o.<\/p>\n<p>O COBRA normalmente est\u00e1 dispon\u00edvel para:<\/p>\n<ul>\n<li>funcion\u00e1rios que s\u00e3o demitidos<\/li>\n<li>perder o emprego, desde que n\u00e3o haja m\u00e1 conduta grave<\/li>\n<li>para indiv\u00edduos que deixam um emprego voluntariamente<\/li>\n<\/ul>\n<h4>Quanto tempo dura o COBRA?<\/h4>\n<p>Os benef\u00edcios de sa\u00fade podem continuar por pelo menos 18 meses e at\u00e9 36 meses em alguns casos.<\/p>\n<h4>Qual \u00e9 o custo?<\/h4>\n<p>Geralmente \u00e9 mais caro do que o pr\u00eamio do seguro sa\u00fade pago enquanto empregado pela empresa.<\/p>\n<p>\u00c0s vezes, o pre\u00e7o \u00e9 significativamente mais alto. Por qu\u00ea? Porque o empregador n\u00e3o paga mais uma parte do plano de sa\u00fade.<\/p>\n<p>O indiv\u00edduo que compra o COBRA normalmente paga o pr\u00eamio integral do seguro.<\/p>\n<p>Converse com o antigo empregador sobre se o COBRA est\u00e1 dispon\u00edvel durante o desemprego.<\/p>\n<h3>Conex\u00e3o de sa\u00fade de Maryland<\/h3>\n<p>Indiv\u00edduos desempregados podem solicitar cobertura de seguro por meio do Maryland Health Connection.<\/p>\n<p>Leia o guia de seguro sa\u00fade da 211.<\/p>\n\t\t\t<a href=\"https:\/\/211md.org\/pt\/recursos\/cuidados-de-saude\/plano-de-saude\/\" target=\"_self\">\n\t\t\t\t\t\t\tSaiba mais sobre as op\u00e7\u00f5es de seguro sa\u00fade\n\t\t\t\t\t<\/a>\n\t\t\t\t<img decoding=\"async\" src=\"https:\/\/211md.org\/wp-content\/plugins\/bb-plugin\/img\/pixel.png\" alt=\"\" itemprop=\"image\" onerror=\"this.style.display='none'\" loading=\"lazy\" \/>\n\t\t\t\t<img decoding=\"async\" src=\"https:\/\/211md.org\/wp-content\/uploads\/bb-plugin\/cache\/Call-center-specialst-circle-4e9ecd7b3425be4576416abc911049bb-.jpg\" alt=\"Especialista em call center\" itemprop=\"image\" title=\"Especialista em call center\" onerror=\"this.style.display='none'\" loading=\"lazy\" \/>\n<h2>Disque 211<\/h2><p>Converse com uma pessoa atenciosa e compassiva 24 horas por dia, 7 dias por semana. Ela tamb\u00e9m pode conectar voc\u00ea a recursos.\u00a0<\/p>\n\t\t\t<a href=\"tel:%20+211\" target=\"_blank\" rel=\"noopener\">\n\t\t\t\t\t\tLigue para 211 (celular)\n\t\t\t\t\t<\/a>\n<h2>\n\t\t\tInforma\u00e7\u00f5es relacionadas \u00e0s necessidades de emprego\t<\/h2>\n\t\t<h4><a href=\"\/pt\/recursos\/envelhecimento-incapacidade\/?utm_source=Home&#038;utm_medium=Referral&#038;utm_campaign=211Resources&#038;utm_content=Aging\" target=\"_self\">Envelhecimento e Defici\u00eancia<\/a><\/h4>\n\t\t\t\t<a href=\"\/pt\/recursos\/envelhecimento-incapacidade\/?utm_source=Home&#038;utm_medium=Referral&#038;utm_campaign=211Resources&#038;utm_content=Aging\"  target=\"_self\" itemprop=\"url\">\n\t\t\t\t<img decoding=\"async\" src=\"https:\/\/211md.org\/wp-content\/uploads\/bb-plugin\/cache\/2025_MdInfoNet_Icon-Sets_Aging-disability-square-c466727102cae71e5f27b8539bb51945-.png\" alt=\"\" itemprop=\"image\" onerror=\"this.style.display='none'\" loading=\"lazy\" \/>\n\t\t\t\t<\/a>\n\t\t<h4><a href=\"\/pt\/recursos\/criancas-familias\/?utm_source=Home&#038;utm_medium=Referral&#038;utm_campaign=211Resources&#038;utm_content=Children\" target=\"_self\">Crian\u00e7as e Fam\u00edlias<\/a><\/h4>\n\t\t\t\t<a href=\"\/pt\/recursos\/criancas-familias\/?utm_source=Home&#038;utm_medium=Referral&#038;utm_campaign=211Resources&#038;utm_content=Children\"  target=\"_self\" itemprop=\"url\">\n\t\t\t\t<img decoding=\"async\" src=\"https:\/\/211md.org\/wp-content\/uploads\/bb-plugin\/cache\/2025_211_Icon-Sets_Child-care-square-f3b0d4edab3dcc467fadb5f55f4064c6-.png\" alt=\"2025_211_Conjuntos de \u00edcones_Cuidados infantis\" itemprop=\"image\" height=\"417\" width=\"417\" title=\"2025_211_Conjuntos de \u00edcones_Cuidados infantis\" onerror=\"this.style.display='none'\" loading=\"lazy\" \/>\n\t\t\t\t<\/a>\n\t\t<h4><a href=\"\/pt\/recursos\/violencia-domestica-familiar\/?utm_source=Home&#038;utm_medium=Referral&#038;utm_campaign=211Resources&#038;utm_content=Domestic\" target=\"_self\">Viol\u00eancia dom\u00e9stica<\/a><\/h4>\n\t\t\t\t<a href=\"\/pt\/recursos\/violencia-domestica-familiar\/?utm_source=Home&#038;utm_medium=Referral&#038;utm_campaign=211Resources&#038;utm_content=Domestic\"  target=\"_self\" itemprop=\"url\">\n\t\t\t\t<img decoding=\"async\" src=\"https:\/\/211md.org\/wp-content\/uploads\/bb-plugin\/cache\/2025_211_Icon-Sets_Domestic-Violence-square-7b597694a6f05fe90cdc376aa573bc63-.png\" alt=\"\u00cdcone de viol\u00eancia dom\u00e9stica\" itemprop=\"image\" height=\"417\" width=\"417\" title=\"2025_211_Conjuntos de \u00edcones_Viol\u00eancia dom\u00e9stica\" onerror=\"this.style.display='none'\" loading=\"lazy\" \/>\n\t\t\t\t<\/a>\n\t\t<h4><a href=\"\/pt\/recursos\/procura-de-emprego\/?utm_source=Home&#038;utm_medium=Referral&#038;utm_campaign=211Resources&#038;utm_content=Employment\" target=\"_self\">Emprego<\/a><\/h4>\n\t\t\t\t<a href=\"\/pt\/recursos\/procura-de-emprego\/?utm_source=Home&#038;utm_medium=Referral&#038;utm_campaign=211Resources&#038;utm_content=Employment\"  target=\"_self\" itemprop=\"url\">\n\t\t\t\t<img decoding=\"async\" src=\"https:\/\/211md.org\/wp-content\/uploads\/bb-plugin\/cache\/2025_MdInfoNet_Icon-Sets_Employment-square-44707bd410e4df10a470bf130ebcea86-.png\" alt=\"\" itemprop=\"image\" onerror=\"this.style.display='none'\" loading=\"lazy\" \/>\n\t\t\t\t<\/a>\n\t\t<h4><a href=\"\/pt\/recursos\/cuidados-de-saude\/?utm_source=Home&#038;utm_medium=Referral&#038;utm_campaign=211Resources&#038;utm_content=Health%20Care\" target=\"_self\">Cuidados de sa\u00fade<\/a><\/h4>\n\t\t\t\t<a href=\"\/pt\/recursos\/cuidados-de-saude\/?utm_source=Home&#038;utm_medium=Referral&#038;utm_campaign=211Resources&#038;utm_content=Health%20Care\"  target=\"_self\" itemprop=\"url\">\n\t\t\t\t<img decoding=\"async\" src=\"https:\/\/211md.org\/wp-content\/uploads\/bb-plugin\/cache\/2025_MdInfoNet_Icon-Sets_Health-Care-square-dee98a0060cbe0e7f27eda253fc12679-.png\" alt=\"\" itemprop=\"image\" onerror=\"this.style.display='none'\" loading=\"lazy\" \/>\n\t\t\t\t<\/a>\n\t\t<h4><a href=\"\/pt\/recursos\/criancas-familias\/cuidados-de-parentesco\/?utm_source=Home&#038;utm_medium=Referral&#038;utm_campaign=211Resources&#038;utm_content=Kinship\" target=\"_self\">Parentesco<\/a><\/h4>\n\t\t\t\t<a href=\"\/pt\/recursos\/criancas-familias\/cuidados-de-parentesco\/?utm_source=Home&#038;utm_medium=Referral&#038;utm_campaign=211Resources&#038;utm_content=Kinship\"  target=\"_self\" itemprop=\"url\">\n\t\t\t\t<img decoding=\"async\" src=\"https:\/\/211md.org\/wp-content\/uploads\/bb-plugin\/cache\/2025_211_Icon-Sets_Kinship-square-45bdf872866f5735f842c32071109267-.png\" alt=\"\u00cdcone de parentesco\" itemprop=\"image\" height=\"417\" width=\"417\" title=\"2025_211_Conjuntos de \u00edcones_Parentesco\" onerror=\"this.style.display='none'\" loading=\"lazy\" \/>\n\t\t\t\t<\/a>\n\t\t<h4><a href=\"\/pt\/recursos\/servicos-legais\/?utm_source=Home&#038;utm_medium=Referral&#038;utm_campaign=211Resources&#038;utm_content=Legal\" target=\"_self\">Servi\u00e7os legais<\/a><\/h4>\n\t\t\t\t<a href=\"\/pt\/recursos\/servicos-legais\/?utm_source=Home&#038;utm_medium=Referral&#038;utm_campaign=211Resources&#038;utm_content=Legal\"  target=\"_self\" itemprop=\"url\">\n\t\t\t\t<img decoding=\"async\" src=\"https:\/\/211md.org\/wp-content\/uploads\/bb-plugin\/cache\/2025_MdInfoNet_Icon-Sets_Legal-square-18fdf438feb8435588174d9046463257-.png\" alt=\"\" itemprop=\"image\" onerror=\"this.style.display='none'\" loading=\"lazy\" \/>\n\t\t\t\t<\/a>\n\t\t<h4><a href=\"\/pt\/recursos\/saude-mental\/?utm_source=Home&#038;utm_medium=Referral&#038;utm_campaign=211Resources&#038;utm_content=Mental\" target=\"_self\">Sa\u00fade mental<\/a><\/h4>\n\t\t\t\t<a href=\"\/pt\/recursos\/saude-mental\/?utm_source=Home&#038;utm_medium=Referral&#038;utm_campaign=211Resources&#038;utm_content=Mental\"  target=\"_self\" itemprop=\"url\">\n\t\t\t\t<img decoding=\"async\" src=\"https:\/\/211md.org\/wp-content\/uploads\/bb-plugin\/cache\/2025_MdInfoNet_Icon-Sets_Mental-Health-square-c59b38c4a993a947d4c9280fbe2d2fee-.png\" alt=\"\" itemprop=\"image\" onerror=\"this.style.display='none'\" loading=\"lazy\" \/>\n\t\t\t\t<\/a>\n\t\t<h4><a href=\"\/pt\/recursos\/mdreentry\/?utm_source=Home&#038;utm_medium=Referral&#038;utm_campaign=211Resources&#038;utm_content=Reentry\" target=\"_self\">Reentrada<\/a><\/h4>\n\t\t\t\t<a href=\"\/pt\/recursos\/mdreentry\/?utm_source=Home&#038;utm_medium=Referral&#038;utm_campaign=211Resources&#038;utm_content=Reentry\"  target=\"_self\" itemprop=\"url\">\n\t\t\t\t<img decoding=\"async\" src=\"https:\/\/211md.org\/wp-content\/uploads\/bb-plugin\/cache\/2025_211_Icon-Sets_Reentry-square-8676fea38abd920a832f45642fe31cca-.png\" alt=\"\u00cdcone de reentrada\" itemprop=\"image\" height=\"417\" width=\"417\" title=\"2025_211_Conjuntos de \u00edcones_Reentrada\" onerror=\"this.style.display='none'\" loading=\"lazy\" \/>\n\t\t\t\t<\/a>\n\t\t<h4><a href=\"\/pt\/recursos\/uso-de-substancias\/?utm_source=Home&#038;utm_medium=Referral&#038;utm_campaign=211Resources&#038;utm_content=Substance\" target=\"_self\">Uso de subst\u00e2ncias<\/a><\/h4>\n\t\t\t\t<a href=\"\/pt\/recursos\/uso-de-substancias\/?utm_source=Home&#038;utm_medium=Referral&#038;utm_campaign=211Resources&#038;utm_content=Substance\"  target=\"_self\" itemprop=\"url\">\n\t\t\t\t<img decoding=\"async\" src=\"https:\/\/211md.org\/wp-content\/uploads\/bb-plugin\/cache\/2025_MdInfoNet_Icon-Sets_Substance-Abuse-square-9022fec9d18a64118ad685c101885b55-.png\" alt=\"\" itemprop=\"image\" onerror=\"this.style.display='none'\" loading=\"lazy\" \/>\n\t\t\t\t<\/a>\n\t\t<h4><a href=\"\/pt\/recursos\/veteranos\/?utm_source=Home&#038;utm_medium=Referral&#038;utm_campaign=211Resources&#038;utm_content=Veterans\" target=\"_self\">veteranos<\/a><\/h4>\n\t\t\t\t<a href=\"\/pt\/recursos\/veteranos\/?utm_source=Home&#038;utm_medium=Referral&#038;utm_campaign=211Resources&#038;utm_content=Veterans\"  target=\"_self\" itemprop=\"url\">\n\t\t\t\t<img decoding=\"async\" src=\"https:\/\/211md.org\/wp-content\/uploads\/bb-plugin\/cache\/2025_MdInfoNet_Icon-Sets_Rating-square-6e60d00cce4faa8e0a6d4ad7366aa733-.png\" alt=\"\" itemprop=\"image\" onerror=\"this.style.display='none'\" loading=\"lazy\" \/>\n\t\t\t\t<\/a>","protected":false},"excerpt":{"rendered":"<p>Funcion\u00e1rios de Maryland que perdem o emprego sem culpa pr\u00f3pria podem ter direito a benef\u00edcios por desemprego. O programa oferece benef\u00edcios tempor\u00e1rios de seguro-desemprego (UI) para substituir parte da renda. Em Maryland, os indiv\u00edduos devem declarar o seguro semanalmente e comprovar que est\u00e3o procurando emprego ativamente. Saiba como solicitar benef\u00edcios, obter seguro sa\u00fade...<\/p>","protected":false},"author":8,"featured_media":33905,"parent":924,"menu_order":0,"comment_status":"closed","ping_status":"closed","template":"","meta":{"footnotes":""},"class_list":["post-985","page","type-page","status-publish","has-post-thumbnail","hentry"],"_links":{"self":[{"href":"https:\/\/211md.org\/pt\/wp-json\/wp\/v2\/pages\/985","targetHints":{"allow":["GET"]}}],"collection":[{"href":"https:\/\/211md.org\/pt\/wp-json\/wp\/v2\/pages"}],"about":[{"href":"https:\/\/211md.org\/pt\/wp-json\/wp\/v2\/types\/page"}],"author":[{"embeddable":true,"href":"https:\/\/211md.org\/pt\/wp-json\/wp\/v2\/users\/8"}],"replies":[{"embeddable":true,"href":"https:\/\/211md.org\/pt\/wp-json\/wp\/v2\/comments?post=985"}],"version-history":[{"count":5,"href":"https:\/\/211md.org\/pt\/wp-json\/wp\/v2\/pages\/985\/revisions"}],"predecessor-version":[{"id":34019,"href":"https:\/\/211md.org\/pt\/wp-json\/wp\/v2\/pages\/985\/revisions\/34019"}],"up":[{"embeddable":true,"href":"https:\/\/211md.org\/pt\/wp-json\/wp\/v2\/pages\/924"}],"wp:featuredmedia":[{"embeddable":true,"href":"https:\/\/211md.org\/pt\/wp-json\/wp\/v2\/media\/33905"}],"wp:attachment":[{"href":"https:\/\/211md.org\/pt\/wp-json\/wp\/v2\/media?parent=985"}],"curies":[{"name":"wp","href":"https:\/\/api.w.org\/{rel}","templated":true}]}}