{"id":991,"date":"2021-04-16T17:42:02","date_gmt":"2021-04-16T17:42:02","guid":{"rendered":"https:\/\/211md.org\/?page_id=991"},"modified":"2025-12-01T10:13:33","modified_gmt":"2025-12-01T15:13:33","slug":"wic","status":"publish","type":"page","link":"https:\/\/211md.org\/pt\/resources\/food\/wic\/","title":{"rendered":"Como o Maryland WIC ajuda mulheres, beb\u00eas e crian\u00e7as com alimentos"},"content":{"rendered":"<img decoding=\"async\" src=\"https:\/\/stg-maryland211-staging.kinsta.cloud\/wp-content\/uploads\/2025\/08\/5-1-scaled.png\" alt=\"5\" itemprop=\"image\" height=\"692\" width=\"2560\" title=\"5\" onerror=\"this.style.display='none'\" loading=\"lazy\" \/>\n\t\t<p>O WIC fornece vales-alimenta\u00e7\u00e3o para futuras mam\u00e3es qualificadas, novas m\u00e3es que est\u00e3o amamentando e crian\u00e7as de at\u00e9 5 anos.<\/p>\n<p>Saiba mais sobre elegibilidade e conecte-se a este e outros programas alimentares.<\/p>\n\t\t\t<a href=\"#start\" target=\"_self\">\n\t\t\t\t\t\tCome\u00e7ar\n\t\t\t\t\t<\/a>\n\t\t\t\t<img decoding=\"async\" src=\"https:\/\/211md.org\/wp-content\/plugins\/bb-plugin\/img\/pixel.png\" alt=\"\" itemprop=\"image\" onerror=\"this.style.display='none'\" loading=\"lazy\" \/>\n\t\t\t\t<img decoding=\"async\" src=\"https:\/\/stg-maryland211-staging.kinsta.cloud\/wp-content\/uploads\/2025\/08\/16.png\" alt=\"16\" itemprop=\"image\" height=\"1000\" width=\"1000\" title=\"16\" onerror=\"this.style.display='none'\" loading=\"lazy\" \/>\n\t\t\t\t<img decoding=\"async\" src=\"https:\/\/211md.org\/wp-content\/uploads\/2021\/05\/Woman-Feeding-Baby.png\" alt=\"M\u00e3e alimentando um beb\u00ea rec\u00e9m-nascido\" itemprop=\"image\" height=\"348\" width=\"460\" title=\"Mulher Alimentando Beb\u00ea\" onerror=\"this.style.display='none'\" loading=\"lazy\" \/>\n\t<h2>WIC Maryland<\/h2>\n<p>O Maryland WIC oferece vales-alimenta\u00e7\u00e3o, educa\u00e7\u00e3o nutricional e apoio \u00e0 amamenta\u00e7\u00e3o.<\/p>\n<p>O programa de assist\u00eancia se concentra em melhor nutri\u00e7\u00e3o e um futuro mais brilhante para as crian\u00e7as.<\/p>\n<p>O programa tamb\u00e9m pode conectar mulheres e crian\u00e7as a outros servi\u00e7os.\u00a0<\/p>\n<h3>O que voc\u00ea pode comprar com o WIC?<\/h3>\n<p>Os cart\u00f5es WIC podem ser usados para comprar mantimentos como:<\/p>\n<ul>\n<li>frutas frescas<\/li>\n<li>vegetais<\/li>\n<li>comida de beb\u00ea<\/li>\n<li>leite<\/li>\n<li>ovos<\/li>\n<li>feij\u00f5es<\/li>\n<li>queijo<\/li>\n<\/ul>\n<p>De acordo com o\u00a0<a href=\"https:\/\/health.maryland.gov\/phpa\/wic\/Pages\/participants.aspx\" target=\"_blank\" rel=\"noopener\">Departamento de Sa\u00fade de Maryland<\/a>, mais da metade dos beb\u00eas nascidos nos Estados Unidos est\u00e3o no WIC.\u00a0<\/p>\n\t\t\t\t<a href=\"https:\/\/search.211md.org\/\" target=\"_blank\" rel=\"noopener\" itemprop=\"url\">\n\t\t\t\t<img decoding=\"async\" src=\"https:\/\/stg-maryland211-staging.kinsta.cloud\/wp-content\/uploads\/2025\/08\/2025_MdInfoNet_Icon-Sets-white_Locate.png\" alt=\"\" itemprop=\"image\" onerror=\"this.style.display='none'\" loading=\"lazy\" \/>\n\t\t\t\t<\/a>\n<h2><a href=\"https:\/\/search.211md.org\/\" target=\"_blank\" rel=\"noopener\">Encontre recursos agora<\/a><\/h2><p>Encontrar <strong>recursos da comunidade <\/strong>para alimenta\u00e7\u00e3o, sa\u00fade, moradia e muito mais em nosso banco de dados. Pesquise por CEP.<\/p>\n\t\t\t<a href=\"https:\/\/search.211md.org\/\" target=\"_blank\" rel=\"noopener\">\n\t\t\t\t\t\t\tProcure agora\n\t\t\t<\/a>\n\t\t\t\t<img decoding=\"async\" src=\"http:\/\/211md.org\/wp-content\/uploads\/2025\/09\/Child-eating-food.jpg\" alt=\"Crian\u00e7a comendo comida\" itemprop=\"image\" title=\"Crian\u00e7a comendo comida\" onerror=\"this.style.display='none'\" loading=\"lazy\" \/>\n\t<h3>Quem \u00e9 eleg\u00edvel para o WIC em Maryland?<\/h3>\n<p>Para se inscrever no WIC, voc\u00ea precisar\u00e1 atender \u00e0s diretrizes de qualifica\u00e7\u00e3o e agendar uma consulta com a ag\u00eancia WIC local.<\/p>\n<p>Voc\u00ea pode solicitar o WIC de Maryland se:<\/p>\n<ul>\n<li>Morar em Maryland<\/li>\n<li>Voc\u00ea \u00e9:\n<ul>\n<li>Gr\u00e1vida<\/li>\n<li>Nova m\u00e3e (at\u00e9 seis meses ap\u00f3s o parto)<\/li>\n<li>Amamenta\u00e7\u00e3o (at\u00e9 um ano ap\u00f3s o parto)<\/li>\n<li>Infantil<\/li>\n<li>crian\u00e7a com menos de cinco anos<\/li>\n<\/ul>\n<\/li>\n<li>Encontrar\u00a0<a href=\"https:\/\/health.maryland.gov\/phpa\/wic\/Documents\/certification\/O-00%20Income%20Guidelines%20E_S%20Current.pdf\" target=\"_blank\" rel=\"noopener\">diretrizes de renda<\/a><\/li>\n<li>Ter uma necessidade nutricional<\/li>\n<\/ul>\n<p>Se voc\u00ea atender a essas qualifica\u00e7\u00f5es, poder\u00e1 obter benef\u00edcios do WIC, independentemente de seu emprego ou situa\u00e7\u00e3o pessoal. Voc\u00ea pode se qualificar mesmo se estiver empregado, desempregado, casado, solteiro, possuir uma casa ou morar com amigos.<\/p>\n<p>M\u00e3es, pais, av\u00f3s e tutores podem solicitar benef\u00edcios para crian\u00e7as menores de cinco anos.<\/p>\n<p>&nbsp;<\/p>\n\t\t\n\t\t<h2>Solicita\u00e7\u00e3o WIC de Maryland<\/h2>\n<p>Para come\u00e7ar a inscri\u00e7\u00e3o no WIC de Maryland, voc\u00ea precisar\u00e1 marcar um encontro com sua ag\u00eancia WIC local.\u00a0<\/p>\n<p>Voc\u00ea precisar\u00e1 trazer comprovante de renda familiar, comprovante de identidade, comprovante de endere\u00e7o e possivelmente comprovante de gravidez, registro de imuniza\u00e7\u00e3o de seu filho ou encaminhamento.<\/p>\n<h3>Entre em contato com o WIC<\/h3>\n<ul>\n<li>Ligue para 1-800-242-4942 <\/li>\n<li>E-mail MDH.WIC@Maryland.gov<\/li>\n<li>V\u00e1 a um escrit\u00f3rio local<\/li>\n<\/ul>\n\t\t\t<a href=\"https:\/\/phpa.health.maryland.gov\/wic\/Pages\/wic-apply.aspx\" target=\"_blank\" rel=\"noopener\">\n\t\t\t\t\t\t\tConecte-se com o WIC\n\t\t\t\t\t<\/a>\n\t\t\t\t<img decoding=\"async\" src=\"https:\/\/211md.org\/wp-content\/plugins\/bb-plugin\/img\/pixel.png\" alt=\"\" itemprop=\"image\" onerror=\"this.style.display='none'\" loading=\"lazy\" \/>\n\t\t\t\t<img decoding=\"async\" src=\"https:\/\/211md.org\/wp-content\/uploads\/bb-plugin\/cache\/Call-center-specialst-circle-eeffe277a2415307db9e1df3ed658a58-.jpg\" alt=\"Especialista em call center\" itemprop=\"image\" height=\"800\" width=\"1200\" title=\"Especialista em call center\" onerror=\"this.style.display='none'\" loading=\"lazy\" \/>\n<h2>Disque 211<\/h2><p>Converse com uma pessoa atenciosa e compassiva 24 horas por dia, 7 dias por semana. Ela tamb\u00e9m pode conectar voc\u00ea a recursos.<\/p>\n<p>Ligue para 211 ou, no celular, clique no bot\u00e3o abaixo.<\/p>\n\t\t\t<a href=\"tel:%20+211\" target=\"_blank\" rel=\"noopener\">\n\t\t\t\t\t\tDisque 211\n\t\t\t\t\t<\/a>\n\t\t\t\t<img decoding=\"async\" src=\"http:\/\/211md.org\/wp-content\/uploads\/2025\/09\/Maryland-WIC-App-Screenshots.jpg\" alt=\"Capturas de tela do aplicativo WIC de Maryland\" itemprop=\"image\" title=\"Capturas de tela do aplicativo WIC de Maryland\" onerror=\"this.style.display='none'\" loading=\"lazy\" \/>\n<h3>Aplicativo WIC<\/h3>\n<p>H\u00e1 tamb\u00e9m um aplicativo gratuito dispon\u00edvel para conect\u00e1-lo aos benef\u00edcios do WIC em Maryland. Voc\u00ea pode ver os pr\u00f3ximos compromissos, benef\u00edcios alimentares, digitalizar UPCs enquanto faz compras para ver se o produto \u00e9 aprovado pelo WIC e encontrar locais de lojas e cl\u00ednicas do WIC em Maryland.<\/p>\n\t\t\t<a href=\"https:\/\/phpa.health.maryland.gov\/wic\/Pages\/wic-apply.aspx\" target=\"_blank\" rel=\"noopener\">\n\t\t\t\t\t\tBaixar na Apple\n\t\t\t\t\t<\/a>\n\t\t\t<a href=\"https:\/\/play.google.com\/store\/apps\/details?id=com.sigmasoftware.mdwic&#038;hl=en_US\" target=\"_blank\" rel=\"noopener\">\n\t\t\t\t\t\tBaixar no Android\n\t\t\t\t\t<\/a>\n<h2>\n\t\t\tObtenha mais informa\u00e7\u00f5es sobre alimentos e crian\u00e7as\t<\/h2>\n\t\t<h4><a href=\"\/pt\/recursos\/envelhecimento-incapacidade\/?utm_source=Home&#038;utm_medium=Referral&#038;utm_campaign=211Resources&#038;utm_content=Aging\" target=\"_self\">Envelhecimento e Defici\u00eancia<\/a><\/h4>\n\t\t\t\t<a href=\"\/pt\/recursos\/envelhecimento-incapacidade\/?utm_source=Home&#038;utm_medium=Referral&#038;utm_campaign=211Resources&#038;utm_content=Aging\"  target=\"_self\" itemprop=\"url\">\n\t\t\t\t<img decoding=\"async\" src=\"https:\/\/211md.org\/wp-content\/uploads\/bb-plugin\/cache\/2025_MdInfoNet_Icon-Sets_Aging-disability-square-c466727102cae71e5f27b8539bb51945-.png\" alt=\"\" itemprop=\"image\" onerror=\"this.style.display='none'\" loading=\"lazy\" \/>\n\t\t\t\t<\/a>\n\t\t<h4><a href=\"\/pt\/recursos\/criancas-familias\/?utm_source=Home&#038;utm_medium=Referral&#038;utm_campaign=211Resources&#038;utm_content=Children\" target=\"_self\">Crian\u00e7as e Fam\u00edlias<\/a><\/h4>\n\t\t\t\t<a href=\"\/pt\/recursos\/criancas-familias\/?utm_source=Home&#038;utm_medium=Referral&#038;utm_campaign=211Resources&#038;utm_content=Children\"  target=\"_self\" itemprop=\"url\">\n\t\t\t\t<img decoding=\"async\" src=\"https:\/\/211md.org\/wp-content\/uploads\/bb-plugin\/cache\/2025_211_Icon-Sets_Child-care-square-f3b0d4edab3dcc467fadb5f55f4064c6-.png\" alt=\"parent and child icon for child care\" itemprop=\"image\" height=\"417\" width=\"417\" title=\"2025_211_Conjuntos de \u00edcones_Cuidados infantis\" onerror=\"this.style.display='none'\" loading=\"lazy\" \/>\n\t\t\t\t<\/a>\n\t\t<h4><a href=\"\/pt\/recursos\/violencia-domestica-familiar\/?utm_source=Home&#038;utm_medium=Referral&#038;utm_campaign=211Resources&#038;utm_content=Domestic\" target=\"_self\">Viol\u00eancia dom\u00e9stica<\/a><\/h4>\n\t\t\t\t<a href=\"\/pt\/recursos\/violencia-domestica-familiar\/?utm_source=Home&#038;utm_medium=Referral&#038;utm_campaign=211Resources&#038;utm_content=Domestic\"  target=\"_self\" itemprop=\"url\">\n\t\t\t\t<img decoding=\"async\" src=\"https:\/\/211md.org\/wp-content\/uploads\/bb-plugin\/cache\/2025_211_Icon-Sets_Domestic-Violence-square-7b597694a6f05fe90cdc376aa573bc63-.png\" alt=\"\u00cdcone de viol\u00eancia dom\u00e9stica\" itemprop=\"image\" height=\"417\" width=\"417\" title=\"2025_211_Conjuntos de \u00edcones_Viol\u00eancia dom\u00e9stica\" onerror=\"this.style.display='none'\" loading=\"lazy\" \/>\n\t\t\t\t<\/a>\n\t\t<h4><a href=\"\/pt\/recursos\/procura-de-emprego\/?utm_source=Home&#038;utm_medium=Referral&#038;utm_campaign=211Resources&#038;utm_content=Employment\" target=\"_self\">Emprego<\/a><\/h4>\n\t\t\t\t<a href=\"\/pt\/recursos\/procura-de-emprego\/?utm_source=Home&#038;utm_medium=Referral&#038;utm_campaign=211Resources&#038;utm_content=Employment\"  target=\"_self\" itemprop=\"url\">\n\t\t\t\t<img decoding=\"async\" src=\"https:\/\/211md.org\/wp-content\/uploads\/bb-plugin\/cache\/2025_MdInfoNet_Icon-Sets_Employment-square-44707bd410e4df10a470bf130ebcea86-.png\" alt=\"\" itemprop=\"image\" onerror=\"this.style.display='none'\" loading=\"lazy\" \/>\n\t\t\t\t<\/a>\n\t\t<h4><a href=\"\/pt\/recursos\/cuidados-de-saude\/?utm_source=Home&#038;utm_medium=Referral&#038;utm_campaign=211Resources&#038;utm_content=Health%20Care\" target=\"_self\">Cuidados de sa\u00fade<\/a><\/h4>\n\t\t\t\t<a href=\"\/pt\/recursos\/cuidados-de-saude\/?utm_source=Home&#038;utm_medium=Referral&#038;utm_campaign=211Resources&#038;utm_content=Health%20Care\"  target=\"_self\" itemprop=\"url\">\n\t\t\t\t<img decoding=\"async\" src=\"https:\/\/211md.org\/wp-content\/uploads\/bb-plugin\/cache\/2025_MdInfoNet_Icon-Sets_Health-Care-square-dee98a0060cbe0e7f27eda253fc12679-.png\" alt=\"\" itemprop=\"image\" onerror=\"this.style.display='none'\" loading=\"lazy\" \/>\n\t\t\t\t<\/a>\n\t\t<h4><a href=\"\/pt\/recursos\/criancas-familias\/cuidados-de-parentesco\/?utm_source=Home&#038;utm_medium=Referral&#038;utm_campaign=211Resources&#038;utm_content=Kinship\" target=\"_self\">Parentesco<\/a><\/h4>\n\t\t\t\t<a href=\"\/pt\/recursos\/criancas-familias\/cuidados-de-parentesco\/?utm_source=Home&#038;utm_medium=Referral&#038;utm_campaign=211Resources&#038;utm_content=Kinship\"  target=\"_self\" itemprop=\"url\">\n\t\t\t\t<img decoding=\"async\" src=\"https:\/\/211md.org\/wp-content\/uploads\/bb-plugin\/cache\/2025_211_Icon-Sets_Kinship-square-45bdf872866f5735f842c32071109267-.png\" alt=\"\u00cdcone de parentesco\" itemprop=\"image\" height=\"417\" width=\"417\" title=\"2025_211_Conjuntos de \u00edcones_Parentesco\" onerror=\"this.style.display='none'\" loading=\"lazy\" \/>\n\t\t\t\t<\/a>\n\t\t<h4><a href=\"\/pt\/recursos\/servicos-legais\/?utm_source=Home&#038;utm_medium=Referral&#038;utm_campaign=211Resources&#038;utm_content=Legal\" target=\"_self\">Servi\u00e7os legais<\/a><\/h4>\n\t\t\t\t<a href=\"\/pt\/recursos\/servicos-legais\/?utm_source=Home&#038;utm_medium=Referral&#038;utm_campaign=211Resources&#038;utm_content=Legal\"  target=\"_self\" itemprop=\"url\">\n\t\t\t\t<img decoding=\"async\" src=\"https:\/\/211md.org\/wp-content\/uploads\/bb-plugin\/cache\/2025_MdInfoNet_Icon-Sets_Legal-square-18fdf438feb8435588174d9046463257-.png\" alt=\"\" itemprop=\"image\" onerror=\"this.style.display='none'\" loading=\"lazy\" \/>\n\t\t\t\t<\/a>\n\t\t<h4><a href=\"\/pt\/recursos\/saude-mental\/?utm_source=Home&#038;utm_medium=Referral&#038;utm_campaign=211Resources&#038;utm_content=Mental\" target=\"_self\">Sa\u00fade mental<\/a><\/h4>\n\t\t\t\t<a href=\"\/pt\/recursos\/saude-mental\/?utm_source=Home&#038;utm_medium=Referral&#038;utm_campaign=211Resources&#038;utm_content=Mental\"  target=\"_self\" itemprop=\"url\">\n\t\t\t\t<img decoding=\"async\" src=\"https:\/\/211md.org\/wp-content\/uploads\/bb-plugin\/cache\/2025_MdInfoNet_Icon-Sets_Mental-Health-square-c59b38c4a993a947d4c9280fbe2d2fee-.png\" alt=\"\" itemprop=\"image\" onerror=\"this.style.display='none'\" loading=\"lazy\" \/>\n\t\t\t\t<\/a>\n\t\t<h4><a href=\"\/pt\/recursos\/mdreentry\/?utm_source=Home&#038;utm_medium=Referral&#038;utm_campaign=211Resources&#038;utm_content=Reentry\" target=\"_self\">Reentrada<\/a><\/h4>\n\t\t\t\t<a href=\"\/pt\/recursos\/mdreentry\/?utm_source=Home&#038;utm_medium=Referral&#038;utm_campaign=211Resources&#038;utm_content=Reentry\"  target=\"_self\" itemprop=\"url\">\n\t\t\t\t<img decoding=\"async\" src=\"https:\/\/211md.org\/wp-content\/uploads\/bb-plugin\/cache\/2025_211_Icon-Sets_Reentry-square-8676fea38abd920a832f45642fe31cca-.png\" alt=\"\u00cdcone de reentrada\" itemprop=\"image\" height=\"417\" width=\"417\" title=\"2025_211_Conjuntos de \u00edcones_Reentrada\" onerror=\"this.style.display='none'\" loading=\"lazy\" \/>\n\t\t\t\t<\/a>\n\t\t<h4><a href=\"\/pt\/recursos\/uso-de-substancias\/?utm_source=Home&#038;utm_medium=Referral&#038;utm_campaign=211Resources&#038;utm_content=Substance\" target=\"_self\">Uso de subst\u00e2ncias<\/a><\/h4>\n\t\t\t\t<a href=\"\/pt\/recursos\/uso-de-substancias\/?utm_source=Home&#038;utm_medium=Referral&#038;utm_campaign=211Resources&#038;utm_content=Substance\"  target=\"_self\" itemprop=\"url\">\n\t\t\t\t<img decoding=\"async\" src=\"https:\/\/211md.org\/wp-content\/uploads\/bb-plugin\/cache\/2025_MdInfoNet_Icon-Sets_Substance-Abuse-square-9022fec9d18a64118ad685c101885b55-.png\" alt=\"\" itemprop=\"image\" onerror=\"this.style.display='none'\" loading=\"lazy\" \/>\n\t\t\t\t<\/a>\n\t\t<h4><a href=\"\/pt\/recursos\/veteranos\/?utm_source=Home&#038;utm_medium=Referral&#038;utm_campaign=211Resources&#038;utm_content=Veterans\" target=\"_self\">veteranos<\/a><\/h4>\n\t\t\t\t<a href=\"\/pt\/recursos\/veteranos\/?utm_source=Home&#038;utm_medium=Referral&#038;utm_campaign=211Resources&#038;utm_content=Veterans\"  target=\"_self\" itemprop=\"url\">\n\t\t\t\t<img decoding=\"async\" src=\"https:\/\/211md.org\/wp-content\/uploads\/bb-plugin\/cache\/2025_MdInfoNet_Icon-Sets_Rating-square-6e60d00cce4faa8e0a6d4ad7366aa733-.png\" alt=\"\" itemprop=\"image\" onerror=\"this.style.display='none'\" loading=\"lazy\" \/>\n\t\t\t\t<\/a>","protected":false},"excerpt":{"rendered":"<p>O WIC oferece vales-alimenta\u00e7\u00e3o para futuras mam\u00e3es, m\u00e3es que amamentam e crian\u00e7as de at\u00e9 5 anos eleg\u00edveis. Saiba mais sobre a elegibilidade e conecte-se a este e outros programas de alimenta\u00e7\u00e3o. Comece agora WIC Maryland O WIC Maryland oferece vales-alimenta\u00e7\u00e3o, educa\u00e7\u00e3o nutricional e apoio \u00e0 amamenta\u00e7\u00e3o. O programa de assist\u00eancia se concentra em uma nutri\u00e7\u00e3o melhor e um futuro mais brilhante para\u2026<\/p>","protected":false},"author":8,"featured_media":33737,"parent":746,"menu_order":0,"comment_status":"closed","ping_status":"closed","template":"","meta":{"footnotes":""},"class_list":["post-991","page","type-page","status-publish","has-post-thumbnail","hentry"],"_links":{"self":[{"href":"https:\/\/211md.org\/pt\/wp-json\/wp\/v2\/pages\/991","targetHints":{"allow":["GET"]}}],"collection":[{"href":"https:\/\/211md.org\/pt\/wp-json\/wp\/v2\/pages"}],"about":[{"href":"https:\/\/211md.org\/pt\/wp-json\/wp\/v2\/types\/page"}],"author":[{"embeddable":true,"href":"https:\/\/211md.org\/pt\/wp-json\/wp\/v2\/users\/8"}],"replies":[{"embeddable":true,"href":"https:\/\/211md.org\/pt\/wp-json\/wp\/v2\/comments?post=991"}],"version-history":[{"count":11,"href":"https:\/\/211md.org\/pt\/wp-json\/wp\/v2\/pages\/991\/revisions"}],"predecessor-version":[{"id":34179,"href":"https:\/\/211md.org\/pt\/wp-json\/wp\/v2\/pages\/991\/revisions\/34179"}],"up":[{"embeddable":true,"href":"https:\/\/211md.org\/pt\/wp-json\/wp\/v2\/pages\/746"}],"wp:featuredmedia":[{"embeddable":true,"href":"https:\/\/211md.org\/pt\/wp-json\/wp\/v2\/media\/33737"}],"wp:attachment":[{"href":"https:\/\/211md.org\/pt\/wp-json\/wp\/v2\/media?parent=991"}],"curies":[{"name":"wp","href":"https:\/\/api.w.org\/{rel}","templated":true}]}}