{"id":999,"date":"2021-04-16T18:11:18","date_gmt":"2021-04-16T18:11:18","guid":{"rendered":"https:\/\/211md.org\/?page_id=999"},"modified":"2025-09-07T20:53:11","modified_gmt":"2025-09-08T00:53:11","slug":"programas-de-verao","status":"publish","type":"page","link":"https:\/\/211md.org\/pt\/resources\/children-families\/summer-programs\/","title":{"rendered":"Acampamentos de Ver\u00e3o, Programas e Apoio Alimentar para Crian\u00e7as"},"content":{"rendered":"<p>Voc\u00ea est\u00e1 se perguntando como manter seu filho ocupado durante as f\u00e9rias de ver\u00e3o? Existem programas de recrea\u00e7\u00e3o gratuitos ou de baixo custo dispon\u00edveis em sua \u00e1rea.\u00a0\u00a0<\/p>\n<p>Muitos parques locais, departamentos e organiza\u00e7\u00f5es de recrea\u00e7\u00e3o oferecem programas e acampamentos para manter as crian\u00e7as ativas durante o ver\u00e3o de uma forma divertida e envolvente.<\/p>\n<h2>Encontre um acampamento de ver\u00e3o em Maryland<\/h2>\n<p><a href=\"https:\/\/search.211md.org\/search?query=PL-6400.1500-820&amp;query_type=taxonomy&amp;query_label=&amp;query_language=en\" target=\"_blank\" rel=\"noopener\">211 tem um banco de dados de quase 200 acampamentos de ver\u00e3o e recursos<\/a>. Voc\u00ea pode pesquisar por cidade ou CEP, idioma e idade da crian\u00e7a. <\/p>\n<p>Esta lista inclui programas de Parques e Recrea\u00e7\u00e3o, o YMCA e outras organiza\u00e7\u00f5es. O banco de dados 211 tamb\u00e9m inclui recursos de acampamentos, como o Diret\u00f3rio de acampamentos de ver\u00e3o da Baltimore Family Alliance, que possui acampamentos na \u00e1rea de Baltimore. Voc\u00ea deve fornecer seu nome e e-mail para baixar o <a href=\"https:\/\/www.baltimorefamilies.org\/summer-camp-directory.html\" target=\"_blank\" rel=\"noopener\">Diret\u00f3rio de acampamento de ver\u00e3o em Baltimore<\/a>.<\/p>\n<p>Voc\u00ea tamb\u00e9m pode pesquisar acampamentos de ver\u00e3o e verificar se aquele que voc\u00ea escolheu est\u00e1 licenciado, com o <a href=\"https:\/\/mdhyouthcamps.force.com\/CampSearch\/s\/\" target=\"_blank\" rel=\"noopener\">Banco de dados do acampamento do Departamento de Sa\u00fade de Maryland<\/a>. O banco de dados do Departamento de Sa\u00fade permite pesquisar por nome do acampamento, n\u00famero de licen\u00e7a ou condado.<\/p>\n\t\t\t\t<img decoding=\"async\" src=\"https:\/\/211md.org\/wp-content\/uploads\/2021\/05\/Diverse-Children.png\" alt=\"Um grupo de crian\u00e7as com as m\u00e3os levantadas e sorrindo\" itemprop=\"image\" height=\"348\" width=\"460\" title=\"crian\u00e7as diversas\" onerror=\"this.style.display='none'\" loading='lazy' \/>\n\t<h3>Programas de enriquecimento<\/h3>\n<p>211 tamb\u00e9m fornece uma lista de programas de enriquecimento juvenil para o ver\u00e3o. Isso pode incluir aulas particulares, atividades educacionais, apoio acad\u00eamico e outros programas especiais. <a href=\"https:\/\/search.211md.org\/search?query=PL-6400.1500-820&amp;query_type=taxonomy&amp;query_label=&amp;query_language=en\" target=\"_blank\" rel=\"noopener\">Pesquise programas de enriquecimento em nosso banco de dados de recursos estaduais<\/a>.<\/p>\n<h4>Outros apoios para crian\u00e7as<\/h4>\n<p>O 211 tamb\u00e9m possui recursos para crian\u00e7as que podem ajudar com aulas particulares ou orienta\u00e7\u00e3o. Tamb\u00e9m temos pesquisas para escolas p\u00fablicas. Verifique com o distrito escolar local se eles t\u00eam um programa ou escola de ver\u00e3o.<\/p>\n<p>Voc\u00ea tamb\u00e9m pode ligar para 211 para obter ajuda para encontrar um acampamento ou programa de ver\u00e3o.<\/p>\n<p>Procurar:<\/p>\n<ul>\n<li><a href=\"https:\/\/search.211md.org\/search?query=HL-8700&amp;query_type=taxonomy&amp;query_label=&amp;query_language=en\" target=\"_blank\" rel=\"noopener\">Servi\u00e7os de tutoria<\/a><\/li>\n<li><a href=\"https:\/\/search.211md.org\/search?query=HD-8000&amp;query_type=taxonomy&amp;query_label=&amp;query_language=en\" target=\"_blank\" rel=\"noopener\">Escolas p\u00fablicas<\/a><\/li>\n<li><a href=\"https:\/\/search.211md.org\/search?query=PH-1400.5000-100&amp;query_type=taxonomy&amp;query_label=&amp;query_language=en\" target=\"_blank\" rel=\"noopener\">Programas de mentoria para adultos\/crian\u00e7as<\/a><\/li>\n<\/ul>\n\t<h2><b>Alimentos para crian\u00e7as em idade escolar durante o ver\u00e3o<\/b>\u00a0<\/h2>\n<p>Muitos distritos escolares oferecem refei\u00e7\u00f5es saud\u00e1veis para crian\u00e7as durante o ver\u00e3o como uma extens\u00e3o dos servi\u00e7os oferecidos durante o ano letivo. N\u00e3o \u00e9 necess\u00e1rio se cadastrar nem apresentar identifica\u00e7\u00e3o para receber a alimenta\u00e7\u00e3o de menores de 18 anos.\u00a0<\/p>\n<p>Os programas s\u00e3o normalmente realizados na biblioteca, escola, organiza\u00e7\u00e3o religiosa, centro recreativo ou outro parceiro da comunidade.<\/p>\n<p><a href=\"https:\/\/mars.msde.maryland.gov\/mars_sitesearch\/\" target=\"_blank\" rel=\"noopener\">Encontre um local de comida de ver\u00e3o perto de voc\u00ea<\/a>.\u00a0<\/p>\n<h3>Ver\u00e3o Sun Bucks<\/h3>\n<p>A partir deste ano, haver\u00e1 tamb\u00e9m um programa EBT de ver\u00e3o conhecido como <a href=\"https:\/\/www.fns.usda.gov\/summer\/sunbucks\" target=\"_blank\" rel=\"noopener\">SOL Bucks<\/a> para reduzir a fome no ver\u00e3o.<\/p>\n<p>As fam\u00edlias eleg\u00edveis receber\u00e3o $120 por crian\u00e7a para ajudar a comprar mantimentos para seus filhos durante o ver\u00e3o, quando a escola estiver fechada. A maioria das fam\u00edlias de Maryland ser\u00e1 automaticamente inscrita. Voc\u00ea n\u00e3o precisa se inscrever se:<\/p>\n<ul>\n<li>a fam\u00edlia recebe merenda escolar gratuita ou a pre\u00e7o reduzido<\/li>\n<li>a fam\u00edlia participa do SNAP (vale-refei\u00e7\u00e3o), Assist\u00eancia Tempor\u00e1ria em Dinheiro (TCA) ou Medicaid<\/li>\n<li>as crian\u00e7as est\u00e3o em lares adotivos, sem teto, migrantes ou fugitivos<\/li>\n<\/ul>\n<p>Espera-se que o programa ajude a alimentar 50.000 crian\u00e7as em todo o estado.<\/p>\n<p>Este \u00e9 um benef\u00edcio de mercearia financiado pelo governo federal. Em junho, julho e agosto, as fam\u00edlias receber\u00e3o $40 por m\u00eas (total $120) por aluno eleg\u00edvel. Os fundos expiram 122 dias ap\u00f3s serem emitidos e n\u00e3o podem ser reemitidos.<\/p>\n<p>Aprender mais sobre <a href=\"https:\/\/dhs.maryland.gov\/sunbucks\/\" target=\"_blank\" rel=\"noopener\">Summer Sun Bucks em Maryland<\/a>.<\/p>\n\t\t\t\t<img decoding=\"async\" src=\"http:\/\/211md.org\/wp-content\/uploads\/2024\/04\/School-aged-children-getting-free-lunch.jpg\" alt=\"Crian\u00e7as em idade escolar recebem almo\u00e7o gr\u00e1tis\" itemprop=\"image\" title=\"Crian\u00e7as em idade escolar recebem almo\u00e7o gr\u00e1tis\" onerror=\"this.style.display='none'\" loading='lazy' \/>\n<h2>Informa\u00e7\u00e3o relacionada<\/h2>\n<p><a title=\"Ser Pai\" href=\"https:\/\/211md.org\/pt\/recursos\/criancas-familias\/ser-pai\/\">Apoio parental<\/a><\/p>\n<p><a title=\"Tendo um beb\u00ea\" href=\"https:\/\/211md.org\/pt\/recursos\/criancas-familias\/tendo-um-bebe\/\">Tendo um beb\u00ea<\/a><\/p>\n<p><a href=\"https:\/\/211md.org\/pt\/recursos\/comida\/wic\/\">Mulheres, Beb\u00eas e Crian\u00e7as (WIC)<\/a><\/p>\n<p><a title=\"ACEs\" href=\"https:\/\/211md.org\/pt\/recursos\/criancas-familias\/ases\/\">ACEs<\/a><\/p>\n<p><a title=\"Meu filho est\u00e1 fora de controle\" href=\"https:\/\/211md.org\/pt\/recursos\/criancas-familias\/comportamentos-infantis\/\">Comportamentos infantis<\/a><\/p>\n<p><a href=\"https:\/\/211md.org\/pt\/recursos\/criancas-familias\/cuidados-de-parentesco\/\" target=\"_blank\" rel=\"noopener\">Parentesco<\/a><\/p>\n<p><a href=\"https:\/\/211md.org\/pt\/recursos\/criancas-familias\/navegacao-de-parentesco\/\" target=\"_blank\" rel=\"noopener\">Navega\u00e7\u00e3o de parentesco<\/a><\/p>\n<h2>\n\t\t\tEncontrar recursos\t<\/h2>\n\t\t\t\t<a href=\"\/pt\/recursos\/envelhecimento-incapacidade\/\"  target=\"_self\" itemprop=\"url\">\n\t\t\t\t<img decoding=\"async\" src=\"https:\/\/211md.org\/wp-content\/uploads\/bb-plugin\/cache\/Mask-Group-41@2x-circle-73eaadba4cad8269faa4720e25cf1c85-.png\" alt=\"Os p\u00e9s de uma mulher mais velha e uma mulher mais jovem caminhando juntos\" itemprop=\"image\" height=\"500\" width=\"500\" title=\"Servi\u00e7os para deficientes\" onerror=\"this.style.display='none'\" loading='lazy' \/>\n\t\t\t\t<\/a>\n\t\t<h3><a href=\"\/pt\/recursos\/envelhecimento-incapacidade\/\" target=\"_self\">Envelhecimento e Defici\u00eancia<\/a><\/h3>\t\n\t\t\t\t<a href=\"\/pt\/recursos\/criancas-familias\/\"  target=\"_self\" itemprop=\"url\">\n\t\t\t\t<img decoding=\"async\" src=\"https:\/\/211md.org\/wp-content\/uploads\/bb-plugin\/cache\/Mask-Group-38@2x-circle-ac40d46265fbec62083cd27f6dcf23b0-.png\" alt=\"Um menino e uma menina sorrindo e olhando para a c\u00e2mera\" itemprop=\"image\" height=\"500\" width=\"500\" title=\"Grupo de m\u00e1scara 38@2x\" onerror=\"this.style.display='none'\" loading='lazy' \/>\n\t\t\t\t<\/a>\n\t\t<h3><a href=\"\/pt\/recursos\/criancas-familias\/\" target=\"_self\">Crian\u00e7as e Fam\u00edlias<\/a><\/h3>\t\n\t\t\t\t<a href=\"\/pt\/recursos\/violencia-domestica-familiar\/\"  target=\"_self\" itemprop=\"url\">\n\t\t\t\t<img decoding=\"async\" src=\"https:\/\/211md.org\/wp-content\/uploads\/bb-plugin\/cache\/Mask-Group-39@2x-circle-b2589197a13c791d910f46dd10b27a87-.png\" alt=\"Dois pares de m\u00e3os segurando um ao outro\" itemprop=\"image\" height=\"500\" width=\"500\" title=\"Grupo de m\u00e1scara 39@2x\" onerror=\"this.style.display='none'\" loading='lazy' \/>\n\t\t\t\t<\/a>\n\t\t<h3><a href=\"\/pt\/recursos\/violencia-domestica-familiar\/\" target=\"_self\">Viol\u00eancia Dom\u00e9stica\/Familiar<\/a><\/h3>\t\n\t\t\t\t<a href=\"\/pt\/recursos\/procura-de-emprego\/\"  target=\"_self\" itemprop=\"url\">\n\t\t\t\t<img decoding=\"async\" src=\"https:\/\/211md.org\/wp-content\/uploads\/bb-plugin\/cache\/Employment-circle-bf72562329e950df948954f5d3f44b2e-.png\" alt=\"um mec\u00e2nico de autom\u00f3veis\" itemprop=\"image\" height=\"500\" width=\"500\" title=\"Emprego\" onerror=\"this.style.display='none'\" loading='lazy' \/>\n\t\t\t\t<\/a>\n\t\t<h3><a href=\"\/pt\/recursos\/procura-de-emprego\/\" target=\"_self\">Emprego<\/a><\/h3>\t\n\t\t\t\t<a href=\"\/pt\/recursos\/cuidados-de-saude\/\"  target=\"_self\" itemprop=\"url\">\n\t\t\t\t<img decoding=\"async\" src=\"https:\/\/211md.org\/wp-content\/uploads\/bb-plugin\/cache\/Mask-Group-35@2x-circle-94be10c13e4adae1683b4589dc2f5b2f-.png\" alt=\"Doutor olhando para a perna de meninos\" itemprop=\"image\" height=\"500\" width=\"500\" title=\"Grupo de m\u00e1scara 35@2x\" onerror=\"this.style.display='none'\" loading='lazy' \/>\n\t\t\t\t<\/a>\n\t\t<h3><a href=\"\/pt\/recursos\/cuidados-de-saude\/\" target=\"_self\">Cuidados de sa\u00fade<\/a><\/h3>\t\n\t\t\t\t<a href=\"\/pt\/recursos\/comida\/\"  target=\"_self\" itemprop=\"url\">\n\t\t\t\t<img decoding=\"async\" src=\"https:\/\/211md.org\/wp-content\/uploads\/bb-plugin\/cache\/Mask-Group-32@2x-circle-1c6d647dcaf998fa079d26735cedc92b-.png\" alt=\"Vegetais frescos\" itemprop=\"image\" height=\"500\" width=\"500\" title=\"Grupo de m\u00e1scara 32@2x\" onerror=\"this.style.display='none'\" loading='lazy' \/>\n\t\t\t\t<\/a>\n\t\t<h3><a href=\"\/pt\/recursos\/comida\/\" target=\"_self\">Comida<\/a><\/h3>\t\n\t\t\t\t<a href=\"\/pt\/recursos\/casa-abrigo\/\"  target=\"_self\" itemprop=\"url\">\n\t\t\t\t<img decoding=\"async\" src=\"https:\/\/211md.org\/wp-content\/uploads\/bb-plugin\/cache\/Mask-Group-34@2x-circle-b99c55fc16ef21f35e2f2a1f7cc37b9a-.png\" alt=\"Varanda do complexo de apartamentos\" itemprop=\"image\" height=\"500\" width=\"500\" title=\"Complexo de apartamentos\" onerror=\"this.style.display='none'\" loading='lazy' \/>\n\t\t\t\t<\/a>\n\t\t<h3><a href=\"\/pt\/recursos\/casa-abrigo\/\" target=\"_self\">Habita\u00e7\u00e3o e Abrigo<\/a><\/h3>\t\n\t\t\t\t<a href=\"\/pt\/recursos\/novo-para-nos-e-marilandia\/\"  target=\"_self\" itemprop=\"url\">\n\t\t\t\t<img decoding=\"async\" src=\"https:\/\/211md.org\/wp-content\/uploads\/bb-plugin\/cache\/American-flag-circle-0016cc327e27ef7aeb080f1da6c6e98b-.jpg\" alt=\"novidade nos estados unidos\" itemprop=\"image\" height=\"364\" width=\"1366\" title=\"Bandeira americana\" onerror=\"this.style.display='none'\" loading='lazy' \/>\n\t\t\t\t<\/a>\n\t\t<h3><a href=\"\/pt\/recursos\/novo-para-nos-e-marilandia\/\" target=\"_self\">Imigra\u00e7\u00e3o<\/a><\/h3>\t\n\t\t\t\t<a href=\"\/pt\/recursos\/criancas-familias\/cuidados-de-parentesco\/\"  target=\"_self\" itemprop=\"url\">\n\t\t\t\t<img decoding=\"async\" src=\"https:\/\/211md.org\/wp-content\/uploads\/bb-plugin\/cache\/kinship-family-navigating-a-computer-circle-045fee9d587aefb20221bfea41a2cf9b-.png\" alt=\"fam\u00edlia de parentesco navegando em um computador\" itemprop=\"image\" title=\"fam\u00edlia de parentesco navegando em um computador\" onerror=\"this.style.display='none'\" loading='lazy' \/>\n\t\t\t\t<\/a>\n\t\t<h3><a href=\"\/pt\/recursos\/criancas-familias\/cuidados-de-parentesco\/\" target=\"_self\">Parentesco<\/a><\/h3>\t\n\t\t\t\t<a href=\"\/pt\/recursos\/servicos-legais\/\"  target=\"_self\" itemprop=\"url\">\n\t\t\t\t<img decoding=\"async\" src=\"https:\/\/211md.org\/wp-content\/uploads\/bb-plugin\/cache\/Housing-Legal-circle-9a8f3c1c72c54b6e1ce612d2993c1ad4-.png\" alt=\"Gavel legal com um modelo de pl\u00e1stico de uma casa ao lado\" itemprop=\"image\" height=\"348\" width=\"460\" title=\"Habita\u00e7\u00e3o Legal\" onerror=\"this.style.display='none'\" loading='lazy' \/>\n\t\t\t\t<\/a>\n\t\t<h3><a href=\"\/pt\/recursos\/servicos-legais\/\" target=\"_self\">Servi\u00e7os legais<\/a><\/h3>\t\n\t\t\t\t<a href=\"\/pt\/recursos\/saude-mental\/\"  target=\"_self\" itemprop=\"url\">\n\t\t\t\t<img decoding=\"async\" src=\"https:\/\/211md.org\/wp-content\/uploads\/bb-plugin\/cache\/Mask-Group-40@2x-circle-7bd9426367852fb3d841bc4bdc57a550-.png\" alt=\"Os perfis de um homem e uma mulher\" itemprop=\"image\" height=\"500\" width=\"500\" title=\"Grupo de m\u00e1scara 40@2x\" onerror=\"this.style.display='none'\" loading='lazy' \/>\n\t\t\t\t<\/a>\n\t\t<h3><a href=\"\/pt\/recursos\/saude-mental\/\" target=\"_self\">Sa\u00fade mental<\/a><\/h3>\t\n\t\t\t\t<a href=\"\/pt\/recursos\/mdreentry\/\"  target=\"_self\" itemprop=\"url\">\n\t\t\t\t<img decoding=\"async\" src=\"https:\/\/211md.org\/wp-content\/uploads\/bb-plugin\/cache\/Diverse-group-of-community-members-circle-4457c114cd48613bc79a0fb50060319c-.jpg\" alt=\"Grupo diversificado de membros da comunidade\" itemprop=\"image\" height=\"800\" width=\"1200\" title=\"Grupo diversificado de membros da comunidade\" onerror=\"this.style.display='none'\" loading='lazy' \/>\n\t\t\t\t<\/a>\n\t\t<h3><a href=\"\/pt\/recursos\/mdreentry\/\" target=\"_self\">Reentrada<\/a><\/h3>\t\n\t\t\t\t<a href=\"\/pt\/stophate\/\"  target=\"_self\" itemprop=\"url\">\n\t\t\t\t<img decoding=\"async\" src=\"https:\/\/211md.org\/wp-content\/uploads\/bb-plugin\/cache\/Background-section-MDStophate-circle-08e2bae1cf9f2ad6cc83e01e23da8cb9-.jpg\" alt=\"Background-section-MDStophate\" itemprop=\"image\" height=\"768\" width=\"1366\" title=\"Background-section-MDStophate\" onerror=\"this.style.display='none'\" loading='lazy' \/>\n\t\t\t\t<\/a>\n\t\t<h3><a href=\"\/pt\/stophate\/\" target=\"_self\">Pare de odiar<\/a><\/h3>\t\n\t\t\t\t<a href=\"\/pt\/recursos\/uso-de-substancias\/\"  target=\"_self\" itemprop=\"url\">\n\t\t\t\t<img decoding=\"async\" src=\"https:\/\/211md.org\/wp-content\/uploads\/bb-plugin\/cache\/Substance-Use-circle-ad2d564932dc31267e0c32a6fb2d915c-.png\" alt=\"P\u00edlulas para esmagar as m\u00e3os\" itemprop=\"image\" height=\"500\" width=\"500\" title=\"Uso de subst\u00e2ncias\" onerror=\"this.style.display='none'\" loading='lazy' \/>\n\t\t\t\t<\/a>\n\t\t<h3><a href=\"\/pt\/recursos\/uso-de-substancias\/\" target=\"_self\">Uso de subst\u00e2ncias<\/a><\/h3>\t\n\t\t\t\t<a href=\"\/pt\/recursos\/servicos-fiscais\/\"  target=\"_self\" itemprop=\"url\">\n\t\t\t\t<img decoding=\"async\" src=\"https:\/\/211md.org\/wp-content\/uploads\/bb-plugin\/cache\/Mask-Group-34-circle-166a606e37e61188c9a17d5e634cda3c-.png\" alt=\"Pessoa preenchendo a papelada do imposto de renda\" itemprop=\"image\" height=\"500\" width=\"500\" title=\"Grupo de m\u00e1scara 34\" onerror=\"this.style.display='none'\" loading='lazy' \/>\n\t\t\t\t<\/a>\n\t\t<h3><a href=\"\/pt\/recursos\/servicos-fiscais\/\" target=\"_self\">Servi\u00e7os fiscais<\/a><\/h3>\t\n\t\t\t\t<a href=\"\/pt\/recursos\/utilitario-assistencia\/\"  target=\"_self\" itemprop=\"url\">\n\t\t\t\t<img decoding=\"async\" src=\"https:\/\/211md.org\/wp-content\/uploads\/bb-plugin\/cache\/Mask-Group-37@2x-circle-9661a11b9c4082079c9a1f06bc539567-.png\" alt=\"Uma l\u00e2mpada acesa\" itemprop=\"image\" height=\"500\" width=\"500\" title=\"Grupo de m\u00e1scara 37@2x\" onerror=\"this.style.display='none'\" loading='lazy' \/>\n\t\t\t\t<\/a>\n\t\t<h3><a href=\"\/pt\/recursos\/utilitario-assistencia\/\" target=\"_self\">Assist\u00eancia de utilidade<\/a><\/h3>\t\n\t\t\t\t<a href=\"\/pt\/recursos\/veteranos\/\"  target=\"_self\" itemprop=\"url\">\n\t\t\t\t<img decoding=\"async\" src=\"https:\/\/211md.org\/wp-content\/uploads\/bb-plugin\/cache\/Veterans-circle-7c6972a59826c74f1f658f61df785fc3-.png\" alt=\"Um soldado apertando a m\u00e3o de algu\u00e9m e sorrindo\" itemprop=\"image\" title=\"veteranos\" onerror=\"this.style.display='none'\" loading='lazy' \/>\n\t\t\t\t<\/a>\n\t\t<h3><a href=\"\/pt\/recursos\/veteranos\/\" target=\"_self\">veteranos<\/a><\/h3>","protected":false},"excerpt":{"rendered":"<p>Voc\u00ea est\u00e1 se perguntando como manter seu filho ocupado durante as f\u00e9rias de ver\u00e3o? Existem programas de recrea\u00e7\u00e3o gratuitos ou de baixo custo dispon\u00edveis em sua \u00e1rea.  Muitos parques locais, departamentos e organiza\u00e7\u00f5es de recrea\u00e7\u00e3o oferecem programas e acampamentos para manter as crian\u00e7as ativas durante o ver\u00e3o de uma forma divertida e envolvente. Encontre um ver\u00e3o em Maryland\u2026<\/p>","protected":false},"author":8,"featured_media":3225,"parent":839,"menu_order":0,"comment_status":"closed","ping_status":"closed","template":"","meta":{"footnotes":""},"class_list":["post-999","page","type-page","status-publish","has-post-thumbnail","hentry"],"_links":{"self":[{"href":"https:\/\/211md.org\/pt\/wp-json\/wp\/v2\/pages\/999","targetHints":{"allow":["GET"]}}],"collection":[{"href":"https:\/\/211md.org\/pt\/wp-json\/wp\/v2\/pages"}],"about":[{"href":"https:\/\/211md.org\/pt\/wp-json\/wp\/v2\/types\/page"}],"author":[{"embeddable":true,"href":"https:\/\/211md.org\/pt\/wp-json\/wp\/v2\/users\/8"}],"replies":[{"embeddable":true,"href":"https:\/\/211md.org\/pt\/wp-json\/wp\/v2\/comments?post=999"}],"version-history":[{"count":2,"href":"https:\/\/211md.org\/pt\/wp-json\/wp\/v2\/pages\/999\/revisions"}],"predecessor-version":[{"id":4679,"href":"https:\/\/211md.org\/pt\/wp-json\/wp\/v2\/pages\/999\/revisions\/4679"}],"up":[{"embeddable":true,"href":"https:\/\/211md.org\/pt\/wp-json\/wp\/v2\/pages\/839"}],"wp:featuredmedia":[{"embeddable":true,"href":"https:\/\/211md.org\/pt\/wp-json\/wp\/v2\/media\/3225"}],"wp:attachment":[{"href":"https:\/\/211md.org\/pt\/wp-json\/wp\/v2\/media?parent=999"}],"curies":[{"name":"wp","href":"https:\/\/api.w.org\/{rel}","templated":true}]}}