{"id":1021,"date":"2021-04-16T18:52:14","date_gmt":"2021-04-16T18:52:14","guid":{"rendered":"https:\/\/211md.org\/?page_id=1021"},"modified":"2025-12-10T11:35:32","modified_gmt":"2025-12-10T16:35:32","slug":"hanh-vi-tre-em","status":"publish","type":"page","link":"https:\/\/211md.org\/vi\/resources\/children-families\/child-behaviors\/","title":{"rendered":"Nh\u1eadn tr\u1ee3 gi\u00fap v\u1ec1 h\u00e0nh vi c\u1ee7a tr\u1ebb"},"content":{"rendered":"<p>C\u00f3 th\u1ec3 kh\u00f3 bi\u1ebft ph\u1ea3i ph\u1ea3n \u1ee9ng th\u1ebf n\u00e0o khi m\u1ed9t \u0111\u1ee9a tr\u1ebb \u201ch\u00e0nh \u0111\u1ed9ng tr\u00e1i ph\u00e9p\u201d. May m\u1eafn thay, c\u00f3 nh\u1eefng c\u00e1ch hi\u1ec7u qu\u1ea3 m\u00e0 cha m\u1eb9 v\u00e0 ng\u01b0\u1eddi ch\u0103m s\u00f3c c\u00f3 th\u1ec3 \u1ee9ng ph\u00f3 khi tr\u1ebb la h\u00e9t, \u0111\u00e1nh, \u0111\u00e1, c\u1eafn ho\u1eb7c l\u00e0m v\u1ee1 \u0111\u1ed3 v\u1eadt.<\/p>\n<h3>\u0110\u1ec3 \u0111\u01b0\u1ee3c tr\u1ee3 gi\u00fap ngay l\u1eadp t\u1ee9c<\/h3>\n<p>N\u1ebfu b\u1ea1n c\u00f3 m\u1ed1i lo ng\u1ea1i ngay l\u1eadp t\u1ee9c v\u1ec1 h\u00e0nh vi c\u1ee7a con m\u00ecnh, nh\u1eefng \u0111\u01b0\u1eddng d\u00e2y n\u00f3ng n\u00e0y c\u00f3 th\u1ec3 gi\u00fap \u0111\u1ee1:<\/p>\n<ul>\n<li><strong>C\u00e2y gia \u0111\u00ecnh \u0110\u01b0\u1eddng d\u00e2y tr\u1ee3 gi\u00fap nu\u00f4i d\u1ea1y con c\u00e1i 24 gi\u1edd<\/strong><br \/>\nG\u1ecdi 1-800-243-7337 \u0111\u1ec3 \u0111\u01b0\u1ee3c h\u1ed7 tr\u1ee3, t\u01b0 v\u1ea5n v\u00e0 c\u00e1c ngu\u1ed3n l\u1ef1c c\u1ed9ng \u0111\u1ed3ng mi\u1ec5n ph\u00ed v\u00e0 b\u00ed m\u1eadt \u1edf Maryland.\u00a0<a href=\"https:\/\/www.familytreemd.org\/programs\/helpline\/\" target=\"_blank\" rel=\"noopener\">T\u00ecm hi\u1ec3u th\u00eam v\u1ec1 \u0110\u01b0\u1eddng d\u00e2y tr\u1ee3 gi\u00fap c\u00e2y gia ph\u1ea3<\/a>.<\/li>\n<li><strong>G\u1ecdi 9-8-8<\/strong><br \/>\nN\u1ebfu b\u1ea1n c\u00f3 th\u1eafc m\u1eafc v\u1ec1 s\u1ee9c kh\u1ecfe t\u00e2m th\u1ea7n ho\u1eb7c vi\u1ec7c s\u1eed d\u1ee5ng d\u01b0\u1ee3c ch\u1ea5t c\u1ee7a tr\u1ebb, h\u00e3y g\u1ecdi 9-8-8.<\/li>\n<\/ul>\n\t\t\t\t<img loading=\"lazy\" decoding=\"async\" src=\"https:\/\/211md.org\/wp-content\/uploads\/2021\/05\/Child-Holding-Ears.png\" alt=\"M\u1ed9t \u0111\u1ee9a tr\u1ebb \u0111au kh\u1ed5 l\u1ea5y tay b\u1ecbt tai\" itemprop=\"image\" height=\"348\" width=\"460\" title=\"\u0110\u1ee9a Tr\u1ebb C\u1ea7m Tai\" onerror=\"this.style.display='none'\"  \/>\n\t<h3>N\u1ebfu b\u1ea1n lo l\u1eafng v\u1ec1 h\u00e0nh vi c\u1ee7a con b\u1ea1n<\/h3>\n<p>N\u1ebfu nh\u1eefng h\u00e0nh vi th\u00e1ch th\u1ee9c x\u1ea3y ra th\u01b0\u1eddng xuy\u00ean, s\u1ebd r\u1ea5t nguy hi\u1ec3m khi cho r\u1eb1ng con b\u1ea1n s\u1ebd \u201ctho\u00e1t kh\u1ecfi \u0111i\u1ec1u \u0111\u00f3\u201d. H\u00e0nh \u0111\u1ed9ng s\u1edbm khi c\u00f3 m\u1ed1i quan ng\u1ea1i l\u00e0 c\u00e1ch t\u1ed1t nh\u1ea5t \u0111\u1ec3 gi\u00fap con b\u1ea1n.<\/p>\n<p>H\u1ea7u h\u1ebft c\u00e1c v\u1ea5n \u0111\u1ec1 \u0111\u1ec1u c\u00f3 th\u1ec3 \u0111\u01b0\u1ee3c gi\u1ea3i quy\u1ebft b\u1eb1ng c\u00e1ch ti\u1ebfp c\u1eadn ph\u00f9 h\u1ee3p, nh\u01b0ng th\u01b0\u1eddng s\u1ebd d\u1ec5 d\u00e0ng v\u00e0 hi\u1ec7u qu\u1ea3 h\u01a1n n\u1ebfu b\u1ea1n l\u00e0m \u0111i\u1ec1u g\u00ec \u0111\u00f3 s\u1edbm h\u01a1n tr\u01b0\u1edbc khi v\u1ea5n \u0111\u1ec1 tr\u1edf n\u00ean t\u1ed3i t\u1ec7 h\u01a1n.<\/p>\n<p>B\u01b0\u1edbc \u0111\u1ea7u ti\u00ean t\u1ed1t nh\u1ea5t l\u00e0 n\u00f3i chuy\u1ec7n v\u1edbi nh\u00e0 cung c\u1ea5p d\u1ecbch v\u1ee5 ch\u0103m s\u00f3c s\u1ee9c kh\u1ecfe c\u1ee7a con b\u1ea1n, nh\u01b0 b\u00e1c s\u0129 nhi khoa ho\u1eb7c y t\u00e1. Vi\u1ebft ra nh\u1eefng c\u00e2u h\u1ecfi, m\u1ed1i quan t\u00e2m c\u1ee7a b\u1ea1n v\u00e0 m\u1ed9t s\u1ed1 v\u00ed d\u1ee5; mang nh\u1eefng th\u1ee9 n\u00e0y \u0111\u1ebfn cu\u1ed9c h\u1eb9n. H\u00e3y n\u00f3i v\u1edbi b\u00e1c s\u0129 ho\u1eb7c y t\u00e1 khi b\u1eaft \u0111\u1ea7u cu\u1ed9c h\u1eb9n r\u1eb1ng b\u1ea1n lo l\u1eafng v\u1ec1 h\u00e0nh vi v\u00e0 s\u1ef1 ph\u00e1t tri\u1ec3n c\u1ee7a con b\u1ea1n. <a href=\"https:\/\/www.cdc.gov\/ncbddd\/actearly\/pdf\/help_pdfs\/How-Talk-Doctor-English-Spanish-508.pdf\" target=\"_blank\" rel=\"noopener\">T\u1edd n\u00e0y c\u00f3 th\u1ec3 gi\u00fap b\u1ea1n chu\u1ea9n b\u1ecb cho cu\u1ed9c tr\u00f2 chuy\u1ec7n<\/a>.<\/p>\n\t<h3>C\u00e1c ngu\u1ed3n h\u1ed7 tr\u1ee3 kh\u00e1c<\/h3>\n<p>Vi\u1ec7c \u0111i\u1ec1u h\u01b0\u1edbng nh\u1eefng h\u00e0nh vi n\u00e0y c\u00f3 th\u1ec3 kh\u00f3 kh\u0103n \u0111\u1ed1i v\u1edbi tr\u1ebb v\u00e0 cha m\u1eb9. Tr\u1ee3 gi\u00fap c\u00f3 s\u1eb5n.<\/p>\n<ul>\n<li><strong>G\u1ecdi 2-1-1<br \/>\n<\/strong>N\u1ebfu b\u1ea1n c\u1ea7n h\u1ed7 tr\u1ee3, h\u00e3y quay s\u1ed1 2-1-1. Ch\u00fang t\u00f4i c\u00f3 th\u1ec3 gi\u00fap b\u1ea1n t\u00ecm ra ch\u01b0\u01a1ng tr\u00ecnh ho\u1eb7c t\u00e0i nguy\u00ean n\u00e0o ph\u00f9 h\u1ee3p v\u1edbi b\u1ea1n.<\/li>\n<li><strong>Li\u00ean minh c\u00e1c gia \u0111\u00ecnh Maryland H\u1ed7 tr\u1ee3 ngang h\u00e0ng<\/strong><br \/>\nC\u01a1 quan c\u00f3 th\u1ec3 gi\u00fap b\u1ea1n gi\u1ea3i quy\u1ebft c\u00e1c m\u1ed1i lo ng\u1ea1i v\u1ec1 s\u1ee9c kh\u1ecfe h\u00e0nh vi v\u1edbi t\u01b0 c\u00e1ch l\u00e0 m\u1ed9t gia \u0111\u00ecnh th\u00f4ng qua <a href=\"https:\/\/www.mdcoalition.org\/what-we-do\/family-peer-support\/\" target=\"_blank\" rel=\"noopener\">ch\u01b0\u01a1ng tr\u00ecnh h\u1ed7 tr\u1ee3 \u0111\u1ed3ng \u0111\u1eb3ng gia \u0111\u00ecnh<\/a>. H\u1ecd c\u00f3 th\u1ec3 gi\u00fap v\u1edbi IEP v\u00e0 c\u00e1c ngu\u1ed3n l\u1ef1c c\u1ea7n thi\u1ebft kh\u00e1c \u0111\u1ec3 h\u1ed7 tr\u1ee3 gia \u0111\u00ecnh v\u00e0 tr\u1ebb.<\/li>\n<li><strong>B\u1ed9 t\u00e0i nguy\u00ean gia \u0111\u00ecnh v\u1ec1 c\u00e1c v\u1ea5n \u0111\u1ec1 s\u1ee9c kh\u1ecfe t\u00e2m th\u1ea7n c\u1ee7a tr\u1ebb em<\/strong><strong><br \/>\n<\/strong>T\u1ea3i n\u00f3 xu\u1ed1ng\u00a0<a href=\"https:\/\/www.childrensmentalhealthmatters.org\/files\/2021\/03\/CMHM-Family-Resource-Kit-2021.pdf\" target=\"_blank\" rel=\"noopener\">Ti\u1ebfng Anh<\/a>\u00a0ho\u1eb7c\u00a0<a href=\"https:\/\/www.childrensmentalhealthmatters.org\/files\/2021\/07\/CMHM-Family-Resource-Kit-2021_ES.pdf\" target=\"_blank\" rel=\"noopener\">ng\u01b0\u1eddi T\u00e2y Ban Nha<\/a>. B\u1ea1n s\u1ebd t\u00ecm th\u1ea5y th\u00f4ng tin v\u1ec1 m\u1ed9t s\u1ed1 ch\u1ee7 \u0111\u1ec1, bao g\u1ed3m r\u1ed1i lo\u1ea1n \u0103n u\u1ed1ng, R\u1ed1i lo\u1ea1n t\u0103ng \u0111\u1ed9ng gi\u1ea3m ch\u00fa \u00fd (ADHD), lo l\u1eafng, tr\u1ea7m c\u1ea3m ho\u1eb7c c\u00e1c v\u1ea5n \u0111\u1ec1 s\u1ee9c kh\u1ecfe t\u00e2m th\u1ea7n kh\u00e1c.<\/li>\n<\/ul>\n<p>&nbsp;<\/p>\n\t\t\t\t<img decoding=\"async\" src=\"http:\/\/211md.org\/wp-content\/uploads\/2024\/02\/mother-comforting-child.jpg\" alt=\"m\u1eb9 an \u1ee7i con\" itemprop=\"image\" title=\"m\u1eb9 an \u1ee7i con\" onerror=\"this.style.display='none'\"  \/>\n<h2>Th\u00f4ng tin li\u00ean quan<\/h2>\n<p><a title=\"l\u00e0m cha m\u1eb9\" href=\"https:\/\/211md.org\/vi\/tai-nguyen\/gia-dinh-tre-em\/lam-cha-me\/\">H\u1ed7 tr\u1ee3 nu\u00f4i d\u1ea1y con c\u00e1i<\/a><\/p>\n<p><a title=\"ACE\" href=\"https:\/\/211md.org\/vi\/tai-nguyen\/gia-dinh-tre-em\/con-at-chu-bai\/\">ACE<\/a><\/p>\n<p><a href=\"https:\/\/211md.org\/vi\/tai-nguyen\/suc-khoe-tinh-than\/ho-tro-thanh-thieu-nien\/\">H\u1ed7 tr\u1ee3 S\u1ee9c kh\u1ecfe T\u00e2m th\u1ea7n Thanh thi\u1ebfu ni\u00ean<\/a><\/p>\n<p><a href=\"https:\/\/211md.org\/vi\/tai-nguyen\/gia-dinh-tre-em\/quan-he-ho-hang-2\/\" target=\"_blank\" rel=\"noopener\">\u0110i\u1ec1u h\u01b0\u1edbng quan h\u1ec7 h\u1ecd h\u00e0ng<\/a><\/p>\n<h2>\n\t\tT\u00ecm t\u00e0i nguy\u00ean\n\t<\/h2>\n\t\t\t\t<a href=\"\/vi\/tai-nguyen\/lao-hoa-khuyet-tat\/\" target=\"_self\" itemprop=\"url\" rel=\"noopener\">\n\t\t\t\t<img loading=\"lazy\" decoding=\"async\" src=\"https:\/\/211md.org\/wp-content\/uploads\/bb-plugin\/cache\/Mask-Group-41@2x-circle-73eaadba4cad8269faa4720e25cf1c85-.png\" alt=\"\u0110\u00f4i ch\u00e2n c\u1ee7a m\u1ed9t ng\u01b0\u1eddi ph\u1ee5 n\u1eef l\u1edbn tu\u1ed5i v\u00e0 m\u1ed9t c\u00f4 g\u00e1i tr\u1ebb c\u00f9ng nhau b\u01b0\u1edbc \u0111i\" itemprop=\"image\" height=\"500\" width=\"500\" title=\"D\u1ecbch v\u1ee5 ng\u01b0\u1eddi khuy\u1ebft t\u1eadt\" onerror=\"this.style.display='none'\"  \/>\n\t\t\t\t<\/a>\n\t\t<h3><a href=\"\/vi\/tai-nguyen\/lao-hoa-khuyet-tat\/\" target=\"_self\" rel=\"noopener\">L\u00e3o h\u00f3a &amp; Khuy\u1ebft t\u1eadt<\/a><\/h3>\t\n\t\t\t\t<a href=\"\/vi\/tai-nguyen\/gia-dinh-tre-em\/\" target=\"_self\" itemprop=\"url\" rel=\"noopener\">\n\t\t\t\t<img loading=\"lazy\" decoding=\"async\" src=\"https:\/\/211md.org\/wp-content\/uploads\/bb-plugin\/cache\/Mask-Group-38@2x-circle-ac40d46265fbec62083cd27f6dcf23b0-.png\" alt=\"m\u1ed9t ch\u00e0ng trai v\u00e0 c\u00f4 g\u00e1i tr\u1ebb m\u1ec9m c\u01b0\u1eddi v\u00e0 nh\u00ecn v\u00e0o m\u00e1y \u1ea3nh\" itemprop=\"image\" height=\"500\" width=\"500\" title=\"Nh\u00f3m m\u1eb7t n\u1ea1 38@2x\" onerror=\"this.style.display='none'\"  \/>\n\t\t\t\t<\/a>\n\t\t<h3><a href=\"\/vi\/tai-nguyen\/gia-dinh-tre-em\/\" target=\"_self\" rel=\"noopener\">Tr\u1ebb em &amp; Gia \u0111\u00ecnh<\/a><\/h3>\t\n\t\t\t\t<a href=\"\/vi\/tai-nguyen\/covid-19-trung-tam-tai-nguyen\/\" target=\"_self\" itemprop=\"url\" rel=\"noopener\">\n\t\t\t\t<img loading=\"lazy\" decoding=\"async\" src=\"https:\/\/211md.org\/wp-content\/uploads\/bb-plugin\/cache\/Mask-Group-35-circle-1d65595bca7a4e0f07d3d14ca4f42835-.png\" alt=\"m\u1ed9t ng\u01b0\u1eddi \u0111\u00e0n \u00f4ng v\u00e0 ph\u1ee5 n\u1eef khu\u1ef7u tay va ch\u1ea1m\" itemprop=\"image\" height=\"500\" width=\"500\" title=\"M\u1eb7t N\u1ea1 Nh\u00f3m 35\" onerror=\"this.style.display='none'\"  \/>\n\t\t\t\t<\/a>\n\t\t<h3><a href=\"\/vi\/tai-nguyen\/covid-19-trung-tam-tai-nguyen\/\" target=\"_self\" rel=\"noopener\">T\u00e0i nguy\u00ean COVID-19<\/a><\/h3>\t\n\t\t\t\t<a href=\"\/vi\/tai-nguyen\/gia-dinh-bao-luc\/\" target=\"_self\" itemprop=\"url\" rel=\"noopener\">\n\t\t\t\t<img loading=\"lazy\" decoding=\"async\" src=\"https:\/\/211md.org\/wp-content\/uploads\/bb-plugin\/cache\/Mask-Group-39@2x-circle-b2589197a13c791d910f46dd10b27a87-.png\" alt=\"Hai \u0111\u00f4i n\u1eafm tay nhau\" itemprop=\"image\" height=\"500\" width=\"500\" title=\"Nh\u00f3m m\u1eb7t n\u1ea1 39@2x\" onerror=\"this.style.display='none'\"  \/>\n\t\t\t\t<\/a>\n\t\t<h3><a href=\"\/vi\/tai-nguyen\/gia-dinh-bao-luc\/\" target=\"_self\" rel=\"noopener\">B\u1ea1o h\u00e0nh Gia \u0111\u00ecnh\/Gia \u0111\u00ecnh<\/a><\/h3>\t\n\t\t\t\t<a href=\"\/vi\/tai-nguyen\/tim-kiem-viec-lam\/\" target=\"_self\" itemprop=\"url\" rel=\"noopener\">\n\t\t\t\t<img loading=\"lazy\" decoding=\"async\" src=\"https:\/\/211md.org\/wp-content\/uploads\/bb-plugin\/cache\/Employment-circle-bf72562329e950df948954f5d3f44b2e-.png\" alt=\"Th\u1ee3 s\u1eeda xe\" itemprop=\"image\" height=\"500\" width=\"500\" title=\"Thu\u00ea ng\u01b0\u1eddi l\u00e0m\" onerror=\"this.style.display='none'\"  \/>\n\t\t\t\t<\/a>\n\t\t<h3><a href=\"\/vi\/tai-nguyen\/tim-kiem-viec-lam\/\" target=\"_self\" rel=\"noopener\">Thu\u00ea ng\u01b0\u1eddi l\u00e0m<\/a><\/h3>\t\n\t\t\t\t<a href=\"\/vi\/tai-nguyen\/cham-soc-suc-khoe\/\" target=\"_self\" itemprop=\"url\" rel=\"noopener\">\n\t\t\t\t<img loading=\"lazy\" decoding=\"async\" src=\"https:\/\/211md.org\/wp-content\/uploads\/bb-plugin\/cache\/Mask-Group-35@2x-circle-94be10c13e4adae1683b4589dc2f5b2f-.png\" alt=\"B\u00e1c s\u0129 kh\u00e1m ch\u00e2n cho b\u00e9 trai\" itemprop=\"image\" height=\"500\" width=\"500\" title=\"Nh\u00f3m m\u1eb7t n\u1ea1 35@2x\" onerror=\"this.style.display='none'\"  \/>\n\t\t\t\t<\/a>\n\t\t<h3><a href=\"\/vi\/tai-nguyen\/cham-soc-suc-khoe\/\" target=\"_self\" rel=\"noopener\">Ch\u0103m s\u00f3c s\u1ee9c kh\u1ecfe<\/a><\/h3>\t\n\t\t\t\t<a href=\"\/vi\/tai-nguyen\/do-an\/\" target=\"_self\" itemprop=\"url\" rel=\"noopener\">\n\t\t\t\t<img loading=\"lazy\" decoding=\"async\" src=\"https:\/\/211md.org\/wp-content\/uploads\/bb-plugin\/cache\/Mask-Group-32@2x-circle-1c6d647dcaf998fa079d26735cedc92b-.png\" alt=\"Rau s\u1ea1ch\" itemprop=\"image\" height=\"500\" width=\"500\" title=\"Nh\u00f3m m\u1eb7t n\u1ea1 32@2x\" onerror=\"this.style.display='none'\"  \/>\n\t\t\t\t<\/a>\n\t\t<h3><a href=\"\/vi\/tai-nguyen\/do-an\/\" target=\"_self\" rel=\"noopener\">\u0110\u1ed3 \u0103n<\/a><\/h3>\t\n\t\t\t\t<a href=\"\/vi\/tai-nguyen\/nha-o\/\" target=\"_self\" itemprop=\"url\" rel=\"noopener\">\n\t\t\t\t<img loading=\"lazy\" decoding=\"async\" src=\"https:\/\/211md.org\/wp-content\/uploads\/bb-plugin\/cache\/Mask-Group-34@2x-circle-b99c55fc16ef21f35e2f2a1f7cc37b9a-.png\" alt=\"Ban c\u00f4ng chung c\u01b0\" itemprop=\"image\" height=\"500\" width=\"500\" title=\"Chung c\u01b0-Khu ph\u1ee9c h\u1ee3p\" onerror=\"this.style.display='none'\"  \/>\n\t\t\t\t<\/a>\n\t\t<h3><a href=\"\/vi\/tai-nguyen\/nha-o\/\" target=\"_self\" rel=\"noopener\">Nh\u00e0 \u1ede &amp; N\u01a1i Tr\u00fa \u1ea8n<\/a><\/h3>\t\n\t\t\t\t<a href=\"\/vi\/tai-nguyen\/moi-doi-voi-chung-toi-va-maryland\/\" target=\"_self\" itemprop=\"url\" rel=\"noopener\">\n\t\t\t\t<img loading=\"lazy\" decoding=\"async\" src=\"https:\/\/211md.org\/wp-content\/uploads\/bb-plugin\/cache\/American-flag-circle-0016cc327e27ef7aeb080f1da6c6e98b-.jpg\" alt=\"m\u1edbi \u0111\u1ebfn Hoa K\u1ef3\" itemprop=\"image\" height=\"364\" width=\"1366\" title=\"C\u1edd M\u1ef9\" onerror=\"this.style.display='none'\"  \/>\n\t\t\t\t<\/a>\n\t\t<h3><a href=\"\/vi\/tai-nguyen\/moi-doi-voi-chung-toi-va-maryland\/\" target=\"_self\" rel=\"noopener\">nh\u1eadp c\u01b0<\/a><\/h3>\t\n\t\t\t\t<a href=\"\/vi\/tai-nguyen\/dich-vu-phap-ly\/\" target=\"_self\" itemprop=\"url\" rel=\"noopener\">\n\t\t\t\t<img loading=\"lazy\" decoding=\"async\" src=\"https:\/\/211md.org\/wp-content\/uploads\/bb-plugin\/cache\/Housing-Legal-circle-9a8f3c1c72c54b6e1ce612d2993c1ad4-.png\" alt=\"B\u00faa ph\u00e1p l\u00fd v\u1edbi m\u00f4 h\u00ecnh ng\u00f4i nh\u00e0 b\u1eb1ng nh\u1ef1a b\u00ean c\u1ea1nh\" itemprop=\"image\" height=\"348\" width=\"460\" title=\"Ph\u00e1p l\u00fd nh\u00e0 \u1edf\" onerror=\"this.style.display='none'\"  \/>\n\t\t\t\t<\/a>\n\t\t<h3><a href=\"\/vi\/tai-nguyen\/dich-vu-phap-ly\/\" target=\"_self\" rel=\"noopener\">D\u1ecbch v\u1ee5 ph\u00e1p l\u00fd<\/a><\/h3>\t\n\t\t\t\t<a href=\"\/vi\/tai-nguyen\/suc-khoe-tinh-than\/\" target=\"_self\" itemprop=\"url\" rel=\"noopener\">\n\t\t\t\t<img loading=\"lazy\" decoding=\"async\" src=\"https:\/\/211md.org\/wp-content\/uploads\/bb-plugin\/cache\/Mask-Group-40@2x-circle-7bd9426367852fb3d841bc4bdc57a550-.png\" alt=\"H\u1ed3 s\u01a1 c\u1ee7a m\u1ed9t ng\u01b0\u1eddi \u0111\u00e0n \u00f4ng v\u00e0 ph\u1ee5 n\u1eef\" itemprop=\"image\" height=\"500\" width=\"500\" title=\"Nh\u00f3m m\u1eb7t n\u1ea1 40@2x\" onerror=\"this.style.display='none'\"  \/>\n\t\t\t\t<\/a>\n\t\t<h3><a href=\"\/vi\/tai-nguyen\/suc-khoe-tinh-than\/\" target=\"_self\" rel=\"noopener\">S\u1ee9c kh\u1ecfe tinh th\u1ea7n<\/a><\/h3>\t\n\t\t\t\t<a href=\"\/vi\/dung-lai\/\" target=\"_self\" itemprop=\"url\" rel=\"noopener\">\n\t\t\t\t<img loading=\"lazy\" decoding=\"async\" src=\"https:\/\/211md.org\/wp-content\/uploads\/bb-plugin\/cache\/Background-section-MDStophate-circle-08e2bae1cf9f2ad6cc83e01e23da8cb9-.jpg\" alt=\"Ph\u1ea7n n\u1ec1n-MDStophate\" itemprop=\"image\" height=\"768\" width=\"1366\" title=\"Ph\u1ea7n n\u1ec1n-MDStophate\" onerror=\"this.style.display='none'\"  \/>\n\t\t\t\t<\/a>\n\t\t<h3><a href=\"\/vi\/dung-lai\/\" target=\"_self\" rel=\"noopener\">Ng\u1eebng gh\u00e9t<\/a><\/h3>\t\n\t\t\t\t<a href=\"\/vi\/tai-nguyen\/su-dung-chat-kich-thich\/\" target=\"_self\" itemprop=\"url\" rel=\"noopener\">\n\t\t\t\t<img loading=\"lazy\" decoding=\"async\" src=\"https:\/\/211md.org\/wp-content\/uploads\/bb-plugin\/cache\/Substance-Use-circle-ad2d564932dc31267e0c32a6fb2d915c-.png\" alt=\"Tay \u0111\u1eadp thu\u1ed1c\" itemprop=\"image\" height=\"500\" width=\"500\" title=\"S\u1eed d\u1ee5ng ch\u1ea5t g\u00e2y nghi\u1ec7n\" onerror=\"this.style.display='none'\"  \/>\n\t\t\t\t<\/a>\n\t\t<h3><a href=\"\/vi\/tai-nguyen\/su-dung-chat-kich-thich\/\" target=\"_self\" rel=\"noopener\">S\u1eed d\u1ee5ng ch\u1ea5t k\u00edch th\u00edch<\/a><\/h3>\t\n\t\t\t\t<a href=\"\/vi\/tai-nguyen\/dich-vu-thue\/\" target=\"_self\" itemprop=\"url\" rel=\"noopener\">\n\t\t\t\t<img loading=\"lazy\" decoding=\"async\" src=\"https:\/\/211md.org\/wp-content\/uploads\/bb-plugin\/cache\/Mask-Group-34-circle-166a606e37e61188c9a17d5e634cda3c-.png\" alt=\"Ng\u01b0\u1eddi \u0111i\u1ec1n v\u00e0o gi\u1ea5y t\u1edd thu\u1ebf thu nh\u1eadp\" itemprop=\"image\" height=\"500\" width=\"500\" title=\"M\u1eb7t N\u1ea1 Nh\u00f3m 34\" onerror=\"this.style.display='none'\"  \/>\n\t\t\t\t<\/a>\n\t\t<h3><a href=\"\/vi\/tai-nguyen\/dich-vu-thue\/\" target=\"_self\" rel=\"noopener\">D\u1ecbch v\u1ee5 thu\u1ebf<\/a><\/h3>\t\n\t\t\t\t<a href=\"\/vi\/tai-nguyen\/ho-tro-tien-ich\/\" target=\"_self\" itemprop=\"url\" rel=\"noopener\">\n\t\t\t\t<img loading=\"lazy\" decoding=\"async\" src=\"https:\/\/211md.org\/wp-content\/uploads\/bb-plugin\/cache\/Mask-Group-37@2x-circle-9661a11b9c4082079c9a1f06bc539567-.png\" alt=\"M\u1ed9t b\u00f3ng \u0111\u00e8n th\u1eafp s\u00e1ng\" itemprop=\"image\" height=\"500\" width=\"500\" title=\"Nh\u00f3m m\u1eb7t n\u1ea1 37@2x\" onerror=\"this.style.display='none'\"  \/>\n\t\t\t\t<\/a>\n\t\t<h3><a href=\"\/vi\/tai-nguyen\/ho-tro-tien-ich\/\" target=\"_self\" rel=\"noopener\">H\u1ed7 tr\u1ee3 ti\u1ec7n \u00edch<\/a><\/h3>\t\n\t\t\t\t<a href=\"\/vi\/tai-nguyen\/cuu-chien-binh\/\" target=\"_self\" itemprop=\"url\" rel=\"noopener\">\n\t\t\t\t<img loading=\"lazy\" decoding=\"async\" src=\"https:\/\/211md.org\/wp-content\/uploads\/bb-plugin\/cache\/Veterans-circle-b5b2b017288a5af0f61a41d0f31d0f82-.png\" alt=\"M\u1ed9t ng\u01b0\u1eddi l\u00ednh b\u1eaft tay ai \u0111\u00f3 v\u00e0 m\u1ec9m c\u01b0\u1eddi\" itemprop=\"image\" height=\"500\" width=\"500\" title=\"c\u1ef1u chi\u1ebfn binh\" onerror=\"this.style.display='none'\"  \/>\n\t\t\t\t<\/a>\n\t\t<h3><a href=\"\/vi\/tai-nguyen\/cuu-chien-binh\/\" target=\"_self\" rel=\"noopener\">c\u1ef1u chi\u1ebfn binh<\/a><\/h3>","protected":false},"excerpt":{"rendered":"<p>C\u00f3 th\u1ec3 kh\u00f3 bi\u1ebft ph\u1ea3i ph\u1ea3n \u1ee9ng th\u1ebf n\u00e0o khi m\u1ed9t \u0111\u1ee9a tr\u1ebb \u201ch\u00e0nh \u0111\u1ed9ng tr\u00e1i ph\u00e9p\u201d. May m\u1eafn thay, c\u00f3 nh\u1eefng c\u00e1ch hi\u1ec7u qu\u1ea3 m\u00e0 cha m\u1eb9 v\u00e0 ng\u01b0\u1eddi ch\u0103m s\u00f3c c\u00f3 th\u1ec3 \u1ee9ng ph\u00f3 khi tr\u1ebb la h\u00e9t, \u0111\u00e1nh, \u0111\u00e1, c\u1eafn ho\u1eb7c l\u00e0m v\u1ee1 \u0111\u1ed3 v\u1eadt. \u0110\u1ec3 \u0111\u01b0\u1ee3c tr\u1ee3 gi\u00fap ngay l\u1eadp t\u1ee9c N\u1ebfu b\u1ea1n c\u00f3 m\u1ed1i lo ng\u1ea1i ngay l\u1eadp t\u1ee9c v\u1ec1 h\u00e0nh vi c\u1ee7a con m\u00ecnh, nh\u1eefng \u0111\u01b0\u1eddng d\u00e2y n\u00f3ng n\u00e0y c\u00f3 th\u1ec3 cung c\u1ea5p\u2026<\/p>","protected":false},"author":8,"featured_media":4025,"parent":839,"menu_order":0,"comment_status":"closed","ping_status":"closed","template":"","meta":{"footnotes":""},"class_list":["post-1021","page","type-page","status-publish","has-post-thumbnail","hentry"],"_links":{"self":[{"href":"https:\/\/211md.org\/vi\/wp-json\/wp\/v2\/pages\/1021","targetHints":{"allow":["GET"]}}],"collection":[{"href":"https:\/\/211md.org\/vi\/wp-json\/wp\/v2\/pages"}],"about":[{"href":"https:\/\/211md.org\/vi\/wp-json\/wp\/v2\/types\/page"}],"author":[{"embeddable":true,"href":"https:\/\/211md.org\/vi\/wp-json\/wp\/v2\/users\/8"}],"replies":[{"embeddable":true,"href":"https:\/\/211md.org\/vi\/wp-json\/wp\/v2\/comments?post=1021"}],"version-history":[{"count":2,"href":"https:\/\/211md.org\/vi\/wp-json\/wp\/v2\/pages\/1021\/revisions"}],"predecessor-version":[{"id":4709,"href":"https:\/\/211md.org\/vi\/wp-json\/wp\/v2\/pages\/1021\/revisions\/4709"}],"up":[{"embeddable":true,"href":"https:\/\/211md.org\/vi\/wp-json\/wp\/v2\/pages\/839"}],"wp:featuredmedia":[{"embeddable":true,"href":"https:\/\/211md.org\/vi\/wp-json\/wp\/v2\/media\/4025"}],"wp:attachment":[{"href":"https:\/\/211md.org\/vi\/wp-json\/wp\/v2\/media?parent=1021"}],"curies":[{"name":"wp","href":"https:\/\/api.w.org\/{rel}","templated":true}]}}