{"id":1060,"date":"2021-04-16T22:07:54","date_gmt":"2021-04-16T22:07:54","guid":{"rendered":"https:\/\/211md.org\/?page_id=1060"},"modified":"2025-06-19T17:32:26","modified_gmt":"2025-06-19T21:32:26","slug":"hoa-don-tien-nuoc","status":"publish","type":"page","link":"https:\/\/211md.org\/vi\/resources\/utility-assistance\/water-bills\/","title":{"rendered":"H\u00f3a \u0111\u01a1n ti\u1ec1n n\u01b0\u1edbc"},"content":{"rendered":"<p>N\u1ebfu b\u1ea1n c\u00f3 th\u00f4ng b\u00e1o ng\u1eebng ho\u1ea1t \u0111\u1ed9ng, b\u1ea1n c\u00f3 th\u1ec3 \u0111\u1ee7 \u0111i\u1ec1u ki\u1ec7n nh\u1eadn h\u1ed7 tr\u1ee3 t\u1eeb c\u00e1c t\u1ed5 ch\u1ee9c t\u1eeb thi\u1ec7n \u0111\u1ecba ph\u01b0\u01a1ng v\u00e0 c\u00e1c t\u1ed5 ch\u1ee9c d\u1ef1a tr\u00ean \u0111\u1ee9c tin. T\u00ecm hi\u1ec3u th\u00eam b\u1eb1ng c\u00e1ch\u00a0<a href=\"https:\/\/search.211md.org\/\" target=\"_blank\" rel=\"noopener\">t\u00ecm ki\u1ebfm c\u01a1 s\u1edf d\u1eef li\u1ec7u t\u00e0i nguy\u00ean 211 \u0111\u1ec3 t\u00ecm H\u1ed7 tr\u1ee3 H\u00f3a \u0111\u01a1n N\u01b0\u1edbc<\/a> \u0111\u1ec3 t\u00ecm c\u00e1c t\u1ed5 ch\u1ee9c \u0111\u1ecba ph\u01b0\u01a1ng c\u00f3 th\u1ec3 gi\u00fap \u0111\u1ee1. B\u1ea1n c\u0169ng c\u00f3 th\u1ec3 g\u1ecdi 211 ho\u1eb7c t\u00ecm hi\u1ec3u v\u1ec1 c\u00e1c ch\u01b0\u01a1ng tr\u00ecnh h\u1ed7 tr\u1ee3 h\u00f3a \u0111\u01a1n n\u01b0\u1edbc c\u1ee7a Maryland.<\/p>\n\t<h2>Tr\u1ee3 gi\u00fap v\u1ec1 h\u00f3a \u0111\u01a1n ti\u1ec1n n\u01b0\u1edbc<\/h2>\n<p>N\u1ebfu b\u1ea1n c\u1ea7n tr\u1ee3 gi\u00fap thanh to\u00e1n h\u00f3a \u0111\u01a1n ti\u1ec1n n\u01b0\u1edbc, \u0111i\u1ec1u quan tr\u1ecdng l\u00e0 ph\u1ea3i nh\u1eadn tr\u1ee3 gi\u00fap ngay khi b\u1ea1n nh\u1eadn ra kh\u00f3 kh\u0103n t\u00e0i ch\u00ednh \u0111\u1ec3 tr\u00e1nh b\u1ecb c\u1eaft n\u01b0\u1edbc.<\/p>\n<p>Tr\u1ee3 gi\u00fap c\u00f3 s\u1eb5n th\u00f4ng qua c\u00e1c ch\u01b0\u01a1ng tr\u00ecnh h\u1ed7 tr\u1ee3 n\u01b0\u1edbc \u0111\u1ecba ph\u01b0\u01a1ng, ch\u01b0\u01a1ng tr\u00ecnh h\u00f3a \u0111\u01a1n ti\u1ec1n n\u01b0\u1edbc thu nh\u1eadp th\u1ea5p c\u00f3 s\u1eb5n th\u00f4ng qua ti\u1ec3u bang Maryland, c\u00e1c t\u1ed5 ch\u1ee9c \u0111\u1ecba ph\u01b0\u01a1ng ho\u1eb7c c\u00e1c ch\u01b0\u01a1ng tr\u00ecnh thanh to\u00e1n th\u00f4ng qua c\u00f4ng ty c\u1ea5p n\u01b0\u1edbc c\u1ee7a b\u1ea1n.<\/p>\n<p>Tr\u01b0\u1edbc ti\u00ean, h\u00e3y n\u00f3i chuy\u1ec7n v\u1edbi nh\u00e0 cung c\u1ea5p d\u1ecbch v\u1ee5 ti\u1ec7n \u00edch v\u1ec1 t\u00ecnh h\u00ecnh t\u00e0i ch\u00ednh c\u1ee7a b\u1ea1n \u0111\u1ec3 tr\u00e1nh b\u1ecb t\u1eaft ngu\u1ed3n n\u01b0\u1edbc.<\/p>\n<p>B\u1ea1n c\u00f3 th\u1ec3 gia h\u1ea1n ng\u00e0y \u0111\u00e1o h\u1ea1n ho\u1eb7c s\u1eafp x\u1ebfp thanh to\u00e1n kh\u00e1c.<\/p>\n<p>D\u01b0\u1edbi \u0111\u00e2y l\u00e0 m\u1ed9t v\u00e0i v\u00ed d\u1ee5 v\u1ec1 c\u00e1c ch\u01b0\u01a1ng tr\u00ecnh h\u1ed7 tr\u1ee3 n\u01b0\u1edbc t\u1eeb c\u00e1c c\u00f4ng ty v\u00e0 nh\u00e0 cung c\u1ea5p n\u01b0\u1edbc \u1edf Maryland.<\/p>\n\t\t\t\t<img decoding=\"async\" src=\"https:\/\/211md.org\/wp-content\/uploads\/2022\/09\/children-drinking-water.jpg\" alt=\"n\u01b0\u1edbc-u\u1ed1ng-tr\u1ebb em\" itemprop=\"image\" height=\"667\" width=\"1000\" title=\"n\u01b0\u1edbc-u\u1ed1ng-tr\u1ebb em\" onerror=\"this.style.display='none'\" loading='lazy' \/>\n\t<h3>Ch\u01b0\u01a1ng tr\u00ecnh H\u1ed7 tr\u1ee3 N\u01b0\u1edbc c\u1ee7a WSSC<\/h3>\n<p>V\u00ed d\u1ee5: n\u1ebfu WSSC Water (Montgomery v\u00e0 Qu\u1eadn Prince George) l\u00e0 c\u00f4ng ty c\u1ea5p n\u01b0\u1edbc c\u1ee7a b\u1ea1n, b\u1ea1n c\u00f3 th\u1ec3 \u0111\u1ee7 \u0111i\u1ec1u ki\u1ec7n tham gia m\u1ed9t s\u1ed1 ch\u01b0\u01a1ng tr\u00ecnh h\u1ed7 tr\u1ee3.<\/p>\n<p>\u0110\u1ea7u ti\u00ean\u00a0<a href=\"https:\/\/www.wsscwater.com\/waterfund\" target=\"_blank\" rel=\"noopener\">qu\u1ef9 n\u01b0\u1edbc<\/a>\u00a0cung c\u1ea5p t\u1edbi $500 m\u1ed7i n\u0103m cho kh\u00e1ch h\u00e0ng \u0111\u1ee7 \u0111i\u1ec1u ki\u1ec7n. Salvation Army \u0111i\u1ec1u h\u00e0nh ch\u01b0\u01a1ng tr\u00ecnh n\u00e0y.<\/p>\n<p>Qu\u1ef9 N\u01b0\u1edbc l\u00e0 m\u1ed9t ch\u01b0\u01a1ng tr\u00ecnh \u0111\u1ee7 \u0111i\u1ec1u ki\u1ec7n v\u1ec1 thu nh\u1eadp d\u00e0nh cho c\u00e1c gia \u0111\u00ecnh trong ph\u1ea1m vi 200% c\u1ee7a m\u1ee9c ngh\u00e8o li\u00ean bang. C\u00e1c qu\u1ef9 c\u00f3 s\u1eb5n tr\u00ean c\u01a1 s\u1edf ai \u0111\u1ebfn tr\u01b0\u1edbc \u0111\u01b0\u1ee3c ph\u1ee5c v\u1ee5 tr\u01b0\u1edbc. N\u1ebfu \u0111\u1ee7 c\u00f4ng su\u1ea5t trong m\u1ed9t th\u00e1ng, cu\u1ed9c h\u1eb9n ti\u1ebfp theo l\u00e0 th\u1ee9 Hai \u0111\u1ea7u ti\u00ean c\u1ee7a th\u00e1ng ti\u1ebfp theo.<\/p>\n<p>Th\u1ee9 hai,\u00a0<a href=\"https:\/\/www.wsscwater.com\/payplans\" target=\"_blank\" rel=\"noopener\">WSSC Water c\u0169ng cung c\u1ea5p ng\u00e0y \u0111\u00e1o h\u1ea1n k\u00e9o d\u00e0i v\u00e0 k\u1ebf ho\u1ea1ch thanh to\u00e1n thu\u1eadn ti\u1ec7n<\/a>. C\u00e1c g\u00f3i thanh to\u00e1n c\u00f3 th\u1ec3 \u0111\u01b0\u1ee3c gia h\u1ea1n t\u1eeb 36 \u0111\u1ebfn 48 th\u00e1ng, t\u00f9y thu\u1ed9c v\u00e0o vi\u1ec7c b\u1ea1n c\u00f3 ph\u1ea3i l\u00e0 Kh\u00e1ch h\u00e0ng \u0111\u01b0\u1ee3c CAP ph\u00ea duy\u1ec7t (Ch\u01b0\u01a1ng tr\u00ecnh h\u1ed7 tr\u1ee3 kh\u00e1ch h\u00e0ng) hay kh\u00f4ng.<\/p>\n<p>N\u1ebfu b\u1ea1n l\u00e0 ng\u01b0\u1eddi thu\u00ea nh\u00e0, b\u1ea1n c\u1ea7n c\u00f3 s\u1ef1 ch\u1ea5p thu\u1eadn c\u1ee7a ch\u1ee7 s\u1edf h\u1eefu \u0111\u1ec3 thi\u1ebft l\u1eadp k\u1ebf ho\u1ea1ch thanh to\u00e1n h\u00f3a \u0111\u01a1n n\u01b0\u1edbc c\u1ee7a m\u00ecnh.<\/p>\n<p>Th\u1ee9 ba, c\u0169ng c\u00f3 th\u1ec3 c\u00f3 c\u00e1c ch\u01b0\u01a1ng tr\u00ecnh \u0111\u1eb7c bi\u1ec7t trong qu\u1eadn c\u1ee7a b\u1ea1n \u0111\u1ec3 gi\u00fap thanh to\u00e1n.<\/p>\n<p>V\u00ed d\u1ee5, \u1edf qu\u1eadn Montgomery,\u00a0<a href=\"https:\/\/www.montgomerycountymd.gov\/HHS-Program\/SNHS\/rent-relief.html\" target=\"_blank\" rel=\"noopener\">Ch\u01b0\u01a1ng tr\u00ecnh c\u1ee9u tr\u1ee3 ti\u1ec1n thu\u00ea nh\u00e0 trong \u0111\u1ea1i d\u1ecbch COVID-19 c\u0169ng bao g\u1ed3m h\u1ed7 tr\u1ee3 ti\u1ec7n \u00edch<\/a>, bao g\u1ed3m\u00a0<a href=\"https:\/\/www.wsscwater.com\/assistance\" target=\"_blank\" rel=\"noopener\">WSSC H\u00f3a \u0111\u01a1n ti\u1ec1n n\u01b0\u1edbc<\/a>\u00a0cho c\u00e1c h\u1ed9 gia \u0111\u00ecnh \u0111\u1ee7 \u0111i\u1ec1u ki\u1ec7n g\u1eb7p kh\u00f3 kh\u0103n t\u00e0i ch\u00ednh do COVID-19.<\/p>\n<p>\u0110\u00e2y l\u00e0 nh\u1eefng v\u00ed d\u1ee5 ch\u1ec9 d\u00e0nh cho WSSC Water, nh\u01b0ng c\u00e1c c\u00f4ng ty n\u01b0\u1edbc kh\u00e1c c\u00f3 th\u1ec3 cung c\u1ea5p c\u00e1c ch\u01b0\u01a1ng tr\u00ecnh h\u1ed7 tr\u1ee3 n\u01b0\u1edbc t\u01b0\u01a1ng t\u1ef1 ho\u1eb7c b\u1ed5 sung.<\/p>\n<p>211 c\u00f3 th\u1ec3 gi\u00fap b\u1ea1n x\u00e1c \u0111\u1ecbnh c\u00e1c ch\u01b0\u01a1ng tr\u00ecnh gi\u00fap thanh to\u00e1n h\u00f3a \u0111\u01a1n ti\u1ec1n n\u01b0\u1edbc trong c\u1ed9ng \u0111\u1ed3ng c\u1ee7a b\u1ea1n.<\/p>\n<h3>H\u00f3a \u0111\u01a1n ti\u1ec1n n\u01b0\u1edbc c\u1ee7a th\u00e0nh ph\u1ed1 Baltimore<\/h3>\n<p>N\u1ebfu b\u1ea1n s\u1ed1ng \u1edf\u00a0<a href=\"https:\/\/211md.org\/vi\/tai-nguyen-theo-quan\/thanh-pho-baltimore\/\" target=\"_blank\" rel=\"noopener\">Th\u00e0nh ph\u1ed1 Baltimore<\/a>, ch\u01b0\u01a1ng tr\u00ecnh gi\u1ea3m gi\u00e1 Water4All gi\u00fap t\u1ea1o ra kh\u1ea3 n\u0103ng ti\u1ebfp c\u1eadn c\u00f4ng b\u1eb1ng h\u01a1n v\u1edbi h\u1ed7 tr\u1ee3 n\u01b0\u1edbc.<\/p>\n<p><a href=\"https:\/\/cityservices.baltimorecity.gov\/water\/\" target=\"_blank\" rel=\"noopener\">N\u01b0\u1edbc4T\u1ea5t c\u1ea3<\/a>\u00a0l\u00e0 m\u1ed9t ch\u01b0\u01a1ng tr\u00ecnh \u0111\u1ee7 \u0111i\u1ec1u ki\u1ec7n v\u1ec1 thu nh\u1eadp d\u00e0nh cho c\u00e1c h\u1ed9 gia \u0111\u00ecnh c\u00f3 thu nh\u1eadp d\u01b0\u1edbi 200% c\u1ee7a m\u1ee9c ngh\u00e8o li\u00ean bang. M\u1eb7c d\u00f9 c\u00e1c h\u01b0\u1edbng d\u1eabn v\u1ec1 thu nh\u1eadp c\u00f3 th\u1ec3 thay \u0111\u1ed5i, nh\u01b0ng g\u1ea7n \u0111\u00e2y, m\u1ed9t gia \u0111\u00ecnh b\u1ed1n ng\u01b0\u1eddi \u1edf Th\u00e0nh ph\u1ed1 Baltimore ki\u1ebfm \u0111\u01b0\u1ee3c \u00edt h\u01a1n $55.500 m\u1ed9t n\u0103m s\u1ebd \u0111\u1ee7 \u0111i\u1ec1u ki\u1ec7n.<\/p>\n<p>B\u1ea1n kh\u00f4ng ch\u1eafc m\u00ecnh n\u1ee3 bao nhi\u00eau?\u00a0<a href=\"https:\/\/cityservices.baltimorecity.gov\/water\/\" target=\"_blank\" rel=\"noopener\">T\u00ecm h\u00f3a \u0111\u01a1n ti\u1ec1n n\u01b0\u1edbc \u1edf th\u00e0nh ph\u1ed1 Baltimore<\/a>\u00a0v\u1edbi s\u1ed1 t\u00e0i kho\u1ea3n ho\u1eb7c \u0111\u1ecba ch\u1ec9 d\u1ecbch v\u1ee5.<\/p>\n<p>B\u1ea1n c\u0169ng c\u00f3 th\u1ec3 \u0111\u1ee7 \u0111i\u1ec1u ki\u1ec7n nh\u1eadn tr\u1ee3 gi\u00fap th\u00f4ng qua m\u1ed9t ch\u01b0\u01a1ng tr\u00ecnh h\u1ed7 tr\u1ee3 n\u01b0\u1edbc ho\u1eb7c t\u1ed5 ch\u1ee9c c\u1ed9ng \u0111\u1ed3ng kh\u00e1c.<\/p>\n<h3>211 Tr\u1ee3 gi\u00fap<\/h3>\n<p>N\u1ebfu b\u1ea1n s\u1ed1ng \u1edf m\u1ed9t qu\u1eadn kh\u00e1c, b\u1ea1n c\u00f3 th\u1ec3 quay s\u1ed1 211 b\u1ea5t c\u1ee9 l\u00fac n\u00e0o. C\u00e1c chuy\u00ean gia 211 c\u00f3 th\u1ec3 x\u00e1c \u0111\u1ecbnh c\u00e1c ch\u01b0\u01a1ng tr\u00ecnh h\u1ed7 tr\u1ee3 n\u01b0\u1edbc t\u1ea1i \u0111\u1ecba ph\u01b0\u01a1ng g\u1ea7n b\u1ea1n, c\u0169ng nh\u01b0 <a href=\"https:\/\/211md.org\/vi\/tai-nguyen\/ho-tro-tien-ich\/\">c\u00e1c ch\u01b0\u01a1ng tr\u00ecnh cho c\u00e1c h\u00f3a \u0111\u01a1n ti\u1ec7n \u00edch kh\u00e1c<\/a>.<\/p>\n<p><a href=\"https:\/\/211md.org\/vi\/tai-nguyen-theo-quan\/\">B\u1ea1n c\u0169ng c\u00f3 th\u1ec3 t\u00ecm ki\u1ebfm trang t\u00e0i nguy\u00ean c\u1ee7a qu\u1eadn b\u1ea1n<\/a>.<\/p>\n<h2>Th\u00f4ng tin li\u00ean quan<\/h2>\n<p><a title=\"Nh\u1eadn tr\u1ee3 gi\u00fap t\u00e0i ch\u00ednh v\u1edbi h\u00f3a \u0111\u01a1n s\u01b0\u1edfi \u1ea5m Maryland c\u1ee7a b\u1ea1n\" href=\"https:\/\/211md.org\/vi\/tai-nguyen\/ho-tro-tien-ich\/chi-phi-suoi-am\/\">H\u00f3a \u0111\u01a1n s\u01b0\u1edfi \u1ea5m<\/a><\/p>\n<p><a href=\"https:\/\/211md.org\/vi\/tai-nguyen\/ho-tro-tien-ich\/tien-dien\/\">H\u00f3a \u0111\u01a1n ti\u1ec1n \u0111i\u1ec7n<\/a><\/p>\n<p><a title=\"D\u1ecbch v\u1ee5 \u0111i\u1ec7n tho\u1ea1i\" href=\"https:\/\/211md.org\/vi\/tai-nguyen\/ho-tro-tien-ich\/dien-thoai-dich-vu\/\">D\u1ecbch v\u1ee5 \u0110i\u1ec7n tho\u1ea1i &amp; Internet<\/a><\/p>\n<p><a href=\"https:\/\/211md.org\/vi\/tai-nguyen\/ho-tro-tien-ich\/\">T\u1ea5t c\u1ea3 h\u00f3a \u0111\u01a1n ti\u1ec7n \u00edch<\/a><\/p>\n<h2>\n\t\t\tT\u00ecm t\u00e0i nguy\u00ean\t<\/h2>\n\t\t\t\t<a href=\"\/vi\/tai-nguyen\/lao-hoa-khuyet-tat\/\"  target=\"_self\" itemprop=\"url\">\n\t\t\t\t<img decoding=\"async\" src=\"https:\/\/211md.org\/wp-content\/uploads\/bb-plugin\/cache\/Mask-Group-41@2x-circle-73eaadba4cad8269faa4720e25cf1c85-.png\" alt=\"\u0110\u00f4i ch\u00e2n c\u1ee7a m\u1ed9t ng\u01b0\u1eddi ph\u1ee5 n\u1eef l\u1edbn tu\u1ed5i v\u00e0 m\u1ed9t c\u00f4 g\u00e1i tr\u1ebb c\u00f9ng nhau b\u01b0\u1edbc \u0111i\" itemprop=\"image\" height=\"500\" width=\"500\" title=\"D\u1ecbch v\u1ee5 ng\u01b0\u1eddi khuy\u1ebft t\u1eadt\" onerror=\"this.style.display='none'\" loading='lazy' \/>\n\t\t\t\t<\/a>\n\t\t<h3><a href=\"\/vi\/tai-nguyen\/lao-hoa-khuyet-tat\/\" target=\"_self\">L\u00e3o h\u00f3a &amp; Khuy\u1ebft t\u1eadt<\/a><\/h3>\t\n\t\t\t\t<a href=\"\/vi\/tai-nguyen\/gia-dinh-tre-em\/\"  target=\"_self\" itemprop=\"url\">\n\t\t\t\t<img decoding=\"async\" src=\"https:\/\/211md.org\/wp-content\/uploads\/bb-plugin\/cache\/Mask-Group-38@2x-circle-ac40d46265fbec62083cd27f6dcf23b0-.png\" alt=\"m\u1ed9t ch\u00e0ng trai v\u00e0 c\u00f4 g\u00e1i tr\u1ebb m\u1ec9m c\u01b0\u1eddi v\u00e0 nh\u00ecn v\u00e0o m\u00e1y \u1ea3nh\" itemprop=\"image\" height=\"500\" width=\"500\" title=\"Nh\u00f3m m\u1eb7t n\u1ea1 38@2x\" onerror=\"this.style.display='none'\" loading='lazy' \/>\n\t\t\t\t<\/a>\n\t\t<h3><a href=\"\/vi\/tai-nguyen\/gia-dinh-tre-em\/\" target=\"_self\">Tr\u1ebb em &amp; Gia \u0111\u00ecnh<\/a><\/h3>\t\n\t\t\t\t<a href=\"\/vi\/tai-nguyen\/gia-dinh-bao-luc\/\"  target=\"_self\" itemprop=\"url\">\n\t\t\t\t<img decoding=\"async\" src=\"https:\/\/211md.org\/wp-content\/uploads\/bb-plugin\/cache\/Mask-Group-39@2x-circle-b2589197a13c791d910f46dd10b27a87-.png\" alt=\"Hai \u0111\u00f4i n\u1eafm tay nhau\" itemprop=\"image\" height=\"500\" width=\"500\" title=\"Nh\u00f3m m\u1eb7t n\u1ea1 39@2x\" onerror=\"this.style.display='none'\" loading='lazy' \/>\n\t\t\t\t<\/a>\n\t\t<h3><a href=\"\/vi\/tai-nguyen\/gia-dinh-bao-luc\/\" target=\"_self\">B\u1ea1o h\u00e0nh Gia \u0111\u00ecnh\/Gia \u0111\u00ecnh<\/a><\/h3>\t\n\t\t\t\t<a href=\"\/vi\/tai-nguyen\/tim-kiem-viec-lam\/\"  target=\"_self\" itemprop=\"url\">\n\t\t\t\t<img decoding=\"async\" src=\"https:\/\/211md.org\/wp-content\/uploads\/bb-plugin\/cache\/Employment-circle-bf72562329e950df948954f5d3f44b2e-.png\" alt=\"Th\u1ee3 s\u1eeda xe\" itemprop=\"image\" height=\"500\" width=\"500\" title=\"Thu\u00ea ng\u01b0\u1eddi l\u00e0m\" onerror=\"this.style.display='none'\" loading='lazy' \/>\n\t\t\t\t<\/a>\n\t\t<h3><a href=\"\/vi\/tai-nguyen\/tim-kiem-viec-lam\/\" target=\"_self\">Thu\u00ea ng\u01b0\u1eddi l\u00e0m<\/a><\/h3>\t\n\t\t\t\t<a href=\"\/vi\/tai-nguyen\/cham-soc-suc-khoe\/\"  target=\"_self\" itemprop=\"url\">\n\t\t\t\t<img decoding=\"async\" src=\"https:\/\/211md.org\/wp-content\/uploads\/bb-plugin\/cache\/Mask-Group-35@2x-circle-94be10c13e4adae1683b4589dc2f5b2f-.png\" alt=\"B\u00e1c s\u0129 kh\u00e1m ch\u00e2n cho b\u00e9 trai\" itemprop=\"image\" height=\"500\" width=\"500\" title=\"Nh\u00f3m m\u1eb7t n\u1ea1 35@2x\" onerror=\"this.style.display='none'\" loading='lazy' \/>\n\t\t\t\t<\/a>\n\t\t<h3><a href=\"\/vi\/tai-nguyen\/cham-soc-suc-khoe\/\" target=\"_self\">Ch\u0103m s\u00f3c s\u1ee9c kh\u1ecfe<\/a><\/h3>\t\n\t\t\t\t<a href=\"\/vi\/tai-nguyen\/do-an\/\"  target=\"_self\" itemprop=\"url\">\n\t\t\t\t<img decoding=\"async\" src=\"https:\/\/211md.org\/wp-content\/uploads\/bb-plugin\/cache\/Mask-Group-32@2x-circle-1c6d647dcaf998fa079d26735cedc92b-.png\" alt=\"Rau s\u1ea1ch\" itemprop=\"image\" height=\"500\" width=\"500\" title=\"Nh\u00f3m m\u1eb7t n\u1ea1 32@2x\" onerror=\"this.style.display='none'\" loading='lazy' \/>\n\t\t\t\t<\/a>\n\t\t<h3><a href=\"\/vi\/tai-nguyen\/do-an\/\" target=\"_self\">\u0110\u1ed3 \u0103n<\/a><\/h3>\t\n\t\t\t\t<a href=\"\/vi\/tai-nguyen\/nha-o\/\"  target=\"_self\" itemprop=\"url\">\n\t\t\t\t<img decoding=\"async\" src=\"https:\/\/211md.org\/wp-content\/uploads\/bb-plugin\/cache\/Mask-Group-34@2x-circle-b99c55fc16ef21f35e2f2a1f7cc37b9a-.png\" alt=\"Ban c\u00f4ng chung c\u01b0\" itemprop=\"image\" height=\"500\" width=\"500\" title=\"Chung c\u01b0-Khu ph\u1ee9c h\u1ee3p\" onerror=\"this.style.display='none'\" loading='lazy' \/>\n\t\t\t\t<\/a>\n\t\t<h3><a href=\"\/vi\/tai-nguyen\/nha-o\/\" target=\"_self\">Nh\u00e0 \u1ede &amp; N\u01a1i Tr\u00fa \u1ea8n<\/a><\/h3>\t\n\t\t\t\t<a href=\"\/vi\/tai-nguyen\/moi-doi-voi-chung-toi-va-maryland\/\"  target=\"_self\" itemprop=\"url\">\n\t\t\t\t<img decoding=\"async\" src=\"https:\/\/211md.org\/wp-content\/uploads\/bb-plugin\/cache\/American-flag-circle-0016cc327e27ef7aeb080f1da6c6e98b-.jpg\" alt=\"m\u1edbi \u0111\u1ebfn Hoa K\u1ef3\" itemprop=\"image\" height=\"364\" width=\"1366\" title=\"C\u1edd M\u1ef9\" onerror=\"this.style.display='none'\" loading='lazy' \/>\n\t\t\t\t<\/a>\n\t\t<h3><a href=\"\/vi\/tai-nguyen\/moi-doi-voi-chung-toi-va-maryland\/\" target=\"_self\">nh\u1eadp c\u01b0<\/a><\/h3>\t\n\t\t\t\t<a href=\"\/vi\/tai-nguyen\/gia-dinh-tre-em\/quan-he-ho-hang\/\"  target=\"_self\" itemprop=\"url\">\n\t\t\t\t<img decoding=\"async\" src=\"https:\/\/211md.org\/wp-content\/uploads\/bb-plugin\/cache\/kinship-family-navigating-a-computer-circle-045fee9d587aefb20221bfea41a2cf9b-.png\" alt=\"gia \u0111\u00ecnh h\u1ecd h\u00e0ng \u0111ang \u0111i\u1ec1u h\u01b0\u1edbng m\u00e1y t\u00ednh\" itemprop=\"image\" title=\"gia \u0111\u00ecnh h\u1ecd h\u00e0ng \u0111ang \u0111i\u1ec1u h\u01b0\u1edbng m\u00e1y t\u00ednh\" onerror=\"this.style.display='none'\" loading='lazy' \/>\n\t\t\t\t<\/a>\n\t\t<h3><a href=\"\/vi\/tai-nguyen\/gia-dinh-tre-em\/quan-he-ho-hang\/\" target=\"_self\">h\u1ecd h\u00e0ng<\/a><\/h3>\t\n\t\t\t\t<a href=\"\/vi\/tai-nguyen\/dich-vu-phap-ly\/\"  target=\"_self\" itemprop=\"url\">\n\t\t\t\t<img decoding=\"async\" src=\"https:\/\/211md.org\/wp-content\/uploads\/bb-plugin\/cache\/Housing-Legal-circle-9a8f3c1c72c54b6e1ce612d2993c1ad4-.png\" alt=\"B\u00faa ph\u00e1p l\u00fd v\u1edbi m\u00f4 h\u00ecnh ng\u00f4i nh\u00e0 b\u1eb1ng nh\u1ef1a b\u00ean c\u1ea1nh\" itemprop=\"image\" height=\"348\" width=\"460\" title=\"Ph\u00e1p l\u00fd nh\u00e0 \u1edf\" onerror=\"this.style.display='none'\" loading='lazy' \/>\n\t\t\t\t<\/a>\n\t\t<h3><a href=\"\/vi\/tai-nguyen\/dich-vu-phap-ly\/\" target=\"_self\">D\u1ecbch v\u1ee5 ph\u00e1p l\u00fd<\/a><\/h3>\t\n\t\t\t\t<a href=\"\/vi\/tai-nguyen\/suc-khoe-tinh-than\/\"  target=\"_self\" itemprop=\"url\">\n\t\t\t\t<img decoding=\"async\" src=\"https:\/\/211md.org\/wp-content\/uploads\/bb-plugin\/cache\/Mask-Group-40@2x-circle-7bd9426367852fb3d841bc4bdc57a550-.png\" alt=\"H\u1ed3 s\u01a1 c\u1ee7a m\u1ed9t ng\u01b0\u1eddi \u0111\u00e0n \u00f4ng v\u00e0 ph\u1ee5 n\u1eef\" itemprop=\"image\" height=\"500\" width=\"500\" title=\"Nh\u00f3m m\u1eb7t n\u1ea1 40@2x\" onerror=\"this.style.display='none'\" loading='lazy' \/>\n\t\t\t\t<\/a>\n\t\t<h3><a href=\"\/vi\/tai-nguyen\/suc-khoe-tinh-than\/\" target=\"_self\">S\u1ee9c kh\u1ecfe tinh th\u1ea7n<\/a><\/h3>\t\n\t\t\t\t<a href=\"\/vi\/tai-nguyen\/mdreentry\/\"  target=\"_self\" itemprop=\"url\">\n\t\t\t\t<img decoding=\"async\" src=\"https:\/\/211md.org\/wp-content\/uploads\/bb-plugin\/cache\/Diverse-group-of-community-members-circle-4457c114cd48613bc79a0fb50060319c-.jpg\" alt=\"Nh\u00f3m th\u00e0nh vi\u00ean c\u1ed9ng \u0111\u1ed3ng \u0111a d\u1ea1ng\" itemprop=\"image\" height=\"800\" width=\"1200\" title=\"Nh\u00f3m th\u00e0nh vi\u00ean c\u1ed9ng \u0111\u1ed3ng \u0111a d\u1ea1ng\" onerror=\"this.style.display='none'\" loading='lazy' \/>\n\t\t\t\t<\/a>\n\t\t<h3><a href=\"\/vi\/tai-nguyen\/mdreentry\/\" target=\"_self\">V\u00e0o l\u1ea1i<\/a><\/h3>\t\n\t\t\t\t<a href=\"\/vi\/dung-lai\/\"  target=\"_self\" itemprop=\"url\">\n\t\t\t\t<img decoding=\"async\" src=\"https:\/\/211md.org\/wp-content\/uploads\/bb-plugin\/cache\/Background-section-MDStophate-circle-08e2bae1cf9f2ad6cc83e01e23da8cb9-.jpg\" alt=\"Ph\u1ea7n n\u1ec1n-MDStophate\" itemprop=\"image\" height=\"768\" width=\"1366\" title=\"Ph\u1ea7n n\u1ec1n-MDStophate\" onerror=\"this.style.display='none'\" loading='lazy' \/>\n\t\t\t\t<\/a>\n\t\t<h3><a href=\"\/vi\/dung-lai\/\" target=\"_self\">Ng\u1eebng gh\u00e9t<\/a><\/h3>\t\n\t\t\t\t<a href=\"\/vi\/tai-nguyen\/su-dung-chat-kich-thich\/\"  target=\"_self\" itemprop=\"url\">\n\t\t\t\t<img decoding=\"async\" src=\"https:\/\/211md.org\/wp-content\/uploads\/bb-plugin\/cache\/Substance-Use-circle-ad2d564932dc31267e0c32a6fb2d915c-.png\" alt=\"Tay \u0111\u1eadp thu\u1ed1c\" itemprop=\"image\" height=\"500\" width=\"500\" title=\"S\u1eed d\u1ee5ng ch\u1ea5t g\u00e2y nghi\u1ec7n\" onerror=\"this.style.display='none'\" loading='lazy' \/>\n\t\t\t\t<\/a>\n\t\t<h3><a href=\"\/vi\/tai-nguyen\/su-dung-chat-kich-thich\/\" target=\"_self\">S\u1eed d\u1ee5ng ch\u1ea5t k\u00edch th\u00edch<\/a><\/h3>\t\n\t\t\t\t<a href=\"\/vi\/tai-nguyen\/dich-vu-thue\/\"  target=\"_self\" itemprop=\"url\">\n\t\t\t\t<img decoding=\"async\" src=\"https:\/\/211md.org\/wp-content\/uploads\/bb-plugin\/cache\/Mask-Group-34-circle-166a606e37e61188c9a17d5e634cda3c-.png\" alt=\"Ng\u01b0\u1eddi \u0111i\u1ec1n v\u00e0o gi\u1ea5y t\u1edd thu\u1ebf thu nh\u1eadp\" itemprop=\"image\" height=\"500\" width=\"500\" title=\"M\u1eb7t N\u1ea1 Nh\u00f3m 34\" onerror=\"this.style.display='none'\" loading='lazy' \/>\n\t\t\t\t<\/a>\n\t\t<h3><a href=\"\/vi\/tai-nguyen\/dich-vu-thue\/\" target=\"_self\">D\u1ecbch v\u1ee5 thu\u1ebf<\/a><\/h3>\t\n\t\t\t\t<a href=\"\/vi\/tai-nguyen\/ho-tro-tien-ich\/\"  target=\"_self\" itemprop=\"url\">\n\t\t\t\t<img decoding=\"async\" src=\"https:\/\/211md.org\/wp-content\/uploads\/bb-plugin\/cache\/Mask-Group-37@2x-circle-9661a11b9c4082079c9a1f06bc539567-.png\" alt=\"M\u1ed9t b\u00f3ng \u0111\u00e8n th\u1eafp s\u00e1ng\" itemprop=\"image\" height=\"500\" width=\"500\" title=\"Nh\u00f3m m\u1eb7t n\u1ea1 37@2x\" onerror=\"this.style.display='none'\" loading='lazy' \/>\n\t\t\t\t<\/a>\n\t\t<h3><a href=\"\/vi\/tai-nguyen\/ho-tro-tien-ich\/\" target=\"_self\">H\u1ed7 tr\u1ee3 ti\u1ec7n \u00edch<\/a><\/h3>\t\n\t\t\t\t<a href=\"\/vi\/tai-nguyen\/cuu-chien-binh\/\"  target=\"_self\" itemprop=\"url\">\n\t\t\t\t<img decoding=\"async\" src=\"https:\/\/211md.org\/wp-content\/uploads\/bb-plugin\/cache\/Veterans-circle-7c6972a59826c74f1f658f61df785fc3-.png\" alt=\"M\u1ed9t ng\u01b0\u1eddi l\u00ednh b\u1eaft tay ai \u0111\u00f3 v\u00e0 m\u1ec9m c\u01b0\u1eddi\" itemprop=\"image\" title=\"c\u1ef1u chi\u1ebfn binh\" onerror=\"this.style.display='none'\" loading='lazy' \/>\n\t\t\t\t<\/a>\n\t\t<h3><a href=\"\/vi\/tai-nguyen\/cuu-chien-binh\/\" target=\"_self\">c\u1ef1u chi\u1ebfn binh<\/a><\/h3>","protected":false},"excerpt":{"rendered":"<p>N\u1ebfu b\u1ea1n c\u00f3 th\u00f4ng b\u00e1o c\u1eaft n\u01b0\u1edbc, b\u1ea1n c\u00f3 th\u1ec3 \u0111\u1ee7 \u0111i\u1ec1u ki\u1ec7n \u0111\u1ec3 \u0111\u01b0\u1ee3c h\u1ed7 tr\u1ee3 t\u1eeb c\u00e1c t\u1ed5 ch\u1ee9c t\u1eeb thi\u1ec7n v\u00e0 t\u1ed5 ch\u1ee9c t\u00f4n gi\u00e1o \u0111\u1ecba ph\u01b0\u01a1ng. T\u00ecm hi\u1ec3u th\u00eam b\u1eb1ng c\u00e1ch t\u00ecm ki\u1ebfm c\u01a1 s\u1edf d\u1eef li\u1ec7u t\u00e0i nguy\u00ean 211 \u0111\u1ec3 bi\u1ebft H\u1ed7 tr\u1ee3 h\u00f3a \u0111\u01a1n n\u01b0\u1edbc \u0111\u1ec3 t\u00ecm c\u00e1c t\u1ed5 ch\u1ee9c \u0111\u1ecba ph\u01b0\u01a1ng c\u00f3 th\u1ec3 gi\u00fap \u0111\u1ee1. B\u1ea1n c\u0169ng c\u00f3 th\u1ec3 quay s\u1ed1 211 ho\u1eb7c t\u00ecm hi\u1ec3u v\u1ec1 c\u00e1c ch\u01b0\u01a1ng tr\u00ecnh h\u1ed7 tr\u1ee3 h\u00f3a \u0111\u01a1n n\u01b0\u1edbc c\u1ee7a Maryland. Tr\u1ee3 gi\u00fap v\u1ec1 h\u00f3a \u0111\u01a1n n\u01b0\u1edbc N\u1ebfu b\u1ea1n\u2026<\/p>","protected":false},"author":8,"featured_media":3287,"parent":932,"menu_order":0,"comment_status":"closed","ping_status":"closed","template":"","meta":{"footnotes":""},"class_list":["post-1060","page","type-page","status-publish","has-post-thumbnail","hentry"],"_links":{"self":[{"href":"https:\/\/211md.org\/vi\/wp-json\/wp\/v2\/pages\/1060","targetHints":{"allow":["GET"]}}],"collection":[{"href":"https:\/\/211md.org\/vi\/wp-json\/wp\/v2\/pages"}],"about":[{"href":"https:\/\/211md.org\/vi\/wp-json\/wp\/v2\/types\/page"}],"author":[{"embeddable":true,"href":"https:\/\/211md.org\/vi\/wp-json\/wp\/v2\/users\/8"}],"replies":[{"embeddable":true,"href":"https:\/\/211md.org\/vi\/wp-json\/wp\/v2\/comments?post=1060"}],"version-history":[{"count":2,"href":"https:\/\/211md.org\/vi\/wp-json\/wp\/v2\/pages\/1060\/revisions"}],"predecessor-version":[{"id":4787,"href":"https:\/\/211md.org\/vi\/wp-json\/wp\/v2\/pages\/1060\/revisions\/4787"}],"up":[{"embeddable":true,"href":"https:\/\/211md.org\/vi\/wp-json\/wp\/v2\/pages\/932"}],"wp:featuredmedia":[{"embeddable":true,"href":"https:\/\/211md.org\/vi\/wp-json\/wp\/v2\/media\/3287"}],"wp:attachment":[{"href":"https:\/\/211md.org\/vi\/wp-json\/wp\/v2\/media?parent=1060"}],"curies":[{"name":"wp","href":"https:\/\/api.w.org\/{rel}","templated":true}]}}