{"id":1061,"date":"2021-04-19T13:03:24","date_gmt":"2021-04-19T13:03:24","guid":{"rendered":"https:\/\/211md.org\/?page_id=1061"},"modified":"2025-06-09T12:58:58","modified_gmt":"2025-06-09T16:58:58","slug":"dien-thoai-dich-vu","status":"publish","type":"page","link":"https:\/\/211md.org\/vi\/resources\/utility-assistance\/phone-services\/","title":{"rendered":"Tr\u1ee3 gi\u00fap H\u00f3a \u0111\u01a1n \u0110i\u1ec7n tho\u1ea1i v\u00e0 Internet"},"content":{"rendered":"<h2><a href=\"https:\/\/search.211md.org\/\" target=\"_blank\"  rel=\"noopener\">T\u00ecm t\u00e0i nguy\u00ean g\u1ea7n t\u00f4i<\/a><\/h2>\n\t\t\t<a href=\"https:\/\/search.211md.org\/\" target=\"_blank\" rel=\"noopener\">\n\t\t\t\t\t\t\tT\u00ecm ki\u1ebfm ngay b\u00e2y gi\u1edd\n\t\t\t<\/a>\n\t<p><strong><a href=\"\/vi\/tham-gia-co-so-du-lieu-cua-chung-toi\/\">Th\u00eam c\u01a1 quan ho\u1eb7c t\u1ed5 ch\u1ee9c c\u1ee7a b\u1ea1n v\u00e0o c\u01a1 s\u1edf d\u1eef li\u1ec7u t\u00e0i nguy\u00ean c\u1ee7a ch\u00fang t\u00f4i.<\/a><\/strong><\/p>\n\t<p>B\u1ea1n c\u00f3 c\u1ea7n tr\u1ee3 gi\u00fap thanh to\u00e1n h\u00f3a \u0111\u01a1n \u0111i\u1ec7n tho\u1ea1i ho\u1eb7c Internet kh\u00f4ng? Tr\u1ee3 gi\u00fap c\u00f3 s\u1eb5n cho nh\u1eefng ng\u01b0\u1eddi \u0111\u1ee7 \u0111i\u1ec1u ki\u1ec7n.<\/p>\n<p>Ch\u01b0\u01a1ng tr\u00ecnh cung c\u1ea5p gi\u1ea3m gi\u00e1 v\u00e0 kh\u00f4ng cung c\u1ea5p \u0111i\u1ec7n tho\u1ea1i di \u0111\u1ed9ng mi\u1ec5n ph\u00ed. Tuy nhi\u00ean, c\u00e1c nh\u00e0 cung c\u1ea5p c\u00f3 th\u1ec3 chi tr\u1ea3 chi ph\u00ed \u0111i\u1ec7n tho\u1ea1i di \u0111\u1ed9ng cho ng\u01b0\u1eddi ti\u00eau d\u00f9ng. \u0110\u1ecdc k\u1ef9 c\u00e1c \u0111i\u1ec1u kho\u1ea3n v\u00e0 \u0111i\u1ec1u ki\u1ec7n v\u00e0 ch\u1ecdn nh\u00e0 cung c\u1ea5p Lifeline \u0111\u01b0\u1ee3c \u1ee7y quy\u1ec1n.<\/p>\n<h2>Lifeline Gi\u1ea3m gi\u00e1 \u0110i\u1ec7n tho\u1ea1i v\u00e0 Internet<\/h2>\n<p>N\u1ebfu b\u1ea1n nh\u1eadn \u0111\u01b0\u1ee3c ph\u00fac l\u1ee3i li\u00ean bang t\u1eeb ch\u01b0\u01a1ng tr\u00ecnh h\u1ed7 tr\u1ee3 c\u1ee7a ch\u00ednh ph\u1ee7, b\u1ea1n c\u00f3 th\u1ec3 \u0111\u1ee7 \u0111i\u1ec1u ki\u1ec7n \u0111\u01b0\u1ee3c gi\u1ea3m gi\u00e1 h\u00f3a \u0111\u01a1n \u0111i\u1ec7n tho\u1ea1i th\u00f4ng qua <a href=\"https:\/\/www.psc.state.md.us\/telecommunications\/lifeline-availability-maryland\/\" target=\"_blank\" rel=\"noopener\">Ch\u01b0\u01a1ng tr\u00ecnh c\u1ee9u sinh<\/a>.<\/p>\n<blockquote><p>N\u00f3 cung c\u1ea5p cho kh\u00e1ch h\u00e0ng \u0111\u1ee7 \u0111i\u1ec1u ki\u1ec7n m\u1ee9c gi\u1ea3m gi\u00e1 l\u00ean t\u1edbi $9,25 m\u1ed7i th\u00e1ng cho chi ph\u00ed \u0111i\u1ec7n tho\u1ea1i, Internet ho\u1eb7c c\u00e1c d\u1ecbch v\u1ee5 \u0111i k\u00e8m. M\u1ee9c chi\u1ebft kh\u1ea5u cao h\u01a1n \u0111\u1ed1i v\u1edbi nh\u1eefng ng\u01b0\u1eddi s\u1ed1ng tr\u00ean \u0111\u1ea5t B\u1ed9 l\u1ea1c.<\/p><\/blockquote>\n<p>\u0110\u00e2y l\u00e0 ch\u01b0\u01a1ng tr\u00ecnh li\u00ean bang duy nh\u1ea5t h\u1ed7 tr\u1ee3 thanh to\u00e1n h\u00f3a \u0111\u01a1n Internet v\u00ec Ch\u01b0\u01a1ng tr\u00ecnh K\u1ebft n\u1ed1i Gi\u00e1 c\u1ea3 ph\u1ea3i ch\u0103ng \u0111\u00e3 k\u1ebft th\u00fac. N\u1ebfu tr\u01b0\u1edbc \u0111\u00e2y b\u1ea1n \u0111\u00e3 nh\u1eadn \u0111\u01b0\u1ee3c kho\u1ea3n gi\u1ea3m gi\u00e1 \u0111\u00f3, h\u00e3y h\u1ecfi nh\u00e0 cung c\u1ea5p c\u1ee7a b\u1ea1n xem h\u1ecd c\u00f3 c\u00e1c g\u00f3i Internet chi ph\u00ed th\u1ea5p kh\u00e1c kh\u00f4ng.<\/p>\n<h3>\u0110\u1ee7 \u0111i\u1ec1u ki\u1ec7n<\/h3>\n<p>B\u1ea1n \u0111\u1ee7 \u0111i\u1ec1u ki\u1ec7n n\u1ebfu b\u1ea1n nh\u1eadn \u0111\u01b0\u1ee3c tr\u1ee3 c\u1ea5p t\u1eeb b\u1ea5t k\u1ef3 ch\u01b0\u01a1ng tr\u00ecnh n\u00e0o sau \u0111\u00e2y \u1edf Maryland:<\/p>\n<ul>\n<li>Phi\u1ebfu th\u1ef1c ph\u1ea9m\/Ch\u01b0\u01a1ng tr\u00ecnh h\u1ed7 tr\u1ee3 dinh d\u01b0\u1ee1ng b\u1ed5 sung (SNAP)<\/li>\n<li>Ch\u01b0\u01a1ng tr\u00ecnh h\u1ed7 tr\u1ee3 n\u0103ng l\u01b0\u1ee3ng cho gia \u0111\u00ecnh thu nh\u1eadp th\u1ea5p<\/li>\n<li>Tr\u1ee3 c\u1ea5p y t\u1ebf<\/li>\n<li>H\u1ed7 tr\u1ee3 Nh\u00e0 \u1edf C\u00f4ng c\u1ed9ng Li\u00ean bang<\/li>\n<li>Thu Nh\u1eadp An Sinh B\u1ed5 Sung (SSI)<\/li>\n<li>Ch\u01b0\u01a1ng tr\u00ecnh tr\u1ee3 c\u1ea5p cho c\u1ef1u chi\u1ebfn binh v\u00e0 tr\u1ee3 c\u1ea5p cho ng\u01b0\u1eddi c\u00f2n s\u1ed1ng<\/li>\n<\/ul>\n<p>B\u1ea1n c\u0169ng c\u00f3 th\u1ec3 \u0111\u1ee7 \u0111i\u1ec1u ki\u1ec7n n\u1ebfu T\u1ed5ng thu nh\u1eadp h\u1ed9 gia \u0111\u00ecnh c\u1ee7a b\u1ea1n b\u1eb1ng ho\u1eb7c th\u1ea5p h\u01a1n 135% c\u1ee7a Nguy\u00ean t\u1eafc chu\u1ea9n ngh\u00e8o li\u00ean bang.<\/p>\n\t<h3>L\u00e0m sao \u0111\u1ec3 \u0111\u0103ng k\u00ed<\/h3>\n<p>\u0110\u1ec3 \u0111\u0103ng k\u00fd Lifeline tr\u1ef1c tuy\u1ebfn:<\/p>\n<ol>\n<li><a href=\"https:\/\/getinternet.gov\/apply?id=nv_home&amp;ln=RW5nbGlzaA%3D%3D\" target=\"_blank\" rel=\"noopener\">T\u1ea1o m\u1ed9t t\u00e0i kho\u1ea3n<\/a> v\u00e0 ki\u1ec3m tra t\u00ednh \u0111\u1ee7 \u0111i\u1ec1u ki\u1ec7n. B\u1ea1n s\u1ebd c\u1ea7n b\u1ed1n ch\u1eef s\u1ed1 cu\u1ed1i c\u1ee7a s\u1ed1 An sinh x\u00e3 h\u1ed9i ho\u1eb7c gi\u1ea5y t\u1edd t\u00f9y th\u00e2n do ch\u00ednh ph\u1ee7 c\u1ea5p.<\/li>\n<li>N\u1ebfu \u0111\u1ee7 \u0111i\u1ec1u ki\u1ec7n, b\u1ea1n c\u00f3 90 ng\u00e0y \u0111\u1ec3 li\u00ean h\u1ec7 v\u1edbi c\u00f4ng ty \u0111i\u1ec7n tho\u1ea1i ho\u1eb7c internet c\u1ee7a m\u00ecnh \u0111\u1ec3 g\u1eedi \u0111\u01a1n \u0111\u0103ng k\u00fd.\u00a0 <a href=\"https:\/\/cnm.universalservice.org\/\" target=\"_blank\" rel=\"noopener\">T\u00ecm nh\u00e0 cung c\u1ea5p \u0111i\u1ec7n tho\u1ea1i ho\u1eb7c Internet<\/a> cung c\u1ea5p Lifeline \u1edf Maryland.<\/li>\n<\/ol>\n<p>B\u1ea1n c\u0169ng c\u00f3 th\u1ec3 t\u1ea3i xu\u1ed1ng m\u1ed9t \u1ee9ng d\u1ee5ng trong <a href=\"https:\/\/www.lifelinesupport.org\/wp-content\/uploads\/documents\/get-lifeline\/LI_Application_NVstates.pdf\" target=\"_blank\" rel=\"noopener\">Ti\u1ebfng Anh<\/a> V\u00e0 <a href=\"https:\/\/www.lifelinesupport.org\/wp-content\/uploads\/documents\/get-lifeline\/LI-SP_Application_NVstates.pdf\" target=\"_blank\" rel=\"noopener\">ng\u01b0\u1eddi T\u00e2y Ban Nha<\/a>.<\/p>\n<p>B\u1ea1n c\u0169ng c\u00f3 th\u1ec3 th\u1ea5y qu\u1ea3ng c\u00e1o v\u1ec1 \u0111i\u1ec7n tho\u1ea1i di \u0111\u1ed9ng mi\u1ec5n ph\u00ed, nh\u01b0ng h\u00e3y \u0111\u1ea3m b\u1ea3o r\u1eb1ng b\u1ea1n \u0111ang s\u1eed d\u1ee5ng nh\u00e0 cung c\u1ea5p Lifeline \u0111\u01b0\u1ee3c \u1ee7y quy\u1ec1n. B\u1ea1n c\u00f3 th\u1ec3 t\u00ecm th\u1ea5y ch\u00fang <a href=\"https:\/\/cnm.universalservice.org\/\" target=\"_blank\" rel=\"noopener\">\u0111\u00e2y<\/a>. Ngo\u00e0i ra, h\u00e3y \u0111\u1ecdc c\u00e1c \u0111i\u1ec1u kho\u1ea3n v\u00e0 \u0111i\u1ec1u ki\u1ec7n \u0111\u1ec3 \u0111\u1ea3m b\u1ea3o kh\u00f4ng c\u00f3 kho\u1ea3n ph\u00ed n\u00e0o kh\u00e1c. Cu\u1ed1i c\u00f9ng, h\u00e3y n\u1eafm r\u00f5 n\u1ed9i quy c\u1ee7a ch\u01b0\u01a1ng tr\u00ecnh Lifeline.<\/p>\n<p>M\u1ed7i h\u1ed9 gia \u0111\u00ecnh ch\u1ec9 \u0111\u01b0\u1ee3c h\u01b0\u1edfng m\u1ed9t ph\u00fac l\u1ee3i Lifeline v\u00e0 m\u1ee9c gi\u1ea3m gi\u00e1 l\u00e0 $9,25 m\u1ed9t th\u00e1ng. B\u1ea1n ph\u1ea3i ch\u1ee9ng nh\u1eadn l\u1ea1i kho\u1ea3n gi\u1ea3m gi\u00e1 c\u1ee7a m\u00ecnh h\u00e0ng n\u0103m.<\/p>\n<p>N\u1ebfu b\u1ea1n c\u1ea7n tr\u1ee3 gi\u00fap, h\u00e3y g\u1ecdi 211.<\/p>\n\t\t\t\t<img decoding=\"async\" src=\"http:\/\/211md.org\/wp-content\/uploads\/2023\/03\/person-going-over-phone-bill.png\" alt=\"ng\u01b0\u1eddi \u0111i qua h\u00f3a \u0111\u01a1n \u0111i\u1ec7n tho\u1ea1i\" itemprop=\"image\" title=\"ng\u01b0\u1eddi \u0111i qua h\u00f3a \u0111\u01a1n \u0111i\u1ec7n tho\u1ea1i\" onerror=\"this.style.display='none'\" loading='lazy' \/>\n<h2>Th\u00f4ng tin li\u00ean quan<\/h2>\n<a title=\"Nh\u1eadn tr\u1ee3 gi\u00fap t\u00e0i ch\u00ednh v\u1edbi h\u00f3a \u0111\u01a1n s\u01b0\u1edfi \u1ea5m Maryland c\u1ee7a b\u1ea1n\" href=\"https:\/\/211md.org\/vi\/tai-nguyen\/ho-tro-tien-ich\/chi-phi-suoi-am\/\">D\u1ef1 lu\u1eadt s\u01b0\u1edfi \u1ea5m Maryland<\/a>\n<a title=\"H\u00f3a \u0111\u01a1n ti\u1ec1n n\u01b0\u1edbc\" href=\"https:\/\/211md.org\/vi\/tai-nguyen\/ho-tro-tien-ich\/hoa-don-tien-nuoc\/\">H\u00f3a \u0111\u01a1n ti\u1ec1n n\u01b0\u1edbc<\/a>\n<p><a href=\"https:\/\/211md.org\/vi\/tai-nguyen\/ho-tro-tien-ich\/tien-dien\/\">H\u00f3a \u0111\u01a1n ti\u1ec1n \u0111i\u1ec7n<\/a><\/p>\n<h2>\n\t\t\tT\u00ecm t\u00e0i nguy\u00ean\t<\/h2>\n\t\t\t\t<a href=\"\/vi\/tai-nguyen\/lao-hoa-khuyet-tat\/\"  target=\"_self\" itemprop=\"url\">\n\t\t\t\t<img decoding=\"async\" src=\"https:\/\/211md.org\/wp-content\/uploads\/bb-plugin\/cache\/Mask-Group-41@2x-circle-73eaadba4cad8269faa4720e25cf1c85-.png\" alt=\"\u0110\u00f4i ch\u00e2n c\u1ee7a m\u1ed9t ng\u01b0\u1eddi ph\u1ee5 n\u1eef l\u1edbn tu\u1ed5i v\u00e0 m\u1ed9t c\u00f4 g\u00e1i tr\u1ebb c\u00f9ng nhau b\u01b0\u1edbc \u0111i\" itemprop=\"image\" height=\"500\" width=\"500\" title=\"D\u1ecbch v\u1ee5 ng\u01b0\u1eddi khuy\u1ebft t\u1eadt\" onerror=\"this.style.display='none'\" loading='lazy' \/>\n\t\t\t\t<\/a>\n\t\t<h3><a href=\"\/vi\/tai-nguyen\/lao-hoa-khuyet-tat\/\" target=\"_self\">L\u00e3o h\u00f3a &amp; Khuy\u1ebft t\u1eadt<\/a><\/h3>\t\n\t\t\t\t<a href=\"\/vi\/tai-nguyen\/gia-dinh-tre-em\/\"  target=\"_self\" itemprop=\"url\">\n\t\t\t\t<img decoding=\"async\" src=\"https:\/\/211md.org\/wp-content\/uploads\/bb-plugin\/cache\/Mask-Group-38@2x-circle-ac40d46265fbec62083cd27f6dcf23b0-.png\" alt=\"m\u1ed9t ch\u00e0ng trai v\u00e0 c\u00f4 g\u00e1i tr\u1ebb m\u1ec9m c\u01b0\u1eddi v\u00e0 nh\u00ecn v\u00e0o m\u00e1y \u1ea3nh\" itemprop=\"image\" height=\"500\" width=\"500\" title=\"Nh\u00f3m m\u1eb7t n\u1ea1 38@2x\" onerror=\"this.style.display='none'\" loading='lazy' \/>\n\t\t\t\t<\/a>\n\t\t<h3><a href=\"\/vi\/tai-nguyen\/gia-dinh-tre-em\/\" target=\"_self\">Tr\u1ebb em &amp; Gia \u0111\u00ecnh<\/a><\/h3>\t\n\t\t\t\t<a href=\"\/vi\/tai-nguyen\/gia-dinh-bao-luc\/\"  target=\"_self\" itemprop=\"url\">\n\t\t\t\t<img decoding=\"async\" src=\"https:\/\/211md.org\/wp-content\/uploads\/bb-plugin\/cache\/Mask-Group-39@2x-circle-b2589197a13c791d910f46dd10b27a87-.png\" alt=\"Hai \u0111\u00f4i n\u1eafm tay nhau\" itemprop=\"image\" height=\"500\" width=\"500\" title=\"Nh\u00f3m m\u1eb7t n\u1ea1 39@2x\" onerror=\"this.style.display='none'\" loading='lazy' \/>\n\t\t\t\t<\/a>\n\t\t<h3><a href=\"\/vi\/tai-nguyen\/gia-dinh-bao-luc\/\" target=\"_self\">B\u1ea1o h\u00e0nh Gia \u0111\u00ecnh\/Gia \u0111\u00ecnh<\/a><\/h3>\t\n\t\t\t\t<a href=\"\/vi\/tai-nguyen\/tim-kiem-viec-lam\/\"  target=\"_self\" itemprop=\"url\">\n\t\t\t\t<img decoding=\"async\" src=\"https:\/\/211md.org\/wp-content\/uploads\/bb-plugin\/cache\/Employment-circle-bf72562329e950df948954f5d3f44b2e-.png\" alt=\"Th\u1ee3 s\u1eeda xe\" itemprop=\"image\" height=\"500\" width=\"500\" title=\"Thu\u00ea ng\u01b0\u1eddi l\u00e0m\" onerror=\"this.style.display='none'\" loading='lazy' \/>\n\t\t\t\t<\/a>\n\t\t<h3><a href=\"\/vi\/tai-nguyen\/tim-kiem-viec-lam\/\" target=\"_self\">Thu\u00ea ng\u01b0\u1eddi l\u00e0m<\/a><\/h3>\t\n\t\t\t\t<a href=\"\/vi\/tai-nguyen\/cham-soc-suc-khoe\/\"  target=\"_self\" itemprop=\"url\">\n\t\t\t\t<img decoding=\"async\" src=\"https:\/\/211md.org\/wp-content\/uploads\/bb-plugin\/cache\/Mask-Group-35@2x-circle-94be10c13e4adae1683b4589dc2f5b2f-.png\" alt=\"B\u00e1c s\u0129 kh\u00e1m ch\u00e2n cho b\u00e9 trai\" itemprop=\"image\" height=\"500\" width=\"500\" title=\"Nh\u00f3m m\u1eb7t n\u1ea1 35@2x\" onerror=\"this.style.display='none'\" loading='lazy' \/>\n\t\t\t\t<\/a>\n\t\t<h3><a href=\"\/vi\/tai-nguyen\/cham-soc-suc-khoe\/\" target=\"_self\">Ch\u0103m s\u00f3c s\u1ee9c kh\u1ecfe<\/a><\/h3>\t\n\t\t\t\t<a href=\"\/vi\/tai-nguyen\/do-an\/\"  target=\"_self\" itemprop=\"url\">\n\t\t\t\t<img decoding=\"async\" src=\"https:\/\/211md.org\/wp-content\/uploads\/bb-plugin\/cache\/Mask-Group-32@2x-circle-1c6d647dcaf998fa079d26735cedc92b-.png\" alt=\"Rau s\u1ea1ch\" itemprop=\"image\" height=\"500\" width=\"500\" title=\"Nh\u00f3m m\u1eb7t n\u1ea1 32@2x\" onerror=\"this.style.display='none'\" loading='lazy' \/>\n\t\t\t\t<\/a>\n\t\t<h3><a href=\"\/vi\/tai-nguyen\/do-an\/\" target=\"_self\">\u0110\u1ed3 \u0103n<\/a><\/h3>\t\n\t\t\t\t<a href=\"\/vi\/tai-nguyen\/nha-o\/\"  target=\"_self\" itemprop=\"url\">\n\t\t\t\t<img decoding=\"async\" src=\"https:\/\/211md.org\/wp-content\/uploads\/bb-plugin\/cache\/Mask-Group-34@2x-circle-b99c55fc16ef21f35e2f2a1f7cc37b9a-.png\" alt=\"Ban c\u00f4ng chung c\u01b0\" itemprop=\"image\" height=\"500\" width=\"500\" title=\"Chung c\u01b0-Khu ph\u1ee9c h\u1ee3p\" onerror=\"this.style.display='none'\" loading='lazy' \/>\n\t\t\t\t<\/a>\n\t\t<h3><a href=\"\/vi\/tai-nguyen\/nha-o\/\" target=\"_self\">Nh\u00e0 \u1ede &amp; N\u01a1i Tr\u00fa \u1ea8n<\/a><\/h3>\t\n\t\t\t\t<a href=\"\/vi\/tai-nguyen\/moi-doi-voi-chung-toi-va-maryland\/\"  target=\"_self\" itemprop=\"url\">\n\t\t\t\t<img decoding=\"async\" src=\"https:\/\/211md.org\/wp-content\/uploads\/bb-plugin\/cache\/American-flag-circle-0016cc327e27ef7aeb080f1da6c6e98b-.jpg\" alt=\"m\u1edbi \u0111\u1ebfn Hoa K\u1ef3\" itemprop=\"image\" height=\"364\" width=\"1366\" title=\"C\u1edd M\u1ef9\" onerror=\"this.style.display='none'\" loading='lazy' \/>\n\t\t\t\t<\/a>\n\t\t<h3><a href=\"\/vi\/tai-nguyen\/moi-doi-voi-chung-toi-va-maryland\/\" target=\"_self\">nh\u1eadp c\u01b0<\/a><\/h3>\t\n\t\t\t\t<a href=\"\/vi\/tai-nguyen\/gia-dinh-tre-em\/quan-he-ho-hang\/\"  target=\"_self\" itemprop=\"url\">\n\t\t\t\t<img decoding=\"async\" src=\"https:\/\/211md.org\/wp-content\/uploads\/bb-plugin\/cache\/kinship-family-navigating-a-computer-circle-045fee9d587aefb20221bfea41a2cf9b-.png\" alt=\"gia \u0111\u00ecnh h\u1ecd h\u00e0ng \u0111ang \u0111i\u1ec1u h\u01b0\u1edbng m\u00e1y t\u00ednh\" itemprop=\"image\" title=\"gia \u0111\u00ecnh h\u1ecd h\u00e0ng \u0111ang \u0111i\u1ec1u h\u01b0\u1edbng m\u00e1y t\u00ednh\" onerror=\"this.style.display='none'\" loading='lazy' \/>\n\t\t\t\t<\/a>\n\t\t<h3><a href=\"\/vi\/tai-nguyen\/gia-dinh-tre-em\/quan-he-ho-hang\/\" target=\"_self\">h\u1ecd h\u00e0ng<\/a><\/h3>\t\n\t\t\t\t<a href=\"\/vi\/tai-nguyen\/dich-vu-phap-ly\/\"  target=\"_self\" itemprop=\"url\">\n\t\t\t\t<img decoding=\"async\" src=\"https:\/\/211md.org\/wp-content\/uploads\/bb-plugin\/cache\/Housing-Legal-circle-9a8f3c1c72c54b6e1ce612d2993c1ad4-.png\" alt=\"B\u00faa ph\u00e1p l\u00fd v\u1edbi m\u00f4 h\u00ecnh ng\u00f4i nh\u00e0 b\u1eb1ng nh\u1ef1a b\u00ean c\u1ea1nh\" itemprop=\"image\" height=\"348\" width=\"460\" title=\"Ph\u00e1p l\u00fd nh\u00e0 \u1edf\" onerror=\"this.style.display='none'\" loading='lazy' \/>\n\t\t\t\t<\/a>\n\t\t<h3><a href=\"\/vi\/tai-nguyen\/dich-vu-phap-ly\/\" target=\"_self\">D\u1ecbch v\u1ee5 ph\u00e1p l\u00fd<\/a><\/h3>\t\n\t\t\t\t<a href=\"\/vi\/tai-nguyen\/suc-khoe-tinh-than\/\"  target=\"_self\" itemprop=\"url\">\n\t\t\t\t<img decoding=\"async\" src=\"https:\/\/211md.org\/wp-content\/uploads\/bb-plugin\/cache\/Mask-Group-40@2x-circle-7bd9426367852fb3d841bc4bdc57a550-.png\" alt=\"H\u1ed3 s\u01a1 c\u1ee7a m\u1ed9t ng\u01b0\u1eddi \u0111\u00e0n \u00f4ng v\u00e0 ph\u1ee5 n\u1eef\" itemprop=\"image\" height=\"500\" width=\"500\" title=\"Nh\u00f3m m\u1eb7t n\u1ea1 40@2x\" onerror=\"this.style.display='none'\" loading='lazy' \/>\n\t\t\t\t<\/a>\n\t\t<h3><a href=\"\/vi\/tai-nguyen\/suc-khoe-tinh-than\/\" target=\"_self\">S\u1ee9c kh\u1ecfe tinh th\u1ea7n<\/a><\/h3>\t\n\t\t\t\t<a href=\"\/vi\/tai-nguyen\/mdreentry\/\"  target=\"_self\" itemprop=\"url\">\n\t\t\t\t<img decoding=\"async\" src=\"https:\/\/211md.org\/wp-content\/uploads\/bb-plugin\/cache\/Diverse-group-of-community-members-circle-4457c114cd48613bc79a0fb50060319c-.jpg\" alt=\"Nh\u00f3m th\u00e0nh vi\u00ean c\u1ed9ng \u0111\u1ed3ng \u0111a d\u1ea1ng\" itemprop=\"image\" height=\"800\" width=\"1200\" title=\"Nh\u00f3m th\u00e0nh vi\u00ean c\u1ed9ng \u0111\u1ed3ng \u0111a d\u1ea1ng\" onerror=\"this.style.display='none'\" loading='lazy' \/>\n\t\t\t\t<\/a>\n\t\t<h3><a href=\"\/vi\/tai-nguyen\/mdreentry\/\" target=\"_self\">V\u00e0o l\u1ea1i<\/a><\/h3>\t\n\t\t\t\t<a href=\"\/vi\/dung-lai\/\"  target=\"_self\" itemprop=\"url\">\n\t\t\t\t<img decoding=\"async\" src=\"https:\/\/211md.org\/wp-content\/uploads\/bb-plugin\/cache\/Background-section-MDStophate-circle-08e2bae1cf9f2ad6cc83e01e23da8cb9-.jpg\" alt=\"Ph\u1ea7n n\u1ec1n-MDStophate\" itemprop=\"image\" height=\"768\" width=\"1366\" title=\"Ph\u1ea7n n\u1ec1n-MDStophate\" onerror=\"this.style.display='none'\" loading='lazy' \/>\n\t\t\t\t<\/a>\n\t\t<h3><a href=\"\/vi\/dung-lai\/\" target=\"_self\">Ng\u1eebng gh\u00e9t<\/a><\/h3>\t\n\t\t\t\t<a href=\"\/vi\/tai-nguyen\/su-dung-chat-kich-thich\/\"  target=\"_self\" itemprop=\"url\">\n\t\t\t\t<img decoding=\"async\" src=\"https:\/\/211md.org\/wp-content\/uploads\/bb-plugin\/cache\/Substance-Use-circle-ad2d564932dc31267e0c32a6fb2d915c-.png\" alt=\"Tay \u0111\u1eadp thu\u1ed1c\" itemprop=\"image\" height=\"500\" width=\"500\" title=\"S\u1eed d\u1ee5ng ch\u1ea5t g\u00e2y nghi\u1ec7n\" onerror=\"this.style.display='none'\" loading='lazy' \/>\n\t\t\t\t<\/a>\n\t\t<h3><a href=\"\/vi\/tai-nguyen\/su-dung-chat-kich-thich\/\" target=\"_self\">S\u1eed d\u1ee5ng ch\u1ea5t k\u00edch th\u00edch<\/a><\/h3>\t\n\t\t\t\t<a href=\"\/vi\/tai-nguyen\/dich-vu-thue\/\"  target=\"_self\" itemprop=\"url\">\n\t\t\t\t<img decoding=\"async\" src=\"https:\/\/211md.org\/wp-content\/uploads\/bb-plugin\/cache\/Mask-Group-34-circle-166a606e37e61188c9a17d5e634cda3c-.png\" alt=\"Ng\u01b0\u1eddi \u0111i\u1ec1n v\u00e0o gi\u1ea5y t\u1edd thu\u1ebf thu nh\u1eadp\" itemprop=\"image\" height=\"500\" width=\"500\" title=\"M\u1eb7t N\u1ea1 Nh\u00f3m 34\" onerror=\"this.style.display='none'\" loading='lazy' \/>\n\t\t\t\t<\/a>\n\t\t<h3><a href=\"\/vi\/tai-nguyen\/dich-vu-thue\/\" target=\"_self\">D\u1ecbch v\u1ee5 thu\u1ebf<\/a><\/h3>\t\n\t\t\t\t<a href=\"\/vi\/tai-nguyen\/ho-tro-tien-ich\/\"  target=\"_self\" itemprop=\"url\">\n\t\t\t\t<img decoding=\"async\" src=\"https:\/\/211md.org\/wp-content\/uploads\/bb-plugin\/cache\/Mask-Group-37@2x-circle-9661a11b9c4082079c9a1f06bc539567-.png\" alt=\"M\u1ed9t b\u00f3ng \u0111\u00e8n th\u1eafp s\u00e1ng\" itemprop=\"image\" height=\"500\" width=\"500\" title=\"Nh\u00f3m m\u1eb7t n\u1ea1 37@2x\" onerror=\"this.style.display='none'\" loading='lazy' \/>\n\t\t\t\t<\/a>\n\t\t<h3><a href=\"\/vi\/tai-nguyen\/ho-tro-tien-ich\/\" target=\"_self\">H\u1ed7 tr\u1ee3 ti\u1ec7n \u00edch<\/a><\/h3>\t\n\t\t\t\t<a href=\"\/vi\/tai-nguyen\/cuu-chien-binh\/\"  target=\"_self\" itemprop=\"url\">\n\t\t\t\t<img decoding=\"async\" src=\"https:\/\/211md.org\/wp-content\/uploads\/bb-plugin\/cache\/Veterans-circle-7c6972a59826c74f1f658f61df785fc3-.png\" alt=\"M\u1ed9t ng\u01b0\u1eddi l\u00ednh b\u1eaft tay ai \u0111\u00f3 v\u00e0 m\u1ec9m c\u01b0\u1eddi\" itemprop=\"image\" title=\"c\u1ef1u chi\u1ebfn binh\" onerror=\"this.style.display='none'\" loading='lazy' \/>\n\t\t\t\t<\/a>\n\t\t<h3><a href=\"\/vi\/tai-nguyen\/cuu-chien-binh\/\" target=\"_self\">c\u1ef1u chi\u1ebfn binh<\/a><\/h3>","protected":false},"excerpt":{"rendered":"<p>T\u00ecm t\u00e0i nguy\u00ean g\u1ea7n t\u00f4i T\u00ecm ki\u1ebfm ngay Th\u00eam c\u01a1 quan ho\u1eb7c t\u1ed5 ch\u1ee9c c\u1ee7a b\u1ea1n v\u00e0o c\u01a1 s\u1edf d\u1eef li\u1ec7u t\u00e0i nguy\u00ean c\u1ee7a ch\u00fang t\u00f4i. B\u1ea1n c\u00f3 c\u1ea7n tr\u1ee3 gi\u00fap thanh to\u00e1n h\u00f3a \u0111\u01a1n \u0111i\u1ec7n tho\u1ea1i ho\u1eb7c Internet kh\u00f4ng? Tr\u1ee3 gi\u00fap c\u00f3 s\u1eb5n cho nh\u1eefng ng\u01b0\u1eddi \u0111\u1ee7 \u0111i\u1ec1u ki\u1ec7n. Ch\u01b0\u01a1ng tr\u00ecnh cung c\u1ea5p gi\u1ea3m gi\u00e1 v\u00e0 kh\u00f4ng cung c\u1ea5p \u0111i\u1ec7n tho\u1ea1i di \u0111\u1ed9ng mi\u1ec5n ph\u00ed. Tuy nhi\u00ean, c\u00e1c nh\u00e0 cung c\u1ea5p c\u00f3 th\u1ec3 tr\u1ea3 chi ph\u00ed \u0111i\u1ec7n tho\u1ea1i di \u0111\u1ed9ng cho\u2026<\/p>","protected":false},"author":8,"featured_media":3746,"parent":932,"menu_order":0,"comment_status":"closed","ping_status":"closed","template":"","meta":{"footnotes":""},"class_list":["post-1061","page","type-page","status-publish","has-post-thumbnail","hentry"],"_links":{"self":[{"href":"https:\/\/211md.org\/vi\/wp-json\/wp\/v2\/pages\/1061","targetHints":{"allow":["GET"]}}],"collection":[{"href":"https:\/\/211md.org\/vi\/wp-json\/wp\/v2\/pages"}],"about":[{"href":"https:\/\/211md.org\/vi\/wp-json\/wp\/v2\/types\/page"}],"author":[{"embeddable":true,"href":"https:\/\/211md.org\/vi\/wp-json\/wp\/v2\/users\/8"}],"replies":[{"embeddable":true,"href":"https:\/\/211md.org\/vi\/wp-json\/wp\/v2\/comments?post=1061"}],"version-history":[{"count":2,"href":"https:\/\/211md.org\/vi\/wp-json\/wp\/v2\/pages\/1061\/revisions"}],"predecessor-version":[{"id":4676,"href":"https:\/\/211md.org\/vi\/wp-json\/wp\/v2\/pages\/1061\/revisions\/4676"}],"up":[{"embeddable":true,"href":"https:\/\/211md.org\/vi\/wp-json\/wp\/v2\/pages\/932"}],"wp:featuredmedia":[{"embeddable":true,"href":"https:\/\/211md.org\/vi\/wp-json\/wp\/v2\/media\/3746"}],"wp:attachment":[{"href":"https:\/\/211md.org\/vi\/wp-json\/wp\/v2\/media?parent=1061"}],"curies":[{"name":"wp","href":"https:\/\/api.w.org\/{rel}","templated":true}]}}