{"id":1092,"date":"2021-04-19T13:26:39","date_gmt":"2021-04-19T13:26:39","guid":{"rendered":"https:\/\/211md.org\/?page_id=1092"},"modified":"2025-10-09T11:21:56","modified_gmt":"2025-10-09T15:21:56","slug":"cuu-chien-binh-tai-chinh-giup-do","status":"publish","type":"page","link":"https:\/\/211md.org\/vi\/resources\/veterans\/veteran-financial-help\/","title":{"rendered":"Tr\u1ee3 gi\u00fap T\u00e0i ch\u00ednh cho C\u1ef1u chi\u1ebfn binh"},"content":{"rendered":"<img decoding=\"async\" src=\"https:\/\/stg-maryland211-staging.kinsta.cloud\/wp-content\/uploads\/2025\/08\/5-1-scaled.png\" alt=\"5\" itemprop=\"image\" height=\"692\" width=\"2560\" title=\"5\" onerror=\"this.style.display='none'\" loading=\"lazy\" \/>\n\t\t<p>C\u00e1c t\u1ed5 ch\u1ee9c c\u1ef1u chi\u1ebfn binh c\u00f3 th\u1ec3 cung c\u1ea5p h\u1ed7 tr\u1ee3 t\u00e0i ch\u00ednh cho nh\u1eefng ng\u01b0\u1eddi c\u1ea7n. <\/p>\n<p>Quay s\u1ed1 211 \u0111\u1ec3 n\u00f3i chuy\u1ec7n v\u1edbi Chuy\u00ean gia Th\u00f4ng tin v\u00e0 Gi\u1edbi thi\u1ec7u 24\/7\/365. <\/p>\n<p>Ti\u1ebfp t\u1ee5c \u0111\u1ecdc v\u1ec1 c\u00e1c t\u1ed5 ch\u1ee9c h\u1ed7 tr\u1ee3 c\u1ef1u chi\u1ebfn binh c\u00f3 th\u1ec3 gi\u00fap \u0111\u1ee1 v\u1ec1 c\u00e1c kho\u1ea3n vay, tr\u1ee3 c\u1ea5p v\u00e0 thanh to\u00e1n t\u00e0i ch\u00ednh.<\/p>\n\t\t\t<a href=\"#start\" target=\"_self\">\n\t\t\t\t\t\tB\u1eaft \u0111\u1ea7u\n\t\t\t\t\t<\/a>\n\t\t\t\t<img decoding=\"async\" src=\"https:\/\/211md.org\/wp-content\/plugins\/bb-plugin\/img\/pixel.png\" alt=\"\" itemprop=\"image\" onerror=\"this.style.display='none'\" loading=\"lazy\" \/>\n\t\t\t\t<img decoding=\"async\" src=\"https:\/\/stg-maryland211-staging.kinsta.cloud\/wp-content\/uploads\/2025\/08\/16.png\" alt=\"16\" itemprop=\"image\" height=\"1000\" width=\"1000\" title=\"16\" onerror=\"this.style.display='none'\" loading=\"lazy\" \/>\n\t<h2 aria-level=\"3\"><b>Kho\u1ea3n vay v\u00e0 tr\u1ee3 c\u1ea5p\u00a0<\/b>\u00a0<\/h2>\n<p>C\u00e1c\u00a0<b><a href=\"https:\/\/veterans.maryland.gov\/maryland-department-of-veterans-affairs-veterans-trust-fund\/\" target=\"_blank\" rel=\"noopener\">\u1ee6y th\u00e1c C\u1ef1u chi\u1ebfn binh Maryland<\/a>\u202f\u00a0<\/b>cung c\u1ea5p c\u00e1c kho\u1ea3n t\u00e0i tr\u1ee3 v\u00e0 kho\u1ea3n vay cho c\u00e1c C\u1ef1u chi\u1ebfn binh \u0111ang g\u1eb7p kh\u00f3 kh\u0103n. M\u1ee5c \u0111\u00edch l\u00e0 gi\u00fap \u0111\u1ee1 c\u00e1c C\u1ef1u chi\u1ebfn binh c\u00f3 kh\u1ea3 n\u0103ng t\u1ef1 t\u00fac sau khi nh\u1eadn \u0111\u01b0\u1ee3c h\u1ed7 tr\u1ee3. \u00a0<\/p>\n<p>C\u1ef1u chi\u1ebfn binh chi\u1ebfn tranh n\u01b0\u1edbc ngo\u00e0i (VFW) cung c\u1ea5p h\u1ed7 tr\u1ee3 cho c\u00e1c t\u00ecnh hu\u1ed1ng t\u00e0i ch\u00ednh b\u1ea5t ng\u1edd do tri\u1ec3n khai ho\u1eb7c ho\u1ea1t \u0111\u1ed9ng ho\u1eb7c ch\u1ea5n th\u01b0\u01a1ng li\u00ean quan \u0111\u1ebfn qu\u00e2n s\u1ef1 kh\u00e1c. C\u00e1c kho\u1ea3n t\u00e0i tr\u1ee3 l\u00ean t\u1edbi $1,500 c\u00f3 s\u1eb5n \u0111\u1ec3 gi\u00fap \u0111\u00e1p \u1ee9ng c\u00e1c nhu c\u1ea7u c\u01a1 b\u1ea3n trong cu\u1ed9c s\u1ed1ng. Tr\u1ea3 n\u1ee3 l\u00e0 kh\u00f4ng c\u1ea7n thi\u1ebft.\u00a0<\/p>\n<p>C\u00e1c chi ph\u00ed \u0111\u1ee7 \u0111i\u1ec1u ki\u1ec7n bao g\u1ed3m ti\u1ec1n thu\u00ea nh\u00e0, th\u1ebf ch\u1ea5p, s\u1eeda ch\u1eefa nh\u00e0 c\u1eeda, b\u1ea3o hi\u1ec3m, chi ph\u00ed xe c\u1ed9, ti\u1ec7n \u00edch, th\u1ef1c ph\u1ea9m, qu\u1ea7n \u00e1o, chi ph\u00ed con c\u00e1i v\u00e0 ch\u0103m s\u00f3c y t\u1ebf kh\u1ea9n c\u1ea5p. T\u00ecm hi\u1ec3u th\u00eam v\u1ec1\u00a0<a href=\"https:\/\/www.vfw.org\/assistance\/financial-grants\" target=\"_blank\" rel=\"noopener\">Ch\u01b0\u01a1ng tr\u00ecnh Nhu c\u1ea7u ch\u01b0a \u0111\u01b0\u1ee3c \u0111\u00e1p \u1ee9ng c\u1ee7a VFW<\/a>.\u00a0<\/p>\n<h3>C\u00e1c kho\u1ea3n vay ng\u1eafn h\u1ea1n th\u00f4ng qua qu\u00e2n \u0111\u1ed9i<\/h3>\n<p>H\u1ea7u h\u1ebft c\u00e1c chi nh\u00e1nh qu\u00e2n \u0111\u1ed9i c\u0169ng cung c\u1ea5p h\u1ed7 tr\u1ee3 th\u00f4ng qua c\u00e1c kho\u1ea3n vay kh\u00f4ng t\u00ednh l\u00e3i su\u1ea5t ng\u1eafn h\u1ea1n, tr\u1ee3 c\u1ea5p t\u00e0i ch\u00ednh, gi\u1edbi thi\u1ec7u v\u00e0 c\u00e1c ph\u01b0\u01a1ng ti\u1ec7n li\u00ean quan kh\u00e1c. C\u00e1c kho\u1ea3n vay v\u00e0 tr\u1ee3 c\u1ea5p n\u00e0y th\u01b0\u1eddng d\u00e0nh cho c\u00e1c tr\u01b0\u1eddng h\u1ee3p kh\u1ea9n c\u1ea5p kh\u00f4ng l\u01b0\u1eddng tr\u01b0\u1edbc \u0111\u01b0\u1ee3c. Ch\u00fang \u0111\u01b0\u1ee3c trao theo t\u1eebng tr\u01b0\u1eddng h\u1ee3p c\u1ee5 th\u1ec3. Li\u00ean h\u1ec7 v\u1edbi t\u1ed5 ch\u1ee9c chi nh\u00e1nh c\u1ee7a b\u1ea1n \u0111\u1ec3 xem b\u1ea1n c\u00f3 \u0111\u1ee7 \u0111i\u1ec1u ki\u1ec7n hay kh\u00f4ng.\u00a0<\/p>\n<ul>\n<li><b>Kh\u00f4ng qu\u00e2n: <\/b>800-769-8951\u00a0<\/li>\n<li><b>Qu\u1ef9 L\u1ef1c l\u01b0\u1ee3ng v\u0169 trang: <\/b>202-547-4713\u00a0<\/li>\n<li><b>C\u1ee9u tr\u1ee3 kh\u1ea9n c\u1ea5p c\u1ee7a qu\u00e2n \u0111\u1ed9i: <\/b>1-866-878-6378<\/li>\n<li><b>H\u1ed7 tr\u1ee3 l\u1eabn nhau c\u1ee7a C\u1ea3nh s\u00e1t bi\u1ec3n: <\/b>410-636-4078\u00a0<\/li>\n<li><b>H\u1ed9i c\u1ee9u tr\u1ee3 H\u1ea3i qu\u00e2n-Th\u1ee7y qu\u00e2n l\u1ee5c chi\u1ebfn: <\/b>703-696-4904\u00a0<\/li>\n<\/ul>\n\t\t\t\t<img decoding=\"async\" src=\"http:\/\/211md.org\/wp-content\/uploads\/2025\/06\/Hopeful-looking-Veteran.jpg\" alt=\"C\u1ef1u chi\u1ebfn binh tr\u00f4ng \u0111\u1ea7y hy v\u1ecdng\" itemprop=\"image\" title=\"C\u1ef1u chi\u1ebfn binh tr\u00f4ng \u0111\u1ea7y hy v\u1ecdng\" onerror=\"this.style.display='none'\" loading=\"lazy\" \/>\n\t<h2 aria-level=\"3\">Tr\u1ee3 gi\u00fap t\u1ea1m th\u1eddi c\u1ee7a Qu\u00e2n \u0111o\u00e0n Hoa K\u1ef3<\/h2>\n<p>American Legion c\u00f3 th\u1ec3 cung c\u1ea5p H\u1ed7 tr\u1ee3 T\u00e0i ch\u00ednh T\u1ea1m th\u1eddi (TFA) cho tr\u1ebb v\u1ecb th\u00e0nh ni\u00ean \u0111ang t\u1ea1i ng\u0169 ho\u1eb7c c\u00e1c th\u00e0nh vi\u00ean American Legion. S\u1ed1 ti\u1ec1n n\u00e0y h\u1ed7 tr\u1ee3 c\u00e1c nhu c\u1ea7u c\u01a1 b\u1ea3n nh\u01b0 ch\u1ed7 \u1edf, th\u1ef1c ph\u1ea9m, ti\u1ec7n \u00edch v\u00e0 chi ph\u00ed y t\u1ebf.\u00a0<a href=\"https:\/\/www.legion.org\/financialassistance\/about\" target=\"_blank\" rel=\"noopener\">T\u00ecm hi\u1ec3u th\u00eam v\u1ec1 nguy\u00ean t\u1eafc \u0111\u1ee7 \u0111i\u1ec1u ki\u1ec7n<\/a>. Li\u00ean h\u1ec7 v\u1edbi b\u1ea1n\u00a0<a href=\"http:\/\/www.mdlegion.org\/\" target=\"_blank\" rel=\"noopener\"><b>B\u01b0u \u0111i\u1ec7n qu\u00e2n \u0111o\u00e0n M\u1ef9 \u0111\u1ecba ph\u01b0\u01a1ng<\/b><\/a>\u00a0\u0111\u1ec3 xin gi\u00fap \u0111\u1ee1.\u00a0\u00a0<\/p>\n<p>Operation Homefront c\u0169ng c\u00f3 ch\u01b0\u01a1ng tr\u00ecnh H\u1ed7 tr\u1ee3 T\u00e0i ch\u00ednh Quan tr\u1ecdng. N\u00f3 h\u1ed7 tr\u1ee3 ngh\u0129a v\u1ee5 t\u1ea1i ng\u0169 \u0111\u1ee7 \u0111i\u1ec1u ki\u1ec7n, \u0111\u01b0\u1ee3c tri\u1ec3n khai, C\u1ef1u chi\u1ebfn binh ho\u1eb7c qu\u00e2n nh\u00e2n ho\u1eb7c C\u1ef1u chi\u1ebfn binh b\u1ecb th\u01b0\u01a1ng, \u1ed1m ho\u1eb7c b\u1ecb th\u01b0\u01a1ng ho\u1eb7c C\u1ef1u chi\u1ebfn binh c\u00f3 v\u1ebft th\u01b0\u01a1ng, b\u1ec7nh t\u1eadt ho\u1eb7c th\u01b0\u01a1ng t\u00edch li\u00ean quan \u0111\u1ebfn ngh\u0129a v\u1ee5.\u00a0<a href=\"https:\/\/operationhomefront.org\/critical-financial-assistance\/\" target=\"_blank\" rel=\"noopener\">Xem n\u1ebfu b\u1ea1n \u0111\u1ee7 \u0111i\u1ec1u ki\u1ec7n \u0111\u1ec3 \u0111\u01b0\u1ee3c gi\u00fap \u0111\u1ee1.<\/a>\u00a0<\/p>\n\t\t\t\t<a href=\"https:\/\/search.211md.org\/\" target=\"_blank\" rel=\"noopener\" itemprop=\"url\">\n\t\t\t\t<img decoding=\"async\" src=\"https:\/\/stg-maryland211-staging.kinsta.cloud\/wp-content\/uploads\/2025\/08\/2025_MdInfoNet_Icon-Sets-white_Locate.png\" alt=\"\" itemprop=\"image\" onerror=\"this.style.display='none'\" loading=\"lazy\" \/>\n\t\t\t\t<\/a>\n<h2><a href=\"https:\/\/search.211md.org\/\" target=\"_blank\" rel=\"noopener\">T\u00ecm t\u00e0i nguy\u00ean ngay<\/a><\/h2><p>T\u00ecm th\u1ea5y <strong>t\u00e0i nguy\u00ean c\u1ed9ng \u0111\u1ed3ng <\/strong>\u0111\u1ec3 t\u00ecm ki\u1ebfm th\u1ef1c ph\u1ea9m, ch\u0103m s\u00f3c s\u1ee9c kh\u1ecfe, nh\u00e0 \u1edf v\u00e0 nhi\u1ec1u th\u00f4ng tin kh\u00e1c trong c\u01a1 s\u1edf d\u1eef li\u1ec7u c\u1ee7a ch\u00fang t\u00f4i. T\u00ecm ki\u1ebfm theo m\u00e3 ZIP.<\/p>\n\t\t\t<a href=\"https:\/\/search.211md.org\/\" target=\"_blank\" rel=\"noopener\">\n\t\t\t\t\t\t\tT\u00ecm ki\u1ebfm ngay b\u00e2y gi\u1edd\n\t\t\t<\/a>\n<h2>\n\t\t\tTh\u00f4ng tin li\u00ean quan \u0111\u1ebfn c\u1ef1u chi\u1ebfn binh\t<\/h2>\n\t\t\t\t<img decoding=\"async\" src=\"https:\/\/211md.org\/wp-content\/plugins\/bb-plugin\/img\/pixel.png\" alt=\"\" itemprop=\"image\" onerror=\"this.style.display='none'\" loading=\"lazy\" \/>\n\t\t\t\t<img decoding=\"async\" src=\"https:\/\/211md.org\/wp-content\/uploads\/bb-plugin\/cache\/Call-center-specialst-circle-eeffe277a2415307db9e1df3ed658a58-.jpg\" alt=\"Chuy\u00ean gia trung t\u00e2m cu\u1ed9c g\u1ecdi\" itemprop=\"image\" height=\"800\" width=\"1200\" title=\"Trung t\u00e2m cu\u1ed9c g\u1ecdi \u0111\u1eb7c bi\u1ec7t\" onerror=\"this.style.display='none'\" loading=\"lazy\" \/>\n<h2>Quay s\u1ed1 211<\/h2><p>C\u00e1c t\u1ed5 ch\u1ee9c phi l\u1ee3i nhu\u1eadn v\u00e0 c\u1ed9ng \u0111\u1ed3ng \u0111\u1ecba ph\u01b0\u01a1ng c\u0169ng h\u1ed7 tr\u1ee3 c\u1ef1u chi\u1ebfn binh. H\u00e3y g\u1ecdi 211 \u0111\u1ec3 k\u1ebft n\u1ed1i v\u1edbi ngu\u1ed3n l\u1ef1c h\u1ed7 tr\u1ee3 c\u1ef1u chi\u1ebfn binh g\u1ea7n nh\u1ea5t.<\/p>\n\t\t\t<a href=\"tel:%20+211\" target=\"_blank\" rel=\"noopener\">\n\t\t\t\t\t\tQuay s\u1ed1 211 (di \u0111\u1ed9ng)\n\t\t\t\t\t<\/a>\n\t\t<h4><a href=\"\/vi\/tai-nguyen\/lao-hoa-khuyet-tat\/?utm_source=Home&#038;utm_medium=Referral&#038;utm_campaign=211Resources&#038;utm_content=Aging\" target=\"_self\">L\u00e3o h\u00f3a &amp; Khuy\u1ebft t\u1eadt<\/a><\/h4>\n\t\t\t\t<a href=\"\/vi\/tai-nguyen\/lao-hoa-khuyet-tat\/?utm_source=Home&#038;utm_medium=Referral&#038;utm_campaign=211Resources&#038;utm_content=Aging\"  target=\"_self\" itemprop=\"url\">\n\t\t\t\t<img decoding=\"async\" src=\"https:\/\/211md.org\/wp-content\/uploads\/bb-plugin\/cache\/2025_MdInfoNet_Icon-Sets_Aging-disability-square-c466727102cae71e5f27b8539bb51945-.png\" alt=\"\" itemprop=\"image\" onerror=\"this.style.display='none'\" loading=\"lazy\" \/>\n\t\t\t\t<\/a>\n\t\t<h4><a href=\"\/vi\/tai-nguyen\/gia-dinh-tre-em\/?utm_source=Home&#038;utm_medium=Referral&#038;utm_campaign=211Resources&#038;utm_content=Children\" target=\"_self\">Tr\u1ebb em &amp; Gia \u0111\u00ecnh<\/a><\/h4>\n\t\t\t\t<a href=\"\/vi\/tai-nguyen\/gia-dinh-tre-em\/?utm_source=Home&#038;utm_medium=Referral&#038;utm_campaign=211Resources&#038;utm_content=Children\"  target=\"_self\" itemprop=\"url\">\n\t\t\t\t<img decoding=\"async\" src=\"https:\/\/211md.org\/wp-content\/uploads\/bb-plugin\/cache\/2025_211_Icon-Sets_Child-care-square-f3b0d4edab3dcc467fadb5f55f4064c6-.png\" alt=\"2025_211_B\u1ed9 bi\u1ec3u t\u01b0\u1ee3ng_Ch\u0103m s\u00f3c tr\u1ebb em\" itemprop=\"image\" height=\"417\" width=\"417\" title=\"2025_211_B\u1ed9 bi\u1ec3u t\u01b0\u1ee3ng_Ch\u0103m s\u00f3c tr\u1ebb em\" onerror=\"this.style.display='none'\" loading=\"lazy\" \/>\n\t\t\t\t<\/a>\n\t\t<h4><a href=\"\/vi\/tai-nguyen\/gia-dinh-bao-luc\/?utm_source=Home&#038;utm_medium=Referral&#038;utm_campaign=211Resources&#038;utm_content=Domestic\" target=\"_self\">B\u1ea1o l\u1ef1c gia \u0111\u00ecnh<\/a><\/h4>\n\t\t\t\t<a href=\"\/vi\/tai-nguyen\/gia-dinh-bao-luc\/?utm_source=Home&#038;utm_medium=Referral&#038;utm_campaign=211Resources&#038;utm_content=Domestic\"  target=\"_self\" itemprop=\"url\">\n\t\t\t\t<img decoding=\"async\" src=\"https:\/\/211md.org\/wp-content\/uploads\/bb-plugin\/cache\/2025_211_Icon-Sets_Domestic-Violence-square-7b597694a6f05fe90cdc376aa573bc63-.png\" alt=\"Bi\u1ec3u t\u01b0\u1ee3ng b\u1ea1o l\u1ef1c gia \u0111\u00ecnh\" itemprop=\"image\" height=\"417\" width=\"417\" title=\"2025_211_B\u1ed9 bi\u1ec3u t\u01b0\u1ee3ng_B\u1ea1o l\u1ef1c gia \u0111\u00ecnh\" onerror=\"this.style.display='none'\" loading=\"lazy\" \/>\n\t\t\t\t<\/a>\n\t\t<h4><a href=\"\/vi\/tai-nguyen\/tim-kiem-viec-lam\/?utm_source=Home&#038;utm_medium=Referral&#038;utm_campaign=211Resources&#038;utm_content=Employment\" target=\"_self\">Thu\u00ea ng\u01b0\u1eddi l\u00e0m<\/a><\/h4>\n\t\t\t\t<a href=\"\/vi\/tai-nguyen\/tim-kiem-viec-lam\/?utm_source=Home&#038;utm_medium=Referral&#038;utm_campaign=211Resources&#038;utm_content=Employment\"  target=\"_self\" itemprop=\"url\">\n\t\t\t\t<img decoding=\"async\" src=\"https:\/\/211md.org\/wp-content\/uploads\/bb-plugin\/cache\/2025_MdInfoNet_Icon-Sets_Employment-square-44707bd410e4df10a470bf130ebcea86-.png\" alt=\"\" itemprop=\"image\" onerror=\"this.style.display='none'\" loading=\"lazy\" \/>\n\t\t\t\t<\/a>\n\t\t<h4><a href=\"\/vi\/tai-nguyen\/cham-soc-suc-khoe\/?utm_source=Home&#038;utm_medium=Referral&#038;utm_campaign=211Resources&#038;utm_content=Health%20Care\" target=\"_self\">Ch\u0103m s\u00f3c s\u1ee9c kh\u1ecfe<\/a><\/h4>\n\t\t\t\t<a href=\"\/vi\/tai-nguyen\/cham-soc-suc-khoe\/?utm_source=Home&#038;utm_medium=Referral&#038;utm_campaign=211Resources&#038;utm_content=Health%20Care\"  target=\"_self\" itemprop=\"url\">\n\t\t\t\t<img decoding=\"async\" src=\"https:\/\/211md.org\/wp-content\/uploads\/bb-plugin\/cache\/2025_MdInfoNet_Icon-Sets_Health-Care-square-dee98a0060cbe0e7f27eda253fc12679-.png\" alt=\"\" itemprop=\"image\" onerror=\"this.style.display='none'\" loading=\"lazy\" \/>\n\t\t\t\t<\/a>\n\t\t<h4><a href=\"\/vi\/tai-nguyen\/gia-dinh-tre-em\/quan-he-ho-hang\/?utm_source=Home&#038;utm_medium=Referral&#038;utm_campaign=211Resources&#038;utm_content=Kinship\" target=\"_self\">h\u1ecd h\u00e0ng<\/a><\/h4>\n\t\t\t\t<a href=\"\/vi\/tai-nguyen\/gia-dinh-tre-em\/quan-he-ho-hang\/?utm_source=Home&#038;utm_medium=Referral&#038;utm_campaign=211Resources&#038;utm_content=Kinship\"  target=\"_self\" itemprop=\"url\">\n\t\t\t\t<img decoding=\"async\" src=\"https:\/\/211md.org\/wp-content\/uploads\/bb-plugin\/cache\/2025_211_Icon-Sets_Kinship-square-45bdf872866f5735f842c32071109267-.png\" alt=\"Bi\u1ec3u t\u01b0\u1ee3ng h\u1ecd h\u00e0ng\" itemprop=\"image\" height=\"417\" width=\"417\" title=\"2025_211_B\u1ed9 bi\u1ec3u t\u01b0\u1ee3ng_Quan h\u1ec7 h\u1ecd h\u00e0ng\" onerror=\"this.style.display='none'\" loading=\"lazy\" \/>\n\t\t\t\t<\/a>\n\t\t<h4><a href=\"\/vi\/tai-nguyen\/dich-vu-phap-ly\/?utm_source=Home&#038;utm_medium=Referral&#038;utm_campaign=211Resources&#038;utm_content=Legal\" target=\"_self\">D\u1ecbch v\u1ee5 ph\u00e1p l\u00fd<\/a><\/h4>\n\t\t\t\t<a href=\"\/vi\/tai-nguyen\/dich-vu-phap-ly\/?utm_source=Home&#038;utm_medium=Referral&#038;utm_campaign=211Resources&#038;utm_content=Legal\"  target=\"_self\" itemprop=\"url\">\n\t\t\t\t<img decoding=\"async\" src=\"https:\/\/211md.org\/wp-content\/uploads\/bb-plugin\/cache\/2025_MdInfoNet_Icon-Sets_Legal-square-18fdf438feb8435588174d9046463257-.png\" alt=\"\" itemprop=\"image\" onerror=\"this.style.display='none'\" loading=\"lazy\" \/>\n\t\t\t\t<\/a>\n\t\t<h4><a href=\"\/vi\/tai-nguyen\/suc-khoe-tinh-than\/?utm_source=Home&#038;utm_medium=Referral&#038;utm_campaign=211Resources&#038;utm_content=Mental\" target=\"_self\">S\u1ee9c kh\u1ecfe tinh th\u1ea7n<\/a><\/h4>\n\t\t\t\t<a href=\"\/vi\/tai-nguyen\/suc-khoe-tinh-than\/?utm_source=Home&#038;utm_medium=Referral&#038;utm_campaign=211Resources&#038;utm_content=Mental\"  target=\"_self\" itemprop=\"url\">\n\t\t\t\t<img decoding=\"async\" src=\"https:\/\/211md.org\/wp-content\/uploads\/bb-plugin\/cache\/2025_MdInfoNet_Icon-Sets_Mental-Health-square-c59b38c4a993a947d4c9280fbe2d2fee-.png\" alt=\"\" itemprop=\"image\" onerror=\"this.style.display='none'\" loading=\"lazy\" \/>\n\t\t\t\t<\/a>\n\t\t<h4><a href=\"\/vi\/tai-nguyen\/mdreentry\/?utm_source=Home&#038;utm_medium=Referral&#038;utm_campaign=211Resources&#038;utm_content=Reentry\" target=\"_self\">V\u00e0o l\u1ea1i<\/a><\/h4>\n\t\t\t\t<a href=\"\/vi\/tai-nguyen\/mdreentry\/?utm_source=Home&#038;utm_medium=Referral&#038;utm_campaign=211Resources&#038;utm_content=Reentry\"  target=\"_self\" itemprop=\"url\">\n\t\t\t\t<img decoding=\"async\" src=\"https:\/\/211md.org\/wp-content\/uploads\/bb-plugin\/cache\/2025_211_Icon-Sets_Reentry-square-8676fea38abd920a832f45642fe31cca-.png\" alt=\"Bi\u1ec3u t\u01b0\u1ee3ng nh\u1eadp l\u1ea1i\" itemprop=\"image\" height=\"417\" width=\"417\" title=\"2025_211_B\u1ed9 bi\u1ec3u t\u01b0\u1ee3ng_Nh\u1eadp l\u1ea1i\" onerror=\"this.style.display='none'\" loading=\"lazy\" \/>\n\t\t\t\t<\/a>\n\t\t<h4><a href=\"\/vi\/tai-nguyen\/su-dung-chat-kich-thich\/?utm_source=Home&#038;utm_medium=Referral&#038;utm_campaign=211Resources&#038;utm_content=Substance\" target=\"_self\">S\u1eed d\u1ee5ng ch\u1ea5t k\u00edch th\u00edch<\/a><\/h4>\n\t\t\t\t<a href=\"\/vi\/tai-nguyen\/su-dung-chat-kich-thich\/?utm_source=Home&#038;utm_medium=Referral&#038;utm_campaign=211Resources&#038;utm_content=Substance\"  target=\"_self\" itemprop=\"url\">\n\t\t\t\t<img decoding=\"async\" src=\"https:\/\/211md.org\/wp-content\/uploads\/bb-plugin\/cache\/2025_MdInfoNet_Icon-Sets_Substance-Abuse-square-9022fec9d18a64118ad685c101885b55-.png\" alt=\"\" itemprop=\"image\" onerror=\"this.style.display='none'\" loading=\"lazy\" \/>\n\t\t\t\t<\/a>\n\t\t<h4><a href=\"\/vi\/tai-nguyen\/cuu-chien-binh\/?utm_source=Home&#038;utm_medium=Referral&#038;utm_campaign=211Resources&#038;utm_content=Veterans\" target=\"_self\">c\u1ef1u chi\u1ebfn binh<\/a><\/h4>\n\t\t\t\t<a href=\"\/vi\/tai-nguyen\/cuu-chien-binh\/?utm_source=Home&#038;utm_medium=Referral&#038;utm_campaign=211Resources&#038;utm_content=Veterans\"  target=\"_self\" itemprop=\"url\">\n\t\t\t\t<img decoding=\"async\" src=\"https:\/\/211md.org\/wp-content\/uploads\/bb-plugin\/cache\/2025_MdInfoNet_Icon-Sets_Rating-square-6e60d00cce4faa8e0a6d4ad7366aa733-.png\" alt=\"\" itemprop=\"image\" onerror=\"this.style.display='none'\" loading=\"lazy\" \/>\n\t\t\t\t<\/a>","protected":false},"excerpt":{"rendered":"<p>C\u00e1c t\u1ed5 ch\u1ee9c c\u1ef1u chi\u1ebfn binh c\u00f3 th\u1ec3 h\u1ed7 tr\u1ee3 t\u00e0i ch\u00ednh cho nh\u1eefng ng\u01b0\u1eddi c\u1ea7n. G\u1ecdi 211 \u0111\u1ec3 n\u00f3i chuy\u1ec7n v\u1edbi Chuy\u00ean vi\u00ean Th\u00f4ng tin v\u00e0 Gi\u1edbi thi\u1ec7u 24\/7\/365. Ti\u1ebfp t\u1ee5c t\u00ecm hi\u1ec3u v\u1ec1 c\u00e1c t\u1ed5 ch\u1ee9c h\u1ed7 tr\u1ee3 c\u1ef1u chi\u1ebfn binh c\u00f3 th\u1ec3 h\u1ed7 tr\u1ee3 c\u00e1c kho\u1ea3n vay, tr\u1ee3 c\u1ea5p v\u00e0 thanh to\u00e1n t\u00e0i ch\u00ednh. B\u1eaft \u0111\u1ea7u Vay v\u00e0 Tr\u1ee3 c\u1ea5p Qu\u1ef9 C\u1ef1u chi\u1ebfn binh Maryland cung c\u1ea5p c\u00e1c kho\u1ea3n tr\u1ee3 c\u1ea5p v\u00e0 kho\u1ea3n vay cho c\u00e1c C\u1ef1u chi\u1ebfn binh \u0111ang g\u1eb7p kh\u00f3 kh\u0103n. M\u1ee5c ti\u00eau l\u00e0\u2026<\/p>","protected":false},"author":8,"featured_media":2063,"parent":958,"menu_order":0,"comment_status":"closed","ping_status":"closed","template":"","meta":{"footnotes":""},"class_list":["post-1092","page","type-page","status-publish","has-post-thumbnail","hentry"],"_links":{"self":[{"href":"https:\/\/211md.org\/vi\/wp-json\/wp\/v2\/pages\/1092","targetHints":{"allow":["GET"]}}],"collection":[{"href":"https:\/\/211md.org\/vi\/wp-json\/wp\/v2\/pages"}],"about":[{"href":"https:\/\/211md.org\/vi\/wp-json\/wp\/v2\/types\/page"}],"author":[{"embeddable":true,"href":"https:\/\/211md.org\/vi\/wp-json\/wp\/v2\/users\/8"}],"replies":[{"embeddable":true,"href":"https:\/\/211md.org\/vi\/wp-json\/wp\/v2\/comments?post=1092"}],"version-history":[{"count":5,"href":"https:\/\/211md.org\/vi\/wp-json\/wp\/v2\/pages\/1092\/revisions"}],"predecessor-version":[{"id":33949,"href":"https:\/\/211md.org\/vi\/wp-json\/wp\/v2\/pages\/1092\/revisions\/33949"}],"up":[{"embeddable":true,"href":"https:\/\/211md.org\/vi\/wp-json\/wp\/v2\/pages\/958"}],"wp:featuredmedia":[{"embeddable":true,"href":"https:\/\/211md.org\/vi\/wp-json\/wp\/v2\/media\/2063"}],"wp:attachment":[{"href":"https:\/\/211md.org\/vi\/wp-json\/wp\/v2\/media?parent=1092"}],"curies":[{"name":"wp","href":"https:\/\/api.w.org\/{rel}","templated":true}]}}