{"id":1095,"date":"2021-04-19T13:34:13","date_gmt":"2021-04-19T13:34:13","guid":{"rendered":"https:\/\/211md.org\/?page_id=1095"},"modified":"2025-11-11T13:06:34","modified_gmt":"2025-11-11T18:06:34","slug":"cuu-chien-binh-viec-lam","status":"publish","type":"page","link":"https:\/\/211md.org\/vi\/resources\/veterans\/veterans-employment\/","title":{"rendered":"D\u1ecbch v\u1ee5 Vi\u1ec7c l\u00e0m C\u1ef1u chi\u1ebfn binh"},"content":{"rendered":"<img decoding=\"async\" src=\"https:\/\/stg-maryland211-staging.kinsta.cloud\/wp-content\/uploads\/2025\/08\/5-1-scaled.png\" alt=\"5\" itemprop=\"image\" height=\"692\" width=\"2560\" title=\"5\" onerror=\"this.style.display='none'\" loading=\"lazy\" \/>\n\t\t<p>B\u1ea1n l\u00e0 c\u1ef1u chi\u1ebfn binh v\u00e0 \u0111ang c\u1ea7n vi\u1ec7c l\u00e0m? M\u1ed9t s\u1ed1 ch\u01b0\u01a1ng tr\u00ecnh hi\u1ec7n c\u00f3 \u0111\u1ec3 h\u1ed7 tr\u1ee3 C\u1ef1u chi\u1ebfn binh \u0111\u00e0o t\u1ea1o ngh\u1ec1 b\u1eb1ng c\u00e1ch nh\u1ea5n m\u1ea1nh v\u00e0 x\u00e2y d\u1ef1ng c\u00e1c k\u1ef9 n\u0103ng hi\u1ec7n c\u00f3, h\u1ecdc c\u00e1c k\u1ef9 n\u0103ng m\u1edbi v\u00e0 nh\u1eadn bi\u1ebft c\u00e1c nhu c\u1ea7u ho\u1eb7c \u0111i\u1ec1u ki\u1ec7n \u0111\u1eb7c bi\u1ec7t v\u1edbi t\u01b0 c\u00e1ch l\u00e0 C\u1ef1u chi\u1ebfn binh.<\/p>\n\t\t\t<a href=\"#start\" target=\"_self\">\n\t\t\t\t\t\tB\u1eaft \u0111\u1ea7u\n\t\t\t\t\t<\/a>\n\t\t\t\t<img decoding=\"async\" src=\"https:\/\/211md.org\/wp-content\/plugins\/bb-plugin\/img\/pixel.png\" alt=\"\" itemprop=\"image\" onerror=\"this.style.display='none'\" loading=\"lazy\" \/>\n\t\t\t\t<img decoding=\"async\" src=\"https:\/\/stg-maryland211-staging.kinsta.cloud\/wp-content\/uploads\/2025\/08\/16.png\" alt=\"16\" itemprop=\"image\" height=\"1000\" width=\"1000\" title=\"16\" onerror=\"this.style.display='none'\" loading=\"lazy\" \/>\n\t\t\t\t<img decoding=\"async\" src=\"http:\/\/211md.org\/wp-content\/uploads\/2021\/05\/Veteran-Help-Wanted.png\" alt=\"C\u1ef1u chi\u1ebfn binh c\u1ea7m t\u1ea5m bi\u1ec3n truy n\u00e3\" itemprop=\"image\" title=\"C\u1ea7n s\u1ef1 gi\u00fap \u0111\u1ee1 c\u1ee7a c\u1ef1u chi\u1ebfn binh\" onerror=\"this.style.display='none'\" loading=\"lazy\" \/>\n\t\t<h3>S\u1eb5n s\u00e0ng cho vi\u1ec7c l\u00e0m c\u1ee7a c\u1ef1u chi\u1ebfn binh<\/h3>\n\t\t<p>For Veterans transitioning from military to civilian jobs, employment-readiness programs can help.<\/p>\n<p>Look for employers who are Veteran-friendly. These companies make Veteran hiring a part of their recruiting efforts.<\/p>\n<p>In Maryland, you can develop employment-readiness skills at an American Job Center. They provide:<\/p>\n<ul>\n<li>T\u01b0 v\u1ea5n ngh\u1ec1 nghi\u1ec7p<\/li>\n<li>testing and placement assistance<\/li>\n<li>job search assistance<\/li>\n<li>\u0111\u00e0o t\u1ea1o ngh\u1ec1<\/li>\n<\/ul>\n<p>There are locations throughout Maryland, and the centers may have specific programs for Veterans.<\/p>\n<p>B\u1ea1n c\u0169ng c\u00f3 th\u1ec3 nh\u1eadn tr\u1ee3 gi\u00fap t\u1eeb Maryland Workforce Exchange, m\u1ed9t ngu\u1ed3n t\u00e0i nguy\u00ean tr\u1ef1c tuy\u1ebfn t\u1ed5ng h\u1ee3p d\u00e0nh cho t\u1ea5t c\u1ea3 nh\u1eefng ng\u01b0\u1eddi t\u00ecm vi\u1ec7c. B\u1ea1n c\u00f3 th\u1ec3 quen thu\u1ed9c v\u1edbi MWE n\u1ebfu b\u1ea1n l\u00e0 m\u1ed9t <a href=\"https:\/\/211md.org\/vi\/tai-nguyen\/tim-kiem-viec-lam\/tro-cap-that-nghiep\/\">c\u1ef1u chi\u1ebfn binh th\u1ea5t nghi\u1ec7p<\/a> filing for unemployment benefits.<\/p>\n<p>T\u00ecm hi\u1ec3u th\u00eam v\u1ec1 MWE v\u00e0 Trung t\u00e2m Vi\u1ec7c l\u00e0m Hoa K\u1ef3 trong <a href=\"https:\/\/211md.org\/vi\/tai-nguyen\/cuu-chien-binh\/cuu-chien-binh-viec-lam\/\">211 Employment Guide.<\/a> <\/p>\n<p>Our Community Resource Database also has Veteran employment programs. Search by ZIP code.\u00a0<\/p>\n\t\t\t<a href=\"https:\/\/search.211md.org\/en\/search?query=ND-6500.9200&#038;query_type=taxonomy&#038;query_label=&#038;query_language=en&#038;location=21201%2C+Maryland%2C+United+States&#038;coords=-76.621735%2C39.2952509\" target=\"_blank\" rel=\"noopener\">\n\t\t\t\t\t\t\tFind Veteran Employment Help Nearby\n\t\t\t<\/a>\n\t<h3>Vi\u1ec7c l\u00e0m nh\u00e0 n\u01b0\u1edbc cho c\u00e1c c\u1ef1u chi\u1ebfn binh<\/h3>\n<p>Ti\u1ec3u bang Maryland n\u00eau chi ti\u1ebft c\u00e1c c\u00f4ng vi\u1ec7c trong ch\u00ednh quy\u1ec1n ti\u1ec3u bang n\u01a1i C\u1ef1u chi\u1ebfn binh c\u00f3 th\u1ec3 \u0111\u1eb7c bi\u1ec7t ph\u00f9 h\u1ee3p \u0111\u1ec3 \u1ee9ng tuy\u1ec3n v\u00e0o v\u1ecb tr\u00ed n\u00e0y. T\u1ea5t nhi\u00ean, b\u1ea1n c\u00f3 th\u1ec3 \u1ee9ng tuy\u1ec3n v\u00e0o b\u1ea5t k\u1ef3 v\u1ecb tr\u00ed n\u00e0o, nh\u01b0ng n\u1ec1n t\u1ea3ng qu\u00e2n s\u1ef1 s\u1ebd r\u1ea5t h\u1eefu \u00edch cho b\u1ea1n. <a href=\"https:\/\/dbm.maryland.gov\/jobseekers\/pages\/veteransjobs.aspx\" target=\"_blank\" rel=\"noopener\">nh\u1eefng c\u00f4ng vi\u1ec7c \u1edf tr\u1ea1ng th\u00e1i m\u1edf n\u00e0y<\/a>.<\/p>\n<p>Nh\u00e0 n\u01b0\u1edbc c\u0169ng cung c\u1ea5p \u201c<a href=\"https:\/\/dbm.maryland.gov\/jobseekers\/pages\/veteransjobs.aspx\" target=\"_blank\" rel=\"noopener\">l\u1ed1i b\u0103ng qua \u0111\u01b0\u1eddng<\/a>\u201d l\u00e0 nh\u1eefng ngh\u1ec1 nghi\u1ec7p trong qu\u00e2n \u0111\u1ed9i, theo sau l\u00e0 s\u1ef1 ph\u00e2n lo\u1ea1i vi\u1ec7c l\u00e0m t\u01b0\u01a1ng \u0111\u01b0\u01a1ng c\u1ee7a nh\u00e0 n\u01b0\u1edbc.<\/p>\n<h3>Vi\u1ec7c l\u00e0m c\u1ef1u chi\u1ebfn binh<\/h3>\n<p>B\u1ea1n \u0111ang mu\u1ed1n l\u00e0m vi\u1ec7c v\u1edbi B\u1ed9 C\u1ef1u chi\u1ebfn binh ho\u1eb7c C\u01a1 quan Qu\u1ea3n l\u00fd Y t\u1ebf C\u1ef1u chi\u1ebfn binh? <a href=\"https:\/\/www.vacareers.va.gov\/?gclid=Cj0KCQiAq5meBhCyARIsAJrtdr7EdJsUv3MxQoIcKpPovG3zI4dfTrplYl6mzMghBh8ntsYRpGttuw8aAtNWEALw_wcB\" target=\"_blank\" rel=\"noopener\">T\u00ecm m\u1ed9t c\u00f4ng vi\u1ec7c VA g\u1ea7n b\u1ea1n<\/a>u.<\/p>\n\t\t\t\t<a href=\"https:\/\/search.211md.org\/\" target=\"_blank\" rel=\"noopener\" itemprop=\"url\">\n\t\t\t\t<img decoding=\"async\" src=\"https:\/\/stg-maryland211-staging.kinsta.cloud\/wp-content\/uploads\/2025\/08\/2025_MdInfoNet_Icon-Sets-white_Locate.png\" alt=\"\" itemprop=\"image\" onerror=\"this.style.display='none'\" loading=\"lazy\" \/>\n\t\t\t\t<\/a>\n<h2><a href=\"https:\/\/search.211md.org\/\" target=\"_blank\" rel=\"noopener\">T\u00ecm t\u00e0i nguy\u00ean ngay<\/a><\/h2><p>T\u00ecm th\u1ea5y <strong>t\u00e0i nguy\u00ean c\u1ed9ng \u0111\u1ed3ng <\/strong>\u0111\u1ec3 t\u00ecm ki\u1ebfm th\u1ef1c ph\u1ea9m, ch\u0103m s\u00f3c s\u1ee9c kh\u1ecfe, nh\u00e0 \u1edf v\u00e0 nhi\u1ec1u th\u00f4ng tin kh\u00e1c trong c\u01a1 s\u1edf d\u1eef li\u1ec7u c\u1ee7a ch\u00fang t\u00f4i. T\u00ecm ki\u1ebfm theo m\u00e3 ZIP.<\/p>\n\t\t\t<a href=\"https:\/\/search.211md.org\/\" target=\"_blank\" rel=\"noopener\">\n\t\t\t\t\t\t\tT\u00ecm ki\u1ebfm ngay b\u00e2y gi\u1edd\n\t\t\t<\/a>\n\t\t\t\t<img decoding=\"async\" src=\"http:\/\/211md.org\/wp-content\/uploads\/2021\/04\/Veterans.png\" alt=\"M\u1ed9t ng\u01b0\u1eddi l\u00ednh b\u1eaft tay ai \u0111\u00f3 v\u00e0 m\u1ec9m c\u01b0\u1eddi\" itemprop=\"image\" title=\"c\u1ef1u chi\u1ebfn binh\" onerror=\"this.style.display='none'\" loading=\"lazy\" \/>\n\t<h2><b>Tr\u1ee3 gi\u00fap vi\u1ec7c l\u00e0m cho c\u00e1c c\u1ef1u chi\u1ebfn binh c\u00f3 nguy c\u01a1 v\u00f4 gia c\u01b0<\/b>\u00a0<\/h2>\n<p>If you are homeless or at risk, the U. S. Department of Veterans Affairs have specific employment programming to help:\u00a0\u00a0<\/p>\n<ul>\n<li data-leveltext=\"\uf0b7\" data-font=\"Symbol\" data-listid=\"8\" aria-setsize=\"-1\" data-aria-posinset=\"1\" data-aria-level=\"1\"><b>Homeless Veterans Community Employment Services (HVCES)<br \/>\n<\/b>Ch\u01b0\u01a1ng tr\u00ecnh n\u00e0y cung c\u1ea5p cho c\u00e1c C\u1ef1u chi\u1ebfn binh v\u00f4 gia c\u01b0 v\u00e0 nh\u1eefng ng\u01b0\u1eddi c\u00f3 nguy c\u01a1 v\u00f4 gia c\u01b0 s\u1ef1 ph\u1ee5c h\u1ed3i ngh\u1ec1 nghi\u1ec7p, h\u1ed7 tr\u1ee3 \u0111\u00e0o t\u1ea1o v\u00e0 s\u1eafp x\u1ebfp vi\u1ec7c l\u00e0m c\u0169ng nh\u01b0 h\u1ed7 tr\u1ee3 li\u00ean t\u1ee5c.\u00a0<\/li>\n<li data-leveltext=\"\uf0b7\" data-font=\"Symbol\" data-listid=\"8\" aria-setsize=\"-1\" data-aria-posinset=\"3\" data-aria-level=\"1\"><b>Compensated Work Therapy (CWT) Program<br \/>\n<\/b>Through vocational rehabilitation, including skills assessment and development, the CWT program works to help homeless Veterans obtain and maintain employment.\u00a0<\/li>\n<li data-leveltext=\"\uf0b7\" data-font=\"Symbol\" data-listid=\"8\" aria-setsize=\"-1\" data-aria-posinset=\"4\" data-aria-level=\"1\"><b>Vocational Rehabilitation and Employment VetSuccess Program (VR&amp;E)<br \/>\n<\/b>The VR&amp;E program endeavors to help veterans with service-connected disabilities obtain and maintain employment. That&#8217;s accomplished through a comprehensive approach, including assessing skills, interests and needs and providing job training, internships, job placement services, and support while employed.\u00a0<\/li>\n<\/ul>\n<p>\u0110\u1ec3 bi\u1ebft th\u00f4ng tin v\u1ec1 c\u00e1c ch\u01b0\u01a1ng tr\u00ecnh n\u00e0y v\u00e0 c\u00e1c lo\u1ea1i h\u1ed7 tr\u1ee3 vi\u1ec7c l\u00e0m kh\u00e1c do VA cung c\u1ea5p, vui l\u00f2ng truy c\u1eadp<a href=\"https:\/\/va.gov\/HOMELESS\/employment.asp\" target=\"_blank\" rel=\"noopener\">Trang web \u0110\u01b0\u1eddng d\u00e2y n\u00f3ng C\u1ef1u chi\u1ebfn binh V\u00f4 gia c\u01b0<\/a>ho\u1eb7c g\u1ecdi 877-4AID-VET.\u00a0<\/p>\n<h2>\n\t\t\tConnect with other employment &#038; veteran programs\t<\/h2>\n\t\t\t\t<img decoding=\"async\" src=\"https:\/\/211md.org\/wp-content\/plugins\/bb-plugin\/img\/pixel.png\" alt=\"\" itemprop=\"image\" onerror=\"this.style.display='none'\" loading=\"lazy\" \/>\n\t\t\t\t<img decoding=\"async\" src=\"https:\/\/211md.org\/wp-content\/uploads\/bb-plugin\/cache\/Call-center-specialst-circle-4e9ecd7b3425be4576416abc911049bb-.jpg\" alt=\"Chuy\u00ean gia trung t\u00e2m cu\u1ed9c g\u1ecdi\" itemprop=\"image\" title=\"Trung t\u00e2m cu\u1ed9c g\u1ecdi \u0111\u1eb7c bi\u1ec7t\" onerror=\"this.style.display='none'\" loading=\"lazy\" \/>\n<h2>Quay s\u1ed1 211<\/h2><p>H\u00e3y tr\u00f2 chuy\u1ec7n v\u1edbi m\u1ed9t ng\u01b0\u1eddi chu \u0111\u00e1o v\u00e0 gi\u00e0u l\u00f2ng tr\u1eafc \u1ea9n 24\/7. H\u1ecd c\u0169ng c\u00f3 th\u1ec3 k\u1ebft n\u1ed1i b\u1ea1n v\u1edbi c\u00e1c ngu\u1ed3n l\u1ef1c.\u00a0<\/p>\n\t\t\t<a href=\"tel:%20+211\" target=\"_blank\" rel=\"noopener\">\n\t\t\t\t\t\tQuay s\u1ed1 211 (di \u0111\u1ed9ng)\n\t\t\t\t\t<\/a>\n\t\t<h4><a href=\"\/vi\/tai-nguyen\/lao-hoa-khuyet-tat\/?utm_source=Home&#038;utm_medium=Referral&#038;utm_campaign=211Resources&#038;utm_content=Aging\" target=\"_self\">L\u00e3o h\u00f3a &amp; Khuy\u1ebft t\u1eadt<\/a><\/h4>\n\t\t\t\t<a href=\"\/vi\/tai-nguyen\/lao-hoa-khuyet-tat\/?utm_source=Home&#038;utm_medium=Referral&#038;utm_campaign=211Resources&#038;utm_content=Aging\"  target=\"_self\" itemprop=\"url\">\n\t\t\t\t<img decoding=\"async\" src=\"https:\/\/211md.org\/wp-content\/uploads\/bb-plugin\/cache\/2025_MdInfoNet_Icon-Sets_Aging-disability-square-c466727102cae71e5f27b8539bb51945-.png\" alt=\"\" itemprop=\"image\" onerror=\"this.style.display='none'\" loading=\"lazy\" \/>\n\t\t\t\t<\/a>\n\t\t<h4><a href=\"\/vi\/tai-nguyen\/gia-dinh-tre-em\/?utm_source=Home&#038;utm_medium=Referral&#038;utm_campaign=211Resources&#038;utm_content=Children\" target=\"_self\">Tr\u1ebb em &amp; Gia \u0111\u00ecnh<\/a><\/h4>\n\t\t\t\t<a href=\"\/vi\/tai-nguyen\/gia-dinh-tre-em\/?utm_source=Home&#038;utm_medium=Referral&#038;utm_campaign=211Resources&#038;utm_content=Children\"  target=\"_self\" itemprop=\"url\">\n\t\t\t\t<img decoding=\"async\" src=\"https:\/\/211md.org\/wp-content\/uploads\/bb-plugin\/cache\/2025_211_Icon-Sets_Child-care-square-f3b0d4edab3dcc467fadb5f55f4064c6-.png\" alt=\"2025_211_B\u1ed9 bi\u1ec3u t\u01b0\u1ee3ng_Ch\u0103m s\u00f3c tr\u1ebb em\" itemprop=\"image\" height=\"417\" width=\"417\" title=\"2025_211_B\u1ed9 bi\u1ec3u t\u01b0\u1ee3ng_Ch\u0103m s\u00f3c tr\u1ebb em\" onerror=\"this.style.display='none'\" loading=\"lazy\" \/>\n\t\t\t\t<\/a>\n\t\t<h4><a href=\"\/vi\/tai-nguyen\/gia-dinh-bao-luc\/?utm_source=Home&#038;utm_medium=Referral&#038;utm_campaign=211Resources&#038;utm_content=Domestic\" target=\"_self\">B\u1ea1o l\u1ef1c gia \u0111\u00ecnh<\/a><\/h4>\n\t\t\t\t<a href=\"\/vi\/tai-nguyen\/gia-dinh-bao-luc\/?utm_source=Home&#038;utm_medium=Referral&#038;utm_campaign=211Resources&#038;utm_content=Domestic\"  target=\"_self\" itemprop=\"url\">\n\t\t\t\t<img decoding=\"async\" src=\"https:\/\/211md.org\/wp-content\/uploads\/bb-plugin\/cache\/2025_211_Icon-Sets_Domestic-Violence-square-7b597694a6f05fe90cdc376aa573bc63-.png\" alt=\"Bi\u1ec3u t\u01b0\u1ee3ng b\u1ea1o l\u1ef1c gia \u0111\u00ecnh\" itemprop=\"image\" height=\"417\" width=\"417\" title=\"2025_211_B\u1ed9 bi\u1ec3u t\u01b0\u1ee3ng_B\u1ea1o l\u1ef1c gia \u0111\u00ecnh\" onerror=\"this.style.display='none'\" loading=\"lazy\" \/>\n\t\t\t\t<\/a>\n\t\t<h4><a href=\"\/vi\/tai-nguyen\/tim-kiem-viec-lam\/?utm_source=Home&#038;utm_medium=Referral&#038;utm_campaign=211Resources&#038;utm_content=Employment\" target=\"_self\">Thu\u00ea ng\u01b0\u1eddi l\u00e0m<\/a><\/h4>\n\t\t\t\t<a href=\"\/vi\/tai-nguyen\/tim-kiem-viec-lam\/?utm_source=Home&#038;utm_medium=Referral&#038;utm_campaign=211Resources&#038;utm_content=Employment\"  target=\"_self\" itemprop=\"url\">\n\t\t\t\t<img decoding=\"async\" src=\"https:\/\/211md.org\/wp-content\/uploads\/bb-plugin\/cache\/2025_MdInfoNet_Icon-Sets_Employment-square-44707bd410e4df10a470bf130ebcea86-.png\" alt=\"\" itemprop=\"image\" onerror=\"this.style.display='none'\" loading=\"lazy\" \/>\n\t\t\t\t<\/a>\n\t\t<h4><a href=\"\/vi\/tai-nguyen\/cham-soc-suc-khoe\/?utm_source=Home&#038;utm_medium=Referral&#038;utm_campaign=211Resources&#038;utm_content=Health%20Care\" target=\"_self\">Ch\u0103m s\u00f3c s\u1ee9c kh\u1ecfe<\/a><\/h4>\n\t\t\t\t<a href=\"\/vi\/tai-nguyen\/cham-soc-suc-khoe\/?utm_source=Home&#038;utm_medium=Referral&#038;utm_campaign=211Resources&#038;utm_content=Health%20Care\"  target=\"_self\" itemprop=\"url\">\n\t\t\t\t<img decoding=\"async\" src=\"https:\/\/211md.org\/wp-content\/uploads\/bb-plugin\/cache\/2025_MdInfoNet_Icon-Sets_Health-Care-square-dee98a0060cbe0e7f27eda253fc12679-.png\" alt=\"\" itemprop=\"image\" onerror=\"this.style.display='none'\" loading=\"lazy\" \/>\n\t\t\t\t<\/a>\n\t\t<h4><a href=\"\/vi\/tai-nguyen\/gia-dinh-tre-em\/quan-he-ho-hang\/?utm_source=Home&#038;utm_medium=Referral&#038;utm_campaign=211Resources&#038;utm_content=Kinship\" target=\"_self\">h\u1ecd h\u00e0ng<\/a><\/h4>\n\t\t\t\t<a href=\"\/vi\/tai-nguyen\/gia-dinh-tre-em\/quan-he-ho-hang\/?utm_source=Home&#038;utm_medium=Referral&#038;utm_campaign=211Resources&#038;utm_content=Kinship\"  target=\"_self\" itemprop=\"url\">\n\t\t\t\t<img decoding=\"async\" src=\"https:\/\/211md.org\/wp-content\/uploads\/bb-plugin\/cache\/2025_211_Icon-Sets_Kinship-square-45bdf872866f5735f842c32071109267-.png\" alt=\"Bi\u1ec3u t\u01b0\u1ee3ng h\u1ecd h\u00e0ng\" itemprop=\"image\" height=\"417\" width=\"417\" title=\"2025_211_B\u1ed9 bi\u1ec3u t\u01b0\u1ee3ng_Quan h\u1ec7 h\u1ecd h\u00e0ng\" onerror=\"this.style.display='none'\" loading=\"lazy\" \/>\n\t\t\t\t<\/a>\n\t\t<h4><a href=\"\/vi\/tai-nguyen\/dich-vu-phap-ly\/?utm_source=Home&#038;utm_medium=Referral&#038;utm_campaign=211Resources&#038;utm_content=Legal\" target=\"_self\">D\u1ecbch v\u1ee5 ph\u00e1p l\u00fd<\/a><\/h4>\n\t\t\t\t<a href=\"\/vi\/tai-nguyen\/dich-vu-phap-ly\/?utm_source=Home&#038;utm_medium=Referral&#038;utm_campaign=211Resources&#038;utm_content=Legal\"  target=\"_self\" itemprop=\"url\">\n\t\t\t\t<img decoding=\"async\" src=\"https:\/\/211md.org\/wp-content\/uploads\/bb-plugin\/cache\/2025_MdInfoNet_Icon-Sets_Legal-square-18fdf438feb8435588174d9046463257-.png\" alt=\"\" itemprop=\"image\" onerror=\"this.style.display='none'\" loading=\"lazy\" \/>\n\t\t\t\t<\/a>\n\t\t<h4><a href=\"\/vi\/tai-nguyen\/suc-khoe-tinh-than\/?utm_source=Home&#038;utm_medium=Referral&#038;utm_campaign=211Resources&#038;utm_content=Mental\" target=\"_self\">S\u1ee9c kh\u1ecfe tinh th\u1ea7n<\/a><\/h4>\n\t\t\t\t<a href=\"\/vi\/tai-nguyen\/suc-khoe-tinh-than\/?utm_source=Home&#038;utm_medium=Referral&#038;utm_campaign=211Resources&#038;utm_content=Mental\"  target=\"_self\" itemprop=\"url\">\n\t\t\t\t<img decoding=\"async\" src=\"https:\/\/211md.org\/wp-content\/uploads\/bb-plugin\/cache\/2025_MdInfoNet_Icon-Sets_Mental-Health-square-c59b38c4a993a947d4c9280fbe2d2fee-.png\" alt=\"\" itemprop=\"image\" onerror=\"this.style.display='none'\" loading=\"lazy\" \/>\n\t\t\t\t<\/a>\n\t\t<h4><a href=\"\/vi\/tai-nguyen\/mdreentry\/?utm_source=Home&#038;utm_medium=Referral&#038;utm_campaign=211Resources&#038;utm_content=Reentry\" target=\"_self\">V\u00e0o l\u1ea1i<\/a><\/h4>\n\t\t\t\t<a href=\"\/vi\/tai-nguyen\/mdreentry\/?utm_source=Home&#038;utm_medium=Referral&#038;utm_campaign=211Resources&#038;utm_content=Reentry\"  target=\"_self\" itemprop=\"url\">\n\t\t\t\t<img decoding=\"async\" src=\"https:\/\/211md.org\/wp-content\/uploads\/bb-plugin\/cache\/2025_211_Icon-Sets_Reentry-square-8676fea38abd920a832f45642fe31cca-.png\" alt=\"Bi\u1ec3u t\u01b0\u1ee3ng nh\u1eadp l\u1ea1i\" itemprop=\"image\" height=\"417\" width=\"417\" title=\"2025_211_B\u1ed9 bi\u1ec3u t\u01b0\u1ee3ng_Nh\u1eadp l\u1ea1i\" onerror=\"this.style.display='none'\" loading=\"lazy\" \/>\n\t\t\t\t<\/a>\n\t\t<h4><a href=\"\/vi\/tai-nguyen\/su-dung-chat-kich-thich\/?utm_source=Home&#038;utm_medium=Referral&#038;utm_campaign=211Resources&#038;utm_content=Substance\" target=\"_self\">S\u1eed d\u1ee5ng ch\u1ea5t k\u00edch th\u00edch<\/a><\/h4>\n\t\t\t\t<a href=\"\/vi\/tai-nguyen\/su-dung-chat-kich-thich\/?utm_source=Home&#038;utm_medium=Referral&#038;utm_campaign=211Resources&#038;utm_content=Substance\"  target=\"_self\" itemprop=\"url\">\n\t\t\t\t<img decoding=\"async\" src=\"https:\/\/211md.org\/wp-content\/uploads\/bb-plugin\/cache\/2025_MdInfoNet_Icon-Sets_Substance-Abuse-square-9022fec9d18a64118ad685c101885b55-.png\" alt=\"\" itemprop=\"image\" onerror=\"this.style.display='none'\" loading=\"lazy\" \/>\n\t\t\t\t<\/a>\n\t\t<h4><a href=\"\/vi\/tai-nguyen\/cuu-chien-binh\/?utm_source=Home&#038;utm_medium=Referral&#038;utm_campaign=211Resources&#038;utm_content=Veterans\" target=\"_self\">c\u1ef1u chi\u1ebfn binh<\/a><\/h4>\n\t\t\t\t<a href=\"\/vi\/tai-nguyen\/cuu-chien-binh\/?utm_source=Home&#038;utm_medium=Referral&#038;utm_campaign=211Resources&#038;utm_content=Veterans\"  target=\"_self\" itemprop=\"url\">\n\t\t\t\t<img decoding=\"async\" src=\"https:\/\/211md.org\/wp-content\/uploads\/bb-plugin\/cache\/2025_MdInfoNet_Icon-Sets_Rating-square-6e60d00cce4faa8e0a6d4ad7366aa733-.png\" alt=\"\" itemprop=\"image\" onerror=\"this.style.display='none'\" loading=\"lazy\" \/>\n\t\t\t\t<\/a>","protected":false},"excerpt":{"rendered":"<p>Are you a Veteran and in need of a job? Several programs are available to assist Veterans with job training by emphasizing and building on existing skills, learning new skills, and recognizing special needs or accommodations as a Veteran. Get Started Veteran Employment Readiness For Veterans transitioning from military to civilian jobs, employment-readiness programs can&hellip;<\/p>","protected":false},"author":8,"featured_media":1812,"parent":958,"menu_order":0,"comment_status":"closed","ping_status":"closed","template":"","meta":{"footnotes":""},"class_list":["post-1095","page","type-page","status-publish","has-post-thumbnail","hentry"],"_links":{"self":[{"href":"https:\/\/211md.org\/vi\/wp-json\/wp\/v2\/pages\/1095","targetHints":{"allow":["GET"]}}],"collection":[{"href":"https:\/\/211md.org\/vi\/wp-json\/wp\/v2\/pages"}],"about":[{"href":"https:\/\/211md.org\/vi\/wp-json\/wp\/v2\/types\/page"}],"author":[{"embeddable":true,"href":"https:\/\/211md.org\/vi\/wp-json\/wp\/v2\/users\/8"}],"replies":[{"embeddable":true,"href":"https:\/\/211md.org\/vi\/wp-json\/wp\/v2\/comments?post=1095"}],"version-history":[{"count":3,"href":"https:\/\/211md.org\/vi\/wp-json\/wp\/v2\/pages\/1095\/revisions"}],"predecessor-version":[{"id":34225,"href":"https:\/\/211md.org\/vi\/wp-json\/wp\/v2\/pages\/1095\/revisions\/34225"}],"up":[{"embeddable":true,"href":"https:\/\/211md.org\/vi\/wp-json\/wp\/v2\/pages\/958"}],"wp:featuredmedia":[{"embeddable":true,"href":"https:\/\/211md.org\/vi\/wp-json\/wp\/v2\/media\/1812"}],"wp:attachment":[{"href":"https:\/\/211md.org\/vi\/wp-json\/wp\/v2\/media?parent=1095"}],"curies":[{"name":"wp","href":"https:\/\/api.w.org\/{rel}","templated":true}]}}