{"id":1101,"date":"2021-04-19T13:44:38","date_gmt":"2021-04-19T13:44:38","guid":{"rendered":"https:\/\/211md.org\/?page_id=1101"},"modified":"2025-11-11T11:55:57","modified_gmt":"2025-11-11T16:55:57","slug":"va-yet-bench-2","status":"publish","type":"page","link":"https:\/\/211md.org\/vi\/resources\/veterans\/va-medical-benefits\/","title":{"rendered":"Ph\u00fac L\u1ee3i Y T\u1ebf VA"},"content":{"rendered":"<img decoding=\"async\" src=\"https:\/\/stg-maryland211-staging.kinsta.cloud\/wp-content\/uploads\/2025\/08\/5-1-scaled.png\" alt=\"5\" itemprop=\"image\" height=\"692\" width=\"2560\" title=\"5\" onerror=\"this.style.display='none'\" loading=\"lazy\" \/>\n\t\t<p>Many Veterans are eligible to have some or all of their health care provided through the VA system. <\/p>\n<p>C\u00f3 nhi\u1ec1u y\u1ebfu t\u1ed1 quy\u1ebft \u0111\u1ecbnh \u0111\u1ebfn vi\u1ec7c m\u1ed9t ng\u01b0\u1eddi c\u00f3 \u0111\u1ee7 \u0111i\u1ec1u ki\u1ec7n h\u01b0\u1edfng tr\u1ee3 c\u1ea5p y t\u1ebf VA hay kh\u00f4ng. <\/p>\n<p>T\u00ecm hi\u1ec3u v\u1ec1 c\u00e1c ngu\u1ed3n l\u1ef1c c\u00f3 s\u1eb5n \u0111\u1ec3 gi\u00fap m\u1ecdi ng\u01b0\u1eddi trong qu\u00e1 tr\u00ecnh \u0111\u00f3.\u00a0<\/p>\n<p>Dial 211 to connect with someone who can find Veteran resources in your community.<\/p>\n\t\t\t<a href=\"#start\" target=\"_self\">\n\t\t\t\t\t\tB\u1eaft \u0111\u1ea7u\n\t\t\t\t\t<\/a>\n\t\t\t\t<img decoding=\"async\" src=\"https:\/\/211md.org\/wp-content\/plugins\/bb-plugin\/img\/pixel.png\" alt=\"\" itemprop=\"image\" onerror=\"this.style.display='none'\" loading=\"lazy\" \/>\n\t\t\t\t<img decoding=\"async\" src=\"https:\/\/stg-maryland211-staging.kinsta.cloud\/wp-content\/uploads\/2025\/08\/16.png\" alt=\"16\" itemprop=\"image\" height=\"1000\" width=\"1000\" title=\"16\" onerror=\"this.style.display='none'\" loading=\"lazy\" \/>\n\t\t\t\t<img decoding=\"async\" src=\"http:\/\/211md.org\/wp-content\/uploads\/2021\/05\/Veterans-Signing-Papers.png\" alt=\"C\u1ef1u chi\u1ebfn binh vi\u1ebft tr\u00ean m\u1ed9t t\u1edd gi\u1ea5y\" itemprop=\"image\" title=\"C\u1ef1u chi\u1ebfn binh k\u00fd gi\u1ea5y t\u1edd\" onerror=\"this.style.display='none'\" loading=\"lazy\" \/>\n\t<h2>Nh\u1eefng g\u00ec VA cung c\u1ea5p<\/h2>\n<p>VA c\u00f3 m\u1ed9t m\u1ea1ng l\u01b0\u1edbi c\u00e1c ph\u00f2ng kh\u00e1m ngo\u1ea1i tr\u00fa thu\u1eadn ti\u1ec7n, d\u1ef1a v\u00e0o c\u1ed9ng \u0111\u1ed3ng \u0111\u01b0\u1ee3c thi\u1ebft k\u1ebf \u0111\u1ec3 cung c\u1ea5p c\u00e1c d\u1ecbch v\u1ee5 ch\u0103m s\u00f3c s\u1ee9c kh\u1ecfe kh\u00e1c nhau cho C\u1ef1u chi\u1ebfn binh. Nhi\u1ec1u ph\u00f2ng kh\u00e1m trong s\u1ed1 n\u00e0y cung c\u1ea5p c\u00e1c d\u1ecbch v\u1ee5 ch\u0103m s\u00f3c ban \u0111\u1ea7u, y t\u1ebf d\u1ef1 ph\u00f2ng, gi\u00e1o d\u1ee5c s\u1ee9c kh\u1ecfe, s\u00e0ng l\u1ecdc y t\u1ebf v\u00e0 gi\u1edbi thi\u1ec7u ch\u0103m s\u00f3c n\u1ed9i tr\u00fa v\u00e0 ch\u0103m s\u00f3c \u0111\u1eb7c bi\u1ec7t.\u00a0<\/p>\n<p>M\u1eb7c d\u00f9 c\u00e1c l\u1ee3i \u00edch c\u00f3 th\u1ec3 kh\u00e1c nhau t\u00f9y thu\u1ed9c v\u00e0o nhi\u1ec1u y\u1ebfu t\u1ed1, nh\u01b0ng m\u1ed9t s\u1ed1 d\u1ecbch v\u1ee5 ch\u0103m s\u00f3c s\u1ee9c kh\u1ecfe t\u1ed5ng qu\u00e1t th\u01b0\u1eddng do VA cung c\u1ea5p bao g\u1ed3m:\u00a0<\/p>\n<ul>\n<li>Ch\u0103m s\u00f3c b\u1ec7nh nh\u00e2n n\u1ed9i tr\u00fa\u00a0<\/li>\n<li>D\u1ecbch v\u1ee5 ph\u00f2ng c\u1ea5p c\u1ee9u\u00a0<\/li>\n<li>B\u1ec7nh vi\u1ec7n ngo\u1ea1i tr\u00fa v\u00e0 d\u1ecbch v\u1ee5 b\u00e1c s\u0129\u00a0<\/li>\n<li>D\u1ecbch v\u1ee5 s\u1ee9c kh\u1ecfe t\u00e2m th\u1ea7n v\u00e0 l\u1ea1m d\u1ee5ng d\u01b0\u1ee3c ch\u1ea5t\u00a0<\/li>\n<li>Ch\u0103m s\u00f3c ph\u00f2ng ng\u1eeba v\u00e0 s\u00e0ng l\u1ecdc y t\u1ebf\u00a0<\/li>\n<li>V\u1eadt t\u01b0 y t\u1ebf\u00a0<\/li>\n<li>thu\u1ed1c theo toa\u00a0<\/li>\n<\/ul>\n\t<h2><b>T\u00ecm C\u01a1 s\u1edf Ch\u0103m s\u00f3c S\u1ee9c kh\u1ecfe VA<\/b>\u00a0<\/h2>\n<p>C\u1ef1u chi\u1ebfn binh Maryland c\u00f3 th\u1ec3 truy c\u1eadp<a href=\"https:\/\/va.gov\/directory\/guide\/state.asp?dnum=ALL&amp;STATE=MD\" target=\"_blank\" rel=\"noopener\">C\u01a1 s\u1edf ch\u0103m s\u00f3c s\u1ee9c kh\u1ecfe VA<\/a>ho\u1eb7c g\u1ecdi m\u1ed9t trong c\u00e1c s\u1ed1 sau \u0111\u00e2y \u0111\u1ec3 bi\u1ebft \u0111\u1ee7 \u0111i\u1ec1u ki\u1ec7n v\u00e0 \u0111\u0103ng k\u00fd, t\u00f9y thu\u1ed9c v\u00e0o n\u01a1i b\u1ea1n sinh s\u1ed1ng:\u00a0<\/p>\n<p>\u0110\u1ec3 bi\u1ebft th\u00f4ng tin v\u1ec1 \u0111\u0103ng k\u00fd ch\u0103m s\u00f3c s\u1ee9c kh\u1ecfe VA Hoa K\u1ef3 v\u00e0 \u0111\u1ee7 \u0111i\u1ec1u ki\u1ec7n, h\u00e3y li\u00ean h\u1ec7:\u00a0<\/p>\n<ul>\n<li data-leveltext=\"\uf0b7\" data-font=\"Symbol\" data-listid=\"1\" aria-setsize=\"-1\" data-aria-posinset=\"1\" data-aria-level=\"1\">Trung t\u00e2m Maryland\/B\u1edd bi\u1ec3n ph\u00eda \u0110\u00f4ng:\u00a0<a href=\"https:\/\/www.maryland.va.gov\/\" target=\"_blank\" rel=\"noopener\">H\u1ec7 th\u1ed1ng Ch\u0103m s\u00f3c S\u1ee9c kh\u1ecfe VA Maryland<\/a>\u00a0(Baltimore, Perry Point, Loch Raven), \u0110\u1ee7 \u0111i\u1ec1u ki\u1ec7n v\u00e0 \u0110\u0103ng k\u00fd, 1-800-463-6295, ext. 7324\u00a0<\/li>\n<li data-leveltext=\"\uf0b7\" data-font=\"Symbol\" data-listid=\"1\" aria-setsize=\"-1\" data-aria-posinset=\"2\" data-aria-level=\"1\">T\u00e2y Maryland:\u00a0<a href=\"https:\/\/www.martinsburg.va.gov\/\" target=\"_blank\" rel=\"noopener\">Trung t\u00e2m Y t\u1ebf Martinsburg VA<\/a>, \u0110\u1ee7 \u0111i\u1ec1u ki\u1ec7n v\u00e0 \u0110\u0103ng k\u00fd, 304-263-0811, ext. 3758 ho\u1eb7c 800-817-3807\u00a0<\/li>\n<li data-leveltext=\"\uf0b7\" data-font=\"Symbol\" data-listid=\"1\" aria-setsize=\"-1\" data-aria-posinset=\"3\" data-aria-level=\"1\">Qu\u1eadn Montgomery &amp; Qu\u1eadn Prince George\/Nam Maryland\u00a0<a href=\"https:\/\/www.washingtondc.va.gov\/\" target=\"_blank\" rel=\"noopener\">Trung t\u00e2m Y t\u1ebf Washington DC VA<\/a>, \u0110\u1ee7 \u0111i\u1ec1u ki\u1ec7n v\u00e0 Ghi danh, 202-745-8251\u00a0<\/li>\n<\/ul>\n<p>B\u1ea1n c\u0169ng c\u00f3 th\u1ec3 t\u00ecm c\u00e1c ph\u00f2ng kh\u00e1m ngo\u1ea1i tr\u00fa d\u00e0nh cho C\u1ef1u chi\u1ebfn binh trong c\u01a1 s\u1edf d\u1eef li\u1ec7u 211.\u00a0<a href=\"https:\/\/search.211md.org\/search?query=LN-9000&amp;query_type=taxonomy&amp;query_label=&amp;query_language=en\" target=\"_blank\" rel=\"noopener\">T\u00ecm m\u1ed9t ng\u01b0\u1eddi g\u1ea7n b\u1ea1n<\/a>.\u00a0<\/p>\n<h2>\n\t\t\tth\u00f4ng tin li\u00ean quan \u0111\u1ebfn c\u1ef1u chi\u1ebfn binh\t<\/h2>\n\t\t\t\t<img decoding=\"async\" src=\"https:\/\/211md.org\/wp-content\/plugins\/bb-plugin\/img\/pixel.png\" alt=\"\" itemprop=\"image\" onerror=\"this.style.display='none'\" loading=\"lazy\" \/>\n\t\t\t\t<img decoding=\"async\" src=\"https:\/\/211md.org\/wp-content\/uploads\/bb-plugin\/cache\/Call-center-specialst-circle-4e9ecd7b3425be4576416abc911049bb-.jpg\" alt=\"Chuy\u00ean gia trung t\u00e2m cu\u1ed9c g\u1ecdi\" itemprop=\"image\" title=\"Trung t\u00e2m cu\u1ed9c g\u1ecdi \u0111\u1eb7c bi\u1ec7t\" onerror=\"this.style.display='none'\" loading=\"lazy\" \/>\n<h2>Quay s\u1ed1 211<\/h2><p>H\u00e3y tr\u00f2 chuy\u1ec7n v\u1edbi m\u1ed9t ng\u01b0\u1eddi chu \u0111\u00e1o v\u00e0 gi\u00e0u l\u00f2ng tr\u1eafc \u1ea9n 24\/7. H\u1ecd c\u0169ng c\u00f3 th\u1ec3 k\u1ebft n\u1ed1i b\u1ea1n v\u1edbi c\u00e1c ngu\u1ed3n l\u1ef1c.\u00a0<\/p>\n\t\t\t<a href=\"tel:%20+211\" target=\"_blank\" rel=\"noopener\">\n\t\t\t\t\t\tQuay s\u1ed1 211 (di \u0111\u1ed9ng)\n\t\t\t\t\t<\/a>\n\t\t<h4><a href=\"\/vi\/tai-nguyen\/lao-hoa-khuyet-tat\/?utm_source=Home&#038;utm_medium=Referral&#038;utm_campaign=211Resources&#038;utm_content=Aging\" target=\"_self\">L\u00e3o h\u00f3a &amp; Khuy\u1ebft t\u1eadt<\/a><\/h4>\n\t\t\t\t<a href=\"\/vi\/tai-nguyen\/lao-hoa-khuyet-tat\/?utm_source=Home&#038;utm_medium=Referral&#038;utm_campaign=211Resources&#038;utm_content=Aging\"  target=\"_self\" itemprop=\"url\">\n\t\t\t\t<img decoding=\"async\" src=\"https:\/\/211md.org\/wp-content\/uploads\/bb-plugin\/cache\/2025_MdInfoNet_Icon-Sets_Aging-disability-square-c466727102cae71e5f27b8539bb51945-.png\" alt=\"\" itemprop=\"image\" onerror=\"this.style.display='none'\" loading=\"lazy\" \/>\n\t\t\t\t<\/a>\n\t\t<h4><a href=\"\/vi\/tai-nguyen\/gia-dinh-tre-em\/?utm_source=Home&#038;utm_medium=Referral&#038;utm_campaign=211Resources&#038;utm_content=Children\" target=\"_self\">Tr\u1ebb em &amp; Gia \u0111\u00ecnh<\/a><\/h4>\n\t\t\t\t<a href=\"\/vi\/tai-nguyen\/gia-dinh-tre-em\/?utm_source=Home&#038;utm_medium=Referral&#038;utm_campaign=211Resources&#038;utm_content=Children\"  target=\"_self\" itemprop=\"url\">\n\t\t\t\t<img decoding=\"async\" src=\"https:\/\/211md.org\/wp-content\/uploads\/bb-plugin\/cache\/2025_211_Icon-Sets_Child-care-square-f3b0d4edab3dcc467fadb5f55f4064c6-.png\" alt=\"2025_211_B\u1ed9 bi\u1ec3u t\u01b0\u1ee3ng_Ch\u0103m s\u00f3c tr\u1ebb em\" itemprop=\"image\" height=\"417\" width=\"417\" title=\"2025_211_B\u1ed9 bi\u1ec3u t\u01b0\u1ee3ng_Ch\u0103m s\u00f3c tr\u1ebb em\" onerror=\"this.style.display='none'\" loading=\"lazy\" \/>\n\t\t\t\t<\/a>\n\t\t<h4><a href=\"\/vi\/tai-nguyen\/gia-dinh-bao-luc\/?utm_source=Home&#038;utm_medium=Referral&#038;utm_campaign=211Resources&#038;utm_content=Domestic\" target=\"_self\">B\u1ea1o l\u1ef1c gia \u0111\u00ecnh<\/a><\/h4>\n\t\t\t\t<a href=\"\/vi\/tai-nguyen\/gia-dinh-bao-luc\/?utm_source=Home&#038;utm_medium=Referral&#038;utm_campaign=211Resources&#038;utm_content=Domestic\"  target=\"_self\" itemprop=\"url\">\n\t\t\t\t<img decoding=\"async\" src=\"https:\/\/211md.org\/wp-content\/uploads\/bb-plugin\/cache\/2025_211_Icon-Sets_Domestic-Violence-square-7b597694a6f05fe90cdc376aa573bc63-.png\" alt=\"Bi\u1ec3u t\u01b0\u1ee3ng b\u1ea1o l\u1ef1c gia \u0111\u00ecnh\" itemprop=\"image\" height=\"417\" width=\"417\" title=\"2025_211_B\u1ed9 bi\u1ec3u t\u01b0\u1ee3ng_B\u1ea1o l\u1ef1c gia \u0111\u00ecnh\" onerror=\"this.style.display='none'\" loading=\"lazy\" \/>\n\t\t\t\t<\/a>\n\t\t<h4><a href=\"\/vi\/tai-nguyen\/tim-kiem-viec-lam\/?utm_source=Home&#038;utm_medium=Referral&#038;utm_campaign=211Resources&#038;utm_content=Employment\" target=\"_self\">Thu\u00ea ng\u01b0\u1eddi l\u00e0m<\/a><\/h4>\n\t\t\t\t<a href=\"\/vi\/tai-nguyen\/tim-kiem-viec-lam\/?utm_source=Home&#038;utm_medium=Referral&#038;utm_campaign=211Resources&#038;utm_content=Employment\"  target=\"_self\" itemprop=\"url\">\n\t\t\t\t<img decoding=\"async\" src=\"https:\/\/211md.org\/wp-content\/uploads\/bb-plugin\/cache\/2025_MdInfoNet_Icon-Sets_Employment-square-44707bd410e4df10a470bf130ebcea86-.png\" alt=\"\" itemprop=\"image\" onerror=\"this.style.display='none'\" loading=\"lazy\" \/>\n\t\t\t\t<\/a>\n\t\t<h4><a href=\"\/vi\/tai-nguyen\/cham-soc-suc-khoe\/?utm_source=Home&#038;utm_medium=Referral&#038;utm_campaign=211Resources&#038;utm_content=Health%20Care\" target=\"_self\">Ch\u0103m s\u00f3c s\u1ee9c kh\u1ecfe<\/a><\/h4>\n\t\t\t\t<a href=\"\/vi\/tai-nguyen\/cham-soc-suc-khoe\/?utm_source=Home&#038;utm_medium=Referral&#038;utm_campaign=211Resources&#038;utm_content=Health%20Care\"  target=\"_self\" itemprop=\"url\">\n\t\t\t\t<img decoding=\"async\" src=\"https:\/\/211md.org\/wp-content\/uploads\/bb-plugin\/cache\/2025_MdInfoNet_Icon-Sets_Health-Care-square-dee98a0060cbe0e7f27eda253fc12679-.png\" alt=\"\" itemprop=\"image\" onerror=\"this.style.display='none'\" loading=\"lazy\" \/>\n\t\t\t\t<\/a>\n\t\t<h4><a href=\"\/vi\/tai-nguyen\/gia-dinh-tre-em\/quan-he-ho-hang\/?utm_source=Home&#038;utm_medium=Referral&#038;utm_campaign=211Resources&#038;utm_content=Kinship\" target=\"_self\">h\u1ecd h\u00e0ng<\/a><\/h4>\n\t\t\t\t<a href=\"\/vi\/tai-nguyen\/gia-dinh-tre-em\/quan-he-ho-hang\/?utm_source=Home&#038;utm_medium=Referral&#038;utm_campaign=211Resources&#038;utm_content=Kinship\"  target=\"_self\" itemprop=\"url\">\n\t\t\t\t<img decoding=\"async\" src=\"https:\/\/211md.org\/wp-content\/uploads\/bb-plugin\/cache\/2025_211_Icon-Sets_Kinship-square-45bdf872866f5735f842c32071109267-.png\" alt=\"Bi\u1ec3u t\u01b0\u1ee3ng h\u1ecd h\u00e0ng\" itemprop=\"image\" height=\"417\" width=\"417\" title=\"2025_211_B\u1ed9 bi\u1ec3u t\u01b0\u1ee3ng_Quan h\u1ec7 h\u1ecd h\u00e0ng\" onerror=\"this.style.display='none'\" loading=\"lazy\" \/>\n\t\t\t\t<\/a>\n\t\t<h4><a href=\"\/vi\/tai-nguyen\/dich-vu-phap-ly\/?utm_source=Home&#038;utm_medium=Referral&#038;utm_campaign=211Resources&#038;utm_content=Legal\" target=\"_self\">D\u1ecbch v\u1ee5 ph\u00e1p l\u00fd<\/a><\/h4>\n\t\t\t\t<a href=\"\/vi\/tai-nguyen\/dich-vu-phap-ly\/?utm_source=Home&#038;utm_medium=Referral&#038;utm_campaign=211Resources&#038;utm_content=Legal\"  target=\"_self\" itemprop=\"url\">\n\t\t\t\t<img decoding=\"async\" src=\"https:\/\/211md.org\/wp-content\/uploads\/bb-plugin\/cache\/2025_MdInfoNet_Icon-Sets_Legal-square-18fdf438feb8435588174d9046463257-.png\" alt=\"\" itemprop=\"image\" onerror=\"this.style.display='none'\" loading=\"lazy\" \/>\n\t\t\t\t<\/a>\n\t\t<h4><a href=\"\/vi\/tai-nguyen\/suc-khoe-tinh-than\/?utm_source=Home&#038;utm_medium=Referral&#038;utm_campaign=211Resources&#038;utm_content=Mental\" target=\"_self\">S\u1ee9c kh\u1ecfe tinh th\u1ea7n<\/a><\/h4>\n\t\t\t\t<a href=\"\/vi\/tai-nguyen\/suc-khoe-tinh-than\/?utm_source=Home&#038;utm_medium=Referral&#038;utm_campaign=211Resources&#038;utm_content=Mental\"  target=\"_self\" itemprop=\"url\">\n\t\t\t\t<img decoding=\"async\" src=\"https:\/\/211md.org\/wp-content\/uploads\/bb-plugin\/cache\/2025_MdInfoNet_Icon-Sets_Mental-Health-square-c59b38c4a993a947d4c9280fbe2d2fee-.png\" alt=\"\" itemprop=\"image\" onerror=\"this.style.display='none'\" loading=\"lazy\" \/>\n\t\t\t\t<\/a>\n\t\t<h4><a href=\"\/vi\/tai-nguyen\/mdreentry\/?utm_source=Home&#038;utm_medium=Referral&#038;utm_campaign=211Resources&#038;utm_content=Reentry\" target=\"_self\">V\u00e0o l\u1ea1i<\/a><\/h4>\n\t\t\t\t<a href=\"\/vi\/tai-nguyen\/mdreentry\/?utm_source=Home&#038;utm_medium=Referral&#038;utm_campaign=211Resources&#038;utm_content=Reentry\"  target=\"_self\" itemprop=\"url\">\n\t\t\t\t<img decoding=\"async\" src=\"https:\/\/211md.org\/wp-content\/uploads\/bb-plugin\/cache\/2025_211_Icon-Sets_Reentry-square-8676fea38abd920a832f45642fe31cca-.png\" alt=\"Bi\u1ec3u t\u01b0\u1ee3ng nh\u1eadp l\u1ea1i\" itemprop=\"image\" height=\"417\" width=\"417\" title=\"2025_211_B\u1ed9 bi\u1ec3u t\u01b0\u1ee3ng_Nh\u1eadp l\u1ea1i\" onerror=\"this.style.display='none'\" loading=\"lazy\" \/>\n\t\t\t\t<\/a>\n\t\t<h4><a href=\"\/vi\/tai-nguyen\/su-dung-chat-kich-thich\/?utm_source=Home&#038;utm_medium=Referral&#038;utm_campaign=211Resources&#038;utm_content=Substance\" target=\"_self\">S\u1eed d\u1ee5ng ch\u1ea5t k\u00edch th\u00edch<\/a><\/h4>\n\t\t\t\t<a href=\"\/vi\/tai-nguyen\/su-dung-chat-kich-thich\/?utm_source=Home&#038;utm_medium=Referral&#038;utm_campaign=211Resources&#038;utm_content=Substance\"  target=\"_self\" itemprop=\"url\">\n\t\t\t\t<img decoding=\"async\" src=\"https:\/\/211md.org\/wp-content\/uploads\/bb-plugin\/cache\/2025_MdInfoNet_Icon-Sets_Substance-Abuse-square-9022fec9d18a64118ad685c101885b55-.png\" alt=\"\" itemprop=\"image\" onerror=\"this.style.display='none'\" loading=\"lazy\" \/>\n\t\t\t\t<\/a>\n\t\t<h4><a href=\"\/vi\/tai-nguyen\/cuu-chien-binh\/?utm_source=Home&#038;utm_medium=Referral&#038;utm_campaign=211Resources&#038;utm_content=Veterans\" target=\"_self\">c\u1ef1u chi\u1ebfn binh<\/a><\/h4>\n\t\t\t\t<a href=\"\/vi\/tai-nguyen\/cuu-chien-binh\/?utm_source=Home&#038;utm_medium=Referral&#038;utm_campaign=211Resources&#038;utm_content=Veterans\"  target=\"_self\" itemprop=\"url\">\n\t\t\t\t<img decoding=\"async\" src=\"https:\/\/211md.org\/wp-content\/uploads\/bb-plugin\/cache\/2025_MdInfoNet_Icon-Sets_Rating-square-6e60d00cce4faa8e0a6d4ad7366aa733-.png\" alt=\"\" itemprop=\"image\" onerror=\"this.style.display='none'\" loading=\"lazy\" \/>\n\t\t\t\t<\/a>","protected":false},"excerpt":{"rendered":"<p>Many Veterans are eligible to have some or all of their health care provided through the VA system. Many factors go into determining someone&#8217;s eligibility for VA health benefits. Learn about the resources available to help people in that process.\u00a0 Dial 211 to connect with someone who can find Veteran resources in your community. Get&hellip;<\/p>","protected":false},"author":8,"featured_media":2066,"parent":958,"menu_order":0,"comment_status":"closed","ping_status":"closed","template":"","meta":{"footnotes":""},"class_list":["post-1101","page","type-page","status-publish","has-post-thumbnail","hentry"],"_links":{"self":[{"href":"https:\/\/211md.org\/vi\/wp-json\/wp\/v2\/pages\/1101","targetHints":{"allow":["GET"]}}],"collection":[{"href":"https:\/\/211md.org\/vi\/wp-json\/wp\/v2\/pages"}],"about":[{"href":"https:\/\/211md.org\/vi\/wp-json\/wp\/v2\/types\/page"}],"author":[{"embeddable":true,"href":"https:\/\/211md.org\/vi\/wp-json\/wp\/v2\/users\/8"}],"replies":[{"embeddable":true,"href":"https:\/\/211md.org\/vi\/wp-json\/wp\/v2\/comments?post=1101"}],"version-history":[{"count":4,"href":"https:\/\/211md.org\/vi\/wp-json\/wp\/v2\/pages\/1101\/revisions"}],"predecessor-version":[{"id":34224,"href":"https:\/\/211md.org\/vi\/wp-json\/wp\/v2\/pages\/1101\/revisions\/34224"}],"up":[{"embeddable":true,"href":"https:\/\/211md.org\/vi\/wp-json\/wp\/v2\/pages\/958"}],"wp:featuredmedia":[{"embeddable":true,"href":"https:\/\/211md.org\/vi\/wp-json\/wp\/v2\/media\/2066"}],"wp:attachment":[{"href":"https:\/\/211md.org\/vi\/wp-json\/wp\/v2\/media?parent=1101"}],"curies":[{"name":"wp","href":"https:\/\/api.w.org\/{rel}","templated":true}]}}