{"id":1103,"date":"2021-04-19T14:37:20","date_gmt":"2021-04-19T14:37:20","guid":{"rendered":"https:\/\/211md.org\/?page_id=1103"},"modified":"2025-11-11T13:49:26","modified_gmt":"2025-11-11T18:49:26","slug":"cham-soc-nha-khoa","status":"publish","type":"page","link":"https:\/\/211md.org\/vi\/resources\/health-care\/dental-care\/","title":{"rendered":"Find Dental Clinics in Maryland"},"content":{"rendered":"<img decoding=\"async\" src=\"https:\/\/stg-maryland211-staging.kinsta.cloud\/wp-content\/uploads\/2025\/08\/5-1-scaled.png\" alt=\"5\" itemprop=\"image\" height=\"692\" width=\"2560\" title=\"5\" onerror=\"this.style.display='none'\" loading=\"lazy\" \/>\n\t\t<p>B\u1ea1n c\u00f3 c\u1ea7n ch\u0103m s\u00f3c r\u0103ng mi\u1ec7ng kh\u00f4ng? C\u00e1c ph\u00f2ng kh\u00e1m nha khoa mi\u1ec5n ph\u00ed v\u00e0 chi ph\u00ed th\u1ea5p c\u00f3 th\u1ec3 l\u00e0 m\u1ed9t l\u1ef1a ch\u1ecdn n\u1ebfu b\u1ea1n c\u1ea7n ch\u0103m s\u00f3c nha khoa v\u00e0 kh\u00f4ng c\u00f3 b\u1ea3o hi\u1ec3m. Phi\u1ebfu qu\u00e0 t\u1eb7ng c\u0169ng c\u00f3 th\u1ec3 \u0111\u01b0\u1ee3c cung c\u1ea5p \u0111\u1ec3 gi\u1ea3m chi ph\u00ed ch\u0103m s\u00f3c t\u1ea1i v\u0103n ph\u00f2ng nha s\u0129 t\u01b0 nh\u00e2n.<\/p>\n\t\t\t<a href=\"#start\" target=\"_self\">\n\t\t\t\t\t\tB\u1eaft \u0111\u1ea7u\n\t\t\t\t\t<\/a>\n\t\t\t\t<img decoding=\"async\" src=\"https:\/\/211md.org\/wp-content\/plugins\/bb-plugin\/img\/pixel.png\" alt=\"\" itemprop=\"image\" onerror=\"this.style.display='none'\" loading=\"lazy\" \/>\n\t\t\t\t<img decoding=\"async\" src=\"https:\/\/stg-maryland211-staging.kinsta.cloud\/wp-content\/uploads\/2025\/08\/16.png\" alt=\"16\" itemprop=\"image\" height=\"1000\" width=\"1000\" title=\"16\" onerror=\"this.style.display='none'\" loading=\"lazy\" \/>\n\t\t\t\t<img decoding=\"async\" src=\"http:\/\/211md.org\/wp-content\/uploads\/2025\/11\/Dentist-showing-patient-xrays-of-tooth-at-dental-clinic.jpg\" alt=\"Dentist showing patient xrays of tooth at dental clinic\" itemprop=\"image\" title=\"Dentist showing patient xrays of tooth at dental clinic\" onerror=\"this.style.display='none'\" loading=\"lazy\" \/>\n\t<h2>Maryland Medicaid Dental Program<\/h2>\n<p>Eligible full-time Medicaid beneficiaries may be eligible for dental services through the Maryland Healthy Smiles Dental Program.<\/p>\n<p>This program helps eligible Medicaid recipients:<\/p>\n<ul>\n<li>adults aged 21 to 64<\/li>\n<li>children under age 21<\/li>\n<li>former foster care children through age 25<\/li>\n<li>pregnant and postpartum adults through age 21<\/li>\n<\/ul>\n<p>The Maryland Healthy Smiles Dental Program covers:<\/p>\n<ul>\n<li>routine dental checkups and cleaning<\/li>\n<li>fluoride treatments<\/li>\n<li>X-rays<\/li>\n<li>root canals<\/li>\n<li>crowns<\/li>\n<li>extractions<\/li>\n<li>anesthesia<\/li>\n<li>denture adjustments (adults only)<\/li>\n<\/ul>\n<p>For children under 21 years old, the program also covers orthodontics, fluoride, and sealants.<\/p>\n<p>Get more information on the <a href=\"https:\/\/mmcp.health.maryland.gov\/Pages\/maryland-healthy-smiles-dental-program.aspx\" target=\"_blank\" rel=\"noopener\">Ch\u01b0\u01a1ng Tr\u00ecnh Nha Khoa N\u1ee5 C\u01b0\u1eddi Kh\u1ecfe M\u1ea1nh c\u1ee7a Maryland<\/a> or find a <a href=\"https:\/\/mdmwp.sciondental.com\/MWP\/Landing\" target=\"_blank\" rel=\"noopener\">participating Medicaid dentist<\/a>.<\/p>\n\t<h2>Free and low-cost Clinics<\/h2>\n<p>Dental colleges and some health departments offer free and low-cost dental clinics throughout Maryland.<\/p>\n<p>The Dental Hygiene Center at Howard Community College provides affordable dental services, including screenings, X-rays, sealants, non-surgical periodontal treatment, deep cleaning, fluoride treatment, and follow-up care.<\/p>\n<p>The cost is $20 for adults in the community and $10 for children.<\/p>\n<p>The clinic does not provide fillings, extractions, root canals, orthodontics, or other dental treatments. Connect with the <a href=\"https:\/\/www.howardcc.edu\/programs-courses\/academics\/academic-divisions\/health-sciences\/dental-hygiene\/dental-hygiene-center.html\" target=\"_blank\" rel=\"noopener\">Dental Hygiene Center<\/a>.<\/p>\n<p><a href=\"https:\/\/www.allegany.edu\/health-clinics\/dental-hygiene-clinic\/index.html\" target=\"_blank\" rel=\"noopener\">Cao \u0111\u1eb3ng Allegany Maryland<\/a> c\u0169ng cung c\u1ea5p c\u00e1c d\u1ecbch v\u1ee5 nha khoa c\u1ed9ng \u0111\u1ed3ng v\u1edbi chi ph\u00ed th\u1ea5p th\u00f4ng qua Ph\u00f2ng kh\u00e1m V\u1ec7 sinh Nha khoa. Tr\u1ecdng t\u00e2m c\u1ee7a h\u1ecd l\u00e0 ch\u0103m s\u00f3c ph\u00f2ng ng\u1eeba v\u00e0 c\u00f3 s\u1eb5n trong h\u1ecdc k\u1ef3 m\u00f9a thu v\u00e0 m\u00f9a xu\u00e2n.<\/p>\n<p>There are also community dental programs at <a href=\"https:\/\/www.ccbcmd.edu\/Programs-and-Courses\/Schools-and-Academic-Departments\/School-of-Health-Professions\/Dental-Hygiene.aspx\" target=\"_blank\" rel=\"noopener\">Cao \u0111\u1eb3ng c\u1ed9ng \u0111\u1ed3ng h\u1ea1t Baltimore<\/a>, c\u00e1c <a href=\"https:\/\/www.dental.umaryland.edu\/\" target=\"_blank\" rel=\"noopener\">Tr\u01b0\u1eddng Nha khoa \u0110\u1ea1i h\u1ecdc Maryland<\/a>, v\u00e0 <a href=\"https:\/\/www.ccbcmd.edu\/Programs-and-Courses\/Schools-and-Academic-Departments\/School-of-Health-Professions\/Dental-Hygiene.aspx\" target=\"_blank\" rel=\"noopener\">Cao \u0111\u1eb3ng c\u1ed9ng \u0111\u1ed3ng h\u1ea1t Baltimore<\/a>. H\u00e3y li\u00ean h\u1ec7 v\u1edbi tr\u01b0\u1eddng \u0111\u1ea1i h\u1ecdc g\u1ea7n b\u1ea1n \u0111\u1ec3 bi\u1ebft chi ti\u1ebft v\u1ec1 ch\u01b0\u01a1ng tr\u00ecnh.<\/p>\n<h3>Ch\u01b0\u01a1ng tr\u00ecnh nha khoa c\u1ee7a S\u1edf Y t\u1ebf<\/h3>\n<p>Ngo\u00e0i ra c\u00f2n c\u00f3 c\u00e1c ph\u00f2ng kh\u00e1m nha khoa t\u1ea1i m\u1ed9t s\u1ed1 s\u1edf y t\u1ebf qu\u1eadn.<\/p>\n<p>T\u1ea1i Berlin, c\u00e1c <a href=\"https:\/\/www.worcesterhealth.org\/dental-sidebar\" target=\"_blank\" rel=\"noopener\">S\u1edf Y T\u1ebf Qu\u1eadn Worcester<\/a> cung c\u1ea5p d\u1ecbch v\u1ee5 ch\u0103m s\u00f3c cho tr\u1ebb em d\u01b0\u1edbi 21 tu\u1ed5i ho\u1eb7c \u0111ang mang thai v\u00e0 nh\u1eefng tr\u1ebb kh\u00f4ng c\u00f3 b\u1ea3o hi\u1ec3m, b\u1ea3o hi\u1ec3m d\u01b0\u1edbi m\u1ee9c ho\u1eb7c \u0111\u00e3 \u0111\u0103ng k\u00fd v\u00e0o Ch\u01b0\u01a1ng tr\u00ecnh N\u1ee5 c\u01b0\u1eddi Y t\u1ebf Maryland.<\/p>\n<p>C\u00e1c <a href=\"https:\/\/health.baltimorecity.gov\/node\/89\" target=\"_blank\" rel=\"noopener\">S\u1edf Y T\u1ebf Th\u00e0nh Ph\u1ed1 Baltimore<\/a> cung c\u1ea5p d\u1ecbch v\u1ee5 ch\u0103m s\u00f3c nha khoa c\u01a1 b\u1ea3n v\u00e0 kh\u1ea9n c\u1ea5p t\u1ea1i Druid Dental Clinic v\u00e0 Eastern Dental Clinic. C\u00f3 c\u00e1c kho\u1ea3n ph\u00ed li\u00ean quan \u0111\u1ebfn d\u1ecbch v\u1ee5 ch\u0103m s\u00f3c v\u00e0 c\u00e1c ph\u00f2ng kh\u00e1m ch\u1ea5p nh\u1eadn Maryland Health Smiles, h\u1ea7u h\u1ebft c\u00e1c ch\u01b0\u01a1ng tr\u00ecnh H\u1ed7 tr\u1ee3 Y t\u1ebf\/Y t\u1ebf v\u00e0 m\u1ed9t s\u1ed1 ch\u01b0\u01a1ng tr\u00ecnh kh\u00e1c c\u00f3 th\u1ec3 thay \u0111\u1ed5i.<\/p>\n<p>Ngo\u00e0i ra c\u00f2n c\u00f3 m\u1ed9t ph\u00f2ng kh\u00e1m nha khoa nhi t\u1ea1i <a href=\"https:\/\/health.frederickcountymd.gov\/DocumentCenter\/View\/3560\/DENTAL-BrochureEnglish?bidId=\" target=\"_blank\" rel=\"noopener\">S\u1edf Y t\u1ebf Qu\u1eadn Frederick<\/a> cho tr\u1ebb em kh\u00f4ng c\u00f3 b\u1ea3o hi\u1ec3m v\u00e0 nh\u1eefng ng\u01b0\u1eddi c\u00f3 h\u1ed7 tr\u1ee3 y t\u1ebf. B\u1ed9 y t\u1ebf c\u0169ng c\u00f3 phi\u1ebfu kh\u00e1m nha khoa cho ng\u01b0\u1eddi l\u1edbn c\u1ea7n ph\u1eabu thu\u1eadt r\u0103ng mi\u1ec7ng t\u1ea1i b\u00e1c s\u0129 ph\u1eabu thu\u1eadt r\u0103ng mi\u1ec7ng t\u01b0 nh\u00e2n.<\/p>\n<p>\u0110\u00e2y ch\u1ec9 l\u00e0 m\u1ed9t s\u1ed1 ch\u01b0\u01a1ng tr\u00ecnh t\u1ea1i c\u00e1c s\u1edf y t\u1ebf tr\u00ean kh\u1eafp Maryland. Li\u00ean h\u1ec7 v\u1edbi b\u1ed9 ph\u1eadn \u0111\u1ecba ph\u01b0\u01a1ng c\u1ee7a b\u1ea1n \u0111\u1ec3 bi\u1ebft th\u00eam th\u00f4ng tin v\u1ec1 c\u00e1c ph\u00f2ng kh\u00e1m nha khoa v\u00e0 c\u00e1c d\u1ecbch v\u1ee5 gi\u1ea3m chi ph\u00ed, n\u1ebfu c\u00f3 trong c\u1ed9ng \u0111\u1ed3ng.<\/p>\n<h3>Ch\u0103m s\u00f3c r\u0103ng mi\u1ec7ng cho ng\u01b0\u1eddi cao tu\u1ed5i<\/h3>\n<p>T\u1ea1i Qu\u1eadn Frederick, c\u00f3 m\u1ed9t ch\u01b0\u01a1ng tr\u00ecnh h\u1ed7 tr\u1ee3 nha khoa kh\u1ea9n c\u1ea5p cho c\u00e1c v\u1ea5n \u0111\u1ec1 c\u1ea5p c\u1ee9u th\u00f4ng th\u01b0\u1eddng nh\u01b0 nh\u1ed5 r\u0103ng v\u00e0 tr\u00e1m r\u0103ng th\u00f4ng qua <a href=\"https:\/\/thereligiouscoalition.org\/need-help\/healthcare-programs\/\" target=\"_blank\" rel=\"noopener\">Li\u00ean minh t\u00f4n gi\u00e1o v\u00ec nhu c\u1ea7u kh\u1ea9n c\u1ea5p c\u1ee7a con ng\u01b0\u1eddi<\/a>. N\u00f3 ch\u1ec9 d\u00e0nh cho c\u01b0 d\u00e2n Qu\u1eadn Frederick t\u1eeb 51 tu\u1ed5i tr\u1edf l\u00ean.<\/p>\n\t\t\t\t<a href=\"https:\/\/search.211md.org\/\" target=\"_blank\" rel=\"noopener\" itemprop=\"url\">\n\t\t\t\t<img decoding=\"async\" src=\"https:\/\/stg-maryland211-staging.kinsta.cloud\/wp-content\/uploads\/2025\/08\/2025_MdInfoNet_Icon-Sets-white_Locate.png\" alt=\"\" itemprop=\"image\" onerror=\"this.style.display='none'\" loading=\"lazy\" \/>\n\t\t\t\t<\/a>\n<h2><a href=\"https:\/\/search.211md.org\/\" target=\"_blank\" rel=\"noopener\">T\u00ecm t\u00e0i nguy\u00ean ngay<\/a><\/h2><p>T\u00ecm th\u1ea5y <strong>t\u00e0i nguy\u00ean c\u1ed9ng \u0111\u1ed3ng <\/strong>\u0111\u1ec3 t\u00ecm ki\u1ebfm th\u1ef1c ph\u1ea9m, ch\u0103m s\u00f3c s\u1ee9c kh\u1ecfe, nh\u00e0 \u1edf v\u00e0 nhi\u1ec1u th\u00f4ng tin kh\u00e1c trong c\u01a1 s\u1edf d\u1eef li\u1ec7u c\u1ee7a ch\u00fang t\u00f4i. T\u00ecm ki\u1ebfm theo m\u00e3 ZIP.<\/p>\n\t\t\t<a href=\"https:\/\/search.211md.org\/\" target=\"_blank\" rel=\"noopener\">\n\t\t\t\t\t\t\tT\u00ecm ki\u1ebfm ngay b\u00e2y gi\u1edd\n\t\t\t<\/a>\n\t\t\t\t<img decoding=\"async\" src=\"http:\/\/211md.org\/wp-content\/uploads\/2025\/11\/dad-and-daughter-brushing-teeth.jpg\" alt=\"dad and daughter brushing teeth\" itemprop=\"image\" title=\"dad and daughter brushing teeth\" onerror=\"this.style.display='none'\" loading=\"lazy\" \/>\n\t<h3><b>B\u1ea3o hi\u1ec3m nha khoa<\/b><\/h3>\n<p>\u0110\u1ec3 chi tr\u1ea3 cho vi\u1ec7c \u0111i\u1ec1u tr\u1ecb v\u00e0 ch\u0103m s\u00f3c nha khoa c\u01a1 b\u1ea3n, b\u1ea1n c\u00f3 th\u1ec3 mua b\u1ea3o hi\u1ec3m nha khoa trong m\u1ed9t s\u1ef1 ki\u1ec7n \u0111\u1ee7 \u0111i\u1ec1u ki\u1ec7n trong \u0111\u1eddi ho\u1eb7c trong th\u1eddi gian \u0111\u0103ng k\u00fd m\u1edf t\u1eeb ng\u00e0y 1 th\u00e1ng 11 \u0111\u1ebfn ng\u00e0y 15 th\u00e1ng 12. B\u1ea3o hi\u1ec3m b\u1eaft \u0111\u1ea7u t\u1eeb ng\u00e0y 1 th\u00e1ng 1.<\/p>\n<p>T\u1ef1 h\u1ecfi b\u1ea3o hi\u1ec3m nha khoa s\u1ebd c\u00f3 gi\u00e1 bao nhi\u00eau?\u00a0<a href=\"https:\/\/secure.marylandhealthconnection.gov\/hixui\/public\/home.html#\/getEstimate?lang=en_US&amp;firstTime=1\" target=\"_blank\" rel=\"noopener\">Nh\u1eadn \u01b0\u1edbc t\u00ednh t\u1eeb Maryland Health Connection<\/a>, r\u1ed3i t\u00ecm m\u1ed9t k\u1ebf ho\u1ea1ch ph\u00f9 h\u1ee3p v\u1edbi b\u1ea1n v\u00e0 gia \u0111\u00ecnh b\u1ea1n.<\/p>\n<p>M\u1ed9t s\u1ed1 c\u00f4ng ty b\u1ea3o hi\u1ec3m s\u1ee9c kh\u1ecfe c\u0169ng c\u00f3 th\u1ec3 cung c\u1ea5p d\u1ecbch v\u1ee5 ch\u0103m s\u00f3c nha khoa.<\/p>\n<p>Ngo\u00e0i ra c\u00f2n c\u00f3 c\u00e1c ch\u01b0\u01a1ng tr\u00ecnh nha khoa tr\u00ean kh\u1eafp ti\u1ec3u bang Maryland cung c\u1ea5p d\u1ecbch v\u1ee5 ch\u0103m s\u00f3c th\u00f4ng qua c\u00e1c tr\u01b0\u1eddng \u0111\u1ea1i h\u1ecdc, s\u1edf y t\u1ebf v\u00e0 ph\u00f2ng kh\u00e1m c\u1ed9ng \u0111\u1ed3ng.<\/p>\n\t<h2>Connect with other Health-Related Resources<\/h2>\n\t\t<h4><a href=\"\/vi\/tai-nguyen\/lao-hoa-khuyet-tat\/?utm_source=Home&#038;utm_medium=Referral&#038;utm_campaign=211Resources&#038;utm_content=Aging\" target=\"_self\">L\u00e3o h\u00f3a &amp; Khuy\u1ebft t\u1eadt<\/a><\/h4>\n\t\t\t\t<a href=\"\/vi\/tai-nguyen\/lao-hoa-khuyet-tat\/?utm_source=Home&#038;utm_medium=Referral&#038;utm_campaign=211Resources&#038;utm_content=Aging\"  target=\"_self\" itemprop=\"url\">\n\t\t\t\t<img decoding=\"async\" src=\"https:\/\/211md.org\/wp-content\/uploads\/bb-plugin\/cache\/2025_MdInfoNet_Icon-Sets_Aging-disability-square-c466727102cae71e5f27b8539bb51945-.png\" alt=\"\" itemprop=\"image\" onerror=\"this.style.display='none'\" loading=\"lazy\" \/>\n\t\t\t\t<\/a>\n\t\t<h4><a href=\"\/vi\/tai-nguyen\/gia-dinh-tre-em\/?utm_source=Home&#038;utm_medium=Referral&#038;utm_campaign=211Resources&#038;utm_content=Children\" target=\"_self\">Tr\u1ebb em &amp; Gia \u0111\u00ecnh<\/a><\/h4>\n\t\t\t\t<a href=\"\/vi\/tai-nguyen\/gia-dinh-tre-em\/?utm_source=Home&#038;utm_medium=Referral&#038;utm_campaign=211Resources&#038;utm_content=Children\"  target=\"_self\" itemprop=\"url\">\n\t\t\t\t<img decoding=\"async\" src=\"https:\/\/211md.org\/wp-content\/uploads\/bb-plugin\/cache\/2025_211_Icon-Sets_Child-care-square-f3b0d4edab3dcc467fadb5f55f4064c6-.png\" alt=\"2025_211_B\u1ed9 bi\u1ec3u t\u01b0\u1ee3ng_Ch\u0103m s\u00f3c tr\u1ebb em\" itemprop=\"image\" height=\"417\" width=\"417\" title=\"2025_211_B\u1ed9 bi\u1ec3u t\u01b0\u1ee3ng_Ch\u0103m s\u00f3c tr\u1ebb em\" onerror=\"this.style.display='none'\" loading=\"lazy\" \/>\n\t\t\t\t<\/a>\n\t\t<h4><a href=\"\/vi\/tai-nguyen\/gia-dinh-bao-luc\/?utm_source=Home&#038;utm_medium=Referral&#038;utm_campaign=211Resources&#038;utm_content=Domestic\" target=\"_self\">B\u1ea1o l\u1ef1c gia \u0111\u00ecnh<\/a><\/h4>\n\t\t\t\t<a href=\"\/vi\/tai-nguyen\/gia-dinh-bao-luc\/?utm_source=Home&#038;utm_medium=Referral&#038;utm_campaign=211Resources&#038;utm_content=Domestic\"  target=\"_self\" itemprop=\"url\">\n\t\t\t\t<img decoding=\"async\" src=\"https:\/\/211md.org\/wp-content\/uploads\/bb-plugin\/cache\/2025_211_Icon-Sets_Domestic-Violence-square-7b597694a6f05fe90cdc376aa573bc63-.png\" alt=\"Bi\u1ec3u t\u01b0\u1ee3ng b\u1ea1o l\u1ef1c gia \u0111\u00ecnh\" itemprop=\"image\" height=\"417\" width=\"417\" title=\"2025_211_B\u1ed9 bi\u1ec3u t\u01b0\u1ee3ng_B\u1ea1o l\u1ef1c gia \u0111\u00ecnh\" onerror=\"this.style.display='none'\" loading=\"lazy\" \/>\n\t\t\t\t<\/a>\n\t\t<h4><a href=\"\/vi\/tai-nguyen\/tim-kiem-viec-lam\/?utm_source=Home&#038;utm_medium=Referral&#038;utm_campaign=211Resources&#038;utm_content=Employment\" target=\"_self\">Thu\u00ea ng\u01b0\u1eddi l\u00e0m<\/a><\/h4>\n\t\t\t\t<a href=\"\/vi\/tai-nguyen\/tim-kiem-viec-lam\/?utm_source=Home&#038;utm_medium=Referral&#038;utm_campaign=211Resources&#038;utm_content=Employment\"  target=\"_self\" itemprop=\"url\">\n\t\t\t\t<img decoding=\"async\" src=\"https:\/\/211md.org\/wp-content\/uploads\/bb-plugin\/cache\/2025_MdInfoNet_Icon-Sets_Employment-square-44707bd410e4df10a470bf130ebcea86-.png\" alt=\"\" itemprop=\"image\" onerror=\"this.style.display='none'\" loading=\"lazy\" \/>\n\t\t\t\t<\/a>\n\t\t<h4><a href=\"\/vi\/tai-nguyen\/cham-soc-suc-khoe\/?utm_source=Home&#038;utm_medium=Referral&#038;utm_campaign=211Resources&#038;utm_content=Health%20Care\" target=\"_self\">Ch\u0103m s\u00f3c s\u1ee9c kh\u1ecfe<\/a><\/h4>\n\t\t\t\t<a href=\"\/vi\/tai-nguyen\/cham-soc-suc-khoe\/?utm_source=Home&#038;utm_medium=Referral&#038;utm_campaign=211Resources&#038;utm_content=Health%20Care\"  target=\"_self\" itemprop=\"url\">\n\t\t\t\t<img decoding=\"async\" src=\"https:\/\/211md.org\/wp-content\/uploads\/bb-plugin\/cache\/2025_MdInfoNet_Icon-Sets_Health-Care-square-dee98a0060cbe0e7f27eda253fc12679-.png\" alt=\"\" itemprop=\"image\" onerror=\"this.style.display='none'\" loading=\"lazy\" \/>\n\t\t\t\t<\/a>\n\t\t<h4><a href=\"\/vi\/tai-nguyen\/gia-dinh-tre-em\/quan-he-ho-hang\/?utm_source=Home&#038;utm_medium=Referral&#038;utm_campaign=211Resources&#038;utm_content=Kinship\" target=\"_self\">h\u1ecd h\u00e0ng<\/a><\/h4>\n\t\t\t\t<a href=\"\/vi\/tai-nguyen\/gia-dinh-tre-em\/quan-he-ho-hang\/?utm_source=Home&#038;utm_medium=Referral&#038;utm_campaign=211Resources&#038;utm_content=Kinship\"  target=\"_self\" itemprop=\"url\">\n\t\t\t\t<img decoding=\"async\" src=\"https:\/\/211md.org\/wp-content\/uploads\/bb-plugin\/cache\/2025_211_Icon-Sets_Kinship-square-45bdf872866f5735f842c32071109267-.png\" alt=\"Bi\u1ec3u t\u01b0\u1ee3ng h\u1ecd h\u00e0ng\" itemprop=\"image\" height=\"417\" width=\"417\" title=\"2025_211_B\u1ed9 bi\u1ec3u t\u01b0\u1ee3ng_Quan h\u1ec7 h\u1ecd h\u00e0ng\" onerror=\"this.style.display='none'\" loading=\"lazy\" \/>\n\t\t\t\t<\/a>\n\t\t<h4><a href=\"\/vi\/tai-nguyen\/dich-vu-phap-ly\/?utm_source=Home&#038;utm_medium=Referral&#038;utm_campaign=211Resources&#038;utm_content=Legal\" target=\"_self\">D\u1ecbch v\u1ee5 ph\u00e1p l\u00fd<\/a><\/h4>\n\t\t\t\t<a href=\"\/vi\/tai-nguyen\/dich-vu-phap-ly\/?utm_source=Home&#038;utm_medium=Referral&#038;utm_campaign=211Resources&#038;utm_content=Legal\"  target=\"_self\" itemprop=\"url\">\n\t\t\t\t<img decoding=\"async\" src=\"https:\/\/211md.org\/wp-content\/uploads\/bb-plugin\/cache\/2025_MdInfoNet_Icon-Sets_Legal-square-18fdf438feb8435588174d9046463257-.png\" alt=\"\" itemprop=\"image\" onerror=\"this.style.display='none'\" loading=\"lazy\" \/>\n\t\t\t\t<\/a>\n\t\t<h4><a href=\"\/vi\/tai-nguyen\/suc-khoe-tinh-than\/?utm_source=Home&#038;utm_medium=Referral&#038;utm_campaign=211Resources&#038;utm_content=Mental\" target=\"_self\">S\u1ee9c kh\u1ecfe tinh th\u1ea7n<\/a><\/h4>\n\t\t\t\t<a href=\"\/vi\/tai-nguyen\/suc-khoe-tinh-than\/?utm_source=Home&#038;utm_medium=Referral&#038;utm_campaign=211Resources&#038;utm_content=Mental\"  target=\"_self\" itemprop=\"url\">\n\t\t\t\t<img decoding=\"async\" src=\"https:\/\/211md.org\/wp-content\/uploads\/bb-plugin\/cache\/2025_MdInfoNet_Icon-Sets_Mental-Health-square-c59b38c4a993a947d4c9280fbe2d2fee-.png\" alt=\"\" itemprop=\"image\" onerror=\"this.style.display='none'\" loading=\"lazy\" \/>\n\t\t\t\t<\/a>\n\t\t<h4><a href=\"\/vi\/tai-nguyen\/mdreentry\/?utm_source=Home&#038;utm_medium=Referral&#038;utm_campaign=211Resources&#038;utm_content=Reentry\" target=\"_self\">V\u00e0o l\u1ea1i<\/a><\/h4>\n\t\t\t\t<a href=\"\/vi\/tai-nguyen\/mdreentry\/?utm_source=Home&#038;utm_medium=Referral&#038;utm_campaign=211Resources&#038;utm_content=Reentry\"  target=\"_self\" itemprop=\"url\">\n\t\t\t\t<img decoding=\"async\" src=\"https:\/\/211md.org\/wp-content\/uploads\/bb-plugin\/cache\/2025_211_Icon-Sets_Reentry-square-8676fea38abd920a832f45642fe31cca-.png\" alt=\"Bi\u1ec3u t\u01b0\u1ee3ng nh\u1eadp l\u1ea1i\" itemprop=\"image\" height=\"417\" width=\"417\" title=\"2025_211_B\u1ed9 bi\u1ec3u t\u01b0\u1ee3ng_Nh\u1eadp l\u1ea1i\" onerror=\"this.style.display='none'\" loading=\"lazy\" \/>\n\t\t\t\t<\/a>\n\t\t<h4><a href=\"\/vi\/tai-nguyen\/su-dung-chat-kich-thich\/?utm_source=Home&#038;utm_medium=Referral&#038;utm_campaign=211Resources&#038;utm_content=Substance\" target=\"_self\">S\u1eed d\u1ee5ng ch\u1ea5t k\u00edch th\u00edch<\/a><\/h4>\n\t\t\t\t<a href=\"\/vi\/tai-nguyen\/su-dung-chat-kich-thich\/?utm_source=Home&#038;utm_medium=Referral&#038;utm_campaign=211Resources&#038;utm_content=Substance\"  target=\"_self\" itemprop=\"url\">\n\t\t\t\t<img decoding=\"async\" src=\"https:\/\/211md.org\/wp-content\/uploads\/bb-plugin\/cache\/2025_MdInfoNet_Icon-Sets_Substance-Abuse-square-9022fec9d18a64118ad685c101885b55-.png\" alt=\"\" itemprop=\"image\" onerror=\"this.style.display='none'\" loading=\"lazy\" \/>\n\t\t\t\t<\/a>\n\t\t<h4><a href=\"\/vi\/tai-nguyen\/cuu-chien-binh\/?utm_source=Home&#038;utm_medium=Referral&#038;utm_campaign=211Resources&#038;utm_content=Veterans\" target=\"_self\">c\u1ef1u chi\u1ebfn binh<\/a><\/h4>\n\t\t\t\t<a href=\"\/vi\/tai-nguyen\/cuu-chien-binh\/?utm_source=Home&#038;utm_medium=Referral&#038;utm_campaign=211Resources&#038;utm_content=Veterans\"  target=\"_self\" itemprop=\"url\">\n\t\t\t\t<img decoding=\"async\" src=\"https:\/\/211md.org\/wp-content\/uploads\/bb-plugin\/cache\/2025_MdInfoNet_Icon-Sets_Rating-square-6e60d00cce4faa8e0a6d4ad7366aa733-.png\" alt=\"\" itemprop=\"image\" onerror=\"this.style.display='none'\" loading=\"lazy\" \/>\n\t\t\t\t<\/a>","protected":false},"excerpt":{"rendered":"<p>Do you need dental care? Free and low-cost dental clinics may be an option if you need dental care and do not have insurance. Vouchers may also be available to reduce the cost of care at a private dentist&#8217;s office. Get Started Maryland Medicaid Dental Program Eligible full-time Medicaid beneficiaries may be eligible for dental&hellip;<\/p>","protected":false},"author":8,"featured_media":2081,"parent":838,"menu_order":0,"comment_status":"closed","ping_status":"closed","template":"","meta":{"footnotes":""},"class_list":["post-1103","page","type-page","status-publish","has-post-thumbnail","hentry"],"_links":{"self":[{"href":"https:\/\/211md.org\/vi\/wp-json\/wp\/v2\/pages\/1103","targetHints":{"allow":["GET"]}}],"collection":[{"href":"https:\/\/211md.org\/vi\/wp-json\/wp\/v2\/pages"}],"about":[{"href":"https:\/\/211md.org\/vi\/wp-json\/wp\/v2\/types\/page"}],"author":[{"embeddable":true,"href":"https:\/\/211md.org\/vi\/wp-json\/wp\/v2\/users\/8"}],"replies":[{"embeddable":true,"href":"https:\/\/211md.org\/vi\/wp-json\/wp\/v2\/comments?post=1103"}],"version-history":[{"count":4,"href":"https:\/\/211md.org\/vi\/wp-json\/wp\/v2\/pages\/1103\/revisions"}],"predecessor-version":[{"id":34235,"href":"https:\/\/211md.org\/vi\/wp-json\/wp\/v2\/pages\/1103\/revisions\/34235"}],"up":[{"embeddable":true,"href":"https:\/\/211md.org\/vi\/wp-json\/wp\/v2\/pages\/838"}],"wp:featuredmedia":[{"embeddable":true,"href":"https:\/\/211md.org\/vi\/wp-json\/wp\/v2\/media\/2081"}],"wp:attachment":[{"href":"https:\/\/211md.org\/vi\/wp-json\/wp\/v2\/media?parent=1103"}],"curies":[{"name":"wp","href":"https:\/\/api.w.org\/{rel}","templated":true}]}}