{"id":1105,"date":"2021-04-19T14:42:46","date_gmt":"2021-04-19T14:42:46","guid":{"rendered":"https:\/\/211md.org\/?page_id=1105"},"modified":"2026-04-28T11:15:02","modified_gmt":"2026-04-28T15:15:02","slug":"don-thuoc","status":"publish","type":"page","link":"https:\/\/211md.org\/vi\/resources\/health-care\/prescriptions\/","title":{"rendered":"Lower the Cost of Prescriptions With These Programs"},"content":{"rendered":"<figure data-animation-delay=\"0\" data-animation-duration=\"1\" itemscope=\"\" itemtype=\"https:\/\/schema.org\/ImageObject\">\n\t\t\t\t<img decoding=\"async\" src=\"https:\/\/stg-maryland211-staging.kinsta.cloud\/wp-content\/uploads\/2025\/08\/5-1-scaled.png\" alt=\"5\" height=\"692\" width=\"2560\" title=\"5\" onerror=\"this.style.display='none'\" loading=\"lazy\">\n\t<\/figure>\n\t\t<p>Prescriptions can be expensive. There are patient assistance programs available from the pharmaceutical companies, and local nonprofit groups may be able to help lower the cost of medication.<\/p>\n<p>Search the 211 Maryland database to find local programs.<\/p>\n\t\t\t<a href=\"https:\/\/search.211md.org\/search?query=Medication%20Assistance&amp;query_label=Medication%20Assistance&amp;query_type=taxonomy\" target=\"_blank\" rel=\"noopener\">\n\t\t\t\t\t\tFind medication assistance programs\n\t\t\t\t\t<\/a>\n<figure data-animation-delay=\"0\" data-animation-duration=\"1\" itemscope=\"\" itemtype=\"https:\/\/schema.org\/ImageObject\">\n\t\t\t\t<img decoding=\"async\" src=\"https:\/\/211md.org\/wp-content\/plugins\/bb-plugin\/img\/pixel.png\" alt=\"\" onerror=\"this.style.display='none'\" loading=\"lazy\">\n\t<\/figure>\n<figure data-animation-delay=\"0\" data-animation-duration=\"1.3\" itemscope=\"\" itemtype=\"https:\/\/schema.org\/ImageObject\">\n\t\t\t\t<img decoding=\"async\" src=\"https:\/\/stg-maryland211-staging.kinsta.cloud\/wp-content\/uploads\/2025\/08\/16.png\" alt=\"16\" height=\"1000\" width=\"1000\" title=\"16\" onerror=\"this.style.display='none'\" loading=\"lazy\">\n\t<\/figure>\n<figure data-animation-delay=\"0\" data-animation-duration=\"1\" itemscope=\"\" itemtype=\"https:\/\/schema.org\/ImageObject\">\n\t\t\t\t<img decoding=\"async\" src=\"http:\/\/211md.org\/wp-content\/uploads\/2021\/05\/Pharmacist.png\" alt=\"d\u01b0\u1ee3c s\u0129 c\u1ea7m thu\u1ed1c v\u00e0 \u0111i\u1ec7n tho\u1ea1i\" title=\"D\u01b0\u1ee3c s\u0129\" onerror=\"this.style.display='none'\" loading=\"lazy\">\n\t<\/figure>\n\t<h2>Maryland Rx Card<\/h2>\n<p>Th\u1ebb Maryland Rx l\u00e0 m\u1ed9t ch\u01b0\u01a1ng tr\u00ecnh gi\u1ea3m gi\u00e1 mi\u1ec5n ph\u00ed cung c\u1ea5p gi\u1ea3m gi\u00e1 thu\u1ed1c t\u1ea1i c\u00e1c hi\u1ec7u thu\u1ed1c tham gia.<\/p>\n<p>There are no enrollment fees, eligibility requirements, or forms to fill out.<\/p>\n<p>Print, text or email the cards to yourself. <a href=\"https:\/\/marylandrxcard.com\/create\" target=\"_blank\" rel=\"noopener\">Nh\u1eadn Th\u1ebb Maryland Rx<\/a>.<\/p>\n<h3>Senior Prescription Drug Assistance<\/h3>\n<p>N\u1ebfu b\u1ea1n l\u00e0 ng\u01b0\u1eddi cao tu\u1ed5i, Ch\u01b0\u01a1ng tr\u00ecnh H\u1ed7 tr\u1ee3 Thu\u1ed1c Theo toa d\u00e0nh cho Ng\u01b0\u1eddi cao tu\u1ed5i (SPDAP) l\u00e0 m\u1ed9t kho\u1ea3n tr\u1ee3 c\u1ea5p d\u00e0nh cho nh\u1eefng c\u01b0 d\u00e2n Maryland c\u00f3 thu nh\u1eadp v\u1eeba ph\u1ea3i \u0111\u1ee7 \u0111i\u1ec1u ki\u1ec7n nh\u1eadn Medicare v\u00e0 \u0111\u0103ng k\u00fd tham gia ch\u01b0\u01a1ng tr\u00ecnh thu\u1ed1c theo toa.&nbsp;<a href=\"http:\/\/marylandspdap.com\/\" target=\"_blank\" rel=\"noopener\">T\u00ecm hi\u1ec3u th\u00eam<\/a> about the qualification guidelines for this program.<\/p>\n\t<h3><b>T\u00ecm c\u00e1c ch\u01b0\u01a1ng tr\u00ecnh h\u1ed7 tr\u1ee3 b\u1ec7nh nh\u00e2n&nbsp;<\/b><\/h3>\n<p>\u0110\u1ec3 t\u00ecm c\u00e1c ch\u01b0\u01a1ng tr\u00ecnh h\u1ed7 tr\u1ee3 c\u00f4ng c\u1ed9ng v\u00e0 t\u01b0 nh\u00e2n kh\u00e1c, h\u00e3y t\u00ecm ki\u1ebfm&nbsp;<a href=\"https:\/\/medicineassistancetool.org\/\" target=\"_blank\" rel=\"noopener\">C\u00f4ng c\u1ee5 h\u1ed7 tr\u1ee3 thu\u1ed1c<\/a>&nbsp;(CHI\u1ebeU). C\u00f4ng c\u1ee5 n\u00e0y ph\u00f9 h\u1ee3p v\u1edbi b\u1ec7nh nh\u00e2n v\u1edbi c\u00e1c ngu\u1ed3n l\u1ef1c v\u00e0 ch\u01b0\u01a1ng tr\u00ecnh chia s\u1ebb chi ph\u00ed c\u00f3 th\u1ec3 gi\u1ea3m chi ph\u00ed t\u1ef1 tr\u1ea3, ngay c\u1ea3 khi b\u1ea1n c\u00f3 b\u1ea3o hi\u1ec3m.<\/p>\n<p>Nhi\u1ec1u c\u00f4ng ty d\u01b0\u1ee3c ph\u1ea9m cung c\u1ea5p thu\u1ed1c mi\u1ec5n ph\u00ed ho\u1eb7c gi\u00e1 r\u1ebb cho nh\u1eefng ng\u01b0\u1eddi kh\u00f4ng c\u00f3 b\u1ea3o hi\u1ec3m v\u00e0 kh\u00f4ng \u0111\u1ee7 ti\u1ec1n mua thu\u1ed1c. B\u1ea1n s\u1ebd c\u1ea7n li\u00ean h\u1ec7 v\u1edbi t\u1eebng Ch\u01b0\u01a1ng tr\u00ecnh H\u1ed7 tr\u1ee3 B\u1ec7nh nh\u00e2n \u0111\u1ec3 bi\u1ebft h\u01b0\u1edbng d\u1eabn v\u1ec1 ti\u00eau chu\u1ea9n.<\/p>\n<h3><b>Tr\u1ee3 gi\u00fap t\u00e0i ch\u00ednh cho thu\u1ed1c theo toa<\/b><\/h3>\n<p>Local churches and nonprofit groups may also be able to provide financial assistance to offset medication costs. Dial 211 to find a local program.<\/p>\n\t\t<figure itemscope=\"\" itemtype=\"https:\/\/schema.org\/ImageObject\">\n\t\t\t\t<a href=\"https:\/\/search.211md.org\/search?query=prescription+medication&amp;query_type=text\" target=\"_blank\" rel=\"noopener\" itemprop=\"url\">\n\t\t\t\t<img decoding=\"async\" src=\"https:\/\/stg-maryland211-staging.kinsta.cloud\/wp-content\/uploads\/2025\/08\/2025_MdInfoNet_Icon-Sets-white_Locate.png\" alt=\"\" onerror=\"this.style.display='none'\" loading=\"lazy\">\n\t\t\t\t<\/a>\n\t<\/figure>\n<h2><a href=\"https:\/\/search.211md.org\/search?query=prescription+medication&amp;query_type=text\" target=\"_blank\" rel=\"noopener\">T\u00ecm t\u00e0i nguy\u00ean ngay<\/a><\/h2><p>Search 211&#8217;s comprehensive resource database for prescription assistance programs and other essential needs.<\/p>\n\t\t\t<a href=\"https:\/\/search.211md.org\/search?query=prescription+medication&amp;query_type=text\" target=\"_blank\" rel=\"noopener\">\n\t\t\t\t\t\t\tT\u00ecm ki\u1ebfm\n\t\t\t<\/a>\n<h2>\n\t\t\tRelated Health Information from 211\t<\/h2>\n\t\t<h4><a href=\"\/vi\/tai-nguyen\/lao-hoa-khuyet-tat\/?utm_source=Home&amp;utm_medium=Referral&amp;utm_campaign=211Resources&amp;utm_content=Aging\" target=\"_self\">L\u00e3o h\u00f3a &amp; Khuy\u1ebft t\u1eadt<\/a><\/h4><figure itemscope=\"\" itemtype=\"https:\/\/schema.org\/ImageObject\">\n\t\t\t\t<a href=\"\/vi\/tai-nguyen\/lao-hoa-khuyet-tat\/?utm_source=Home&amp;utm_medium=Referral&amp;utm_campaign=211Resources&amp;utm_content=Aging\" target=\"_self\" itemprop=\"url\">\n\t\t\t\t<img decoding=\"async\" src=\"https:\/\/211md.org\/wp-content\/uploads\/bb-plugin\/cache\/2025_MdInfoNet_Icon-Sets_Aging-disability-square-c466727102cae71e5f27b8539bb51945-.png\" alt=\"\" onerror=\"this.style.display='none'\" loading=\"lazy\">\n\t\t\t\t<\/a>\n\t<\/figure>\n\t\t<h4><a href=\"\/vi\/tai-nguyen\/gia-dinh-tre-em\/?utm_source=Home&amp;utm_medium=Referral&amp;utm_campaign=211Resources&amp;utm_content=Children\" target=\"_self\">Tr\u1ebb em &amp; Gia \u0111\u00ecnh<\/a><\/h4><figure itemscope=\"\" itemtype=\"https:\/\/schema.org\/ImageObject\">\n\t\t\t\t<a href=\"\/vi\/tai-nguyen\/gia-dinh-tre-em\/?utm_source=Home&amp;utm_medium=Referral&amp;utm_campaign=211Resources&amp;utm_content=Children\" target=\"_self\" itemprop=\"url\">\n\t\t\t\t<img decoding=\"async\" src=\"https:\/\/211md.org\/wp-content\/uploads\/bb-plugin\/cache\/2025_211_Icon-Sets_Child-care-square-f3b0d4edab3dcc467fadb5f55f4064c6-.png\" alt=\"parent and child icon for child care\" height=\"417\" width=\"417\" title=\"2025_211_B\u1ed9 bi\u1ec3u t\u01b0\u1ee3ng_Ch\u0103m s\u00f3c tr\u1ebb em\" onerror=\"this.style.display='none'\" loading=\"lazy\">\n\t\t\t\t<\/a>\n\t<\/figure>\n\t\t<h4><a href=\"\/vi\/tai-nguyen\/gia-dinh-bao-luc\/?utm_source=Home&amp;utm_medium=Referral&amp;utm_campaign=211Resources&amp;utm_content=Domestic\" target=\"_self\">B\u1ea1o l\u1ef1c gia \u0111\u00ecnh<\/a><\/h4><figure itemscope=\"\" itemtype=\"https:\/\/schema.org\/ImageObject\">\n\t\t\t\t<a href=\"\/vi\/tai-nguyen\/gia-dinh-bao-luc\/?utm_source=Home&amp;utm_medium=Referral&amp;utm_campaign=211Resources&amp;utm_content=Domestic\" target=\"_self\" itemprop=\"url\">\n\t\t\t\t<img decoding=\"async\" src=\"https:\/\/211md.org\/wp-content\/uploads\/bb-plugin\/cache\/2025_211_Icon-Sets_Domestic-Violence-square-7b597694a6f05fe90cdc376aa573bc63-.png\" alt=\"House with a heart in the middle icon\" height=\"417\" width=\"417\" title=\"2025_211_B\u1ed9 bi\u1ec3u t\u01b0\u1ee3ng_B\u1ea1o l\u1ef1c gia \u0111\u00ecnh\" onerror=\"this.style.display='none'\" loading=\"lazy\">\n\t\t\t\t<\/a>\n\t<\/figure>\n\t\t<h4><a href=\"\/vi\/tai-nguyen\/tim-kiem-viec-lam\/?utm_source=Home&amp;utm_medium=Referral&amp;utm_campaign=211Resources&amp;utm_content=Employment\" target=\"_self\">Thu\u00ea ng\u01b0\u1eddi l\u00e0m<\/a><\/h4><figure itemscope=\"\" itemtype=\"https:\/\/schema.org\/ImageObject\">\n\t\t\t\t<a href=\"\/vi\/tai-nguyen\/tim-kiem-viec-lam\/?utm_source=Home&amp;utm_medium=Referral&amp;utm_campaign=211Resources&amp;utm_content=Employment\" target=\"_self\" itemprop=\"url\">\n\t\t\t\t<img decoding=\"async\" src=\"https:\/\/211md.org\/wp-content\/uploads\/bb-plugin\/cache\/2025_MdInfoNet_Icon-Sets_Employment-square-44707bd410e4df10a470bf130ebcea86-.png\" alt=\"\" onerror=\"this.style.display='none'\" loading=\"lazy\">\n\t\t\t\t<\/a>\n\t<\/figure>\n\t\t<h4><a href=\"\/vi\/tai-nguyen\/cham-soc-suc-khoe\/?utm_source=Home&amp;utm_medium=Referral&amp;utm_campaign=211Resources&amp;utm_content=Health%20Care\" target=\"_self\">Ch\u0103m s\u00f3c s\u1ee9c kh\u1ecfe<\/a><\/h4><figure itemscope=\"\" itemtype=\"https:\/\/schema.org\/ImageObject\">\n\t\t\t\t<a href=\"\/vi\/tai-nguyen\/cham-soc-suc-khoe\/?utm_source=Home&amp;utm_medium=Referral&amp;utm_campaign=211Resources&amp;utm_content=Health%20Care\" target=\"_self\" itemprop=\"url\">\n\t\t\t\t<img decoding=\"async\" src=\"https:\/\/211md.org\/wp-content\/uploads\/bb-plugin\/cache\/2025_MdInfoNet_Icon-Sets_Health-Care-square-dee98a0060cbe0e7f27eda253fc12679-.png\" alt=\"\" onerror=\"this.style.display='none'\" loading=\"lazy\">\n\t\t\t\t<\/a>\n\t<\/figure>\n\t\t<h4><a href=\"\/vi\/tai-nguyen\/moi-doi-voi-chung-toi-va-maryland\/?utm_source=Home&amp;utm_medium=Referral&amp;utm_campaign=211Resources&amp;utm_content=Immigration\" target=\"_self\">nh\u1eadp c\u01b0<\/a><\/h4><figure itemscope=\"\" itemtype=\"https:\/\/schema.org\/ImageObject\">\n\t\t\t\t<a href=\"\/vi\/tai-nguyen\/moi-doi-voi-chung-toi-va-maryland\/?utm_source=Home&amp;utm_medium=Referral&amp;utm_campaign=211Resources&amp;utm_content=Immigration\" target=\"_self\" itemprop=\"url\">\n\t\t\t\t<img decoding=\"async\" src=\"https:\/\/211md.org\/wp-content\/uploads\/bb-plugin\/cache\/2025_MdInfoNet_Icon-Sets_Immigration-square-8b97b7fdfe5e6071405e216855065118-.png\" alt=\"bi\u1ec3u t\u01b0\u1ee3ng nh\u1eadp c\u01b0\" title=\"2025_MdInfoNet_Icon-Sets_Immigration\" onerror=\"this.style.display='none'\" loading=\"lazy\">\n\t\t\t\t<\/a>\n\t<\/figure>\n\t\t<h4><a href=\"\/vi\/tai-nguyen\/gia-dinh-tre-em\/quan-he-ho-hang\/?utm_source=Home&amp;utm_medium=Referral&amp;utm_campaign=211Resources&amp;utm_content=Kinship\" target=\"_self\">h\u1ecd h\u00e0ng<\/a><\/h4><figure itemscope=\"\" itemtype=\"https:\/\/schema.org\/ImageObject\">\n\t\t\t\t<a href=\"\/vi\/tai-nguyen\/gia-dinh-tre-em\/quan-he-ho-hang\/?utm_source=Home&amp;utm_medium=Referral&amp;utm_campaign=211Resources&amp;utm_content=Kinship\" target=\"_self\" itemprop=\"url\">\n\t\t\t\t<img decoding=\"async\" src=\"https:\/\/211md.org\/wp-content\/uploads\/bb-plugin\/cache\/2025_211_Icon-Sets_Kinship-square-45bdf872866f5735f842c32071109267-.png\" alt=\"Bi\u1ec3u t\u01b0\u1ee3ng h\u1ecd h\u00e0ng\" height=\"417\" width=\"417\" title=\"2025_211_B\u1ed9 bi\u1ec3u t\u01b0\u1ee3ng_Quan h\u1ec7 h\u1ecd h\u00e0ng\" onerror=\"this.style.display='none'\" loading=\"lazy\">\n\t\t\t\t<\/a>\n\t<\/figure>\n\t\t<h4><a href=\"\/vi\/tai-nguyen\/dich-vu-phap-ly\/?utm_source=Home&amp;utm_medium=Referral&amp;utm_campaign=211Resources&amp;utm_content=Legal\" target=\"_self\">D\u1ecbch v\u1ee5 ph\u00e1p l\u00fd<\/a><\/h4><figure itemscope=\"\" itemtype=\"https:\/\/schema.org\/ImageObject\">\n\t\t\t\t<a href=\"\/vi\/tai-nguyen\/dich-vu-phap-ly\/?utm_source=Home&amp;utm_medium=Referral&amp;utm_campaign=211Resources&amp;utm_content=Legal\" target=\"_self\" itemprop=\"url\">\n\t\t\t\t<img decoding=\"async\" src=\"https:\/\/211md.org\/wp-content\/uploads\/bb-plugin\/cache\/2025_MdInfoNet_Icon-Sets_Legal-square-18fdf438feb8435588174d9046463257-.png\" alt=\"\" onerror=\"this.style.display='none'\" loading=\"lazy\">\n\t\t\t\t<\/a>\n\t<\/figure>\n\t\t<h4><a href=\"\/vi\/tai-nguyen\/suc-khoe-tinh-than\/?utm_source=Home&amp;utm_medium=Referral&amp;utm_campaign=211Resources&amp;utm_content=Mental\" target=\"_self\">S\u1ee9c kh\u1ecfe tinh th\u1ea7n<\/a><\/h4><figure itemscope=\"\" itemtype=\"https:\/\/schema.org\/ImageObject\">\n\t\t\t\t<a href=\"\/vi\/tai-nguyen\/suc-khoe-tinh-than\/?utm_source=Home&amp;utm_medium=Referral&amp;utm_campaign=211Resources&amp;utm_content=Mental\" target=\"_self\" itemprop=\"url\">\n\t\t\t\t<img decoding=\"async\" src=\"https:\/\/211md.org\/wp-content\/uploads\/bb-plugin\/cache\/2025_MdInfoNet_Icon-Sets_Mental-Health-square-c59b38c4a993a947d4c9280fbe2d2fee-.png\" alt=\"\" onerror=\"this.style.display='none'\" loading=\"lazy\">\n\t\t\t\t<\/a>\n\t<\/figure>\n\t\t<h4><a href=\"\/vi\/tai-nguyen\/mdreentry\/?utm_source=Home&amp;utm_medium=Referral&amp;utm_campaign=211Resources&amp;utm_content=Reentry\" target=\"_self\">V\u00e0o l\u1ea1i<\/a><\/h4><figure itemscope=\"\" itemtype=\"https:\/\/schema.org\/ImageObject\">\n\t\t\t\t<a href=\"\/vi\/tai-nguyen\/mdreentry\/?utm_source=Home&amp;utm_medium=Referral&amp;utm_campaign=211Resources&amp;utm_content=Reentry\" target=\"_self\" itemprop=\"url\">\n\t\t\t\t<img decoding=\"async\" src=\"https:\/\/211md.org\/wp-content\/uploads\/bb-plugin\/cache\/2025_211_Icon-Sets_Reentry-square-8676fea38abd920a832f45642fe31cca-.png\" alt=\"Bi\u1ec3u t\u01b0\u1ee3ng nh\u1eadp l\u1ea1i\" height=\"417\" width=\"417\" title=\"2025_211_B\u1ed9 bi\u1ec3u t\u01b0\u1ee3ng_Nh\u1eadp l\u1ea1i\" onerror=\"this.style.display='none'\" loading=\"lazy\">\n\t\t\t\t<\/a>\n\t<\/figure>\n\t\t<h4><a href=\"\/vi\/tai-nguyen\/su-dung-chat-kich-thich\/?utm_source=Home&amp;utm_medium=Referral&amp;utm_campaign=211Resources&amp;utm_content=Substance\" target=\"_self\">S\u1eed d\u1ee5ng ch\u1ea5t k\u00edch th\u00edch<\/a><\/h4><figure itemscope=\"\" itemtype=\"https:\/\/schema.org\/ImageObject\">\n\t\t\t\t<a href=\"\/vi\/tai-nguyen\/su-dung-chat-kich-thich\/?utm_source=Home&amp;utm_medium=Referral&amp;utm_campaign=211Resources&amp;utm_content=Substance\" target=\"_self\" itemprop=\"url\">\n\t\t\t\t<img decoding=\"async\" src=\"https:\/\/211md.org\/wp-content\/uploads\/bb-plugin\/cache\/2025_MdInfoNet_Icon-Sets_Substance-Abuse-square-4f414f085e657267739c181957754f48-.png\" alt=\"Pills for substance Use icon\" title=\"2025_MdInfoNet_Icon-Sets_Substance-Abuse\" onerror=\"this.style.display='none'\" loading=\"lazy\">\n\t\t\t\t<\/a>\n\t<\/figure>\n\t\t<h4><a href=\"\/vi\/tai-nguyen\/cuu-chien-binh\/?utm_source=Home&amp;utm_medium=Referral&amp;utm_campaign=211Resources&amp;utm_content=Veterans\" target=\"_self\">c\u1ef1u chi\u1ebfn binh<\/a><\/h4><figure itemscope=\"\" itemtype=\"https:\/\/schema.org\/ImageObject\">\n\t\t\t\t<a href=\"\/vi\/tai-nguyen\/cuu-chien-binh\/?utm_source=Home&amp;utm_medium=Referral&amp;utm_campaign=211Resources&amp;utm_content=Veterans\" target=\"_self\" itemprop=\"url\">\n\t\t\t\t<img decoding=\"async\" src=\"https:\/\/211md.org\/wp-content\/uploads\/bb-plugin\/cache\/2025_MdInfoNet_Icon-Sets_Rating-square-6e60d00cce4faa8e0a6d4ad7366aa733-.png\" alt=\"\" onerror=\"this.style.display='none'\" loading=\"lazy\">\n\t\t\t\t<\/a>\n\t<\/figure>","protected":false},"excerpt":{"rendered":"<p>Prescriptions can be expensive. There are patient assistance programs available from the pharmaceutical companies, and local nonprofit groups may be able to help lower the cost of medication. Search the 211 Maryland database to find local programs. Find medication assistance programs Maryland Rx Card The Maryland Rx Card is a free discount program that provides&hellip;<\/p>","protected":false},"author":8,"featured_media":1119,"parent":838,"menu_order":0,"comment_status":"closed","ping_status":"closed","template":"","meta":{"footnotes":""},"class_list":["post-1105","page","type-page","status-publish","has-post-thumbnail","hentry"],"_links":{"self":[{"href":"https:\/\/211md.org\/vi\/wp-json\/wp\/v2\/pages\/1105","targetHints":{"allow":["GET"]}}],"collection":[{"href":"https:\/\/211md.org\/vi\/wp-json\/wp\/v2\/pages"}],"about":[{"href":"https:\/\/211md.org\/vi\/wp-json\/wp\/v2\/types\/page"}],"author":[{"embeddable":true,"href":"https:\/\/211md.org\/vi\/wp-json\/wp\/v2\/users\/8"}],"replies":[{"embeddable":true,"href":"https:\/\/211md.org\/vi\/wp-json\/wp\/v2\/comments?post=1105"}],"version-history":[{"count":5,"href":"https:\/\/211md.org\/vi\/wp-json\/wp\/v2\/pages\/1105\/revisions"}],"predecessor-version":[{"id":34600,"href":"https:\/\/211md.org\/vi\/wp-json\/wp\/v2\/pages\/1105\/revisions\/34600"}],"up":[{"embeddable":true,"href":"https:\/\/211md.org\/vi\/wp-json\/wp\/v2\/pages\/838"}],"wp:featuredmedia":[{"embeddable":true,"href":"https:\/\/211md.org\/vi\/wp-json\/wp\/v2\/media\/1119"}],"wp:attachment":[{"href":"https:\/\/211md.org\/vi\/wp-json\/wp\/v2\/media?parent=1105"}],"curies":[{"name":"wp","href":"https:\/\/api.w.org\/{rel}","templated":true}]}}