{"id":1107,"date":"2021-04-19T14:48:32","date_gmt":"2021-04-19T14:48:32","guid":{"rendered":"https:\/\/211md.org\/?page_id=1107"},"modified":"2026-04-04T09:56:33","modified_gmt":"2026-04-04T13:56:33","slug":"bao-hiem-y-te","status":"publish","type":"page","link":"https:\/\/211md.org\/vi\/resources\/health-care\/health-insurance\/","title":{"rendered":"T\u00f9y ch\u1ecdn B\u1ea3o hi\u1ec3m Y t\u1ebf Maryland"},"content":{"rendered":"<figure data-animation-delay=\"0\" data-animation-duration=\"1\" itemscope itemtype=\"https:\/\/schema.org\/ImageObject\">\n\t\t\t\t<img decoding=\"async\" src=\"https:\/\/stg-maryland211-staging.kinsta.cloud\/wp-content\/uploads\/2025\/08\/5-1-scaled.png\" alt=\"5\" height=\"692\" width=\"2560\" title=\"5\" onerror=\"this.style.display='none'\" loading=\"lazy\" \/>\n\t<\/figure>\n\t\t<p>Are you uninsured? There are a number of circumstances that may qualify you for free health insurance or a low-cost plan.<\/p>\n<p>Learn about Medicaid, private health insurance (discounts available), Medicare, and dental insurance.<\/p>\n<p>211 can answer health insurance questions. Dial 211 or search the database for local health insurance resources, such as a navigator who can provide free guidance for your situation.<\/p>\n<p>&nbsp;<\/p>\n\t\t\t<a href=\"https:\/\/search.211md.org\/search?query=health%20insurance&#038;query_label=health%20insurance&#038;query_type=text\"  target=\"_blank\" rel=\"noopener\">\n\t\t\t\t\t\tT\u00ecm t\u00e0i nguy\u00ean\n\t\t\t\t\t<\/a>\n<figure data-animation-delay=\"0\" data-animation-duration=\"1\" itemscope itemtype=\"https:\/\/schema.org\/ImageObject\">\n\t\t\t\t<img decoding=\"async\" src=\"https:\/\/211md.org\/wp-content\/plugins\/bb-plugin\/img\/pixel.png\" alt=\"\" onerror=\"this.style.display='none'\" loading=\"lazy\" \/>\n\t<\/figure>\n<figure data-animation-delay=\"0\" data-animation-duration=\"1.3\" itemscope itemtype=\"https:\/\/schema.org\/ImageObject\">\n\t\t\t\t<img decoding=\"async\" src=\"https:\/\/stg-maryland211-staging.kinsta.cloud\/wp-content\/uploads\/2025\/08\/16.png\" alt=\"16\" height=\"1000\" width=\"1000\" title=\"16\" onerror=\"this.style.display='none'\" loading=\"lazy\" \/>\n\t<\/figure>\n<figure itemscope itemtype=\"https:\/\/schema.org\/ImageObject\">\n\t\t\t\t<img decoding=\"async\" src=\"http:\/\/211md.org\/wp-content\/uploads\/2026\/04\/girl-in-wheelchair-visiting-doctor.jpg\" alt=\"girl in wheelchair high fiving doctor\" title=\"girl in wheelchair visiting doctor\" onerror=\"this.style.display='none'\" loading=\"lazy\" \/>\n\t<\/figure>\n\t\t<h2>Maryland Medicaid<\/h2>\n\t\t<p>Low-income families, children, pregnant women, and aged, blind, or disabled adults may qualify for Medicaid. Income qualifications change every year.<\/p>\n<p>Children up to age 19 may qualify for additional benefits from the\u00a0<a href=\"https:\/\/211md.org\/vi\/tai-nguyen\/cham-soc-suc-khoe\/cuu-thuong\/\" target=\"_blank\" rel=\"noopener\">Ch\u01b0\u01a1ng tr\u00ecnh S\u1ee9c kh\u1ecfe Tr\u1ebb em Maryland<\/a>.<\/p>\n<p>Individuals who receive other types of public assistance are automatically offered Medicaid. These include:<\/p>\n<ul>\n<li>Supplemental Security Income<\/li>\n<li>H\u1ed7 tr\u1ee3 ti\u1ec1n m\u1eb7t t\u1ea1m th\u1eddi<\/li>\n<li>Foster Care<\/li>\n<\/ul>\n<p>If you are not a U.S. citizen, Medicaid may be available during pregnancy and for four months after birth. It may also be available if you meet\u00a0<a href=\"https:\/\/211md.org\/vi\/tai-nguyen\/cham-soc-suc-khoe\/cuu-thuong\/#immigrant\" target=\"_blank\" rel=\"noopener\">other requirements<\/a>, like the 5-year rule.<\/p>\n<p>B\u1ea1n c\u00f3 th\u1ec3 c\u00f3 b\u1ea3o hi\u1ec3m y t\u1ebf t\u01b0 nh\u00e2n v\u00e0 \u0111\u1ee7 \u0111i\u1ec1u ki\u1ec7n nh\u1eadn Medicaid.<\/p>\n\t\t\t<a href=\"http:\/\/marylandhealthconnection.gov\/\" target=\"_blank\" rel=\"noopener nofollow\">\n\t\t\t\t\t\t\tApply for Medicaid\n\t\t\t<\/a>\n\t\t<h3>Managed Care Organizations (MCO)<\/h3>\n\t\t<p>Most individuals enrolled in Medicaid receive care through a Managed Care Organization (MCO).<\/p>\n<p>MCO chi tr\u1ea3 c\u00e1c chi ph\u00ed y t\u1ebf nh\u01b0:<\/p>\n<ul>\n<li>kh\u00e1m b\u00e1c s\u0129<\/li>\n<li>ch\u0103m s\u00f3c thai k\u1ef3<\/li>\n<li>thu\u1ed1c theo toa<\/li>\n<li>b\u1ec7nh vi\u1ec7n v\u00e0 d\u1ecbch v\u1ee5 c\u1ea5p c\u1ee9u<\/li>\n<\/ul>\n\t\t\t<a href=\"https:\/\/211md.org\/vi\/tai-nguyen\/cham-soc-suc-khoe\/cuu-thuong\/\" target=\"_blank\" rel=\"noopener nofollow\">\n\t\t\t\t\t\t\tRead 211&#8217;s guide to medicaid\n\t\t\t\t\t<\/a>\n\t\t<h2>Private Health Insurance<\/h2>\n\t\t<p>If you don&#8217;t qualify for Medicaid or children&#8217;s health insurance, individuals and families can apply for private health insurance. Financial help may be available.<\/p>\n<p>While many states use the federal marketplace, Maryland has its own one-stop insurance marketplace, Maryland Health Connection, that handles private insurance, Medicaid, and the Maryland Children&#8217;s Health Program enrollments.<\/p>\n<h3>What do they cover?<\/h3>\n<p>These plans cover preventive care and other essential health care, such as:<\/p>\n<ul>\n<li>Doctor visits<\/li>\n<li>Emergency care<\/li>\n<li>nh\u1eadp vi\u1ec7n<\/li>\n<li>Lab tests<\/li>\n<li>Maternity and newborn care<\/li>\n<li>Mental and behavioral health care<\/li>\n<li>Ch\u0103m s\u00f3c nhi khoa<\/li>\n<li>\u0111\u01a1n thu\u1ed1c<\/li>\n<li>Preventive and wellness management<\/li>\n<li>Rehabilitation<\/li>\n<li>Substance use disorder treatment<\/li>\n<\/ul>\n<p>The private plans may have a deductible, coinsurance, and copayment.<\/p>\n\t\t\t<a href=\"https:\/\/www.marylandhealthconnection.gov\/health-coverage\/choose-a-plan\/\" target=\"_blank\" rel=\"noopener nofollow\">\n\t\t\t\t\t\t\tLearn how the plans work\n\t\t\t<\/a>\n\t\t<h3>Do I qualify for financial help for a private plan?<\/h3>\n\t\t<p>While financial help is available, the discount may be less than years past. The federal savings program is no longer in place for the Maryland marketplace insurance. Instead, Maryland is providing financial help through Maryland Premium Assistance.<\/p>\n<p>You will no longer be eligible for financial help if your income is below 100% of the federal poverty level and you are not eligible for Medicaid due to your immigration status.<\/p>\n<p>In those situations, the plans are still available, but at full cost.<\/p>\n<p>You can get an\u00a0estimate for how much these plans may cost.<\/p>\n\t\t\t<a href=\"https:\/\/app.marylandhealthconnection.gov\/hixui\/public\/home.html#\/getEstimate?lang=en_US&#038;firstTime=1\" target=\"_blank\" rel=\"noopener nofollow\">\n\t\t\t\t\t\t\tGet a cost estimate\n\t\t\t<\/a>\n\t\t<h2>How do I get help with Insurance enrollment?<\/h2>\n\t\t<p>If you have questions about Medicare or private insurance enrollment, free help is available in counties throughout Maryland. Navigators can answer questions in-person. They&#8217;ll help you find the most savings and apply for insurance.<\/p>\n<p>You can also talk to an insurance broker if you are purchasing a private policy.<\/p>\n\t\t\t<a href=\"https:\/\/www.marylandhealthconnection.gov\/find-help\/\" target=\"_blank\" rel=\"noopener\">\n\t\t\t\t\t\t\tT\u00ecm tr\u1ee3 gi\u00fap\n\t\t\t<\/a>\n\t\t<h3>How do I apply?<\/h3>\n\t\t<p>You can find a plan through Maryland Health Connection. Make sure you understand the costs and the coverage. Check to make sure your doctors are included in the plan you choose.<\/p>\n<p>And if you need help, use the free counseling support.<\/p>\n\t\t\t<a href=\"http:\/\/marylandhealthconnection.gov\" target=\"_blank\" rel=\"noopener nofollow\">\n\t\t\t\t\t\t\t\u00c1p d\u1ee5ng\n\t\t\t<\/a>\n<figure itemscope itemtype=\"https:\/\/schema.org\/ImageObject\">\n\t\t\t\t<img decoding=\"async\" src=\"http:\/\/211md.org\/wp-content\/uploads\/2026\/04\/two-women-sitting-at-a-computer-looking-at-options.jpg\" alt=\"counselor helping someone choose a plan\" title=\"two women sitting at a computer looking at options\" onerror=\"this.style.display='none'\" loading=\"lazy\" \/>\n\t<\/figure>\n<figure itemscope itemtype=\"https:\/\/schema.org\/ImageObject\">\n\t\t\t\t<img decoding=\"async\" src=\"http:\/\/211md.org\/wp-content\/uploads\/2026\/04\/front-desk-at-medical-office-with-patient-paying-with-insurance.jpg\" alt=\"patient paying for health care\" title=\"front desk at medical office with patient paying with insurance\" onerror=\"this.style.display='none'\" loading=\"lazy\" \/>\n\t<\/figure>\n\t<h2>Applying for Health Insurance and Medicaid<\/h2>\n<p>Whether you apply for Medicaid or a private health insurance plan in Maryland, all applications go through Maryland Health Connection. It&#8217;s a one-stop shop.<\/p>\n\t\t<h3>Open Enrollment<\/h3>\n\t\t<p>Uninsured Marylanders can apply for coverage during open enrollment, which starts in November. Coverage starts on January 1 of the following year.<\/p>\n<p>\u0110\u00f4i khi c\u00f3\u00a0<a href=\"https:\/\/www.marylandhealthconnection.gov\/how-to-enroll\/special-enrollment\/\" target=\"_blank\" rel=\"noopener\">k\u1ef3 tuy\u1ec3n sinh \u0111\u1eb7c bi\u1ec7t<\/a> that allow you to apply for coverage at any time of year. In addition, you can enroll during a qualifying life event.<\/p>\n<p>Special enrollment periods include:<\/p>\n<ul>\n<li>Tr\u1edf n\u00ean kh\u00f4ng \u0111\u1ee7 \u0111i\u1ec1u ki\u1ec7n nh\u1eadn Medicaid ho\u1eb7c MCHP<\/li>\n<li>K\u1ebft h\u00f4n ho\u1eb7c ly h\u00f4n<\/li>\n<li>Sinh con, nh\u1eadn con nu\u00f4i ho\u1eb7c cho con l\u00e0m con nu\u00f4i ho\u1eb7c ch\u0103m s\u00f3c nu\u00f4i d\u01b0\u1ee1ng<\/li>\n<li>Chuy\u1ec3n \u0111\u1ebfn Maryland v\u00e0 m\u1ed9t s\u1ed1 chuy\u1ec3n trong ti\u1ec3u bang<\/li>\n<li>Th\u1eddi h\u1ea1n b\u1ea3o hi\u1ec3m c\u1ee7a COBRA k\u1ebft th\u00fac<\/li>\n<li>Thay \u0111\u1ed5i qu\u1ed1c t\u1ecbch ho\u1eb7c t\u00ecnh tr\u1ea1ng nh\u1eadp c\u01b0<\/li>\n<li>Giam gi\u1eef hay ph\u00f3ng th\u00edch<\/li>\n<li>Thay \u0111\u1ed5i t\u00ecnh tr\u1ea1ng l\u00e0 Ng\u01b0\u1eddi M\u1ef9 Da \u0110\u1ecf\/Th\u1ed5 D\u00e2n Alaska<\/li>\n<li>Mang thai (L\u01b0u \u00fd: b\u1ea1n c\u00f3 90 ng\u00e0y \u0111\u1ec3 \u0111\u0103ng k\u00fd k\u1ec3 t\u1eeb khi vi\u1ec7c mang thai \u0111\u01b0\u1ee3c x\u00e1c nh\u1eadn.)<\/li>\n<li>C\u00f3 \u0111\u01b0\u1ee3c ho\u1eb7c m\u1ea5t \u0111i m\u1ed9t ng\u01b0\u1eddi ph\u1ee5 thu\u1ed9c<\/li>\n<li>Certain losses of other health coverage, like insurance through your job<\/li>\n<li>Enrolled in your parents&#8217; plan, and you turn 26 years old<\/li>\n<\/ul>\n\t\t\t<a href=\"https:\/\/www.marylandhealthconnection.gov\/\" target=\"_blank\" rel=\"noopener\">\n\t\t\t\t\t\t\u00c1p d\u1ee5ng\n\t\t\t\t\t<\/a>\n\t<h3>r\u1eafn h\u1ed5 mang<\/h3>\n<p>If you left a job and had medical coverage through your employer, you may be able to temporarily keep your coverage after leaving your job.<\/p>\n<p>\u0110\u1ea1o lu\u1eadt H\u00f2a gi\u1ea3i Ng\u00e2n s\u00e1ch Omnibus H\u1ee3p nh\u1ea5t (COBRA) cung c\u1ea5p b\u1ea3o hi\u1ec3m trong m\u1ed9t kho\u1ea3ng th\u1eddi gian gi\u1edbi h\u1ea1n n\u1ebfu b\u1ea1n \u0111\u0103ng k\u00fd trong v\u00f2ng 60 ng\u00e0y k\u1ec3 t\u1eeb ng\u00e0y l\u00e0m vi\u1ec7c cu\u1ed1i c\u00f9ng c\u1ee7a b\u1ea1n. Tuy nhi\u00ean, t\u1ef7 l\u1ec7 c\u00f3 th\u1ec3 t\u0103ng so v\u1edbi nh\u1eefng g\u00ec b\u1ea1n \u0111\u00e3 tr\u1ea3 trong khi l\u00e0m vi\u1ec7c.<\/p>\n\t\t<h2>Ph\u00fac l\u1ee3i Medicare<\/h2>\n<p>If you are 65 years old or older, have a certain disability and are under age 65, or have End-Stage Renal Disease (ESRD), you may be eligible for Medicare.<\/p>\n<p>Ghi danh m\u1edf di\u1ec5n ra v\u00e0o nh\u1eefng ng\u00e0y c\u1ee5 th\u1ec3 v\u00e0o m\u00f9a thu h\u00e0ng n\u0103m.<\/p>\n<p>Trong th\u1eddi gian \u0111\u0103ng k\u00fd m\u1edf c\u1ee7a Medicare, b\u1ea1n c\u00f3 c\u01a1 h\u1ed9i xem l\u1ea1i ch\u01b0\u01a1ng tr\u00ecnh c\u1ee7a m\u00ecnh, mua b\u1ea3o hi\u1ec3m m\u1edbi v\u00e0 \u0111\u1ea3m b\u1ea3o quy\u1ec1n l\u1ee3i c\u1ee7a b\u1ea1n l\u00e0 nh\u1eefng quy\u1ec1n l\u1ee3i t\u1ed1t nh\u1ea5t cho n\u0103m t\u1edbi.<\/p>\n<p>Learn more about\u00a0Medicare options and costs.<\/p>\n\t\t\t<a href=\"https:\/\/www.medicare.gov\/\" target=\"_blank\" rel=\"noopener\">\n\t\t\t\t\t\tMedicare Options\n\t\t\t\t\t<\/a>\n\t\t<h3>SHIP Can Help You Find the best plan<\/h3>\n<p>If you need help finding the best program for your needs, contact a State Health Insurance Assistance Program (SHIP) counselor.<\/p>\n<p>They can help you understand costs and coverage, compare options, enroll or change plans, and correct billing issues.<\/p>\n<p>C\u00e1c c\u1ed1 v\u1ea5n t\u00ecnh nguy\u1ec7n v\u00e0 \u0111\u01b0\u1ee3c \u0111\u00e0o t\u1ea1o s\u1eb5n s\u00e0ng h\u1ed7 tr\u1ee3 mi\u1ec5n ph\u00ed t\u1ea1i c\u00e1c qu\u1eadn kh\u1eafp Maryland v\u00e0 Th\u00e0nh ph\u1ed1 Baltimore.<\/p>\n\t\t\t<a href=\"https:\/\/aging.maryland.gov\/Pages\/state-health-insurance-program.aspx?fbclid=IwAR1Haustinh1z0yqeLGZi8DOuylIjQRGebVGnXwBiICmVlgOYkCbq92SYtY\" target=\"_blank\" rel=\"noopener\">\n\t\t\t\t\t\tFind a SHIP Counselor\n\t\t\t\t\t<\/a>\n\t\t<figure itemscope itemtype=\"https:\/\/schema.org\/ImageObject\">\n\t\t\t\t<a href=\"https:\/\/search.211md.org\/\" target=\"_blank\" rel=\"noopener\" itemprop=\"url\">\n\t\t\t\t<img decoding=\"async\" src=\"https:\/\/stg-maryland211-staging.kinsta.cloud\/wp-content\/uploads\/2025\/08\/2025_MdInfoNet_Icon-Sets-white_Locate.png\" alt=\"\" onerror=\"this.style.display='none'\" loading=\"lazy\" \/>\n\t\t\t\t<\/a>\n\t<\/figure>\n<h2><a href=\"https:\/\/search.211md.org\/\" target=\"_blank\" rel=\"noopener\">T\u00ecm t\u00e0i nguy\u00ean ngay<\/a><\/h2><p>T\u00ecm th\u1ea5y <strong>t\u00e0i nguy\u00ean c\u1ed9ng \u0111\u1ed3ng <\/strong>\u0111\u1ec3 t\u00ecm ki\u1ebfm th\u1ef1c ph\u1ea9m, ch\u0103m s\u00f3c s\u1ee9c kh\u1ecfe, nh\u00e0 \u1edf v\u00e0 nhi\u1ec1u th\u00f4ng tin kh\u00e1c trong c\u01a1 s\u1edf d\u1eef li\u1ec7u c\u1ee7a ch\u00fang t\u00f4i. T\u00ecm ki\u1ebfm theo m\u00e3 ZIP.<\/p>\n\t\t\t<a href=\"https:\/\/search.211md.org\/\" target=\"_blank\" rel=\"noopener\">\n\t\t\t\t\t\t\tT\u00ecm ki\u1ebfm ngay b\u00e2y gi\u1edd\n\t\t\t<\/a>\n\t\t<h2>B\u1ea3o hi\u1ec3m nha khoa<\/h2>\n<p>While dental coverage is provided at no cost to children and pregnant women through Medicaid and MCHP, other uninsured individuals may need a separate dental plan from Maryland Health Connection.<\/p>\n<p><a href=\"https:\/\/www.marylandhealthconnection.gov\/health-coverage\/dental-plans\/\" target=\"_blank\" rel=\"noopener\">T\u00ecm hi\u1ec3u th\u00eam v\u1ec1 c\u00e1c l\u1ef1a ch\u1ecdn ch\u01b0\u01a1ng tr\u00ecnh nha khoa\u00a0<\/a>from Maryland Health Connection. You can apply for benefits during open enrollment.<\/p>\n<h3>Free and low-cost dental clinic<\/h3>\n<p>If you end up without dental insurance, there are free and low-cost dental clinics throughout Maryland.<\/p>\n\t\t\t<a href=\"\/vi\/tai-nguyen\/cham-soc-suc-khoe\/cham-soc-nha-khoa\/\"  target=\"_blank\" rel=\"noopener\">\n\t\t\t\t\t\tFind a free or low cost dental clinic\n\t\t\t\t\t<\/a>\n<figure itemscope itemtype=\"https:\/\/schema.org\/ImageObject\">\n\t\t\t\t<img decoding=\"async\" src=\"http:\/\/211md.org\/wp-content\/uploads\/2025\/11\/Dentist-showing-patient-xrays-of-tooth-at-dental-clinic.jpg\" alt=\"Xrays at a dentists office\" title=\"Dentist showing patient xrays of tooth at dental clinic\" onerror=\"this.style.display='none'\" loading=\"lazy\" \/>\n\t<\/figure>\n<h2>\n\t\t\tMore Health Related Information\t<\/h2>\n\t\t<h4><a href=\"\/vi\/tai-nguyen\/lao-hoa-khuyet-tat\/?utm_source=Home&#038;utm_medium=Referral&#038;utm_campaign=211Resources&#038;utm_content=Aging\" target=\"_self\">L\u00e3o h\u00f3a &amp; Khuy\u1ebft t\u1eadt<\/a><\/h4><figure itemscope itemtype=\"https:\/\/schema.org\/ImageObject\">\n\t\t\t\t<a href=\"\/vi\/tai-nguyen\/lao-hoa-khuyet-tat\/?utm_source=Home&#038;utm_medium=Referral&#038;utm_campaign=211Resources&#038;utm_content=Aging\"  target=\"_self\" itemprop=\"url\">\n\t\t\t\t<img decoding=\"async\" src=\"https:\/\/211md.org\/wp-content\/uploads\/bb-plugin\/cache\/2025_MdInfoNet_Icon-Sets_Aging-disability-square-c466727102cae71e5f27b8539bb51945-.png\" alt=\"\" onerror=\"this.style.display='none'\" loading=\"lazy\" \/>\n\t\t\t\t<\/a>\n\t<\/figure>\n\t\t<h4><a href=\"\/vi\/tai-nguyen\/gia-dinh-tre-em\/?utm_source=Home&#038;utm_medium=Referral&#038;utm_campaign=211Resources&#038;utm_content=Children\" target=\"_self\">Tr\u1ebb em &amp; Gia \u0111\u00ecnh<\/a><\/h4><figure itemscope itemtype=\"https:\/\/schema.org\/ImageObject\">\n\t\t\t\t<a href=\"\/vi\/tai-nguyen\/gia-dinh-tre-em\/?utm_source=Home&#038;utm_medium=Referral&#038;utm_campaign=211Resources&#038;utm_content=Children\"  target=\"_self\" itemprop=\"url\">\n\t\t\t\t<img decoding=\"async\" src=\"https:\/\/211md.org\/wp-content\/uploads\/bb-plugin\/cache\/2025_211_Icon-Sets_Child-care-square-f3b0d4edab3dcc467fadb5f55f4064c6-.png\" alt=\"parent and child icon for child care\" height=\"417\" width=\"417\" title=\"2025_211_B\u1ed9 bi\u1ec3u t\u01b0\u1ee3ng_Ch\u0103m s\u00f3c tr\u1ebb em\" onerror=\"this.style.display='none'\" loading=\"lazy\" \/>\n\t\t\t\t<\/a>\n\t<\/figure>\n\t\t<h4><a href=\"\/vi\/tai-nguyen\/gia-dinh-bao-luc\/?utm_source=Home&#038;utm_medium=Referral&#038;utm_campaign=211Resources&#038;utm_content=Domestic\" target=\"_self\">B\u1ea1o l\u1ef1c gia \u0111\u00ecnh<\/a><\/h4><figure itemscope itemtype=\"https:\/\/schema.org\/ImageObject\">\n\t\t\t\t<a href=\"\/vi\/tai-nguyen\/gia-dinh-bao-luc\/?utm_source=Home&#038;utm_medium=Referral&#038;utm_campaign=211Resources&#038;utm_content=Domestic\"  target=\"_self\" itemprop=\"url\">\n\t\t\t\t<img decoding=\"async\" src=\"https:\/\/211md.org\/wp-content\/uploads\/bb-plugin\/cache\/2025_211_Icon-Sets_Domestic-Violence-square-7b597694a6f05fe90cdc376aa573bc63-.png\" alt=\"House with a heart in the middle icon\" height=\"417\" width=\"417\" title=\"2025_211_B\u1ed9 bi\u1ec3u t\u01b0\u1ee3ng_B\u1ea1o l\u1ef1c gia \u0111\u00ecnh\" onerror=\"this.style.display='none'\" loading=\"lazy\" \/>\n\t\t\t\t<\/a>\n\t<\/figure>\n\t\t<h4><a href=\"\/vi\/tai-nguyen\/tim-kiem-viec-lam\/?utm_source=Home&#038;utm_medium=Referral&#038;utm_campaign=211Resources&#038;utm_content=Employment\" target=\"_self\">Thu\u00ea ng\u01b0\u1eddi l\u00e0m<\/a><\/h4><figure itemscope itemtype=\"https:\/\/schema.org\/ImageObject\">\n\t\t\t\t<a href=\"\/vi\/tai-nguyen\/tim-kiem-viec-lam\/?utm_source=Home&#038;utm_medium=Referral&#038;utm_campaign=211Resources&#038;utm_content=Employment\"  target=\"_self\" itemprop=\"url\">\n\t\t\t\t<img decoding=\"async\" src=\"https:\/\/211md.org\/wp-content\/uploads\/bb-plugin\/cache\/2025_MdInfoNet_Icon-Sets_Employment-square-44707bd410e4df10a470bf130ebcea86-.png\" alt=\"\" onerror=\"this.style.display='none'\" loading=\"lazy\" \/>\n\t\t\t\t<\/a>\n\t<\/figure>\n\t\t<h4><a href=\"\/vi\/tai-nguyen\/cham-soc-suc-khoe\/?utm_source=Home&#038;utm_medium=Referral&#038;utm_campaign=211Resources&#038;utm_content=Health%20Care\" target=\"_self\">Ch\u0103m s\u00f3c s\u1ee9c kh\u1ecfe<\/a><\/h4><figure itemscope itemtype=\"https:\/\/schema.org\/ImageObject\">\n\t\t\t\t<a href=\"\/vi\/tai-nguyen\/cham-soc-suc-khoe\/?utm_source=Home&#038;utm_medium=Referral&#038;utm_campaign=211Resources&#038;utm_content=Health%20Care\"  target=\"_self\" itemprop=\"url\">\n\t\t\t\t<img decoding=\"async\" src=\"https:\/\/211md.org\/wp-content\/uploads\/bb-plugin\/cache\/2025_MdInfoNet_Icon-Sets_Health-Care-square-dee98a0060cbe0e7f27eda253fc12679-.png\" alt=\"\" onerror=\"this.style.display='none'\" loading=\"lazy\" \/>\n\t\t\t\t<\/a>\n\t<\/figure>\n\t\t<h4><a href=\"\/vi\/tai-nguyen\/moi-doi-voi-chung-toi-va-maryland\/?utm_source=Home&#038;utm_medium=Referral&#038;utm_campaign=211Resources&#038;utm_content=Immigration\" target=\"_self\">nh\u1eadp c\u01b0<\/a><\/h4><figure itemscope itemtype=\"https:\/\/schema.org\/ImageObject\">\n\t\t\t\t<a href=\"\/vi\/tai-nguyen\/moi-doi-voi-chung-toi-va-maryland\/?utm_source=Home&#038;utm_medium=Referral&#038;utm_campaign=211Resources&#038;utm_content=Immigration\"  target=\"_self\" itemprop=\"url\">\n\t\t\t\t<img decoding=\"async\" src=\"https:\/\/211md.org\/wp-content\/uploads\/bb-plugin\/cache\/2025_MdInfoNet_Icon-Sets_Immigration-square-8b97b7fdfe5e6071405e216855065118-.png\" alt=\"bi\u1ec3u t\u01b0\u1ee3ng nh\u1eadp c\u01b0\" title=\"2025_MdInfoNet_Icon-Sets_Immigration\" onerror=\"this.style.display='none'\" loading=\"lazy\" \/>\n\t\t\t\t<\/a>\n\t<\/figure>\n\t\t<h4><a href=\"\/vi\/tai-nguyen\/gia-dinh-tre-em\/quan-he-ho-hang\/?utm_source=Home&#038;utm_medium=Referral&#038;utm_campaign=211Resources&#038;utm_content=Kinship\" target=\"_self\">h\u1ecd h\u00e0ng<\/a><\/h4><figure itemscope itemtype=\"https:\/\/schema.org\/ImageObject\">\n\t\t\t\t<a href=\"\/vi\/tai-nguyen\/gia-dinh-tre-em\/quan-he-ho-hang\/?utm_source=Home&#038;utm_medium=Referral&#038;utm_campaign=211Resources&#038;utm_content=Kinship\"  target=\"_self\" itemprop=\"url\">\n\t\t\t\t<img decoding=\"async\" src=\"https:\/\/211md.org\/wp-content\/uploads\/bb-plugin\/cache\/2025_211_Icon-Sets_Kinship-square-45bdf872866f5735f842c32071109267-.png\" alt=\"Bi\u1ec3u t\u01b0\u1ee3ng h\u1ecd h\u00e0ng\" height=\"417\" width=\"417\" title=\"2025_211_B\u1ed9 bi\u1ec3u t\u01b0\u1ee3ng_Quan h\u1ec7 h\u1ecd h\u00e0ng\" onerror=\"this.style.display='none'\" loading=\"lazy\" \/>\n\t\t\t\t<\/a>\n\t<\/figure>\n\t\t<h4><a href=\"\/vi\/tai-nguyen\/dich-vu-phap-ly\/?utm_source=Home&#038;utm_medium=Referral&#038;utm_campaign=211Resources&#038;utm_content=Legal\" target=\"_self\">D\u1ecbch v\u1ee5 ph\u00e1p l\u00fd<\/a><\/h4><figure itemscope itemtype=\"https:\/\/schema.org\/ImageObject\">\n\t\t\t\t<a href=\"\/vi\/tai-nguyen\/dich-vu-phap-ly\/?utm_source=Home&#038;utm_medium=Referral&#038;utm_campaign=211Resources&#038;utm_content=Legal\"  target=\"_self\" itemprop=\"url\">\n\t\t\t\t<img decoding=\"async\" src=\"https:\/\/211md.org\/wp-content\/uploads\/bb-plugin\/cache\/2025_MdInfoNet_Icon-Sets_Legal-square-18fdf438feb8435588174d9046463257-.png\" alt=\"\" onerror=\"this.style.display='none'\" loading=\"lazy\" \/>\n\t\t\t\t<\/a>\n\t<\/figure>\n\t\t<h4><a href=\"\/vi\/tai-nguyen\/suc-khoe-tinh-than\/?utm_source=Home&#038;utm_medium=Referral&#038;utm_campaign=211Resources&#038;utm_content=Mental\" target=\"_self\">S\u1ee9c kh\u1ecfe tinh th\u1ea7n<\/a><\/h4><figure itemscope itemtype=\"https:\/\/schema.org\/ImageObject\">\n\t\t\t\t<a href=\"\/vi\/tai-nguyen\/suc-khoe-tinh-than\/?utm_source=Home&#038;utm_medium=Referral&#038;utm_campaign=211Resources&#038;utm_content=Mental\"  target=\"_self\" itemprop=\"url\">\n\t\t\t\t<img decoding=\"async\" src=\"https:\/\/211md.org\/wp-content\/uploads\/bb-plugin\/cache\/2025_MdInfoNet_Icon-Sets_Mental-Health-square-c59b38c4a993a947d4c9280fbe2d2fee-.png\" alt=\"\" onerror=\"this.style.display='none'\" loading=\"lazy\" \/>\n\t\t\t\t<\/a>\n\t<\/figure>\n\t\t<h4><a href=\"\/vi\/tai-nguyen\/mdreentry\/?utm_source=Home&#038;utm_medium=Referral&#038;utm_campaign=211Resources&#038;utm_content=Reentry\" target=\"_self\">V\u00e0o l\u1ea1i<\/a><\/h4><figure itemscope itemtype=\"https:\/\/schema.org\/ImageObject\">\n\t\t\t\t<a href=\"\/vi\/tai-nguyen\/mdreentry\/?utm_source=Home&#038;utm_medium=Referral&#038;utm_campaign=211Resources&#038;utm_content=Reentry\"  target=\"_self\" itemprop=\"url\">\n\t\t\t\t<img decoding=\"async\" src=\"https:\/\/211md.org\/wp-content\/uploads\/bb-plugin\/cache\/2025_211_Icon-Sets_Reentry-square-8676fea38abd920a832f45642fe31cca-.png\" alt=\"Bi\u1ec3u t\u01b0\u1ee3ng nh\u1eadp l\u1ea1i\" height=\"417\" width=\"417\" title=\"2025_211_B\u1ed9 bi\u1ec3u t\u01b0\u1ee3ng_Nh\u1eadp l\u1ea1i\" onerror=\"this.style.display='none'\" loading=\"lazy\" \/>\n\t\t\t\t<\/a>\n\t<\/figure>\n\t\t<h4><a href=\"\/vi\/tai-nguyen\/su-dung-chat-kich-thich\/?utm_source=Home&#038;utm_medium=Referral&#038;utm_campaign=211Resources&#038;utm_content=Substance\" target=\"_self\">S\u1eed d\u1ee5ng ch\u1ea5t k\u00edch th\u00edch<\/a><\/h4><figure itemscope itemtype=\"https:\/\/schema.org\/ImageObject\">\n\t\t\t\t<a href=\"\/vi\/tai-nguyen\/su-dung-chat-kich-thich\/?utm_source=Home&#038;utm_medium=Referral&#038;utm_campaign=211Resources&#038;utm_content=Substance\"  target=\"_self\" itemprop=\"url\">\n\t\t\t\t<img decoding=\"async\" src=\"https:\/\/211md.org\/wp-content\/uploads\/bb-plugin\/cache\/2025_MdInfoNet_Icon-Sets_Substance-Abuse-square-4f414f085e657267739c181957754f48-.png\" alt=\"Pills for substance Use icon\" title=\"2025_MdInfoNet_Icon-Sets_Substance-Abuse\" onerror=\"this.style.display='none'\" loading=\"lazy\" \/>\n\t\t\t\t<\/a>\n\t<\/figure>\n\t\t<h4><a href=\"\/vi\/tai-nguyen\/cuu-chien-binh\/?utm_source=Home&#038;utm_medium=Referral&#038;utm_campaign=211Resources&#038;utm_content=Veterans\" target=\"_self\">c\u1ef1u chi\u1ebfn binh<\/a><\/h4><figure itemscope itemtype=\"https:\/\/schema.org\/ImageObject\">\n\t\t\t\t<a href=\"\/vi\/tai-nguyen\/cuu-chien-binh\/?utm_source=Home&#038;utm_medium=Referral&#038;utm_campaign=211Resources&#038;utm_content=Veterans\"  target=\"_self\" itemprop=\"url\">\n\t\t\t\t<img decoding=\"async\" src=\"https:\/\/211md.org\/wp-content\/uploads\/bb-plugin\/cache\/2025_MdInfoNet_Icon-Sets_Rating-square-6e60d00cce4faa8e0a6d4ad7366aa733-.png\" alt=\"\" onerror=\"this.style.display='none'\" loading=\"lazy\" \/>\n\t\t\t\t<\/a>\n\t<\/figure>","protected":false},"excerpt":{"rendered":"<p>Are you uninsured? There are a number of circumstances that may qualify you for free health insurance or a low-cost plan. Learn about Medicaid, private health insurance (discounts available), Medicare, and dental insurance. 211 can answer health insurance questions. Dial 211 or search the database for local health insurance resources, such as a navigator who&hellip;<\/p>","protected":false},"author":8,"featured_media":33763,"parent":838,"menu_order":0,"comment_status":"closed","ping_status":"closed","template":"","meta":{"footnotes":""},"class_list":["post-1107","page","type-page","status-publish","has-post-thumbnail","hentry"],"_links":{"self":[{"href":"https:\/\/211md.org\/vi\/wp-json\/wp\/v2\/pages\/1107","targetHints":{"allow":["GET"]}}],"collection":[{"href":"https:\/\/211md.org\/vi\/wp-json\/wp\/v2\/pages"}],"about":[{"href":"https:\/\/211md.org\/vi\/wp-json\/wp\/v2\/types\/page"}],"author":[{"embeddable":true,"href":"https:\/\/211md.org\/vi\/wp-json\/wp\/v2\/users\/8"}],"replies":[{"embeddable":true,"href":"https:\/\/211md.org\/vi\/wp-json\/wp\/v2\/comments?post=1107"}],"version-history":[{"count":11,"href":"https:\/\/211md.org\/vi\/wp-json\/wp\/v2\/pages\/1107\/revisions"}],"predecessor-version":[{"id":34473,"href":"https:\/\/211md.org\/vi\/wp-json\/wp\/v2\/pages\/1107\/revisions\/34473"}],"up":[{"embeddable":true,"href":"https:\/\/211md.org\/vi\/wp-json\/wp\/v2\/pages\/838"}],"wp:featuredmedia":[{"embeddable":true,"href":"https:\/\/211md.org\/vi\/wp-json\/wp\/v2\/media\/33763"}],"wp:attachment":[{"href":"https:\/\/211md.org\/vi\/wp-json\/wp\/v2\/media?parent=1107"}],"curies":[{"name":"wp","href":"https:\/\/api.w.org\/{rel}","templated":true}]}}