{"id":1108,"date":"2021-04-19T14:52:35","date_gmt":"2021-04-19T14:52:35","guid":{"rendered":"https:\/\/211md.org\/?page_id=1108"},"modified":"2026-04-04T10:04:52","modified_gmt":"2026-04-04T14:04:52","slug":"cuu-thuong","status":"publish","type":"page","link":"https:\/\/211md.org\/vi\/resources\/health-care\/medicaid\/","title":{"rendered":"How Maryland Medicaid Works"},"content":{"rendered":"<figure data-animation-delay=\"0\" data-animation-duration=\"1\" itemscope itemtype=\"https:\/\/schema.org\/ImageObject\">\n\t\t\t\t<img decoding=\"async\" src=\"https:\/\/stg-maryland211-staging.kinsta.cloud\/wp-content\/uploads\/2025\/08\/5-1-scaled.png\" alt=\"5\" height=\"692\" width=\"2560\" title=\"5\" onerror=\"this.style.display='none'\" loading=\"lazy\" \/>\n\t<\/figure>\n\t\t<p>Medicaid is available to individuals and families with limited income and resources, including pregnant women and some immigrants.<\/p>\n<p>Children up to age 19 may qualify for Medicaid coverage through the Maryland Children&#8217;s Health Program (MCHP), even if their parents don&#8217;t qualify.<\/p>\n<p>Unlike most health plans, enrollment is available year-round.<\/p>\n<p>If you need help applying for Medicaid or finding the right plan, dial 211 or connect with a Medicaid navigator program.<\/p>\n\t\t\t<a href=\"#help\"  target=\"_self\">\n\t\t\t\t\t\t\tGet Help With Medicaid\n\t\t\t\t\t<\/a>\n<figure data-animation-delay=\"0\" data-animation-duration=\"1\" itemscope itemtype=\"https:\/\/schema.org\/ImageObject\">\n\t\t\t\t<img decoding=\"async\" src=\"https:\/\/211md.org\/wp-content\/plugins\/bb-plugin\/img\/pixel.png\" alt=\"\" onerror=\"this.style.display='none'\" loading=\"lazy\" \/>\n\t<\/figure>\n<figure data-animation-delay=\"0\" data-animation-duration=\"1.3\" itemscope itemtype=\"https:\/\/schema.org\/ImageObject\">\n\t\t\t\t<img decoding=\"async\" src=\"https:\/\/stg-maryland211-staging.kinsta.cloud\/wp-content\/uploads\/2025\/08\/16.png\" alt=\"16\" height=\"1000\" width=\"1000\" title=\"16\" onerror=\"this.style.display='none'\" loading=\"lazy\" \/>\n\t<\/figure>\n<figure itemscope itemtype=\"https:\/\/schema.org\/ImageObject\">\n\t\t\t\t<img decoding=\"async\" src=\"http:\/\/211md.org\/wp-content\/uploads\/2022\/11\/shutterstock_379214491.jpg\" alt=\"girl playing with doctor\" title=\"B\u00e1c s\u0129, B\u00e1c s\u0129 chuy\u00ean khoa tai, \u0110ang kh\u00e1m, V\u1edbi, B\u1ec7nh nh\u00e2n, C\u1ee7a anh \u1ea5y, S\u1eed d\u1ee5ng, \u1ed0ng soi tai\" onerror=\"this.style.display='none'\" loading=\"lazy\" \/>\n\t<\/figure>\n\t\t<h3>Who Qualifies for Medicaid?<\/h3>\n\t\t<p>Medicaid is typically available to those who financially qualify and are:<\/p>\n<ul>\n<li>An adult 20-64 years old<\/li>\n<li>A child 0-19 years old<\/li>\n<li>Pregnant individual<\/li>\n<li>Parent or primary caretaker<\/li>\n<li>Former foster care youth<\/li>\n<\/ul>\n<p>If you receive other types of public assistance, you may automatically be offered Medicaid.<\/p>\n<p>Medicaid costs are income-based and depend on family size. To get an idea of whether you qualify, recent guidelines indicate that coverage is available for a family of four with children at incomes up to $8,855 per month. However, eligibility changes. <a href=\"https:\/\/www.marylandhealthconnection.gov\/how-to-enroll\/medicaid\/\" target=\"_blank\" rel=\"noopener\">View the latest guidelines<\/a>.<\/p>\n\t\t\t<a href=\"https:\/\/www.marylandhealthconnection.gov\/\" target=\"_blank\" rel=\"noopener\">\n\t\t\t\t\t\t\t\u00c1p d\u1ee5ng\n\t\t\t<\/a>\n\t<h3>Pregnant Women<\/h3>\n<p>While pregnant, you may be eligible for Medicaid. You can apply at any time during the pregnancy. Coverage also extends past birth for 12 months, so you have time to access postpartum and other health services.<\/p>\n<p>There are income limits.<\/p>\n\t\t<h3>Are Immigrants Eligible for Medicaid?<\/h3>\n\t\t<p>Depending on your immigration status, you may be able to apply for Medicaid. You typically qualify if you&#8217;ve lawfully been in the U.S. for 5 years.<\/p>\n<p>However, children under 21 are not subject to the 5-year rule. Also,\u00a0pregnant women (regardless of immigration status) are eligible for Medicaid.<\/p>\n<p>You don&#8217;t need a Social Security Number (SSN) or Taxpayer Identification Number to apply. If you request financial help and file taxes, you will be asked for your SSN.<\/p>\n<p>Federal rules are changing, including the qualifications for financial help with a private plan. You can still apply, but costs may go up.<\/p>\n<p>Read the Maryland Health Connection Frequently Asked Questions (FAQs) about immigration status.<\/p>\n\t\t\t<a href=\"https:\/\/www.marylandhealthconnection.gov\/health-coverage\/immigrant-families\/\" target=\"_blank\" rel=\"noopener\">\n\t\t\t\t\t\t\tRead the FAQs\n\t\t\t<\/a>\n<figure itemscope itemtype=\"https:\/\/schema.org\/ImageObject\">\n\t\t\t\t<img decoding=\"async\" src=\"http:\/\/211md.org\/wp-content\/uploads\/2022\/05\/doctor-with-young-child-providing-health-care.jpg\" alt=\"b\u00e1c s\u0129 c\u00f3 con nh\u1ecf ch\u0103m s\u00f3c s\u1ee9c kh\u1ecfe\" title=\"b\u00e1c-s\u0129-c\u00f3-tr\u1ebb-tr\u1ebb-cung-c\u1ea5p-ch\u0103m-s\u00f3c\" onerror=\"this.style.display='none'\" loading=\"lazy\" \/>\n\t<\/figure>\n\t\t<h2>Medicaid for Children<\/h2>\n\t\t<p>Children may qualify for additional Medicaid health benefits under the Maryland Children&#8217;s Health Program (MCHP). It&#8217;s the state&#8217;s Medicaid program for children up to age 19. Costs may vary, depending on income and family size.<\/p>\n<h3>Ch\u01b0\u01a1ng tr\u00ecnh S\u1ee9c kh\u1ecfe Tr\u1ebb em Maryland<\/h3>\n<p>Like Medicaid, care is provided by a Managed Care Organization (MCO).<\/p>\n<p>The MCO provides the following benefits for children:<\/p>\n<ul>\n<li>Ch\u0103m s\u00f3c nha khoa<\/li>\n<li>Doctor visits, including sick and well-visits<\/li>\n<li>nh\u1eadp vi\u1ec7n<\/li>\n<li>C\u00f4ng vi\u1ec7c trong ph\u00f2ng th\u00ed nghi\u1ec7m v\u00e0 th\u1eed nghi\u1ec7m<\/li>\n<li>H\u1ed7 tr\u1ee3 s\u1ee9c kh\u1ecfe t\u00e2m th\u1ea7n<\/li>\n<li><a href=\"\/vi\/tai-nguyen\/su-dung-chat-kich-thich\/\">\u0110i\u1ec1u tr\u1ecb s\u1eed d\u1ee5ng ch\u1ea5t g\u00e2y nghi\u1ec7n<\/a><\/li>\n<li>Ch\u00edch ng\u1eeba v\u00e0 ch\u00edch ng\u1eeba c\u00fam<\/li>\n<li>Thu\u1ed1c theo toa<\/li>\n<li>V\u1eadn chuy\u1ec3n \u0111\u1ebfn c\u00e1c cu\u1ed9c h\u1eb9n y t\u1ebf<\/li>\n<li>T\u1ea7m nh\u00ecn<\/li>\n<\/ul>\n\t\t\t<a href=\"https:\/\/www.marylandhealthconnection.gov\/\" target=\"_blank\" rel=\"noopener\">\n\t\t\t\t\t\t\t\u00c1p d\u1ee5ng\n\t\t\t<\/a>\n\t<h2>How Medicaid Works<\/h2>\n<p>Most people on Medicaid receive care through a Managed Care Organization (MCO).<\/p>\n<p>If you&#8217;re not enrolled in an MCO, your doctor must submit their fee to Medicaid for payment. These are fee-for-service plans.<\/p>\n<h3>What&#8217;s a Managed Care Organization (MCO)?<\/h3>\n<p>MCOs are private insurance companies chosen to provide and manage Medicaid benefits.<\/p>\n<p>The MCO covers your health care.<\/p>\n\t\t<h3>What&#8217;s Covered?<\/h3>\n\t\t<p><a href=\"https:\/\/www.marylandhealthconnection.gov\/after-you-enroll\/medicaid\/what-medicaid-covers\/\" target=\"_blank\" rel=\"noopener\">Most health care services<\/a> are covered by Medicaid.<\/p>\n<p>The MCO covers basic health services:<\/p>\n<ul>\n<li>Th\u0103m kh\u00e1m b\u00e1c s\u0129, bao g\u1ed3m ki\u1ec3m tra th\u01b0\u1eddng xuy\u00ean v\u00e0 b\u00e1c s\u0129 chuy\u00ean khoa<\/li>\n<li>ch\u0103m s\u00f3c thai k\u1ef3<\/li>\n<li>K\u1ebf ho\u1ea1ch h\u00f3a gia \u0111\u00ecnh v\u00e0 ki\u1ec3m so\u00e1t sinh s\u1ea3n<\/li>\n<li>Thu\u1ed1c theo toa<\/li>\n<li>D\u1ecbch v\u1ee5 b\u1ec7nh vi\u1ec7n v\u00e0 c\u1ea5p c\u1ee9u<\/li>\n<li>S\u01a1 \u0111\u1eb3ng\u00a0<a href=\"\/vi\/tai-nguyen\/suc-khoe-tinh-than\/\">d\u1ecbch v\u1ee5 s\u1ee9c kh\u1ecfe t\u00e2m th\u1ea7n<\/a>\u00a0th\u00f4ng qua b\u00e1c s\u0129 c\u1ee7a b\u1ea1n<\/li>\n<li>Xrays and lab work<\/li>\n<li>Home health services<\/li>\n<\/ul>\n<p>You&#8217;ll also get coverage for dental care under <a href=\"https:\/\/211md.org\/vi\/tai-nguyen\/cham-soc-suc-khoe\/cham-soc-nha-khoa\/\">Maryland&#8217;s Healthy Smiles Program<\/a>.<\/p>\n<h3>Finding an MCO<\/h3>\n<p>You have options for an MCO. Check which providers serve your area and whether your doctors and pharmacy are part of the MCO.<\/p>\n<p>You can also view the additional services that each provides.<\/p>\n<p>View a list of Managed Care Organizations to find the one for your situation.<\/p>\n\t\t\t<a href=\"https:\/\/www.marylandhealthconnection.gov\/assets\/MCO-Comparison-Chart.pdf\" target=\"_blank\" rel=\"noopener\">\n\t\t\t\t\t\tCompare options\n\t\t\t\t\t<\/a>\n\t<h3>How do I get help with enrollment?<\/h3>\n<p>If you have questions, free help is available in counties throughout Maryland. Navigators can answer questions in-person and help you find the most savings, and help with enrollment.<\/p>\n<p>The navigator programs are offered through third parties. Find the one nearest you.<\/p>\n<h4>Far Western Counties<\/h4>\nWhere: Garrett, Allegany, Washington<br \/>\nWho: <a href=\"http:\/\/ahecwest.org\/wmic\" target=\"_blank\" rel=\"noopener\">Western Maryland Health Insurance Connector<\/a> (AHEC West)<br \/>\nPhone: 888-202-0212\n<h4>Mid Western and Central Counties<\/h4>\nWhere: Frederick, Carroll, Howard, Baltimore, Baltimore City, Anne Arundel<br \/>\nWho: <a href=\"http:\/\/healthcareaccessmaryland.org\/how-we-help\/health-insurance\" target=\"_blank\" rel=\"noopener\">Health Care Access Maryland (HCAM)<\/a><br \/>\nPhone: 855-288-3667 and choose the navigator option.\n<h4>Capital North<\/h4>\nWhere: Montgomery<br \/>\nWho: <a href=\"http:\/\/montgomeryhealthconnection.org\" target=\"_blank\" rel=\"noopener\">Montgomery County Health Connection<\/a><br \/>\nPhone: 240-777-1815\n<h4>Capital South<\/h4>\nWhere: Prince George&#8217;s County<br \/>\nWho:\u00a0<a href=\"http:\/\/PGCHealthConnect.org\" target=\"_blank\" rel=\"noopener\">Prince George&#8217;s Health Connect<\/a> (PGC Health Connect)<br \/>\nPhone: 301-927-4500\n<h4>Eastern Shore &amp; Southern<\/h4>\nWhere: Harford, Cecil, Kent, Queen Anne&#8217;s, Talbot, Caroline, Dorchester, Wicomico, Somerset, Worcester, Calvert, Charles, St. Mary&#8217;s<br \/>\nWho: <a href=\"http:\/\/seedco.org\/marylandhealth\" target=\"_blank\" rel=\"noopener\">Seedco<\/a><br \/>\nPhone: 855-445-5540\n<p>Local health departments and departments of social services can also help. You can also call Maryland Health Connection at 1-855-642-8572 or <a href=\"https:\/\/www.marylandhealthconnection.gov\/find-help\/events\/\" target=\"_blank\" rel=\"noopener\">attend a local event<\/a>.<\/p>\n<figure itemscope itemtype=\"https:\/\/schema.org\/ImageObject\">\n\t\t\t\t<img decoding=\"async\" src=\"http:\/\/211md.org\/wp-content\/uploads\/2026\/04\/counselor-helping-someone-choose-a-health-plan.jpg\" alt=\"health counselor offering help at computer\" title=\"counselor helping someone choose a health plan\" onerror=\"this.style.display='none'\" loading=\"lazy\" \/>\n\t<\/figure>\n\t<h2>How Do I Enroll?<\/h2>\n<p>Medicaid enrollment is through Maryland Health Connection.<\/p>\n<h3>What is Maryland Health Connection?<\/h3>\n<p>It&#8217;s a one-stop enrollment resource for Medicaid and private insurance. You can get an <a href=\"https:\/\/app.marylandhealthconnection.gov\/hixui\/public\/home.html#\/getEstimate?lang=en_US&amp;firstTime=1\" target=\"_blank\" rel=\"noopener\">estimate of coverage costs<\/a> before creating an account and applying for a plan.<\/p>\n<h3>Khi n\u00e0o \u0111\u0103ng k\u00fd?<\/h3>\n<p>Enrollment is open year-round\u00a0for MCHP and Medicaid, through Maryland Health Connection.<\/p>\n<p>If you become pregnant, you can also enroll in a health plan or change it within 90 days of learning you&#8217;re pregnant.<\/p>\n<p>C\u00e1c c\u00e1 nh\u00e2n c\u1ea7n gia h\u1ea1n b\u1ea3o hi\u1ec3m m\u1ed7i n\u0103m m\u1ed9t l\u1ea7n. B\u1ea1n s\u1ebd \u0111\u01b0\u1ee3c li\u00ean h\u1ec7 khi \u0111\u1ebfn th\u1eddi \u0111i\u1ec3m gia h\u1ea1n.<\/p>\n<figure itemscope itemtype=\"https:\/\/schema.org\/ImageObject\">\n\t\t\t\t<img decoding=\"async\" src=\"http:\/\/211md.org\/wp-content\/uploads\/2025\/12\/family-in-sweaters-searching-online-for-utility-help.jpg\" alt=\"couple pointing to phone\" title=\"family in sweaters searching online for utility help\" onerror=\"this.style.display='none'\" loading=\"lazy\" \/>\n\t<\/figure>\n\t\t<h3>What is the application process?<\/h3>\n\t\t<p>There are 3 ways to apply for Maryland Medicaid, and the Maryland Children&#8217;s Health Program (MHCP):<\/p>\n<ul>\n<li>G\u1ecdi 1-855-642-8572<\/li>\n<li>\u00c1p d\u1ee5ng <a href=\"https:\/\/app.marylandhealthconnection.gov\/hixui\/public\/home.html#\/account-create\" target=\"_blank\" rel=\"noopener\">tr\u1ef1c tuy\u1ebfn.<\/a><\/li>\n<li>Download the agency&#8217;s mobile app (Enroll MHC) on <a href=\"https:\/\/apps.apple.com\/us\/app\/maryland-health-connection\/id1138320353?ign-mpt=uo%3D4\" target=\"_blank\" rel=\"noopener\">Qu\u1ea3 t\u00e1o<\/a>\u00a0ho\u1eb7c <a href=\"https:\/\/play.google.com\/store\/apps\/details?id=com.marylandhealthconnection.mobile&amp;hl=en_US\" target=\"_blank\" rel=\"noopener\">Android<\/a>.<\/li>\n<\/ul>\n<p>After applying for help, you may need to verify your information, such as your income, citizenship, Social Security number, or other coverage.<\/p>\n<p>You may also need to print, sign, and upload an affidavit to prove your information. <a href=\"https:\/\/www.marylandhealthconnection.gov\/after-you-enroll\/submit-documents\/\" target=\"_blank\" rel=\"noopener\">T\u00ecm hi\u1ec3u th\u00eam v\u1ec1 c\u00e1c lo\u1ea1i t\u00e0i li\u1ec7u<\/a>\u00a0b\u1ea1n c\u00f3 th\u1ec3 s\u1eed d\u1ee5ng \u0111\u1ec3 x\u00e1c minh th\u00f4ng tin c\u1ee7a m\u00ecnh v\u00e0 c\u00e1c b\u1ea3n khai c\u00f3 tuy\u00ean th\u1ec7 m\u00e0 b\u1ea1n c\u00f3 th\u1ec3 c\u1ea7n \u0111\u1ec3 \u0111\u1ee7 \u0111i\u1ec1u ki\u1ec7n nh\u1eadn Medicaid.<\/p>\n<p>During the application, you&#8217;ll also choose a Managed Care Organization (MCO).<\/p>\n\t\t\t<a href=\"https:\/\/www.marylandhealthconnection.gov\/\" target=\"_blank\" rel=\"noopener\">\n\t\t\t\t\t\t\u00c1p d\u1ee5ng\n\t\t\t\t\t<\/a>\n\t<h3>Find a Doctor Who Takes Medicaid<\/h3>\n<p>Once you have Medicaid, you can use the Maryland Department of Health&#8217;s <a href=\"https:\/\/health.maryland.gov\/mmcp\/Pages\/provider-finder.aspx\" target=\"_blank\" rel=\"noopener\">Provider Finder<\/a> tool to find a doctor or facility that accepts Medicaid.<\/p>\n<h2>\n\t\t\tth\u00f4ng tin s\u1ee9c kh\u1ecfe li\u00ean quan\t<\/h2>\n<figure itemscope itemtype=\"https:\/\/schema.org\/ImageObject\">\n\t\t\t\t<img decoding=\"async\" src=\"https:\/\/211md.org\/wp-content\/plugins\/bb-plugin\/img\/pixel.png\" alt=\"\" onerror=\"this.style.display='none'\" loading=\"lazy\" \/>\n\t<\/figure>\n\t\t<figure itemscope itemtype=\"https:\/\/schema.org\/ImageObject\">\n\t\t\t\t<img decoding=\"async\" src=\"https:\/\/211md.org\/wp-content\/uploads\/bb-plugin\/cache\/Call-center-specialst-circle-4e9ecd7b3425be4576416abc911049bb-.jpg\" alt=\"Chuy\u00ean gia trung t\u00e2m cu\u1ed9c g\u1ecdi\" title=\"Trung t\u00e2m cu\u1ed9c g\u1ecdi \u0111\u1eb7c bi\u1ec7t\" onerror=\"this.style.display='none'\" loading=\"lazy\" \/>\n\t<\/figure>\n<h2>Quay s\u1ed1 211<\/h2><p>H\u00e3y tr\u00f2 chuy\u1ec7n v\u1edbi m\u1ed9t ng\u01b0\u1eddi chu \u0111\u00e1o v\u00e0 gi\u00e0u l\u00f2ng tr\u1eafc \u1ea9n 24\/7. H\u1ecd c\u0169ng c\u00f3 th\u1ec3 k\u1ebft n\u1ed1i b\u1ea1n v\u1edbi c\u00e1c ngu\u1ed3n l\u1ef1c.\u00a0<\/p>\n\t\t\t<a href=\"tel:%20+211\"  target=\"_blank\" rel=\"noopener\">\n\t\t\t\t\t\tQuay s\u1ed1 211 (di \u0111\u1ed9ng)\n\t\t\t\t\t<\/a>\n\t\t<h4><a href=\"\/vi\/tai-nguyen\/lao-hoa-khuyet-tat\/?utm_source=Home&#038;utm_medium=Referral&#038;utm_campaign=211Resources&#038;utm_content=Aging\" target=\"_self\">L\u00e3o h\u00f3a &amp; Khuy\u1ebft t\u1eadt<\/a><\/h4><figure itemscope itemtype=\"https:\/\/schema.org\/ImageObject\">\n\t\t\t\t<a href=\"\/vi\/tai-nguyen\/lao-hoa-khuyet-tat\/?utm_source=Home&#038;utm_medium=Referral&#038;utm_campaign=211Resources&#038;utm_content=Aging\"  target=\"_self\" itemprop=\"url\">\n\t\t\t\t<img decoding=\"async\" src=\"https:\/\/211md.org\/wp-content\/uploads\/bb-plugin\/cache\/2025_MdInfoNet_Icon-Sets_Aging-disability-square-c466727102cae71e5f27b8539bb51945-.png\" alt=\"\" onerror=\"this.style.display='none'\" loading=\"lazy\" \/>\n\t\t\t\t<\/a>\n\t<\/figure>\n\t\t<h4><a href=\"\/vi\/tai-nguyen\/gia-dinh-tre-em\/?utm_source=Home&#038;utm_medium=Referral&#038;utm_campaign=211Resources&#038;utm_content=Children\" target=\"_self\">Tr\u1ebb em &amp; Gia \u0111\u00ecnh<\/a><\/h4><figure itemscope itemtype=\"https:\/\/schema.org\/ImageObject\">\n\t\t\t\t<a href=\"\/vi\/tai-nguyen\/gia-dinh-tre-em\/?utm_source=Home&#038;utm_medium=Referral&#038;utm_campaign=211Resources&#038;utm_content=Children\"  target=\"_self\" itemprop=\"url\">\n\t\t\t\t<img decoding=\"async\" src=\"https:\/\/211md.org\/wp-content\/uploads\/bb-plugin\/cache\/2025_211_Icon-Sets_Child-care-square-f3b0d4edab3dcc467fadb5f55f4064c6-.png\" alt=\"parent and child icon for child care\" height=\"417\" width=\"417\" title=\"2025_211_B\u1ed9 bi\u1ec3u t\u01b0\u1ee3ng_Ch\u0103m s\u00f3c tr\u1ebb em\" onerror=\"this.style.display='none'\" loading=\"lazy\" \/>\n\t\t\t\t<\/a>\n\t<\/figure>\n\t\t<h4><a href=\"\/vi\/tai-nguyen\/gia-dinh-bao-luc\/?utm_source=Home&#038;utm_medium=Referral&#038;utm_campaign=211Resources&#038;utm_content=Domestic\" target=\"_self\">B\u1ea1o l\u1ef1c gia \u0111\u00ecnh<\/a><\/h4><figure itemscope itemtype=\"https:\/\/schema.org\/ImageObject\">\n\t\t\t\t<a href=\"\/vi\/tai-nguyen\/gia-dinh-bao-luc\/?utm_source=Home&#038;utm_medium=Referral&#038;utm_campaign=211Resources&#038;utm_content=Domestic\"  target=\"_self\" itemprop=\"url\">\n\t\t\t\t<img decoding=\"async\" src=\"https:\/\/211md.org\/wp-content\/uploads\/bb-plugin\/cache\/2025_211_Icon-Sets_Domestic-Violence-square-7b597694a6f05fe90cdc376aa573bc63-.png\" alt=\"House with a heart in the middle icon\" height=\"417\" width=\"417\" title=\"2025_211_B\u1ed9 bi\u1ec3u t\u01b0\u1ee3ng_B\u1ea1o l\u1ef1c gia \u0111\u00ecnh\" onerror=\"this.style.display='none'\" loading=\"lazy\" \/>\n\t\t\t\t<\/a>\n\t<\/figure>\n\t\t<h4><a href=\"\/vi\/tai-nguyen\/tim-kiem-viec-lam\/?utm_source=Home&#038;utm_medium=Referral&#038;utm_campaign=211Resources&#038;utm_content=Employment\" target=\"_self\">Thu\u00ea ng\u01b0\u1eddi l\u00e0m<\/a><\/h4><figure itemscope itemtype=\"https:\/\/schema.org\/ImageObject\">\n\t\t\t\t<a href=\"\/vi\/tai-nguyen\/tim-kiem-viec-lam\/?utm_source=Home&#038;utm_medium=Referral&#038;utm_campaign=211Resources&#038;utm_content=Employment\"  target=\"_self\" itemprop=\"url\">\n\t\t\t\t<img decoding=\"async\" src=\"https:\/\/211md.org\/wp-content\/uploads\/bb-plugin\/cache\/2025_MdInfoNet_Icon-Sets_Employment-square-44707bd410e4df10a470bf130ebcea86-.png\" alt=\"\" onerror=\"this.style.display='none'\" loading=\"lazy\" \/>\n\t\t\t\t<\/a>\n\t<\/figure>\n\t\t<h4><a href=\"\/vi\/tai-nguyen\/cham-soc-suc-khoe\/?utm_source=Home&#038;utm_medium=Referral&#038;utm_campaign=211Resources&#038;utm_content=Health%20Care\" target=\"_self\">Ch\u0103m s\u00f3c s\u1ee9c kh\u1ecfe<\/a><\/h4><figure itemscope itemtype=\"https:\/\/schema.org\/ImageObject\">\n\t\t\t\t<a href=\"\/vi\/tai-nguyen\/cham-soc-suc-khoe\/?utm_source=Home&#038;utm_medium=Referral&#038;utm_campaign=211Resources&#038;utm_content=Health%20Care\"  target=\"_self\" itemprop=\"url\">\n\t\t\t\t<img decoding=\"async\" src=\"https:\/\/211md.org\/wp-content\/uploads\/bb-plugin\/cache\/2025_MdInfoNet_Icon-Sets_Health-Care-square-dee98a0060cbe0e7f27eda253fc12679-.png\" alt=\"\" onerror=\"this.style.display='none'\" loading=\"lazy\" \/>\n\t\t\t\t<\/a>\n\t<\/figure>\n\t\t<h4><a href=\"\/vi\/tai-nguyen\/moi-doi-voi-chung-toi-va-maryland\/?utm_source=Home&#038;utm_medium=Referral&#038;utm_campaign=211Resources&#038;utm_content=Immigration\" target=\"_self\">nh\u1eadp c\u01b0<\/a><\/h4><figure itemscope itemtype=\"https:\/\/schema.org\/ImageObject\">\n\t\t\t\t<a href=\"\/vi\/tai-nguyen\/moi-doi-voi-chung-toi-va-maryland\/?utm_source=Home&#038;utm_medium=Referral&#038;utm_campaign=211Resources&#038;utm_content=Immigration\"  target=\"_self\" itemprop=\"url\">\n\t\t\t\t<img decoding=\"async\" src=\"https:\/\/211md.org\/wp-content\/uploads\/bb-plugin\/cache\/2025_MdInfoNet_Icon-Sets_Immigration-square-8b97b7fdfe5e6071405e216855065118-.png\" alt=\"bi\u1ec3u t\u01b0\u1ee3ng nh\u1eadp c\u01b0\" title=\"2025_MdInfoNet_Icon-Sets_Immigration\" onerror=\"this.style.display='none'\" loading=\"lazy\" \/>\n\t\t\t\t<\/a>\n\t<\/figure>\n\t\t<h4><a href=\"\/vi\/tai-nguyen\/gia-dinh-tre-em\/quan-he-ho-hang\/?utm_source=Home&#038;utm_medium=Referral&#038;utm_campaign=211Resources&#038;utm_content=Kinship\" target=\"_self\">h\u1ecd h\u00e0ng<\/a><\/h4><figure itemscope itemtype=\"https:\/\/schema.org\/ImageObject\">\n\t\t\t\t<a href=\"\/vi\/tai-nguyen\/gia-dinh-tre-em\/quan-he-ho-hang\/?utm_source=Home&#038;utm_medium=Referral&#038;utm_campaign=211Resources&#038;utm_content=Kinship\"  target=\"_self\" itemprop=\"url\">\n\t\t\t\t<img decoding=\"async\" src=\"https:\/\/211md.org\/wp-content\/uploads\/bb-plugin\/cache\/2025_211_Icon-Sets_Kinship-square-45bdf872866f5735f842c32071109267-.png\" alt=\"Bi\u1ec3u t\u01b0\u1ee3ng h\u1ecd h\u00e0ng\" height=\"417\" width=\"417\" title=\"2025_211_B\u1ed9 bi\u1ec3u t\u01b0\u1ee3ng_Quan h\u1ec7 h\u1ecd h\u00e0ng\" onerror=\"this.style.display='none'\" loading=\"lazy\" \/>\n\t\t\t\t<\/a>\n\t<\/figure>\n\t\t<h4><a href=\"\/vi\/tai-nguyen\/dich-vu-phap-ly\/?utm_source=Home&#038;utm_medium=Referral&#038;utm_campaign=211Resources&#038;utm_content=Legal\" target=\"_self\">D\u1ecbch v\u1ee5 ph\u00e1p l\u00fd<\/a><\/h4><figure itemscope itemtype=\"https:\/\/schema.org\/ImageObject\">\n\t\t\t\t<a href=\"\/vi\/tai-nguyen\/dich-vu-phap-ly\/?utm_source=Home&#038;utm_medium=Referral&#038;utm_campaign=211Resources&#038;utm_content=Legal\"  target=\"_self\" itemprop=\"url\">\n\t\t\t\t<img decoding=\"async\" src=\"https:\/\/211md.org\/wp-content\/uploads\/bb-plugin\/cache\/2025_MdInfoNet_Icon-Sets_Legal-square-18fdf438feb8435588174d9046463257-.png\" alt=\"\" onerror=\"this.style.display='none'\" loading=\"lazy\" \/>\n\t\t\t\t<\/a>\n\t<\/figure>\n\t\t<h4><a href=\"\/vi\/tai-nguyen\/suc-khoe-tinh-than\/?utm_source=Home&#038;utm_medium=Referral&#038;utm_campaign=211Resources&#038;utm_content=Mental\" target=\"_self\">S\u1ee9c kh\u1ecfe tinh th\u1ea7n<\/a><\/h4><figure itemscope itemtype=\"https:\/\/schema.org\/ImageObject\">\n\t\t\t\t<a href=\"\/vi\/tai-nguyen\/suc-khoe-tinh-than\/?utm_source=Home&#038;utm_medium=Referral&#038;utm_campaign=211Resources&#038;utm_content=Mental\"  target=\"_self\" itemprop=\"url\">\n\t\t\t\t<img decoding=\"async\" src=\"https:\/\/211md.org\/wp-content\/uploads\/bb-plugin\/cache\/2025_MdInfoNet_Icon-Sets_Mental-Health-square-c59b38c4a993a947d4c9280fbe2d2fee-.png\" alt=\"\" onerror=\"this.style.display='none'\" loading=\"lazy\" \/>\n\t\t\t\t<\/a>\n\t<\/figure>\n\t\t<h4><a href=\"\/vi\/tai-nguyen\/mdreentry\/?utm_source=Home&#038;utm_medium=Referral&#038;utm_campaign=211Resources&#038;utm_content=Reentry\" target=\"_self\">V\u00e0o l\u1ea1i<\/a><\/h4><figure itemscope itemtype=\"https:\/\/schema.org\/ImageObject\">\n\t\t\t\t<a href=\"\/vi\/tai-nguyen\/mdreentry\/?utm_source=Home&#038;utm_medium=Referral&#038;utm_campaign=211Resources&#038;utm_content=Reentry\"  target=\"_self\" itemprop=\"url\">\n\t\t\t\t<img decoding=\"async\" src=\"https:\/\/211md.org\/wp-content\/uploads\/bb-plugin\/cache\/2025_211_Icon-Sets_Reentry-square-8676fea38abd920a832f45642fe31cca-.png\" alt=\"Bi\u1ec3u t\u01b0\u1ee3ng nh\u1eadp l\u1ea1i\" height=\"417\" width=\"417\" title=\"2025_211_B\u1ed9 bi\u1ec3u t\u01b0\u1ee3ng_Nh\u1eadp l\u1ea1i\" onerror=\"this.style.display='none'\" loading=\"lazy\" \/>\n\t\t\t\t<\/a>\n\t<\/figure>\n\t\t<h4><a href=\"\/vi\/tai-nguyen\/su-dung-chat-kich-thich\/?utm_source=Home&#038;utm_medium=Referral&#038;utm_campaign=211Resources&#038;utm_content=Substance\" target=\"_self\">S\u1eed d\u1ee5ng ch\u1ea5t k\u00edch th\u00edch<\/a><\/h4><figure itemscope itemtype=\"https:\/\/schema.org\/ImageObject\">\n\t\t\t\t<a href=\"\/vi\/tai-nguyen\/su-dung-chat-kich-thich\/?utm_source=Home&#038;utm_medium=Referral&#038;utm_campaign=211Resources&#038;utm_content=Substance\"  target=\"_self\" itemprop=\"url\">\n\t\t\t\t<img decoding=\"async\" src=\"https:\/\/211md.org\/wp-content\/uploads\/bb-plugin\/cache\/2025_MdInfoNet_Icon-Sets_Substance-Abuse-square-4f414f085e657267739c181957754f48-.png\" alt=\"Pills for substance Use icon\" title=\"2025_MdInfoNet_Icon-Sets_Substance-Abuse\" onerror=\"this.style.display='none'\" loading=\"lazy\" \/>\n\t\t\t\t<\/a>\n\t<\/figure>\n\t\t<h4><a href=\"\/vi\/tai-nguyen\/cuu-chien-binh\/?utm_source=Home&#038;utm_medium=Referral&#038;utm_campaign=211Resources&#038;utm_content=Veterans\" target=\"_self\">c\u1ef1u chi\u1ebfn binh<\/a><\/h4><figure itemscope itemtype=\"https:\/\/schema.org\/ImageObject\">\n\t\t\t\t<a href=\"\/vi\/tai-nguyen\/cuu-chien-binh\/?utm_source=Home&#038;utm_medium=Referral&#038;utm_campaign=211Resources&#038;utm_content=Veterans\"  target=\"_self\" itemprop=\"url\">\n\t\t\t\t<img decoding=\"async\" src=\"https:\/\/211md.org\/wp-content\/uploads\/bb-plugin\/cache\/2025_MdInfoNet_Icon-Sets_Rating-square-6e60d00cce4faa8e0a6d4ad7366aa733-.png\" alt=\"\" onerror=\"this.style.display='none'\" loading=\"lazy\" \/>\n\t\t\t\t<\/a>\n\t<\/figure>","protected":false},"excerpt":{"rendered":"<p>Medicaid is available to individuals and families with limited income and resources, including pregnant women and some immigrants. Children up to age 19 may qualify for Medicaid coverage through the Maryland Children&#8217;s Health Program (MCHP), even if their parents don&#8217;t qualify. Unlike most health plans, enrollment is available year-round. If you need help applying for&hellip;<\/p>","protected":false},"author":8,"featured_media":1307,"parent":838,"menu_order":0,"comment_status":"closed","ping_status":"closed","template":"","meta":{"footnotes":""},"class_list":["post-1108","page","type-page","status-publish","has-post-thumbnail","hentry"],"_links":{"self":[{"href":"https:\/\/211md.org\/vi\/wp-json\/wp\/v2\/pages\/1108","targetHints":{"allow":["GET"]}}],"collection":[{"href":"https:\/\/211md.org\/vi\/wp-json\/wp\/v2\/pages"}],"about":[{"href":"https:\/\/211md.org\/vi\/wp-json\/wp\/v2\/types\/page"}],"author":[{"embeddable":true,"href":"https:\/\/211md.org\/vi\/wp-json\/wp\/v2\/users\/8"}],"replies":[{"embeddable":true,"href":"https:\/\/211md.org\/vi\/wp-json\/wp\/v2\/comments?post=1108"}],"version-history":[{"count":11,"href":"https:\/\/211md.org\/vi\/wp-json\/wp\/v2\/pages\/1108\/revisions"}],"predecessor-version":[{"id":34481,"href":"https:\/\/211md.org\/vi\/wp-json\/wp\/v2\/pages\/1108\/revisions\/34481"}],"up":[{"embeddable":true,"href":"https:\/\/211md.org\/vi\/wp-json\/wp\/v2\/pages\/838"}],"wp:featuredmedia":[{"embeddable":true,"href":"https:\/\/211md.org\/vi\/wp-json\/wp\/v2\/media\/1307"}],"wp:attachment":[{"href":"https:\/\/211md.org\/vi\/wp-json\/wp\/v2\/media?parent=1108"}],"curies":[{"name":"wp","href":"https:\/\/api.w.org\/{rel}","templated":true}]}}