{"id":1115,"date":"2021-04-19T16:17:02","date_gmt":"2021-04-19T16:17:02","guid":{"rendered":"https:\/\/211md.org\/?page_id=1115"},"modified":"2024-12-20T12:32:06","modified_gmt":"2024-12-20T17:32:06","slug":"quyen-cua-nguoi-thue-nha","status":"publish","type":"page","link":"https:\/\/211md.org\/vi\/resources\/legal-services\/tenants-rights\/","title":{"rendered":"Ng\u01b0\u1eddi thu\u00ea nh\u00e0\/Ng\u01b0\u1eddi thu\u00ea nh\u00e0 c\u00f3 th\u1ec3 nh\u1eadn \u0111\u01b0\u1ee3c s\u1ef1 tr\u1ee3 gi\u00fap nh\u01b0 th\u1ebf n\u00e0o khi tranh ch\u1ea5p v\u1edbi ch\u1ee7 nh\u00e0"},"content":{"rendered":"<img loading=\"lazy\" decoding=\"async\" src=\"https:\/\/211md.org\/wp-content\/uploads\/2021\/05\/Key-Handoff.png\" alt=\"Ch\u1ee7 nh\u00e0 giao ch\u00eca kh\u00f3a cho ng\u01b0\u1eddi thu\u00ea nh\u00e0\" itemprop=\"image\" height=\"348\" width=\"460\" title=\"b\u00e0n giao ch\u00eca kh\u00f3a\" onerror=\"this.style.display='none'\"  \/>\n\t<p>Tranh ch\u1ea5p gi\u1eefa ch\u1ee7 nh\u00e0 v\u00e0 ng\u01b0\u1eddi thu\u00ea nh\u00e0 l\u00e0 m\u1ed9t trong nh\u1eefng khi\u1ebfu n\u1ea1i ph\u1ed5 bi\u1ebfn nh\u1ea5t g\u1eedi \u0111\u1ebfn V\u0103n ph\u00f2ng B\u1ed9 tr\u01b0\u1edfng T\u01b0 ph\u00e1p Maryland. V\u1edbi t\u01b0 c\u00e1ch l\u00e0 ng\u01b0\u1eddi thu\u00ea nh\u00e0, b\u1ea1n c\u00f3 m\u1ed9t s\u1ed1 quy\u1ec1n, ngh\u0129a v\u1ee5 v\u00e0 bi\u1ec7n ph\u00e1p kh\u1eafc ph\u1ee5c nh\u1ea5t \u0111\u1ecbnh theo lu\u1eadt Maryland. C\u0169ng c\u00f3 th\u1ec3 c\u00f3 s\u1eb5n c\u00e1c bi\u1ec7n ph\u00e1p b\u1ea3o v\u1ec7 t\u1ea1i \u0111\u1ecba ph\u01b0\u01a1ng ho\u1eb7c c\u00e1c quy tr\u00ecnh h\u01a1i kh\u00e1c nhau \u0111\u1ec3 gi\u1ea3i quy\u1ebft tranh ch\u1ea5p v\u1edbi ch\u1ee7 nh\u00e0.<\/p>\n<h2>Tranh ch\u1ea5p ph\u1ed5 bi\u1ebfn gi\u1eefa ch\u1ee7 nh\u00e0 v\u00e0 ng\u01b0\u1eddi thu\u00ea nh\u00e0<\/h2>\n<p>Ng\u01b0\u1eddi thu\u00ea nh\u00e0 v\u00e0 ch\u1ee7 nh\u00e0 c\u00f3 th\u1ec3 kh\u00f4ng \u0111\u1ed3ng \u00fd v\u1ec1:<\/p>\n<ul>\n<li>l\u1ec7 ph\u00ed n\u1ed9p \u0111\u01a1n<\/li>\n<li>cho thu\u00ea<\/li>\n<li>thu\u00ea<\/li>\n<li>ti\u1ec1n \u0111\u1eb7t c\u1ecdc an ninh<\/li>\n<li>quy\u1ec1n chi\u1ebfm h\u1eefu<\/li>\n<li>gia h\u1ea1n h\u1ee3p \u0111\u1ed3ng thu\u00ea<\/li>\n<li>ph\u00e1 v\u1ee1 h\u1ee3p \u0111\u1ed3ng thu\u00ea<\/li>\n<li>ti\u1ec1n thu\u00ea k\u00fd qu\u1ef9<\/li>\n<li>kh\u00f4ng s\u1eeda ch\u1eefa \u0111\u01b0\u1ee3c<\/li>\n<li>s\u1ef1 tr\u1ea3 th\u00f9 c\u1ee7a ch\u1ee7 nh\u00e0<\/li>\n<li>m\u1ed1i nguy hi\u1ec3m c\u1ee7a s\u01a1n ch\u00ec<\/li>\n<li>tr\u1ee5c xu\u1ea5t<\/li>\n<\/ul>\n<p><a href=\"https:\/\/www.marylandattorneygeneral.gov\/CPD%20Documents\/Tips-Publications\/landlordTenantPDF.pdf\" target=\"_blank\" rel=\"noopener\"><strong>H\u01b0\u1edbng d\u1eabn T\u1ed5ng ch\u01b0\u1edfng l\u00fd n\u00e0y<\/strong><\/a> cung c\u1ea5p c\u00e1c m\u1eb9o \u0111\u1ec3 tr\u00e1nh v\u00e0 qu\u1ea3n l\u00fd c\u00e1c tranh ch\u1ea5p ph\u1ed5 bi\u1ebfn. Bao g\u1ed3m c\u00e1c t\u00ecnh hu\u1ed1ng ph\u1ed5 bi\u1ebfn v\u00e0 \u0111\u01b0a ra c\u00e1c c\u00e1ch ti\u1ec1m n\u0103ng \u0111\u1ec3 x\u1eed l\u00fd t\u00ecnh hu\u1ed1ng.<\/p>\n<h2>C\u00e1ch x\u1eed l\u00fd vi\u1ec7c s\u1eeda ch\u1eefa nh\u00e0 \u1edf v\u00e0 nh\u00e0 cho thu\u00ea kh\u00f4ng an to\u00e0n<\/h2>\n<p>N\u1ebfu c\u0103n h\u1ed9 ho\u1eb7c t\u00f2a nh\u00e0 b\u1ea1n thu\u00ea c\u00f3 khi\u1ebfm khuy\u1ebft nghi\u00eam tr\u1ecdng ho\u1eb7c nguy hi\u1ec3m, ng\u01b0\u1eddi thu\u00ea nh\u00e0 c\u00f3 m\u1ed9t s\u1ed1 quy\u1ec1n nh\u1ea5t \u0111\u1ecbnh v\u00ec ch\u1ee7 nh\u00e0 c\u00f3 m\u1ed9t s\u1ed1 ngh\u0129a v\u1ee5 nh\u1ea5t \u0111\u1ecbnh theo lu\u1eadt \u0111\u1ecbnh.<\/p>\n<p>B\u1ea1n c\u00f3 th\u1ec3:<\/p>\n<ul>\n<li>S\u1eed d\u1ee5ng t\u00e0i kho\u1ea3n k\u00fd qu\u1ef9 n\u1ebfu \u0111\u01b0\u1ee3c T\u00f2a \u00e1n Qu\u1eadn th\u00e0nh l\u1eadp.<\/li>\n<li>Xin l\u1ec7nh c\u1ea5m.<\/li>\n<\/ul>\n<h4>T\u00e0i kho\u1ea3n k\u00fd qu\u1ef9<\/h4>\n<p>N\u1ebfu T\u00f2a \u00e1n Qu\u1eadn thi\u1ebft l\u1eadp m\u1ed9t t\u00e0i kho\u1ea3n k\u00fd qu\u1ef9, b\u1ea1n s\u1ebd g\u1eedi ti\u1ec1n thu\u00ea nh\u00e0 thay v\u00ec tr\u1ea3 ti\u1ec1n thu\u00ea nh\u00e0 cho ch\u1ee7 nh\u00e0 h\u00e0ng th\u00e1ng. Tuy nhi\u00ean, c\u00f3 nh\u1eefng \u0111i\u1ec1u ki\u1ec7n c\u1ee5 th\u1ec3 v\u00e0 y\u00eau c\u1ea7u th\u00f4ng b\u00e1o m\u00e0 b\u1ea1n c\u00f3 th\u1ec3 s\u1eed d\u1ee5ng t\u00e0i kho\u1ea3n k\u00fd qu\u1ef9.<\/p>\n<p>Trong khi t\u00f2a \u00e1n s\u1ebd quy\u1ebft \u0111\u1ecbnh xem m\u1ed9t t\u00ecnh hu\u1ed1ng c\u00f3 \u0111\u1ea3m b\u1ea3o t\u00e0i kho\u1ea3n k\u00fd qu\u1ef9 hay kh\u00f4ng, th\u00ec t\u00e0i kho\u1ea3n n\u00e0y th\u01b0\u1eddng \u0111\u01b0\u1ee3c s\u1eed d\u1ee5ng cho c\u00e1c khi\u1ebfm khuy\u1ebft nghi\u00eam tr\u1ecdng v\u00e0 nguy hi\u1ec3m. \u0110i\u1ec1u n\u00e0y c\u00f3 th\u1ec3 bao g\u1ed3m nh\u01b0ng kh\u00f4ng gi\u1edbi h\u1ea1n:<\/p>\n<ul>\n<li>s\u1ef1 x\u00e2m nh\u1eadp c\u1ee7a lo\u00e0i g\u1eb7m nh\u1ea5m \u1edf hai ho\u1eb7c nhi\u1ec1u \u0111\u01a1n v\u1ecb<\/li>\n<li>nguy c\u01a1 t\u1eeb s\u01a1n ch\u00ec<\/li>\n<li>thi\u1ebfu h\u1ec7 th\u1ed1ng x\u1eed l\u00fd n\u01b0\u1edbc th\u1ea3i \u0111\u1ea7y \u0111\u1ee7<\/li>\n<li>thi\u1ebfu nhi\u1ec7t, \u00e1nh s\u00e1ng, \u0111i\u1ec7n ho\u1eb7c n\u01b0\u1edbc n\u1ebfu ch\u1ee7 nh\u00e0 ch\u1ecbu tr\u00e1ch nhi\u1ec7m duy tr\u00ec ch\u00fang.<\/li>\n<\/ul>\n<p>N\u00f3 kh\u00f4ng bao g\u1ed3m vi\u1ec7c thi\u1ebfu \u0111i\u1ec1u h\u00f2a kh\u00f4ng kh\u00ed, hao m\u00f2n th\u00f4ng th\u01b0\u1eddng ho\u1eb7c vi ph\u1ea1m lu\u1eadt nh\u00e0 \u1edf kh\u00f4ng nguy hi\u1ec3m kh\u00e1c.<\/p>\n<h4>L\u1ec7nh c\u1ea5m<\/h4>\n<p>M\u1ed9t l\u1ec7nh c\u00f3 th\u1ec3 l\u00e0 m\u1ed9t l\u1ef1a ch\u1ecdn kh\u00e1c. \u0110\u00f3 l\u00e0 \u0111\u01a1n y\u00eau c\u1ea7u t\u00f2a \u00e1n ra l\u1ec7nh cho ch\u1ee7 nh\u00e0 s\u1eeda ch\u1eefa ho\u1eb7c kh\u1eafc ph\u1ee5c c\u00e1c \u0111i\u1ec1u ki\u1ec7n li\u00ean quan.<\/p>\n<p>\u0110\u1ec3 bi\u1ebft th\u00eam th\u00f4ng tin, bao g\u1ed3m quy tr\u00ecnh chi ti\u1ebft \u0111\u1ec3 \u0111\u01b0a ra th\u00f4ng b\u00e1o v\u00e0 n\u1ed9p \u0111\u01a1n l\u00ean t\u00f2a \u00e1n, h\u00e3y xem l\u1ea1i\u00a0<a href=\"https:\/\/mvlslaw.org\/wp-content\/uploads\/2018\/09\/Unsafe-Housing-Conditions-Remedies.pdf\" target=\"_blank\" rel=\"noopener\">D\u1ecbch v\u1ee5 Lu\u1eadt s\u01b0 T\u00ecnh nguy\u1ec7n Maryland<\/a>\u00a0t\u1edd th\u00f4ng tin.<\/p>\n<h2><b>Nh\u1eadn tr\u1ee3 gi\u00fap<\/b><\/h2>\n<p>Nh\u00ecn chung, h\u00e3y ghi l\u1ea1i tranh ch\u1ea5p b\u1eb1ng v\u0103n b\u1ea3n v\u00e0 ch\u1ee5p \u1ea3nh b\u1ea5t c\u1ee9 khi n\u00e0o c\u00f3 th\u1ec3 \u0111\u1ec3 b\u1ea1n c\u00f3 b\u1eb1ng ch\u1ee9ng l\u01b0u tr\u1eef.<\/p>\n<p>C\u00e1c\u00a0<a href=\"https:\/\/www.peoples-law.org\/cat\/landlord-tenant\" target=\"_blank\" rel=\"noopener\">Th\u01b0 vi\u1ec7n Lu\u1eadt Nh\u00e2n d\u00e2n Maryland<\/a>\u00a0c\u0169ng c\u00f3 m\u1ed9t s\u1ed1 h\u01b0\u1edbng d\u1eabn d\u00e0nh cho ch\u1ee7 nh\u00e0\/ng\u01b0\u1eddi thu\u00ea nh\u00e0 v\u00e0 th\u00f4ng tin v\u1ec1 ti\u1ec1n \u0111\u1eb7t c\u1ecdc, tr\u1ee5c xu\u1ea5t v\u00e0 kh\u00f4ng tr\u1ea3 ti\u1ec1n thu\u00ea nh\u00e0, ti\u1ec7n \u00edch v\u00e0 b\u1ea3o v\u1ec7 nh\u00e0 \u1edf cho <a href=\"https:\/\/211md.org\/vi\/tai-nguyen\/gia-dinh-bao-luc\/\">n\u1ea1n nh\u00e2n b\u1ea1o l\u1ef1c gia \u0111\u00ecnh<\/a>.<\/p>\n<p>B\u1ea1n c\u0169ng c\u00f3 th\u1ec3 n\u00f3i chuy\u1ec7n mi\u1ec5n ph\u00ed v\u1edbi lu\u1eadt s\u01b0 v\u1ec1 v\u1ea5n \u0111\u1ec1 ph\u00e1p l\u00fd d\u00e2n s\u1ef1 c\u1ee7a m\u00ecnh th\u00f4ng qua Trung t\u00e2m Tr\u1ee3 gi\u00fap T\u00f2a \u00e1n Maryland. G\u1ecdi 410-260-1392 trong gi\u1edd l\u00e0m vi\u1ec7c. B\u1ea1n c\u00f3 th\u1ec3 t\u00ecm th\u00eam th\u00f4ng tin v\u1ec1 t\u00e0i nguy\u00ean n\u00e0y t\u1eeb\u00a0<a href=\"https:\/\/www.peoples-law.org\/\" target=\"_blank\" rel=\"noopener\">Th\u01b0 vi\u1ec7n Lu\u1eadt Nh\u00e2n d\u00e2n Maryland<\/a>.<\/p>\n<p>N\u1ebfu \u0111ang c\u00f3 tranh ch\u1ea5p, b\u1ea1n c\u00f3 th\u1ec3 nh\u1eadn \u0111\u01b0\u1ee3c s\u1ef1 tr\u1ee3 gi\u00fap t\u1eeb \u0110\u01a1n v\u1ecb H\u00f2a gi\u1ea3i c\u1ee7a V\u0103n ph\u00f2ng B\u1ed9 tr\u01b0\u1edfng T\u01b0 ph\u00e1p Maryland. H\u1ecd s\u1ebd gi\u00fap gi\u1ea3i quy\u1ebft tranh ch\u1ea5p gi\u1eefa ch\u1ee7 nh\u00e0 v\u00e0 ng\u01b0\u1eddi thu\u00ea nh\u00e0. B\u1ea1n c\u00f3 th\u1ec3 n\u1ed9p \u0111\u01a1n\u00a0<a href=\"https:\/\/web.oag.state.md.us\/editor\/customer\/onlineformhelpers\/formviewer.aspx?filename=landlordtenant.htm\" target=\"_blank\" rel=\"noopener\">khi\u1ebfu n\u1ea1i ch\u1ee7 nh\u00e0\/ng\u01b0\u1eddi thu\u00ea nh\u00e0 tr\u1ef1c tuy\u1ebfn<\/a>\u00a0ho\u1eb7c\u00a0<a href=\"https:\/\/www.marylandattorneygeneral.gov\/Pages\/contactus.aspx\" target=\"_blank\" rel=\"noopener\">g\u1ecdi cho T\u1ed5ng ch\u01b0\u1edfng l\u00fd Maryland.<\/a><\/p>\n<p>Nh\u1eefng \u0111i\u1ec1u n\u00f3i tr\u00ean kh\u00f4ng ph\u1ea3i l\u00e0 l\u1eddi khuy\u00ean ph\u00e1p l\u00fd v\u00e0 b\u1ea1n n\u00ean tham kh\u1ea3o \u00fd ki\u1ebfn lu\u1eadt s\u01b0 \u0111\u1ec3 \u0111\u01b0\u1ee3c tr\u1ee3 gi\u00fap v\u1ec1 tranh ch\u1ea5p ch\u1ee7 nh\u00e0\/ng\u01b0\u1eddi thu\u00ea nh\u00e0 c\u1ee5 th\u1ec3 c\u1ee7a b\u1ea1n.<\/p>\n<h2>Th\u00f4ng tin li\u00ean quan<\/h2>\n<p><a title=\"L\u00e0 m\u1ed9t \u0111\u1ecba ch\u1ee7\" href=\"https:\/\/211md.org\/vi\/tai-nguyen\/dich-vu-phap-ly\/lam-chu-nha\/\">L\u00e0 m\u1ed9t \u0111\u1ecba ch\u1ee7<\/a><\/p>\n<p><a title=\"H\u1ed7 tr\u1ee3 tr\u1ebb em\" href=\"https:\/\/211md.org\/vi\/tai-nguyen\/dich-vu-phap-ly\/ho-tro-tre-em\/\">H\u1ed7 tr\u1ee3 tr\u1ebb em<\/a><\/p>\n<p><a title=\"Quy\u1ec1n c\u1ee7a ng\u01b0\u1eddi thu\u00ea nh\u00e0\" href=\"https:\/\/211md.org\/vi\/tai-nguyen\/dich-vu-phap-ly\/quyen-cua-nguoi-thue-nha\/\">Quy\u1ec1n c\u1ee7a ng\u01b0\u1eddi thu\u00ea nh\u00e0<\/a><\/p>\n<h2>\n\t\tT\u00ecm t\u00e0i nguy\u00ean\n\t<\/h2>\n\t\t\t\t<a href=\"\/vi\/tai-nguyen\/lao-hoa-khuyet-tat\/\" target=\"_self\" itemprop=\"url\">\n\t\t\t\t<img loading=\"lazy\" decoding=\"async\" src=\"https:\/\/211md.org\/wp-content\/uploads\/bb-plugin\/cache\/Mask-Group-41@2x-circle-73eaadba4cad8269faa4720e25cf1c85-.png\" alt=\"\u0110\u00f4i ch\u00e2n c\u1ee7a m\u1ed9t ng\u01b0\u1eddi ph\u1ee5 n\u1eef l\u1edbn tu\u1ed5i v\u00e0 m\u1ed9t c\u00f4 g\u00e1i tr\u1ebb c\u00f9ng nhau b\u01b0\u1edbc \u0111i\" itemprop=\"image\" height=\"500\" width=\"500\" title=\"D\u1ecbch v\u1ee5 ng\u01b0\u1eddi khuy\u1ebft t\u1eadt\" onerror=\"this.style.display='none'\"  \/>\n\t\t\t\t<\/a>\n\t\t<h3><a href=\"\/vi\/tai-nguyen\/lao-hoa-khuyet-tat\/\" target=\"_self\">L\u00e3o h\u00f3a &amp; Khuy\u1ebft t\u1eadt<\/a><\/h3>\t\n\t\t\t\t<a href=\"\/vi\/tai-nguyen\/gia-dinh-tre-em\/\" target=\"_self\" itemprop=\"url\">\n\t\t\t\t<img loading=\"lazy\" decoding=\"async\" src=\"https:\/\/211md.org\/wp-content\/uploads\/bb-plugin\/cache\/Mask-Group-38@2x-circle-ac40d46265fbec62083cd27f6dcf23b0-.png\" alt=\"m\u1ed9t ch\u00e0ng trai v\u00e0 c\u00f4 g\u00e1i tr\u1ebb m\u1ec9m c\u01b0\u1eddi v\u00e0 nh\u00ecn v\u00e0o m\u00e1y \u1ea3nh\" itemprop=\"image\" height=\"500\" width=\"500\" title=\"Nh\u00f3m m\u1eb7t n\u1ea1 38@2x\" onerror=\"this.style.display='none'\"  \/>\n\t\t\t\t<\/a>\n\t\t<h3><a href=\"\/vi\/tai-nguyen\/gia-dinh-tre-em\/\" target=\"_self\">Tr\u1ebb em &amp; Gia \u0111\u00ecnh<\/a><\/h3>\t\n\t\t\t\t<a href=\"\/vi\/tai-nguyen\/covid-19-trung-tam-tai-nguyen\/\" target=\"_self\" itemprop=\"url\">\n\t\t\t\t<img decoding=\"async\" src=\"https:\/\/211md.org\/wp-content\/uploads\/bb-plugin\/cache\/Data-Post-Image-COVID-circle-abdf7e097c6f7781a4f84df775b7857e-.png\" alt=\"M\u1ed9t t\u1ebf b\u00e0o COVID-19\" itemprop=\"image\" title=\"H\u00ecnh \u1ea3nh \u0111\u0103ng d\u1eef li\u1ec7u - COVID\" onerror=\"this.style.display='none'\"  \/>\n\t\t\t\t<\/a>\n\t\t<h3><a href=\"\/vi\/tai-nguyen\/covid-19-trung-tam-tai-nguyen\/\" target=\"_self\">COVID<\/a><\/h3>\t\n\t\t\t\t<a href=\"\/vi\/tai-nguyen\/gia-dinh-bao-luc\/\" target=\"_self\" itemprop=\"url\">\n\t\t\t\t<img loading=\"lazy\" decoding=\"async\" src=\"https:\/\/211md.org\/wp-content\/uploads\/bb-plugin\/cache\/Mask-Group-39@2x-circle-b2589197a13c791d910f46dd10b27a87-.png\" alt=\"Hai \u0111\u00f4i n\u1eafm tay nhau\" itemprop=\"image\" height=\"500\" width=\"500\" title=\"Nh\u00f3m m\u1eb7t n\u1ea1 39@2x\" onerror=\"this.style.display='none'\"  \/>\n\t\t\t\t<\/a>\n\t\t<h3><a href=\"\/vi\/tai-nguyen\/gia-dinh-bao-luc\/\" target=\"_self\">B\u1ea1o h\u00e0nh Gia \u0111\u00ecnh\/Gia \u0111\u00ecnh<\/a><\/h3>\t\n\t\t\t\t<a href=\"\/vi\/tai-nguyen\/tim-kiem-viec-lam\/\" target=\"_self\" itemprop=\"url\">\n\t\t\t\t<img loading=\"lazy\" decoding=\"async\" src=\"https:\/\/211md.org\/wp-content\/uploads\/bb-plugin\/cache\/Employment-circle-bf72562329e950df948954f5d3f44b2e-.png\" alt=\"Th\u1ee3 s\u1eeda xe\" itemprop=\"image\" height=\"500\" width=\"500\" title=\"Thu\u00ea ng\u01b0\u1eddi l\u00e0m\" onerror=\"this.style.display='none'\"  \/>\n\t\t\t\t<\/a>\n\t\t<h3><a href=\"\/vi\/tai-nguyen\/tim-kiem-viec-lam\/\" target=\"_self\">Thu\u00ea ng\u01b0\u1eddi l\u00e0m<\/a><\/h3>\t\n\t\t\t\t<a href=\"\/vi\/tai-nguyen\/cham-soc-suc-khoe\/\" target=\"_self\" itemprop=\"url\">\n\t\t\t\t<img loading=\"lazy\" decoding=\"async\" src=\"https:\/\/211md.org\/wp-content\/uploads\/bb-plugin\/cache\/Mask-Group-35@2x-circle-94be10c13e4adae1683b4589dc2f5b2f-.png\" alt=\"B\u00e1c s\u0129 kh\u00e1m ch\u00e2n cho b\u00e9 trai\" itemprop=\"image\" height=\"500\" width=\"500\" title=\"Nh\u00f3m m\u1eb7t n\u1ea1 35@2x\" onerror=\"this.style.display='none'\"  \/>\n\t\t\t\t<\/a>\n\t\t<h3><a href=\"\/vi\/tai-nguyen\/cham-soc-suc-khoe\/\" target=\"_self\">Ch\u0103m s\u00f3c s\u1ee9c kh\u1ecfe<\/a><\/h3>\t\n\t\t\t\t<a href=\"\/vi\/tai-nguyen\/do-an\/\" target=\"_self\" itemprop=\"url\">\n\t\t\t\t<img loading=\"lazy\" decoding=\"async\" src=\"https:\/\/211md.org\/wp-content\/uploads\/bb-plugin\/cache\/Mask-Group-32@2x-circle-1c6d647dcaf998fa079d26735cedc92b-.png\" alt=\"Rau s\u1ea1ch\" itemprop=\"image\" height=\"500\" width=\"500\" title=\"Nh\u00f3m m\u1eb7t n\u1ea1 32@2x\" onerror=\"this.style.display='none'\"  \/>\n\t\t\t\t<\/a>\n\t\t<h3><a href=\"\/vi\/tai-nguyen\/do-an\/\" target=\"_self\">\u0110\u1ed3 \u0103n<\/a><\/h3>\t\n\t\t\t\t<a href=\"\/vi\/tai-nguyen\/nha-o\/\" target=\"_self\" itemprop=\"url\">\n\t\t\t\t<img loading=\"lazy\" decoding=\"async\" src=\"https:\/\/211md.org\/wp-content\/uploads\/bb-plugin\/cache\/Mask-Group-34@2x-circle-b99c55fc16ef21f35e2f2a1f7cc37b9a-.png\" alt=\"Ban c\u00f4ng chung c\u01b0\" itemprop=\"image\" height=\"500\" width=\"500\" title=\"Chung c\u01b0-Khu ph\u1ee9c h\u1ee3p\" onerror=\"this.style.display='none'\"  \/>\n\t\t\t\t<\/a>\n\t\t<h3><a href=\"\/vi\/tai-nguyen\/nha-o\/\" target=\"_self\">Nh\u00e0 \u1ede &amp; N\u01a1i Tr\u00fa \u1ea8n<\/a><\/h3>\t\n\t\t\t\t<a href=\"\/vi\/tai-nguyen\/moi-doi-voi-chung-toi-va-maryland\/\" target=\"_self\" itemprop=\"url\">\n\t\t\t\t<img loading=\"lazy\" decoding=\"async\" src=\"https:\/\/211md.org\/wp-content\/uploads\/bb-plugin\/cache\/American-flag-circle-0016cc327e27ef7aeb080f1da6c6e98b-.jpg\" alt=\"m\u1edbi \u0111\u1ebfn Hoa K\u1ef3\" itemprop=\"image\" height=\"364\" width=\"1366\" title=\"C\u1edd M\u1ef9\" onerror=\"this.style.display='none'\"  \/>\n\t\t\t\t<\/a>\n\t\t<h3><a href=\"\/vi\/tai-nguyen\/moi-doi-voi-chung-toi-va-maryland\/\" target=\"_self\">nh\u1eadp c\u01b0<\/a><\/h3>\t\n\t\t\t\t<a href=\"\/vi\/tai-nguyen\/gia-dinh-tre-em\/quan-he-ho-hang\/\" target=\"_self\" itemprop=\"url\">\n\t\t\t\t<img decoding=\"async\" src=\"https:\/\/211md.org\/wp-content\/uploads\/bb-plugin\/cache\/kinship-family-navigating-a-computer-circle-045fee9d587aefb20221bfea41a2cf9b-.png\" alt=\"gia \u0111\u00ecnh h\u1ecd h\u00e0ng \u0111ang \u0111i\u1ec1u h\u01b0\u1edbng m\u00e1y t\u00ednh\" itemprop=\"image\" title=\"gia \u0111\u00ecnh h\u1ecd h\u00e0ng \u0111ang \u0111i\u1ec1u h\u01b0\u1edbng m\u00e1y t\u00ednh\" onerror=\"this.style.display='none'\"  \/>\n\t\t\t\t<\/a>\n\t\t<h3><a href=\"\/vi\/tai-nguyen\/gia-dinh-tre-em\/quan-he-ho-hang\/\" target=\"_self\">h\u1ecd h\u00e0ng<\/a><\/h3>\t\n\t\t\t\t<a href=\"\/vi\/tai-nguyen\/dich-vu-phap-ly\/\" target=\"_self\" itemprop=\"url\">\n\t\t\t\t<img loading=\"lazy\" decoding=\"async\" src=\"https:\/\/211md.org\/wp-content\/uploads\/bb-plugin\/cache\/Housing-Legal-circle-9a8f3c1c72c54b6e1ce612d2993c1ad4-.png\" alt=\"B\u00faa ph\u00e1p l\u00fd v\u1edbi m\u00f4 h\u00ecnh ng\u00f4i nh\u00e0 b\u1eb1ng nh\u1ef1a b\u00ean c\u1ea1nh\" itemprop=\"image\" height=\"348\" width=\"460\" title=\"Ph\u00e1p l\u00fd nh\u00e0 \u1edf\" onerror=\"this.style.display='none'\"  \/>\n\t\t\t\t<\/a>\n\t\t<h3><a href=\"\/vi\/tai-nguyen\/dich-vu-phap-ly\/\" target=\"_self\">D\u1ecbch v\u1ee5 ph\u00e1p l\u00fd<\/a><\/h3>\t\n\t\t\t\t<a href=\"\/vi\/tai-nguyen\/suc-khoe-tinh-than\/\" target=\"_self\" itemprop=\"url\">\n\t\t\t\t<img loading=\"lazy\" decoding=\"async\" src=\"https:\/\/211md.org\/wp-content\/uploads\/bb-plugin\/cache\/Mask-Group-40@2x-circle-7bd9426367852fb3d841bc4bdc57a550-.png\" alt=\"H\u1ed3 s\u01a1 c\u1ee7a m\u1ed9t ng\u01b0\u1eddi \u0111\u00e0n \u00f4ng v\u00e0 ph\u1ee5 n\u1eef\" itemprop=\"image\" height=\"500\" width=\"500\" title=\"Nh\u00f3m m\u1eb7t n\u1ea1 40@2x\" onerror=\"this.style.display='none'\"  \/>\n\t\t\t\t<\/a>\n\t\t<h3><a href=\"\/vi\/tai-nguyen\/suc-khoe-tinh-than\/\" target=\"_self\">S\u1ee9c kh\u1ecfe tinh th\u1ea7n<\/a><\/h3>\t\n\t\t\t\t<a href=\"\/vi\/tai-nguyen\/mdreentry\/\" target=\"_self\" itemprop=\"url\">\n\t\t\t\t<img loading=\"lazy\" decoding=\"async\" src=\"https:\/\/211md.org\/wp-content\/uploads\/bb-plugin\/cache\/Diverse-group-of-community-members-circle-4457c114cd48613bc79a0fb50060319c-.jpg\" alt=\"Nh\u00f3m th\u00e0nh vi\u00ean c\u1ed9ng \u0111\u1ed3ng \u0111a d\u1ea1ng\" itemprop=\"image\" height=\"800\" width=\"1200\" title=\"Nh\u00f3m th\u00e0nh vi\u00ean c\u1ed9ng \u0111\u1ed3ng \u0111a d\u1ea1ng\" onerror=\"this.style.display='none'\"  \/>\n\t\t\t\t<\/a>\n\t\t<h3><a href=\"\/vi\/tai-nguyen\/mdreentry\/\" target=\"_self\">V\u00e0o l\u1ea1i<\/a><\/h3>\t\n\t\t\t\t<a href=\"\/vi\/dung-lai\/\" target=\"_self\" itemprop=\"url\">\n\t\t\t\t<img loading=\"lazy\" decoding=\"async\" src=\"https:\/\/211md.org\/wp-content\/uploads\/bb-plugin\/cache\/Background-section-MDStophate-circle-08e2bae1cf9f2ad6cc83e01e23da8cb9-.jpg\" alt=\"Ph\u1ea7n n\u1ec1n-MDStophate\" itemprop=\"image\" height=\"768\" width=\"1366\" title=\"Ph\u1ea7n n\u1ec1n-MDStophate\" onerror=\"this.style.display='none'\"  \/>\n\t\t\t\t<\/a>\n\t\t<h3><a href=\"\/vi\/dung-lai\/\" target=\"_self\">Ng\u1eebng gh\u00e9t<\/a><\/h3>\t\n\t\t\t\t<a href=\"\/vi\/tai-nguyen\/su-dung-chat-kich-thich\/\" target=\"_self\" itemprop=\"url\">\n\t\t\t\t<img loading=\"lazy\" decoding=\"async\" src=\"https:\/\/211md.org\/wp-content\/uploads\/bb-plugin\/cache\/Substance-Use-circle-ad2d564932dc31267e0c32a6fb2d915c-.png\" alt=\"Tay \u0111\u1eadp thu\u1ed1c\" itemprop=\"image\" height=\"500\" width=\"500\" title=\"S\u1eed d\u1ee5ng ch\u1ea5t g\u00e2y nghi\u1ec7n\" onerror=\"this.style.display='none'\"  \/>\n\t\t\t\t<\/a>\n\t\t<h3><a href=\"\/vi\/tai-nguyen\/su-dung-chat-kich-thich\/\" target=\"_self\">S\u1eed d\u1ee5ng ch\u1ea5t k\u00edch th\u00edch<\/a><\/h3>\t\n\t\t\t\t<a href=\"\/vi\/tai-nguyen\/dich-vu-thue\/\" target=\"_self\" itemprop=\"url\">\n\t\t\t\t<img loading=\"lazy\" decoding=\"async\" src=\"https:\/\/211md.org\/wp-content\/uploads\/bb-plugin\/cache\/Mask-Group-34-circle-166a606e37e61188c9a17d5e634cda3c-.png\" alt=\"Ng\u01b0\u1eddi \u0111i\u1ec1n v\u00e0o gi\u1ea5y t\u1edd thu\u1ebf thu nh\u1eadp\" itemprop=\"image\" height=\"500\" width=\"500\" title=\"M\u1eb7t N\u1ea1 Nh\u00f3m 34\" onerror=\"this.style.display='none'\"  \/>\n\t\t\t\t<\/a>\n\t\t<h3><a href=\"\/vi\/tai-nguyen\/dich-vu-thue\/\" target=\"_self\">D\u1ecbch v\u1ee5 thu\u1ebf<\/a><\/h3>\t\n\t\t\t\t<a href=\"\/vi\/tai-nguyen\/ho-tro-tien-ich\/\" target=\"_self\" itemprop=\"url\">\n\t\t\t\t<img loading=\"lazy\" decoding=\"async\" src=\"https:\/\/211md.org\/wp-content\/uploads\/bb-plugin\/cache\/Mask-Group-37@2x-circle-9661a11b9c4082079c9a1f06bc539567-.png\" alt=\"M\u1ed9t b\u00f3ng \u0111\u00e8n th\u1eafp s\u00e1ng\" itemprop=\"image\" height=\"500\" width=\"500\" title=\"Nh\u00f3m m\u1eb7t n\u1ea1 37@2x\" onerror=\"this.style.display='none'\"  \/>\n\t\t\t\t<\/a>\n\t\t<h3><a href=\"\/vi\/tai-nguyen\/ho-tro-tien-ich\/\" target=\"_self\">H\u1ed7 tr\u1ee3 ti\u1ec7n \u00edch<\/a><\/h3>\t\n\t\t\t\t<a href=\"\/vi\/tai-nguyen\/cuu-chien-binh\/\" target=\"_self\" itemprop=\"url\">\n\t\t\t\t<img decoding=\"async\" src=\"https:\/\/211md.org\/wp-content\/uploads\/bb-plugin\/cache\/Veterans-circle-7c6972a59826c74f1f658f61df785fc3-.png\" alt=\"M\u1ed9t ng\u01b0\u1eddi l\u00ednh b\u1eaft tay ai \u0111\u00f3 v\u00e0 m\u1ec9m c\u01b0\u1eddi\" itemprop=\"image\" title=\"c\u1ef1u chi\u1ebfn binh\" onerror=\"this.style.display='none'\"  \/>\n\t\t\t\t<\/a>\n\t\t<h3><a href=\"\/vi\/tai-nguyen\/cuu-chien-binh\/\" target=\"_self\">c\u1ef1u chi\u1ebfn binh<\/a><\/h3>","protected":false},"excerpt":{"rendered":"<p>Tranh ch\u1ea5p gi\u1eefa ch\u1ee7 nh\u00e0 v\u00e0 ng\u01b0\u1eddi thu\u00ea nh\u00e0 l\u00e0 m\u1ed9t trong nh\u1eefng khi\u1ebfu n\u1ea1i ph\u1ed5 bi\u1ebfn nh\u1ea5t g\u1eedi \u0111\u1ebfn V\u0103n ph\u00f2ng T\u1ed5ng ch\u01b0\u1edfng l\u00fd Maryland. L\u00e0 ng\u01b0\u1eddi thu\u00ea nh\u00e0, b\u1ea1n c\u00f3 m\u1ed9t s\u1ed1 quy\u1ec1n, ngh\u0129a v\u1ee5 v\u00e0 bi\u1ec7n ph\u00e1p kh\u1eafc ph\u1ee5c theo lu\u1eadt Maryland. C\u0169ng c\u00f3 th\u1ec3 c\u00f3 c\u00e1c bi\u1ec7n ph\u00e1p b\u1ea3o v\u1ec7 t\u1ea1i \u0111\u1ecba ph\u01b0\u01a1ng ho\u1eb7c c\u00e1c quy tr\u00ecnh gi\u1ea3i quy\u1ebft tranh ch\u1ea5p gi\u1eefa ch\u1ee7 nh\u00e0 v\u00e0 ng\u01b0\u1eddi thu\u00ea nh\u00e0 h\u01a1i kh\u00e1c nhau. Tranh ch\u1ea5p ph\u1ed5 bi\u1ebfn gi\u1eefa ch\u1ee7 nh\u00e0 v\u00e0 ng\u01b0\u1eddi thu\u00ea nh\u00e0 Ng\u01b0\u1eddi thu\u00ea nh\u00e0 v\u00e0 ch\u1ee7 nh\u00e0 c\u00f3 th\u1ec3 kh\u00f4ng \u0111\u1ed3ng \u00fd v\u1ec1: \u0111\u01a1n \u0111\u0103ng k\u00fd\u2026<\/p>","protected":false},"author":8,"featured_media":1905,"parent":928,"menu_order":0,"comment_status":"closed","ping_status":"closed","template":"","meta":{"footnotes":""},"class_list":["post-1115","page","type-page","status-publish","has-post-thumbnail","hentry"],"_links":{"self":[{"href":"https:\/\/211md.org\/vi\/wp-json\/wp\/v2\/pages\/1115","targetHints":{"allow":["GET"]}}],"collection":[{"href":"https:\/\/211md.org\/vi\/wp-json\/wp\/v2\/pages"}],"about":[{"href":"https:\/\/211md.org\/vi\/wp-json\/wp\/v2\/types\/page"}],"author":[{"embeddable":true,"href":"https:\/\/211md.org\/vi\/wp-json\/wp\/v2\/users\/8"}],"replies":[{"embeddable":true,"href":"https:\/\/211md.org\/vi\/wp-json\/wp\/v2\/comments?post=1115"}],"version-history":[{"count":0,"href":"https:\/\/211md.org\/vi\/wp-json\/wp\/v2\/pages\/1115\/revisions"}],"up":[{"embeddable":true,"href":"https:\/\/211md.org\/vi\/wp-json\/wp\/v2\/pages\/928"}],"wp:featuredmedia":[{"embeddable":true,"href":"https:\/\/211md.org\/vi\/wp-json\/wp\/v2\/media\/1905"}],"wp:attachment":[{"href":"https:\/\/211md.org\/vi\/wp-json\/wp\/v2\/media?parent=1115"}],"curies":[{"name":"wp","href":"https:\/\/api.w.org\/{rel}","templated":true}]}}