{"id":1116,"date":"2021-04-19T16:19:54","date_gmt":"2021-04-19T16:19:54","guid":{"rendered":"https:\/\/211md.org\/?page_id=1116"},"modified":"2025-09-09T11:30:22","modified_gmt":"2025-09-09T15:30:22","slug":"xu-ly-ma-tuy","status":"publish","type":"page","link":"https:\/\/211md.org\/vi\/resources\/substance-use\/drug-disposal\/","title":{"rendered":"Ph\u1ea3i L\u00e0m G\u00ec V\u1edbi Thu\u1ed1c Theo Toa C\u0169"},"content":{"rendered":"<img decoding=\"async\" src=\"https:\/\/stg-maryland211-staging.kinsta.cloud\/wp-content\/uploads\/2025\/08\/5-1-scaled.png\" alt=\"5\" itemprop=\"image\" height=\"692\" width=\"2560\" title=\"5\" onerror=\"this.style.display='none'\" loading=\"lazy\" \/>\n\t\t<h1><a href=\"#start\" target=\"_self\">Ti\u00eau \u0111\u1ec1 trang m\u1eb7c \u0111\u1ecbnh<\/a><\/h1><p>Trong t\u1ee7 thu\u1ed1c c\u1ee7a b\u1ea1n c\u00f3 thu\u1ed1c theo toa ho\u1eb7c thu\u1ed1c kh\u00f4ng k\u00ea \u0111\u01a1n c\u0169, h\u1ebft h\u1ea1n, kh\u00f4ng mong mu\u1ed1n ho\u1eb7c ch\u01b0a s\u1eed d\u1ee5ng kh\u00f4ng?<\/p>\n<p>V\u1ee9t b\u1ecf thu\u1ed1c an to\u00e0n c\u00f3 th\u1ec3 gi\u00fap ng\u0103n ng\u1eeba vi\u1ec7c s\u1eed d\u1ee5ng thu\u1ed1c phi\u1ec7n.<\/p>\n<p>9,9 tri\u1ec7u ng\u01b0\u1eddi M\u1ef9 l\u1ea1m d\u1ee5ng thu\u1ed1c theo toa, theo b\u00e1o c\u00e1o\u00a0<a href=\"https:\/\/www.samhsa.gov\/data\/release\/2018-national-survey-drug-use-and-health-nsduh-releases\" target=\"_blank\" rel=\"noopener\">Kh\u1ea3o s\u00e1t qu\u1ed1c gia v\u1ec1 s\u1eed d\u1ee5ng ma t\u00fay v\u00e0 s\u1ee9c kh\u1ecfe n\u0103m 2018<\/a>, v\u1edbi ph\u1ea7n l\u1edbn \u0111\u1ebfn t\u1eeb gia \u0111\u00ecnh, b\u1ea1n b\u00e8 v\u00e0 t\u1ee7 thu\u1ed1c gia \u0111\u00ecnh.<\/p>\n<p>Thu\u1ed1c c\u0169ng c\u00f3 th\u1ec3 g\u00e2y ra c\u00e1c v\u1ea5n \u0111\u1ec1 v\u1ec1 m\u00f4i tr\u01b0\u1eddng khi v\u1ee9t b\u1ecf kh\u00f4ng \u0111\u00fang c\u00e1ch v\u00e0o th\u00f9ng r\u00e1c ho\u1eb7c x\u1ea3 xu\u1ed1ng b\u1ed3n c\u1ea7u.<\/p>\n<p>T\u00ecm hi\u1ec3u v\u1ec1 c\u00e1ch x\u1eed l\u00fd thu\u1ed1c \u0111\u00fang c\u00e1ch.<\/p>\n\t\t\t<a href=\"#start\" target=\"_self\">\n\t\t\t\t\t\tB\u1eaft \u0111\u1ea7u\n\t\t\t\t\t<\/a>\n\t\t\t\t<img decoding=\"async\" src=\"https:\/\/211md.org\/wp-content\/plugins\/bb-plugin\/img\/pixel.png\" alt=\"\" itemprop=\"image\" onerror=\"this.style.display='none'\" loading=\"lazy\" \/>\n\t\t\t\t<img decoding=\"async\" src=\"https:\/\/stg-maryland211-staging.kinsta.cloud\/wp-content\/uploads\/2025\/08\/16.png\" alt=\"16\" itemprop=\"image\" height=\"1000\" width=\"1000\" title=\"16\" onerror=\"this.style.display='none'\" loading=\"lazy\" \/>\n\t\t\t\t<img decoding=\"async\" src=\"http:\/\/211md.org\/wp-content\/uploads\/2021\/04\/safely-get-rid-of-prescription-medicine-in-maryland.jpg\" alt=\"Vi\u00ean thu\u1ed1c m\u00e0u h\u1ed3ng, xanh lam v\u00e0 xanh l\u1ee5c tr\u00e0n ra kh\u1ecfi l\u1ecd thu\u1ed1c\" itemprop=\"image\" title=\"lo\u1ea1i b\u1ecf thu\u1ed1c theo toa m\u1ed9t c\u00e1ch an to\u00e0n \u1edf maryland\" onerror=\"this.style.display='none'\" loading=\"lazy\" \/>\n\t<h2>T\u1ea1i sao b\u1ea1n c\u1ea7n ph\u1ea3i v\u1ee9t b\u1ecf thu\u1ed1c?<\/h2>\n<p>211 Maryland \u0111\u00e3 ch\u1ee9ng ki\u1ebfn s\u1ef1 gia t\u0103ng 57 ph\u1ea7n tr\u0103m c\u00e1c cu\u1ed9c g\u1ecdi li\u00ean quan \u0111\u1ebfn opioid trong ba n\u0103m qua. Trong t\u1ea5t c\u1ea3 c\u00e1c cu\u1ed9c g\u1ecdi l\u1ea1m d\u1ee5ng ch\u1ea5t g\u00e2y nghi\u1ec7n, ph\u1ea7n l\u1edbn l\u00e0 t\u00ecm ki\u1ebfm s\u1ef1 t\u01b0 v\u1ea5n v\u00e0 \u0111i\u1ec1u tr\u1ecb n\u1ed9i tr\u00fa.<\/p>\n<p>C\u00e1c chuy\u00ean gia cu\u1ed9c g\u1ecdi c\u1ee7a ch\u00fang t\u00f4i s\u1eed d\u1ee5ng c\u01a1 s\u1edf d\u1eef li\u1ec7u r\u1ed9ng l\u1edbn v\u1ec1 c\u00e1c t\u00e0i nguy\u00ean thi\u1ebft y\u1ebfu c\u1ee7a ch\u00fang t\u00f4i \u0111\u1ec3 k\u1ebft n\u1ed1i ng\u01b0\u1eddi g\u1ecdi v\u1edbi c\u00e1c ch\u01b0\u01a1ng tr\u00ecnh t\u1ed1t nh\u1ea5t cho nhu c\u1ea7u ch\u01b0a \u0111\u01b0\u1ee3c \u0111\u00e1p \u1ee9ng c\u1ee7a h\u1ecd.<\/p>\n<p>Ng\u0103n ch\u1eb7n vi\u1ec7c l\u1ea1m d\u1ee5ng thu\u1ed1c kh\u00f4ng bao gi\u1edd x\u1ea3y ra l\u00e0 m\u1ed9t trong nh\u1eefng c\u00e1ch t\u1ed1t nh\u1ea5t b\u1ea1n c\u00f3 th\u1ec3 t\u1ea1o ra s\u1ef1 kh\u00e1c bi\u1ec7t trong \u0111\u1ea1i d\u1ecbch opioid.<\/p>\nT\u1ea1i sao tho\u00e1t kh\u1ecfi ma t\u00fay m\u1ed9t c\u00e1ch an to\u00e0n?<br \/>\n1. Gi\u1eef thu\u1ed1c xa t\u1ea7m tay c\u1ee7a thanh thi\u1ebfu ni\u00ean ho\u1eb7c ng\u01b0\u1eddi l\u1edbn.<br \/>\n2. Ng\u0103n ch\u1eb7n ch\u00fang b\u1ecb \u0111\u00e1nh c\u1eafp ho\u1eb7c b\u00e1n b\u1ea5t h\u1ee3p ph\u00e1p.<br \/>\n2. Ng\u0103n ng\u1eeba ng\u1ed9 \u0111\u1ed9c cho tr\u1ebb em v\u00e0 v\u1eadt nu\u00f4i.<br \/>\n3. B\u1ea3o v\u1ec7 m\u00f4i tr\u01b0\u1eddng\n\t<p>C\u00e1c \u0111\u1ecba \u0111i\u1ec3m b\u1eefa \u0103n m\u00f9a h\u00e8 c\u00f3 th\u1ec3 thay \u0111\u1ed5i h\u00e0ng n\u0103m, v\u00ec v\u1eady h\u00e3y ki\u1ec3m tra\u00a0<a href=\"https:\/\/mars.msde.maryland.gov\/mars_sitesearch\/\" target=\"_blank\" rel=\"noopener\">Trang web b\u1eefa \u0103n Maryland<\/a>\u00a0m\u1ed7i n\u0103m \u0111\u1ec3 c\u00f3 th\u00f4ng tin m\u1edbi nh\u1ea5t. Ho\u1eb7c, ki\u1ec3m tra v\u1edbi khu h\u1ecdc ch\u00e1nh \u0111\u1ecba ph\u01b0\u01a1ng c\u1ee7a b\u1ea1n \u0111\u1ec3 t\u00ecm c\u00e1c t\u1ed5 ch\u1ee9c cung c\u1ea5p b\u1eefa \u0103n m\u00f9a h\u00e8 mi\u1ec5n ph\u00ed cho tr\u1ebb em.<\/p>\n<p>Ngo\u00e0i ra, c\u00e1c gia \u0111\u00ecnh c\u00f3 th\u1ec3 \u0111\u1ee7 \u0111i\u1ec1u ki\u1ec7n nh\u1eadn Maryland SUN Bucks. N\u1ebfu b\u1ea1n \u0111ang nh\u1eadn c\u00e1c ph\u00fac l\u1ee3i kh\u00e1c, b\u1ea1n c\u00f3 th\u1ec3 t\u1ef1 \u0111\u1ed9ng \u0111\u0103ng k\u00fd nh\u1eadn $40 m\u1ed7i th\u00e1ng v\u00e0o th\u00e1ng 6, th\u00e1ng 7 v\u00e0 th\u00e1ng 8 (t\u1ed5ng c\u1ed9ng $120). <a href=\"https:\/\/stg-maryland211-staging.kinsta.cloud\/resources\/children-families\/summer-programs\/\" target=\"_blank\" rel=\"noopener\">T\u00ecm hi\u1ec3u th\u00eam v\u1ec1 Maryland SUN Bucks<\/a>.<\/p>\n<h2>L\u00e0m th\u1ebf n\u00e0o \u0111\u1ec3 tho\u00e1t kh\u1ecfi thu\u1ed1c theo toa \u1edf Maryland<\/h2>\n<p>Cho d\u00f9 b\u1ea1n c\u00f3 thu\u1ed1c c\u0169 (theo toa ho\u1eb7c mua t\u1ef1 do) trong nh\u00e0 hay m\u1ed9t th\u00e0nh vi\u00ean trong gia \u0111\u00ecnh \u0111\u00e3 ch\u1ebft c\u00f3 thu\u1ed1c trong nh\u00e0 c\u1ee7a h\u1ecd, v\u1eabn c\u00f3 nh\u1eefng c\u00e1ch mi\u1ec5n ph\u00ed \u0111\u1ec3 v\u1ee9t b\u1ecf ch\u00fang m\u00e0 kh\u00f4ng c\u1ea7n v\u1ee9t v\u00e0o th\u00f9ng r\u00e1c.<\/p>\n<h3>Nh\u1eadn m\u1ed9t t\u00fai \u0111\u1ef1ng thu\u1ed1c mi\u1ec5n ph\u00ed<\/h3>\n<p>B\u1ea1n c\u00f3 th\u1ec3 v\u1ee9t b\u1ecf thu\u1ed1c theo toa t\u1ea1i nh\u00e0 b\u1eb1ng c\u00e1ch th\u1ef1c hi\u1ec7n m\u1ed9t s\u1ed1 bi\u1ec7n ph\u00e1p ph\u00f2ng ng\u1eeba nh\u1ea5t \u0111\u1ecbnh, th\u00f4ng qua ch\u01b0\u01a1ng tr\u00ecnh thu h\u1ed3i thu\u1ed1c t\u1ea1i hi\u1ec7u thu\u1ed1c ho\u1eb7c b\u1eb1ng t\u00fai \u0111\u1ef1ng thu\u1ed1c.<\/p>\n<p>B\u1ea1n \u0111\u1ed5 thu\u1ed1c v\u00e0o t\u00fai c\u00f3 th\u1ec3 ni\u00eam phong, th\u00eam m\u1ed9t \u00edt n\u01b0\u1edbc, l\u1eafc \u0111\u1ec1u v\u00e0 v\u1ee9t t\u00fai \u0111i.<\/p>\n<p>T\u00fai ch\u1ee9a carbon c\u00f3 t\u00e1c d\u1ee5ng v\u00f4 hi\u1ec7u h\u00f3a thu\u1ed1c, gi\u00fap b\u1ea1n c\u00f3 th\u1ec3 v\u1ee9t thu\u1ed1c v\u00e0o th\u00f9ng r\u00e1c m\u1ed9t c\u00e1ch an to\u00e0n.<\/p>\n<p><strong>DANH S\u00c1CH<\/strong><\/p>\n<h3>Ng\u00e0y L\u1ea5y L\u1ea1i Thu\u1ed1c<\/h3>\n<p>H\u00e0ng n\u0103m, c\u00f3 nh\u1eefng s\u1ef1 ki\u1ec7n thu h\u1ed3i thu\u1ed1c m\u00e0 b\u1ea1n c\u00f3 th\u1ec3 b\u1ecf thu\u1ed1c theo toa c\u1ee7a m\u00ecnh \u0111\u1ec3 ti\u00eau h\u1ee7y ch\u00fang m\u1ed9t c\u00e1ch an to\u00e0n. Ch\u00fang \u0111\u01b0\u1ee3c t\u1ed5 ch\u1ee9c v\u00e0o m\u1ed7i m\u00f9a thu v\u00e0 m\u00f9a xu\u00e2n.<\/p>\n<p><a href=\"https:\/\/apps2.deadiversion.usdoj.gov\/NTBI\/NTBI-PUB.pub;jsessionid=eok_7496ISLHX1XN6KwiBJs1LFug_LlU3VoWHx7U.web1?_flowExecutionKey=_c8710170A-AC86-0E50-1E2F-F12DE4152607_k050F69E5-77E8-5CE1-21C4-8AF29D72BB29\" target=\"_blank\" rel=\"noopener\">T\u00ecm ki\u1ebfm c\u01a1 s\u1edf d\u1eef li\u1ec7u c\u1ee7a C\u01a1 quan Th\u1ef1c thi Ma t\u00fay<\/a>\u00a0b\u1eb1ng m\u00e3 Zip \u0111\u1ec3 t\u00ecm \u0111\u1ecba \u0111i\u1ec3m thu h\u1ed3i ma t\u00fay t\u1ea1i \u0111\u1ecba ph\u01b0\u01a1ng \u1edf Maryland.<\/p>\n<p>M\u1ed9t s\u1ed1 nh\u00e0 thu\u1ed1c v\u00e0 s\u1edf c\u1ea3nh s\u00e1t c\u00f3 h\u1ed9p \u0111\u1ef1ng thu\u1ed1c m\u00e0 b\u1ea1n c\u00f3 th\u1ec3 s\u1eed d\u1ee5ng b\u1ea5t c\u1ee9 l\u00fac n\u00e0o trong n\u0103m.<\/p>\n<p>C\u00e1c\u00a0<a href=\"https:\/\/safe.pharmacy\/drug-disposal\/results\/?address=21601&amp;distance=100\" target=\"_blank\" rel=\"noopener\">Hi\u1ec7p h\u1ed9i qu\u1ed1c gia c\u1ee7a Ban D\u01b0\u1ee3c<\/a>\u00a0c\u00f3 t\u00ednh n\u0103ng t\u00ecm ki\u1ebfm m\u00e3 ZIP \u0111\u1ec3 t\u00ecm h\u1ed9p x\u1eed l\u00fd c\u1ee5c b\u1ed9 lu\u00f4n c\u00f3 s\u1eb5n.<\/p>\n<p><a href=\"https:\/\/www.walgreens.com\/storelocator\/find.jsp?RxDisposal=true\" target=\"_blank\" rel=\"noopener\">Walgreens c\u0169ng c\u00f3 t\u00ecm ki\u1ebfm ri\u00eang cho c\u00e1c ki-\u1ed1t b\u00e1n thu\u1ed1c<\/a>\u00a0c\u00f3 s\u1eb5n trong gi\u1edd hi\u1ec7u thu\u1ed1c.<\/p>\n<p>M\u1ed9t s\u1ed1 s\u1edf c\u1ea3nh s\u00e1t Maryland c\u00f3 h\u1ed9p thu\u1ed1c cho ph\u00e9p m\u1ed9t c\u00e1 nh\u00e2n b\u01b0\u1edbc v\u00e0o v\u00e0 v\u1ee9t b\u1ecf thu\u1ed1c b\u1ea5t c\u1ee9 l\u00fac n\u00e0o.\u00a0<a href=\"https:\/\/www.rxdrugdropbox.org\/loc\/maryland\/page\/2\/\" target=\"_blank\" rel=\"noopener\">T\u00ecm h\u1ed9p thu\u1ed1c Maryland<\/a>.<\/p>\n<p>B\u1ea1n c\u0169ng c\u00f3 th\u1ec3\u00a0<a href=\"https:\/\/apps.deadiversion.usdoj.gov\/pubdispsearch\/spring\/main;jsessionid=fq7vl3mOzhqOw4Y5iIIJPgoCw7tEg_83X0rygMp5.web1?execution=e1s1\" target=\"_blank\" rel=\"noopener\">t\u00ecm ki\u1ebfm c\u01a1 s\u1edf d\u1eef li\u1ec7u th\u1ea3i b\u1ecf c\u00f4ng c\u1ed9ng ch\u1ea5t b\u1ecb ki\u1ec3m so\u00e1t<\/a>\u00a0\u0111\u1ec3 t\u00ecm m\u1ed9t \u0111\u1ecba \u0111i\u1ec3m g\u1ea7n b\u1ea1n ch\u1ea5p nh\u1eadn thu\u1ed1c theo toa.<\/p>\n\t\t\t\t<img decoding=\"async\" src=\"http:\/\/211md.org\/wp-content\/uploads\/2025\/09\/Closeup-of-pills-to-throw-away.jpg\" alt=\"C\u1eadn c\u1ea3nh nh\u1eefng vi\u00ean thu\u1ed1c c\u1ea7n v\u1ee9t \u0111i\" itemprop=\"image\" title=\"C\u1eadn c\u1ea3nh nh\u1eefng vi\u00ean thu\u1ed1c c\u1ea7n v\u1ee9t \u0111i\" onerror=\"this.style.display='none'\" loading=\"lazy\" \/>\n\t<h3>C\u00e1ch V\u1ee9t Thu\u1ed1c C\u0169<\/h3>\n<p>N\u1ebfu b\u1ea1n kh\u00f4ng th\u1ec3 t\u00ecm th\u1ea5y \u0111\u1ecba \u0111i\u1ec3m x\u1eed l\u00fd ma t\u00fay \u0111ang ho\u1ea1t \u0111\u1ed9ng \u1edf g\u1ea7n m\u00ecnh, kh\u00f4ng th\u1ec3 \u0111\u1ee3i \u0111\u1ebfn ng\u00e0y l\u1ea5y l\u1ea1i ti\u1ebfp theo v\u00e0 kh\u00f4ng c\u00f3 t\u00fai x\u1eed l\u00fd ma t\u00fay - b\u1ea1n c\u00f3 th\u1ec3 x\u1ea3 m\u1ed9t s\u1ed1 lo\u1ea1i thu\u1ed1c xu\u1ed1ng b\u1ed3n c\u1ea7u ho\u1eb7c v\u1ee9t ch\u00fang v\u00e0o th\u00f9ng r\u00e1c. r\u00e1c.<\/p>\n<p>M\u1ed9t l\u1ea7n n\u1eefa, t\u1ed1t nh\u1ea5t b\u1ea1n n\u00ean v\u1ee9t b\u1ecf ch\u00fang \u0111\u00fang c\u00e1ch n\u1ebfu c\u00f3 th\u1ec3.<\/p>\n<p>C\u00e1c lo\u1ea1i thu\u1ed1c \u0111i \u0111\u1ebfn m\u1ed9t nh\u00e0 m\u00e1y x\u1eed l\u00fd n\u01b0\u1edbc th\u1ea3i khi \u0111\u1ed5 xu\u1ed1ng b\u1ed3n r\u1eeda ho\u1eb7c x\u1ea3 xu\u1ed1ng nh\u00e0 v\u1ec7 sinh. Nh\u1eefng c\u00e2y n\u00e0y kh\u00f4ng \u0111\u01b0\u1ee3c thi\u1ebft k\u1ebf \u0111\u1ec3 lo\u1ea1i b\u1ecf thu\u1ed1c th\u01b0\u1eddng xuy\u00ean. K\u1ebft qu\u1ea3 l\u00e0 thu\u1ed1c c\u00f3 th\u1ec3 th\u1ea5m v\u00e0o n\u01b0\u1edbc ng\u1ea7m, s\u00f4ng su\u1ed1i, x\u00e2m nh\u1eadp v\u00e0o ngu\u1ed3n n\u01b0\u1edbc u\u1ed1ng.<\/p>\n<h3>Danh s\u00e1ch tu\u00f4n ra c\u1ee7a FDA<\/h3>\n<p>M\u1ed9t s\u1ed1 lo\u1ea1i thu\u1ed1c r\u1ea5t nguy hi\u1ec3m khi \u1edf trong tay k\u1ebb x\u1ea5u v\u00e0 th\u01b0\u1eddng b\u1ecb l\u1ea1m d\u1ee5ng \u0111\u1ebfn m\u1ee9c C\u1ee5c Qu\u1ea3n l\u00fd Th\u1ef1c ph\u1ea9m v\u00e0 D\u01b0\u1ee3c ph\u1ea9m \u0111\u00e3 t\u1ea1o ra m\u1ed9t\u00a0<a href=\"https:\/\/www.fda.gov\/drugs\/disposal-unused-medicines-what-you-should-know\/drug-disposal-fdas-flush-list-certain-medicines#FlushList\" target=\"_blank\" rel=\"noopener\">danh s\u00e1ch tu\u00f4n ra \u0111\u00e3 \u0111\u01b0\u1ee3c ph\u00ea duy\u1ec7t<\/a>. Ch\u1ec9 x\u1ea3 c\u00e1c lo\u1ea1i thu\u1ed1c trong danh s\u00e1ch n\u00e0y n\u1ebfu kh\u00f4ng c\u00f3 l\u1ef1a ch\u1ecdn n\u00e0o kh\u00e1c.<\/p>\n<p>Nh\u1eefng lo\u1ea1i thu\u1ed1c n\u00e0y c\u00f3 th\u1ec3 g\u00e2y t\u1eed vong ch\u1ec9 sau m\u1ed9t li\u1ec1u n\u1ebfu d\u00f9ng kh\u00f4ng \u0111\u00fang c\u00e1ch. FDA tin r\u1eb1ng nguy c\u01a1 ph\u01a1i nhi\u1ec5m ng\u1eabu nhi\u00ean l\u1edbn h\u01a1n nhi\u1ec1u so v\u1edbi m\u1ed1i lo ng\u1ea1i v\u1ec1 m\u00f4i tr\u01b0\u1eddng \u0111\u1ed1i v\u1edbi m\u1ed9t s\u1ed1 lo\u1ea1i thu\u1ed1c. V\u00ec v\u1eady, t\u1ed1t h\u01a1n h\u1ebft b\u1ea1n n\u00ean x\u1ea3 nh\u1eefng lo\u1ea1i thu\u1ed1c n\u00e0y h\u01a1n l\u00e0 \u0111\u1ee3i ng\u00e0y thu h\u1ed3i.<\/p>\n<p>M\u1ed9t l\u1ef1a ch\u1ecdn kh\u00e1c l\u00e0 tr\u1ed9n thu\u1ed1c v\u1edbi c\u00e1t v\u1ec7 sinh c\u1ee7a m\u00e8o ho\u1eb7c b\u00e3 c\u00e0 ph\u00ea v\u00e0 \u0111\u1eady k\u00edn trong h\u1ed9p d\u00f9ng m\u1ed9t l\u1ea7n. \u0110\u00e2y c\u00f3 th\u1ec3 l\u00e0 h\u1ed9p s\u1eefa chua r\u1ed7ng ho\u1eb7c t\u00fai c\u00f3 th\u1ec3 b\u1ecbt k\u00edn. Th\u00e1o nh\u00e3n d\u00e1n tr\u00ean chai thu\u1ed1c ho\u1eb7c s\u1eed d\u1ee5ng b\u00fat \u0111\u00e1nh d\u1ea5u v\u0129nh vi\u1ec5n \u0111\u1ec3 x\u00f3a th\u00f4ng tin nh\u1eadn d\u1ea1ng v\u00e0 v\u1ee9t chai r\u1ed7ng \u0111i ri\u00eang.<\/p>\n<p>&nbsp;<\/p>\n<p>&nbsp;<\/p>\n<h2>B\u1ea1n c\u1ea7n th\u1ee9 g\u00ec kh\u00e1c kh\u00f4ng?<\/h2>\n<p>211 c\u00f3 h\u00e0ng ng\u00e0n ngu\u1ed3n l\u1ef1c h\u1ed7 tr\u1ee3 c\u00e1c nhu c\u1ea7u thi\u1ebft y\u1ebfu kh\u00e1c. Nh\u1eadn h\u1ed7 tr\u1ee3 v\u1ec1 th\u1ef1c ph\u1ea9m, nh\u00e0 \u1edf, ti\u1ec7n \u00edch v\u00e0 nhi\u1ec1u h\u01a1n n\u1eefa!<\/p>\n<p>&nbsp;<\/p>\n\t\t\t<a href=\"\/vi\/tai-nguyen\/do-an\/\" target=\"_self\">\n\t\t\t\t\t\tt\u00ecm th\u1ee9c \u0103n\n\t\t\t\t\t<\/a>\n\t\t\t<a href=\"\/vi\/tai-nguyen\/nha-o\/\" target=\"_self\">\n\t\t\t\t\t\tt\u00ecm nh\u00e0 \u1edf\n\t\t\t\t\t<\/a>\n\t\t\t<a href=\"\/vi\/tai-nguyen\/tien-ich\/\" target=\"_self\">\n\t\t\t\t\t\tnh\u1eadn h\u1ed7 tr\u1ee3 ti\u1ec7n \u00edch\n\t\t\t\t\t<\/a>\n\t\t\t<a href=\"\/vi\/tai-nguyen-theo-quan\/\" target=\"_self\">\n\t\t\t\t\t\tt\u00e0i nguy\u00ean theo qu\u1eadn\n\t\t\t\t\t<\/a>\n<h2>\n\t\t\tTh\u00f4ng tin li\u00ean quan \t<\/h2>\n\t<h2>kh\u00e1m ph\u00e1 c\u00e1c ch\u01b0\u01a1ng tr\u00ecnh h\u1ed7 tr\u1ee3<\/h2>\n<p>T\u00ecm hi\u1ec3u v\u1ec1 c\u00e1c ch\u01b0\u01a1ng tr\u00ecnh tr\u1ee3 c\u1ea5p v\u00e0 c\u00e1ch k\u1ebft n\u1ed1i v\u1edbi b\u1ed9 ph\u1eadn h\u1ed7 tr\u1ee3.<\/p>\n\t\t<h3><a href=\"\/vi\/tai-nguyen\/do-an\/\" target=\"_self\">\u0110\u1ed3 \u0103n<\/a><\/h3><p>Th\u1ef1c ph\u1ea9m mi\u1ec5n ph\u00ed g\u1ea7n t\u00f4i, t\u1ee7 \u0111\u1ef1ng th\u1ee9c \u0103n, SNAP, WIC, ti\u1ebft ki\u1ec7m ti\u1ec1n mua s\u1eafm<\/p>\n<a href=\"\/vi\/tai-nguyen\/do-an\/\"  target=\"_self\">T\u00ecm hi\u1ec3u th\u00eam<\/a>\t\n\t\t\t\t<a href=\"\/vi\/tai-nguyen\/do-an\/\"  target=\"_self\" itemprop=\"url\">\n\t\t\t\t<img decoding=\"async\" src=\"https:\/\/211md.org\/wp-content\/uploads\/bb-plugin\/cache\/2025_MdInfoNet_Icon-Sets-white_food-square-dfa1c607bcdb6b34735ae61e84e21386-.png\" alt=\"2025_MdInfoNet_B\u1ed9 bi\u1ec3u t\u01b0\u1ee3ng-tr\u1eafng_th\u1ef1c ph\u1ea9m\" itemprop=\"image\" title=\"2025_MdInfoNet_B\u1ed9 bi\u1ec3u t\u01b0\u1ee3ng-tr\u1eafng_th\u1ef1c ph\u1ea9m\" onerror=\"this.style.display='none'\" loading=\"lazy\" \/>\n\t\t\t\t<\/a>\n\t\t<h3><a href=\"\/vi\/tai-nguyen\/ho-tro-tien-ich\/\" target=\"_self\">Ti\u1ec7n \u00edch<\/a><\/h3><p>Ch\u01b0\u01a1ng tr\u00ecnh h\u1ed7 tr\u1ee3 h\u00f3a \u0111\u01a1n \u0111i\u1ec7n, gas v\u00e0 n\u01b0\u1edbc<\/p>\n<a href=\"\/vi\/tai-nguyen\/ho-tro-tien-ich\/\"  target=\"_self\">T\u00ecm hi\u1ec3u th\u00eam<\/a>\t\n\t\t\t\t<a href=\"\/vi\/tai-nguyen\/ho-tro-tien-ich\/\"  target=\"_self\" itemprop=\"url\">\n\t\t\t\t<img decoding=\"async\" src=\"https:\/\/211md.org\/wp-content\/uploads\/bb-plugin\/cache\/2025_MdInfoNet_Icon-Sets-white_Utilities-square-485aa1950491235898117da61fd0a70a-.png\" alt=\"2025_MdInfoNet_B\u1ed9 bi\u1ec3u t\u01b0\u1ee3ng-white_Utilities\" itemprop=\"image\" title=\"2025_MdInfoNet_B\u1ed9 bi\u1ec3u t\u01b0\u1ee3ng-white_Utilities\" onerror=\"this.style.display='none'\" loading=\"lazy\" \/>\n\t\t\t\t<\/a>\n\t\t\t\t<a href=\"\/vi\/tai-nguyen\/nha-o\/\"  target=\"_self\" itemprop=\"url\">\n\t\t\t\t<img decoding=\"async\" src=\"https:\/\/211md.org\/wp-content\/uploads\/bb-plugin\/cache\/2025_MdInfoNet_Icon-Sets-white_Housing-square-5b4ab26c33cdf5bd88fd6164be4cc0b8-.png\" alt=\"2025_MdInfoNet_B\u1ed9 bi\u1ec3u t\u01b0\u1ee3ng-nh\u00e0 \u1edf m\u00e0u tr\u1eafng\" itemprop=\"image\" title=\"2025_MdInfoNet_B\u1ed9 bi\u1ec3u t\u01b0\u1ee3ng-nh\u00e0 \u1edf m\u00e0u tr\u1eafng\" onerror=\"this.style.display='none'\" loading=\"lazy\" \/>\n\t\t\t\t<\/a>\n\t\t<h3><a href=\"\/vi\/tai-nguyen\/nha-o\/\" target=\"_self\">nh\u00e0 \u1edf<\/a><\/h3><p>Thanh to\u00e1n ti\u1ec1n thu\u00ea nh\u00e0, ph\u00f2ng ch\u1ed1ng b\u1ecb \u0111u\u1ed5i kh\u1ecfi nh\u00e0, n\u01a1i tr\u00fa \u1ea9n cho ng\u01b0\u1eddi v\u00f4 gia c\u01b0<\/p>\n<a href=\"\/vi\/tai-nguyen\/nha-o\/\"  target=\"_self\">T\u00ecm hi\u1ec3u th\u00eam<\/a>\t\n\t\t\t\t<a href=\"\/vi\/tai-nguyen\/moi-doi-voi-chung-toi-va-maryland\/\"  target=\"_self\" itemprop=\"url\">\n\t\t\t\t<img decoding=\"async\" src=\"https:\/\/211md.org\/wp-content\/uploads\/bb-plugin\/cache\/2025_MdInfoNet_Icon-Sets-white_Immigration-square-71ef90812193ac6d0e3edc3e61891f7f-.png\" alt=\"2025_MdInfoNet_B\u1ed9 bi\u1ec3u t\u01b0\u1ee3ng-tr\u1eafng_Nh\u1eadp c\u01b0\" itemprop=\"image\" title=\"2025_MdInfoNet_B\u1ed9 bi\u1ec3u t\u01b0\u1ee3ng-tr\u1eafng_Nh\u1eadp c\u01b0\" onerror=\"this.style.display='none'\" loading=\"lazy\" \/>\n\t\t\t\t<\/a>\n\t\t<h3><a href=\"\/vi\/tai-nguyen\/moi-doi-voi-chung-toi-va-maryland\/\" target=\"_self\">nh\u1eadp c\u01b0<\/a><\/h3><p>H\u1ed7 tr\u1ee3 nh\u1eadp c\u01b0 cho ng\u01b0\u1eddi M\u1ef9 m\u1edbi v\u00e0 ng\u01b0\u1eddi t\u1ecb n\u1ea1n<\/p>\n<a href=\"\/vi\/tai-nguyen\/moi-doi-voi-chung-toi-va-maryland\/\"  target=\"_self\">T\u00ecm hi\u1ec3u th\u00eam<\/a>\t\n\t\t<h4><a href=\"\/vi\/tai-nguyen\/lao-hoa-khuyet-tat\/\" target=\"_self\">L\u00e3o h\u00f3a &amp; Khuy\u1ebft t\u1eadt<\/a><\/h4>\n\t\t\t\t<a href=\"\/vi\/tai-nguyen\/lao-hoa-khuyet-tat\/\"  target=\"_self\" itemprop=\"url\">\n\t\t\t\t<img decoding=\"async\" src=\"https:\/\/211md.org\/wp-content\/uploads\/bb-plugin\/cache\/2025_MdInfoNet_Icon-Sets_Aging-disability-square-c466727102cae71e5f27b8539bb51945-.png\" alt=\"2025_MdInfoNet_B\u1ed9 bi\u1ec3u t\u01b0\u1ee3ng_T\u00e0n t\u1eadt do tu\u1ed5i gi\u00e0\" itemprop=\"image\" title=\"2025_MdInfoNet_B\u1ed9 bi\u1ec3u t\u01b0\u1ee3ng_T\u00e0n t\u1eadt do tu\u1ed5i gi\u00e0\" onerror=\"this.style.display='none'\" loading=\"lazy\" \/>\n\t\t\t\t<\/a>\n\t\t<h4><a href=\"https:\/\/211md.org\/vi\/tai-nguyen\/gia-dinh-tre-em\/\" target=\"_blank\" rel=\"noopener\">Tr\u1ebb em &amp; Gia \u0111\u00ecnh<\/a><\/h4>\n\t\t\t\t<a href=\"https:\/\/211md.org\/vi\/tai-nguyen\/gia-dinh-tre-em\/\" target=\"_blank\" rel=\"noopener\" itemprop=\"url\">\n\t\t\t\t<img decoding=\"async\" src=\"https:\/\/211md.org\/wp-content\/uploads\/bb-plugin\/cache\/2025_211_Icon-Sets_Child-care-square-a8953c7678f51ed443764342b64ee948-.png\" alt=\"2025_211_B\u1ed9 bi\u1ec3u t\u01b0\u1ee3ng_Ch\u0103m s\u00f3c tr\u1ebb em\" itemprop=\"image\" title=\"2025_211_B\u1ed9 bi\u1ec3u t\u01b0\u1ee3ng_Ch\u0103m s\u00f3c tr\u1ebb em\" onerror=\"this.style.display='none'\" loading=\"lazy\" \/>\n\t\t\t\t<\/a>\n\t\t<h4><a href=\"\/vi\/tai-nguyen\/gia-dinh-bao-luc\/\" target=\"_self\">B\u1ea1o l\u1ef1c gia \u0111\u00ecnh<\/a><\/h4>\n\t\t\t\t<a href=\"\/vi\/tai-nguyen\/gia-dinh-bao-luc\/\"  target=\"_self\" itemprop=\"url\">\n\t\t\t\t<img decoding=\"async\" src=\"https:\/\/211md.org\/wp-content\/uploads\/bb-plugin\/cache\/2025_211_Icon-Sets_Domestic-Violence-square-e6e48b12d9d44dadd394e0d40debfd96-.png\" alt=\"Bi\u1ec3u t\u01b0\u1ee3ng b\u1ea1o l\u1ef1c gia \u0111\u00ecnh\" itemprop=\"image\" title=\"2025_211_B\u1ed9 bi\u1ec3u t\u01b0\u1ee3ng_B\u1ea1o l\u1ef1c gia \u0111\u00ecnh\" onerror=\"this.style.display='none'\" loading=\"lazy\" \/>\n\t\t\t\t<\/a>\n\t\t<h4><a href=\"\/vi\/tai-nguyen\/tim-kiem-viec-lam\/\" target=\"_self\">Thu\u00ea ng\u01b0\u1eddi l\u00e0m<\/a><\/h4>\n\t\t\t\t<a href=\"\/vi\/tai-nguyen\/tim-kiem-viec-lam\/\"  target=\"_self\" itemprop=\"url\">\n\t\t\t\t<img decoding=\"async\" src=\"https:\/\/211md.org\/wp-content\/uploads\/bb-plugin\/cache\/2025_MdInfoNet_Icon-Sets_Employment-square-44707bd410e4df10a470bf130ebcea86-.png\" alt=\"2025_MdInfoNet_B\u1ed9 bi\u1ec3u t\u01b0\u1ee3ng_Vi\u1ec7c l\u00e0m\" itemprop=\"image\" title=\"2025_MdInfoNet_B\u1ed9 bi\u1ec3u t\u01b0\u1ee3ng_Vi\u1ec7c l\u00e0m\" onerror=\"this.style.display='none'\" loading=\"lazy\" \/>\n\t\t\t\t<\/a>\n\t\t<h4><a href=\"\/vi\/tai-nguyen\/cham-soc-suc-khoe\/\" target=\"_self\">Ch\u0103m s\u00f3c s\u1ee9c kh\u1ecfe<\/a><\/h4>\n\t\t\t\t<a href=\"\/vi\/tai-nguyen\/cham-soc-suc-khoe\/\"  target=\"_self\" itemprop=\"url\">\n\t\t\t\t<img decoding=\"async\" src=\"https:\/\/211md.org\/wp-content\/uploads\/bb-plugin\/cache\/2025_MdInfoNet_Icon-Sets_Health-Care-square-dee98a0060cbe0e7f27eda253fc12679-.png\" alt=\"2025_MdInfoNet_B\u1ed9 bi\u1ec3u t\u01b0\u1ee3ng_Ch\u0103m s\u00f3c s\u1ee9c kh\u1ecfe\" itemprop=\"image\" title=\"2025_MdInfoNet_B\u1ed9 bi\u1ec3u t\u01b0\u1ee3ng_Ch\u0103m s\u00f3c s\u1ee9c kh\u1ecfe\" onerror=\"this.style.display='none'\" loading=\"lazy\" \/>\n\t\t\t\t<\/a>\n\t\t<h4><a href=\"\/vi\/tai-nguyen\/gia-dinh-tre-em\/quan-he-ho-hang\/\" target=\"_self\">h\u1ecd h\u00e0ng<\/a><\/h4>\n\t\t\t\t<a href=\"\/vi\/tai-nguyen\/gia-dinh-tre-em\/quan-he-ho-hang\/\"  target=\"_self\" itemprop=\"url\">\n\t\t\t\t<img decoding=\"async\" src=\"https:\/\/211md.org\/wp-content\/uploads\/bb-plugin\/cache\/2025_211_Icon-Sets_Kinship-square-21d4c353354c53c083c80118abb066f2-.png\" alt=\"Bi\u1ec3u t\u01b0\u1ee3ng h\u1ecd h\u00e0ng\" itemprop=\"image\" title=\"2025_211_B\u1ed9 bi\u1ec3u t\u01b0\u1ee3ng_Quan h\u1ec7 h\u1ecd h\u00e0ng\" onerror=\"this.style.display='none'\" loading=\"lazy\" \/>\n\t\t\t\t<\/a>\n\t\t<h4><a href=\"\/vi\/tai-nguyen\/dich-vu-phap-ly\/\" target=\"_self\">D\u1ecbch v\u1ee5 ph\u00e1p l\u00fd<\/a><\/h4>\n\t\t\t\t<a href=\"\/vi\/tai-nguyen\/dich-vu-phap-ly\/\"  target=\"_self\" itemprop=\"url\">\n\t\t\t\t<img decoding=\"async\" src=\"https:\/\/211md.org\/wp-content\/uploads\/bb-plugin\/cache\/2025_MdInfoNet_Icon-Sets_Legal-square-18fdf438feb8435588174d9046463257-.png\" alt=\"2025_MdInfoNet_B\u1ed9 bi\u1ec3u t\u01b0\u1ee3ng_Ph\u00e1p l\u00fd\" itemprop=\"image\" title=\"2025_MdInfoNet_B\u1ed9 bi\u1ec3u t\u01b0\u1ee3ng_Ph\u00e1p l\u00fd\" onerror=\"this.style.display='none'\" loading=\"lazy\" \/>\n\t\t\t\t<\/a>\n\t\t<h4><a href=\"\/vi\/tai-nguyen\/suc-khoe-tinh-than\/\" target=\"_self\">S\u1ee9c kh\u1ecfe tinh th\u1ea7n<\/a><\/h4>\n\t\t\t\t<a href=\"\/vi\/tai-nguyen\/suc-khoe-tinh-than\/\"  target=\"_self\" itemprop=\"url\">\n\t\t\t\t<img decoding=\"async\" src=\"https:\/\/211md.org\/wp-content\/uploads\/bb-plugin\/cache\/2025_MdInfoNet_Icon-Sets_Mental-Health-square-c59b38c4a993a947d4c9280fbe2d2fee-.png\" alt=\"2025_MdInfoNet_B\u1ed9 bi\u1ec3u t\u01b0\u1ee3ng_S\u1ee9c kh\u1ecfe t\u00e2m th\u1ea7n\" itemprop=\"image\" title=\"2025_MdInfoNet_B\u1ed9 bi\u1ec3u t\u01b0\u1ee3ng_S\u1ee9c kh\u1ecfe t\u00e2m th\u1ea7n\" onerror=\"this.style.display='none'\" loading=\"lazy\" \/>\n\t\t\t\t<\/a>\n\t\t<h4><a href=\"\/vi\/tai-nguyen\/mdreentry\/\" target=\"_self\">V\u00e0o l\u1ea1i<\/a><\/h4>\n\t\t\t\t<a href=\"\/vi\/tai-nguyen\/mdreentry\/\"  target=\"_self\" itemprop=\"url\">\n\t\t\t\t<img decoding=\"async\" src=\"https:\/\/211md.org\/wp-content\/uploads\/bb-plugin\/cache\/2025_211_Icon-Sets_Reentry-square-f36b65d903a62fd4c3819ff05988ca60-.png\" alt=\"Bi\u1ec3u t\u01b0\u1ee3ng nh\u1eadp l\u1ea1i\" itemprop=\"image\" title=\"2025_211_B\u1ed9 bi\u1ec3u t\u01b0\u1ee3ng_Nh\u1eadp l\u1ea1i\" onerror=\"this.style.display='none'\" loading=\"lazy\" \/>\n\t\t\t\t<\/a>\n\t\t<h4><a href=\"\/vi\/tai-nguyen\/su-dung-chat-kich-thich\/\" target=\"_self\">S\u1eed d\u1ee5ng ch\u1ea5t k\u00edch th\u00edch<\/a><\/h4>\n\t\t\t\t<a href=\"\/vi\/tai-nguyen\/su-dung-chat-kich-thich\/\"  target=\"_self\" itemprop=\"url\">\n\t\t\t\t<img decoding=\"async\" src=\"https:\/\/211md.org\/wp-content\/uploads\/bb-plugin\/cache\/2025_MdInfoNet_Icon-Sets_Substance-Abuse-square-9022fec9d18a64118ad685c101885b55-.png\" alt=\"2025_MdInfoNet_B\u1ed9 bi\u1ec3u t\u01b0\u1ee3ng_L\u1ea1m d\u1ee5ng ch\u1ea5t g\u00e2y nghi\u1ec7n\" itemprop=\"image\" title=\"2025_MdInfoNet_B\u1ed9 bi\u1ec3u t\u01b0\u1ee3ng_L\u1ea1m d\u1ee5ng ch\u1ea5t g\u00e2y nghi\u1ec7n\" onerror=\"this.style.display='none'\" loading=\"lazy\" \/>\n\t\t\t\t<\/a>\n\t\t<h4><a href=\"\/vi\/tai-nguyen\/cuu-chien-binh\/\" target=\"_self\">c\u1ef1u chi\u1ebfn binh<\/a><\/h4>\n\t\t\t\t<a href=\"\/vi\/tai-nguyen\/cuu-chien-binh\/\"  target=\"_self\" itemprop=\"url\">\n\t\t\t\t<img decoding=\"async\" src=\"https:\/\/211md.org\/wp-content\/uploads\/bb-plugin\/cache\/2025_MdInfoNet_Icon-Sets_Rating-square-6e60d00cce4faa8e0a6d4ad7366aa733-.png\" alt=\"2025_MdInfoNet_B\u1ed9 bi\u1ec3u t\u01b0\u1ee3ng_X\u1ebfp h\u1ea1ng\" itemprop=\"image\" title=\"2025_MdInfoNet_B\u1ed9 bi\u1ec3u t\u01b0\u1ee3ng_X\u1ebfp h\u1ea1ng\" onerror=\"this.style.display='none'\" loading=\"lazy\" \/>\n\t\t\t\t<\/a>","protected":false},"excerpt":{"rendered":"<p>Ti\u00eau \u0111\u1ec1 trang m\u1eb7c \u0111\u1ecbnh B\u1ea1n c\u00f3 thu\u1ed1c k\u00ea \u0111\u01a1n ho\u1eb7c thu\u1ed1c kh\u00f4ng k\u00ea \u0111\u01a1n c\u0169, h\u1ebft h\u1ea1n, kh\u00f4ng mong mu\u1ed1n ho\u1eb7c ch\u01b0a s\u1eed d\u1ee5ng trong t\u1ee7 thu\u1ed1c kh\u00f4ng? V\u1ee9t b\u1ecf thu\u1ed1c an to\u00e0n c\u00f3 th\u1ec3 gi\u00fap ng\u0103n ng\u1eeba vi\u1ec7c s\u1eed d\u1ee5ng opioid. Theo Kh\u1ea3o s\u00e1t Qu\u1ed1c gia v\u1ec1 S\u1eed d\u1ee5ng Ma t\u00fay v\u00e0 S\u1ee9c kh\u1ecfe n\u0103m 2018, 9,9 tri\u1ec7u ng\u01b0\u1eddi M\u1ef9 l\u1ea1m d\u1ee5ng thu\u1ed1c k\u00ea \u0111\u01a1n, ph\u1ea7n l\u1edbn l\u00e0 do gia \u0111\u00ecnh, b\u1ea1n b\u00e8 v\u00e0 c\u00e1c lo\u1ea1i thu\u1ed1c gia \u0111\u00ecnh\u2026<\/p>","protected":false},"author":8,"featured_media":2105,"parent":837,"menu_order":0,"comment_status":"closed","ping_status":"closed","template":"","meta":{"footnotes":""},"class_list":["post-1116","page","type-page","status-publish","has-post-thumbnail","hentry"],"_links":{"self":[{"href":"https:\/\/211md.org\/vi\/wp-json\/wp\/v2\/pages\/1116","targetHints":{"allow":["GET"]}}],"collection":[{"href":"https:\/\/211md.org\/vi\/wp-json\/wp\/v2\/pages"}],"about":[{"href":"https:\/\/211md.org\/vi\/wp-json\/wp\/v2\/types\/page"}],"author":[{"embeddable":true,"href":"https:\/\/211md.org\/vi\/wp-json\/wp\/v2\/users\/8"}],"replies":[{"embeddable":true,"href":"https:\/\/211md.org\/vi\/wp-json\/wp\/v2\/comments?post=1116"}],"version-history":[{"count":6,"href":"https:\/\/211md.org\/vi\/wp-json\/wp\/v2\/pages\/1116\/revisions"}],"predecessor-version":[{"id":33798,"href":"https:\/\/211md.org\/vi\/wp-json\/wp\/v2\/pages\/1116\/revisions\/33798"}],"up":[{"embeddable":true,"href":"https:\/\/211md.org\/vi\/wp-json\/wp\/v2\/pages\/837"}],"wp:featuredmedia":[{"embeddable":true,"href":"https:\/\/211md.org\/vi\/wp-json\/wp\/v2\/media\/2105"}],"wp:attachment":[{"href":"https:\/\/211md.org\/vi\/wp-json\/wp\/v2\/media?parent=1116"}],"curies":[{"name":"wp","href":"https:\/\/api.w.org\/{rel}","templated":true}]}}