{"id":1143,"date":"2021-04-19T17:49:39","date_gmt":"2021-04-19T17:49:39","guid":{"rendered":"https:\/\/211md.org\/?page_id=1143"},"modified":"2024-12-10T09:08:43","modified_gmt":"2024-12-10T14:08:43","slug":"tep-am-thanh","status":"publish","type":"page","link":"https:\/\/211md.org\/vi\/podcast\/","title":{"rendered":"T\u1ec7p \u00e2m thanh"},"content":{"rendered":"<h2>\n\t\tPodcast c\u00f3 s\u1ef1 g\u00f3p m\u1eb7t c\u1ee7a 211 Maryland\n\t<\/h2>\n\t<p>H\u00e3y nghe podcast What&#039;s the 211? ho\u1eb7c podcast c\u00f3 s\u1ef1 g\u00f3p m\u1eb7t c\u1ee7a 211 Maryland.<\/p>\n<p>T\u00ecm hi\u1ec3u v\u1ec1 211 ch\u01b0\u01a1ng tr\u00ecnh v\u00e0 d\u1ecbch v\u1ee5 c\u1ee7a Maryland c\u0169ng nh\u01b0 c\u00e1c ch\u01b0\u01a1ng tr\u00ecnh do c\u00e1c \u0111\u1ed1i t\u00e1c c\u1ed9ng \u0111\u1ed3ng cung c\u1ea5p.<\/p>\n<h2>\n\t\tt\u1eadp\n\t<\/h2>\n<h2>\n\t\tT\u1ea3i xu\u1ed1ng Podcast n\u00e0y\n\t<\/h2>\n\t\t\t\t<a href=\"https:\/\/apps.apple.com\/app\/apple-store\/id973361050\" target=\"_blank\" rel=\"noopener\" itemprop=\"url\">\n\t\t\t\t<img loading=\"lazy\" decoding=\"async\" src=\"https:\/\/211md.org\/wp-content\/uploads\/2022\/11\/app-store-download.png\" alt=\"c\u1eeda h\u00e0ng \u1ee9ng d\u1ee5ng-t\u1ea3i xu\u1ed1ng\" itemprop=\"image\" height=\"414\" width=\"1200\" title=\"c\u1eeda h\u00e0ng \u1ee9ng d\u1ee5ng-t\u1ea3i xu\u1ed1ng\" onerror=\"this.style.display='none'\"  \/>\n\t\t\t\t<\/a>\n\t\t\t\t<a href=\"https:\/\/play.google.com\/store\/apps\/details?id=com.podbean.app.podcast&#038;referrer=utm_source%3Dpodbean_web%26utm_campaign%3Dpb_usersite\" target=\"_blank\" rel=\"noopener\" itemprop=\"url\">\n\t\t\t\t<img loading=\"lazy\" decoding=\"async\" src=\"https:\/\/211md.org\/wp-content\/uploads\/2022\/11\/get-it-on-google-play.png\" alt=\"t\u1ea3i n\u00f3 tr\u00ean google play\" itemprop=\"image\" height=\"250\" width=\"646\" title=\"t\u1ea3i n\u00f3 tr\u00ean google play\" onerror=\"this.style.display='none'\"  \/>\n\t\t\t\t<\/a>\n<h2>Th\u00f4ng tin li\u00ean quan<\/h2>\n<p><a title=\"Podcast: 211 l\u00e0 g\u00ec? \" href=\"\/vi\/tep-am-thanh\/\">Podcast: 211 l\u00e0 g\u00ec?<\/a><\/p>\n<p><a href=\"\/vi\/tep-am-thanh\/nami-podcast\/\" rel=\"noopener\">NAMI Podcast<\/a><\/p>\n<p><a title=\"211 B\u1ed9 c\u00f4ng c\u1ee5 Maryland\" href=\"\/vi\/bo-cong-cu-tiep-thi\/\">211 B\u1ed9 c\u00f4ng c\u1ee5 Maryland<\/a><\/p>\n<p><a title=\"Chi\u1ebfn d\u1ecbch gi\u00e1o d\u1ee5c &quot;Ch\u1ea5m d\u1ee9t k\u1ef3 th\u1ecb&quot; Opioid\" href=\"\/vi\/ngan-chan-su-ky-thi\/\">Chi\u1ebfn d\u1ecbch gi\u00e1o d\u1ee5c v\u1ec1 thu\u1ed1c phi\u1ec7n \u201cCh\u1ea5m d\u1ee9t k\u1ef3 th\u1ecb\u201d<\/a><\/p>","protected":false},"excerpt":{"rendered":"<p>Podcast c\u00f3 s\u1ef1 g\u00f3p m\u1eb7t c\u1ee7a 211 Maryland Nghe podcast What&#039;s the 211? ho\u1eb7c podcast c\u00f3 211 Maryland l\u00e0 kh\u00e1ch m\u1eddi. T\u00ecm hi\u1ec3u v\u1ec1 c\u00e1c ch\u01b0\u01a1ng tr\u00ecnh v\u00e0 d\u1ecbch v\u1ee5 c\u1ee7a 211 Maryland v\u00e0 c\u00e1c ch\u01b0\u01a1ng tr\u00ecnh do c\u00e1c \u0111\u1ed1i t\u00e1c c\u1ed9ng \u0111\u1ed3ng cung c\u1ea5p. C\u00e1c t\u1eadp T\u1ea3i xu\u1ed1ng Podcast n\u00e0y Th\u00f4ng tin li\u00ean quan Podcast: What&#039;s The 211? NAMI Podcast 211 Maryland Toolkit \u201cStop the Stigma\u201d Opioid Education Campaign<\/p>","protected":false},"author":8,"featured_media":2104,"parent":0,"menu_order":0,"comment_status":"closed","ping_status":"closed","template":"","meta":{"footnotes":""},"class_list":["post-1143","page","type-page","status-publish","has-post-thumbnail","hentry"],"_links":{"self":[{"href":"https:\/\/211md.org\/vi\/wp-json\/wp\/v2\/pages\/1143","targetHints":{"allow":["GET"]}}],"collection":[{"href":"https:\/\/211md.org\/vi\/wp-json\/wp\/v2\/pages"}],"about":[{"href":"https:\/\/211md.org\/vi\/wp-json\/wp\/v2\/types\/page"}],"author":[{"embeddable":true,"href":"https:\/\/211md.org\/vi\/wp-json\/wp\/v2\/users\/8"}],"replies":[{"embeddable":true,"href":"https:\/\/211md.org\/vi\/wp-json\/wp\/v2\/comments?post=1143"}],"version-history":[{"count":0,"href":"https:\/\/211md.org\/vi\/wp-json\/wp\/v2\/pages\/1143\/revisions"}],"wp:featuredmedia":[{"embeddable":true,"href":"https:\/\/211md.org\/vi\/wp-json\/wp\/v2\/media\/2104"}],"wp:attachment":[{"href":"https:\/\/211md.org\/vi\/wp-json\/wp\/v2\/media?parent=1143"}],"curies":[{"name":"wp","href":"https:\/\/api.w.org\/{rel}","templated":true}]}}