{"id":1163,"date":"2021-04-19T21:28:21","date_gmt":"2021-04-19T21:28:21","guid":{"rendered":"https:\/\/211md.org\/?page_id=1163"},"modified":"2025-10-09T09:08:52","modified_gmt":"2025-10-09T13:08:52","slug":"md-mindhealth","status":"publish","type":"page","link":"https:\/\/211md.org\/vi\/about\/text-messages\/md-mindhealth\/","title":{"rendered":"MDMindHealth: H\u1ed7 tr\u1ee3 tin nh\u1eafn v\u0103n b\u1ea3n v\u1ec1 s\u1ee9c kh\u1ecfe t\u00e2m th\u1ea7n Maryland"},"content":{"rendered":"<h2>MDMindS\u1ee9c kh\u1ecfe<\/h2>\n<p>H\u1ed7 tr\u1ee3 s\u1ee9c kh\u1ecfe tinh th\u1ea7n c\u1ee7a b\u1ea1n b\u1eb1ng c\u00e1c tin nh\u1eafn v\u0103n b\u1ea3n h\u1ed7 tr\u1ee3 v\u00e0 khuy\u1ebfn kh\u00edch t\u1eeb\u00a0<a href=\"https:\/\/211md.org\/vi\/thoat-noi-buon\/\" target=\"_blank\" rel=\"noopener\">MDMindHealth v\u00e0 MDSaludMental<\/a>, m\u1ed9t ch\u01b0\u01a1ng tr\u00ecnh h\u1ee3p t\u00e1c v\u1edbi S\u1edf Y t\u1ebf Maryland, C\u1ee5c Qu\u1ea3n l\u00fd S\u1ee9c kh\u1ecfe H\u00e0nh vi.<\/p>\n<p>C\u00e1c tin nh\u1eafn v\u0103n b\u1ea3n t\u1eadp trung v\u00e0o c\u00e1c ch\u1ee7 \u0111\u1ec1 nh\u01b0:<\/p>\n<ul>\n<li>Tr\u00e1nh t\u1ef1 n\u00f3i chuy\u1ec7n ti\u00eau c\u1ef1c<\/li>\n<li>Th\u1ec3 hi\u1ec7n l\u00f2ng t\u1ed1t v\u1edbi b\u1ea3n th\u00e2n<\/li>\n<li>Th\u1ef1c h\u00e0nh l\u00f2ng tr\u1eafc \u1ea9n<\/li>\n<li>T\u1eadp trung v\u00e0o hi\u1ec7n t\u1ea1i<\/li>\n<\/ul>\n<p>Nh\u1eadn nh\u1eefng l\u1eddi khuy\u00ean thi\u1ebft th\u1ef1c c\u00f3 th\u1ec3 t\u1ea1o ra s\u1ef1 kh\u00e1c bi\u1ec7t trong cu\u1ed9c s\u1ed1ng c\u1ee7a b\u1ea1n. K\u1ebft n\u1ed1i v\u1edbi c\u00e1c t\u00e0i nguy\u00ean v\u00e0 h\u1ed7 tr\u1ee3 b\u1ed5 sung b\u1ea5t k\u1ef3 l\u00fac n\u00e0o b\u1ea1n c\u1ea7n.<\/p>\n<p><em>*211 Maryland cung c\u1ea5p c\u00e1c ch\u01b0\u01a1ng tr\u00ecnh c\u1ea3nh b\u00e1o tin nh\u1eafn v\u0103n b\u1ea3n cung c\u1ea5p th\u00f4ng tin v\u1ec1 ngu\u1ed3n l\u1ef1c c\u1ee5 th\u1ec3 theo khu v\u1ef1c ho\u1eb7c cung c\u1ea5p c\u1ea3nh b\u00e1o th\u1ea3m h\u1ecda. C\u00f3 th\u1ec3 \u00e1p d\u1ee5ng c\u01b0\u1edbc tin nh\u1eafn &amp; d\u1eef li\u1ec7u v\u00e0 t\u1ea7n su\u1ea5t tin nh\u1eafn c\u00f3 th\u1ec3 thay \u0111\u1ed5i. \u0110\u1ec3 \u0111\u01b0\u1ee3c tr\u1ee3 gi\u00fap, h\u00e3y nh\u1eafn tin HELP. \u0110\u1ec3 t\u1eeb ch\u1ed1i, h\u00e3y nh\u1eafn tin STOP \u0111\u1ebfn c\u00f9ng m\u1ed9t s\u1ed1. C\u00e1c \u0111i\u1ec1u kho\u1ea3n SMS \u0111\u1ea7y \u0111\u1ee7 t\u1ea1i\u00a0<a href=\"https:\/\/211md.org\/vi\/tin-nhan\/\">https:\/\/211md.org\/sms\/<\/a>\u00a0c\u0169ng s\u1ebd \u0111\u01b0\u1ee3c \u00e1p d\u1ee5ng.<\/em><\/p>\n\t<h2>H\u1ed7 tr\u1ee3 s\u1ee9c kh\u1ecfe t\u00e2m th\u1ea7n ngay l\u1eadp t\u1ee9c<\/h2>\n<p>N\u1ebfu b\u1ea1n c\u1ea7n n\u00f3i chuy\u1ec7n v\u1edbi ai \u0111\u00f3 v\u1ec1 c\u1ea3m gi\u00e1c tr\u1ea7m c\u1ea3m, lo l\u1eafng, t\u1ef1 t\u1eed ho\u1eb7c s\u1eed d\u1ee5ng ch\u1ea5t g\u00e2y nghi\u1ec7n \u2013 h\u00e3y g\u1ecdi 988. B\u1ea1n s\u1ebd n\u00f3i chuy\u1ec7n v\u1edbi m\u1ed9t chuy\u00ean gia \u0111\u01b0\u1ee3c \u0111\u00e0o t\u1ea1o qua \u0110\u01b0\u1eddng d\u00e2y n\u00f3ng T\u1ef1 t\u1eed &amp; Kh\u1ee7ng ho\u1ea3ng. B\u1ea1n c\u0169ng c\u00f3 th\u1ec3 tr\u00f2 chuy\u1ec7n trong <a href=\"https:\/\/988lifeline.org\/chat\/\" target=\"_blank\" rel=\"noopener\">Ti\u1ebfng Anh<\/a> ho\u1eb7c <a href=\"https:\/\/988lifeline.org\/es\/chat\/\" target=\"_blank\" rel=\"noopener\">ng\u01b0\u1eddi T\u00e2y Ban Nha<\/a>.<\/p>\n<p>B\u1ea1n c\u0169ng c\u00f3 th\u1ec3 <a href=\"https:\/\/search.988.mdinfonet.org\/\" target=\"_blank\" rel=\"noopener\">t\u00ecm ki\u1ebfm c\u00e1c ngu\u1ed3n l\u1ef1c s\u1ee9c kh\u1ecfe h\u00e0nh vi c\u1ee7a ti\u1ec3u bang<\/a> \u0111\u01b0\u1ee3c cung c\u1ea5p b\u1edfi Maryland Information Network.<\/p>\n<p>&nbsp;<\/p>","protected":false},"excerpt":{"rendered":"<p>MDMindHealth H\u1ed7 tr\u1ee3 s\u1ee9c kh\u1ecfe t\u00e2m th\u1ea7n c\u1ee7a b\u1ea1n b\u1eb1ng tin nh\u1eafn v\u0103n b\u1ea3n h\u1ed7 tr\u1ee3 v\u00e0 \u0111\u1ed9ng vi\u00ean t\u1eeb MDMindHealth v\u00e0 MDSaludMental, m\u1ed9t ch\u01b0\u01a1ng tr\u00ecnh h\u1ee3p t\u00e1c v\u1edbi S\u1edf Y t\u1ebf Maryland, C\u1ee5c Qu\u1ea3n l\u00fd S\u1ee9c kh\u1ecfe H\u00e0nh vi. C\u00e1c tin nh\u1eafn v\u0103n b\u1ea3n t\u1eadp trung v\u00e0o c\u00e1c ch\u1ee7 \u0111\u1ec1 nh\u01b0: Tr\u00e1nh n\u00f3i chuy\u1ec7n ti\u00eau c\u1ef1c v\u1edbi b\u1ea3n th\u00e2n Th\u1ec3 hi\u1ec7n l\u00f2ng t\u1ed1t v\u1edbi b\u1ea3n th\u00e2n Th\u1ef1c h\u00e0nh l\u00f2ng tr\u1eafc \u1ea9n v\u1edbi b\u1ea3n th\u00e2n T\u1eadp trung v\u00e0o hi\u1ec7n t\u1ea1i Nh\u1eadn c\u00e1c m\u1eb9o th\u1ef1c t\u1ebf c\u00f3 th\u1ec3 t\u1ea1o n\u00ean s\u1ef1 kh\u00e1c bi\u1ec7t trong\u2026<\/p>","protected":false},"author":8,"featured_media":33928,"parent":962,"menu_order":0,"comment_status":"closed","ping_status":"closed","template":"","meta":{"footnotes":""},"class_list":["post-1163","page","type-page","status-publish","has-post-thumbnail","hentry"],"_links":{"self":[{"href":"https:\/\/211md.org\/vi\/wp-json\/wp\/v2\/pages\/1163","targetHints":{"allow":["GET"]}}],"collection":[{"href":"https:\/\/211md.org\/vi\/wp-json\/wp\/v2\/pages"}],"about":[{"href":"https:\/\/211md.org\/vi\/wp-json\/wp\/v2\/types\/page"}],"author":[{"embeddable":true,"href":"https:\/\/211md.org\/vi\/wp-json\/wp\/v2\/users\/8"}],"replies":[{"embeddable":true,"href":"https:\/\/211md.org\/vi\/wp-json\/wp\/v2\/comments?post=1163"}],"version-history":[{"count":3,"href":"https:\/\/211md.org\/vi\/wp-json\/wp\/v2\/pages\/1163\/revisions"}],"predecessor-version":[{"id":4455,"href":"https:\/\/211md.org\/vi\/wp-json\/wp\/v2\/pages\/1163\/revisions\/4455"}],"up":[{"embeddable":true,"href":"https:\/\/211md.org\/vi\/wp-json\/wp\/v2\/pages\/962"}],"wp:featuredmedia":[{"embeddable":true,"href":"https:\/\/211md.org\/vi\/wp-json\/wp\/v2\/media\/33928"}],"wp:attachment":[{"href":"https:\/\/211md.org\/vi\/wp-json\/wp\/v2\/media?parent=1163"}],"curies":[{"name":"wp","href":"https:\/\/api.w.org\/{rel}","templated":true}]}}