{"id":1168,"date":"2021-04-19T21:42:40","date_gmt":"2021-04-19T21:42:40","guid":{"rendered":"https:\/\/211md.org\/?page_id=1168"},"modified":"2025-10-03T16:21:59","modified_gmt":"2025-10-03T20:21:59","slug":"ho-tro-tre-em","status":"publish","type":"page","link":"https:\/\/211md.org\/vi\/resources\/legal-services\/child-support\/","title":{"rendered":"H\u1ed7 tr\u1ee3 tr\u1ebb em"},"content":{"rendered":"<p>\u1ede Maryland, c\u1ea3 cha v\u00e0 m\u1eb9 \u0111\u1ec1u c\u00f3 ngh\u0129a v\u1ee5 ph\u00e1p l\u00fd ph\u1ea3i h\u1ed7 tr\u1ee3 con c\u00e1i c\u1ee7a h\u1ecd d\u1ef1a tr\u00ean kh\u1ea3 n\u0103ng cung c\u1ea5p h\u1ed7 tr\u1ee3 \u0111\u00f3 c\u1ee7a h\u1ecd.<\/p>\n<h3><b>M\u00e1y t\u00ednh H\u1ed7 tr\u1ee3 Tr\u1ebb em\u00a0<\/b><\/h3>\n<p>C\u00e1c h\u01b0\u1edbng d\u1eabn v\u1ec1 h\u1ed7 tr\u1ee3 nu\u00f4i con c\u1ee7a Maryland c\u0103n c\u1ee9 v\u00e0o t\u1ef7 l\u1ec7 h\u1ed7 tr\u1ee3 nu\u00f4i con d\u1ef1a tr\u00ean t\u1ef7 l\u1ec7 t\u1ed5ng thu nh\u1eadp c\u1ee7a m\u1ed7i ph\u1ee5 huynh.<\/p>\n<p>Ph\u00f2ng Nh\u00e2n s\u1ef1 c\u00f3\u00a0<a href=\"https:\/\/mydhrbenefits.dhr.state.md.us\/dashboardclient\/#\/csocDisclaimer\" target=\"_blank\" rel=\"noopener\">m\u00e1y t\u00ednh h\u1ed7 tr\u1ee3 tr\u1ebb em mi\u1ec5n ph\u00ed<\/a>\u00a0\u0111\u1ec3 gi\u00fap \u01b0\u1edbc t\u00ednh s\u1ed1 ti\u1ec1n h\u1ed7 tr\u1ee3 nu\u00f4i con m\u00e0 t\u00f2a \u00e1n c\u00f3 th\u1ec3 ch\u1ea5p thu\u1eadn.<\/p>\n<p>&nbsp;<\/p>\n<h3><b>Tr\u1ee3 gi\u00fap ph\u00e1p l\u00fd\u00a0<\/b><\/h3>\n<p>C\u00e1c\u00a0<a href=\"https:\/\/peoples-law.org\/\" target=\"_blank\" rel=\"noopener\">Th\u01b0 vi\u1ec7n Lu\u1eadt Nh\u00e2n d\u00e2n Maryland<\/a>\u00a0c\u0169ng cung c\u1ea5p m\u1ed9t\u00a0<a href=\"https:\/\/peoples-law.org\/node\/258\" target=\"_blank\" rel=\"noopener\">t\u1ed5ng quan ph\u00e1p l\u00fd v\u1ec1 lu\u1eadt h\u1ed7 tr\u1ee3 tr\u1ebb em \u1edf Maryland<\/a>.<\/p>\n<p>N\u1ebfu b\u1ea1n c\u1ea7n thay \u0111\u1ed5i m\u1ed9t \u0111\u01a1n \u0111\u1eb7t h\u00e0ng \u0111\u00e3 c\u00f3 s\u1eb5n,\u00a0<a href=\"https:\/\/mvlslaw.org\/wp-content\/uploads\/2021\/03\/Child-Support.pdf\" target=\"_blank\" rel=\"noopener\">D\u1ecbch v\u1ee5 Lu\u1eadt s\u01b0 T\u00ecnh nguy\u1ec7n Maryland<\/a> cung c\u1ea5p th\u00f4ng tin chung v\u1ec1 qu\u00e1 tr\u00ecnh c\u1ea5p d\u01b0\u1ee1ng nu\u00f4i con.<\/p>\n<p>\u0110\u1ec3 n\u00f3i chuy\u1ec7n v\u1edbi lu\u1eadt s\u01b0 v\u1ec1 ho\u00e0n c\u1ea3nh c\u1ee7a b\u1ea1n, h\u00e3y g\u1ecdi cho \u0110\u01b0\u1eddng d\u00e2y n\u00f3ng Lu\u1eadt Gia \u0111\u00ecnh theo s\u1ed1 1-800-845-8550.<\/p>\n<p>N\u1ebfu b\u1ea1n c\u1ea7n m\u1ed9t Pro Bono ho\u1eb7c lu\u1eadt s\u01b0 chi ph\u00ed th\u1ea5p,\u00a0<a href=\"https:\/\/search.211md.org\/search?query=FT-3200&amp;query_type=taxonomy&amp;query_label=&amp;query_language=en\" target=\"_blank\" rel=\"noopener\">b\u1ea1n c\u00f3 th\u1ec3 t\u00ecm c\u00e1c t\u1ed5 ch\u1ee9c cung c\u1ea5p d\u1ecbch v\u1ee5 ph\u00e1p l\u00fd trong c\u01a1 s\u1edf d\u1eef li\u1ec7u 211<\/a>. C\u00f3 th\u1ec3 c\u00f3 c\u00e1c y\u00eau c\u1ea7u v\u1ec1 t\u00ednh \u0111\u1ee7 \u0111i\u1ec1u ki\u1ec7n v\u1ec1 thu nh\u1eadp, \u0111\u1ecba l\u00fd v\u00e0 lo\u1ea1i tr\u01b0\u1eddng h\u1ee3p.<\/p>\n<p>\u0110\u1ec3 bi\u1ebft th\u00eam th\u00f4ng tin v\u1ec1 c\u00e1c ch\u01b0\u01a1ng tr\u00ecnh n\u00e0y, h\u00e3y g\u1ecdi 211.<\/p>\n\t\t\t\t<img decoding=\"async\" src=\"https:\/\/211md.org\/wp-content\/uploads\/2021\/05\/Children-With-Rainbow.png\" alt=\"Hai \u0111\u1ee9a tr\u1ebb nh\u00ecn ra c\u1eeda s\u1ed5 v\u1edbi c\u1ea7u v\u1ed3ng \u0111\u01b0\u1ee3c v\u1ebd tr\u00ean c\u1eeda s\u1ed5 ph\u00eda tr\u00ean ch\u00fang\" itemprop=\"image\" height=\"348\" width=\"460\" title=\"Tr\u1ebb Em V\u1edbi C\u1ea7u V\u1ed3ng\" onerror=\"this.style.display='none'\" loading=\"lazy\" \/>\n<h2>Th\u00f4ng tin li\u00ean quan<\/h2>\n<a href=\"https:\/\/211md.org\/vi\/tai-nguyen\/dich-vu-phap-ly\/\">Tr\u1ee3 gi\u00fap ph\u00e1p l\u00fd<\/a>\n<p><a href=\"https:\/\/211md.org\/vi\/tai-nguyen\/dich-vu-phap-ly\/quyen-cua-nguoi-thue-nha\/\">Tranh ch\u1ea5p c\u1ee7a ch\u1ee7 nh\u00e0<\/a><\/p>\n<a href=\"https:\/\/211md.org\/vi\/tai-nguyen\/gia-dinh-tre-em\/\">H\u1ed7 tr\u1ee3 tr\u1ebb em v\u00e0 gia \u0111\u00ecnh<\/a>","protected":false},"excerpt":{"rendered":"<p>\u1ede Maryland, c\u1ea3 cha v\u00e0 m\u1eb9 \u0111\u1ec1u c\u00f3 ngh\u0129a v\u1ee5 ph\u00e1p l\u00fd ph\u1ea3i h\u1ed7 tr\u1ee3 con c\u00e1i d\u1ef1a tr\u00ean kh\u1ea3 n\u0103ng cung c\u1ea5p h\u1ed7 tr\u1ee3 \u0111\u00f3. M\u00e1y t\u00ednh h\u1ed7 tr\u1ee3 nu\u00f4i con H\u01b0\u1edbng d\u1eabn h\u1ed7 tr\u1ee3 nu\u00f4i con c\u1ee7a Maryland d\u1ef1a tr\u00ean t\u1ef7 l\u1ec7 thu nh\u1eadp g\u1ed9p c\u1ee7a m\u1ed7i cha m\u1eb9. B\u1ed9 Ngu\u1ed3n nh\u00e2n l\u1ef1c c\u00f3 m\u00e1y t\u00ednh h\u1ed7 tr\u1ee3 nu\u00f4i con mi\u1ec5n ph\u00ed \u0111\u1ec3 gi\u00fap \u01b0\u1edbc t\u00ednh s\u1ed1 ti\u1ec1n h\u1ed7 tr\u1ee3 nu\u00f4i con\u2026<\/p>","protected":false},"author":8,"featured_media":1905,"parent":928,"menu_order":0,"comment_status":"closed","ping_status":"closed","template":"","meta":{"footnotes":""},"class_list":["post-1168","page","type-page","status-publish","has-post-thumbnail","hentry"],"_links":{"self":[{"href":"https:\/\/211md.org\/vi\/wp-json\/wp\/v2\/pages\/1168","targetHints":{"allow":["GET"]}}],"collection":[{"href":"https:\/\/211md.org\/vi\/wp-json\/wp\/v2\/pages"}],"about":[{"href":"https:\/\/211md.org\/vi\/wp-json\/wp\/v2\/types\/page"}],"author":[{"embeddable":true,"href":"https:\/\/211md.org\/vi\/wp-json\/wp\/v2\/users\/8"}],"replies":[{"embeddable":true,"href":"https:\/\/211md.org\/vi\/wp-json\/wp\/v2\/comments?post=1168"}],"version-history":[{"count":3,"href":"https:\/\/211md.org\/vi\/wp-json\/wp\/v2\/pages\/1168\/revisions"}],"predecessor-version":[{"id":33887,"href":"https:\/\/211md.org\/vi\/wp-json\/wp\/v2\/pages\/1168\/revisions\/33887"}],"up":[{"embeddable":true,"href":"https:\/\/211md.org\/vi\/wp-json\/wp\/v2\/pages\/928"}],"wp:featuredmedia":[{"embeddable":true,"href":"https:\/\/211md.org\/vi\/wp-json\/wp\/v2\/media\/1905"}],"wp:attachment":[{"href":"https:\/\/211md.org\/vi\/wp-json\/wp\/v2\/media?parent=1168"}],"curies":[{"name":"wp","href":"https:\/\/api.w.org\/{rel}","templated":true}]}}