{"id":1176,"date":"2021-04-19T22:49:37","date_gmt":"2021-04-19T22:49:37","guid":{"rendered":"https:\/\/211md.org\/?page_id=1176"},"modified":"2025-05-01T10:01:31","modified_gmt":"2025-05-01T14:01:31","slug":"md-hy-vong","status":"publish","type":"page","link":"https:\/\/211md.org\/vi\/about\/text-messages\/md-hope\/","title":{"rendered":"MDHope: H\u1ed7 tr\u1ee3 tin nh\u1eafn v\u0103n b\u1ea3n li\u00ean quan \u0111\u1ebfn opioid"},"content":{"rendered":"<h2><strong>MDHope l\u00e0 g\u00ec?<\/strong><\/h2>\n<p>MDHope l\u00e0 m\u1ed9t ch\u01b0\u01a1ng tr\u00ecnh nh\u1eafn tin v\u1ec1 opioid m\u1edbi nh\u1eb1m k\u1ebft n\u1ed1i c\u00e1c gia \u0111\u00ecnh Maryland v\u1edbi c\u00e1c ngu\u1ed3n l\u1ef1c thi\u1ebft y\u1ebfu li\u00ean quan \u0111\u1ebfn opioid bao g\u1ed3m c\u00e1c nh\u00e0 cung c\u1ea5p d\u1ecbch v\u1ee5 \u0111i\u1ec1u tr\u1ecb, ti\u00eau h\u1ee7y thu\u1ed1c an to\u00e0n v\u00e0 c\u00e1c th\u00f4ng \u0111i\u1ec7p h\u1ed7 tr\u1ee3. C\u00e1c c\u00e1 nh\u00e2n, th\u00e0nh vi\u00ean gia \u0111\u00ecnh, b\u1ea1n b\u00e8 v\u00e0 chuy\u00ean gia c\u00f3 th\u1ec3 s\u1eed d\u1ee5ng ch\u01b0\u01a1ng tr\u00ecnh nh\u1eafn tin \u0111\u1ec3 nh\u1eadn th\u00f4ng tin theo y\u00eau c\u1ea7u. Nh\u1eefng l\u1eddi kh\u1eb3ng \u0111\u1ecbnh mang t\u00ednh h\u1ed7 tr\u1ee3, li\u00ean t\u1ee5c c\u0169ng \u0111\u01b0\u1ee3c \u0111\u01b0a ra \u0111\u1ec3 h\u1ed7 tr\u1ee3 m\u1ed9t c\u00e1 nh\u00e2n tr\u00ean con \u0111\u01b0\u1eddng h\u1ed3i ph\u1ee5c.<\/p>\n<p><strong>So\u1ea1n tin MDHope g\u1eedi 898-211<\/strong><\/p>\n<p><em>211 Maryland cung c\u1ea5p c\u00e1c ch\u01b0\u01a1ng tr\u00ecnh c\u1ea3nh b\u00e1o b\u1eb1ng tin nh\u1eafn v\u0103n b\u1ea3n cung c\u1ea5p th\u00f4ng tin t\u00e0i nguy\u00ean c\u1ee5 th\u1ec3 theo v\u00f9ng ho\u1eb7c cung c\u1ea5p c\u1ea3nh b\u00e1o th\u1ea3m h\u1ecda. Nh\u1eafn tin STOP \u0111\u1ebfn c\u00f9ng m\u1ed9t s\u1ed1 \u0111\u1ec3 h\u1ee7y \u0111\u0103ng k\u00fd. \u0110i\u1ec1u kho\u1ea3n SMS \u0111\u1ea7y \u0111\u1ee7 t\u1ea1i <a href=\"https:\/\/211md.org\/vi\/tin-nhan\/\">https:\/\/211md.org\/sms\/<\/a> c\u0169ng s\u1ebd \u0111\u01b0\u1ee3c \u00e1p d\u1ee5ng.<\/em><\/p>\n<h3>MDHope h\u1ed7 tr\u1ee3 vi\u1ec7c s\u1eed d\u1ee5ng opioid nh\u01b0 th\u1ebf n\u00e0o<\/h3>\n<p>Khi nh\u1eafn tin cho MDHope t\u1edbi 898-211, c\u00e1 nh\u00e2n \u0111\u00f3 s\u1ebd \u0111\u01b0\u1ee3c \u0111\u1eb7t c\u00e2u h\u1ecfi \u0111\u1ec3 h\u01b0\u1edbng d\u1eabn h\u1ecd \u0111\u1ebfn c\u00e1c ngu\u1ed3n t\u00e0i nguy\u00ean t\u1ed1t nh\u1ea5t cho m\u1ed9t t\u00ecnh hu\u1ed1ng nh\u1ea5t \u0111\u1ecbnh.<\/p>\n<p>Th\u00f4ng tin \u0111\u01b0\u1ee3c cung c\u1ea5p cho b\u1ea5t k\u1ef3 ai \u1edf Maryland c\u00f3 quan ng\u1ea1i v\u1ec1 vi\u1ec7c s\u1eed d\u1ee5ng opioid, bao g\u1ed3m gia \u0111\u00ecnh, b\u1ea1n b\u00e8, chuy\u00ean gia v\u00e0 nh\u00e0 cung c\u1ea5p d\u1ecbch v\u1ee5.<\/p>\n<p>C\u00e1c tin nh\u1eafn v\u0103n b\u1ea3n c\u00f3 th\u1ec3 bao g\u1ed3m:<\/p>\n<ul>\n<li>Th\u00f4ng tin v\u1ec1 thu\u1ed1c \u0111\u1ea3o ng\u01b0\u1ee3c qu\u00e1 li\u1ec1u.<\/li>\n<li>M\u1eb9o ph\u00f2ng ng\u1eeba qu\u00e1 li\u1ec1u.<\/li>\n<li>Th\u00f4ng tin chung v\u1ec1 vi\u1ec7c s\u1eed d\u1ee5ng opioid.<\/li>\n<li>Nh\u1eefng l\u1ef1a ch\u1ecdn \u0111i\u1ec1u tr\u1ecb.<\/li>\n<li>D\u1ea5u hi\u1ec7u qu\u00e1 li\u1ec1u.<\/li>\n<li>X\u1eed l\u00fd an to\u00e0n c\u00e1c lo\u1ea1i thu\u1ed1c theo toa.<\/li>\n<li>H\u1ed7 tr\u1ee3 v\u00e0 kh\u1eb3ng \u0111\u1ecbnh hai tu\u1ea7n m\u1ed9t l\u1ea7n.<\/li>\n<\/ul>\n<p>C\u00e1 nh\u00e2n c\u00f3 th\u1ec3 n\u00f3i chuy\u1ec7n ngay l\u1eadp t\u1ee9c v\u1edbi chuy\u00ean gia \u0111\u01b0\u1ee3c \u0111\u00e0o t\u1ea1o b\u1ea5t c\u1ee9 l\u00fac n\u00e0o b\u1eb1ng c\u00e1ch g\u1ecdi 988. B\u1ea1n s\u1ebd n\u00f3i chuy\u1ec7n v\u1edbi \u0110\u01b0\u1eddng d\u00e2y c\u1ee9u h\u1ed9 t\u1ef1 t\u1eed &amp; kh\u1ee7ng ho\u1ea3ng, n\u01a1i cung c\u1ea5p h\u1ed7 tr\u1ee3 v\u1ec1 s\u1ee9c kh\u1ecfe t\u00e2m th\u1ea7n v\u00e0 s\u1eed d\u1ee5ng d\u01b0\u1ee3c ch\u1ea5t. <a href=\"https:\/\/health.maryland.gov\/bha\/Pages\/988md.aspx\" target=\"_blank\" rel=\"noopener\">T\u00ecm hi\u1ec3u v\u1ec1 988 \u1edf Maryland<\/a>.<\/p>\n<p>B\u1ea1n c\u00f3 th\u1ec3 t\u00ecm hi\u1ec3u v\u1ec1 nh\u1eefng c\u00e1ch kh\u00e1c m\u00e0 211 Maryland \u0111ang gi\u00fap \u0111\u1ee1\u00a0<a href=\"https:\/\/211md.org\/vi\/ngan-chan-su-ky-thi\/\" target=\"_blank\" rel=\"noopener\">ng\u0103n ch\u1eb7n s\u1ef1 k\u1ef3 th\u1ecb<\/a>.<\/p>\n\t<h2>Th\u1ea3i b\u1ecf thu\u1ed1c theo toa m\u1ed9t c\u00e1ch an to\u00e0n<\/h2>\n<p>B\u1ea1n kh\u00f4ng c\u1ea7n ph\u1ea3i bi\u1ebft ai \u0111\u00f3 \u0111ang v\u1eadt l\u1ed9n v\u1edbi ch\u1ee9ng nghi\u1ec7n \u0111\u1ec3 t\u1ea1o n\u00ean s\u1ef1 kh\u00e1c bi\u1ec7t trong c\u1ed9ng \u0111\u1ed3ng c\u1ee7a m\u00ecnh. Vi\u1ec7c ti\u00eau h\u1ee7y thu\u1ed1c theo toa m\u1ed9t c\u00e1ch an to\u00e0n s\u1ebd ng\u0103n ng\u1eeba vi\u1ec7c s\u1eed d\u1ee5ng sai m\u1ee5c \u0111\u00edch v\u00e0 b\u1ea3o v\u1ec7 m\u00f4i tr\u01b0\u1eddng. Hai l\u1ea7n m\u1ed9t n\u0103m, ng\u01b0\u1eddi d\u00e2n Maryland c\u00f3 th\u1ec3 tham gia S\u00e1ng ki\u1ebfn Thu h\u1ed3i Thu\u1ed1c theo toa. Ch\u00fang \u0111\u01b0\u1ee3c t\u1ed5 ch\u1ee9c v\u00e0o m\u00f9a xu\u00e2n v\u00e0 m\u00f9a thu. S\u1ef1 ki\u1ec7n k\u00e9o d\u00e0i m\u1ed9t ng\u00e0y n\u00e0y cho ph\u00e9p c\u01b0 d\u00e2n Maryland v\u1ee9t b\u1ecf nh\u1eefng lo\u1ea1i thu\u1ed1c kh\u00f4ng mong mu\u1ed1n m\u1ed9t c\u00e1ch an to\u00e0n.<\/p>\n<p>RALI Maryland t\u1eb7ng\u00a0<a href=\"https:\/\/www.ralimd.org\/safedisposal\" target=\"_blank\" rel=\"noopener\">b\u1ed9 x\u1eed l\u00fd thu\u1ed1c<\/a>\u00a0\u0111i\u1ec1u \u0111\u00f3 l\u00e0m cho n\u00f3 d\u1ec5 d\u00e0ng \u0111\u1ec3 tho\u00e1t kh\u1ecfi thu\u1ed1c c\u0169. B\u1ea1n ch\u1ec9 c\u1ea7n \u0111\u1ed5 thu\u1ed1c v\u00e0o t\u00fai, th\u00eam n\u01b0\u1edbc, \u0111\u1eady k\u00edn v\u00e0 v\u1ee9t \u0111i.<\/p>\n<p>T\u00ecm m\u1ed9t\u00a0<a href=\"https:\/\/211md.org\/vi\/xu-ly-ma-tuy\/\">\u0110\u1ecba \u0111i\u1ec3m Thu h\u1ed3i ma t\u00fay g\u1ea7n b\u1ea1n ho\u1eb7c t\u00ecm ki\u1ebfm \u0111\u1ecba \u0111i\u1ec3m ti\u00eau h\u1ee7y ma t\u00fay 24\/7\/365<\/a>.<\/p>\n<p>&nbsp;<\/p>\n<h2>L\u00e0m th\u1ebf n\u00e0o b\u1ea1n c\u00f3 th\u1ec3 gi\u00fap ng\u1eebng s\u1eed d\u1ee5ng opioid<\/h2>\n<p>Chia s\u1ebb chi ti\u1ebft ch\u01b0\u01a1ng tr\u00ecnh v\u1edbi gia \u0111\u00ecnh, b\u1ea1n b\u00e8 ho\u1eb7c ai \u0111\u00f3 m\u00e0 b\u1ea1n ch\u0103m s\u00f3c. T\u1ea3i xu\u1ed1ng t\u1edd r\u01a1i b\u00ean d\u01b0\u1edbi ho\u1eb7c chia s\u1ebb video t\u1eeb c\u00e1c nh\u00e0 l\u1eadp ph\u00e1p n\u1ed5i ti\u1ebfng c\u1ee7a ti\u1ec3u bang.<\/p>\n<p>M\u1ed9t s\u1ed1 nh\u00e0 l\u1eadp ph\u00e1p bang Maryland \u0111ang chia s\u1ebb th\u00f4ng \u0111i\u1ec7p hy v\u1ecdng n\u00e0y. \u0111\u1ea1i bi\u1ec3u\u00a0<a href=\"https:\/\/msa.maryland.gov\/msa\/mdmanual\/06hse\/html\/msa14629.html\" target=\"_blank\" rel=\"noopener\">Joseline Pe\u00f1a-Melnyk<\/a>,\u00a0<a href=\"https:\/\/msa.maryland.gov\/msa\/mdmanual\/06hse\/html\/msa15452.html\" target=\"_blank\" rel=\"noopener\">Bonnie Cullison<\/a>,\u00a0<a href=\"https:\/\/msa.maryland.gov\/msa\/mdmanual\/06hse\/html\/msa18109.html\" target=\"_blank\" rel=\"noopener\">Shaneka Henson<\/a>, V\u00e0\u00a0<a href=\"https:\/\/msa.maryland.gov\/msa\/mdmanual\/06hse\/html\/msa18011.html\" target=\"_blank\" rel=\"noopener\">Ken Kerr<\/a>\u00a0c\u0169ng nh\u01b0\u00a0<a href=\"https:\/\/msa.maryland.gov\/msa\/mdmanual\/05sen\/html\/msa12255.html\" target=\"_blank\" rel=\"noopener\">Th\u01b0\u1ee3ng ngh\u1ecb s\u0129 Kathy Klausmeier<\/a>\u00a0\u0111ang khuy\u1ebfn kh\u00edch ng\u01b0\u1eddi d\u00e2n Maryland nh\u1eafn tin MDHope t\u1edbi 898-211.<\/p>\n<p>Tr\u1ee3 gi\u00fap ch\u1ec9 l\u00e0 m\u1ed9t v\u0103n b\u1ea3n \u0111i.<\/p>\n\t<iframe loading=\"lazy\" frameborder=\"0\" width=\"560\" height=\"314\" scrolling=\"no\" src=\"https:\/\/video.wixstatic.com\/video\/a0c76e_6223838a57fd4401a54771ed041a8f95\/720p\/mp4\/file.mp4\" sandbox><\/iframe>","protected":false},"excerpt":{"rendered":"<p>MDHope l\u00e0 g\u00ec? MDHope l\u00e0 m\u1ed9t ch\u01b0\u01a1ng tr\u00ecnh nh\u1eafn tin v\u1ec1 opioid m\u1edbi nh\u1eb1m k\u1ebft n\u1ed1i c\u00e1c gia \u0111\u00ecnh Maryland v\u1edbi c\u00e1c ngu\u1ed3n l\u1ef1c thi\u1ebft y\u1ebfu li\u00ean quan \u0111\u1ebfn opioid bao g\u1ed3m nh\u00e0 cung c\u1ea5p d\u1ecbch v\u1ee5 \u0111i\u1ec1u tr\u1ecb, ti\u00eau h\u1ee7y thu\u1ed1c an to\u00e0n v\u00e0 th\u00f4ng \u0111i\u1ec7p h\u1ed7 tr\u1ee3. C\u00e1c c\u00e1 nh\u00e2n, th\u00e0nh vi\u00ean gia \u0111\u00ecnh, b\u1ea1n b\u00e8 v\u00e0 chuy\u00ean gia c\u00f3 th\u1ec3 s\u1eed d\u1ee5ng ch\u01b0\u01a1ng tr\u00ecnh nh\u1eafn tin \u0111\u1ec3 nh\u1eadn th\u00f4ng tin theo y\u00eau c\u1ea7u. Nh\u1eefng l\u1eddi kh\u1eb3ng \u0111\u1ecbnh mang t\u00ednh h\u1ed7 tr\u1ee3, li\u00ean t\u1ee5c c\u0169ng \u0111\u01b0\u1ee3c \u0111\u01b0a ra \u0111\u1ec3 h\u1ed7 tr\u1ee3 m\u1ed9t c\u00e1 nh\u00e2n tr\u00ean con \u0111\u01b0\u1eddng h\u1ed3i ph\u1ee5c.\u2026<\/p>","protected":false},"author":8,"featured_media":1925,"parent":962,"menu_order":0,"comment_status":"closed","ping_status":"closed","template":"","meta":{"footnotes":""},"class_list":["post-1176","page","type-page","status-publish","has-post-thumbnail","hentry"],"_links":{"self":[{"href":"https:\/\/211md.org\/vi\/wp-json\/wp\/v2\/pages\/1176","targetHints":{"allow":["GET"]}}],"collection":[{"href":"https:\/\/211md.org\/vi\/wp-json\/wp\/v2\/pages"}],"about":[{"href":"https:\/\/211md.org\/vi\/wp-json\/wp\/v2\/types\/page"}],"author":[{"embeddable":true,"href":"https:\/\/211md.org\/vi\/wp-json\/wp\/v2\/users\/8"}],"replies":[{"embeddable":true,"href":"https:\/\/211md.org\/vi\/wp-json\/wp\/v2\/comments?post=1176"}],"version-history":[{"count":2,"href":"https:\/\/211md.org\/vi\/wp-json\/wp\/v2\/pages\/1176\/revisions"}],"predecessor-version":[{"id":4426,"href":"https:\/\/211md.org\/vi\/wp-json\/wp\/v2\/pages\/1176\/revisions\/4426"}],"up":[{"embeddable":true,"href":"https:\/\/211md.org\/vi\/wp-json\/wp\/v2\/pages\/962"}],"wp:featuredmedia":[{"embeddable":true,"href":"https:\/\/211md.org\/vi\/wp-json\/wp\/v2\/media\/1925"}],"wp:attachment":[{"href":"https:\/\/211md.org\/vi\/wp-json\/wp\/v2\/media?parent=1176"}],"curies":[{"name":"wp","href":"https:\/\/api.w.org\/{rel}","templated":true}]}}