{"id":1515,"date":"2021-05-04T16:18:58","date_gmt":"2021-05-04T16:18:58","guid":{"rendered":"https:\/\/211md.org\/?page_id=1515"},"modified":"2025-07-11T17:27:14","modified_gmt":"2025-07-11T21:27:14","slug":"chinh-sach-hoa-nhap","status":"publish","type":"page","link":"https:\/\/211md.org\/vi\/inclusion-policy\/","title":{"rendered":"Ch\u00ednh s\u00e1ch bao g\u1ed3m"},"content":{"rendered":"<h2>\n\t\t\tC\u01a1 s\u1edf d\u1eef li\u1ec7u t\u00e0i nguy\u00ean c\u1ed9ng \u0111\u1ed3ng 211\t<\/h2>\n\t<p>Ch\u00ednh s\u00e1ch Bao g\u1ed3m\/Lo\u1ea1i tr\u1eeb n\u00e0y cung c\u1ea5p c\u00e1c h\u01b0\u1edbng d\u1eabn li\u00ean quan \u0111\u1ebfn c\u00e1c lo\u1ea1i t\u1ed5 ch\u1ee9c v\u00e0 d\u1ecbch v\u1ee5 \u0111\u1ee7 \u0111i\u1ec1u ki\u1ec7n \u0111\u1ec3 \u0111\u01b0a v\u00e0o C\u01a1 s\u1edf d\u1eef li\u1ec7u T\u00e0i nguy\u00ean C\u1ed9ng \u0111\u1ed3ng 211, do M\u1ea1ng l\u01b0\u1edbi Th\u00f4ng tin Maryland (MdInfoNet) cung c\u1ea5p. Theo <a href=\"https:\/\/www.informusa.org\/standards\" target=\"_blank\" rel=\"noopener\">Th\u00f4ng b\u00e1o Ti\u00eau chu\u1ea9n Hoa K\u1ef3<\/a>Ch\u00ednh s\u00e1ch n\u00e0y ph\u1ea3i \u0111\u01b0\u1ee3c \u00e1p d\u1ee5ng th\u1ed1ng nh\u1ea5t v\u00e0 c\u00f4ng b\u1eb1ng. Ch\u00ednh s\u00e1ch \u0111\u01b0\u1ee3c c\u00f4ng b\u1ed1 \u0111\u1ec3 t\u1ea5t c\u1ea3 ng\u01b0\u1eddi d\u00f9ng \u0111\u1ec1u bi\u1ebft v\u1ec1 ph\u1ea1m vi v\u00e0 gi\u1edbi h\u1ea1n c\u1ee7a th\u01b0 m\u1ee5c.<\/p>\n<h3>\u0110\u1ee7 \u0111i\u1ec1u ki\u1ec7n \u0111\u1ec3 \u0111\u01b0a v\u00e0o<\/h3>\n<p>M\u1ea1ng l\u01b0\u1edbi th\u00f4ng tin Maryland, l\u00e0 t\u1ed5 ch\u1ee9c phi l\u1ee3i nhu\u1eadn do ti\u1ec3u bang qu\u1ea3n l\u00fd thu\u1ed9c h\u1ec7 th\u1ed1ng 211 t\u1ea1i Maryland, ph\u1ee5c v\u1ee5 to\u00e0n b\u1ed9 Ti\u1ec3u bang Maryland v\u00e0 mong mu\u1ed1n k\u1ebft n\u1ed1i c\u00e1c t\u1ed5 ch\u1ee9c v\u00e0 ch\u01b0\u01a1ng tr\u00ecnh d\u1ecbch v\u1ee5 y t\u1ebf v\u00e0 nh\u00e2n \u0111\u1ea1o cung c\u1ea5p d\u1ecbch v\u1ee5 cho c\u01b0 d\u00e2n Maryland, b\u1ea5t k\u1ec3 v\u1ecb tr\u00ed th\u1ef1c t\u1ebf c\u1ee7a nh\u00e0 cung c\u1ea5p d\u1ecbch v\u1ee5.<\/p>\n<p><strong>Nh\u00ecn chung, nh\u1eefng tr\u01b0\u1eddng h\u1ee3p sau \u0111\u00e2y \u0111\u01b0\u1ee3c coi l\u00e0 \u0111\u1ee7 \u0111i\u1ec1u ki\u1ec7n \u0111\u1ec3 \u0111\u01b0a v\u00e0o:<\/strong><\/p>\n<ul>\n<li>C\u00e1c t\u1ed5 ch\u1ee9c phi l\u1ee3i nhu\u1eadn v\u00e0 v\u00ec l\u1ee3i nhu\u1eadn, c\u00e1c nh\u00f3m t\u00f4n gi\u00e1o, c\u00e2u l\u1ea1c b\u1ed9 v\u00e0 h\u1ed9i, h\u1ee3p t\u00e1c x\u00e3, c\u00e1 nh\u00e2n h\u00e0nh ngh\u1ec1, c\u00e1c c\u01a1 quan v\u00e0 quan ch\u1ee9c ch\u00ednh ph\u1ee7 cung c\u1ea5p c\u00e1c d\u1ecbch v\u1ee5 y t\u1ebf, x\u00e3 h\u1ed9i, gi\u00e1o d\u1ee5c, th\u01b0 vi\u1ec7n, vi\u1ec7c l\u00e0m, ph\u00e1p l\u00fd, gi\u1ea3i tr\u00ed v\u00e0 c\u00e1c d\u1ecbch v\u1ee5 nh\u00e2n \u0111\u1ea1o kh\u00e1c cho c\u1ed9ng \u0111\u1ed3ng n\u00f3i chung.<\/li>\n<li>C\u00e1c t\u1ed5 ch\u1ee9c c\u00f3 \u0111\u1ecba v\u1ecb kh\u00f4ng ch\u00ednh th\u1ee9c h\u01a1n do c\u00e1c t\u00ecnh nguy\u1ec7n vi\u00ean \u0111i\u1ec1u h\u00e0nh ch\u1ee7 y\u1ebfu, ch\u1eb3ng h\u1ea1n nh\u01b0 c\u00e1c nh\u00f3m h\u1ed7 tr\u1ee3 t\u1ef1 l\u1ef1c.<\/li>\n<li>\u0110\u01b0\u1eddng d\u00e2y n\u00f3ng mi\u1ec5n ph\u00ed, \u0111\u01b0\u1eddng d\u00e2y n\u00f3ng, \u0111\u01b0\u1eddng d\u00e2y tr\u1ee3 gi\u00fap, c\u00f4ng c\u1ee5 \u0111\u1ecbnh v\u1ecb v\u00e0 trang web cung c\u1ea5p h\u1ed7 tr\u1ee3 tr\u1ef1c ti\u1ebfp ho\u1eb7c th\u00f4ng tin chuy\u00ean m\u00f4n v\u00e0 gi\u1edbi thi\u1ec7u \u0111\u1ebfn c\u00e1c t\u1ed5 ch\u1ee9c y t\u1ebf v\u00e0 d\u1ecbch v\u1ee5 nh\u00e2n sinh.<\/li>\n<li>C\u00e1c t\u1ed5 ch\u1ee9c \u1ee7ng h\u1ed9 c\u00e1c ch\u01b0\u01a1ng tr\u00ecnh v\u00e0 ch\u00ednh s\u00e1ch d\u1ecbch v\u1ee5 nh\u00e2n \u0111\u1ea1o, bao g\u1ed3m c\u00e1c ch\u01b0\u01a1ng tr\u00ecnh v\u00e0 ch\u00ednh s\u00e1ch t\u1ea1o c\u01a1 h\u1ed9i cho c\u00e1 nh\u00e2n v\u00e0 nh\u00f3m tham gia v\u00e0o c\u00e1c d\u1ef1 \u00e1n c\u1ea3i thi\u1ec7n c\u1ed9ng \u0111\u1ed3ng ho\u1eb7c d\u1ecbch v\u1ee5, ho\u1eb7c l\u00ean ti\u1ebfng trong ti\u1ebfn tr\u00ecnh ch\u00ednh tr\u1ecb.<\/li>\n<li>C\u00e1c t\u1ed5 ch\u1ee9c th\u01b0\u01a1ng m\u1ea1i v\u00e0 v\u00ec l\u1ee3i nhu\u1eadn cung c\u1ea5p d\u1ecbch v\u1ee5 mi\u1ec5n ph\u00ed, tr\u1ee3 c\u1ea5p ho\u1eb7c theo thang ph\u00ed linh ho\u1ea1t, ho\u1eb7c cung c\u1ea5p c\u00e1c d\u1ecbch v\u1ee5 \u0111\u1ed9c \u0111\u00e1o ho\u1eb7c thi\u1ebft y\u1ebfu kh\u00f4ng \u0111\u01b0\u1ee3c bao ph\u1ee7 \u0111\u1ea7y \u0111\u1ee7 trong khu v\u1ef1c phi l\u1ee3i nhu\u1eadn.<\/li>\n<li>B\u1ec7nh vi\u1ec7n, ph\u00f2ng kh\u00e1m s\u1ee9c kh\u1ecfe, vi\u1ec7n d\u01b0\u1ee1ng l\u00e3o v\u00e0 c\u01a1 quan ch\u0103m s\u00f3c s\u1ee9c kh\u1ecfe t\u1ea1i nh\u00e0 \u0111\u01b0\u1ee3c c\u1ea5p ph\u00e9p.<\/li>\n<li>C\u00e1c d\u1ecbch v\u1ee5 t\u1ea1m th\u1eddi \u0111\u01b0\u1ee3c tri\u1ec3n khai \u0111\u1ec3 \u1ee9ng ph\u00f3 v\u1edbi c\u00e1c tr\u01b0\u1eddng h\u1ee3p \u0111\u1eb7c bi\u1ec7t, ch\u1eb3ng h\u1ea1n nh\u01b0 thi\u00ean tai ho\u1eb7c th\u1ea3m h\u1ecda do con ng\u01b0\u1eddi g\u00e2y ra, c\u0169ng nh\u01b0 c\u00e1c ch\u01b0\u01a1ng tr\u00ecnh theo m\u00f9a v\u00e0 ng\u00e0y l\u1ec5.<\/li>\n<li>C\u00e1c t\u1ed5 ch\u1ee9c cung c\u1ea5p ch\u01b0\u01a1ng tr\u00ecnh v\u00e0 d\u1ecbch v\u1ee5 li\u00ean quan \u0111\u1ebfn quan h\u1ec7 \u0111\u1ed1i t\u00e1c ho\u1eb7c h\u1ee3p \u0111\u1ed3ng c\u1ee7a M\u1ea1ng th\u00f4ng tin Maryland\/211.<\/li>\n<\/ul>\n<p>M\u1ea1ng l\u01b0\u1edbi th\u00f4ng tin Maryland 211 Maryland Inc. kh\u00f4ng c\u1ea5m vi\u1ec7c \u0111\u01b0a v\u00e0o b\u1ea5t k\u1ef3 ch\u01b0\u01a1ng tr\u00ecnh n\u00e0o nh\u1eafm v\u00e0o c\u00e1c d\u1ecbch v\u1ee5 d\u1ef1a tr\u00ean \u0111\u1ed9 tu\u1ed5i, ch\u1ee7ng t\u1ed9c, t\u00f4n gi\u00e1o, gi\u1edbi t\u00ednh, khuynh h\u01b0\u1edbng t\u00ecnh d\u1ee5c, khuy\u1ebft t\u1eadt ho\u1eb7c c\u00e1c \u0111\u1eb7c \u0111i\u1ec3m kh\u00e1c \u0111\u01b0\u1ee3c thi\u1ebft k\u1ebf \u0111\u1ec3 \u0111\u00e1p \u1ee9ng nhu c\u1ea7u \u0111\u1eb7c bi\u1ec7t c\u1ee7a c\u00e1c nh\u00f3m d\u00e2n s\u1ed1 m\u1ee5c ti\u00eau n\u1ebfu c\u00e1c ch\u01b0\u01a1ng tr\u00ecnh \u0111\u00f3 m\u1edf c\u1eeda cho t\u1ea5t c\u1ea3 m\u1ecdi ng\u01b0\u1eddi trong c\u00e1c nh\u00f3m d\u00e2n s\u1ed1 c\u1ee5 th\u1ec3 \u0111\u00f3.<\/p>\n<h3>Kh\u00f4ng \u0111\u1ee7 \u0111i\u1ec1u ki\u1ec7n \u0111\u1ec3 \u0111\u01b0a v\u00e0o<\/h3>\n<p><strong>C\u00e1c t\u1ed5 ch\u1ee9c th\u01b0\u1eddng kh\u00f4ng \u0111\u1ee7 \u0111i\u1ec1u ki\u1ec7n \u0111\u1ec3 \u0111\u01b0a v\u00e0o bao g\u1ed3m, nh\u01b0ng kh\u00f4ng gi\u1edbi h\u1ea1n \u1edf:<\/strong><\/p>\n<ul>\n<li>C\u00e1c t\u1ed5 ch\u1ee9c \u0111\u00e3 ho\u1ea1t \u0111\u1ed9ng ch\u01b0a \u0111\u1ebfn m\u1ed9t n\u0103m, tr\u1eeb khi ph\u1ee5c v\u1ee5 nhu c\u1ea7u quan tr\u1ecdng.<\/li>\n<li>C\u00e1c t\u1ed5 ch\u1ee9c ph\u00e2n bi\u1ec7t \u0111\u1ed1i x\u1eed d\u1ef1a tr\u00ean m\u00e0u da, ch\u1ee7ng t\u1ed9c, t\u00f4n gi\u00e1o, gi\u1edbi t\u00ednh, khuynh h\u01b0\u1edbng t\u00ecnh d\u1ee5c, t\u1ed5 ti\u00ean, b\u1ea3n d\u1ea1ng gi\u1edbi, qu\u1ed1c t\u1ecbch ho\u1eb7c b\u1ea5t k\u1ef3 danh m\u1ee5c n\u00e0o kh\u00e1c \u0111\u01b0\u1ee3c ph\u00e1p lu\u1eadt b\u1ea3o v\u1ec7.<\/li>\n<li>C\u00e1c nh\u00f3m t\u00f4n gi\u00e1o, c\u00e2u l\u1ea1c b\u1ed9 x\u00e3 h\u1ed9i v\u00e0 hi\u1ec7p h\u1ed9i c\u1ed9ng \u0111\u1ed3ng ch\u1ec9 cung c\u1ea5p d\u1ecbch v\u1ee5 cho c\u00e1c th\u00e0nh vi\u00ean.<\/li>\n<li>C\u00e1c t\u1ed5 ch\u1ee9c cung c\u1ea5p d\u1ecbch v\u1ee5 b\u1ea5t h\u1ee3p ph\u00e1p theo lu\u1eadt, s\u1eafc l\u1ec7nh, quy \u0111\u1ecbnh ho\u1eb7c l\u1ec7nh c\u1ee7a Maryland, li\u00ean bang ho\u1eb7c \u0111\u1ecba ph\u01b0\u01a1ng.<\/li>\n<li>C\u00e1c t\u1ed5 ch\u1ee9c b\u1ecb bu\u1ed9c t\u1ed9i ho\u1eb7c k\u1ebft \u00e1n c\u00f4ng khai v\u1ec1 nh\u1eefng h\u00e0nh \u0111\u1ed9ng kh\u00f4ng v\u00ec l\u1ee3i \u00edch t\u1ed1t nh\u1ea5t c\u1ee7a nh\u1eefng ng\u01b0\u1eddi m\u00e0 h\u1ecd ph\u1ee5c v\u1ee5.<\/li>\n<li>C\u00e1c ho\u1ea1t \u0111\u1ed9ng th\u01b0\u01a1ng m\u1ea1i v\u00e0 t\u01b0 nh\u00e2n v\u1ec1 y t\u1ebf, c\u00f4ng t\u00e1c x\u00e3 h\u1ed9i, \u0111i\u1ec1u d\u01b0\u1ee1ng, t\u01b0 v\u1ea5n, t\u00e2m th\u1ea7n h\u1ecdc, t\u00e2m l\u00fd h\u1ecdc, v\u1eadt l\u00fd tr\u1ecb li\u1ec7u ho\u1eb7c tr\u1ecb li\u1ec7u ngh\u1ec1 nghi\u1ec7p, v.v. kh\u00f4ng ch\u1ea5p nh\u1eadn Medicare, Medicaid ho\u1eb7c cung c\u1ea5p thang ph\u00ed linh ho\u1ea1t cho c\u00e1c d\u1ecbch v\u1ee5 tr\u1ea3 ph\u00ed \u0111\u1ec3 nh\u1eefng ng\u01b0\u1eddi c\u00f3 thu nh\u1eadp th\u1ea5p v\u1eabn c\u00f3 th\u1ec3 ti\u1ebfp c\u1eadn \u0111\u01b0\u1ee3c.<\/li>\n<li>C\u00e1c t\u1ed5 ch\u1ee9c c\u00f3 h\u00e0nh vi sai l\u1ec7ch v\u1ec1 b\u1ea3n th\u00e2n ho\u1eb7c d\u1ecbch v\u1ee5 c\u1ee7a m\u00ecnh theo b\u1ea5t k\u1ef3 c\u00e1ch n\u00e0o.<\/li>\n<\/ul>\n<p>H\u1ec7 th\u1ed1ng 211 n\u1ed7 l\u1ef1c cung c\u1ea5p s\u1ef1 \u0111\u1ea1i di\u1ec7n c\u00e2n b\u1eb1ng v\u1ec1 ngu\u1ed3n l\u1ef1c, bao g\u1ed3m c\u1ea3 ngu\u1ed3n l\u1ef1c t\u1eeb c\u00e1c ho\u1ea1t \u0111\u1ed9ng ch\u00ednh tr\u1ecb v\u00e0 c\u00e1c nh\u00f3m h\u00e0nh \u0111\u1ed9ng h\u01b0\u1edbng \u0111\u1ebfn v\u1ea5n \u0111\u1ec1. Tuy nhi\u00ean, n\u1ebfu m\u1ed9t t\u1ed5 ch\u1ee9c ho\u1eb7c ch\u01b0\u01a1ng tr\u00ecnh \u0111\u01b0\u1ee3c xem x\u00e9t theo c\u00e1c ti\u00eau ch\u00ed n\u00e0y b\u1ecb coi l\u00e0 g\u00e2y h\u1ea1i cho c\u1ed9ng \u0111\u1ed3ng, t\u1ed5 ch\u1ee9c ho\u1eb7c ch\u01b0\u01a1ng tr\u00ecnh \u0111\u00f3 s\u1ebd b\u1ecb lo\u1ea1i tr\u1eeb.<\/p>\n<p><strong>Ki\u1ec3m so\u00e1t ch\u1ea5t l\u01b0\u1ee3ng<\/strong><\/p>\n<p>\u0110\u1ec3 \u0111\u1ea3m b\u1ea3o \u0111\u00e1p \u1ee9ng \u0111\u01b0\u1ee3c nhu c\u1ea7u thay \u0111\u1ed5i c\u1ee7a c\u1ed9ng \u0111\u1ed3ng, MdInfoNet, \u0111\u01a1n v\u1ecb cung c\u1ea5p d\u1ecbch v\u1ee5 211, xem x\u00e9t Ch\u00ednh s\u00e1ch Bao g\u1ed3m\/Lo\u1ea1i tr\u1eeb h\u00e0ng n\u0103m v\u00e0 ti\u1ebfn h\u00e0nh \u0111\u00e1nh gi\u00e1 danh b\u1ea1 th\u01b0\u1eddng xuy\u00ean \u0111\u1ec3 \u0111\u1ea3m b\u1ea3o t\u1ea5t c\u1ea3 c\u00e1c t\u1ed5 ch\u1ee9c v\u00e0 d\u1ecbch v\u1ee5 \u0111\u1ec1u tu\u00e2n th\u1ee7.<\/p>\n<p>\u0110\u1ec3 duy tr\u00ec t\u00ecnh tr\u1ea1ng t\u1ed1t v\u00e0 tr\u00e1nh b\u1ecb x\u00f3a kh\u1ecfi danh m\u1ee5c, c\u00e1c t\u1ed5 ch\u1ee9c \u0111\u01b0\u1ee3c li\u1ec7t k\u00ea ph\u1ea3i \u0111\u1ed3ng \u00fd tham gia x\u00e1c minh th\u00f4ng tin h\u00e0ng n\u0103m v\u00e0 c\u1eadp nh\u1eadt th\u01b0\u1eddng xuy\u00ean khi c\u00f3 thay \u0111\u1ed5i.<\/p>\n<p><strong>Lo\u1ea1i tr\u1eeb v\u00e0 X\u00f3a b\u1ecf<\/strong><\/p>\n<p>MdInfoNet c\u00f3 quy\u1ec1n t\u1eeb ch\u1ed1i li\u1ec7t k\u00ea c\u00e1c t\u1ed5 ch\u1ee9c v\u00e0 d\u1ecbch v\u1ee5 kh\u00f4ng \u0111\u00e1p \u1ee9ng ti\u00eau ch\u00ed \u0111\u01b0a v\u00e0o v\u00ec b\u1ea5t k\u1ef3 l\u00fd do g\u00ec. We211 c\u0169ng c\u00f3 th\u1ec3 x\u00f3a m\u1ed9t t\u1ed5 ch\u1ee9c ho\u1eb7c d\u1ecbch v\u1ee5 \u0111\u00e3 \u0111\u01b0\u1ee3c ch\u1ea5p thu\u1eadn \u0111\u01b0a v\u00e0o tr\u01b0\u1edbc \u0111\u00f3 n\u1ebfu t\u1ed5 ch\u1ee9c ho\u1eb7c d\u1ecbch v\u1ee5 \u0111\u00f3 kh\u00f4ng c\u00f2n n\u1eb1m trong ph\u1ea1m vi, kh\u00f4ng x\u00e1c minh th\u00f4ng tin sau th\u00f4ng b\u00e1o cu\u1ed1i c\u00f9ng, ho\u1eb7c c\u00f3 khi\u1ebfu n\u1ea1i nghi\u00eam tr\u1ecdng t\u1eeb b\u1ea5t k\u1ef3 c\u01a1 quan qu\u1ea3n l\u00fd n\u00e0o, c\u00f4ng ch\u00fang n\u00f3i chung, ho\u1eb7c v\u1edbi h\u1ec7 th\u1ed1ng 211 ho\u1eb7c MdInfoNet.<\/p>\n<p><strong>Khi\u1ebfu n\u1ea1i v\u00e0 kh\u00e1ng c\u00e1o<\/strong><\/p>\n<p>MdInfoNet xem c\u00e1c khi\u1ebfu n\u1ea1i l\u00e0 ph\u1ea3n h\u1ed3i c\u00f3 gi\u00e1 tr\u1ecb, c\u00f3 th\u1ec3 n\u00e2ng cao ch\u1ea5t l\u01b0\u1ee3ng c\u1ee7a danh m\u1ee5c t\u00e0i nguy\u00ean v\u00e0 c\u00e1c d\u1ecbch v\u1ee5 li\u00ean quan. Khi\u1ebfu n\u1ea1i v\u00e0 kh\u00e1ng c\u00e1o v\u1ec1 vi\u1ec7c \u0111\u01b0a v\u00e0o ho\u1eb7c lo\u1ea1i tr\u1eeb c\u00f3 th\u1ec3 \u0111\u01b0\u1ee3c g\u1eedi \u0111\u1ebfn <strong>resources@211md.org<\/strong> v\u00e0 s\u1ebd \u0111\u01b0\u1ee3c ghi \u0111\u1ecba ch\u1ec9 nh\u01b0 \u0111\u00e3 nh\u1eadn.<\/p>\n<p><strong>Tuy\u00ean b\u1ed1 mi\u1ec5n tr\u1eeb tr\u00e1ch nhi\u1ec7m b\u1ed5 sung<\/strong><\/p>\n<ul>\n<li>C\u01a1 s\u1edf d\u1eef li\u1ec7u T\u00e0i nguy\u00ean C\u1ed9ng \u0111\u1ed3ng 211 kh\u00f4ng nh\u1eb1m m\u1ee5c \u0111\u00edch cung c\u1ea5p d\u1ecbch v\u1ee5 ti\u1ebfp th\u1ecb mi\u1ec5n ph\u00ed cho c\u00e1c doanh nghi\u1ec7p - vi\u1ec7c bao g\u1ed3m kh\u00f4ng c\u1ea5u th\u00e0nh ho\u1eb7c ng\u1ee5 \u00fd s\u1ef1 t\u00e1n th\u00e0nh. Vi\u1ec7c lo\u1ea1i tr\u1eeb c\u0169ng kh\u00f4ng bi\u1ec3u th\u1ecb s\u1ef1 kh\u00f4ng t\u00e1n th\u00e0nh, c\u0169ng kh\u00f4ng ph\u1ea3n \u00e1nh gi\u00e1 tr\u1ecb ho\u1eb7c \u0111\u00f3ng g\u00f3p c\u1ee7a b\u1ea5t k\u1ef3 t\u1ed5 ch\u1ee9c n\u00e0o cho c\u1ed9ng \u0111\u1ed3ng.<\/li>\n<li>Ch\u00fang t\u00f4i kh\u00f4ng y\u00eau c\u1ea7u, nh\u1eadn ho\u1eb7c ch\u1ea5p nh\u1eadn thanh to\u00e1n t\u1eeb b\u1ea5t k\u1ef3 t\u1ed5 ch\u1ee9c n\u00e0o \u0111\u1ec3 \u0111\u01b0\u1ee3c li\u1ec7t k\u00ea trong danh b\u1ea1.<\/li>\n<li>Th\u00f4ng tin t\u1ed5 ch\u1ee9c \u0111\u00e3 g\u1eedi c\u00f3 th\u1ec3 \u0111\u01b0\u1ee3c ch\u1ec9nh s\u1eeda v\u1ec1 \u0111\u1ecbnh d\u1ea1ng, phong c\u00e1ch, \u0111\u1ed9 ng\u1eafn g\u1ecdn ho\u1eb7c r\u00f5 r\u00e0ng v\u00e0 \u0111\u01b0\u1ee3c s\u1eed d\u1ee5ng cho m\u1ee5c \u0111\u00edch gi\u1edbi thi\u1ec7u v\u00e0 xu\u1ea5t b\u1ea3n.<\/li>\n<\/ul>\n<p><strong>C\u1eadp nh\u1eadt l\u1ea7n cu\u1ed1i:<\/strong>\u00a0 Th\u00e1ng 7 n\u0103m 2025<\/p>","protected":false},"excerpt":{"rendered":"<p>C\u01a1 s\u1edf d\u1eef li\u1ec7u T\u00e0i nguy\u00ean C\u1ed9ng \u0111\u1ed3ng 211 Ch\u00ednh s\u00e1ch Bao g\u1ed3m\/Lo\u1ea1i tr\u1eeb n\u00e0y cung c\u1ea5p h\u01b0\u1edbng d\u1eabn v\u1ec1 c\u00e1c lo\u1ea1i t\u1ed5 ch\u1ee9c v\u00e0 d\u1ecbch v\u1ee5 \u0111\u1ee7 \u0111i\u1ec1u ki\u1ec7n \u0111\u1ec3 \u0111\u01b0a v\u00e0o C\u01a1 s\u1edf d\u1eef li\u1ec7u T\u00e0i nguy\u00ean C\u1ed9ng \u0111\u1ed3ng 211, do M\u1ea1ng l\u01b0\u1edbi Th\u00f4ng tin Maryland (MdInfoNet) h\u1ed7 tr\u1ee3. Theo Ti\u00eau chu\u1ea9n Inform USA, ch\u00ednh s\u00e1ch n\u00e0y ph\u1ea3i \u0111\u01b0\u1ee3c \u00e1p d\u1ee5ng th\u1ed1ng nh\u1ea5t v\u00e0 c\u00f4ng b\u1eb1ng. Ch\u00ednh s\u00e1ch \u0111\u01b0\u1ee3c c\u00f4ng b\u1ed1 \u0111\u1ec3 t\u1ea5t c\u1ea3 ng\u01b0\u1eddi d\u00f9ng \u0111\u1ec1u\u2026<\/p>","protected":false},"author":8,"featured_media":0,"parent":0,"menu_order":0,"comment_status":"closed","ping_status":"closed","template":"","meta":{"footnotes":""},"class_list":["post-1515","page","type-page","status-publish","hentry"],"_links":{"self":[{"href":"https:\/\/211md.org\/vi\/wp-json\/wp\/v2\/pages\/1515","targetHints":{"allow":["GET"]}}],"collection":[{"href":"https:\/\/211md.org\/vi\/wp-json\/wp\/v2\/pages"}],"about":[{"href":"https:\/\/211md.org\/vi\/wp-json\/wp\/v2\/types\/page"}],"author":[{"embeddable":true,"href":"https:\/\/211md.org\/vi\/wp-json\/wp\/v2\/users\/8"}],"replies":[{"embeddable":true,"href":"https:\/\/211md.org\/vi\/wp-json\/wp\/v2\/comments?post=1515"}],"version-history":[{"count":2,"href":"https:\/\/211md.org\/vi\/wp-json\/wp\/v2\/pages\/1515\/revisions"}],"predecessor-version":[{"id":4914,"href":"https:\/\/211md.org\/vi\/wp-json\/wp\/v2\/pages\/1515\/revisions\/4914"}],"wp:attachment":[{"href":"https:\/\/211md.org\/vi\/wp-json\/wp\/v2\/media?parent=1515"}],"curies":[{"name":"wp","href":"https:\/\/api.w.org\/{rel}","templated":true}]}}