{"id":1685,"date":"2021-05-12T00:22:40","date_gmt":"2021-05-12T00:22:40","guid":{"rendered":"https:\/\/211md.org\/?page_id=1685"},"modified":"2025-10-29T07:09:20","modified_gmt":"2025-10-29T11:09:20","slug":"hat-somerset","status":"publish","type":"page","link":"https:\/\/211md.org\/vi\/resources-by-county\/somerset-county\/","title":{"rendered":"H\u1ea1t Somerset"},"content":{"rendered":"<p>Tr\u1ee3 gi\u00fap c\u00f3 s\u1eb5n trong Qu\u1eadn Somerset. T\u00ecm ki\u1ebfm c\u01a1 s\u1edf d\u1eef li\u1ec7u 211 \u0111\u1ec3 bi\u1ebft c\u00e1c ngu\u1ed3n l\u1ef1c \u1edf Princess Anne, Crisfield, Westover, Deal Island, Marion v\u00e0 c\u00e1c c\u1ed9ng \u0111\u1ed3ng kh\u00e1c c\u1ee7a Qu\u1eadn Somerset.<\/p>\n<p>B\u1ea1n c\u0169ng c\u00f3 th\u1ec3 quay s\u1ed1 2-1-1 b\u1ea5t c\u1ee9 l\u00fac n\u00e0o trong ng\u00e0y hay \u0111\u00eam. Ch\u00fang t\u00f4i c\u0169ng \u0111\u00e3 t\u1ed5ng h\u1ee3p danh s\u00e1ch t\u00e0i nguy\u00ean n\u00e0y v\u1edbi c\u00e1c \u0111\u1ea1i l\u00fd th\u01b0\u1eddng \u0111\u01b0\u1ee3c nh\u1eafc \u0111\u1ebfn.<\/p>\n<h3><b>H\u1ed7 tr\u1ee3 c\u00e1c nhu c\u1ea7u thi\u1ebft y\u1ebfu<\/b><\/h3>\n<p><a href=\"https:\/\/shoreup.org\/about-us\/offices-facilities\/\" target=\"_blank\" rel=\"noopener\">CH\u1ed0NG \u0110\u1ee0!<\/a>\u00a0\u1edf C\u00f4ng ch\u00faa Anne gi\u00fap \u0111\u1ee1 v\u1edbi c\u00e1c \u1ee9ng d\u1ee5ng ch\u01b0\u01a1ng tr\u00ecnh h\u1ed7 tr\u1ee3 n\u0103ng l\u01b0\u1ee3ng Maryland, nh\u00e0 \u1edf v\u00e0\u00a0<a href=\"https:\/\/shoreup.org\/family-support\/free-tax-preparation\/\" target=\"_blank\" rel=\"noopener\">chu\u1ea9n b\u1ecb thu\u1ebf mi\u1ec5n ph\u00ed<\/a>.<\/p>\n<p>N\u1ebfu b\u1ea1n s\u1ed1ng \u1edf Qu\u1eadn Somerset, c\u00f3 th\u1ec3 c\u00f3 c\u00e1c t\u00e0i nguy\u00ean kh\u00e1c \u1edf c\u00e1c qu\u1eadn xung quanh.<\/p>\n<p>211 Chuy\u00ean gia Th\u00f4ng tin v\u00e0 Gi\u1edbi thi\u1ec7u th\u01b0\u1eddng gi\u1edbi thi\u1ec7u c\u01b0 d\u00e2n \u0111\u1ebfn\u00a0<a href=\"https:\/\/thejosephhouse.org\/if-you-need-help\/\" target=\"_blank\" rel=\"noopener\">Trung t\u00e2m Kh\u1ee7ng ho\u1ea3ng Nh\u00e0 Joseph<\/a>\u00a0\u1edf Salisbury g\u1ea7n \u0111\u00f3. Kh\u00f4ng c\u00f3 y\u00eau c\u1ea7u c\u01b0 tr\u00fa \u0111\u1ec3 \u0111\u01b0\u1ee3c gi\u00fap \u0111\u1ee1. Tuy nhi\u00ean, b\u1ea1n ph\u1ea3i n\u1ed9p \u0111\u01a1n tr\u1ef1c ti\u1ebfp \u0111\u1ec3 \u0111\u01b0\u1ee3c gi\u00fap \u0111\u1ee1 v\u1ec1 th\u1ef1c ph\u1ea9m ho\u1eb7c thanh to\u00e1n h\u00f3a \u0111\u01a1n.<\/p>\n<p>N\u1ebfu b\u1ea1n c\u1ea7n th\u1ee9c \u0103n,\u00a0<a href=\"https:\/\/mdfoodbank.org\/find-food\/\" target=\"_blank\" rel=\"noopener\">Ng\u00e2n H\u00e0ng Th\u1ef1c Ph\u1ea9m Maryland<\/a>\u00a0c\u00f3 Chi nh\u00e1nh B\u1edd \u0110\u00f4ng \u1edf Salisbury, bao g\u1ed3m Ch\u01b0\u01a1ng tr\u00ecnh Ph\u00f2ng \u0111\u1ef1ng th\u1ee9c \u0103n c\u1ee7a Tr\u01b0\u1eddng h\u1ecdc.\u00a0<a href=\"https:\/\/mdfoodbank.org\/find-food\/?post%5B0%5D=partner_locations&amp;address%5B0%5D=Somerset%20County%2C%20MD%2C%20USA&amp;distance=100&amp;units=imperial&amp;per_page=50&amp;lat=38.086233&amp;lng=-75.853395&amp;form=1&amp;action=fs\" target=\"_blank\" rel=\"noopener\">T\u00ecm m\u1ed9t ph\u00f2ng \u0111\u1ef1ng th\u1ee9c \u0103n \u1edf Qu\u1eadn Somerset<\/a>.<\/p>\n<p>&nbsp;<\/p>\n<h3><b>Trung t\u00e2m kh\u1ee7ng ho\u1ea3ng cu\u1ed9c s\u1ed1ng<\/b><\/h3>\n<p><a href=\"https:\/\/www.lifecrisiscenter.org\/\" target=\"_blank\" rel=\"noopener\">Trung t\u00e2m kh\u1ee7ng ho\u1ea3ng cu\u1ed9c s\u1ed1ng<\/a>, l\u00e0 m\u1ed9t ph\u1ea7n c\u1ee7a m\u1ea1ng l\u01b0\u1edbi trung t\u00e2m cu\u1ed9c g\u1ecdi 211, h\u1ed7 tr\u1ee3 c\u00e1c nhu c\u1ea7u v\u1ec1 s\u1ee9c kh\u1ecfe t\u00e2m th\u1ea7n \u1edf Qu\u1eadn Somerset v\u00e0 c\u00e1c c\u1ed9ng \u0111\u1ed3ng xung quanh.<\/p>\n<p>H\u1ecd cung c\u1ea5p c\u00e1c ch\u01b0\u01a1ng tr\u00ecnh can thi\u1ec7p kh\u1ee7ng ho\u1ea3ng v\u00e0 ph\u00f2ng ch\u1ed1ng b\u1ea1o l\u1ef1c cho n\u1ea1n nh\u00e2n b\u1ea1o l\u1ef1c gia \u0111\u00ecnh, t\u1ea5n c\u00f4ng t\u00ecnh d\u1ee5c v\u00e0 l\u1ea1m d\u1ee5ng tr\u1ebb em. C\u00e1c d\u1ecbch v\u1ee5 bao g\u1ed3m ng\u00f4i nh\u00e0 an to\u00e0n, qu\u1ea3n l\u00fd tr\u01b0\u1eddng h\u1ee3p chuy\u00ean s\u00e2u, th\u0103m vi\u1ebfng c\u00f3 gi\u00e1m s\u00e1t, t\u01b0 v\u1ea5n,\u00a0<a href=\"https:\/\/www.lifecrisiscenter.org\/services\/Legal-Services-and-Advocacy.htm\" target=\"_blank\" rel=\"noopener\">d\u1ecbch v\u1ee5 ph\u00e1p l\u00fd<\/a>, h\u1ed7 tr\u1ee3 n\u1ea1n nh\u00e2n, c\u00e1c nh\u00f3m b\u1ea1o h\u00e0nh v\u00e0 ti\u1ebfp c\u1eadn c\u1ed9ng \u0111\u1ed3ng. H\u1ecd ph\u1ee5c v\u1ee5 c\u00e1c qu\u1eadn Wicomico, Worcester v\u00e0 Somerset.<\/p>\n<p><a href=\"https:\/\/www.lifecrisiscenter.org\/services\/Counseling.htm\" target=\"_blank\" rel=\"noopener\">tr\u1ecb li\u1ec7u<\/a> \u0111\u01b0\u1ee3c cung c\u1ea5p mi\u1ec5n ph\u00ed cho c\u00e1c n\u1ea1n nh\u00e2n c\u1ee7a b\u1ea1o l\u1ef1c gia \u0111\u00ecnh, t\u1ea5n c\u00f4ng t\u00ecnh d\u1ee5c v\u00e0 l\u1ea1m d\u1ee5ng tr\u1ebb em. Li\u1ec7u ph\u00e1p c\u0169ng c\u00f3 s\u1eb5n cho c\u00e1c th\u00e0nh vi\u00ean gia \u0111\u00ecnh c\u00f2n s\u1ed1ng b\u1ecb \u1ea3nh h\u01b0\u1edfng b\u1edfi v\u1ee5 gi\u1ebft ng\u01b0\u1eddi \u1edf khu v\u1ef1c ba qu\u1eadn c\u1ee7a B\u1edd bi\u1ec3n ph\u00eda \u0110\u00f4ng Maryland.<\/p>\n<p>H\u00e3y g\u1ecdi ho\u1eb7c nh\u1eafn tin \u0111\u1ebfn s\u1ed1 988 n\u1ebfu b\u1ea1n c\u1ea7n h\u1ed7 tr\u1ee3 ngay l\u1eadp t\u1ee9c v\u1ec1 s\u1ee9c kh\u1ecfe t\u00e2m th\u1ea7n, \u00fd \u0111\u1ecbnh t\u1ef1 t\u1eed, tr\u1ea7m c\u1ea3m ho\u1eb7c l\u1ea1m d\u1ee5ng ch\u1ea5t g\u00e2y nghi\u1ec7n. B\u1ea1n c\u0169ng c\u00f3 th\u1ec3 <a href=\"https:\/\/search.988.mdinfonet.org\/\" target=\"_blank\" rel=\"noopener\">t\u00ecm ki\u1ebfm c\u00e1c nh\u00e0 cung c\u1ea5p d\u1ecbch v\u1ee5 s\u1ee9c kh\u1ecfe t\u00e2m th\u1ea7n kh\u00e1c<\/a> trong c\u01a1 s\u1edf d\u1eef li\u1ec7u t\u00e0i nguy\u00ean 988 do Maryland Information Network cung c\u1ea5p.<\/p>\n<h3><b>T\u00ecm ki\u1ebfm tr\u1ee3 gi\u00fap theo danh m\u1ee5c\u00a0<\/b><\/h3>\n<p>C\u1ea7n tr\u1ee3 gi\u00fap v\u1ec1 v\u1ea5n \u0111\u1ec1 kh\u00e1c? \u0110\u00e3 c\u00f3 ch\u00fang t\u00f4i h\u1ed7 tr\u1ee3 cho b\u1ea1n. Quay s\u1ed1 2-1-1 \u0111\u1ec3 n\u00f3i chuy\u1ec7n v\u1edbi ai \u0111\u00f3 ngay l\u1eadp t\u1ee9c. Ho\u1eb7c t\u00ecm ki\u1ebfm theo danh m\u1ee5c \u0111\u1ec3 t\u00ecm ngu\u1ed3n t\u00e0i nguy\u00ean g\u1ea7n b\u1ea1n \u1edf Qu\u1eadn Somerset.<\/p>\n\t\t<h4><a href=\"\/vi\/tai-nguyen\/lao-hoa-khuyet-tat\/?utm_source=Home&#038;utm_medium=Referral&#038;utm_campaign=211Resources&#038;utm_content=Aging\" target=\"_self\">L\u00e3o h\u00f3a &amp; Khuy\u1ebft t\u1eadt<\/a><\/h4>\n\t\t\t\t<a href=\"\/vi\/tai-nguyen\/lao-hoa-khuyet-tat\/?utm_source=Home&#038;utm_medium=Referral&#038;utm_campaign=211Resources&#038;utm_content=Aging\"  target=\"_self\" itemprop=\"url\">\n\t\t\t\t<img decoding=\"async\" src=\"https:\/\/211md.org\/wp-content\/uploads\/bb-plugin\/cache\/2025_MdInfoNet_Icon-Sets_Aging-disability-square-c466727102cae71e5f27b8539bb51945-.png\" alt=\"\" itemprop=\"image\" onerror=\"this.style.display='none'\" loading=\"lazy\" \/>\n\t\t\t\t<\/a>\n\t\t<h4><a href=\"\/vi\/tai-nguyen\/gia-dinh-tre-em\/?utm_source=Home&#038;utm_medium=Referral&#038;utm_campaign=211Resources&#038;utm_content=Children\" target=\"_self\">Tr\u1ebb em &amp; Gia \u0111\u00ecnh<\/a><\/h4>\n\t\t\t\t<a href=\"\/vi\/tai-nguyen\/gia-dinh-tre-em\/?utm_source=Home&#038;utm_medium=Referral&#038;utm_campaign=211Resources&#038;utm_content=Children\"  target=\"_self\" itemprop=\"url\">\n\t\t\t\t<img decoding=\"async\" src=\"https:\/\/211md.org\/wp-content\/uploads\/bb-plugin\/cache\/2025_211_Icon-Sets_Child-care-square-f3b0d4edab3dcc467fadb5f55f4064c6-.png\" alt=\"2025_211_B\u1ed9 bi\u1ec3u t\u01b0\u1ee3ng_Ch\u0103m s\u00f3c tr\u1ebb em\" itemprop=\"image\" height=\"417\" width=\"417\" title=\"2025_211_B\u1ed9 bi\u1ec3u t\u01b0\u1ee3ng_Ch\u0103m s\u00f3c tr\u1ebb em\" onerror=\"this.style.display='none'\" loading=\"lazy\" \/>\n\t\t\t\t<\/a>\n\t\t<h4><a href=\"\/vi\/tai-nguyen\/gia-dinh-bao-luc\/?utm_source=Home&#038;utm_medium=Referral&#038;utm_campaign=211Resources&#038;utm_content=Domestic\" target=\"_self\">B\u1ea1o l\u1ef1c gia \u0111\u00ecnh<\/a><\/h4>\n\t\t\t\t<a href=\"\/vi\/tai-nguyen\/gia-dinh-bao-luc\/?utm_source=Home&#038;utm_medium=Referral&#038;utm_campaign=211Resources&#038;utm_content=Domestic\"  target=\"_self\" itemprop=\"url\">\n\t\t\t\t<img decoding=\"async\" src=\"https:\/\/211md.org\/wp-content\/uploads\/bb-plugin\/cache\/2025_211_Icon-Sets_Domestic-Violence-square-7b597694a6f05fe90cdc376aa573bc63-.png\" alt=\"Bi\u1ec3u t\u01b0\u1ee3ng b\u1ea1o l\u1ef1c gia \u0111\u00ecnh\" itemprop=\"image\" height=\"417\" width=\"417\" title=\"2025_211_B\u1ed9 bi\u1ec3u t\u01b0\u1ee3ng_B\u1ea1o l\u1ef1c gia \u0111\u00ecnh\" onerror=\"this.style.display='none'\" loading=\"lazy\" \/>\n\t\t\t\t<\/a>\n\t\t<h4><a href=\"\/vi\/tai-nguyen\/tim-kiem-viec-lam\/?utm_source=Home&#038;utm_medium=Referral&#038;utm_campaign=211Resources&#038;utm_content=Employment\" target=\"_self\">Thu\u00ea ng\u01b0\u1eddi l\u00e0m<\/a><\/h4>\n\t\t\t\t<a href=\"\/vi\/tai-nguyen\/tim-kiem-viec-lam\/?utm_source=Home&#038;utm_medium=Referral&#038;utm_campaign=211Resources&#038;utm_content=Employment\"  target=\"_self\" itemprop=\"url\">\n\t\t\t\t<img decoding=\"async\" src=\"https:\/\/211md.org\/wp-content\/uploads\/bb-plugin\/cache\/2025_MdInfoNet_Icon-Sets_Employment-square-44707bd410e4df10a470bf130ebcea86-.png\" alt=\"\" itemprop=\"image\" onerror=\"this.style.display='none'\" loading=\"lazy\" \/>\n\t\t\t\t<\/a>\n\t\t<h4><a href=\"\/vi\/tai-nguyen\/cham-soc-suc-khoe\/?utm_source=Home&#038;utm_medium=Referral&#038;utm_campaign=211Resources&#038;utm_content=Health%20Care\" target=\"_self\">Ch\u0103m s\u00f3c s\u1ee9c kh\u1ecfe<\/a><\/h4>\n\t\t\t\t<a href=\"\/vi\/tai-nguyen\/cham-soc-suc-khoe\/?utm_source=Home&#038;utm_medium=Referral&#038;utm_campaign=211Resources&#038;utm_content=Health%20Care\"  target=\"_self\" itemprop=\"url\">\n\t\t\t\t<img decoding=\"async\" src=\"https:\/\/211md.org\/wp-content\/uploads\/bb-plugin\/cache\/2025_MdInfoNet_Icon-Sets_Health-Care-square-dee98a0060cbe0e7f27eda253fc12679-.png\" alt=\"\" itemprop=\"image\" onerror=\"this.style.display='none'\" loading=\"lazy\" \/>\n\t\t\t\t<\/a>\n\t\t<h4><a href=\"\/vi\/tai-nguyen\/gia-dinh-tre-em\/quan-he-ho-hang\/?utm_source=Home&#038;utm_medium=Referral&#038;utm_campaign=211Resources&#038;utm_content=Kinship\" target=\"_self\">h\u1ecd h\u00e0ng<\/a><\/h4>\n\t\t\t\t<a href=\"\/vi\/tai-nguyen\/gia-dinh-tre-em\/quan-he-ho-hang\/?utm_source=Home&#038;utm_medium=Referral&#038;utm_campaign=211Resources&#038;utm_content=Kinship\"  target=\"_self\" itemprop=\"url\">\n\t\t\t\t<img decoding=\"async\" src=\"https:\/\/211md.org\/wp-content\/uploads\/bb-plugin\/cache\/2025_211_Icon-Sets_Kinship-square-45bdf872866f5735f842c32071109267-.png\" alt=\"Bi\u1ec3u t\u01b0\u1ee3ng h\u1ecd h\u00e0ng\" itemprop=\"image\" height=\"417\" width=\"417\" title=\"2025_211_B\u1ed9 bi\u1ec3u t\u01b0\u1ee3ng_Quan h\u1ec7 h\u1ecd h\u00e0ng\" onerror=\"this.style.display='none'\" loading=\"lazy\" \/>\n\t\t\t\t<\/a>\n\t\t<h4><a href=\"\/vi\/tai-nguyen\/dich-vu-phap-ly\/?utm_source=Home&#038;utm_medium=Referral&#038;utm_campaign=211Resources&#038;utm_content=Legal\" target=\"_self\">D\u1ecbch v\u1ee5 ph\u00e1p l\u00fd<\/a><\/h4>\n\t\t\t\t<a href=\"\/vi\/tai-nguyen\/dich-vu-phap-ly\/?utm_source=Home&#038;utm_medium=Referral&#038;utm_campaign=211Resources&#038;utm_content=Legal\"  target=\"_self\" itemprop=\"url\">\n\t\t\t\t<img decoding=\"async\" src=\"https:\/\/211md.org\/wp-content\/uploads\/bb-plugin\/cache\/2025_MdInfoNet_Icon-Sets_Legal-square-18fdf438feb8435588174d9046463257-.png\" alt=\"\" itemprop=\"image\" onerror=\"this.style.display='none'\" loading=\"lazy\" \/>\n\t\t\t\t<\/a>\n\t\t<h4><a href=\"\/vi\/tai-nguyen\/suc-khoe-tinh-than\/?utm_source=Home&#038;utm_medium=Referral&#038;utm_campaign=211Resources&#038;utm_content=Mental\" target=\"_self\">S\u1ee9c kh\u1ecfe tinh th\u1ea7n<\/a><\/h4>\n\t\t\t\t<a href=\"\/vi\/tai-nguyen\/suc-khoe-tinh-than\/?utm_source=Home&#038;utm_medium=Referral&#038;utm_campaign=211Resources&#038;utm_content=Mental\"  target=\"_self\" itemprop=\"url\">\n\t\t\t\t<img decoding=\"async\" src=\"https:\/\/211md.org\/wp-content\/uploads\/bb-plugin\/cache\/2025_MdInfoNet_Icon-Sets_Mental-Health-square-c59b38c4a993a947d4c9280fbe2d2fee-.png\" alt=\"\" itemprop=\"image\" onerror=\"this.style.display='none'\" loading=\"lazy\" \/>\n\t\t\t\t<\/a>\n\t\t<h4><a href=\"\/vi\/tai-nguyen\/mdreentry\/?utm_source=Home&#038;utm_medium=Referral&#038;utm_campaign=211Resources&#038;utm_content=Reentry\" target=\"_self\">V\u00e0o l\u1ea1i<\/a><\/h4>\n\t\t\t\t<a href=\"\/vi\/tai-nguyen\/mdreentry\/?utm_source=Home&#038;utm_medium=Referral&#038;utm_campaign=211Resources&#038;utm_content=Reentry\"  target=\"_self\" itemprop=\"url\">\n\t\t\t\t<img decoding=\"async\" src=\"https:\/\/211md.org\/wp-content\/uploads\/bb-plugin\/cache\/2025_211_Icon-Sets_Reentry-square-8676fea38abd920a832f45642fe31cca-.png\" alt=\"Bi\u1ec3u t\u01b0\u1ee3ng nh\u1eadp l\u1ea1i\" itemprop=\"image\" height=\"417\" width=\"417\" title=\"2025_211_B\u1ed9 bi\u1ec3u t\u01b0\u1ee3ng_Nh\u1eadp l\u1ea1i\" onerror=\"this.style.display='none'\" loading=\"lazy\" \/>\n\t\t\t\t<\/a>\n\t\t<h4><a href=\"\/vi\/tai-nguyen\/su-dung-chat-kich-thich\/?utm_source=Home&#038;utm_medium=Referral&#038;utm_campaign=211Resources&#038;utm_content=Substance\" target=\"_self\">S\u1eed d\u1ee5ng ch\u1ea5t k\u00edch th\u00edch<\/a><\/h4>\n\t\t\t\t<a href=\"\/vi\/tai-nguyen\/su-dung-chat-kich-thich\/?utm_source=Home&#038;utm_medium=Referral&#038;utm_campaign=211Resources&#038;utm_content=Substance\"  target=\"_self\" itemprop=\"url\">\n\t\t\t\t<img decoding=\"async\" src=\"https:\/\/211md.org\/wp-content\/uploads\/bb-plugin\/cache\/2025_MdInfoNet_Icon-Sets_Substance-Abuse-square-9022fec9d18a64118ad685c101885b55-.png\" alt=\"\" itemprop=\"image\" onerror=\"this.style.display='none'\" loading=\"lazy\" \/>\n\t\t\t\t<\/a>\n\t\t<h4><a href=\"\/vi\/tai-nguyen\/cuu-chien-binh\/?utm_source=Home&#038;utm_medium=Referral&#038;utm_campaign=211Resources&#038;utm_content=Veterans\" target=\"_self\">c\u1ef1u chi\u1ebfn binh<\/a><\/h4>\n\t\t\t\t<a href=\"\/vi\/tai-nguyen\/cuu-chien-binh\/?utm_source=Home&#038;utm_medium=Referral&#038;utm_campaign=211Resources&#038;utm_content=Veterans\"  target=\"_self\" itemprop=\"url\">\n\t\t\t\t<img decoding=\"async\" src=\"https:\/\/211md.org\/wp-content\/uploads\/bb-plugin\/cache\/2025_MdInfoNet_Icon-Sets_Rating-square-6e60d00cce4faa8e0a6d4ad7366aa733-.png\" alt=\"\" itemprop=\"image\" onerror=\"this.style.display='none'\" loading=\"lazy\" \/>\n\t\t\t\t<\/a>","protected":false},"excerpt":{"rendered":"<p>Help is available in Somerset County. Search the 211 database for resources in Princess Anne, Crisfield, Westover, Deal Island, Marion and other Somerset County communities. You can also dial 2-1-1 any time of day or night. We&#8217;ve also put together this resource list with commonly referred to agencies. Support For Essential Needs SHORE UP!\u00a0in Princess&hellip;<\/p>","protected":false},"author":8,"featured_media":0,"parent":750,"menu_order":0,"comment_status":"closed","ping_status":"closed","template":"","meta":{"footnotes":""},"class_list":["post-1685","page","type-page","status-publish","hentry"],"_links":{"self":[{"href":"https:\/\/211md.org\/vi\/wp-json\/wp\/v2\/pages\/1685","targetHints":{"allow":["GET"]}}],"collection":[{"href":"https:\/\/211md.org\/vi\/wp-json\/wp\/v2\/pages"}],"about":[{"href":"https:\/\/211md.org\/vi\/wp-json\/wp\/v2\/types\/page"}],"author":[{"embeddable":true,"href":"https:\/\/211md.org\/vi\/wp-json\/wp\/v2\/users\/8"}],"replies":[{"embeddable":true,"href":"https:\/\/211md.org\/vi\/wp-json\/wp\/v2\/comments?post=1685"}],"version-history":[{"count":3,"href":"https:\/\/211md.org\/vi\/wp-json\/wp\/v2\/pages\/1685\/revisions"}],"predecessor-version":[{"id":34092,"href":"https:\/\/211md.org\/vi\/wp-json\/wp\/v2\/pages\/1685\/revisions\/34092"}],"up":[{"embeddable":true,"href":"https:\/\/211md.org\/vi\/wp-json\/wp\/v2\/pages\/750"}],"wp:attachment":[{"href":"https:\/\/211md.org\/vi\/wp-json\/wp\/v2\/media?parent=1685"}],"curies":[{"name":"wp","href":"https:\/\/api.w.org\/{rel}","templated":true}]}}