{"id":1688,"date":"2021-05-12T00:23:17","date_gmt":"2021-05-12T00:23:17","guid":{"rendered":"https:\/\/211md.org\/?page_id=1688"},"modified":"2025-11-07T06:55:17","modified_gmt":"2025-11-07T11:55:17","slug":"quan-talbot","status":"publish","type":"page","link":"https:\/\/211md.org\/vi\/resources-by-county\/talbot-county\/","title":{"rendered":"Qu\u1eadn Talbot"},"content":{"rendered":"<h2><a href=\"https:\/\/search.211md.org\/\" target=\"_blank\"  rel=\"noopener\">T\u00ecm t\u00e0i nguy\u00ean g\u1ea7n t\u00f4i<\/a><\/h2>\n\t\t\t<a href=\"https:\/\/search.211md.org\/\" target=\"_blank\" rel=\"noopener\">\n\t\t\t\t\t\t\tT\u00ecm ki\u1ebfm ngay b\u00e2y gi\u1edd\n\t\t\t<\/a>\n\t<p><strong><a href=\"\/vi\/tham-gia-co-so-du-lieu-cua-chung-toi\/\">Th\u00eam c\u01a1 quan ho\u1eb7c t\u1ed5 ch\u1ee9c c\u1ee7a b\u1ea1n v\u00e0o c\u01a1 s\u1edf d\u1eef li\u1ec7u t\u00e0i nguy\u00ean c\u1ee7a ch\u00fang t\u00f4i.<\/a><\/strong><\/p>\n<p>211 c\u00f3 th\u1ec3 k\u1ebft n\u1ed1i b\u1ea1n v\u1edbi c\u00e1c ngu\u1ed3n tr\u1ee3 gi\u00fap \u1edf Qu\u1eadn Talbot. Cho d\u00f9 b\u1ea1n s\u1ed1ng \u1edf Easton, Trappe, Wye Mills, Wye Landing, Saint Michaels hay c\u1ed9ng \u0111\u1ed3ng kh\u00e1c, lu\u00f4n c\u00f3 s\u1eb5n tr\u1ee3 gi\u00fap.<\/p>\n<p>T\u00ecm ki\u1ebfm c\u00e1c ngu\u1ed3n th\u00f4ng tin \u1edf tr\u00ean ho\u1eb7c g\u1ecdi 211 \u0111\u1ec3 n\u00f3i chuy\u1ec7n v\u1edbi Chuy\u00ean gia th\u00f4ng tin v\u00e0 gi\u1edbi thi\u1ec7u t\u1eadn t\u00e2m v\u00e0 chu \u0111\u00e1o.<\/p>\n\t\t<h2>\t\n\tQuay s\u1ed1 211<\/h2><p>K\u1ebft n\u1ed1i v\u1edbi c\u00e1c ngu\u1ed3n l\u1ef1c c\u1ed9ng \u0111\u1ed3ng v\u00e0 h\u1ed7 tr\u1ee3 24\/7\/365.<\/p>\n\t<h2>Talbot County Food<\/h2>\n<p>In Talbot County, there&#8217;s a mobile mini grocery store that brings low-cost groceries like fresh produce and prepared meals to <a href=\"https:\/\/www.carolineculinaryarts.org\/shogo-mobile\" target=\"_blank\" rel=\"noopener\">planned stops<\/a> throughout Talbot, Caroline, and Dorchester Counties.<\/p>\n<h3>t\u1ee7 \u0111\u1ef1ng th\u1ee9c \u0103n<\/h3>\n<p>N\u1ebfu b\u1ea1n c\u1ea7n th\u1ee9c \u0103n,\u00a0<a href=\"https:\/\/search.211md.org\/search?query=BD-1800.2000&amp;query_type=taxonomy&amp;query_label=&amp;query_language=en\" target=\"_blank\" rel=\"noopener\">t\u00ecm ki\u1ebfm t\u1ee7 \u0111\u1ef1ng th\u1ee9c \u0103n<\/a> g\u1ea7n b\u1ea1n \u1edf Qu\u1eadn Talbot. C\u01a1 s\u1edf d\u1eef li\u1ec7u t\u00e0i nguy\u00ean to\u00e0n ti\u1ec3u bang c\u1ee7a ch\u00fang t\u00f4i c\u00f3 m\u1ed9t s\u1ed1 t\u00e0i nguy\u00ean \u0111\u1ecba ph\u01b0\u01a1ng.<\/p>\n<p><a href=\"https:\/\/healthytalbot.org\/about\/talbot-county-hunger-coalition\/\" target=\"_blank\" rel=\"noopener\">Li\u00ean minh ch\u1ed1ng \u0111\u00f3i c\u1ee7a h\u1ea1t Talbot<\/a> c\u0169ng c\u00f3 c\u00e1c kho th\u1ef1c ph\u1ea9m \u0111\u1ecba ph\u01b0\u01a1ng \u1edf Easton, Royal Oak, St. Michaels, Wittman v\u00e0 Tilghman. Ngo\u00e0i ra c\u00f2n c\u00f3 \u0111\u01b0\u1eddng d\u00e2y h\u1ed7 tr\u1ee3 d\u00e0nh cho nh\u1eefng ng\u01b0\u1eddi kh\u00f4ng th\u1ec3 t\u00ecm th\u1ea5y ngu\u1ed3n th\u1ef1c ph\u1ea9m c\u1ea7n thi\u1ebft.<\/p>\n<p>B\u1ea1n s\u1ed1ng \u1edf khu v\u1ef1c n\u00e0o? Nh\u1ea5p v\u00e0o th\u00e0nh ph\u1ed1 \u0111\u00f3 \u0111\u1ec3 t\u00ecm kho th\u1ef1c ph\u1ea9m trong khu v\u1ef1c c\u1ee7a b\u1ea1n.<\/p>\n<ul>\n<li><a href=\"#Easton\">Easton<\/a><\/li>\n<li><a href=\"#Trappe\">c\u00e1i b\u1eaby<\/a><\/li>\n<li><a href=\"#Bay\">Khu v\u1ef1c V\u1ecbnh Tr\u0103m<\/a><\/li>\n<li><a href=\"#Wye\">Nh\u00e0 m\u00e1y Wye<\/a><\/li>\n<\/ul>\n\t\t\t\t<img decoding=\"async\" src=\"http:\/\/211md.org\/wp-content\/uploads\/2023\/11\/food-pantry-distribution.jpg\" alt=\"h\u1ed9p th\u1ee9c \u0103n t\u1eeb ph\u00f2ng \u0111\u1ef1ng th\u1ee9c \u0103n ph\u00e2n ph\u1ed1i\" itemprop=\"image\" title=\"ph\u00e2n ph\u1ed1i kho th\u1ef1c ph\u1ea9m\" onerror=\"this.style.display='none'\" loading=\"lazy\" \/>\n\t<h3>Easton<\/h3>\n\t\t<h3>Trung t\u00e2m d\u1ecbch v\u1ee5 khu ph\u1ed1<\/h3><p>126 Ph\u1ed1 C\u1ea3ng<\/p>\n<p>410-822-5015<\/p>\n<p>\u0110i v\u00e0o s\u1ea3nh \u0111\u1ec3 l\u1ea5y m\u1eabu \u0111\u01a1n.<\/p>\n<p>&nbsp;<\/p>\n<p><strong>Th\u1ee9 Hai-Th\u1ee9 S\u00e1u 9 gi\u1edd s\u00e1ng \u0111\u1ebfn 12 gi\u1edd tr\u01b0a &amp; 1 gi\u1edd 30-4 gi\u1edd chi\u1ec1u<\/strong><\/p>\n\t<iframe src=\"https:\/\/www.google.com\/maps\/embed\/v1\/place?q=126+Port+Street%0AEaston%2C+MD+21601&#038;key=AIzaSyD09zQ9PNDNNy9TadMuzRV_UsPUoWKntt8\" aria-hidden=\"true\" title=\"Ph\u00f2ng \u0111\u1ef1ng th\u1ee9c \u0103n c\u1ee7a Trung t\u00e2m D\u1ecbch v\u1ee5 Khu ph\u1ed1 \u1edf Easton\"><\/iframe>\n\t\t<h3>Th\u00e1nh Vincent de Paul<\/h3><p>29533 \u1ed4 \u0111\u0129a Canvasback<\/p>\n<p>410-770-4505<\/p>\n<p><a href=\"https:\/\/svdpeastonmd.org\/\" target=\"_blank\" rel=\"noopener\">T\u00ecm hi\u1ec3u th\u00eam<\/a><\/p>\n<p>&nbsp;<\/p>\n<p><strong>Th\u1ee9 Ba 1-4 gi\u1edd chi\u1ec1u, Th\u1ee9 B\u1ea3y 9 gi\u1edd s\u00e1ng \u2013 12 gi\u1edd tr\u01b0a<\/strong><\/p>\n\t<iframe src=\"https:\/\/www.google.com\/maps\/embed\/v1\/place?q=29533+Canvasback+Drive%0AEaston%2C+MD+21601&#038;key=AIzaSyD09zQ9PNDNNy9TadMuzRV_UsPUoWKntt8\" aria-hidden=\"true\" title=\"Th\u00e1nh Vincent de Paul\"><\/iframe>\n\t\t<h3>G\u1eb7t h\u00e1i hy v\u1ecdng \u2013 H\u1ed9i Th\u00e1nh c\u1ee7a \u0110\u1ee9c Ch\u00faa Tr\u1eddi<\/h3><p>1009 N. Ph\u1ed1 Washington<\/p>\n<p>410-822-3088<\/p>\n<p>&nbsp;<\/p>\n<strong>Th\u1ee9 N\u0103m 12-1:30 chi\u1ec1u<br \/>\nH\u00e3y g\u1ecdi cho cu\u1ed9c s\u1ed1ng n\u1ebfu b\u1ea1n c\u00f3 nhu c\u1ea7u kh\u1ea9n c\u1ea5p v\u00e0o m\u1ed9t ng\u00e0y kh\u00e1c.<\/strong>\n<p>&nbsp;<\/p>\n\t<iframe src=\"https:\/\/www.google.com\/maps\/embed\/v1\/place?q=1009+N.+Washington+Street%0AEaston%2C+MD+21601&#038;key=AIzaSyD09zQ9PNDNNy9TadMuzRV_UsPUoWKntt8\" aria-hidden=\"true\" title=\"Thu ho\u1ea1ch hy v\u1ecdng\"><\/iframe>\n\t\t<h3>Ph\u00f2ng \u0111\u1ef1ng th\u1ee9c \u0103n c\u1ee7a St. Mark t\u1ea1i Trung t\u00e2m Ng\u01b0\u1eddi cao tu\u1ed5i Brookletts<\/h3><p>400 \u0110\u1ea1i l\u1ed9 Brookletts<\/p>\n<p>410-822-2869<\/p>\n<p>&nbsp;<\/p>\n<b>Th\u1ee9 s\u00e1u 9-11 gi\u1edd s\u00e1ng<br \/>\nC\u00e1c b\u1eefa \u0103n c\u00f3 s\u1eb5n v\u00e0o Th\u1ee9 Hai, Th\u1ee9 T\u01b0 v\u00e0 Th\u1ee9 S\u00e1u<\/b>\n<p>&nbsp;<\/p>\n\t<iframe src=\"https:\/\/www.google.com\/maps\/embed\/v1\/place?q=400+Brookletts+Avenue%0AEaston%2C+MD+21601&#038;key=AIzaSyD09zQ9PNDNNy9TadMuzRV_UsPUoWKntt8\" aria-hidden=\"true\" title=\"Ph\u00f2ng \u0111\u1ef1ng th\u1ee9c \u0103n c\u1ee7a Th\u00e1nh Mark\"><\/iframe>\n\t<h3>Trappe, MD<\/h3>\n\t\t<h3>Nh\u00e0 th\u1edd Gi\u00e1m l\u00fd Th\u1ed1ng nh\u1ea5t c\u1ee7a Scott<\/h3><p>3748 \u0110\u01b0\u1eddng Ch\u00ednh<\/p>\n<p>410-476-3980<\/p>\n<p>&nbsp;<\/p>\n<b>Th\u1ee9 N\u0103m tu\u1ea7n th\u1ee9 4 trong th\u00e1ng l\u00fac 8:30 s\u00e1ng<br \/>\n(Ng\u00e0y c\u00f3 th\u1ec3 thay \u0111\u1ed5i)<\/b>\n<p>&nbsp;<\/p>\n\t<iframe src=\"https:\/\/www.google.com\/maps\/embed\/v1\/place?q=3748+Main+Street%0ATrappe%2C+MD+21673%0A&#038;key=AIzaSyD09zQ9PNDNNy9TadMuzRV_UsPUoWKntt8\" aria-hidden=\"true\" title=\"Nh\u00e0 th\u1edd Gi\u00e1m l\u00fd Th\u1ed1ng nh\u1ea5t c\u1ee7a Scott\"><\/iframe>\n\t<h3>Khu v\u1ef1c V\u1ecbnh Tr\u0103m<\/h3>\n\t\t<h3>Royal Oak United Methodist<\/h3><p>6968 \u0110\u01b0\u1eddng Bellevue<\/p>\n<p>Royal Oak, MD<\/p>\n<p>&nbsp;<\/p>\n<p>&nbsp;<\/p>\n<b>24\/7<br \/>\n<\/b><b>Kh\u00f4ng ng\u01b0\u1eddi l\u00e1i b\u00ean trong<\/b>\n\t<iframe src=\"https:\/\/www.google.com\/maps\/embed\/v1\/place?q=6968+Bellevue+Road%0ARoyal+Oak%2C+MD+21662&#038;key=AIzaSyD09zQ9PNDNNy9TadMuzRV_UsPUoWKntt8\" aria-hidden=\"true\" title=\"Royal Oak United Methodist\"><\/iframe>\n\t\t<h3>Trung t\u00e2m c\u1ed9ng \u0111\u1ed3ng St. Michaels<\/h3><p>207 N. Ph\u1ed1 Talbot<\/p>\n<p>Th\u00e1nh Michaels, MD<\/p>\n<p>&nbsp;<\/p>\n<p><b>Th\u1ee9 Hai 3-5 gi\u1edd chi\u1ec1u | Th\u1ee9 T\u01b0 1:30-3:30 chi\u1ec1u | Th\u1ee9 s\u00e1u 12-3 gi\u1edd chi\u1ec1u<\/b><\/p>\n<p><strong>C\u00e1c b\u1eefa \u0103n c\u0169ng c\u00f3 s\u1eb5n v\u00e0o nh\u1eefng ng\u00e0y n\u00e0y<\/strong><\/p>\n\t<iframe src=\"https:\/\/www.google.com\/maps\/embed\/v1\/place?q=207+N.+Talbot+Street%0ASt.+Michael%27s%2C+MD+21663&#038;key=AIzaSyD09zQ9PNDNNy9TadMuzRV_UsPUoWKntt8\" aria-hidden=\"true\" title=\"Trung t\u00e2m c\u1ed9ng \u0111\u1ed3ng St. Michaels\"><\/iframe>\n\t\t<h3>Ph\u00f2ng \u0111\u1ef1ng th\u1ee9c \u0103n Tilghman<\/h3><p>5731 \u0110\u01b0\u1eddng \u0110\u1ea3o Tilghman<\/p>\n<p>Tilghman, MD<\/p>\n<p>410-886-9863<\/p>\n<p>&nbsp;<\/p>\n<p><b>Th\u1ee9 T\u01b0 3-4:30 chi\u1ec1u<\/b><\/p>\n<p><strong>H\u00e3y g\u1ecdi n\u1ebfu b\u1ea1n c\u1ea7n truy c\u1eadp v\u00e0o l\u00fac kh\u00e1c.<\/strong><\/p>\n\t<iframe src=\"https:\/\/www.google.com\/maps\/embed\/v1\/place?q=5731+Tilghman+Island+Road%0ATilghman%2C+MD+21671&#038;key=AIzaSyD09zQ9PNDNNy9TadMuzRV_UsPUoWKntt8\" aria-hidden=\"true\" title=\"Ph\u00f2ng \u0111\u1ef1ng th\u1ee9c \u0103n Tilghman\"><\/iframe>\n\t<h3>Nh\u00e0 m\u00e1y Wye<\/h3>\n\t\t<h3>G\u00f3c Ch\u0103m s\u00f3c \u2013 Cao \u0111\u1eb3ng Chesapeake<\/h3><p>V\u00f2ng tr\u00f2n \u0111\u1ea1i h\u1ecdc 1000<\/p>\n<p>Wye Mills, MD<\/p>\n<p>T\u00f2a nh\u00e0 trung t\u00e2m Caroline<\/p>\n<p>&nbsp;<\/p>\n<p><b>Th\u1ee9 Hai-Th\u1ee9 S\u00e1u, 8:30 s\u00e1ng - 4:30 chi\u1ec1u<\/b><\/p>\n\t<iframe src=\"https:\/\/www.google.com\/maps\/embed\/v1\/place?q=1000+College+Circle%0AWye+Mills%2C+MD+21678&#038;key=AIzaSyD09zQ9PNDNNy9TadMuzRV_UsPUoWKntt8\" aria-hidden=\"true\" title=\"G\u00f3c ch\u0103m s\u00f3c th\u1ef1c ph\u1ea9m\"><\/iframe>\n\t<p>N\u1ebfu b\u1ea1n c\u1ea7n c\u00e1c ngu\u1ed3n l\u1ef1c li\u00ean quan \u0111\u1ebfn th\u1ef1c ph\u1ea9m kh\u00e1c nh\u01b0 <a href=\"https:\/\/211md.org\/vi\/tai-nguyen\/do-an\/tem-phieu-thuc-pham\/\">c\u00e1ch n\u1ed9p \u0111\u01a1n xin phi\u1ebfu th\u1ef1c ph\u1ea9m<\/a> ho\u1eb7c c\u00e1c ngu\u1ed3n th\u1ef1c ph\u1ea9m kh\u00e1c, h\u00e3y l\u1ea5y th\u00f4ng tin v\u1ec1 <a href=\"https:\/\/211md.org\/vi\/tai-nguyen\/do-an\/\">trang \u1ea9m th\u1ef1c c\u1ee7a 211<\/a>.<\/p>\n<h2>Nhu c\u1ea7u thi\u1ebft y\u1ebfu<\/h2>\n<p>Ngo\u00e0i th\u1ef1c ph\u1ea9m, c\u00e1c <strong><a href=\"https:\/\/www.nsctalbotmd.org\/programs\" target=\"_blank\" rel=\"noopener\">Trung t\u00e2m d\u1ecbch v\u1ee5 khu ph\u1ed1<\/a><\/strong> \u1edf Easton cung c\u1ea5p ch\u01b0\u01a1ng tr\u00ecnh tr\u1ee3 c\u1ea5p ti\u1ec1n thu\u00ea nh\u00e0 (RAP), n\u01a1i t\u1ea1m tr\u00fa t\u1ea1m th\u1eddi cho ng\u01b0\u1eddi v\u00f4 gia c\u01b0, \u0111\u1ed3 gia d\u1ee5ng v\u00e0 qu\u1ea7n \u00e1o c\u0169ng nh\u01b0 c\u00e1c d\u1ecbch v\u1ee5 kh\u1ea9n c\u1ea5p cho nh\u1eefng ng\u01b0\u1eddi ph\u1ea3i \u0111\u1ed1i m\u1eb7t v\u1edbi vi\u1ec7c b\u1ecb tr\u1ee5c xu\u1ea5t ho\u1eb7c ng\u1eebng cung c\u1ea5p d\u1ecbch v\u1ee5 ti\u1ec7n \u00edch \u1edf Qu\u1eadn Talbot.<\/p>\n<p>Khi c\u00f3 kinh ph\u00ed, ch\u01b0\u01a1ng tr\u00ecnh d\u1ecbch v\u1ee5 c\u1ea5p c\u1ee9u c\u0169ng c\u00f3 th\u1ec3 tr\u1ee3 gi\u00fap v\u1ec1 thu\u1ed1c theo toa v\u00e0 c\u00e1c tr\u01b0\u1eddng h\u1ee3p kh\u1ea9n c\u1ea5p kh\u00e1c.<\/p>\n<h2>Kh\u00e1m s\u1ee9c kh\u1ecfe<\/h2>\n<p>S\u1edf Y t\u1ebf Qu\u1eadn Talbot c\u00f3 th\u1ec3 gi\u00fap c\u00e1c c\u00e1 nh\u00e2n v\u00e0 gia \u0111\u00ecnh ki\u1ec3m tra s\u1ee9c kh\u1ecfe, ti\u00eam v\u1eafc xin v\u00e0 h\u01a1n th\u1ebf n\u1eefa. T\u00ecm hi\u1ec3u v\u1ec1 <a href=\"https:\/\/talbothealth.org\/\" target=\"_blank\" rel=\"noopener\">ch\u01b0\u01a1ng tr\u00ecnh y t\u1ebf hi\u1ec7n c\u00f3<\/a>.<\/p>\n<p>Li\u00ean minh C\u1ea3i thi\u1ec7n S\u1ee9c kh\u1ecfe Mid Shore \u0111ang n\u1ed7 l\u1ef1c ng\u0103n ng\u1eeba b\u1ec7nh ti\u1ec3u \u0111\u01b0\u1eddng v\u00e0 ti\u1ec1n ti\u1ec3u \u0111\u01b0\u1eddng. C\u1ee9 3 ng\u01b0\u1eddi tr\u01b0\u1edfng th\u00e0nh th\u00ec c\u00f3 1 ng\u01b0\u1eddi m\u1eafc b\u1ec7nh ti\u1ec1n ti\u1ec3u \u0111\u01b0\u1eddng nh\u01b0ng h\u1ea7u h\u1ebft \u0111\u1ec1u kh\u00f4ng bi\u1ebft. <a href=\"https:\/\/www.midshorehealth.org\/diabetesrisk\" target=\"_blank\" rel=\"noopener\">L\u00e0m b\u00e0i ki\u1ec3m tra<\/a> t\u1eeb Li\u00ean minh C\u1ea3i thi\u1ec7n S\u1ee9c kh\u1ecfe Mid Shore \u0111\u1ec3 t\u00ecm hi\u1ec3u xem b\u1ea1n c\u00f3 g\u1eb7p nguy hi\u1ec3m hay kh\u00f4ng.<\/p>\n<h2>H\u00f2a gi\u1ea3i v\u00e0 h\u1ed7 tr\u1ee3 ph\u00e1p l\u00fd<\/h2>\n<p>N\u1ebfu b\u1ea1n \u0111ang g\u1eb7p v\u1ea5n \u0111\u1ec1 v\u1edbi ch\u1ee7 nh\u00e0, b\u1ea1n c\u00f9ng ph\u00f2ng ho\u1eb7c h\u00e0ng x\u00f3m, k\u1ebf ho\u1ea1ch nu\u00f4i d\u1ea1y con c\u00e1i\/th\u1ecfa thu\u1eadn quy\u1ec1n nu\u00f4i con, ch\u0103m s\u00f3c ng\u01b0\u1eddi gi\u00e0, v\u1ea5n \u0111\u1ec1 vi\u1ec7c l\u00e0m, v\u1ee5 ki\u1ec7n nh\u1ecf ho\u1eb7c t\u00ecnh hu\u1ed1ng kh\u00e1c c\u00f3 th\u1ec3 \u0111\u01b0\u1ee3c h\u01b0\u1edfng l\u1ee3i t\u1eeb h\u00f2a gi\u1ea3i, h\u00e3y li\u00ean h\u1ec7 v\u1edbi c\u01a1 quan h\u00f2a gi\u1ea3i.\u00a0<strong><a href=\"https:\/\/midshoremediation.org\/mediation\/\" target=\"_blank\" rel=\"noopener\">Trung t\u00e2m h\u00f2a gi\u1ea3i Mid Shore<\/a>.\u00a0<\/strong><\/p>\n<p>Vi\u1ec7c h\u00f2a gi\u1ea3i t\u1ef1 nguy\u1ec7n, b\u00ed m\u1eadt, kh\u00f4ng ph\u00e1n x\u00e9t c\u00f3 th\u1ec3 gi\u00fap gi\u1ea3i quy\u1ebft xung \u0111\u1ed9t. D\u1ecbch v\u1ee5 n\u00e0y \u0111\u01b0\u1ee3c cung c\u1ea5p mi\u1ec5n ph\u00ed t\u1ea1i c\u00e1c \u0111\u1ecba \u0111i\u1ec3m \u1edf c\u00e1c qu\u1eadn Dorchester, Talbot v\u00e0 Caroline.<\/p>\n<p>\u0110\u1ec3 \u0111\u01b0\u1ee3c tr\u1ee3 gi\u00fap ph\u00e1p l\u00fd,\u00a0<strong><a href=\"https:\/\/midshoreprobono.org\/how-we-help\/\" target=\"_blank\" rel=\"noopener\">Mid-Shore Pro Bono<\/a><\/strong>\u00a0c\u00f3 th\u1ec3 \u0111\u01b0a ra m\u1ed9t gi\u1ea3i ph\u00e1p. H\u1ecd gi\u00fap c\u01b0 d\u00e2n Eastern Shore v\u1ec1 quy\u1ec1n gi\u00e1m h\u1ed9 c\u1ee7a ng\u01b0\u1eddi l\u1edbn, ly h\u00f4n, t\u1ecbch thu t\u00e0i s\u1ea3n, ly th\u00e2n h\u1ee3p ph\u00e1p, gi\u1ea5y \u1ee7y quy\u1ec1n, quy\u1ec1n nu\u00f4i con, ph\u00e1 s\u1ea3n v\u00e0 c\u00e1c tranh ch\u1ea5p ph\u00e1p l\u00fd kh\u00e1c. H\u1ecd t\u00ednh ph\u00ed m\u1ed9t l\u1ea7n l\u00e0 $25 \u0111\u1ec3 x\u1eed l\u00fd \u0111\u01a1n \u0111\u0103ng k\u00fd. B\u1ea1n c\u00f3 th\u1ec3 y\u00eau c\u1ea7u mi\u1ec5n kho\u1ea3n ph\u00ed n\u00e0y. H\u1ecd \u0111\u01b0\u1ee3c \u0111\u1eb7t t\u1ea1i Easton v\u1edbi c\u00e1c v\u0103n ph\u00f2ng v\u1ec7 tinh \u1edf Chestertown v\u00e0 Salisbury.<\/p>\n\t\t\t\t<img decoding=\"async\" src=\"http:\/\/211md.org\/wp-content\/uploads\/2024\/01\/Whats-the-211-hon.jpg\" alt=\"L\u1eddi nh\u1eafc nh\u1eafn tin 211 Hon l\u00e0 g\u00ec\" itemprop=\"image\" title=\"211 l\u00e0 g\u00ec v\u1eady em?\" onerror=\"this.style.display='none'\" loading=\"lazy\" \/>\n\t<h2>T\u00e0i nguy\u00ean c\u1ee7a Qu\u1eadn Talbot<\/h2>\n<p>T\u00ecm hi\u1ec3u v\u1ec1 <a href=\"https:\/\/211md.org\/vi\/whats-the-211\/\">211 l\u00e0 g\u00ec v\u1eady, th\u01b0a c\u00f4?<\/a> \u2013 m\u1ed9t n\u1ed7 l\u1ef1c c\u1ea5p c\u01a1 s\u1edf nh\u1eb1m n\u00e2ng cao nh\u1eadn th\u1ee9c v\u1ec1 c\u00e1ch 211 c\u00f3 th\u1ec3 gi\u00fap c\u01b0 d\u00e2n Qu\u1eadn Talbot t\u00ecm th\u1ea5y c\u00e1c ngu\u1ed3n l\u1ef1c d\u1ecbch v\u1ee5 nh\u00e2n sinh v\u00e0 y t\u1ebf \u0111\u1ecba ph\u01b0\u01a1ng. 211 lu\u00f4n s\u1eb5n s\u00e0ng 24\/7\/365.<\/p>\n<p>B\u1ea1n c\u0169ng c\u00f3 th\u1ec3 nh\u1eadn \u0111\u01b0\u1ee3c th\u00f4ng tin c\u1eadp nh\u1eadt b\u1eb1ng tin nh\u1eafn v\u0103n b\u1ea3n v\u1ec1 c\u00e1c ngu\u1ed3n th\u00f4ng tin y t\u1ebf c\u1ee7a Mid Shore. \u0110\u0103ng k\u00fd b\u1eb1ng c\u00e1ch nh\u1eafn tin cho MidShore t\u1edbi 898-211.<\/p>\n\t\t<h3>\t\n\tNh\u1eadn th\u00f4ng b\u00e1o v\u0103n b\u1ea3n MidShore<\/h3><p>Nh\u1eadn th\u00f4ng tin c\u1eadp nh\u1eadt b\u1eb1ng tin nh\u1eafn v\u0103n b\u1ea3n v\u1edbi c\u00e1c t\u00e0i nguy\u00ean c\u1ed9ng \u0111\u1ed3ng. \u0110\u0103ng k\u00fd b\u1eb1ng c\u00e1ch nh\u1eafn tin cho MidShore t\u1edbi 898-211.<\/p>\n\t\t<h4><a href=\"\/vi\/tai-nguyen\/lao-hoa-khuyet-tat\/?utm_source=Home&#038;utm_medium=Referral&#038;utm_campaign=211Resources&#038;utm_content=Aging\" target=\"_self\">L\u00e3o h\u00f3a &amp; Khuy\u1ebft t\u1eadt<\/a><\/h4>\n\t\t\t\t<a href=\"\/vi\/tai-nguyen\/lao-hoa-khuyet-tat\/?utm_source=Home&#038;utm_medium=Referral&#038;utm_campaign=211Resources&#038;utm_content=Aging\"  target=\"_self\" itemprop=\"url\">\n\t\t\t\t<img decoding=\"async\" src=\"https:\/\/211md.org\/wp-content\/uploads\/bb-plugin\/cache\/2025_MdInfoNet_Icon-Sets_Aging-disability-square-c466727102cae71e5f27b8539bb51945-.png\" alt=\"\" itemprop=\"image\" onerror=\"this.style.display='none'\" loading=\"lazy\" \/>\n\t\t\t\t<\/a>\n\t\t<h4><a href=\"\/vi\/tai-nguyen\/gia-dinh-tre-em\/?utm_source=Home&#038;utm_medium=Referral&#038;utm_campaign=211Resources&#038;utm_content=Children\" target=\"_self\">Tr\u1ebb em &amp; Gia \u0111\u00ecnh<\/a><\/h4>\n\t\t\t\t<a href=\"\/vi\/tai-nguyen\/gia-dinh-tre-em\/?utm_source=Home&#038;utm_medium=Referral&#038;utm_campaign=211Resources&#038;utm_content=Children\"  target=\"_self\" itemprop=\"url\">\n\t\t\t\t<img decoding=\"async\" src=\"https:\/\/211md.org\/wp-content\/uploads\/bb-plugin\/cache\/2025_211_Icon-Sets_Child-care-square-f3b0d4edab3dcc467fadb5f55f4064c6-.png\" alt=\"2025_211_B\u1ed9 bi\u1ec3u t\u01b0\u1ee3ng_Ch\u0103m s\u00f3c tr\u1ebb em\" itemprop=\"image\" height=\"417\" width=\"417\" title=\"2025_211_B\u1ed9 bi\u1ec3u t\u01b0\u1ee3ng_Ch\u0103m s\u00f3c tr\u1ebb em\" onerror=\"this.style.display='none'\" loading=\"lazy\" \/>\n\t\t\t\t<\/a>\n\t\t<h4><a href=\"\/vi\/tai-nguyen\/gia-dinh-bao-luc\/?utm_source=Home&#038;utm_medium=Referral&#038;utm_campaign=211Resources&#038;utm_content=Domestic\" target=\"_self\">B\u1ea1o l\u1ef1c gia \u0111\u00ecnh<\/a><\/h4>\n\t\t\t\t<a href=\"\/vi\/tai-nguyen\/gia-dinh-bao-luc\/?utm_source=Home&#038;utm_medium=Referral&#038;utm_campaign=211Resources&#038;utm_content=Domestic\"  target=\"_self\" itemprop=\"url\">\n\t\t\t\t<img decoding=\"async\" src=\"https:\/\/211md.org\/wp-content\/uploads\/bb-plugin\/cache\/2025_211_Icon-Sets_Domestic-Violence-square-7b597694a6f05fe90cdc376aa573bc63-.png\" alt=\"Bi\u1ec3u t\u01b0\u1ee3ng b\u1ea1o l\u1ef1c gia \u0111\u00ecnh\" itemprop=\"image\" height=\"417\" width=\"417\" title=\"2025_211_B\u1ed9 bi\u1ec3u t\u01b0\u1ee3ng_B\u1ea1o l\u1ef1c gia \u0111\u00ecnh\" onerror=\"this.style.display='none'\" loading=\"lazy\" \/>\n\t\t\t\t<\/a>\n\t\t<h4><a href=\"\/vi\/tai-nguyen\/tim-kiem-viec-lam\/?utm_source=Home&#038;utm_medium=Referral&#038;utm_campaign=211Resources&#038;utm_content=Employment\" target=\"_self\">Thu\u00ea ng\u01b0\u1eddi l\u00e0m<\/a><\/h4>\n\t\t\t\t<a href=\"\/vi\/tai-nguyen\/tim-kiem-viec-lam\/?utm_source=Home&#038;utm_medium=Referral&#038;utm_campaign=211Resources&#038;utm_content=Employment\"  target=\"_self\" itemprop=\"url\">\n\t\t\t\t<img decoding=\"async\" src=\"https:\/\/211md.org\/wp-content\/uploads\/bb-plugin\/cache\/2025_MdInfoNet_Icon-Sets_Employment-square-44707bd410e4df10a470bf130ebcea86-.png\" alt=\"\" itemprop=\"image\" onerror=\"this.style.display='none'\" loading=\"lazy\" \/>\n\t\t\t\t<\/a>\n\t\t<h4><a href=\"\/vi\/tai-nguyen\/cham-soc-suc-khoe\/?utm_source=Home&#038;utm_medium=Referral&#038;utm_campaign=211Resources&#038;utm_content=Health%20Care\" target=\"_self\">Ch\u0103m s\u00f3c s\u1ee9c kh\u1ecfe<\/a><\/h4>\n\t\t\t\t<a href=\"\/vi\/tai-nguyen\/cham-soc-suc-khoe\/?utm_source=Home&#038;utm_medium=Referral&#038;utm_campaign=211Resources&#038;utm_content=Health%20Care\"  target=\"_self\" itemprop=\"url\">\n\t\t\t\t<img decoding=\"async\" src=\"https:\/\/211md.org\/wp-content\/uploads\/bb-plugin\/cache\/2025_MdInfoNet_Icon-Sets_Health-Care-square-dee98a0060cbe0e7f27eda253fc12679-.png\" alt=\"\" itemprop=\"image\" onerror=\"this.style.display='none'\" loading=\"lazy\" \/>\n\t\t\t\t<\/a>\n\t\t<h4><a href=\"\/vi\/tai-nguyen\/gia-dinh-tre-em\/quan-he-ho-hang\/?utm_source=Home&#038;utm_medium=Referral&#038;utm_campaign=211Resources&#038;utm_content=Kinship\" target=\"_self\">h\u1ecd h\u00e0ng<\/a><\/h4>\n\t\t\t\t<a href=\"\/vi\/tai-nguyen\/gia-dinh-tre-em\/quan-he-ho-hang\/?utm_source=Home&#038;utm_medium=Referral&#038;utm_campaign=211Resources&#038;utm_content=Kinship\"  target=\"_self\" itemprop=\"url\">\n\t\t\t\t<img decoding=\"async\" src=\"https:\/\/211md.org\/wp-content\/uploads\/bb-plugin\/cache\/2025_211_Icon-Sets_Kinship-square-45bdf872866f5735f842c32071109267-.png\" alt=\"Bi\u1ec3u t\u01b0\u1ee3ng h\u1ecd h\u00e0ng\" itemprop=\"image\" height=\"417\" width=\"417\" title=\"2025_211_B\u1ed9 bi\u1ec3u t\u01b0\u1ee3ng_Quan h\u1ec7 h\u1ecd h\u00e0ng\" onerror=\"this.style.display='none'\" loading=\"lazy\" \/>\n\t\t\t\t<\/a>\n\t\t<h4><a href=\"\/vi\/tai-nguyen\/dich-vu-phap-ly\/?utm_source=Home&#038;utm_medium=Referral&#038;utm_campaign=211Resources&#038;utm_content=Legal\" target=\"_self\">D\u1ecbch v\u1ee5 ph\u00e1p l\u00fd<\/a><\/h4>\n\t\t\t\t<a href=\"\/vi\/tai-nguyen\/dich-vu-phap-ly\/?utm_source=Home&#038;utm_medium=Referral&#038;utm_campaign=211Resources&#038;utm_content=Legal\"  target=\"_self\" itemprop=\"url\">\n\t\t\t\t<img decoding=\"async\" src=\"https:\/\/211md.org\/wp-content\/uploads\/bb-plugin\/cache\/2025_MdInfoNet_Icon-Sets_Legal-square-18fdf438feb8435588174d9046463257-.png\" alt=\"\" itemprop=\"image\" onerror=\"this.style.display='none'\" loading=\"lazy\" \/>\n\t\t\t\t<\/a>\n\t\t<h4><a href=\"\/vi\/tai-nguyen\/suc-khoe-tinh-than\/?utm_source=Home&#038;utm_medium=Referral&#038;utm_campaign=211Resources&#038;utm_content=Mental\" target=\"_self\">S\u1ee9c kh\u1ecfe tinh th\u1ea7n<\/a><\/h4>\n\t\t\t\t<a href=\"\/vi\/tai-nguyen\/suc-khoe-tinh-than\/?utm_source=Home&#038;utm_medium=Referral&#038;utm_campaign=211Resources&#038;utm_content=Mental\"  target=\"_self\" itemprop=\"url\">\n\t\t\t\t<img decoding=\"async\" src=\"https:\/\/211md.org\/wp-content\/uploads\/bb-plugin\/cache\/2025_MdInfoNet_Icon-Sets_Mental-Health-square-c59b38c4a993a947d4c9280fbe2d2fee-.png\" alt=\"\" itemprop=\"image\" onerror=\"this.style.display='none'\" loading=\"lazy\" \/>\n\t\t\t\t<\/a>\n\t\t<h4><a href=\"\/vi\/tai-nguyen\/mdreentry\/?utm_source=Home&#038;utm_medium=Referral&#038;utm_campaign=211Resources&#038;utm_content=Reentry\" target=\"_self\">V\u00e0o l\u1ea1i<\/a><\/h4>\n\t\t\t\t<a href=\"\/vi\/tai-nguyen\/mdreentry\/?utm_source=Home&#038;utm_medium=Referral&#038;utm_campaign=211Resources&#038;utm_content=Reentry\"  target=\"_self\" itemprop=\"url\">\n\t\t\t\t<img decoding=\"async\" src=\"https:\/\/211md.org\/wp-content\/uploads\/bb-plugin\/cache\/2025_211_Icon-Sets_Reentry-square-8676fea38abd920a832f45642fe31cca-.png\" alt=\"Bi\u1ec3u t\u01b0\u1ee3ng nh\u1eadp l\u1ea1i\" itemprop=\"image\" height=\"417\" width=\"417\" title=\"2025_211_B\u1ed9 bi\u1ec3u t\u01b0\u1ee3ng_Nh\u1eadp l\u1ea1i\" onerror=\"this.style.display='none'\" loading=\"lazy\" \/>\n\t\t\t\t<\/a>\n\t\t<h4><a href=\"\/vi\/tai-nguyen\/su-dung-chat-kich-thich\/?utm_source=Home&#038;utm_medium=Referral&#038;utm_campaign=211Resources&#038;utm_content=Substance\" target=\"_self\">S\u1eed d\u1ee5ng ch\u1ea5t k\u00edch th\u00edch<\/a><\/h4>\n\t\t\t\t<a href=\"\/vi\/tai-nguyen\/su-dung-chat-kich-thich\/?utm_source=Home&#038;utm_medium=Referral&#038;utm_campaign=211Resources&#038;utm_content=Substance\"  target=\"_self\" itemprop=\"url\">\n\t\t\t\t<img decoding=\"async\" src=\"https:\/\/211md.org\/wp-content\/uploads\/bb-plugin\/cache\/2025_MdInfoNet_Icon-Sets_Substance-Abuse-square-9022fec9d18a64118ad685c101885b55-.png\" alt=\"\" itemprop=\"image\" onerror=\"this.style.display='none'\" loading=\"lazy\" \/>\n\t\t\t\t<\/a>\n\t\t<h4><a href=\"\/vi\/tai-nguyen\/cuu-chien-binh\/?utm_source=Home&#038;utm_medium=Referral&#038;utm_campaign=211Resources&#038;utm_content=Veterans\" target=\"_self\">c\u1ef1u chi\u1ebfn binh<\/a><\/h4>\n\t\t\t\t<a href=\"\/vi\/tai-nguyen\/cuu-chien-binh\/?utm_source=Home&#038;utm_medium=Referral&#038;utm_campaign=211Resources&#038;utm_content=Veterans\"  target=\"_self\" itemprop=\"url\">\n\t\t\t\t<img decoding=\"async\" src=\"https:\/\/211md.org\/wp-content\/uploads\/bb-plugin\/cache\/2025_MdInfoNet_Icon-Sets_Rating-square-6e60d00cce4faa8e0a6d4ad7366aa733-.png\" alt=\"\" itemprop=\"image\" onerror=\"this.style.display='none'\" loading=\"lazy\" \/>\n\t\t\t\t<\/a>","protected":false},"excerpt":{"rendered":"<p>T\u00ecm ngu\u1ed3n l\u1ef1c g\u1ea7n t\u00f4i T\u00ecm ki\u1ebfm ngay Th\u00eam c\u01a1 quan ho\u1eb7c t\u1ed5 ch\u1ee9c c\u1ee7a b\u1ea1n v\u00e0o c\u01a1 s\u1edf d\u1eef li\u1ec7u ngu\u1ed3n l\u1ef1c c\u1ee7a ch\u00fang t\u00f4i. 211 c\u00f3 th\u1ec3 k\u1ebft n\u1ed1i b\u1ea1n v\u1edbi c\u00e1c ngu\u1ed3n l\u1ef1c t\u1ea1i Qu\u1eadn Talbot. Cho d\u00f9 b\u1ea1n s\u1ed1ng \u1edf Easton, Trappe, Wye Mills, Wye Landing, Saint Michaels hay m\u1ed9t c\u1ed9ng \u0111\u1ed3ng kh\u00e1c, ch\u00fang t\u00f4i \u0111\u1ec1u c\u00f3 th\u1ec3 gi\u00fap b\u1ea1n. T\u00ecm ki\u1ebfm c\u00e1c ngu\u1ed3n l\u1ef1c \u1edf tr\u00ean ho\u1eb7c g\u1ecdi 211 \u0111\u1ec3 n\u00f3i chuy\u1ec7n v\u1edbi m\u1ed9t ng\u01b0\u1eddi quan t\u00e2m v\u00e0\u2026<\/p>","protected":false},"author":8,"featured_media":3918,"parent":750,"menu_order":0,"comment_status":"closed","ping_status":"closed","template":"","meta":{"footnotes":""},"class_list":["post-1688","page","type-page","status-publish","has-post-thumbnail","hentry"],"_links":{"self":[{"href":"https:\/\/211md.org\/vi\/wp-json\/wp\/v2\/pages\/1688","targetHints":{"allow":["GET"]}}],"collection":[{"href":"https:\/\/211md.org\/vi\/wp-json\/wp\/v2\/pages"}],"about":[{"href":"https:\/\/211md.org\/vi\/wp-json\/wp\/v2\/types\/page"}],"author":[{"embeddable":true,"href":"https:\/\/211md.org\/vi\/wp-json\/wp\/v2\/users\/8"}],"replies":[{"embeddable":true,"href":"https:\/\/211md.org\/vi\/wp-json\/wp\/v2\/comments?post=1688"}],"version-history":[{"count":5,"href":"https:\/\/211md.org\/vi\/wp-json\/wp\/v2\/pages\/1688\/revisions"}],"predecessor-version":[{"id":34195,"href":"https:\/\/211md.org\/vi\/wp-json\/wp\/v2\/pages\/1688\/revisions\/34195"}],"up":[{"embeddable":true,"href":"https:\/\/211md.org\/vi\/wp-json\/wp\/v2\/pages\/750"}],"wp:featuredmedia":[{"embeddable":true,"href":"https:\/\/211md.org\/vi\/wp-json\/wp\/v2\/media\/3918"}],"wp:attachment":[{"href":"https:\/\/211md.org\/vi\/wp-json\/wp\/v2\/media?parent=1688"}],"curies":[{"name":"wp","href":"https:\/\/api.w.org\/{rel}","templated":true}]}}