{"id":1689,"date":"2021-05-12T00:23:27","date_gmt":"2021-05-12T00:23:27","guid":{"rendered":"https:\/\/211md.org\/?page_id=1689"},"modified":"2025-11-07T06:52:19","modified_gmt":"2025-11-07T11:52:19","slug":"hat-caroline","status":"publish","type":"page","link":"https:\/\/211md.org\/vi\/resources-by-county\/caroline-county\/","title":{"rendered":"H\u1ea1t Caroline"},"content":{"rendered":"<h2><a href=\"https:\/\/search.211md.org\/\" target=\"_blank\"  rel=\"noopener\">T\u00ecm t\u00e0i nguy\u00ean g\u1ea7n t\u00f4i<\/a><\/h2>\n\t\t\t<a href=\"https:\/\/search.211md.org\/\" target=\"_blank\" rel=\"noopener\">\n\t\t\t\t\t\t\tT\u00ecm ki\u1ebfm ngay b\u00e2y gi\u1edd\n\t\t\t<\/a>\n\t<p><strong><a href=\"\/vi\/tham-gia-co-so-du-lieu-cua-chung-toi\/\">Th\u00eam c\u01a1 quan ho\u1eb7c t\u1ed5 ch\u1ee9c c\u1ee7a b\u1ea1n v\u00e0o c\u01a1 s\u1edf d\u1eef li\u1ec7u t\u00e0i nguy\u00ean c\u1ee7a ch\u00fang t\u00f4i.<\/a><\/strong><\/p>\n\t<p>C\u00f3 s\u1eb5n tr\u1ee3 gi\u00fap n\u1ebfu b\u1ea1n s\u1ed1ng \u1edf Denton, Ridgely, Greensboro, Federalsburg, Hobbs, Asbury, Anthony, Agner, White Oak Manor, Reliance ho\u1eb7c m\u1ed9t th\u00e0nh ph\u1ed1 kh\u00e1c c\u1ee7a Qu\u1eadn Caroline.<\/p>\n<p>Quay s\u1ed1 211 \u0111\u1ec3 n\u00f3i chuy\u1ec7n v\u1edbi Chuy\u00ean gia th\u00f4ng tin v\u00e0 gi\u1edbi thi\u1ec7u. B\u1ea1n c\u0169ng c\u00f3 th\u1ec3 t\u00ecm ki\u1ebfm trong c\u01a1 s\u1edf d\u1eef li\u1ec7u.<\/p>\n\t\t<h2>\t\n\tQuay s\u1ed1 211<\/h2><p>K\u1ebft n\u1ed1i v\u1edbi c\u00e1c ngu\u1ed3n l\u1ef1c c\u1ed9ng \u0111\u1ed3ng v\u00e0 h\u1ed7 tr\u1ee3 24\/7\/365.<\/p>\n<h2>C\u00e1c h\u00f3a \u0111\u01a1n ti\u1ec7n \u00edch<\/h2>\n<p>N\u1ebfu b\u1ea1n c\u1ea7n tr\u1ee3 gi\u00fap thanh to\u00e1n h\u00f3a \u0111\u01a1n ti\u1ec7n \u00edch, h\u00e3y li\u00ean h\u1ec7 <strong><a href=\"https:\/\/choptankelectric.coop\/energy-assistance\" target=\"_blank\" rel=\"noopener\">H\u1ee3p t\u00e1c x\u00e3 \u0111i\u1ec7n Choptank<\/a><\/strong> v\u00e0 h\u1ecfi v\u1ec1 k\u1ebf ho\u1ea1ch thanh to\u00e1n \u0111\u1ec3 tr\u00e1nh b\u1ecb ng\u1eaft k\u1ebft n\u1ed1i. G\u1ecdi 1-877-892-0001 t\u1eeb Th\u1ee9 Hai \u0111\u1ebfn Th\u1ee9 S\u00e1u, t\u1eeb 8 gi\u1edd s\u00e1ng \u0111\u1ebfn 4 gi\u1edd 30 chi\u1ec1u<\/p>\n<p>Nh\u1eefng c\u01b0 d\u00e2n \u0111\u1ee7 \u0111i\u1ec1u ki\u1ec7n v\u1ec1 thu nh\u1eadp c\u0169ng c\u00f3 th\u1ec3 n\u1ed9p \u0111\u01a1n xin h\u1ed7 tr\u1ee3 n\u0103ng l\u01b0\u1ee3ng t\u1eeb V\u0103n ph\u00f2ng Ch\u01b0\u01a1ng tr\u00ecnh N\u0103ng l\u01b0\u1ee3ng Gia \u0111\u00ecnh Maryland. C\u00e1c <strong><a href=\"https:\/\/dhs.maryland.gov\/local-offices\/caroline-county\/\" target=\"_blank\" rel=\"noopener\">S\u1edf d\u1ecbch v\u1ee5 x\u00e3 h\u1ed9i<\/a><\/strong> c\u00f3 th\u1ec3 gi\u00fap \u0111\u1ee1 v\u1edbi qu\u00e1 tr\u00ecnh \u1ee9ng d\u1ee5ng.<\/p>\n<p>T\u00ecm hi\u1ec3u th\u00eam v\u1ec1 quy tr\u00ecnh \u0111\u0103ng k\u00fd, c\u00e1c t\u00e0i li\u1ec7u b\u1ea1n c\u00f3 th\u1ec3 c\u1ea7n, h\u01b0\u1edbng d\u1eabn v\u1ec1 tr\u00ecnh \u0111\u1ed9 chuy\u00ean m\u00f4n v\u00e0 c\u00e1c ch\u01b0\u01a1ng tr\u00ecnh h\u1ed7 tr\u1ee3 c\u00f3 s\u1eb5n v\u1edbi <a href=\"https:\/\/211md.org\/vi\/tai-nguyen\/ho-tro-tien-ich\/\">H\u01b0\u1edbng d\u1eabn h\u1ed7 tr\u1ee3 ti\u1ec7n \u00edch c\u1ee7a 211<\/a>.<\/p>\n<h2>\u0110\u1ed3 \u0103n<\/h2>\n<p>The ShoGo Mobile food service brings the market to you, with <a href=\"https:\/\/www.carolineculinaryarts.org\/shogo-mobile\" target=\"_blank\" rel=\"noopener\">planned stops<\/a> throughout Caroline, Talbot, and Dorchester Counties. Get fresh, low-cost groceries including produce and prepared meals.<\/p>\n<p>C\u00f3 c\u00e1c kho th\u1ef1c ph\u1ea9m n\u1eb1m kh\u1eafp Qu\u1eadn Caroline. Ngo\u00e0i ra, m\u1ed9t s\u1ed1 kho th\u1ef1c ph\u1ea9m c\u00f2n h\u1ed7 tr\u1ee3 c\u00e1c c\u00e1 nh\u00e2n, gia \u0111\u00ecnh c\u00f3 nhu c\u1ea7u thi\u1ebft y\u1ebfu kh\u00e1c.<\/p>\n<p><a href=\"https:\/\/www.martinshouseandbarn.org\/\" target=\"_blank\" rel=\"noopener\">Nh\u00e0 v\u00e0 Chu\u1ed3ng c\u1ee7a Martin<\/a> (St. Martin&#039;s Barn) \u1edf Ridgely, Maryland, c\u00f3 m\u1ed9t kho \u0111\u1ef1ng th\u1ee9c \u0103n, m\u1ed9t c\u1eeda h\u00e0ng ti\u1ebft ki\u1ec7m b\u00e1n qu\u1ea7n \u00e1o v\u00e0 \u0111\u1ed3 gia d\u1ee5ng gi\u00e1 r\u1ebb c\u0169ng nh\u01b0 m\u1ed9t n\u01a1i tr\u00fa \u1ea9n cho gia \u0111\u00ecnh.<\/p>\n<p><a href=\"http:\/\/aaronsplaceinc.org\/\" target=\"_blank\" rel=\"noopener\">N\u01a1i c\u1ee7a Aaron<\/a> \u1edf Denton, Maryland c\u0169ng cung c\u1ea5p th\u1ef1c ph\u1ea9m, qu\u1ea7n \u00e1o, c\u00e1c l\u1edbp h\u1ecdc \u00e2m nh\u1ea1c cho m\u1eb9 v\u00e0 t\u00f4i v\u00e0 ho\u1ea1t \u0111\u1ed9ng ti\u1ebfp c\u1eadn ng\u01b0\u1eddi v\u00f4 gia c\u01b0.<\/p>\n<p>\u0110\u00e2y l\u00e0 nh\u1eefng kho ch\u1ee9a th\u1ef1c ph\u1ea9m \u1edf Qu\u1eadn Caroline. Gi\u1edd c\u00f3 th\u1ec3 thay \u0111\u1ed5i. G\u1ecdi cho ph\u00f2ng \u0111\u1ef1ng th\u1ee9c \u0103n \u0111\u1ec3 x\u00e1c nh\u1eadn.<\/p>\n\t\t<h3>Ban \u00e2n s\u1ee7ng<\/h3><p>Ng\u00f5 nh\u00e0 th\u1edd 302<\/p>\n<p>Goldsboro, MD 21636<\/p>\n<p>410-829-3158<\/p>\n<p>&nbsp;<\/p>\n<p><strong>Th\u1ee9 b\u1ea3y th\u1ee9 hai m\u1ed7i th\u00e1ng<\/strong><\/p>\n\t<iframe src=\"https:\/\/www.google.com\/maps\/embed\/v1\/place?q=302+Church+Lane%0AGoldsboro%2C+MD%C2%A021636&#038;key=AIzaSyD09zQ9PNDNNy9TadMuzRV_UsPUoWKntt8\" aria-hidden=\"true\" title=\"Ban \u00e2n s\u1ee7ng\"><\/iframe>\n\t\t<h3>N\u01a1i c\u1ee7a Aaron<\/h3><p>\u1ed4 \u0111\u0129a 401 Aldersgate<\/p>\n<p>Denton, MD 21629<\/p>\n<p>443-243-5906<\/p>\n<p>&nbsp;<\/p>\n<p><strong>Th\u1ee9 Ba &amp; Th\u1ee9 T\u01b0 9-2 gi\u1edd chi\u1ec1u<\/strong><\/p>\n<p><strong>Th\u1ee9 n\u0103m 9-1 gi\u1edd chi\u1ec1u<\/strong><\/p>\n\t<iframe src=\"https:\/\/www.google.com\/maps\/embed\/v1\/place?q=401+Aldersgate+Drive%0ADenton%2C+MD+21629&#038;key=AIzaSyD09zQ9PNDNNy9TadMuzRV_UsPUoWKntt8\" aria-hidden=\"true\" title=\"N\u01a1i \u1edf c\u1ee7a Aaron\"><\/iframe>\n\t\t<h3>N\u01a1i c\u1ee7a Aaron 2<\/h3><p>\u0110\u01b0\u1eddng ch\u00ednh 435<\/p>\n<p>Goldsboro, MD 21636<\/p>\n<p>443-243-5906<\/p>\n<p>&nbsp;<\/p>\n<p><b>Ch\u1ee7 Nh\u1eadt 4-5 gi\u1edd chi\u1ec1u<\/b><\/p>\n<p><strong>Th\u1ee9 Hai 9 gi\u1edd s\u00e1ng \u2013 2 gi\u1edd chi\u1ec1u<\/strong><\/p>\n\t<iframe src=\"https:\/\/www.google.com\/maps\/embed\/v1\/place?q=435+Main+Street%0AGoldsboro%2C+MD+21636&#038;key=AIzaSyD09zQ9PNDNNy9TadMuzRV_UsPUoWKntt8\" aria-hidden=\"true\" title=\"N\u01a1i c\u1ee7a Aaron 2\"><\/iframe>\n\t\t<h3>Nh\u00e0 th\u1edd Gi\u00e1m l\u00fd Ridgely United<\/h3><p>109 \u0110\u1ea1i l\u1ed9 Trung t\u00e2m<\/p>\n<p>Ridgely, MD 21660<\/p>\n<p>410-634-2527<\/p>\n<p>&nbsp;<\/p>\n<p><b>Th\u1ee9 T\u01b0 4:15-5 chi\u1ec1u<\/b><\/p>\n\t<iframe src=\"https:\/\/www.google.com\/maps\/embed\/v1\/place?q=109+Central+Avenue%0ARidgely%2C+MD+21660&#038;key=AIzaSyD09zQ9PNDNNy9TadMuzRV_UsPUoWKntt8\" aria-hidden=\"true\" title=\"Nh\u00e0 th\u1edd Gi\u00e1m l\u00fd Ridgely United\"><\/iframe>\n\t\t<h3>Trinity AME<\/h3><p>12100 \u0110\u01b0\u1eddng Tr\u01b0\u1eddng<\/p>\n<p>Ridgely, MD 21660<\/p>\n<p>302-270-7083<\/p>\n<p>&nbsp;<\/p>\n<p><b>Theo l\u1ecbch h\u1eb9n<\/b><\/p>\n\t<iframe src=\"https:\/\/www.google.com\/maps\/embed\/v1\/place?q=12100+School+Street%0ARidgely%2C+MD+21660&#038;key=AIzaSyD09zQ9PNDNNy9TadMuzRV_UsPUoWKntt8\" aria-hidden=\"true\" title=\"Trinity AME\"><\/iframe>\n\t\t<h3>Nh\u00e0 th\u1edd Gi\u00e1m l\u00fd Th\u1ed1ng nh\u1ea5t St. Paul<\/h3><p>300 \u0110\u1ea1i l\u1ed9 Ho\u00e0ng h\u00f4n<\/p>\n<p>Greensboro, MD 21639<\/p>\n<p>410-482-8170<\/p>\n<p>&nbsp;<\/p>\n<p><b>Th\u1ee9 b\u1ea3y h\u00e0ng tu\u1ea7n 10-12 gi\u1edd t\u1ed1i<\/b><\/p>\n\t<iframe src=\"https:\/\/www.google.com\/maps\/embed\/v1\/place?q=300+Sunset+Avenue%0AGreensboro%2C+MD+21639&#038;key=AIzaSyD09zQ9PNDNNy9TadMuzRV_UsPUoWKntt8\" aria-hidden=\"true\" title=\"Nh\u00e0 th\u1edd Gi\u00e1m l\u00fd Th\u1ed1ng nh\u1ea5t St. Paul\"><\/iframe>\n\t\t<h3>Nh\u00e0 th\u1edd C\u01a1 \u0111\u1ed1c gi\u00e1o Denton<\/h3><p>8680 \u0110\u01b0\u1eddng Mitchell<\/p>\n<p>Denton, MD 21629<\/p>\n<p>410-479-9519<\/p>\n<p>&nbsp;<\/p>\n<p><b>Hai th\u00e1ng m\u1ed9t l\u1ea7n, Th\u1ee9 N\u0103m c\u1ee7a tu\u1ea7n th\u1ee9 3, 3-4 gi\u1edd chi\u1ec1u<\/b><\/p>\n\t<iframe src=\"https:\/\/www.google.com\/maps\/embed\/v1\/place?q=8680+Mitchell+Road%0ADenton%2C+MD+21629&#038;key=AIzaSyD09zQ9PNDNNy9TadMuzRV_UsPUoWKntt8\" aria-hidden=\"true\" title=\"Nh\u00e0 th\u1edd C\u01a1 \u0111\u1ed1c gi\u00e1o Denton\"><\/iframe>\n\t\t<h3>Nh\u00e0 kho Th\u00e1nh Martin<\/h3><p>14376 Ng\u00f5 Benedictine<\/p>\n<p>Ridgely, MD 21660<\/p>\n<p>410-634-1140<\/p>\n<p>&nbsp;<\/p>\n<p><b>Th\u1ee9 Ba, Th\u1ee9 N\u0103m v\u00e0 Th\u1ee9 S\u00e1u<\/b><\/p>\n<p><strong>8:30 \u2013 11:30 s\u00e1ng\u00a0<\/strong><\/p>\n\t<iframe src=\"https:\/\/www.google.com\/maps\/embed\/v1\/place?q=14376+Benedictine+Lane%0ARidgely%2C+MD+21660&#038;key=AIzaSyD09zQ9PNDNNy9TadMuzRV_UsPUoWKntt8\" aria-hidden=\"true\" title=\"Nh\u00e0 kho Th\u00e1nh Martin\"><\/iframe>\n\t\t<h3>Ngh\u0129 \u0111\u1ebfn b\u1ea1n Ph\u00f2ng \u0111\u1ef1ng th\u1ee9c \u0103n<\/h3><p>9058 \u0110\u01b0\u1eddng \u0111\u1ed3i \u0111\u00f4i<\/p>\n<p>Denton, MD 21629<\/p>\n<p>443-243-5906<\/p>\n<p>&nbsp;<\/p>\n<p><strong>Th\u1ee9 n\u0103m 6-7 gi\u1edd t\u1ed1i<\/strong><\/p>\n\t<iframe src=\"https:\/\/www.google.com\/maps\/embed\/v1\/place?q=9058+Double+Hills+Road%0ADenton%2C+MD+21629&#038;key=AIzaSyD09zQ9PNDNNy9TadMuzRV_UsPUoWKntt8\" aria-hidden=\"true\" title=\"Ngh\u0129 \u0111\u1ebfn b\u1ea1n Ph\u00f2ng \u0111\u1ef1ng th\u1ee9c \u0103n\"><\/iframe>\n\t\t<h3>Nh\u00e0 th\u1edd t\u01b0\u1edfng ni\u1ec7m Abrams<\/h3><p>300 N. \u0110\u01b0\u1eddng s\u1ed1 4<\/p>\n<p>Denton, MD 21629<\/p>\n<p>&nbsp;<\/p>\n<p><b>Th\u1ee9 b\u1ea3y \u0111\u1ea7u ti\u00ean c\u1ee7a th\u00e1ng 9-11 gi\u1edd s\u00e1ng<\/b><\/p>\n\t<iframe src=\"https:\/\/www.google.com\/maps\/embed\/v1\/place?q=300+N.+4th+Street%0ADenton%2C+MD+21629&#038;key=AIzaSyD09zQ9PNDNNy9TadMuzRV_UsPUoWKntt8\" aria-hidden=\"true\" title=\"Nh\u00e0 th\u1edd t\u01b0\u1edfng ni\u1ec7m Abrams\"><\/iframe>\n\t\t<h3>Nh\u00e0 Samaritan<\/h3><p>12 N. \u0110\u01b0\u1eddng s\u1ed1 5<\/p>\n<p>Denton, MD 21629<\/p>\n<p>410-479-1251<\/p>\n<p>&nbsp;<\/p>\n<p><b>Th\u1ee9 T\u01b0, Th\u1ee9 N\u0103m, Th\u1ee9 S\u00e1u 10-2 gi\u1edd chi\u1ec1u<\/b><\/p>\n<p><strong>Th\u1ee9 b\u1ea3y 9-12 gi\u1edd t\u1ed1i<\/strong><\/p>\n\t<iframe src=\"https:\/\/www.google.com\/maps\/embed\/v1\/place?q=12+N.+Fifth+Street%0ADenton%2C+MD+21629&#038;key=AIzaSyD09zQ9PNDNNy9TadMuzRV_UsPUoWKntt8\" aria-hidden=\"true\" title=\"Nh\u00e0 Samaritan\"><\/iframe>\n\t\t<h3>Nh\u00e0 th\u1edd Baptist Calvary<\/h3><p>Ph\u1ed1 ch\u1ee3 120<\/p>\n<p>Denton, MD 21629<\/p>\n<p>410-924-6404<\/p>\n<p>&nbsp;<\/p>\n<p><b>Th\u1ee9 T\u01b0 v\u00e0 Ch\u1ee7 Nh\u1eadt 7 gi\u1edd t\u1ed1i<\/b><\/p>\n\t<iframe src=\"https:\/\/www.google.com\/maps\/embed\/v1\/place?q=120+Market+Street%0ADenton%2C+MD+21629&#038;key=AIzaSyD09zQ9PNDNNy9TadMuzRV_UsPUoWKntt8\" aria-hidden=\"true\" title=\"Nh\u00e0 th\u1edd Baptist Calvary\"><\/iframe>\n\t\t<h3>L\u1eddi s\u1ef1 s\u1ed1ng<\/h3><p>3835 \u0110\u01b0\u1eddng Denton C\u0169<\/p>\n<p>Federalsburg, MD 21632<\/p>\n<p>410-690-2001<\/p>\n<p>&nbsp;<\/p>\n<p><b>Th\u1ee9 Ba v\u00e0 Th\u1ee9 S\u00e1u 9-11 gi\u1edd s\u00e1ng<\/b><\/p>\n\t<iframe src=\"https:\/\/www.google.com\/maps\/embed\/v1\/place?q=3835+Old+Denton+Road%0AFederalsburg%2C+MD+21632&#038;key=AIzaSyD09zQ9PNDNNy9TadMuzRV_UsPUoWKntt8\" aria-hidden=\"true\" title=\"L\u1eddi s\u1ef1 s\u1ed1ng\"><\/iframe>\n\t\t<h3>UMC Zion m\u1edbi<\/h3><p>12496 \u0110\u01b0\u1eddng l\u00e0ng Newtown<\/p>\n<p>Cordova, MD 21625<\/p>\n<p>443-534-3905<\/p>\n<p>&nbsp;<\/p>\n<p><b>Th\u1ee9 S\u00e1u \u0111\u1ea7u ti\u00ean c\u1ee7a th\u00e1ng th\u1ee9 3 3:30-6:30 chi\u1ec1u<\/b><\/p>\n\t<iframe src=\"https:\/\/www.google.com\/maps\/embed\/v1\/place?q=3835+Old+Denton+Road%0AFederalsburg%2C+MD+21632&#038;key=AIzaSyD09zQ9PNDNNy9TadMuzRV_UsPUoWKntt8\" aria-hidden=\"true\" title=\"L\u1eddi s\u1ef1 s\u1ed1ng\"><\/iframe>\n\t\t<h3>Nh\u00e0 nguy\u1ec7n Ross AME<\/h3><p>\u0110\u01b0\u1eddng Statum 6830<\/p>\n<p>Preston, MD 21655<\/p>\n<p>410-673-1079<\/p>\n<p>&nbsp;<\/p>\n<p><b>Th\u1ee9 T\u01b0 th\u1ee9 4 hai th\u00e1ng m\u1ed9t l\u1ea7n 3-5 gi\u1edd chi\u1ec1u<\/b><\/p>\n\t<iframe src=\"https:\/\/www.google.com\/maps\/embed\/v1\/place?q=6830+Statum+Road%0APreston%2C+MD+21655&#038;key=AIzaSyD09zQ9PNDNNy9TadMuzRV_UsPUoWKntt8\" aria-hidden=\"true\" title=\"Nh\u00e0 nguy\u1ec7n Ross AME\"><\/iframe>\n<h2>Tr\u1ee3 gi\u00fap ph\u00e1p l\u00fd<\/h2>\n<p>N\u1ebfu b\u1ea1n c\u1ea7n tr\u1ee3 gi\u00fap v\u1ec1 v\u1ea5n \u0111\u1ec1 ph\u00e1p l\u00fd d\u00e2n s\u1ef1, b\u1ea1n c\u00f3 th\u1ec3 y\u00eau c\u1ea7u tr\u1ee3 gi\u00fap t\u1eeb Mid-Shore Pro Bono. C\u01a1 quan n\u00e0y l\u00e0m vi\u1ec7c v\u1edbi c\u00e1c lu\u1eadt s\u01b0 t\u00ecnh nguy\u1ec7n tr\u00ean kh\u1eafp B\u1edd \u0110\u00f4ng, bao g\u1ed3m c\u1ea3 Qu\u1eadn Caroline.<\/p>\n<p>T\u1ed5 ch\u1ee9c c\u00f3 th\u1ec3 tr\u1ee3 gi\u00fap v\u1ec1:<\/p>\n<ul>\n<li>ph\u00e1 s\u1ea3n<\/li>\n<li>quy\u1ec1n nu\u00f4i con ho\u1eb7c th\u0103m vi\u1ebfng<\/li>\n<li>n\u1ee3 ti\u00eau d\u00f9ng<\/li>\n<li>tranh ch\u1ea5p h\u1ee3p \u0111\u1ed3ng<\/li>\n<li>ly h\u00f4n<\/li>\n<li>t\u1ecbch thu t\u00e0i s\u1ea3n th\u1ebf ch\u1ea5p<\/li>\n<li>v\u1ea5n \u0111\u1ec1 ch\u1ee7 nh\u00e0 \/ ng\u01b0\u1eddi thu\u00ea nh\u00e0<\/li>\n<\/ul>\n<p>H\u1ecd c\u00f3 th\u1ec3 tr\u1ee3 gi\u00fap c\u00e1c v\u1ea5n \u0111\u1ec1 ph\u00e1p l\u00fd kh\u00e1c nh\u01b0ng kh\u00f4ng th\u1ec3 tr\u1ee3 gi\u00fap m\u1ecdi lo\u1ea1i v\u1ea5n \u0111\u1ec1, v\u00ec v\u1eady h\u00e3y \u0111\u1ea3m b\u1ea3o <a href=\"https:\/\/midshoreprobono.org\/how-we-help\/\" target=\"_blank\" rel=\"noopener\">h\u1ecd cung c\u1ea5p h\u1ed7 tr\u1ee3 cho v\u1ea5n \u0111\u1ec1 ph\u00e1p l\u00fd c\u1ee7a b\u1ea1n<\/a> tr\u01b0\u1edbc khi n\u1ed9p \u0111\u01a1n xin tr\u1ee3 gi\u00fap.<\/p>\n<p>H\u00e3y b\u1eaft \u0111\u1ea7u b\u1eb1ng c\u00e1ch \u0111i\u1ec1n v\u00e0o <a href=\"https:\/\/www.legal-trak.com\/CaseManagement\/OnlineInTake\/OnlineInTake\/2?skipPayment=true\" target=\"_blank\" rel=\"noopener\">M\u1eabu \u0111\u01a1n ti\u1ebfp nh\u1eadn Mid-Shore Pro Bono<\/a>.<\/p>\n<h2>Nhu c\u1ea7u li\u00ean quan \u0111\u1ebfn s\u1ee9c kh\u1ecfe<\/h2>\n<p>N\u1ebfu b\u1ea1n c\u1ea7n v\u1eafc xin, kh\u00e1m s\u1ee9c kh\u1ecfe, h\u1ed7 tr\u1ee3 s\u1ee9c kh\u1ecfe h\u00e0nh vi ho\u1eb7c c\u00f3 nh\u1eefng lo ng\u1ea1i kh\u00e1c li\u00ean quan \u0111\u1ebfn s\u1ee9c kh\u1ecfe, h\u00e3y li\u00ean h\u1ec7 v\u1edbi <a href=\"https:\/\/www.carolinehd.org\/health-services\/\" target=\"_blank\" rel=\"noopener\">S\u1edf Y t\u1ebf H\u1ea1t Caroline<\/a>.<\/p>\n<p>Li\u00ean minh C\u1ea3i thi\u1ec7n S\u1ee9c kh\u1ecfe Mid Shore c\u0169ng \u0111ang n\u00e2ng cao nh\u1eadn th\u1ee9c v\u1ec1 b\u1ec7nh ti\u1ec1n ti\u1ec3u \u0111\u01b0\u1eddng, c\u0103n b\u1ec7nh n\u00e0y \u1ea3nh h\u01b0\u1edfng \u0111\u1ebfn 1\/3 ng\u01b0\u1eddi l\u1edbn tr\u00ean kh\u1eafp Mid Shore. <a href=\"https:\/\/www.midshorehealth.org\/diabetesrisk\" target=\"_blank\" rel=\"noopener\">L\u00e0m b\u00e0i ki\u1ec3m tra b\u1ec7nh ti\u1ec3u \u0111\u01b0\u1eddng nhanh ch\u00f3ng n\u00e0y<\/a> \u0111\u1ec3 xem b\u1ea1n c\u00f3 g\u1eb7p nguy hi\u1ec3m kh\u00f4ng.<\/p>\n<p>B\u1ea1n c\u0169ng c\u00f3 th\u1ec3 k\u1ebft n\u1ed1i b\u1eb1ng c\u00e1ch tham d\u1ef1 m\u1ed9t s\u1ef1 ki\u1ec7n li\u00ean quan \u0111\u1ebfn s\u1ee9c kh\u1ecfe. <a href=\"https:\/\/www.midshorehealth.org\/events\" target=\"_blank\" rel=\"noopener\">Ki\u1ec3m tra l\u1ecbch s\u1ef1 ki\u1ec7n<\/a>\u00a0t\u1eeb Li\u00ean minh C\u1ea3i thi\u1ec7n S\u1ee9c kh\u1ecfe Mid Shore.<\/p>\n\t\t\t\t<img decoding=\"async\" src=\"http:\/\/211md.org\/wp-content\/uploads\/2024\/01\/Whats-the-211-hon.jpg\" alt=\"L\u1eddi nh\u1eafc nh\u1eafn tin 211 Hon l\u00e0 g\u00ec\" itemprop=\"image\" title=\"211 l\u00e0 g\u00ec v\u1eady em?\" onerror=\"this.style.display='none'\" loading=\"lazy\" \/>\n\t<h2>Ngu\u1ed3n l\u1ef1c c\u1ee7a Qu\u1eadn Caroline<\/h2>\n<p>T\u00ecm hi\u1ec3u v\u1ec1 <a href=\"https:\/\/211md.org\/vi\/whats-the-211\/\">211 l\u00e0 g\u00ec v\u1eady, th\u01b0a c\u00f4?<\/a> \u2013 m\u1ed9t n\u1ed7 l\u1ef1c c\u1ea5p c\u01a1 s\u1edf nh\u1eb1m n\u00e2ng cao nh\u1eadn th\u1ee9c v\u1ec1 c\u00e1ch 211 c\u00f3 th\u1ec3 gi\u00fap c\u01b0 d\u00e2n Qu\u1eadn Caroline t\u00ecm \u0111\u01b0\u1ee3c c\u00e1c ngu\u1ed3n l\u1ef1c d\u1ecbch v\u1ee5 nh\u00e2n sinh v\u00e0 y t\u1ebf \u0111\u1ecba ph\u01b0\u01a1ng. 211 lu\u00f4n s\u1eb5n s\u00e0ng 24\/7\/365.<\/p>\n<p>B\u1ea1n c\u0169ng c\u00f3 th\u1ec3 nh\u1eadn \u0111\u01b0\u1ee3c th\u00f4ng tin c\u1eadp nh\u1eadt b\u1eb1ng tin nh\u1eafn v\u0103n b\u1ea3n v\u1ec1 c\u00e1c ngu\u1ed3n th\u00f4ng tin y t\u1ebf c\u1ee7a Mid Shore. \u0110\u0103ng k\u00fd b\u1eb1ng c\u00e1ch nh\u1eafn tin cho MidShore t\u1edbi 898-211.<\/p>\n\t\t<h3>\t\n\tNh\u1eadn th\u00f4ng b\u00e1o v\u0103n b\u1ea3n MidShore<\/h3><p>Nh\u1eadn th\u00f4ng tin c\u1eadp nh\u1eadt b\u1eb1ng tin nh\u1eafn v\u0103n b\u1ea3n v\u1edbi c\u00e1c t\u00e0i nguy\u00ean c\u1ed9ng \u0111\u1ed3ng. \u0110\u0103ng k\u00fd b\u1eb1ng c\u00e1ch nh\u1eafn tin cho MidShore t\u1edbi 898-211.<\/p>\n\t\t<h4><a href=\"\/vi\/tai-nguyen\/lao-hoa-khuyet-tat\/?utm_source=Home&#038;utm_medium=Referral&#038;utm_campaign=211Resources&#038;utm_content=Aging\" target=\"_self\">L\u00e3o h\u00f3a &amp; Khuy\u1ebft t\u1eadt<\/a><\/h4>\n\t\t\t\t<a href=\"\/vi\/tai-nguyen\/lao-hoa-khuyet-tat\/?utm_source=Home&#038;utm_medium=Referral&#038;utm_campaign=211Resources&#038;utm_content=Aging\"  target=\"_self\" itemprop=\"url\">\n\t\t\t\t<img decoding=\"async\" src=\"https:\/\/211md.org\/wp-content\/uploads\/bb-plugin\/cache\/2025_MdInfoNet_Icon-Sets_Aging-disability-square-c466727102cae71e5f27b8539bb51945-.png\" alt=\"\" itemprop=\"image\" onerror=\"this.style.display='none'\" loading=\"lazy\" \/>\n\t\t\t\t<\/a>\n\t\t<h4><a href=\"\/vi\/tai-nguyen\/gia-dinh-tre-em\/?utm_source=Home&#038;utm_medium=Referral&#038;utm_campaign=211Resources&#038;utm_content=Children\" target=\"_self\">Tr\u1ebb em &amp; Gia \u0111\u00ecnh<\/a><\/h4>\n\t\t\t\t<a href=\"\/vi\/tai-nguyen\/gia-dinh-tre-em\/?utm_source=Home&#038;utm_medium=Referral&#038;utm_campaign=211Resources&#038;utm_content=Children\"  target=\"_self\" itemprop=\"url\">\n\t\t\t\t<img decoding=\"async\" src=\"https:\/\/211md.org\/wp-content\/uploads\/bb-plugin\/cache\/2025_211_Icon-Sets_Child-care-square-f3b0d4edab3dcc467fadb5f55f4064c6-.png\" alt=\"2025_211_B\u1ed9 bi\u1ec3u t\u01b0\u1ee3ng_Ch\u0103m s\u00f3c tr\u1ebb em\" itemprop=\"image\" height=\"417\" width=\"417\" title=\"2025_211_B\u1ed9 bi\u1ec3u t\u01b0\u1ee3ng_Ch\u0103m s\u00f3c tr\u1ebb em\" onerror=\"this.style.display='none'\" loading=\"lazy\" \/>\n\t\t\t\t<\/a>\n\t\t<h4><a href=\"\/vi\/tai-nguyen\/gia-dinh-bao-luc\/?utm_source=Home&#038;utm_medium=Referral&#038;utm_campaign=211Resources&#038;utm_content=Domestic\" target=\"_self\">B\u1ea1o l\u1ef1c gia \u0111\u00ecnh<\/a><\/h4>\n\t\t\t\t<a href=\"\/vi\/tai-nguyen\/gia-dinh-bao-luc\/?utm_source=Home&#038;utm_medium=Referral&#038;utm_campaign=211Resources&#038;utm_content=Domestic\"  target=\"_self\" itemprop=\"url\">\n\t\t\t\t<img decoding=\"async\" src=\"https:\/\/211md.org\/wp-content\/uploads\/bb-plugin\/cache\/2025_211_Icon-Sets_Domestic-Violence-square-7b597694a6f05fe90cdc376aa573bc63-.png\" alt=\"Bi\u1ec3u t\u01b0\u1ee3ng b\u1ea1o l\u1ef1c gia \u0111\u00ecnh\" itemprop=\"image\" height=\"417\" width=\"417\" title=\"2025_211_B\u1ed9 bi\u1ec3u t\u01b0\u1ee3ng_B\u1ea1o l\u1ef1c gia \u0111\u00ecnh\" onerror=\"this.style.display='none'\" loading=\"lazy\" \/>\n\t\t\t\t<\/a>\n\t\t<h4><a href=\"\/vi\/tai-nguyen\/tim-kiem-viec-lam\/?utm_source=Home&#038;utm_medium=Referral&#038;utm_campaign=211Resources&#038;utm_content=Employment\" target=\"_self\">Thu\u00ea ng\u01b0\u1eddi l\u00e0m<\/a><\/h4>\n\t\t\t\t<a href=\"\/vi\/tai-nguyen\/tim-kiem-viec-lam\/?utm_source=Home&#038;utm_medium=Referral&#038;utm_campaign=211Resources&#038;utm_content=Employment\"  target=\"_self\" itemprop=\"url\">\n\t\t\t\t<img decoding=\"async\" src=\"https:\/\/211md.org\/wp-content\/uploads\/bb-plugin\/cache\/2025_MdInfoNet_Icon-Sets_Employment-square-44707bd410e4df10a470bf130ebcea86-.png\" alt=\"\" itemprop=\"image\" onerror=\"this.style.display='none'\" loading=\"lazy\" \/>\n\t\t\t\t<\/a>\n\t\t<h4><a href=\"\/vi\/tai-nguyen\/cham-soc-suc-khoe\/?utm_source=Home&#038;utm_medium=Referral&#038;utm_campaign=211Resources&#038;utm_content=Health%20Care\" target=\"_self\">Ch\u0103m s\u00f3c s\u1ee9c kh\u1ecfe<\/a><\/h4>\n\t\t\t\t<a href=\"\/vi\/tai-nguyen\/cham-soc-suc-khoe\/?utm_source=Home&#038;utm_medium=Referral&#038;utm_campaign=211Resources&#038;utm_content=Health%20Care\"  target=\"_self\" itemprop=\"url\">\n\t\t\t\t<img decoding=\"async\" src=\"https:\/\/211md.org\/wp-content\/uploads\/bb-plugin\/cache\/2025_MdInfoNet_Icon-Sets_Health-Care-square-dee98a0060cbe0e7f27eda253fc12679-.png\" alt=\"\" itemprop=\"image\" onerror=\"this.style.display='none'\" loading=\"lazy\" \/>\n\t\t\t\t<\/a>\n\t\t<h4><a href=\"\/vi\/tai-nguyen\/gia-dinh-tre-em\/quan-he-ho-hang\/?utm_source=Home&#038;utm_medium=Referral&#038;utm_campaign=211Resources&#038;utm_content=Kinship\" target=\"_self\">h\u1ecd h\u00e0ng<\/a><\/h4>\n\t\t\t\t<a href=\"\/vi\/tai-nguyen\/gia-dinh-tre-em\/quan-he-ho-hang\/?utm_source=Home&#038;utm_medium=Referral&#038;utm_campaign=211Resources&#038;utm_content=Kinship\"  target=\"_self\" itemprop=\"url\">\n\t\t\t\t<img decoding=\"async\" src=\"https:\/\/211md.org\/wp-content\/uploads\/bb-plugin\/cache\/2025_211_Icon-Sets_Kinship-square-45bdf872866f5735f842c32071109267-.png\" alt=\"Bi\u1ec3u t\u01b0\u1ee3ng h\u1ecd h\u00e0ng\" itemprop=\"image\" height=\"417\" width=\"417\" title=\"2025_211_B\u1ed9 bi\u1ec3u t\u01b0\u1ee3ng_Quan h\u1ec7 h\u1ecd h\u00e0ng\" onerror=\"this.style.display='none'\" loading=\"lazy\" \/>\n\t\t\t\t<\/a>\n\t\t<h4><a href=\"\/vi\/tai-nguyen\/dich-vu-phap-ly\/?utm_source=Home&#038;utm_medium=Referral&#038;utm_campaign=211Resources&#038;utm_content=Legal\" target=\"_self\">D\u1ecbch v\u1ee5 ph\u00e1p l\u00fd<\/a><\/h4>\n\t\t\t\t<a href=\"\/vi\/tai-nguyen\/dich-vu-phap-ly\/?utm_source=Home&#038;utm_medium=Referral&#038;utm_campaign=211Resources&#038;utm_content=Legal\"  target=\"_self\" itemprop=\"url\">\n\t\t\t\t<img decoding=\"async\" src=\"https:\/\/211md.org\/wp-content\/uploads\/bb-plugin\/cache\/2025_MdInfoNet_Icon-Sets_Legal-square-18fdf438feb8435588174d9046463257-.png\" alt=\"\" itemprop=\"image\" onerror=\"this.style.display='none'\" loading=\"lazy\" \/>\n\t\t\t\t<\/a>\n\t\t<h4><a href=\"\/vi\/tai-nguyen\/suc-khoe-tinh-than\/?utm_source=Home&#038;utm_medium=Referral&#038;utm_campaign=211Resources&#038;utm_content=Mental\" target=\"_self\">S\u1ee9c kh\u1ecfe tinh th\u1ea7n<\/a><\/h4>\n\t\t\t\t<a href=\"\/vi\/tai-nguyen\/suc-khoe-tinh-than\/?utm_source=Home&#038;utm_medium=Referral&#038;utm_campaign=211Resources&#038;utm_content=Mental\"  target=\"_self\" itemprop=\"url\">\n\t\t\t\t<img decoding=\"async\" src=\"https:\/\/211md.org\/wp-content\/uploads\/bb-plugin\/cache\/2025_MdInfoNet_Icon-Sets_Mental-Health-square-c59b38c4a993a947d4c9280fbe2d2fee-.png\" alt=\"\" itemprop=\"image\" onerror=\"this.style.display='none'\" loading=\"lazy\" \/>\n\t\t\t\t<\/a>\n\t\t<h4><a href=\"\/vi\/tai-nguyen\/mdreentry\/?utm_source=Home&#038;utm_medium=Referral&#038;utm_campaign=211Resources&#038;utm_content=Reentry\" target=\"_self\">V\u00e0o l\u1ea1i<\/a><\/h4>\n\t\t\t\t<a href=\"\/vi\/tai-nguyen\/mdreentry\/?utm_source=Home&#038;utm_medium=Referral&#038;utm_campaign=211Resources&#038;utm_content=Reentry\"  target=\"_self\" itemprop=\"url\">\n\t\t\t\t<img decoding=\"async\" src=\"https:\/\/211md.org\/wp-content\/uploads\/bb-plugin\/cache\/2025_211_Icon-Sets_Reentry-square-8676fea38abd920a832f45642fe31cca-.png\" alt=\"Bi\u1ec3u t\u01b0\u1ee3ng nh\u1eadp l\u1ea1i\" itemprop=\"image\" height=\"417\" width=\"417\" title=\"2025_211_B\u1ed9 bi\u1ec3u t\u01b0\u1ee3ng_Nh\u1eadp l\u1ea1i\" onerror=\"this.style.display='none'\" loading=\"lazy\" \/>\n\t\t\t\t<\/a>\n\t\t<h4><a href=\"\/vi\/tai-nguyen\/su-dung-chat-kich-thich\/?utm_source=Home&#038;utm_medium=Referral&#038;utm_campaign=211Resources&#038;utm_content=Substance\" target=\"_self\">S\u1eed d\u1ee5ng ch\u1ea5t k\u00edch th\u00edch<\/a><\/h4>\n\t\t\t\t<a href=\"\/vi\/tai-nguyen\/su-dung-chat-kich-thich\/?utm_source=Home&#038;utm_medium=Referral&#038;utm_campaign=211Resources&#038;utm_content=Substance\"  target=\"_self\" itemprop=\"url\">\n\t\t\t\t<img decoding=\"async\" src=\"https:\/\/211md.org\/wp-content\/uploads\/bb-plugin\/cache\/2025_MdInfoNet_Icon-Sets_Substance-Abuse-square-9022fec9d18a64118ad685c101885b55-.png\" alt=\"\" itemprop=\"image\" onerror=\"this.style.display='none'\" loading=\"lazy\" \/>\n\t\t\t\t<\/a>\n\t\t<h4><a href=\"\/vi\/tai-nguyen\/cuu-chien-binh\/?utm_source=Home&#038;utm_medium=Referral&#038;utm_campaign=211Resources&#038;utm_content=Veterans\" target=\"_self\">c\u1ef1u chi\u1ebfn binh<\/a><\/h4>\n\t\t\t\t<a href=\"\/vi\/tai-nguyen\/cuu-chien-binh\/?utm_source=Home&#038;utm_medium=Referral&#038;utm_campaign=211Resources&#038;utm_content=Veterans\"  target=\"_self\" itemprop=\"url\">\n\t\t\t\t<img decoding=\"async\" src=\"https:\/\/211md.org\/wp-content\/uploads\/bb-plugin\/cache\/2025_MdInfoNet_Icon-Sets_Rating-square-6e60d00cce4faa8e0a6d4ad7366aa733-.png\" alt=\"\" itemprop=\"image\" onerror=\"this.style.display='none'\" loading=\"lazy\" \/>\n\t\t\t\t<\/a>","protected":false},"excerpt":{"rendered":"<p>T\u00ecm ngu\u1ed3n l\u1ef1c g\u1ea7n t\u00f4i T\u00ecm ki\u1ebfm ngay Th\u00eam c\u01a1 quan ho\u1eb7c t\u1ed5 ch\u1ee9c c\u1ee7a b\u1ea1n v\u00e0o c\u01a1 s\u1edf d\u1eef li\u1ec7u ngu\u1ed3n l\u1ef1c c\u1ee7a ch\u00fang t\u00f4i. Tr\u1ee3 gi\u00fap c\u00f3 s\u1eb5n n\u1ebfu b\u1ea1n s\u1ed1ng \u1edf Denton, Ridgely, Greensboro, Federalsburg, Hobbs, Asbury, Anthony, Agner, White Oak Manor, Reliance ho\u1eb7c m\u1ed9t th\u00e0nh ph\u1ed1 kh\u00e1c c\u1ee7a Qu\u1eadn Caroline. Quay s\u1ed1 211 \u0111\u1ec3 n\u00f3i chuy\u1ec7n v\u1edbi Chuy\u00ean gia th\u00f4ng tin v\u00e0 gi\u1edbi thi\u1ec7u. B\u1ea1n c\u0169ng c\u00f3 th\u1ec3 t\u00ecm ki\u1ebfm trong c\u01a1 s\u1edf d\u1eef li\u1ec7u.\u2026<\/p>","protected":false},"author":8,"featured_media":0,"parent":750,"menu_order":0,"comment_status":"closed","ping_status":"closed","template":"","meta":{"footnotes":""},"class_list":["post-1689","page","type-page","status-publish","hentry"],"_links":{"self":[{"href":"https:\/\/211md.org\/vi\/wp-json\/wp\/v2\/pages\/1689","targetHints":{"allow":["GET"]}}],"collection":[{"href":"https:\/\/211md.org\/vi\/wp-json\/wp\/v2\/pages"}],"about":[{"href":"https:\/\/211md.org\/vi\/wp-json\/wp\/v2\/types\/page"}],"author":[{"embeddable":true,"href":"https:\/\/211md.org\/vi\/wp-json\/wp\/v2\/users\/8"}],"replies":[{"embeddable":true,"href":"https:\/\/211md.org\/vi\/wp-json\/wp\/v2\/comments?post=1689"}],"version-history":[{"count":4,"href":"https:\/\/211md.org\/vi\/wp-json\/wp\/v2\/pages\/1689\/revisions"}],"predecessor-version":[{"id":34193,"href":"https:\/\/211md.org\/vi\/wp-json\/wp\/v2\/pages\/1689\/revisions\/34193"}],"up":[{"embeddable":true,"href":"https:\/\/211md.org\/vi\/wp-json\/wp\/v2\/pages\/750"}],"wp:attachment":[{"href":"https:\/\/211md.org\/vi\/wp-json\/wp\/v2\/media?parent=1689"}],"curies":[{"name":"wp","href":"https:\/\/api.w.org\/{rel}","templated":true}]}}