{"id":1694,"date":"2021-05-12T00:24:16","date_gmt":"2021-05-12T00:24:16","guid":{"rendered":"https:\/\/211md.org\/?page_id=1694"},"modified":"2025-10-29T06:56:09","modified_gmt":"2025-10-29T10:56:09","slug":"quan-calvert","status":"publish","type":"page","link":"https:\/\/211md.org\/vi\/resources-by-county\/calvert-county\/","title":{"rendered":"H\u1ea1t Calvert"},"content":{"rendered":"<h2><a href=\"https:\/\/search.211md.org\/\" target=\"_blank\"  rel=\"noopener\">T\u00ecm t\u00e0i nguy\u00ean g\u1ea7n t\u00f4i<\/a><\/h2>\n\t\t\t<a href=\"https:\/\/search.211md.org\/\" target=\"_blank\" rel=\"noopener\">\n\t\t\t\t\t\t\tT\u00ecm ki\u1ebfm ngay b\u00e2y gi\u1edd\n\t\t\t<\/a>\n\t<p><strong><a href=\"\/vi\/tham-gia-co-so-du-lieu-cua-chung-toi\/\">Th\u00eam c\u01a1 quan ho\u1eb7c t\u1ed5 ch\u1ee9c c\u1ee7a b\u1ea1n v\u00e0o c\u01a1 s\u1edf d\u1eef li\u1ec7u t\u00e0i nguy\u00ean c\u1ee7a ch\u00fang t\u00f4i.<\/a><\/strong><\/p>\n\t<p>B\u1ea1n kh\u00f4ng \u0111\u01a1n \u0111\u1ed9c \u1edf Qu\u1eadn Calvert. Tr\u1ee3 gi\u00fap lu\u00f4n s\u1eb5n s\u00e0ng 24\/7\/365 cho c\u00e1c c\u1ed9ng \u0111\u1ed3ng tr\u00ean to\u00e0n qu\u1eadn, bao g\u1ed3m Prince Frederick, Dares Beach, Barstow, Bowens, Fox Hill, Woodbridge, Adelina, Port Republic, Mutual, Governor Run, Chesapeake Beach, v.v.<\/p>\n<p>Quay s\u1ed1 211 \u0111\u1ec3 t\u00ecm t\u00e0i nguy\u00ean ho\u1eb7c t\u00ecm ki\u1ebfm trong c\u01a1 s\u1edf d\u1eef li\u1ec7u 211.<\/p>\n\t\t<h2>\t\n\tQuay s\u1ed1 211<\/h2><p>K\u1ebft n\u1ed1i v\u1edbi c\u00e1c ngu\u1ed3n l\u1ef1c c\u1ed9ng \u0111\u1ed3ng v\u00e0 h\u1ed7 tr\u1ee3 24\/7\/365.<\/p>\n<h2>H\u1ed7 tr\u1ee3 n\u0103ng l\u01b0\u1ee3ng<\/h2>\n<p>N\u1ebfu c\u1ea7n tr\u1ee3 gi\u00fap thanh to\u00e1n h\u00f3a \u0111\u01a1n ti\u1ec7n \u00edch, b\u1ea1n c\u00f3 th\u1ec3 n\u1ed9p \u0111\u01a1n xin tr\u1ee3 c\u1ea5p t\u1eeb V\u0103n ph\u00f2ng Ch\u01b0\u01a1ng tr\u00ecnh N\u0103ng l\u01b0\u1ee3ng Gia \u0111\u00ecnh (OHEP). C\u00e1c kho\u1ea3n tr\u1ee3 c\u1ea5p d\u1ef1a tr\u00ean thu nh\u1eadp \u0111\u01b0\u1ee3c cung c\u1ea5p cho c\u00e1c h\u00f3a \u0111\u01a1n \u0111i\u1ec7n v\u00e0 gas. Nh\u1eadn th\u00f4ng tin chi ti\u1ebft v\u1ec1 ch\u01b0\u01a1ng tr\u00ecnh v\u00e0 <a href=\"https:\/\/211md.org\/vi\/tai-nguyen\/ho-tro-tien-ich\/\" target=\"_blank\" rel=\"noopener\">m\u1eb9o \u0111i\u1ec1n \u0111\u01a1n<\/a>.<\/p>\n<p>N\u1ebfu b\u1ea1n c\u1ea7n tr\u1ee3 gi\u00fap \u0111i\u1ec1n c\u00e1c bi\u1ec3u m\u1eabu OHEP v\u00e0 \u0111\u0103ng k\u00fd h\u1ed7 tr\u1ee3 ti\u1ec7n \u00edch t\u1ea1i Qu\u1eadn Calvert, h\u00e3y li\u00ean h\u1ec7 v\u1edbi <a href=\"http:\/\/www.smtccac.org\/office-of-home-energy-program.aspx\" target=\"_blank\" rel=\"noopener\">\u1ee6y ban H\u00e0nh \u0111\u1ed9ng C\u1ed9ng \u0111\u1ed3ng Ba Qu\u1eadn Nam Maryland<\/a>\u00a0(SMTCCAC, Inc.) H\u1ecd c\u00f3 c\u00e1c \u0111\u1ecba \u0111i\u1ec3m \u1edf Huntingtown \u0111\u1ec3 gi\u00fap c\u01b0 d\u00e2n Qu\u1eadn Calvert thanh to\u00e1n h\u00f3a \u0111\u01a1n ti\u1ec7n \u00edch h\u1ee3p l\u00fd h\u01a1n.<\/p>\n<p>B\u1ea1n c\u0169ng c\u00f3 th\u1ec3 li\u00ean h\u1ec7 v\u1edbi nh\u00e0 cung c\u1ea5p d\u1ecbch v\u1ee5 ti\u1ec7n \u00edch c\u1ee7a m\u00ecnh v\u00e0 h\u1ecfi v\u1ec1 c\u00e1c th\u1ecfa thu\u1eadn thanh to\u00e1n h\u00f3a \u0111\u01a1n.<\/p>\n<p>&nbsp;<\/p>\n<h2>S\u1ee9c kh\u1ecfe tinh th\u1ea7n<\/h2>\n<p>B\u1ea1n c\u00f3 c\u1ea3m th\u1ea5y bu\u1ed3n, ch\u00e1n n\u1ea3n, c\u00f4 \u0111\u01a1n hay lo l\u1eafng kh\u00f4ng? C\u00e1c ngu\u1ed3n l\u1ef1c v\u1ec1 s\u1ee9c kh\u1ecfe t\u00e2m th\u1ea7n lu\u00f4n s\u1eb5n s\u00e0ng 24\/7\/365 b\u1eb1ng c\u00e1ch quay s\u1ed1 9-8-8 \u0111\u1ec3 n\u00f3i chuy\u1ec7n v\u1edbi c\u1ed1 v\u1ea5n kh\u1ee7ng ho\u1ea3ng.<\/p>\n<p>C\u00e1c\u00a0<a href=\"https:\/\/www.calverthealth.org\/personalhealth\/mentalhealth\/mhclinic.htm\" target=\"_blank\" rel=\"noopener\">S\u1edf Y T\u1ebf Qu\u1eadn Calvert<\/a>\u00a0c\u0169ng c\u00f3 Ph\u00f2ng kh\u00e1m S\u1ee9c kh\u1ecfe T\u00e2m th\u1ea7n cung c\u1ea5p c\u00e1c d\u1ecbch v\u1ee5 s\u1ee9c kh\u1ecfe t\u00e2m th\u1ea7n, bao g\u1ed3m \u0111\u00e1nh gi\u00e1, qu\u1ea3n l\u00fd v\u00e0 \u0111i\u1ec1u tr\u1ecb b\u1eb1ng thu\u1ed1c. G\u1ecdi cho S\u1edf Y t\u1ebf \u1edf Prince Frederick \u0111\u1ec3 \u0111\u01b0\u1ee3c tr\u1ee3 gi\u00fap th\u00eam: 410-535-5400 x318.<\/p>\n<p>B\u1ea1n c\u0169ng c\u00f3 th\u1ec3 <a href=\"https:\/\/search.988.mdinfonet.org\/\" target=\"_blank\" rel=\"noopener\">t\u00ecm ki\u1ebfm c\u01a1 s\u1edf d\u1eef li\u1ec7u t\u00e0i nguy\u00ean s\u1ee9c kh\u1ecfe h\u00e0nh vi to\u00e0n di\u1ec7n nh\u1ea5t c\u1ee7a ti\u1ec3u bang<\/a>, \u0111\u01b0\u1ee3c h\u1ed7 tr\u1ee3 b\u1edfi M\u1ea1ng th\u00f4ng tin Maryland.<\/p>\n<h2>T\u00ecm th\u1ee9c \u0103n \u1edf Qu\u1eadn Calvert<\/h2>\n<p>Qu\u1eadn Calvert c\u00f3 m\u1ed9t s\u1ed1 kho th\u1ef1c ph\u1ea9m v\u00e0 b\u1ebfp \u0103n c\u1ed9ng \u0111\u1ed3ng \u0111\u1ec3 gi\u00fap \u0111\u1ee1 c\u00e1c c\u00e1 nh\u00e2n v\u00e0 gia \u0111\u00ecnh \u0111ang c\u1ea7n th\u1ef1c ph\u1ea9m. Trung t\u00e2m T\u00e0i nguy\u00ean &amp; Nh\u00e0 b\u1ebfp C\u1ed9ng \u0111\u1ed3ng More Tasty Blessings cung c\u1ea5p b\u1eefa \u0103n t\u1ea1i ch\u1ed7 mi\u1ec5n ph\u00ed v\u00e0o th\u1ee9 N\u0103m h\u00e0ng tu\u1ea7n t\u1eeb 6 gi\u1edd chi\u1ec1u \u0111\u1ebfn 7 gi\u1edd t\u1ed1i. C\u00e1c \u0111\u1ecba \u0111i\u1ec3m thay \u0111\u1ed5i theo th\u00e1ng v\u00e0 b\u1ea1n c\u00f3 th\u1ec3 <a href=\"http:\/\/eastjohnyouth.org\/programs\/tasty-blessings\" target=\"_blank\" rel=\"noopener\">t\u00ecm th\u1ea5y ch\u00fang \u1edf \u0111\u00e2y<\/a>.<\/p>\n<p>Ng\u01b0\u1eddi cao ni\u00ean c\u0169ng c\u00f3 th\u1ec3 li\u00ean h\u1ec7 v\u1edbi Hands of God Mobile Ministry theo s\u1ed1 410-535-2275. Trong khi ng\u01b0\u1eddi cao ni\u00ean \u0111\u01b0\u1ee3c \u01b0u ti\u00ean, t\u1ea5t c\u1ea3 \u0111\u1ec1u \u0111\u01b0\u1ee3c ch\u00e0o \u0111\u00f3n.<\/p>\n<p>\u0110\u00e2y l\u00e0 nh\u1eefng kho th\u1ef1c ph\u1ea9m kh\u00e1c \u1edf Qu\u1eadn Calvert. Gi\u1edd c\u00f3 th\u1ec3 thay \u0111\u1ed5i n\u00ean h\u00e3y g\u1ecdi \u0111i\u1ec7n tr\u01b0\u1edbc khi \u0111\u1ebfn ph\u00f2ng \u0111\u1ef1ng th\u1ee9c \u0103n.<\/p>\n<p>&nbsp;<\/p>\n\t\t<h3>Ph\u00f2ng \u0111\u1ef1ng th\u1ee9c \u0103n c\u1ed9ng \u0111\u1ed3ng Bayside Baptist<\/h3><p>Nh\u00e0 th\u1edd Baptist Bayside<\/p>\n<p>3009 \u0110\u01b0\u1eddng b\u00e3i bi\u1ec3n Chesapeake<\/p>\n<p>B\u00e3i bi\u1ec3n Chesapeake, MD 20732<\/p>\n<p>410-257-0712<\/p>\n<p>&nbsp;<\/p>\n<p>Gi\u1ecf th\u1ef1c ph\u1ea9m \u0111\u00f3ng g\u00f3i s\u1eb5n cho c\u1ed9ng \u0111\u1ed3ng Chesapeake Beach v\u00e0 North Beach.<\/p>\n<p><strong>Th\u1ee9 B\u1ea3y 9:30 s\u00e1ng \u2013 11 gi\u1edd s\u00e1ng<\/strong><\/p>\n\t<iframe src=\"https:\/\/www.google.com\/maps\/embed\/v1\/place?q=3009+Chesapeake+Beach+Road%0AChesapeake+Beach%2C+MD+20732&#038;key=AIzaSyD09zQ9PNDNNy9TadMuzRV_UsPUoWKntt8\" aria-hidden=\"true\" title=\"Ph\u00f2ng \u0111\u1ef1ng th\u1ee9c \u0103n c\u1ed9ng \u0111\u1ed3ng Bayside\"><\/iframe>\n\t\t<h3>Ph\u00f2ng \u0111\u1ef1ng th\u1ee9c \u0103n c\u1ee7a Nh\u00e0 th\u1edd Gi\u00e1m l\u00fd Li\u00ean hi\u1ec7p Brooks<\/h3><p>5550 \u0110\u01b0\u1eddng Mackall<\/p>\n<p>Saint Leonard, MD 20685<\/p>\n<p>410-586-3972<\/p>\n<p><strong>Th\u1ee9 Ba 10 gi\u1edd s\u00e1ng \u2013 12 gi\u1edd tr\u01b0a\u00a0<\/strong><\/p>\n\t<iframe src=\"https:\/\/www.google.com\/maps\/embed\/v1\/place?q=5550+Mackall+Road%0ASaint+Leonard%2C+MD+20685&#038;key=AIzaSyD09zQ9PNDNNy9TadMuzRV_UsPUoWKntt8\" aria-hidden=\"true\" title=\"Nh\u00e0 th\u1edd Gi\u00e1m l\u00fd Li\u00ean hi\u1ec7p Brooks\"><\/iframe>\n\t\t<h3>Ph\u00f2ng \u0111\u1ef1ng th\u1ee9c \u0103n c\u1ed9ng \u0111\u1ed3ng c\u1ee7a Nh\u00e0 th\u1edd Calvert<\/h3><p>100 Jibsail \u1ed4<\/p>\n<p>Ho\u00e0ng t\u1eed Frederick, MD 20678<\/p>\n<p>410-414-7474<\/p>\n<p>D\u00e0nh cho b\u1ea5t k\u1ef3 ai \u1edf Qu\u1eadn Calvert ph\u00eda b\u1eafc \u0110\u01b0\u1eddng \u0110\u1ea3o Broomes. <a href=\"https:\/\/www.cccfp.org\/\" target=\"_blank\" rel=\"noopener\">C\u00f3 th\u00eam th\u00f4ng tin<\/a>.<\/p>\n<p><strong>Th\u1ee9 Hai, Th\u1ee9 Ba, Th\u1ee9 T\u01b0 9:00 s\u00e1ng \u2013 12:00 tr\u01b0a\u00a0<\/strong><\/p>\n\t<iframe src=\"https:\/\/www.google.com\/maps\/embed\/v1\/place?q=100+Jibsail+Drive%0APrince+Frederick%2C+MD+20678&#038;key=AIzaSyD09zQ9PNDNNy9TadMuzRV_UsPUoWKntt8\" aria-hidden=\"true\" title=\"Ph\u00f2ng \u0111\u1ef1ng th\u1ee9c \u0103n c\u1ed9ng \u0111\u1ed3ng c\u1ee7a Nh\u00e0 th\u1edd Calvert\"><\/iframe>\n\t\t<h3>Ph\u00f2ng \u0111\u1ef1ng th\u1ee9c \u0103n Calvert Lighthouse<\/h3><p>40 \u0110\u01b0\u1eddng Clay Hammond<\/p>\n<p>Ho\u00e0ng t\u1eed Frederick, MD 20678<\/p>\n<p>410-535-5515<\/p>\n<p>&nbsp;<\/p>\n<p><strong>Th\u1ee9 b\u1ea3y \u0111\u1ea7u ti\u00ean c\u1ee7a m\u1ed7i th\u00e1ng 11:00 s\u00e1ng \u2013 1:00 chi\u1ec1u\u00a0<\/strong><\/p>\n\t<iframe src=\"https:\/\/www.google.com\/maps\/embed\/v1\/place?q=40+Clay+Hammond+Road%0APrince+Frederick%2C+MD+20678&#038;key=AIzaSyD09zQ9PNDNNy9TadMuzRV_UsPUoWKntt8\" aria-hidden=\"true\" title=\"Ph\u00f2ng \u0111\u1ef1ng th\u1ee9c \u0103n Calvert Lighthouse\"><\/iframe>\n\t\t<h3>Ph\u00f2ng \u0111\u1ef1ng th\u1ee9c \u0103n Chesapeake Cares<\/h3><p>6045 \u0110\u01b0\u1eddng \u0110\u1ea3o Solomons<\/p>\n<p>Huntingtown, MD 20639<\/p>\n<p><a href=\"https:\/\/chesapeakechurch.org\/food-pantry\/\" target=\"_blank\" rel=\"noopener\">T\u00ecm hi\u1ec3u th\u00eam v\u1ec1 t\u1ee7 \u0111\u1ef1ng th\u1ee9c \u0103n<\/a>.<\/p>\n<p>410-257-3444<\/p>\n<p>&nbsp;<\/p>\n<p><strong>Th\u1ee9 Ba 5:30 chi\u1ec1u \u2013 7:30 t\u1ed1i<\/strong><\/p>\n<p><strong>Th\u1ee9 N\u0103m 9:30 s\u00e1ng \u2013 12:00 tr\u01b0a<\/strong><\/p>\n\t<iframe src=\"https:\/\/www.google.com\/maps\/embed\/v1\/place?q=6045+Solomons+Island+Road%0AHuntingtown%2C+MD+20639&#038;key=AIzaSyD09zQ9PNDNNy9TadMuzRV_UsPUoWKntt8\" aria-hidden=\"true\" title=\"Ph\u00f2ng \u0111\u1ef1ng th\u1ee9c \u0103n Chesapeake Cares\"><\/iframe>\n\t\t<h3>Nh\u00e0 th\u1edd Lutheran \u0111\u1ea7u ti\u00ean<\/h3><p>6300 \u0110\u1ea1i l\u1ed9 Nam Maryland.<\/p>\n<p>Huntingtown, MD 20639<\/p>\n<p>410-257-3030<\/p>\n<p>&nbsp;<\/p>\n<p><b>Th\u1ee9 Hai \u2013 Th\u1ee9 N\u0103m 9 gi\u1edd s\u00e1ng \u2013 2 gi\u1edd chi\u1ec1u<\/b><\/p>\n\t<iframe src=\"https:\/\/www.google.com\/maps\/embed\/v1\/place?q=6300+Southern+Maryland+Blvd.%0AHuntingtown%2C+MD+20639&#038;key=AIzaSyD09zQ9PNDNNy9TadMuzRV_UsPUoWKntt8\" aria-hidden=\"true\" title=\"Nh\u00e0 th\u1edd Lutheran \u0111\u1ea7u ti\u00ean\"><\/iframe>\n\t\t<h3>T\u1ee7 \u0111\u1ef1ng th\u1ee9c \u0103n t\u1eeb thi\u1ec7n c\u1ee7a c\u00e1c ch\u1ecb em<\/h3><p>Nh\u00e0 th\u1edd C\u00f4ng gi\u00e1o Th\u00e1nh Anthony<\/p>\n<p>8823 \u0110\u1ea1i l\u1ed9 Dayton<\/p>\n<p>B\u00e3i bi\u1ec3n ph\u00eda B\u1eafc, MD 20714<\/p>\n<p>410-286-7086<\/p>\n<p>&nbsp;<\/p>\n<p><b>Th\u1ee9 Ba 12 gi\u1edd tr\u01b0a \u2013 2 gi\u1edd chi\u1ec1u\u00a0<\/b><\/p>\n<p><strong>Th\u1ee9 T\u01b0 th\u1ee9 2 trong th\u00e1ng 5 gi\u1edd chi\u1ec1u \u2013 7 gi\u1edd t\u1ed1i<\/strong><\/p>\n<p><strong>Th\u1ee9 B\u1ea3y cu\u1ed1i c\u00f9ng c\u1ee7a th\u00e1ng 10 gi\u1edd s\u00e1ng \u2013 12 gi\u1edd tr\u01b0a<\/strong><\/p>\n<p><a href=\"https:\/\/stanthonycal.us\/ladies-of-charity\" target=\"_blank\" rel=\"noopener\">Xem gi\u1edd m\u1edbi nh\u1ea5t<\/a><\/p>\n\t<iframe src=\"https:\/\/www.google.com\/maps\/embed\/v1\/place?q=6300+Southern+Maryland+Blvd.%0AHuntingtown%2C+MD+20639&#038;key=AIzaSyD09zQ9PNDNNy9TadMuzRV_UsPUoWKntt8\" aria-hidden=\"true\" title=\"Nh\u00e0 th\u1edd Lutheran \u0111\u1ea7u ti\u00ean\"><\/iframe>\n\t\t<h3>Ph\u00f2ng \u0111\u1ef1ng th\u1ee9c \u0103n c\u1ee7a Gi\u00e1o x\u1ee9 Middleham v\u00e0 Saint Peter<\/h3><p>10210 \u0110\u01b0\u1eddng HG Trueman<\/p>\n<p>Lusby, MD 20657<\/p>\n<p>410-326-4948<\/p>\n<p>&nbsp;<\/p>\n<p><strong>G\u1ecdi \u0111\u1ec3 \u0111\u01b0\u1ee3c th\u00eam v\u00e0o danh s\u00e1ch.<\/strong><\/p>\n\t<iframe src=\"https:\/\/www.google.com\/maps\/embed\/v1\/place?q=10210+H+G+Trueman+Road%0ALusby%2C+MD+20657&#038;key=AIzaSyD09zQ9PNDNNy9TadMuzRV_UsPUoWKntt8\" aria-hidden=\"true\" title=\"Ph\u00f2ng \u0111\u1ef1ng th\u1ee9c \u0103n c\u1ee7a Gi\u00e1o x\u1ee9 Middleham v\u00e0 Saint Peter\"><\/iframe>\n\t\t<h3>Ph\u00f2ng \u0111\u1ef1ng th\u1ee9c \u0103n c\u1ee7a Mount Olive United Methodist<\/h3><p>10 \u0111\u01b0\u1eddng h\u1ed9i ch\u1ee3<\/p>\n<p>Ho\u00e0ng t\u1eed Frederick, MD 20678<\/p>\n<p>410-535-5756<\/p>\n<p>&nbsp;<\/p>\n<p><strong>Th\u1ee9 T\u01b0 c\u1ee7a tu\u1ea7n th\u1ee9 2 v\u00e0 th\u1ee9 4 h\u00e0ng th\u00e1ng 1:30 chi\u1ec1u \u2013 3:30 chi\u1ec1u<\/strong><\/p>\n\t<iframe src=\"https:\/\/www.google.com\/maps\/embed\/v1\/place?q=10+Fairground+Road%0APrince+Frederick%2C+MD+20678&#038;key=AIzaSyD09zQ9PNDNNy9TadMuzRV_UsPUoWKntt8\" aria-hidden=\"true\" title=\"Ph\u00f2ng \u0111\u1ef1ng th\u1ee9c \u0103n c\u1ee7a Mount Olive United Methodist\"><\/iframe>\n\t\t<h3>Ph\u00f2ng \u0111\u1ef1ng th\u1ee9c \u0103n New Life Calvert<\/h3><p>9690 Shepherds Creek Place<\/p>\n<p>La Plata, MD 20646<\/p>\n<p>301-609-8423<\/p>\n<p>&nbsp;<\/p>\n<p><strong>Th\u1ee9 Hai \u2013 Th\u1ee9 S\u00e1u 4 gi\u1edd chi\u1ec1u \u2013 6 gi\u1edd chi\u1ec1u\u00a0<\/strong><\/p>\n<p><a href=\"https:\/\/www.newlife.live\/missions\/\" target=\"_blank\" rel=\"noopener\">T\u00ecm hi\u1ec3u th\u00eam v\u1ec1 pantry<\/a>.<\/p>\n\t<iframe src=\"https:\/\/www.google.com\/maps\/embed\/v1\/place?q=9690+Shepherds+Creek+Place%0ALa+Plata%2C+MD+20646&#038;key=AIzaSyD09zQ9PNDNNy9TadMuzRV_UsPUoWKntt8\" aria-hidden=\"true\" title=\"Ph\u00f2ng \u0111\u1ef1ng th\u1ee9c \u0103n Life Calvert m\u1edbi\"><\/iframe>\n\t\t<h3>Ph\u00f2ng \u0111\u1ef1ng th\u1ee9c \u0103n c\u1ee7a B\u1ed9 \u0110\u1ea1i k\u1ebft SMILE<\/h3><p>10290 \u0110\u01b0\u1eddng HG Trueman<\/p>\n<p>Lusby, Maryland 20657<\/p>\n<p>410-326-0009<\/p>\n<p>Ph\u1ea3i l\u00e0 kh\u00e1ch h\u00e0ng c\u1ee7a SMILE. <a href=\"https:\/\/smileinc.org\/food-pantry\/\" target=\"_blank\" rel=\"noopener\">T\u00ecm hi\u1ec3u th\u00eam<\/a> v\u1ec1 vi\u1ec7c \u0111\u0103ng k\u00fd d\u1ecbch v\u1ee5 SMILE.<\/p>\n<p>&nbsp;<\/p>\n<p><strong>Th\u1ee9 Hai 9 gi\u1edd s\u00e1ng \u2013 10 gi\u1edd s\u00e1ng<\/strong><\/p>\n<p><strong>Th\u1ee9 T\u01b0 10 gi\u1edd s\u00e1ng \u2013 2 gi\u1edd chi\u1ec1u<\/strong><\/p>\n<p><strong>Th\u1ee9 N\u0103m v\u00e0 Th\u1ee9 S\u00e1u 10 gi\u1edd s\u00e1ng \u2013 12 gi\u1edd tr\u01b0a<\/strong><\/p>\n<p><strong>Th\u1ee9 B\u1ea3y 9 gi\u1edd s\u00e1ng \u2013 12 gi\u1edd tr\u01b0a<\/strong><\/p>\n\t<iframe src=\"https:\/\/www.google.com\/maps\/embed\/v1\/place?q=10290+H.G.+Trueman+Road%0ALusby%2C+Maryland+20657&#038;key=AIzaSyD09zQ9PNDNNy9TadMuzRV_UsPUoWKntt8\" aria-hidden=\"true\" title=\"Ph\u00f2ng \u0111\u1ef1ng th\u1ee9c \u0103n c\u1ee7a B\u1ed9 \u0110\u1ea1i k\u1ebft SMILE\"><\/iframe>\n\t\t<h3>Ph\u00f2ng \u0111\u1ef1ng th\u1ee9c \u0103n c\u1ee7a Trung t\u00e2m Truy\u1ec1n gi\u00e1o Solomons<\/h3><p>Nh\u00e0 th\u1edd Gi\u00e1m l\u00fd Th\u1ed1ng nh\u1ea5t Solomons<\/p>\n<p>14454 \u0110\u01b0\u1eddng \u0111\u1ea3o Solomons ph\u00eda Nam<\/p>\n<p>Solomons, MD 20688<\/p>\n<p>410-326-3278<\/p>\n<p>&nbsp;<\/p>\n<p><b>Th\u1ee9 Ba, Th\u1ee9 T\u01b0, Th\u1ee9 N\u0103m 10 gi\u1edd s\u00e1ng \u2013 1 gi\u1edd chi\u1ec1u<\/b><\/p>\n\t<iframe src=\"https:\/\/www.google.com\/maps\/embed\/v1\/place?q=14454+Solomons+Island+Road+South%0ASolomons%2C+MD+20688&#038;key=AIzaSyD09zQ9PNDNNy9TadMuzRV_UsPUoWKntt8\" aria-hidden=\"true\" title=\"Nh\u00e0 th\u1edd Gi\u00e1m l\u00fd Th\u1ed1ng nh\u1ea5t Solomons\"><\/iframe>\n\t\t<h3>Ph\u00f2ng \u0111\u1ef1ng th\u1ee9c \u0103n li\u00ean t\u00f4n gi\u00e1o St. John Vianney<\/h3><p>105 ng\u00f5 Vianney<\/p>\n<p>Ho\u00e0ng t\u1eed Frederick, MD 20678<\/p>\n<p>410-286-1944<\/p>\n<p>&nbsp;<\/p>\n<p><b>Th\u1ee9 T\u01b0 3 gi\u1edd chi\u1ec1u \u2013 6 gi\u1edd chi\u1ec1u<\/b><\/p>\n<p><a href=\"https:\/\/www.sjvchurch.net\/food-pantry\" target=\"_blank\" rel=\"noopener\">T\u00ecm hi\u1ec3u th\u00eam v\u1ec1 t\u1ee7 \u0111\u1ef1ng th\u1ee9c \u0103n.<\/a><\/p>\n\t<iframe src=\"https:\/\/www.google.com\/maps\/embed\/v1\/place?q=105+Vianney+Lane%0APrince+Frederick%2C+MD+20678&#038;key=AIzaSyD09zQ9PNDNNy9TadMuzRV_UsPUoWKntt8\" aria-hidden=\"true\" title=\"Ph\u00f2ng \u0111\u1ef1ng th\u1ee9c \u0103n li\u00ean t\u00f4n gi\u00e1o St. John Vianney\"><\/iframe>\n<h2>Nh\u1eadn tr\u1ee3 gi\u00fap v\u1edbi c\u00e1c nhu c\u1ea7u thi\u1ebft y\u1ebfu kh\u00e1c<\/h2>\n<p>N\u1ebfu b\u1ea1n c\u1ea7n tr\u1ee3 gi\u00fap cho m\u1ed9t nhu c\u1ea7u thi\u1ebft y\u1ebfu kh\u00e1c, b\u1ea1n c\u00f3 th\u1ec3:<\/p>\n<ul>\n<li>Quay s\u1ed1 211<\/li>\n<li>T\u00ecm ki\u1ebfm 211 ngu\u1ed3n t\u00e0i nguy\u00ean b\u00ean d\u01b0\u1edbi \u0111\u1ec3 bi\u1ebft th\u00f4ng tin v\u1ec1 c\u00e1c ch\u01b0\u01a1ng tr\u00ecnh nh\u01b0 WIC v\u00e0 SNAP (phi\u1ebfu th\u1ef1c ph\u1ea9m)<\/li>\n<li>Xem danh s\u00e1ch t\u1eeb <a href=\"https:\/\/ourcalvert.org\/services\" target=\"_blank\" rel=\"noopener\">Calvert c\u1ee7a ch\u00fang t\u00f4i \u2013 T\u00e0i nguy\u00ean cho cu\u1ed9c s\u1ed1ng<\/a>, x\u00e1c \u0111\u1ecbnh c\u00e1c t\u00e0i nguy\u00ean c\u1ee5c b\u1ed9 nh\u01b0 <a href=\"https:\/\/ourcalvert.org\/index.php\/\" target=\"_blank\" rel=\"noopener\">Ng\u00e2n h\u00e0ng T\u00e3 gi\u1ea5y Qu\u1eadn Calvert<\/a>, c\u00e1c t\u1ed5 ch\u1ee9c gi\u00fap \u0111\u1ee1 v\u1ec1 qu\u1ea7n \u00e1o v\u00e0 h\u1ed7 tr\u1ee3 t\u00e0i ch\u00ednh, v.v.<\/li>\n<\/ul>\n<p>B\u1ea5t k\u1ec3 b\u1ea1n s\u1ed1ng \u1edf \u0111\u00e2u, 211 lu\u00f4n s\u1eb5n s\u00e0ng tr\u1ee3 gi\u00fap.<\/p>\n\t\t<h4><a href=\"\/vi\/tai-nguyen\/lao-hoa-khuyet-tat\/?utm_source=Home&#038;utm_medium=Referral&#038;utm_campaign=211Resources&#038;utm_content=Aging\" target=\"_self\">L\u00e3o h\u00f3a &amp; Khuy\u1ebft t\u1eadt<\/a><\/h4>\n\t\t\t\t<a href=\"\/vi\/tai-nguyen\/lao-hoa-khuyet-tat\/?utm_source=Home&#038;utm_medium=Referral&#038;utm_campaign=211Resources&#038;utm_content=Aging\"  target=\"_self\" itemprop=\"url\">\n\t\t\t\t<img decoding=\"async\" src=\"https:\/\/211md.org\/wp-content\/uploads\/bb-plugin\/cache\/2025_MdInfoNet_Icon-Sets_Aging-disability-square-c466727102cae71e5f27b8539bb51945-.png\" alt=\"\" itemprop=\"image\" onerror=\"this.style.display='none'\" loading=\"lazy\" \/>\n\t\t\t\t<\/a>\n\t\t<h4><a href=\"\/vi\/tai-nguyen\/gia-dinh-tre-em\/?utm_source=Home&#038;utm_medium=Referral&#038;utm_campaign=211Resources&#038;utm_content=Children\" target=\"_self\">Tr\u1ebb em &amp; Gia \u0111\u00ecnh<\/a><\/h4>\n\t\t\t\t<a href=\"\/vi\/tai-nguyen\/gia-dinh-tre-em\/?utm_source=Home&#038;utm_medium=Referral&#038;utm_campaign=211Resources&#038;utm_content=Children\"  target=\"_self\" itemprop=\"url\">\n\t\t\t\t<img decoding=\"async\" src=\"https:\/\/211md.org\/wp-content\/uploads\/bb-plugin\/cache\/2025_211_Icon-Sets_Child-care-square-f3b0d4edab3dcc467fadb5f55f4064c6-.png\" alt=\"2025_211_B\u1ed9 bi\u1ec3u t\u01b0\u1ee3ng_Ch\u0103m s\u00f3c tr\u1ebb em\" itemprop=\"image\" height=\"417\" width=\"417\" title=\"2025_211_B\u1ed9 bi\u1ec3u t\u01b0\u1ee3ng_Ch\u0103m s\u00f3c tr\u1ebb em\" onerror=\"this.style.display='none'\" loading=\"lazy\" \/>\n\t\t\t\t<\/a>\n\t\t<h4><a href=\"\/vi\/tai-nguyen\/gia-dinh-bao-luc\/?utm_source=Home&#038;utm_medium=Referral&#038;utm_campaign=211Resources&#038;utm_content=Domestic\" target=\"_self\">B\u1ea1o l\u1ef1c gia \u0111\u00ecnh<\/a><\/h4>\n\t\t\t\t<a href=\"\/vi\/tai-nguyen\/gia-dinh-bao-luc\/?utm_source=Home&#038;utm_medium=Referral&#038;utm_campaign=211Resources&#038;utm_content=Domestic\"  target=\"_self\" itemprop=\"url\">\n\t\t\t\t<img decoding=\"async\" src=\"https:\/\/211md.org\/wp-content\/uploads\/bb-plugin\/cache\/2025_211_Icon-Sets_Domestic-Violence-square-7b597694a6f05fe90cdc376aa573bc63-.png\" alt=\"Bi\u1ec3u t\u01b0\u1ee3ng b\u1ea1o l\u1ef1c gia \u0111\u00ecnh\" itemprop=\"image\" height=\"417\" width=\"417\" title=\"2025_211_B\u1ed9 bi\u1ec3u t\u01b0\u1ee3ng_B\u1ea1o l\u1ef1c gia \u0111\u00ecnh\" onerror=\"this.style.display='none'\" loading=\"lazy\" \/>\n\t\t\t\t<\/a>\n\t\t<h4><a href=\"\/vi\/tai-nguyen\/tim-kiem-viec-lam\/?utm_source=Home&#038;utm_medium=Referral&#038;utm_campaign=211Resources&#038;utm_content=Employment\" target=\"_self\">Thu\u00ea ng\u01b0\u1eddi l\u00e0m<\/a><\/h4>\n\t\t\t\t<a href=\"\/vi\/tai-nguyen\/tim-kiem-viec-lam\/?utm_source=Home&#038;utm_medium=Referral&#038;utm_campaign=211Resources&#038;utm_content=Employment\"  target=\"_self\" itemprop=\"url\">\n\t\t\t\t<img decoding=\"async\" src=\"https:\/\/211md.org\/wp-content\/uploads\/bb-plugin\/cache\/2025_MdInfoNet_Icon-Sets_Employment-square-44707bd410e4df10a470bf130ebcea86-.png\" alt=\"\" itemprop=\"image\" onerror=\"this.style.display='none'\" loading=\"lazy\" \/>\n\t\t\t\t<\/a>\n\t\t<h4><a href=\"\/vi\/tai-nguyen\/cham-soc-suc-khoe\/?utm_source=Home&#038;utm_medium=Referral&#038;utm_campaign=211Resources&#038;utm_content=Health%20Care\" target=\"_self\">Ch\u0103m s\u00f3c s\u1ee9c kh\u1ecfe<\/a><\/h4>\n\t\t\t\t<a href=\"\/vi\/tai-nguyen\/cham-soc-suc-khoe\/?utm_source=Home&#038;utm_medium=Referral&#038;utm_campaign=211Resources&#038;utm_content=Health%20Care\"  target=\"_self\" itemprop=\"url\">\n\t\t\t\t<img decoding=\"async\" src=\"https:\/\/211md.org\/wp-content\/uploads\/bb-plugin\/cache\/2025_MdInfoNet_Icon-Sets_Health-Care-square-dee98a0060cbe0e7f27eda253fc12679-.png\" alt=\"\" itemprop=\"image\" onerror=\"this.style.display='none'\" loading=\"lazy\" \/>\n\t\t\t\t<\/a>\n\t\t<h4><a href=\"\/vi\/tai-nguyen\/gia-dinh-tre-em\/quan-he-ho-hang\/?utm_source=Home&#038;utm_medium=Referral&#038;utm_campaign=211Resources&#038;utm_content=Kinship\" target=\"_self\">h\u1ecd h\u00e0ng<\/a><\/h4>\n\t\t\t\t<a href=\"\/vi\/tai-nguyen\/gia-dinh-tre-em\/quan-he-ho-hang\/?utm_source=Home&#038;utm_medium=Referral&#038;utm_campaign=211Resources&#038;utm_content=Kinship\"  target=\"_self\" itemprop=\"url\">\n\t\t\t\t<img decoding=\"async\" src=\"https:\/\/211md.org\/wp-content\/uploads\/bb-plugin\/cache\/2025_211_Icon-Sets_Kinship-square-45bdf872866f5735f842c32071109267-.png\" alt=\"Bi\u1ec3u t\u01b0\u1ee3ng h\u1ecd h\u00e0ng\" itemprop=\"image\" height=\"417\" width=\"417\" title=\"2025_211_B\u1ed9 bi\u1ec3u t\u01b0\u1ee3ng_Quan h\u1ec7 h\u1ecd h\u00e0ng\" onerror=\"this.style.display='none'\" loading=\"lazy\" \/>\n\t\t\t\t<\/a>\n\t\t<h4><a href=\"\/vi\/tai-nguyen\/dich-vu-phap-ly\/?utm_source=Home&#038;utm_medium=Referral&#038;utm_campaign=211Resources&#038;utm_content=Legal\" target=\"_self\">D\u1ecbch v\u1ee5 ph\u00e1p l\u00fd<\/a><\/h4>\n\t\t\t\t<a href=\"\/vi\/tai-nguyen\/dich-vu-phap-ly\/?utm_source=Home&#038;utm_medium=Referral&#038;utm_campaign=211Resources&#038;utm_content=Legal\"  target=\"_self\" itemprop=\"url\">\n\t\t\t\t<img decoding=\"async\" src=\"https:\/\/211md.org\/wp-content\/uploads\/bb-plugin\/cache\/2025_MdInfoNet_Icon-Sets_Legal-square-18fdf438feb8435588174d9046463257-.png\" alt=\"\" itemprop=\"image\" onerror=\"this.style.display='none'\" loading=\"lazy\" \/>\n\t\t\t\t<\/a>\n\t\t<h4><a href=\"\/vi\/tai-nguyen\/suc-khoe-tinh-than\/?utm_source=Home&#038;utm_medium=Referral&#038;utm_campaign=211Resources&#038;utm_content=Mental\" target=\"_self\">S\u1ee9c kh\u1ecfe tinh th\u1ea7n<\/a><\/h4>\n\t\t\t\t<a href=\"\/vi\/tai-nguyen\/suc-khoe-tinh-than\/?utm_source=Home&#038;utm_medium=Referral&#038;utm_campaign=211Resources&#038;utm_content=Mental\"  target=\"_self\" itemprop=\"url\">\n\t\t\t\t<img decoding=\"async\" src=\"https:\/\/211md.org\/wp-content\/uploads\/bb-plugin\/cache\/2025_MdInfoNet_Icon-Sets_Mental-Health-square-c59b38c4a993a947d4c9280fbe2d2fee-.png\" alt=\"\" itemprop=\"image\" onerror=\"this.style.display='none'\" loading=\"lazy\" \/>\n\t\t\t\t<\/a>\n\t\t<h4><a href=\"\/vi\/tai-nguyen\/mdreentry\/?utm_source=Home&#038;utm_medium=Referral&#038;utm_campaign=211Resources&#038;utm_content=Reentry\" target=\"_self\">V\u00e0o l\u1ea1i<\/a><\/h4>\n\t\t\t\t<a href=\"\/vi\/tai-nguyen\/mdreentry\/?utm_source=Home&#038;utm_medium=Referral&#038;utm_campaign=211Resources&#038;utm_content=Reentry\"  target=\"_self\" itemprop=\"url\">\n\t\t\t\t<img decoding=\"async\" src=\"https:\/\/211md.org\/wp-content\/uploads\/bb-plugin\/cache\/2025_211_Icon-Sets_Reentry-square-8676fea38abd920a832f45642fe31cca-.png\" alt=\"Bi\u1ec3u t\u01b0\u1ee3ng nh\u1eadp l\u1ea1i\" itemprop=\"image\" height=\"417\" width=\"417\" title=\"2025_211_B\u1ed9 bi\u1ec3u t\u01b0\u1ee3ng_Nh\u1eadp l\u1ea1i\" onerror=\"this.style.display='none'\" loading=\"lazy\" \/>\n\t\t\t\t<\/a>\n\t\t<h4><a href=\"\/vi\/tai-nguyen\/su-dung-chat-kich-thich\/?utm_source=Home&#038;utm_medium=Referral&#038;utm_campaign=211Resources&#038;utm_content=Substance\" target=\"_self\">S\u1eed d\u1ee5ng ch\u1ea5t k\u00edch th\u00edch<\/a><\/h4>\n\t\t\t\t<a href=\"\/vi\/tai-nguyen\/su-dung-chat-kich-thich\/?utm_source=Home&#038;utm_medium=Referral&#038;utm_campaign=211Resources&#038;utm_content=Substance\"  target=\"_self\" itemprop=\"url\">\n\t\t\t\t<img decoding=\"async\" src=\"https:\/\/211md.org\/wp-content\/uploads\/bb-plugin\/cache\/2025_MdInfoNet_Icon-Sets_Substance-Abuse-square-9022fec9d18a64118ad685c101885b55-.png\" alt=\"\" itemprop=\"image\" onerror=\"this.style.display='none'\" loading=\"lazy\" \/>\n\t\t\t\t<\/a>\n\t\t<h4><a href=\"\/vi\/tai-nguyen\/cuu-chien-binh\/?utm_source=Home&#038;utm_medium=Referral&#038;utm_campaign=211Resources&#038;utm_content=Veterans\" target=\"_self\">c\u1ef1u chi\u1ebfn binh<\/a><\/h4>\n\t\t\t\t<a href=\"\/vi\/tai-nguyen\/cuu-chien-binh\/?utm_source=Home&#038;utm_medium=Referral&#038;utm_campaign=211Resources&#038;utm_content=Veterans\"  target=\"_self\" itemprop=\"url\">\n\t\t\t\t<img decoding=\"async\" src=\"https:\/\/211md.org\/wp-content\/uploads\/bb-plugin\/cache\/2025_MdInfoNet_Icon-Sets_Rating-square-6e60d00cce4faa8e0a6d4ad7366aa733-.png\" alt=\"\" itemprop=\"image\" onerror=\"this.style.display='none'\" loading=\"lazy\" \/>\n\t\t\t\t<\/a>","protected":false},"excerpt":{"rendered":"<p>T\u00ecm ngu\u1ed3n l\u1ef1c g\u1ea7n t\u00f4i T\u00ecm ki\u1ebfm ngay Th\u00eam c\u01a1 quan ho\u1eb7c t\u1ed5 ch\u1ee9c c\u1ee7a b\u1ea1n v\u00e0o c\u01a1 s\u1edf d\u1eef li\u1ec7u ngu\u1ed3n l\u1ef1c c\u1ee7a ch\u00fang t\u00f4i. B\u1ea1n kh\u00f4ng \u0111\u01a1n \u0111\u1ed9c \u1edf Qu\u1eadn Calvert. Tr\u1ee3 gi\u00fap c\u00f3 s\u1eb5n 24\/7\/365 cho c\u00e1c c\u1ed9ng \u0111\u1ed3ng tr\u00ean kh\u1eafp qu\u1eadn, bao g\u1ed3m Prince Frederick, Dares Beach, Barstow, Bowens, Fox Hill, Woodbridge, Adelina, Port Republic, Mutual, Governor Run, Chesapeake Beach v\u00e0 nhi\u1ec1u n\u01a1i kh\u00e1c. Quay s\u1ed1 211 \u0111\u1ec3 t\u00ecm\u2026<\/p>","protected":false},"author":8,"featured_media":0,"parent":750,"menu_order":0,"comment_status":"closed","ping_status":"closed","template":"","meta":{"footnotes":""},"class_list":["post-1694","page","type-page","status-publish","hentry"],"_links":{"self":[{"href":"https:\/\/211md.org\/vi\/wp-json\/wp\/v2\/pages\/1694","targetHints":{"allow":["GET"]}}],"collection":[{"href":"https:\/\/211md.org\/vi\/wp-json\/wp\/v2\/pages"}],"about":[{"href":"https:\/\/211md.org\/vi\/wp-json\/wp\/v2\/types\/page"}],"author":[{"embeddable":true,"href":"https:\/\/211md.org\/vi\/wp-json\/wp\/v2\/users\/8"}],"replies":[{"embeddable":true,"href":"https:\/\/211md.org\/vi\/wp-json\/wp\/v2\/comments?post=1694"}],"version-history":[{"count":6,"href":"https:\/\/211md.org\/vi\/wp-json\/wp\/v2\/pages\/1694\/revisions"}],"predecessor-version":[{"id":34072,"href":"https:\/\/211md.org\/vi\/wp-json\/wp\/v2\/pages\/1694\/revisions\/34072"}],"up":[{"embeddable":true,"href":"https:\/\/211md.org\/vi\/wp-json\/wp\/v2\/pages\/750"}],"wp:attachment":[{"href":"https:\/\/211md.org\/vi\/wp-json\/wp\/v2\/media?parent=1694"}],"curies":[{"name":"wp","href":"https:\/\/api.w.org\/{rel}","templated":true}]}}