{"id":1696,"date":"2021-05-12T00:24:36","date_gmt":"2021-05-12T00:24:36","guid":{"rendered":"https:\/\/211md.org\/?page_id=1696"},"modified":"2026-03-20T16:48:27","modified_gmt":"2026-03-20T20:48:27","slug":"quan-anne-arundel","status":"publish","type":"page","link":"https:\/\/211md.org\/vi\/resources-by-county\/anne-arundel-county\/","title":{"rendered":"H\u1ea1t Anne Arundel"},"content":{"rendered":"<figure data-animation-delay=\"0\" data-animation-duration=\"1\" itemscope=\"\" itemtype=\"https:\/\/schema.org\/ImageObject\">\n\t\t\t\t<img decoding=\"async\" src=\"https:\/\/stg-maryland211-staging.kinsta.cloud\/wp-content\/uploads\/2025\/08\/5-1-scaled.png\" alt=\"5\" height=\"692\" width=\"2560\" title=\"5\" onerror=\"this.style.display='none'\" loading=\"lazy\">\n\t<\/figure>\n\t\t<p>We&#8217;re making it easy to find go-to community resources in Anne Arundel County.<\/p>\n<p>211&#8217;s guide to Anne Arundel County includes some of the most common resources for basic needs such as food and utility assistance.<\/p>\n<p>Or you can get started by searching for resources by ZIP code in 211&#8217;s Community Resource Database.<\/p>\n\t\t\t<a href=\"https:\/\/search.211md.org\/\" target=\"_blank\" rel=\"noopener\">\n\t\t\t\t\t\tSearch for resources nearby\n\t\t\t\t\t<\/a>\n<figure data-animation-delay=\"0\" data-animation-duration=\"1\" itemscope=\"\" itemtype=\"https:\/\/schema.org\/ImageObject\">\n\t\t\t\t<img decoding=\"async\" src=\"https:\/\/211md.org\/wp-content\/plugins\/bb-plugin\/img\/pixel.png\" alt=\"\" onerror=\"this.style.display='none'\" loading=\"lazy\">\n\t<\/figure>\n<figure data-animation-delay=\"0\" data-animation-duration=\"1.3\" itemscope=\"\" itemtype=\"https:\/\/schema.org\/ImageObject\">\n\t\t\t\t<img decoding=\"async\" src=\"https:\/\/stg-maryland211-staging.kinsta.cloud\/wp-content\/uploads\/2025\/08\/16.png\" alt=\"16\" height=\"1000\" width=\"1000\" title=\"16\" onerror=\"this.style.display='none'\" loading=\"lazy\">\n\t<\/figure>\n<figure itemscope=\"\" itemtype=\"https:\/\/schema.org\/ImageObject\">\n\t\t\t\t<img decoding=\"async\" src=\"https:\/\/211md.org\/wp-content\/uploads\/2022\/09\/free-food-box.jpg\" alt=\"h\u1ed9p th\u1ee9c \u0103n mi\u1ec5n ph\u00ed\" height=\"667\" width=\"1000\" title=\"h\u1ed9p-\u0111\u1ed3 \u0103n mi\u1ec5n ph\u00ed\" onerror=\"this.style.display='none'\" loading=\"lazy\">\n\t<\/figure>\n\t<h2>T\u00ecm \u0111\u1ed3 \u0103n<\/h2>\n<p>T\u1ea1i Qu\u1eadn Anne Arundel, \u0110\u01b0\u1eddng d\u00e2y n\u00f3ng ti\u1ebfp c\u1eadn th\u1ef1c ph\u1ea9m c\u00f3 th\u1ec3 gi\u00fap b\u1ea1n t\u00ecm c\u00e1c kho th\u1ef1c ph\u1ea9m v\u00e0 c\u00e1c ngu\u1ed3n th\u1ef1c ph\u1ea9m kh\u00e1c. B\u1ea1n c\u00f3 th\u1ec3 g\u1ecdi 410-222-FOOD (3663).<\/p>\n<p>You can also search our <a href=\"https:\/\/search.211md.org\/\" target=\"_blank\" rel=\"noopener\">C\u01a1 s\u1edf d\u1eef li\u1ec7u t\u00e0i nguy\u00ean c\u1ed9ng \u0111\u1ed3ng<\/a> by ZIP code or the <a href=\"https:\/\/aafoodbank.org\/pantry-map\/\" target=\"_blank\" rel=\"noopener\">Anne Arundel County Food Bank<\/a>.<\/p>\n<h3>Food and financial help<\/h3>\n<p>Serving People Across Neighborhoods (SPAN) is a community group helping individuals and families in a number of ways &#8211; through food and financial help.<\/p>\n<p>Call first to ensure you qualify for services. You can call 410-647-0089 between 10 a.m. and 1:30 p.m. Monday through Thursday. Hours may vary.<\/p>\n<p>Located in Severna Park, SPAN has two service areas. The primary area is the only one that helps with food.<\/p>\n<p>Residents in this primary area can also get financial assistance with prescriptions\/medical co-pays, utility turn-off notices, or eviction.<\/p>\n<p>The primary ZIP codes include:<\/p>\n<ul>\n<li aria-level=\"1\">21012 Arnold<\/li>\n<li aria-level=\"1\">21409 C\u1ed5 r\u1ed9ng<\/li>\n<li aria-level=\"1\">21108 Millersville<\/li>\n<li aria-level=\"1\">21146 C\u00f4ng vi\u00ean Severna<\/li>\n<\/ul>\n<p>\u0110\u00e2y l\u00e0 nh\u1eefng khu v\u1ef1c duy nh\u1ea5t \u0111\u1ee7 \u0111i\u1ec1u ki\u1ec7n nh\u1eadn th\u1ef1c ph\u1ea9m. B\u1ea1n c\u00f3 th\u1ec3 nh\u1eadn th\u1ef1c ph\u1ea9m hai l\u1ea7n trong th\u00e1ng \u0111\u1ea7u ti\u00ean v\u00e0 m\u1ed7i th\u00e1ng m\u1ed9t l\u1ea7n.<\/p>\n\t<h2>SPAN&#8217;s Other Anne Arundel Programs<\/h2>\n<p>SPAN also has a secondary service area that provides financial assistance only. Secondary areas are eligible for:<\/p>\n<ul>\n<li>utility turn-off notices<\/li>\n<li>tr\u1ee5c xu\u1ea5t<\/li>\n<li>\u0111\u01a1n thu\u1ed1c<\/li>\n<li>medical co-pays<\/li>\n<\/ul>\n<p>Benefits are offered once every 12 months for those who qualify, and the benefit is up to $200 a year.<\/p>\n<p>Khu v\u1ef1c d\u1ecbch v\u1ee5 th\u1ee9 c\u1ea5p bao g\u1ed3m:<\/p>\n<ul>\n<li aria-level=\"1\">20755 Ph\u00e1o \u0111\u00e0i Meade<\/li>\n<li aria-level=\"1\">21090 Linthicum<\/li>\n<li aria-level=\"1\">2114 Severn<\/li>\n<li aria-level=\"1\">21225 C\u00f4ng vi\u00ean Brooklyn<\/li>\n<\/ul>\n<p>There are additional ZIP codes that may also qualify, but referrals are required from other agencies.<\/p>\n<p>With a referral from NCEON (410-255-3677), people in these ZIP codes may qualify:<\/p>\n<ul>\n<li>21122 Pasadena<\/li>\n<li aria-level=\"1\">21061 Glen Burnie<\/li>\n<\/ul>\n<p>For those living in these ZIP codes, a referral is required from Crofton Christian Caring Council (<a href=\"https:\/\/www.spanhelps.org\/need_help\" target=\"_blank\" rel=\"noopener\">S\u1ed1 \u0111i\u1ec7n tho\u1ea1i thay \u0111\u1ed5i theo ng\u00e0y<\/a>)<\/p>\n<ul>\n<li aria-level=\"1\">21032 Crownsville<\/li>\n<li aria-level=\"1\">21054 Gambrills<\/li>\n<li aria-level=\"1\">21113 Odenton<\/li>\n<li aria-level=\"1\">21114 Crofton<\/li>\n<\/ul>\n<p><a href=\"https:\/\/www.spanhelps.org\/need_help\" target=\"_blank\" rel=\"noopener\">Nh\u1eadn tr\u1ee3 gi\u00fap t\u1eeb SPAN<\/a> ho\u1eb7c g\u1ecdi s\u1ed1 410-647-0889 \u0111\u1ec3 \u0111\u01b0\u1ee3c gi\u1ea3i \u0111\u00e1p th\u1eafc m\u1eafc v\u1ec1 \u0111i\u1ec1u ki\u1ec7n tham gia.<\/p>\n<figure data-animation-delay=\"0\" data-animation-duration=\"1\" itemscope=\"\" itemtype=\"https:\/\/schema.org\/ImageObject\">\n\t\t\t\t<img decoding=\"async\" src=\"http:\/\/211md.org\/wp-content\/uploads\/2022\/09\/Woman-holding-utility-bill-and-needing-help-paying-it.jpg\" alt=\"Ng\u01b0\u1eddi ph\u1ee5 n\u1eef c\u1ea7m h\u00f3a \u0111\u01a1n ti\u1ec7n \u00edch v\u00e0 c\u1ed9ng chi ph\u00ed\" title=\"Ng\u01b0\u1eddi-ph\u1ee5-n\u1eef-gi\u1eef-h\u00f3a-\u0111\u01a1n-ti\u1ec7n-d\u1ee5ng-v\u00e0-c\u1ea7n-gi\u00fap-thanh-to\u00e1n\" onerror=\"this.style.display='none'\" loading=\"lazy\">\n\t<\/figure>\n\t<h2>Ng\u0103n ch\u1eb7n tr\u1ee5c xu\u1ea5t<\/h2>\n<p>The Eviction Prevention Program (EPP) through the Arundel Community Development Services (ACDS) can help renters at the highest risk of eviction. There are limited funds available to those who qualify.<\/p>\n<p>It is not a long-term assistance program.<\/p>\n<p>The program helps those with an unexpected financial hardship that temporarily makes it difficult to pay rent, putting them at risk of imminent eviction and homelessness. <a href=\"https:\/\/acdsinc.org\/housing-resources\/renters\/acds-eviction-prevention-program\/\" target=\"_blank\" rel=\"noopener\">\u0110\u01a1n \u0111\u0103ng k\u00fd \u0111\u01b0\u1ee3c ch\u1ea5p nh\u1eadn tr\u00ean c\u01a1 s\u1edf ai \u0111\u1ebfn tr\u01b0\u1edbc \u0111\u01b0\u1ee3c ph\u1ee5c v\u1ee5 tr\u01b0\u1edbc<\/a>.<\/p>\n<p>ACDS c\u0169ng c\u00f3 m\u1ed9t ch\u01b0\u01a1ng tr\u00ecnh nh\u1eb1m ng\u0103n ch\u1eb7n t\u00ecnh tr\u1ea1ng ch\u1ee7 nh\u00e0 b\u1ecb m\u1ea5t nh\u00e0. B\u1ea1n c\u00f3 th\u1ec3 t\u00ecm hi\u1ec3u th\u00eam v\u1ec1 h\u1ecd <a href=\"https:\/\/acdsinc.org\/housing-resources\/homeowners\/foreclosure-prevention\/\" target=\"_blank\" rel=\"noopener\">t\u01b0 v\u1ea5n ph\u00f2ng ch\u1ed1ng t\u1ecbch thu nh\u00e0<\/a>.<\/p>\n<h3>Laurel Nh\u00e0 \u1edf ng\u1eafn h\u1ea1n v\u00e0 nhu c\u1ea7u thi\u1ebft y\u1ebfu<\/h3>\n<p>Trong khi kh\u00f4ng \u1edf Qu\u1eadn Anne Arundel, c\u01b0 d\u00e2n c\u00f3 th\u1ec3 s\u1eed d\u1ee5ng <a href=\"https:\/\/laurelmsc.org\/\" target=\"_blank\" rel=\"noopener\">Trung t\u00e2m \u0111a d\u1ecbch v\u1ee5 th\u00e0nh ph\u1ed1 Laurel Trung t\u00e2m ban ng\u00e0y<\/a> \u0111\u00e1p \u1ee9ng nhu c\u1ea7u nh\u00e0 \u1edf ng\u1eafn h\u1ea1n, v\u1eadt d\u1ee5ng v\u1ec7 sinh, ph\u00f2ng t\u1eafm, th\u1ef1c ph\u1ea9m v\u00e0 qu\u1ea7n \u00e1o. Trung t\u00e2m \u0110a d\u1ecbch v\u1ee5 c\u0169ng gi\u00fap ng\u01b0\u1eddi d\u00e2n ti\u1ebfp c\u1eadn c\u00e1c d\u1ecbch v\u1ee5 y t\u1ebf v\u00e0 nh\u00e2n sinh thi\u1ebft y\u1ebfu. Trung t\u00e2m lu\u00f4n s\u1eb5n s\u00e0ng ph\u1ee5c v\u1ee5 c\u01b0 d\u00e2n Anne Arundel m\u1eb7c d\u00f9 n\u1eb1m \u1edf Qu\u1eadn Prince George.<\/p>\n<p>C\u00f3 ph\u01b0\u01a1ng ti\u1ec7n giao th\u00f4ng c\u00f4ng c\u1ed9ng \u0111\u1ebfn Trung t\u00e2m \u0111a d\u1ecbch v\u1ee5.<\/p>\n<h3>Housing And Utility Help from the Community Action Agency<\/h3>\n<p>C\u00e1c&nbsp;<a href=\"https:\/\/www.aaccaa.org\/\" target=\"_blank\" rel=\"noopener\">C\u01a1 quan H\u00e0nh \u0111\u1ed9ng C\u1ed9ng \u0111\u1ed3ng (CAC) c\u1ee7a Qu\u1eadn Anne Arundel<\/a>&nbsp;cung c\u1ea5p h\u1ed7 tr\u1ee3 cho nh\u1eefng c\u01b0 d\u00e2n \u0111\u1ee7 \u0111i\u1ec1u ki\u1ec7n v\u1ec1 thu nh\u1eadp v\u1ec1 h\u00f3a \u0111\u01a1n s\u01b0\u1edfi \u1ea5m v\u00e0 \u0111i\u1ec7n c\u0169ng nh\u01b0 c\u00e1c nhu c\u1ea7u li\u00ean quan \u0111\u1ebfn nh\u00e0 \u1edf.<\/p>\n<p>C\u01a1 quan h\u00e0nh \u0111\u1ed9ng c\u1ed9ng \u0111\u1ed3ng&nbsp;<a href=\"https:\/\/www.aaccaa.org\/housing-assistance\" target=\"_blank\" rel=\"noopener\">ch\u01b0\u01a1ng tr\u00ecnh nh\u00e0 \u1edf<\/a>&nbsp;l\u00e0 ngu\u1ed3n l\u1ef1c to\u00e0n di\u1ec7n \u0111\u1ec3 h\u1ed7 tr\u1ee3 kh\u1ea9n c\u1ea5p ho\u1eb7c c\u00e1c nhu c\u1ea7u kh\u00e1c l\u00e0m gi\u00e1n \u0111o\u1ea1n cu\u1ed9c s\u1ed1ng t\u1ef1 l\u1eadp. Ch\u00fang bao g\u1ed3m kh\u1ea3 n\u0103ng ti\u1ebfp c\u1eadn c\u00e1c h\u1ed9i th\u1ea3o ki\u1ebfn th\u1ee9c t\u00e0i ch\u00ednh v\u00e0 c\u1ed1 v\u1ea5n nh\u00e0 \u1edf, nh\u1eefng ng\u01b0\u1eddi c\u00f3 th\u1ec3 gi\u00fap ng\u0103n ng\u1eeba vi\u1ec7c b\u1ecb t\u1ecbch thu t\u00e0i s\u1ea3n, b\u1ecb tr\u1ee5c xu\u1ea5t, s\u1eeda ch\u1eefa t\u00edn d\u1ee5ng, h\u1ed7 tr\u1ee3 c\u00e1c ch\u01b0\u01a1ng tr\u00ecnh s\u1edf h\u1eefu nh\u00e0 l\u1ea7n \u0111\u1ea7u v\u00e0 tr\u1ee3 gi\u00fap v\u1ec1 ng\u00e2n s\u00e1ch.<\/p>\n<p>N\u1ebfu b\u1ea1n c\u1ea7n tr\u1ee3 gi\u00fap \u0111\u0103ng k\u00fd h\u1ed7 tr\u1ee3 ti\u1ec7n \u00edch, c\u01a1 quan c\u00f3 th\u1ec3 gi\u00fap c\u01b0 d\u00e2n t\u00ecm hi\u1ec3u c\u00e1c ch\u01b0\u01a1ng tr\u00ecnh do c\u01a1 quan cung c\u1ea5p.&nbsp;<a href=\"https:\/\/www.aaccaa.org\/energy-assistance\" target=\"_blank\" rel=\"noopener\">V\u0103n ph\u00f2ng Ch\u01b0\u01a1ng tr\u00ecnh N\u0103ng l\u01b0\u1ee3ng Gia \u0111\u00ecnh Maryland<\/a>&nbsp;(OHEP). You can call CAC at 410-626-1900 for help with program guidelines and applications for electric, gas or home heating bills.<\/p>\n<p>Learn more about income guidelines and how to fill out the application in <a href=\"https:\/\/211md.org\/vi\/tai-nguyen\/ho-tro-tien-ich\/\" target=\"_blank\" rel=\"noopener\">211&#8217;s Utility Assistance Guide<\/a>.<\/p>\n<p>CAC c\u0169ng c\u00f3 c\u00e1c ch\u01b0\u01a1ng tr\u00ecnh v\u00e0 d\u1ecbch v\u1ee5 tr\u1ecb li\u1ec7u, ph\u00f2ng ng\u1eeba v\u00e0 gi\u00e1o d\u1ee5c cho tr\u1ebb em v\u00e0 thanh thi\u1ebfu ni\u00ean Anne Arundel, kh\u1ea3 n\u0103ng ti\u1ebfp c\u1eadn Trung t\u00e2m Kh\u1edfi \u0111\u1ea7u S\u1edbm; c\u00e1c ch\u01b0\u01a1ng tr\u00ecnh s\u1ee9c kh\u1ecfe v\u00e0 th\u1ec3 ch\u1ea5t; v\u00e0 h\u1ecd h\u1ed7 tr\u1ee3 ng\u01b0\u1eddi d\u00e2n r\u1eddi kh\u1ecfi c\u01a1 s\u1edf c\u1ea3i hu\u1ea5n v\u00e0 tr\u1edf l\u1ea1i c\u1ed9ng \u0111\u1ed3ng.<\/p>\n<p>&nbsp;<\/p>\n\t\t<figure itemscope=\"\" itemtype=\"https:\/\/schema.org\/ImageObject\">\n\t\t\t\t<a href=\"https:\/\/search.211md.org\/\" target=\"_blank\" rel=\"noopener\" itemprop=\"url\">\n\t\t\t\t<img decoding=\"async\" src=\"https:\/\/stg-maryland211-staging.kinsta.cloud\/wp-content\/uploads\/2025\/08\/2025_MdInfoNet_Icon-Sets-white_Locate.png\" alt=\"\" onerror=\"this.style.display='none'\" loading=\"lazy\">\n\t\t\t\t<\/a>\n\t<\/figure>\n<h2><a href=\"https:\/\/search.211md.org\/\" target=\"_blank\" rel=\"noopener\">T\u00ecm t\u00e0i nguy\u00ean ngay<\/a><\/h2><p>T\u00ecm th\u1ea5y <strong>t\u00e0i nguy\u00ean c\u1ed9ng \u0111\u1ed3ng <\/strong>\u0111\u1ec3 t\u00ecm ki\u1ebfm th\u1ef1c ph\u1ea9m, ch\u0103m s\u00f3c s\u1ee9c kh\u1ecfe, nh\u00e0 \u1edf v\u00e0 nhi\u1ec1u th\u00f4ng tin kh\u00e1c trong c\u01a1 s\u1edf d\u1eef li\u1ec7u c\u1ee7a ch\u00fang t\u00f4i. T\u00ecm ki\u1ebfm theo m\u00e3 ZIP.<\/p>\n\t\t\t<a href=\"https:\/\/search.211md.org\/\" target=\"_blank\" rel=\"noopener\">\n\t\t\t\t\t\t\tT\u00ecm ki\u1ebfm ngay b\u00e2y gi\u1edd\n\t\t\t<\/a>\n\t\t<h4><a href=\"\/vi\/tai-nguyen\/lao-hoa-khuyet-tat\/?utm_source=Home&amp;utm_medium=Referral&amp;utm_campaign=211Resources&amp;utm_content=Aging\" target=\"_self\">L\u00e3o h\u00f3a &amp; Khuy\u1ebft t\u1eadt<\/a><\/h4><figure itemscope=\"\" itemtype=\"https:\/\/schema.org\/ImageObject\">\n\t\t\t\t<a href=\"\/vi\/tai-nguyen\/lao-hoa-khuyet-tat\/?utm_source=Home&amp;utm_medium=Referral&amp;utm_campaign=211Resources&amp;utm_content=Aging\" target=\"_self\" itemprop=\"url\">\n\t\t\t\t<img decoding=\"async\" src=\"https:\/\/211md.org\/wp-content\/uploads\/bb-plugin\/cache\/2025_MdInfoNet_Icon-Sets_Aging-disability-square-c466727102cae71e5f27b8539bb51945-.png\" alt=\"\" onerror=\"this.style.display='none'\" loading=\"lazy\">\n\t\t\t\t<\/a>\n\t<\/figure>\n\t\t<h4><a href=\"\/vi\/tai-nguyen\/gia-dinh-tre-em\/?utm_source=Home&amp;utm_medium=Referral&amp;utm_campaign=211Resources&amp;utm_content=Children\" target=\"_self\">Tr\u1ebb em &amp; Gia \u0111\u00ecnh<\/a><\/h4><figure itemscope=\"\" itemtype=\"https:\/\/schema.org\/ImageObject\">\n\t\t\t\t<a href=\"\/vi\/tai-nguyen\/gia-dinh-tre-em\/?utm_source=Home&amp;utm_medium=Referral&amp;utm_campaign=211Resources&amp;utm_content=Children\" target=\"_self\" itemprop=\"url\">\n\t\t\t\t<img decoding=\"async\" src=\"https:\/\/211md.org\/wp-content\/uploads\/bb-plugin\/cache\/2025_211_Icon-Sets_Child-care-square-f3b0d4edab3dcc467fadb5f55f4064c6-.png\" alt=\"parent and child icon for child care\" height=\"417\" width=\"417\" title=\"2025_211_B\u1ed9 bi\u1ec3u t\u01b0\u1ee3ng_Ch\u0103m s\u00f3c tr\u1ebb em\" onerror=\"this.style.display='none'\" loading=\"lazy\">\n\t\t\t\t<\/a>\n\t<\/figure>\n\t\t<h4><a href=\"\/vi\/tai-nguyen\/gia-dinh-bao-luc\/?utm_source=Home&amp;utm_medium=Referral&amp;utm_campaign=211Resources&amp;utm_content=Domestic\" target=\"_self\">B\u1ea1o l\u1ef1c gia \u0111\u00ecnh<\/a><\/h4><figure itemscope=\"\" itemtype=\"https:\/\/schema.org\/ImageObject\">\n\t\t\t\t<a href=\"\/vi\/tai-nguyen\/gia-dinh-bao-luc\/?utm_source=Home&amp;utm_medium=Referral&amp;utm_campaign=211Resources&amp;utm_content=Domestic\" target=\"_self\" itemprop=\"url\">\n\t\t\t\t<img decoding=\"async\" src=\"https:\/\/211md.org\/wp-content\/uploads\/bb-plugin\/cache\/2025_211_Icon-Sets_Domestic-Violence-square-7b597694a6f05fe90cdc376aa573bc63-.png\" alt=\"House with a heart in the middle icon\" height=\"417\" width=\"417\" title=\"2025_211_B\u1ed9 bi\u1ec3u t\u01b0\u1ee3ng_B\u1ea1o l\u1ef1c gia \u0111\u00ecnh\" onerror=\"this.style.display='none'\" loading=\"lazy\">\n\t\t\t\t<\/a>\n\t<\/figure>\n\t\t<h4><a href=\"\/vi\/tai-nguyen\/tim-kiem-viec-lam\/?utm_source=Home&amp;utm_medium=Referral&amp;utm_campaign=211Resources&amp;utm_content=Employment\" target=\"_self\">Thu\u00ea ng\u01b0\u1eddi l\u00e0m<\/a><\/h4><figure itemscope=\"\" itemtype=\"https:\/\/schema.org\/ImageObject\">\n\t\t\t\t<a href=\"\/vi\/tai-nguyen\/tim-kiem-viec-lam\/?utm_source=Home&amp;utm_medium=Referral&amp;utm_campaign=211Resources&amp;utm_content=Employment\" target=\"_self\" itemprop=\"url\">\n\t\t\t\t<img decoding=\"async\" src=\"https:\/\/211md.org\/wp-content\/uploads\/bb-plugin\/cache\/2025_MdInfoNet_Icon-Sets_Employment-square-44707bd410e4df10a470bf130ebcea86-.png\" alt=\"\" onerror=\"this.style.display='none'\" loading=\"lazy\">\n\t\t\t\t<\/a>\n\t<\/figure>\n\t\t<h4><a href=\"\/vi\/tai-nguyen\/cham-soc-suc-khoe\/?utm_source=Home&amp;utm_medium=Referral&amp;utm_campaign=211Resources&amp;utm_content=Health%20Care\" target=\"_self\">Ch\u0103m s\u00f3c s\u1ee9c kh\u1ecfe<\/a><\/h4><figure itemscope=\"\" itemtype=\"https:\/\/schema.org\/ImageObject\">\n\t\t\t\t<a href=\"\/vi\/tai-nguyen\/cham-soc-suc-khoe\/?utm_source=Home&amp;utm_medium=Referral&amp;utm_campaign=211Resources&amp;utm_content=Health%20Care\" target=\"_self\" itemprop=\"url\">\n\t\t\t\t<img decoding=\"async\" src=\"https:\/\/211md.org\/wp-content\/uploads\/bb-plugin\/cache\/2025_MdInfoNet_Icon-Sets_Health-Care-square-dee98a0060cbe0e7f27eda253fc12679-.png\" alt=\"\" onerror=\"this.style.display='none'\" loading=\"lazy\">\n\t\t\t\t<\/a>\n\t<\/figure>\n\t\t<h4><a href=\"\/vi\/tai-nguyen\/gia-dinh-tre-em\/quan-he-ho-hang\/?utm_source=Home&amp;utm_medium=Referral&amp;utm_campaign=211Resources&amp;utm_content=Kinship\" target=\"_self\">h\u1ecd h\u00e0ng<\/a><\/h4><figure itemscope=\"\" itemtype=\"https:\/\/schema.org\/ImageObject\">\n\t\t\t\t<a href=\"\/vi\/tai-nguyen\/gia-dinh-tre-em\/quan-he-ho-hang\/?utm_source=Home&amp;utm_medium=Referral&amp;utm_campaign=211Resources&amp;utm_content=Kinship\" target=\"_self\" itemprop=\"url\">\n\t\t\t\t<img decoding=\"async\" src=\"https:\/\/211md.org\/wp-content\/uploads\/bb-plugin\/cache\/2025_211_Icon-Sets_Kinship-square-45bdf872866f5735f842c32071109267-.png\" alt=\"Bi\u1ec3u t\u01b0\u1ee3ng h\u1ecd h\u00e0ng\" height=\"417\" width=\"417\" title=\"2025_211_B\u1ed9 bi\u1ec3u t\u01b0\u1ee3ng_Quan h\u1ec7 h\u1ecd h\u00e0ng\" onerror=\"this.style.display='none'\" loading=\"lazy\">\n\t\t\t\t<\/a>\n\t<\/figure>\n\t\t<h4><a href=\"\/vi\/tai-nguyen\/dich-vu-phap-ly\/?utm_source=Home&amp;utm_medium=Referral&amp;utm_campaign=211Resources&amp;utm_content=Legal\" target=\"_self\">D\u1ecbch v\u1ee5 ph\u00e1p l\u00fd<\/a><\/h4><figure itemscope=\"\" itemtype=\"https:\/\/schema.org\/ImageObject\">\n\t\t\t\t<a href=\"\/vi\/tai-nguyen\/dich-vu-phap-ly\/?utm_source=Home&amp;utm_medium=Referral&amp;utm_campaign=211Resources&amp;utm_content=Legal\" target=\"_self\" itemprop=\"url\">\n\t\t\t\t<img decoding=\"async\" src=\"https:\/\/211md.org\/wp-content\/uploads\/bb-plugin\/cache\/2025_MdInfoNet_Icon-Sets_Legal-square-18fdf438feb8435588174d9046463257-.png\" alt=\"\" onerror=\"this.style.display='none'\" loading=\"lazy\">\n\t\t\t\t<\/a>\n\t<\/figure>\n\t\t<h4><a href=\"\/vi\/tai-nguyen\/suc-khoe-tinh-than\/?utm_source=Home&amp;utm_medium=Referral&amp;utm_campaign=211Resources&amp;utm_content=Mental\" target=\"_self\">S\u1ee9c kh\u1ecfe tinh th\u1ea7n<\/a><\/h4><figure itemscope=\"\" itemtype=\"https:\/\/schema.org\/ImageObject\">\n\t\t\t\t<a href=\"\/vi\/tai-nguyen\/suc-khoe-tinh-than\/?utm_source=Home&amp;utm_medium=Referral&amp;utm_campaign=211Resources&amp;utm_content=Mental\" target=\"_self\" itemprop=\"url\">\n\t\t\t\t<img decoding=\"async\" src=\"https:\/\/211md.org\/wp-content\/uploads\/bb-plugin\/cache\/2025_MdInfoNet_Icon-Sets_Mental-Health-square-c59b38c4a993a947d4c9280fbe2d2fee-.png\" alt=\"\" onerror=\"this.style.display='none'\" loading=\"lazy\">\n\t\t\t\t<\/a>\n\t<\/figure>\n\t\t<h4><a href=\"\/vi\/tai-nguyen\/mdreentry\/?utm_source=Home&amp;utm_medium=Referral&amp;utm_campaign=211Resources&amp;utm_content=Reentry\" target=\"_self\">V\u00e0o l\u1ea1i<\/a><\/h4><figure itemscope=\"\" itemtype=\"https:\/\/schema.org\/ImageObject\">\n\t\t\t\t<a href=\"\/vi\/tai-nguyen\/mdreentry\/?utm_source=Home&amp;utm_medium=Referral&amp;utm_campaign=211Resources&amp;utm_content=Reentry\" target=\"_self\" itemprop=\"url\">\n\t\t\t\t<img decoding=\"async\" src=\"https:\/\/211md.org\/wp-content\/uploads\/bb-plugin\/cache\/2025_211_Icon-Sets_Reentry-square-8676fea38abd920a832f45642fe31cca-.png\" alt=\"Bi\u1ec3u t\u01b0\u1ee3ng nh\u1eadp l\u1ea1i\" height=\"417\" width=\"417\" title=\"2025_211_B\u1ed9 bi\u1ec3u t\u01b0\u1ee3ng_Nh\u1eadp l\u1ea1i\" onerror=\"this.style.display='none'\" loading=\"lazy\">\n\t\t\t\t<\/a>\n\t<\/figure>\n\t\t<h4><a href=\"\/vi\/tai-nguyen\/su-dung-chat-kich-thich\/?utm_source=Home&amp;utm_medium=Referral&amp;utm_campaign=211Resources&amp;utm_content=Substance\" target=\"_self\">S\u1eed d\u1ee5ng ch\u1ea5t k\u00edch th\u00edch<\/a><\/h4><figure itemscope=\"\" itemtype=\"https:\/\/schema.org\/ImageObject\">\n\t\t\t\t<a href=\"\/vi\/tai-nguyen\/su-dung-chat-kich-thich\/?utm_source=Home&amp;utm_medium=Referral&amp;utm_campaign=211Resources&amp;utm_content=Substance\" target=\"_self\" itemprop=\"url\">\n\t\t\t\t<img decoding=\"async\" src=\"https:\/\/211md.org\/wp-content\/uploads\/bb-plugin\/cache\/2025_MdInfoNet_Icon-Sets_Substance-Abuse-square-4f414f085e657267739c181957754f48-.png\" alt=\"Pills for substance Use icon\" title=\"2025_MdInfoNet_Icon-Sets_Substance-Abuse\" onerror=\"this.style.display='none'\" loading=\"lazy\">\n\t\t\t\t<\/a>\n\t<\/figure>\n\t\t<h4><a href=\"\/vi\/tai-nguyen\/dich-vu-thue\/\" target=\"_self\">thu\u1ebf<\/a><\/h4><figure itemscope=\"\" itemtype=\"https:\/\/schema.org\/ImageObject\">\n\t\t\t\t<a href=\"\/vi\/tai-nguyen\/dich-vu-thue\/\" target=\"_self\" itemprop=\"url\">\n\t\t\t\t<img decoding=\"async\" src=\"https:\/\/211md.org\/wp-content\/uploads\/bb-plugin\/cache\/2025_MdInfoNet_Icon-Sets_Taxes-square-e2aa520919327b1fa037ee92d1164ad1-.png\" alt=\"Piece of paper for blue tax icon\" height=\"417\" width=\"417\" title=\"2025_MdInfoNet_Icon-Sets_Taxes\" onerror=\"this.style.display='none'\" loading=\"lazy\">\n\t\t\t\t<\/a>\n\t<\/figure>\n\t\t<h4><a href=\"\/vi\/tai-nguyen\/cuu-chien-binh\/?utm_source=Home&amp;utm_medium=Referral&amp;utm_campaign=211Resources&amp;utm_content=Veterans\" target=\"_self\">c\u1ef1u chi\u1ebfn binh<\/a><\/h4><figure itemscope=\"\" itemtype=\"https:\/\/schema.org\/ImageObject\">\n\t\t\t\t<a href=\"\/vi\/tai-nguyen\/cuu-chien-binh\/?utm_source=Home&amp;utm_medium=Referral&amp;utm_campaign=211Resources&amp;utm_content=Veterans\" target=\"_self\" itemprop=\"url\">\n\t\t\t\t<img decoding=\"async\" src=\"https:\/\/211md.org\/wp-content\/uploads\/bb-plugin\/cache\/2025_MdInfoNet_Icon-Sets_Rating-square-6e60d00cce4faa8e0a6d4ad7366aa733-.png\" alt=\"\" onerror=\"this.style.display='none'\" loading=\"lazy\">\n\t\t\t\t<\/a>\n\t<\/figure>","protected":false},"excerpt":{"rendered":"<p>We&#8217;re making it easy to find go-to community resources in Anne Arundel County. 211&#8217;s guide to Anne Arundel County includes some of the most common resources for basic needs such as food and utility assistance. Or you can get started by searching for resources by ZIP code in 211&#8217;s Community Resource Database. Search for resources&hellip;<\/p>","protected":false},"author":8,"featured_media":0,"parent":750,"menu_order":0,"comment_status":"closed","ping_status":"closed","template":"","meta":{"footnotes":""},"class_list":["post-1696","page","type-page","status-publish","hentry"],"_links":{"self":[{"href":"https:\/\/211md.org\/vi\/wp-json\/wp\/v2\/pages\/1696","targetHints":{"allow":["GET"]}}],"collection":[{"href":"https:\/\/211md.org\/vi\/wp-json\/wp\/v2\/pages"}],"about":[{"href":"https:\/\/211md.org\/vi\/wp-json\/wp\/v2\/types\/page"}],"author":[{"embeddable":true,"href":"https:\/\/211md.org\/vi\/wp-json\/wp\/v2\/users\/8"}],"replies":[{"embeddable":true,"href":"https:\/\/211md.org\/vi\/wp-json\/wp\/v2\/comments?post=1696"}],"version-history":[{"count":7,"href":"https:\/\/211md.org\/vi\/wp-json\/wp\/v2\/pages\/1696\/revisions"}],"predecessor-version":[{"id":34426,"href":"https:\/\/211md.org\/vi\/wp-json\/wp\/v2\/pages\/1696\/revisions\/34426"}],"up":[{"embeddable":true,"href":"https:\/\/211md.org\/vi\/wp-json\/wp\/v2\/pages\/750"}],"wp:attachment":[{"href":"https:\/\/211md.org\/vi\/wp-json\/wp\/v2\/media?parent=1696"}],"curies":[{"name":"wp","href":"https:\/\/api.w.org\/{rel}","templated":true}]}}