{"id":1698,"date":"2021-05-12T00:24:53","date_gmt":"2021-05-12T00:24:53","guid":{"rendered":"https:\/\/211md.org\/?page_id=1698"},"modified":"2025-10-29T06:59:26","modified_gmt":"2025-10-29T10:59:26","slug":"quan-cecil","status":"publish","type":"page","link":"https:\/\/211md.org\/vi\/resources-by-county\/cecil-county\/","title":{"rendered":"Qu\u1eadn Cecil"},"content":{"rendered":"<h2><a href=\"https:\/\/search.211md.org\/\" target=\"_blank\"  rel=\"noopener\">T\u00ecm t\u00e0i nguy\u00ean g\u1ea7n t\u00f4i<\/a><\/h2>\n\t\t\t<a href=\"https:\/\/search.211md.org\/\" target=\"_blank\" rel=\"noopener\">\n\t\t\t\t\t\t\tT\u00ecm ki\u1ebfm ngay b\u00e2y gi\u1edd\n\t\t\t<\/a>\n\t<p><strong><a href=\"\/vi\/tham-gia-co-so-du-lieu-cua-chung-toi\/\">Th\u00eam c\u01a1 quan ho\u1eb7c t\u1ed5 ch\u1ee9c c\u1ee7a b\u1ea1n v\u00e0o c\u01a1 s\u1edf d\u1eef li\u1ec7u t\u00e0i nguy\u00ean c\u1ee7a ch\u00fang t\u00f4i.<\/a><\/strong><\/p>\n\t<p>B\u1ea1n \u0111ang t\u00ecm ki\u1ebfm tr\u1ee3 gi\u00fap \u0111\u1ec3 thanh to\u00e1n c\u00e1c h\u00f3a \u0111\u01a1n c\u1ee7a m\u00ecnh? 211 c\u00f3 th\u1ec3 gi\u00fap b\u1ea1n t\u00ecm c\u00e1c ngu\u1ed3n l\u1ef1c \u1edf Qu\u1eadn Cecil v\u1ec1 ti\u1ec7n \u00edch, th\u1ef1c ph\u1ea9m, nh\u00e0 \u1edf v\u00e0 nhi\u1ec1u th\u1ee9 kh\u00e1c.<\/p>\n<p>B\u1ea1n c\u00f3 th\u1ec3 t\u00ecm s\u1ef1 gi\u00fap \u0111\u1ee1 b\u1eb1ng c\u00e1ch:<\/p>\n<ol>\n<li><a href=\"https:\/\/search.211md.org\/\" target=\"_blank\" rel=\"noopener\">T\u00ecm ki\u1ebfm c\u01a1 s\u1edf d\u1eef li\u1ec7u 211<\/a>.<\/li>\n<li>G\u1ecdi cho m\u1ed9t c\u01a1 quan \u0111\u01b0\u1ee3c li\u1ec7t k\u00ea d\u01b0\u1edbi \u0111\u00e2y.<\/li>\n<li>G\u1ecdi 211 \u0111\u1ec3 n\u00f3i chuy\u1ec7n v\u1edbi Chuy\u00ean gia th\u00f4ng tin v\u00e0 gi\u1edbi thi\u1ec7u, ng\u01b0\u1eddi c\u00f3 th\u1ec3 t\u00ecm ra ngu\u1ed3n l\u1ef1c t\u1ed1t nh\u1ea5t cho t\u00ecnh hu\u1ed1ng c\u1ee7a b\u1ea1n.<\/li>\n<\/ol>\n<p>211 cung c\u1ea5p tr\u1ee3 gi\u00fap 24\/7\/365.<\/p>\n\t\t<h2>\t\n\tQuay s\u1ed1 211<\/h2><p>K\u1ebft n\u1ed1i v\u1edbi c\u00e1c ngu\u1ed3n l\u1ef1c c\u1ed9ng \u0111\u1ed3ng v\u00e0 h\u1ed7 tr\u1ee3 24\/7\/365.<\/p>\n<p>&nbsp;<\/p>\n<h2>T\u00ecm \u0111\u1ed3 \u0103n<\/h2>\n<p>N\u1ebfu b\u1ea1n c\u1ea7n tr\u1ee3 gi\u00fap v\u1ec1 th\u1ef1c ph\u1ea9m,\u00a0<a href=\"https:\/\/search.211md.org\/search\/f1739f03a3f803f384052723112e26cc\" target=\"_blank\" rel=\"noopener\">Ti\u1ebfp c\u1eadn s\u1ef1 th\u1ee5 thai v\u00f4 nhi\u1ec5m<\/a>\u00a0c\u00f3 th\u1ec3 l\u00e0 m\u1ed9t ngu\u1ed3n t\u00e0i nguy\u00ean cho b\u1ea1n. 211 C\u00e1c chuy\u00ean gia th\u00f4ng tin v\u00e0 gi\u1edbi thi\u1ec7u gi\u1edbi thi\u1ec7u c\u01b0 d\u00e2n Qu\u1eadn Cecil \u0111\u1ebfn kho \u0111\u1ef1ng th\u1ee9c \u0103n Elkton \u0111\u1ec3 mua c\u00e1c m\u1eb7t h\u00e0ng th\u1ef1c ph\u1ea9m d\u1ec5 h\u1ecfng v\u00e0 kh\u00f4ng d\u1ec5 h\u1ecfng.<\/p>\n<p>\u1ede Elkton,\u00a0<a href=\"https:\/\/www.cecilhelp4u.com\/Help-Center.html\" target=\"_blank\" rel=\"noopener\">Trung t\u00e2m tr\u1ee3 gi\u00fap qu\u1eadn Cecil<\/a>\u00a0c\u0169ng cung c\u1ea5p c\u00e1c ch\u01b0\u01a1ng tr\u00ecnh h\u1ed7 tr\u1ee3 kh\u1ea9n c\u1ea5p cho ng\u01b0\u1eddi d\u00e2n nh\u01b0 th\u1ef1c ph\u1ea9m v\u00e0 qu\u1ea7n \u00e1o. T\u1ed5 ch\u1ee9c phi l\u1ee3i nhu\u1eadn n\u00e0y l\u00e0 m\u1ed9t ph\u1ea7n c\u1ee7a Ph\u00f2ng D\u1ecbch v\u1ee5 Nh\u00e2n sinh c\u1ee7a S\u1edf D\u1ecbch v\u1ee5 C\u1ed9ng \u0111\u1ed3ng Qu\u1eadn Cecil.<\/p>\n<p>M\u1ed9t cu\u1ed9c ph\u1ecfng v\u1ea5n c\u00f3 th\u1ec3 c\u1ea7n thi\u1ebft \u0111\u1ec3 \u0111\u01b0\u1ee3c h\u1ed7 tr\u1ee3 th\u1ef1c ph\u1ea9m. G\u1ecdi 410-996-0260 \u0111\u1ec3 li\u00ean h\u1ec7 v\u1edbi Trung t\u00e2m Tr\u1ee3 gi\u00fap Qu\u1eadn Cecil.<\/p>\n<p>&nbsp;<\/p>\n<h2>H\u1ed7 tr\u1ee3 s\u1ee9c kh\u1ecfe t\u00e2m th\u1ea7n v\u00e0 l\u1ea1m d\u1ee5ng d\u01b0\u1ee3c ch\u1ea5t<\/h2>\n<p>B\u1ea1n \u0111ang t\u00ecm ki\u1ebfm s\u1ef1 t\u01b0 v\u1ea5n ho\u1eb7c \u0111i\u1ec1u tr\u1ecb, h\u1ed7 tr\u1ee3 ph\u1ee5c h\u1ed3i, cai nghi\u1ec7n, B\u00e1c s\u0129 \u0111\u01b0\u1ee3c ch\u1ee9ng nh\u1eadn Suboxone, h\u1ed7 tr\u1ee3 c\u1ef1u chi\u1ebfn binh, ph\u1ee5c h\u1ed3i c\u01a1n \u0111au, h\u1ed7 tr\u1ee3 \u0111au bu\u1ed3n ho\u1eb7c \u0111i\u1ec1u tr\u1ecb ch\u1ee9ng nghi\u1ec7n?<\/p>\n<p>C\u00e1c\u00a0<a href=\"https:\/\/www.ccgov.org\/home\/showpublisheddocument?id=21957\" target=\"_blank\" rel=\"noopener\">S\u1edf Y t\u1ebf Qu\u1eadn Cecil Trung t\u00e2m Ph\u1ee5c h\u1ed3i R\u01b0\u1ee3u v\u00e0 Ma t\u00fay<\/a> (ADRC) c\u00f3 h\u01b0\u1edbng d\u1eabn to\u00e0n di\u1ec7n v\u1ec1 c\u00e1c ngu\u1ed3n l\u1ef1c trong c\u1ed9ng \u0111\u1ed3ng \u0111\u1ec3 h\u1ed7 tr\u1ee3 qu\u00e1 tr\u00ecnh ph\u1ee5c h\u1ed3i v\u00e0 gi\u1eef g\u00ecn s\u1ee9c kh\u1ecfe c\u1ee7a b\u1ea1n. B\u1ea1n c\u00f3 th\u1ec3 t\u00ecm nh\u00e0 cung c\u1ea5p d\u1ecbch v\u1ee5 h\u1ed7 tr\u1ee3 s\u1ee9c kh\u1ecfe t\u00e2m th\u1ea7n v\u00e0 s\u1eed d\u1ee5ng d\u01b0\u1ee3c ch\u1ea5t:<\/p>\n<ul>\n<li>t\u01b0 v\u1ea5n<\/li>\n<li>\u0111i\u1ec1u tr\u1ecb nghi\u1ec7n<\/li>\n<li>h\u1ed7 tr\u1ee3 ph\u1ee5c h\u1ed3i<\/li>\n<li>gi\u1ea3i \u0111\u1ed9c<\/li>\n<li>Trung t\u00e2m \u0111i\u1ec1u tr\u1ecb h\u1ed7 tr\u1ee3 b\u1eb1ng thu\u1ed1c<\/li>\n<li>Nh\u00e0 cung c\u1ea5p Vivitrol<\/li>\n<li>B\u00e1c s\u0129 \u0111\u01b0\u1ee3c ch\u1ee9ng nh\u1eadn Suboxone<\/li>\n<li>h\u1ed7 tr\u1ee3 c\u1ef1u chi\u1ebfn binh (ma t\u00fay v\u00e0 r\u01b0\u1ee3u)<\/li>\n<li>nh\u00e0 cung c\u1ea5p s\u1ee9c kh\u1ecfe t\u00e2m th\u1ea7n<\/li>\n<li>ph\u1ee5c h\u1ed3i c\u01a1n \u0111au<\/li>\n<li>h\u1ed7 tr\u1ee3 \u0111au bu\u1ed3n t\u1ef1 t\u1eed<\/li>\n<\/ul>\n<p>C\u00e1c\u00a0<a href=\"https:\/\/cecilcountyhealth.org\/services\/behavioral-health\/addiction-services\/\" target=\"_blank\" rel=\"noopener\">S\u1edf Y t\u1ebf Qu\u1eadn Cecil<\/a> c\u0169ng cung c\u1ea5p gi\u00e1o d\u1ee5c, \u0111\u00e1nh gi\u00e1, can thi\u1ec7p v\u00e0 \u0111i\u1ec1u tr\u1ecb l\u1ea1m d\u1ee5ng ch\u1ea5t g\u00e2y nghi\u1ec7n. Nh\u1eefng d\u1ecbch v\u1ee5 n\u00e0y c\u00f3 s\u1eb5n cho thanh thi\u1ebfu ni\u00ean \u0111\u1ebfn ng\u01b0\u1eddi l\u1edbn v\u00e0 gia \u0111\u00ecnh c\u1ee7a h\u1ecd.<\/p>\n<p>B\u1ea1n c\u0169ng c\u00f3 th\u1ec3 <a href=\"https:\/\/search.988.mdinfonet.org\/\" target=\"_blank\" rel=\"noopener\">t\u00ecm ki\u1ebfm c\u01a1 s\u1edf d\u1eef li\u1ec7u t\u00e0i nguy\u00ean s\u1ee9c kh\u1ecfe h\u00e0nh vi to\u00e0n di\u1ec7n nh\u1ea5t c\u1ee7a ti\u1ec3u bang<\/a>, \u0111\u01b0\u1ee3c h\u1ed7 tr\u1ee3 b\u1edfi Maryland Information Network.<\/p>\n<h3>Vi\u1ebft l\u1ea1i k\u1ecbch b\u1ea3n c\u1ee7a b\u1ea1n<\/h3>\n<p>N\u1ebfu b\u1ea1n bi\u1ebft ai \u0111\u00f3 b\u1ecb l\u1ea1m d\u1ee5ng opioid ho\u1eb7c \u0111ang t\u1ef1 m\u00ecnh t\u00ecm ki\u1ebfm s\u1ef1 h\u1ed7 tr\u1ee3,\u00a0<a href=\"https:\/\/www.rewriteyourscript.org\/\" target=\"_blank\" rel=\"noopener\">Vi\u1ebft l\u1ea1i k\u1ecbch b\u1ea3n c\u1ee7a b\u1ea1n<\/a>\u00a0cung c\u1ea5p m\u1ed9t s\u1ed1 ngu\u1ed3n l\u1ef1c \u0111\u1ec3 \u0111i\u1ec1u tr\u1ecb, ph\u1ee5c h\u1ed3i, th\u00f4ng tin v\u1ec1 \u1ee9ng ph\u00f3 v\u00e0 ph\u00f2ng ng\u1eeba qu\u00e1 li\u1ec1u \u1edf Qu\u1eadn Cecil.<\/p>\n<p>T\u00ecm c\u00e1c trung t\u00e2m \u0111i\u1ec1u tr\u1ecb v\u00e0 ph\u1ee5c h\u1ed3i t\u1ea1i \u0111\u1ecba ph\u01b0\u01a1ng c\u00f3 th\u1ec3 gi\u00fap \u0111\u01b0a b\u1ea1n ho\u1eb7c ai \u0111\u00f3 b\u1ea1n bi\u1ebft v\u00e0o con \u0111\u01b0\u1eddng ph\u1ee5c h\u1ed3i.<\/p>\n<h3>mdhope<\/h3>\n<p>B\u1ea1n c\u0169ng c\u00f3 th\u1ec3 t\u00ecm th\u1ea5y c\u00e1c t\u00e0i nguy\u00ean, h\u1ed7 tr\u1ee3 v\u00e0 \u0111\u1ecba \u0111i\u1ec3m x\u1eed l\u00fd thu\u1ed1c theo toa b\u1eb1ng c\u00e1ch nh\u1eafn tin cho MDHope t\u1edbi 898-211.<\/p>\n<p><em>211 Maryland cung c\u1ea5p c\u00e1c ch\u01b0\u01a1ng tr\u00ecnh c\u1ea3nh b\u00e1o b\u1eb1ng tin nh\u1eafn v\u0103n b\u1ea3n cung c\u1ea5p th\u00f4ng tin t\u00e0i nguy\u00ean c\u1ee5 th\u1ec3 theo v\u00f9ng ho\u1eb7c cung c\u1ea5p c\u1ea3nh b\u00e1o th\u1ea3m h\u1ecda. Nh\u1eafn tin STOP \u0111\u1ebfn c\u00f9ng m\u1ed9t s\u1ed1 \u0111\u1ec3 h\u1ee7y \u0111\u0103ng k\u00fd. \u0110i\u1ec1u kho\u1ea3n SMS \u0111\u1ea7y \u0111\u1ee7 t\u1ea1i <a href=\"https:\/\/211md.org\/vi\/tin-nhan\/\">https:\/\/211md.org\/sms\/<\/a> c\u0169ng s\u1ebd \u0111\u01b0\u1ee3c \u00e1p d\u1ee5ng.<\/em><\/p>\n<p><a href=\"\/vi\/about\/tin-nhan-2\/md-hy-vong\/\" rel=\"noopener\">mdhope<\/a>\u00a0l\u00e0 m\u1ed9t ch\u01b0\u01a1ng tr\u00ecnh th\u00f4ng qua 211 Maryland v\u00e0 S\u00e1ng ki\u1ebfn l\u00e3nh \u0111\u1ea1o l\u1ea1m d\u1ee5ng Rx (RALI) c\u1ee7a Maryland.<\/p>\n<p>&nbsp;<\/p>\n<h3><b>T\u00ecm ki\u1ebfm tr\u1ee3 gi\u00fap theo danh m\u1ee5c<\/b><\/h3>\n<p>B\u1ea1n \u0111ang t\u00ecm ki\u1ebfm s\u1ef1 gi\u00fap \u0111\u1ee1 trong m\u1ed9t t\u00ecnh hu\u1ed1ng kh\u00e1c? <a href=\"\/vi\/tai-nguyen\/\">T\u00ecm ki\u1ebfm c\u01a1 s\u1edf d\u1eef li\u1ec7u 211.<\/a><\/p>\n\t\t<h4><a href=\"\/vi\/tai-nguyen\/lao-hoa-khuyet-tat\/?utm_source=Home&#038;utm_medium=Referral&#038;utm_campaign=211Resources&#038;utm_content=Aging\" target=\"_self\">L\u00e3o h\u00f3a &amp; Khuy\u1ebft t\u1eadt<\/a><\/h4>\n\t\t\t\t<a href=\"\/vi\/tai-nguyen\/lao-hoa-khuyet-tat\/?utm_source=Home&#038;utm_medium=Referral&#038;utm_campaign=211Resources&#038;utm_content=Aging\"  target=\"_self\" itemprop=\"url\">\n\t\t\t\t<img decoding=\"async\" src=\"https:\/\/211md.org\/wp-content\/uploads\/bb-plugin\/cache\/2025_MdInfoNet_Icon-Sets_Aging-disability-square-c466727102cae71e5f27b8539bb51945-.png\" alt=\"\" itemprop=\"image\" onerror=\"this.style.display='none'\" loading=\"lazy\" \/>\n\t\t\t\t<\/a>\n\t\t<h4><a href=\"\/vi\/tai-nguyen\/gia-dinh-tre-em\/?utm_source=Home&#038;utm_medium=Referral&#038;utm_campaign=211Resources&#038;utm_content=Children\" target=\"_self\">Tr\u1ebb em &amp; Gia \u0111\u00ecnh<\/a><\/h4>\n\t\t\t\t<a href=\"\/vi\/tai-nguyen\/gia-dinh-tre-em\/?utm_source=Home&#038;utm_medium=Referral&#038;utm_campaign=211Resources&#038;utm_content=Children\"  target=\"_self\" itemprop=\"url\">\n\t\t\t\t<img decoding=\"async\" src=\"https:\/\/211md.org\/wp-content\/uploads\/bb-plugin\/cache\/2025_211_Icon-Sets_Child-care-square-f3b0d4edab3dcc467fadb5f55f4064c6-.png\" alt=\"2025_211_B\u1ed9 bi\u1ec3u t\u01b0\u1ee3ng_Ch\u0103m s\u00f3c tr\u1ebb em\" itemprop=\"image\" height=\"417\" width=\"417\" title=\"2025_211_B\u1ed9 bi\u1ec3u t\u01b0\u1ee3ng_Ch\u0103m s\u00f3c tr\u1ebb em\" onerror=\"this.style.display='none'\" loading=\"lazy\" \/>\n\t\t\t\t<\/a>\n\t\t<h4><a href=\"\/vi\/tai-nguyen\/gia-dinh-bao-luc\/?utm_source=Home&#038;utm_medium=Referral&#038;utm_campaign=211Resources&#038;utm_content=Domestic\" target=\"_self\">B\u1ea1o l\u1ef1c gia \u0111\u00ecnh<\/a><\/h4>\n\t\t\t\t<a href=\"\/vi\/tai-nguyen\/gia-dinh-bao-luc\/?utm_source=Home&#038;utm_medium=Referral&#038;utm_campaign=211Resources&#038;utm_content=Domestic\"  target=\"_self\" itemprop=\"url\">\n\t\t\t\t<img decoding=\"async\" src=\"https:\/\/211md.org\/wp-content\/uploads\/bb-plugin\/cache\/2025_211_Icon-Sets_Domestic-Violence-square-7b597694a6f05fe90cdc376aa573bc63-.png\" alt=\"Bi\u1ec3u t\u01b0\u1ee3ng b\u1ea1o l\u1ef1c gia \u0111\u00ecnh\" itemprop=\"image\" height=\"417\" width=\"417\" title=\"2025_211_B\u1ed9 bi\u1ec3u t\u01b0\u1ee3ng_B\u1ea1o l\u1ef1c gia \u0111\u00ecnh\" onerror=\"this.style.display='none'\" loading=\"lazy\" \/>\n\t\t\t\t<\/a>\n\t\t<h4><a href=\"\/vi\/tai-nguyen\/tim-kiem-viec-lam\/?utm_source=Home&#038;utm_medium=Referral&#038;utm_campaign=211Resources&#038;utm_content=Employment\" target=\"_self\">Thu\u00ea ng\u01b0\u1eddi l\u00e0m<\/a><\/h4>\n\t\t\t\t<a href=\"\/vi\/tai-nguyen\/tim-kiem-viec-lam\/?utm_source=Home&#038;utm_medium=Referral&#038;utm_campaign=211Resources&#038;utm_content=Employment\"  target=\"_self\" itemprop=\"url\">\n\t\t\t\t<img decoding=\"async\" src=\"https:\/\/211md.org\/wp-content\/uploads\/bb-plugin\/cache\/2025_MdInfoNet_Icon-Sets_Employment-square-44707bd410e4df10a470bf130ebcea86-.png\" alt=\"\" itemprop=\"image\" onerror=\"this.style.display='none'\" loading=\"lazy\" \/>\n\t\t\t\t<\/a>\n\t\t<h4><a href=\"\/vi\/tai-nguyen\/cham-soc-suc-khoe\/?utm_source=Home&#038;utm_medium=Referral&#038;utm_campaign=211Resources&#038;utm_content=Health%20Care\" target=\"_self\">Ch\u0103m s\u00f3c s\u1ee9c kh\u1ecfe<\/a><\/h4>\n\t\t\t\t<a href=\"\/vi\/tai-nguyen\/cham-soc-suc-khoe\/?utm_source=Home&#038;utm_medium=Referral&#038;utm_campaign=211Resources&#038;utm_content=Health%20Care\"  target=\"_self\" itemprop=\"url\">\n\t\t\t\t<img decoding=\"async\" src=\"https:\/\/211md.org\/wp-content\/uploads\/bb-plugin\/cache\/2025_MdInfoNet_Icon-Sets_Health-Care-square-dee98a0060cbe0e7f27eda253fc12679-.png\" alt=\"\" itemprop=\"image\" onerror=\"this.style.display='none'\" loading=\"lazy\" \/>\n\t\t\t\t<\/a>\n\t\t<h4><a href=\"\/vi\/tai-nguyen\/gia-dinh-tre-em\/quan-he-ho-hang\/?utm_source=Home&#038;utm_medium=Referral&#038;utm_campaign=211Resources&#038;utm_content=Kinship\" target=\"_self\">h\u1ecd h\u00e0ng<\/a><\/h4>\n\t\t\t\t<a href=\"\/vi\/tai-nguyen\/gia-dinh-tre-em\/quan-he-ho-hang\/?utm_source=Home&#038;utm_medium=Referral&#038;utm_campaign=211Resources&#038;utm_content=Kinship\"  target=\"_self\" itemprop=\"url\">\n\t\t\t\t<img decoding=\"async\" src=\"https:\/\/211md.org\/wp-content\/uploads\/bb-plugin\/cache\/2025_211_Icon-Sets_Kinship-square-45bdf872866f5735f842c32071109267-.png\" alt=\"Bi\u1ec3u t\u01b0\u1ee3ng h\u1ecd h\u00e0ng\" itemprop=\"image\" height=\"417\" width=\"417\" title=\"2025_211_B\u1ed9 bi\u1ec3u t\u01b0\u1ee3ng_Quan h\u1ec7 h\u1ecd h\u00e0ng\" onerror=\"this.style.display='none'\" loading=\"lazy\" \/>\n\t\t\t\t<\/a>\n\t\t<h4><a href=\"\/vi\/tai-nguyen\/dich-vu-phap-ly\/?utm_source=Home&#038;utm_medium=Referral&#038;utm_campaign=211Resources&#038;utm_content=Legal\" target=\"_self\">D\u1ecbch v\u1ee5 ph\u00e1p l\u00fd<\/a><\/h4>\n\t\t\t\t<a href=\"\/vi\/tai-nguyen\/dich-vu-phap-ly\/?utm_source=Home&#038;utm_medium=Referral&#038;utm_campaign=211Resources&#038;utm_content=Legal\"  target=\"_self\" itemprop=\"url\">\n\t\t\t\t<img decoding=\"async\" src=\"https:\/\/211md.org\/wp-content\/uploads\/bb-plugin\/cache\/2025_MdInfoNet_Icon-Sets_Legal-square-18fdf438feb8435588174d9046463257-.png\" alt=\"\" itemprop=\"image\" onerror=\"this.style.display='none'\" loading=\"lazy\" \/>\n\t\t\t\t<\/a>\n\t\t<h4><a href=\"\/vi\/tai-nguyen\/suc-khoe-tinh-than\/?utm_source=Home&#038;utm_medium=Referral&#038;utm_campaign=211Resources&#038;utm_content=Mental\" target=\"_self\">S\u1ee9c kh\u1ecfe tinh th\u1ea7n<\/a><\/h4>\n\t\t\t\t<a href=\"\/vi\/tai-nguyen\/suc-khoe-tinh-than\/?utm_source=Home&#038;utm_medium=Referral&#038;utm_campaign=211Resources&#038;utm_content=Mental\"  target=\"_self\" itemprop=\"url\">\n\t\t\t\t<img decoding=\"async\" src=\"https:\/\/211md.org\/wp-content\/uploads\/bb-plugin\/cache\/2025_MdInfoNet_Icon-Sets_Mental-Health-square-c59b38c4a993a947d4c9280fbe2d2fee-.png\" alt=\"\" itemprop=\"image\" onerror=\"this.style.display='none'\" loading=\"lazy\" \/>\n\t\t\t\t<\/a>\n\t\t<h4><a href=\"\/vi\/tai-nguyen\/mdreentry\/?utm_source=Home&#038;utm_medium=Referral&#038;utm_campaign=211Resources&#038;utm_content=Reentry\" target=\"_self\">V\u00e0o l\u1ea1i<\/a><\/h4>\n\t\t\t\t<a href=\"\/vi\/tai-nguyen\/mdreentry\/?utm_source=Home&#038;utm_medium=Referral&#038;utm_campaign=211Resources&#038;utm_content=Reentry\"  target=\"_self\" itemprop=\"url\">\n\t\t\t\t<img decoding=\"async\" src=\"https:\/\/211md.org\/wp-content\/uploads\/bb-plugin\/cache\/2025_211_Icon-Sets_Reentry-square-8676fea38abd920a832f45642fe31cca-.png\" alt=\"Bi\u1ec3u t\u01b0\u1ee3ng nh\u1eadp l\u1ea1i\" itemprop=\"image\" height=\"417\" width=\"417\" title=\"2025_211_B\u1ed9 bi\u1ec3u t\u01b0\u1ee3ng_Nh\u1eadp l\u1ea1i\" onerror=\"this.style.display='none'\" loading=\"lazy\" \/>\n\t\t\t\t<\/a>\n\t\t<h4><a href=\"\/vi\/tai-nguyen\/su-dung-chat-kich-thich\/?utm_source=Home&#038;utm_medium=Referral&#038;utm_campaign=211Resources&#038;utm_content=Substance\" target=\"_self\">S\u1eed d\u1ee5ng ch\u1ea5t k\u00edch th\u00edch<\/a><\/h4>\n\t\t\t\t<a href=\"\/vi\/tai-nguyen\/su-dung-chat-kich-thich\/?utm_source=Home&#038;utm_medium=Referral&#038;utm_campaign=211Resources&#038;utm_content=Substance\"  target=\"_self\" itemprop=\"url\">\n\t\t\t\t<img decoding=\"async\" src=\"https:\/\/211md.org\/wp-content\/uploads\/bb-plugin\/cache\/2025_MdInfoNet_Icon-Sets_Substance-Abuse-square-9022fec9d18a64118ad685c101885b55-.png\" alt=\"\" itemprop=\"image\" onerror=\"this.style.display='none'\" loading=\"lazy\" \/>\n\t\t\t\t<\/a>\n\t\t<h4><a href=\"\/vi\/tai-nguyen\/cuu-chien-binh\/?utm_source=Home&#038;utm_medium=Referral&#038;utm_campaign=211Resources&#038;utm_content=Veterans\" target=\"_self\">c\u1ef1u chi\u1ebfn binh<\/a><\/h4>\n\t\t\t\t<a href=\"\/vi\/tai-nguyen\/cuu-chien-binh\/?utm_source=Home&#038;utm_medium=Referral&#038;utm_campaign=211Resources&#038;utm_content=Veterans\"  target=\"_self\" itemprop=\"url\">\n\t\t\t\t<img decoding=\"async\" src=\"https:\/\/211md.org\/wp-content\/uploads\/bb-plugin\/cache\/2025_MdInfoNet_Icon-Sets_Rating-square-6e60d00cce4faa8e0a6d4ad7366aa733-.png\" alt=\"\" itemprop=\"image\" onerror=\"this.style.display='none'\" loading=\"lazy\" \/>\n\t\t\t\t<\/a>","protected":false},"excerpt":{"rendered":"<p>T\u00ecm ngu\u1ed3n l\u1ef1c g\u1ea7n t\u00f4i T\u00ecm ki\u1ebfm ngay Th\u00eam c\u01a1 quan ho\u1eb7c t\u1ed5 ch\u1ee9c c\u1ee7a b\u1ea1n v\u00e0o c\u01a1 s\u1edf d\u1eef li\u1ec7u ngu\u1ed3n l\u1ef1c c\u1ee7a ch\u00fang t\u00f4i. B\u1ea1n \u0111ang t\u00ecm ki\u1ebfm s\u1ef1 tr\u1ee3 gi\u00fap \u0111\u1ec3 thanh to\u00e1n h\u00f3a \u0111\u01a1n c\u1ee7a m\u00ecnh? 211 c\u00f3 th\u1ec3 gi\u00fap b\u1ea1n t\u00ecm c\u00e1c ngu\u1ed3n l\u1ef1c t\u1ea1i Qu\u1eadn Cecil v\u1ec1 ti\u1ec7n \u00edch, th\u1ef1c ph\u1ea9m, nh\u00e0 \u1edf v\u00e0 nhi\u1ec1u th\u1ee9 kh\u00e1c. B\u1ea1n c\u00f3 th\u1ec3 t\u00ecm tr\u1ee3 gi\u00fap b\u1eb1ng c\u00e1ch: T\u00ecm ki\u1ebfm c\u01a1 s\u1edf d\u1eef li\u1ec7u 211. G\u1ecdi \u0111\u1ebfn m\u1ed9t c\u01a1 quan \u0111\u01b0\u1ee3c li\u1ec7t k\u00ea b\u00ean d\u01b0\u1edbi. Quay s\u1ed1 211 \u0111\u1ec3\u2026<\/p>","protected":false},"author":8,"featured_media":0,"parent":750,"menu_order":0,"comment_status":"closed","ping_status":"closed","template":"","meta":{"footnotes":""},"class_list":["post-1698","page","type-page","status-publish","hentry"],"_links":{"self":[{"href":"https:\/\/211md.org\/vi\/wp-json\/wp\/v2\/pages\/1698","targetHints":{"allow":["GET"]}}],"collection":[{"href":"https:\/\/211md.org\/vi\/wp-json\/wp\/v2\/pages"}],"about":[{"href":"https:\/\/211md.org\/vi\/wp-json\/wp\/v2\/types\/page"}],"author":[{"embeddable":true,"href":"https:\/\/211md.org\/vi\/wp-json\/wp\/v2\/users\/8"}],"replies":[{"embeddable":true,"href":"https:\/\/211md.org\/vi\/wp-json\/wp\/v2\/comments?post=1698"}],"version-history":[{"count":5,"href":"https:\/\/211md.org\/vi\/wp-json\/wp\/v2\/pages\/1698\/revisions"}],"predecessor-version":[{"id":34076,"href":"https:\/\/211md.org\/vi\/wp-json\/wp\/v2\/pages\/1698\/revisions\/34076"}],"up":[{"embeddable":true,"href":"https:\/\/211md.org\/vi\/wp-json\/wp\/v2\/pages\/750"}],"wp:attachment":[{"href":"https:\/\/211md.org\/vi\/wp-json\/wp\/v2\/media?parent=1698"}],"curies":[{"name":"wp","href":"https:\/\/api.w.org\/{rel}","templated":true}]}}