{"id":1699,"date":"2021-05-12T00:25:01","date_gmt":"2021-05-12T00:25:01","guid":{"rendered":"https:\/\/211md.org\/?page_id=1699"},"modified":"2025-11-11T10:50:03","modified_gmt":"2025-11-11T15:50:03","slug":"hat-harford","status":"publish","type":"page","link":"https:\/\/211md.org\/vi\/resources-by-county\/harford-county\/","title":{"rendered":"H\u1ea1t Harford"},"content":{"rendered":"<img decoding=\"async\" src=\"https:\/\/stg-maryland211-staging.kinsta.cloud\/wp-content\/uploads\/2025\/08\/5-1-scaled.png\" alt=\"5\" itemprop=\"image\" height=\"692\" width=\"2560\" title=\"5\" onerror=\"this.style.display='none'\" loading=\"lazy\" \/>\n\t\t<p>Are you looking for help in Harford County? You&#8217;ve come to the right place. 211&#8217;s guide to food, housing, and utility support includes the top community resources in Harford County.<\/p>\n<p>Get started finding help.<\/p>\n\t\t\t<a href=\"#start\" target=\"_self\">\n\t\t\t\t\t\tB\u1eaft \u0111\u1ea7u\n\t\t\t\t\t<\/a>\n\t\t\t\t<img decoding=\"async\" src=\"https:\/\/211md.org\/wp-content\/plugins\/bb-plugin\/img\/pixel.png\" alt=\"\" itemprop=\"image\" onerror=\"this.style.display='none'\" loading=\"lazy\" \/>\n\t\t\t\t<img decoding=\"async\" src=\"https:\/\/stg-maryland211-staging.kinsta.cloud\/wp-content\/uploads\/2025\/08\/16.png\" alt=\"16\" itemprop=\"image\" height=\"1000\" width=\"1000\" title=\"16\" onerror=\"this.style.display='none'\" loading=\"lazy\" \/>\n\t\t\t\t<img decoding=\"async\" src=\"http:\/\/211md.org\/wp-content\/uploads\/2022\/09\/Grassroots-Food-Pantry.jpg\" alt=\"Ph\u00f2ng \u0111\u1ef1ng th\u1ee9c \u0103n c\u01a1 s\u1edf \u1edf Columbia, MD\" itemprop=\"image\" title=\"C\u01a1 s\u1edf-Th\u1ef1c ph\u1ea9m-Ph\u00f2ng \u0111\u1ef1ng th\u1ee9c \u0103n\" onerror=\"this.style.display='none'\" loading=\"lazy\" \/>\n\t<h2><b>Free Food in Harford County<\/b><\/h2>\n<p>There are food pantries throughout Harford County in\u00a0Bel Air, Fallston, Abingdon, Edgewood, Havre de Grace, and Aberdeen.<\/p>\n<p>The Community Action Agency also offers a food pantry.<\/p>\n<h3><b>Community Action Agency Food Pantry<\/b><\/h3>\n<p>The Community Action Agency Food Pantry and Food Bank in Edgewood, Maryland, offers emergency and supplemental food every 30 days to eligible Harford County residents.<\/p>\n<p>Eligible residents can get fresh and canned fruits, vegetables, meat, dairy products, and breads and pastries. The food lasts 3-4 days, depending on the size of the household.<\/p>\n<p><a href=\"https:\/\/harfordcaa.org\/programs\/hunger-prevention\/food-pantry\/\" target=\"_blank\" rel=\"noopener\">Xem b\u1ea1n c\u00f3 \u0111\u1ee7 \u0111i\u1ec1u ki\u1ec7n \u0111\u1ec3 \u0111\u01b0\u1ee3c tr\u1ee3 gi\u00fap kh\u00f4ng<\/a> and apply for food pantry support through the Community Action Agency.<\/p>\n\t\t<h3>Find a food pantry nearby<\/h3>\n\t\t<p>There are food pantries open throughout the week in Harford County. <a href=\"https:\/\/harfordcaa.org\/programs\/hunger-prevention\/food-pantry\/#1580244729155-d66d72c2-dbe7\" target=\"_blank\" rel=\"noopener\">View Harford Community Action Agency&#8217;s food pantry event list<\/a> to find one nearby.<\/p>\n<p>Or connect directly with a CAC partner agency that provides food:<\/p>\n<ul>\n<li><a href=\"https:\/\/belairumc.org\/neighbors-in-need\/\" target=\"_blank\" rel=\"noopener\">Nh\u00e0 th\u1edd Gi\u00e1m l\u00fd Th\u1ed1ng nh\u1ea5t Bel Air<\/a> &#8211; Bel Air<\/li>\n<li>Char Hope Foundation<\/li>\n<li>Boys &amp; Girls Club of Harford &amp; Cecil Counties<\/li>\n<li>Extreme Family Outreach<\/li>\n<li>Fallston Presbyterian Church<\/li>\n<li><a href=\"https:\/\/gracedarlington.org\/the-3rd-saturday-food-pantry\/\" target=\"_blank\" rel=\"noopener\">Grace Memorial Episcopal Church<\/a> &#8211; Darlington<\/li>\n<li><a href=\"https:\/\/www.graceumchurch.org\/food-pantry.html\" target=\"_blank\" rel=\"noopener\">Grace United Methodist Church<\/a> &#8211; Aberdeen<\/li>\n<li>Homecoming Project<\/li>\n<li>Ti\u1ebfp c\u1eadn N\u1ed9i h\u1ea1t<\/li>\n<li>Mann House<\/li>\n<li><a href=\"https:\/\/www.oakgrovebaptistmd.com\/community-1\" target=\"_blank\" rel=\"noopener\">Oak Grove Baptist Church<\/a> &#8211; Bel Air<\/li>\n<li><a href=\"http:\/\/www.rayofhopemissioncenter.com\/Services.html\" target=\"_blank\" rel=\"noopener\">Ray of Hope Mission<\/a> &#8211; Port Deposit (Cecil County)<\/li>\n<li>St. Margaret Parish<\/li>\n<li><a href=\"https:\/\/www.growwithjesus.org\/serving-others\" target=\"_blank\" rel=\"noopener\">St. Paul&#8217;s Lutheran Church<\/a> &#8211; Aberdeen<\/li>\n<li>The Kitchen Door<\/li>\n<li>Village at Lakeview Community Center<\/li>\n<\/ul>\n<p>These are the Emergency Food Assistance Program Partners:<\/p>\n<ul>\n<li>Grove Presbyterian Church<\/li>\n<li>Mason-Dixon Community Services<\/li>\n<li>Smith&#8217;s Chapel United Methodist Church<\/li>\n<li>St. Joan of Arc Good Samaritan Ministry<\/li>\n<li>St. John&#8217;s Episcopal Church (St. John&#8217;s Cupboard)<\/li>\n<li>St. Matthew Lutheran Church<\/li>\n<li>Tabitha&#8217;s House<\/li>\n<\/ul>\n<p>Not seeing a location near you. <a href=\"https:\/\/www.healthyharford.org\/healthy-living\/healthy-eating-and-nutrition\/community-grocery-and-meal-assistance-grocery-assistance\" target=\"_blank\" rel=\"noopener\">Healthy Harford<\/a> also has a list of groups offering food.<\/p>\n<p>You can also view 211&#8217;s Guide to Food Assistance Programs and learn about WIC, SNAP, and grocery discount programs.<\/p>\n\t\t\t<a href=\"https:\/\/211md.org\/vi\/tai-nguyen\/do-an\/\" target=\"_self\">\n\t\t\t\t\t\t\t211&#8217;s Food Guide\n\t\t\t<\/a>\n\t<h2>T\u00e0i nguy\u00ean th\u1ef1c ph\u1ea9m ph\u1ed5 bi\u1ebfn<\/h2>\n<p>T\u00ecm ki\u1ebfm trong C\u01a1 s\u1edf d\u1eef li\u1ec7u T\u00e0i nguy\u00ean C\u1ed9ng \u0111\u1ed3ng c\u00e1c t\u1ed5 ch\u1ee9c g\u1ea7n \u0111\u00f3 c\u00f3 th\u1ec3 h\u1ed7 tr\u1ee3 th\u1ef1c ph\u1ea9m. \u0110\u00e2y l\u00e0 nh\u1eefng t\u00ecm ki\u1ebfm ph\u1ed5 bi\u1ebfn \u0111\u1ec3 b\u1eaft \u0111\u1ea7u. Nh\u1ea5p v\u00e0o n\u00fat b\u00ean d\u01b0\u1edbi ph\u00f9 h\u1ee3p v\u1edbi nhu c\u1ea7u, sau \u0111\u00f3 nh\u1eadp m\u00e3 ZIP tr\u00ean trang k\u1ebft qu\u1ea3 \u0111\u1ec3 t\u00ecm c\u00e1c \u0111\u1ecba \u0111i\u1ec3m g\u1ea7n \u0111\u00f3.<\/p>\n\t\t\t<a href=\"https:\/\/search.211md.org\/search?query=BD-1800.2250&#038;query_label=Food+vouchers&#038;query_type=taxonomy&#038;utm_source=211&#038;utm_medium=Referral&#038;utm_campaign=Foodlink&#038;utm_content=Food%20Vouchers\" target=\"_blank\" rel=\"noopener\">\n\t\t\t\t\t\tphi\u1ebfu \u0103n u\u1ed1ng\n\t\t\t\t\t<\/a>\n\t\t\t<a href=\"https:\/\/search.211md.org\/search?query=Food+Banks+%26+Pantries&#038;query_label=Food+Banks+%26+Pantries&#038;query_type=taxonomy\" target=\"_blank\" rel=\"noopener\">\n\t\t\t\t\t\tNg\u00e2n h\u00e0ng th\u1ef1c ph\u1ea9m\n\t\t\t\t\t<\/a>\n\t\t\t<a href=\"https:\/\/search.211md.org\/search?query=BD-1800.2250&#038;query_type=taxonomy&#038;query_label=&#038;query_language=en&#038;utm_source=&#038;utm_medium=Referral&#038;utm_campaign=Foodlink&#038;utm_content=Fresh%20Food\" target=\"_blank\" rel=\"noopener\">\n\t\t\t\t\t\tTh\u1ee9c \u0103n s\u1ea1ch\n\t\t\t\t\t<\/a>\n\t\t\t<a href=\"https:\/\/search.211md.org\/search?query=BD-1800.8200-250&#038;query_label=Formula%2FBaby+Food&#038;query_type=taxonomy&#038;utm_source=&#038;utm_medium=Referral&#038;utm_campaign=Foodlink&#038;utm_content=Baby%20Formula\" target=\"_blank\" rel=\"noopener\">\n\t\t\t\t\t\tS\u1eefa c\u00f4ng th\u1ee9c\/Th\u1ee9c \u0103n tr\u1ebb em\n\t\t\t\t\t<\/a>\n\t\t\t<a href=\"https:\/\/search.211md.org\/search?query=BD-2400.2590&#038;query_type=taxonomy&#038;query_label=&#038;query_language=en&#038;utm_source=&#038;utm_medium=Referral&#038;utm_campaign=Foodlink&#038;utm_content=Grocery%20Delivery\" target=\"_blank\" rel=\"noopener\">\n\t\t\t\t\t\tGiao h\u00e0ng t\u1ea1p h\u00f3a\n\t\t\t\t\t<\/a>\n\t\t\t<a href=\"https:\/\/search.211md.org\/search?query=food+pantry&#038;query_label=food+pantry&#038;query_type=text\" target=\"_blank\" rel=\"noopener\">\n\t\t\t\t\t\tph\u00f2ng \u0111\u1ef1ng th\u1ee9c \u0103n\n\t\t\t\t\t<\/a>\n\t\t\t\t<img decoding=\"async\" src=\"http:\/\/211md.org\/wp-content\/uploads\/2025\/09\/Reviewing-documentation-needed-to-apply-for-financial-help.jpg\" alt=\"Xem x\u00e9t c\u00e1c t\u00e0i li\u1ec7u c\u1ea7n thi\u1ebft \u0111\u1ec3 xin tr\u1ee3 gi\u00fap t\u00e0i ch\u00ednh\" itemprop=\"image\" title=\"Xem x\u00e9t c\u00e1c t\u00e0i li\u1ec7u c\u1ea7n thi\u1ebft \u0111\u1ec3 xin tr\u1ee3 gi\u00fap t\u00e0i ch\u00ednh\" onerror=\"this.style.display='none'\" loading=\"lazy\" \/>\n<h2>Nh\u00f3m c\u1ed9ng \u0111\u1ed3ng c\u00f3 th\u1ec3 tr\u1ee3 gi\u00fap<\/h2>\n<p>The Harford Community Action Agency can also help residents with other essential needs, in addition to food, including utility bills, housing, and case management for Peer Recovery, Pre-GED, and health insurance help. <a href=\"https:\/\/harfordcaa.org\/\" target=\"_blank\" rel=\"noopener\">Connect with the CAC<\/a>.<\/p>\n<p>Inner County Outreach\u00a0offers\u00a0<a href=\"https:\/\/www.innercountyoutreach.org\/mental-health-services\" target=\"_blank\" rel=\"noopener\">h\u1ed7 tr\u1ee3 s\u1ee9c kh\u1ecfe t\u00e2m th\u1ea7n<\/a>, housing rehab for dilapidated and vacant homes, homebuyer education, mentoring,\u00a0support for children with a parent in prison or jail, and\u00a0<a href=\"https:\/\/innercountyoutreach.org\/re-entry\/\" target=\"_blank\" rel=\"noopener\">ch\u01b0\u01a1ng tr\u00ecnh t\u00e1i nh\u1eadp c\u1ed9ng \u0111\u1ed3ng<\/a>\u00a0cho nh\u1eefng ng\u01b0\u1eddi b\u1ecb giam gi\u1eef.<\/p>\n<p>The\u00a0Bel Air United Methodist Church also runs the <a href=\"https:\/\/belairumc.org\/pass-it-on-ministry\/\" target=\"_blank\" rel=\"noopener\">PASS-IT-ON Ministry<\/a> to prevent BGE or Delmarva turn-offs. Residents can get help once every 12 months.<\/p>\n<p>Energy assistance is also available through state utility assistance programs. Learn how to apply for these grants with the <a href=\"https:\/\/211md.org\/vi\/tai-nguyen\/ho-tro-tien-ich\/\">211 Utility Assistance Guide<\/a>.<\/p>\n\t\t\t\t<img decoding=\"async\" src=\"https:\/\/211md.org\/wp-content\/plugins\/bb-plugin\/img\/pixel.png\" alt=\"\" itemprop=\"image\" onerror=\"this.style.display='none'\" loading=\"lazy\" \/>\n\t\t\t\t<img decoding=\"async\" src=\"https:\/\/211md.org\/wp-content\/uploads\/bb-plugin\/cache\/Call-center-specialst-circle-4e9ecd7b3425be4576416abc911049bb-.jpg\" alt=\"Chuy\u00ean gia trung t\u00e2m cu\u1ed9c g\u1ecdi\" itemprop=\"image\" title=\"Trung t\u00e2m cu\u1ed9c g\u1ecdi \u0111\u1eb7c bi\u1ec7t\" onerror=\"this.style.display='none'\" loading=\"lazy\" \/>\n<h2>Quay s\u1ed1 211<\/h2><p>H\u00e3y tr\u00f2 chuy\u1ec7n v\u1edbi m\u1ed9t ng\u01b0\u1eddi chu \u0111\u00e1o v\u00e0 gi\u00e0u l\u00f2ng tr\u1eafc \u1ea9n 24\/7. H\u1ecd c\u0169ng c\u00f3 th\u1ec3 k\u1ebft n\u1ed1i b\u1ea1n v\u1edbi c\u00e1c ngu\u1ed3n l\u1ef1c.\u00a0<\/p>\n\t\t\t<a href=\"tel:%20+211\" target=\"_blank\" rel=\"noopener\">\n\t\t\t\t\t\tQuay s\u1ed1 211 (di \u0111\u1ed9ng)\n\t\t\t\t\t<\/a>\n\t\t<h4><a href=\"\/vi\/tai-nguyen\/lao-hoa-khuyet-tat\/?utm_source=Home&#038;utm_medium=Referral&#038;utm_campaign=211Resources&#038;utm_content=Aging\" target=\"_self\">L\u00e3o h\u00f3a &amp; Khuy\u1ebft t\u1eadt<\/a><\/h4>\n\t\t\t\t<a href=\"\/vi\/tai-nguyen\/lao-hoa-khuyet-tat\/?utm_source=Home&#038;utm_medium=Referral&#038;utm_campaign=211Resources&#038;utm_content=Aging\"  target=\"_self\" itemprop=\"url\">\n\t\t\t\t<img decoding=\"async\" src=\"https:\/\/211md.org\/wp-content\/uploads\/bb-plugin\/cache\/2025_MdInfoNet_Icon-Sets_Aging-disability-square-c466727102cae71e5f27b8539bb51945-.png\" alt=\"\" itemprop=\"image\" onerror=\"this.style.display='none'\" loading=\"lazy\" \/>\n\t\t\t\t<\/a>\n\t\t<h4><a href=\"\/vi\/tai-nguyen\/gia-dinh-tre-em\/?utm_source=Home&#038;utm_medium=Referral&#038;utm_campaign=211Resources&#038;utm_content=Children\" target=\"_self\">Tr\u1ebb em &amp; Gia \u0111\u00ecnh<\/a><\/h4>\n\t\t\t\t<a href=\"\/vi\/tai-nguyen\/gia-dinh-tre-em\/?utm_source=Home&#038;utm_medium=Referral&#038;utm_campaign=211Resources&#038;utm_content=Children\"  target=\"_self\" itemprop=\"url\">\n\t\t\t\t<img decoding=\"async\" src=\"https:\/\/211md.org\/wp-content\/uploads\/bb-plugin\/cache\/2025_211_Icon-Sets_Child-care-square-f3b0d4edab3dcc467fadb5f55f4064c6-.png\" alt=\"2025_211_B\u1ed9 bi\u1ec3u t\u01b0\u1ee3ng_Ch\u0103m s\u00f3c tr\u1ebb em\" itemprop=\"image\" height=\"417\" width=\"417\" title=\"2025_211_B\u1ed9 bi\u1ec3u t\u01b0\u1ee3ng_Ch\u0103m s\u00f3c tr\u1ebb em\" onerror=\"this.style.display='none'\" loading=\"lazy\" \/>\n\t\t\t\t<\/a>\n\t\t<h4><a href=\"\/vi\/tai-nguyen\/gia-dinh-bao-luc\/?utm_source=Home&#038;utm_medium=Referral&#038;utm_campaign=211Resources&#038;utm_content=Domestic\" target=\"_self\">B\u1ea1o l\u1ef1c gia \u0111\u00ecnh<\/a><\/h4>\n\t\t\t\t<a href=\"\/vi\/tai-nguyen\/gia-dinh-bao-luc\/?utm_source=Home&#038;utm_medium=Referral&#038;utm_campaign=211Resources&#038;utm_content=Domestic\"  target=\"_self\" itemprop=\"url\">\n\t\t\t\t<img decoding=\"async\" src=\"https:\/\/211md.org\/wp-content\/uploads\/bb-plugin\/cache\/2025_211_Icon-Sets_Domestic-Violence-square-7b597694a6f05fe90cdc376aa573bc63-.png\" alt=\"Bi\u1ec3u t\u01b0\u1ee3ng b\u1ea1o l\u1ef1c gia \u0111\u00ecnh\" itemprop=\"image\" height=\"417\" width=\"417\" title=\"2025_211_B\u1ed9 bi\u1ec3u t\u01b0\u1ee3ng_B\u1ea1o l\u1ef1c gia \u0111\u00ecnh\" onerror=\"this.style.display='none'\" loading=\"lazy\" \/>\n\t\t\t\t<\/a>\n\t\t<h4><a href=\"\/vi\/tai-nguyen\/tim-kiem-viec-lam\/?utm_source=Home&#038;utm_medium=Referral&#038;utm_campaign=211Resources&#038;utm_content=Employment\" target=\"_self\">Thu\u00ea ng\u01b0\u1eddi l\u00e0m<\/a><\/h4>\n\t\t\t\t<a href=\"\/vi\/tai-nguyen\/tim-kiem-viec-lam\/?utm_source=Home&#038;utm_medium=Referral&#038;utm_campaign=211Resources&#038;utm_content=Employment\"  target=\"_self\" itemprop=\"url\">\n\t\t\t\t<img decoding=\"async\" src=\"https:\/\/211md.org\/wp-content\/uploads\/bb-plugin\/cache\/2025_MdInfoNet_Icon-Sets_Employment-square-44707bd410e4df10a470bf130ebcea86-.png\" alt=\"\" itemprop=\"image\" onerror=\"this.style.display='none'\" loading=\"lazy\" \/>\n\t\t\t\t<\/a>\n\t\t<h4><a href=\"\/vi\/tai-nguyen\/cham-soc-suc-khoe\/?utm_source=Home&#038;utm_medium=Referral&#038;utm_campaign=211Resources&#038;utm_content=Health%20Care\" target=\"_self\">Ch\u0103m s\u00f3c s\u1ee9c kh\u1ecfe<\/a><\/h4>\n\t\t\t\t<a href=\"\/vi\/tai-nguyen\/cham-soc-suc-khoe\/?utm_source=Home&#038;utm_medium=Referral&#038;utm_campaign=211Resources&#038;utm_content=Health%20Care\"  target=\"_self\" itemprop=\"url\">\n\t\t\t\t<img decoding=\"async\" src=\"https:\/\/211md.org\/wp-content\/uploads\/bb-plugin\/cache\/2025_MdInfoNet_Icon-Sets_Health-Care-square-dee98a0060cbe0e7f27eda253fc12679-.png\" alt=\"\" itemprop=\"image\" onerror=\"this.style.display='none'\" loading=\"lazy\" \/>\n\t\t\t\t<\/a>\n\t\t<h4><a href=\"\/vi\/tai-nguyen\/gia-dinh-tre-em\/quan-he-ho-hang\/?utm_source=Home&#038;utm_medium=Referral&#038;utm_campaign=211Resources&#038;utm_content=Kinship\" target=\"_self\">h\u1ecd h\u00e0ng<\/a><\/h4>\n\t\t\t\t<a href=\"\/vi\/tai-nguyen\/gia-dinh-tre-em\/quan-he-ho-hang\/?utm_source=Home&#038;utm_medium=Referral&#038;utm_campaign=211Resources&#038;utm_content=Kinship\"  target=\"_self\" itemprop=\"url\">\n\t\t\t\t<img decoding=\"async\" src=\"https:\/\/211md.org\/wp-content\/uploads\/bb-plugin\/cache\/2025_211_Icon-Sets_Kinship-square-45bdf872866f5735f842c32071109267-.png\" alt=\"Bi\u1ec3u t\u01b0\u1ee3ng h\u1ecd h\u00e0ng\" itemprop=\"image\" height=\"417\" width=\"417\" title=\"2025_211_B\u1ed9 bi\u1ec3u t\u01b0\u1ee3ng_Quan h\u1ec7 h\u1ecd h\u00e0ng\" onerror=\"this.style.display='none'\" loading=\"lazy\" \/>\n\t\t\t\t<\/a>\n\t\t<h4><a href=\"\/vi\/tai-nguyen\/dich-vu-phap-ly\/?utm_source=Home&#038;utm_medium=Referral&#038;utm_campaign=211Resources&#038;utm_content=Legal\" target=\"_self\">D\u1ecbch v\u1ee5 ph\u00e1p l\u00fd<\/a><\/h4>\n\t\t\t\t<a href=\"\/vi\/tai-nguyen\/dich-vu-phap-ly\/?utm_source=Home&#038;utm_medium=Referral&#038;utm_campaign=211Resources&#038;utm_content=Legal\"  target=\"_self\" itemprop=\"url\">\n\t\t\t\t<img decoding=\"async\" src=\"https:\/\/211md.org\/wp-content\/uploads\/bb-plugin\/cache\/2025_MdInfoNet_Icon-Sets_Legal-square-18fdf438feb8435588174d9046463257-.png\" alt=\"\" itemprop=\"image\" onerror=\"this.style.display='none'\" loading=\"lazy\" \/>\n\t\t\t\t<\/a>\n\t\t<h4><a href=\"\/vi\/tai-nguyen\/suc-khoe-tinh-than\/?utm_source=Home&#038;utm_medium=Referral&#038;utm_campaign=211Resources&#038;utm_content=Mental\" target=\"_self\">S\u1ee9c kh\u1ecfe tinh th\u1ea7n<\/a><\/h4>\n\t\t\t\t<a href=\"\/vi\/tai-nguyen\/suc-khoe-tinh-than\/?utm_source=Home&#038;utm_medium=Referral&#038;utm_campaign=211Resources&#038;utm_content=Mental\"  target=\"_self\" itemprop=\"url\">\n\t\t\t\t<img decoding=\"async\" src=\"https:\/\/211md.org\/wp-content\/uploads\/bb-plugin\/cache\/2025_MdInfoNet_Icon-Sets_Mental-Health-square-c59b38c4a993a947d4c9280fbe2d2fee-.png\" alt=\"\" itemprop=\"image\" onerror=\"this.style.display='none'\" loading=\"lazy\" \/>\n\t\t\t\t<\/a>\n\t\t<h4><a href=\"\/vi\/tai-nguyen\/mdreentry\/?utm_source=Home&#038;utm_medium=Referral&#038;utm_campaign=211Resources&#038;utm_content=Reentry\" target=\"_self\">V\u00e0o l\u1ea1i<\/a><\/h4>\n\t\t\t\t<a href=\"\/vi\/tai-nguyen\/mdreentry\/?utm_source=Home&#038;utm_medium=Referral&#038;utm_campaign=211Resources&#038;utm_content=Reentry\"  target=\"_self\" itemprop=\"url\">\n\t\t\t\t<img decoding=\"async\" src=\"https:\/\/211md.org\/wp-content\/uploads\/bb-plugin\/cache\/2025_211_Icon-Sets_Reentry-square-8676fea38abd920a832f45642fe31cca-.png\" alt=\"Bi\u1ec3u t\u01b0\u1ee3ng nh\u1eadp l\u1ea1i\" itemprop=\"image\" height=\"417\" width=\"417\" title=\"2025_211_B\u1ed9 bi\u1ec3u t\u01b0\u1ee3ng_Nh\u1eadp l\u1ea1i\" onerror=\"this.style.display='none'\" loading=\"lazy\" \/>\n\t\t\t\t<\/a>\n\t\t<h4><a href=\"\/vi\/tai-nguyen\/su-dung-chat-kich-thich\/?utm_source=Home&#038;utm_medium=Referral&#038;utm_campaign=211Resources&#038;utm_content=Substance\" target=\"_self\">S\u1eed d\u1ee5ng ch\u1ea5t k\u00edch th\u00edch<\/a><\/h4>\n\t\t\t\t<a href=\"\/vi\/tai-nguyen\/su-dung-chat-kich-thich\/?utm_source=Home&#038;utm_medium=Referral&#038;utm_campaign=211Resources&#038;utm_content=Substance\"  target=\"_self\" itemprop=\"url\">\n\t\t\t\t<img decoding=\"async\" src=\"https:\/\/211md.org\/wp-content\/uploads\/bb-plugin\/cache\/2025_MdInfoNet_Icon-Sets_Substance-Abuse-square-9022fec9d18a64118ad685c101885b55-.png\" alt=\"\" itemprop=\"image\" onerror=\"this.style.display='none'\" loading=\"lazy\" \/>\n\t\t\t\t<\/a>\n\t\t<h4><a href=\"\/vi\/tai-nguyen\/cuu-chien-binh\/?utm_source=Home&#038;utm_medium=Referral&#038;utm_campaign=211Resources&#038;utm_content=Veterans\" target=\"_self\">c\u1ef1u chi\u1ebfn binh<\/a><\/h4>\n\t\t\t\t<a href=\"\/vi\/tai-nguyen\/cuu-chien-binh\/?utm_source=Home&#038;utm_medium=Referral&#038;utm_campaign=211Resources&#038;utm_content=Veterans\"  target=\"_self\" itemprop=\"url\">\n\t\t\t\t<img decoding=\"async\" src=\"https:\/\/211md.org\/wp-content\/uploads\/bb-plugin\/cache\/2025_MdInfoNet_Icon-Sets_Rating-square-6e60d00cce4faa8e0a6d4ad7366aa733-.png\" alt=\"\" itemprop=\"image\" onerror=\"this.style.display='none'\" loading=\"lazy\" \/>\n\t\t\t\t<\/a>","protected":false},"excerpt":{"rendered":"<p>Are you looking for help in Harford County? You&#8217;ve come to the right place. 211&#8217;s guide to food, housing, and utility support includes the top community resources in Harford County. Get started finding help. Get Started Free Food in Harford County There are food pantries throughout Harford County in\u00a0Bel Air, Fallston, Abingdon, Edgewood, Havre de&hellip;<\/p>","protected":false},"author":8,"featured_media":34216,"parent":750,"menu_order":0,"comment_status":"closed","ping_status":"closed","template":"","meta":{"footnotes":""},"class_list":["post-1699","page","type-page","status-publish","has-post-thumbnail","hentry"],"_links":{"self":[{"href":"https:\/\/211md.org\/vi\/wp-json\/wp\/v2\/pages\/1699","targetHints":{"allow":["GET"]}}],"collection":[{"href":"https:\/\/211md.org\/vi\/wp-json\/wp\/v2\/pages"}],"about":[{"href":"https:\/\/211md.org\/vi\/wp-json\/wp\/v2\/types\/page"}],"author":[{"embeddable":true,"href":"https:\/\/211md.org\/vi\/wp-json\/wp\/v2\/users\/8"}],"replies":[{"embeddable":true,"href":"https:\/\/211md.org\/vi\/wp-json\/wp\/v2\/comments?post=1699"}],"version-history":[{"count":7,"href":"https:\/\/211md.org\/vi\/wp-json\/wp\/v2\/pages\/1699\/revisions"}],"predecessor-version":[{"id":34220,"href":"https:\/\/211md.org\/vi\/wp-json\/wp\/v2\/pages\/1699\/revisions\/34220"}],"up":[{"embeddable":true,"href":"https:\/\/211md.org\/vi\/wp-json\/wp\/v2\/pages\/750"}],"wp:featuredmedia":[{"embeddable":true,"href":"https:\/\/211md.org\/vi\/wp-json\/wp\/v2\/media\/34216"}],"wp:attachment":[{"href":"https:\/\/211md.org\/vi\/wp-json\/wp\/v2\/media?parent=1699"}],"curies":[{"name":"wp","href":"https:\/\/api.w.org\/{rel}","templated":true}]}}