{"id":1701,"date":"2021-05-12T00:25:17","date_gmt":"2021-05-12T00:25:17","guid":{"rendered":"https:\/\/211md.org\/?page_id=1701"},"modified":"2026-01-08T09:38:03","modified_gmt":"2026-01-08T14:38:03","slug":"quan-baltimore","status":"publish","type":"page","link":"https:\/\/211md.org\/vi\/resources-by-county\/baltimore-county\/","title":{"rendered":"H\u1ea1t Baltimore"},"content":{"rendered":"<h2><a href=\"https:\/\/search.211md.org\/\" target=\"_blank\"  rel=\"noopener\">T\u00ecm t\u00e0i nguy\u00ean g\u1ea7n t\u00f4i<\/a><\/h2>\n\t\t\t<a href=\"https:\/\/search.211md.org\/\" target=\"_blank\" rel=\"noopener\">\n\t\t\t\t\t\t\tT\u00ecm ki\u1ebfm ngay b\u00e2y gi\u1edd\n\t\t\t<\/a>\n\t<p><strong><a href=\"\/vi\/tham-gia-co-so-du-lieu-cua-chung-toi\/\">Th\u00eam c\u01a1 quan ho\u1eb7c t\u1ed5 ch\u1ee9c c\u1ee7a b\u1ea1n v\u00e0o c\u01a1 s\u1edf d\u1eef li\u1ec7u t\u00e0i nguy\u00ean c\u1ee7a ch\u00fang t\u00f4i.<\/a><\/strong><\/p>\n<p>B\u1ea1n s\u1ed1ng \u1edf Dundalk, Woodlawn, Gyndon, Worthington, Owings Mills, Towson, Middle River, Milford Mill, Cockeysville hay m\u1ed9t trong nhi\u1ec1u c\u1ed9ng \u0111\u1ed3ng kh\u00e1c c\u1ee7a Qu\u1eadn Baltimore? Tr\u1ee3 gi\u00fap c\u00f3 s\u1eb5n 24\/7\/365. Quay s\u1ed1 211.<\/p>\n<p>211 Maryland \u0111ang gi\u00fap b\u1ea1n d\u1ec5 d\u00e0ng k\u1ebft n\u1ed1i v\u1edbi c\u00e1c ngu\u1ed3n l\u1ef1c c\u00f3 th\u1ec3 gi\u00fap b\u1ea1n ph\u00e1t tri\u1ec3n.<\/p>\n<h2>Phi\u1ebfu l\u1ef1a ch\u1ecdn nh\u00e0 \u1edf<\/h2>\n<p>N\u1ebfu b\u1ea1n c\u1ea7n tr\u1ee3 gi\u00fap tr\u1ea3 ti\u1ec1n thu\u00ea nh\u00e0, b\u1ea1n c\u00f3 th\u1ec3 \u0111\u1ee7 \u0111i\u1ec1u ki\u1ec7n nh\u1eadn <a href=\"https:\/\/www.baltimorecountymd.gov\/departments\/housing\/housing-programs\" target=\"_blank\" rel=\"noopener\">Ch\u01b0\u01a1ng tr\u00ecnh Phi\u1ebfu L\u1ef1a ch\u1ecdn Nh\u00e0 \u1edf (HCV)<\/a>, tr\u01b0\u1edbc \u0111\u00e2y \u0111\u01b0\u1ee3c g\u1ecdi l\u00e0 Ph\u1ea7n 8. C\u00f3 th\u1ec3 c\u00f3 m\u1ed9t danh s\u00e1ch ch\u1edd. V\u1ecb tr\u00ed c\u1ee7a b\u1ea1n trong danh s\u00e1ch \u0111\u01b0\u1ee3c x\u00e1c \u0111\u1ecbnh b\u1edfi d\u1eef li\u1ec7u v\u00e0 th\u1eddi gian n\u1ed9p \u0111\u01a1n c\u1ee7a b\u1ea1n.<\/p>\n<p><a href=\"https:\/\/baltimorecounty.myhousing.com\/?abandon=False\" target=\"_blank\" rel=\"noopener\">\u0110\u0103ng k\u00fd danh s\u00e1ch ch\u1edd nh\u00e0 \u1edf t\u1ea1i Qu\u1eadn Baltimore<\/a>.<\/p>\n<h2><b>\u0110\u1ed3 \u0103n<\/b><\/h2>\n<p>N\u1ebfu b\u1ea1n c\u1ea7n th\u1ef1c ph\u1ea9m, b\u1ea1n c\u00f3 th\u1ec3 nh\u1eadn \u0111\u01b0\u1ee3c s\u1ef1 h\u1ed7 tr\u1ee3 t\u1eeb <a href=\"https:\/\/www.canconnects.org\/food-pantry\" target=\"_blank\" rel=\"noopener\">M\u1ea1ng l\u01b0\u1edbi h\u1ed7 tr\u1ee3 c\u1ed9ng \u0111\u1ed3ng Ph\u00f2ng \u0111\u1ef1ng th\u1ee9c \u0103n l\u1ef1a ch\u1ecdn c\u1ed9ng \u0111\u1ed3ng<\/a>. Ch\u01b0\u01a1ng tr\u00ecnh \u0111\u1ee7 \u0111i\u1ec1u ki\u1ec7n v\u1ec1 thu nh\u1eadp cung c\u1ea5p b\u1eefa s\u00e1ng, b\u1eefa tr\u01b0a, b\u1eefa t\u1ed1i v\u00e0 hai b\u1eefa \u0103n nh\u1eb9 m\u1ed7i ng\u00e0y trong m\u1ed9t tu\u1ea7n (7 ng\u00e0y). N\u1ebfu \u0111\u1ee7 \u0111i\u1ec1u ki\u1ec7n, b\u1ea1n c\u00f3 th\u1ec3 nh\u1eadn \u0111\u01b0\u1ee3c th\u1ef1c ph\u1ea9m b\u1ed5 sung 30 ng\u00e0y m\u1ed9t l\u1ea7n.<\/p>\n<p>B\u1ea1n ph\u1ea3i cung c\u1ea5p t\u00e0i li\u1ec7u \u0111\u1ec3 xin tr\u1ee3 gi\u00fap th\u00f4ng qua ph\u00f2ng \u0111\u1ef1ng th\u1ee9c \u0103n. B\u1ea1n c\u0169ng c\u00f3 th\u1ec3 t\u00ecm th\u1ea5y c\u00e1c ch\u01b0\u01a1ng tr\u00ecnh th\u1ef1c ph\u1ea9m v\u00e0 h\u1ed7 tr\u1ee3 \u1edf Qu\u1eadn Baltimore, trong <a href=\"https:\/\/search.211md.org\/\" target=\"_blank\" rel=\"noopener\">c\u01a1 s\u1edf d\u1eef li\u1ec7u 211<\/a> ho\u1eb7c t\u00ecm hi\u1ec3u v\u1ec1 <a href=\"https:\/\/211md.org\/vi\/tai-nguyen\/do-an\/\">c\u00f3 s\u1eb5n c\u00e1c ch\u01b0\u01a1ng tr\u00ecnh th\u1ef1c ph\u1ea9m nh\u01b0 SNAP<\/a> cho c\u00e1c c\u00e1 nh\u00e2n v\u00e0 gia \u0111\u00ecnh \u0111\u1ee7 \u0111i\u1ec1u ki\u1ec7n.<\/p>\n<h2><b>H\u1ed7 tr\u1ee3 ti\u1ec7n \u00edch<\/b><\/h2>\n<p>S\u1edf D\u1ecbch v\u1ee5 X\u00e3 h\u1ed9i Qu\u1eadn Baltimore c\u0169ng c\u00f3 th\u1ec3 gi\u00fap c\u01b0 d\u00e2n n\u1ed9p \u0111\u01a1n xin h\u1ed7 tr\u1ee3 n\u0103ng l\u01b0\u1ee3ng. C\u00f3 m\u1ed9t s\u1ed1 c\u00e1ch \u0111\u1ec3 nh\u1eadn tr\u1ee3 gi\u00fap \u2013 v\u1edbi kho\u1ea3n tr\u1ee3 c\u1ea5p c\u1ee7a ti\u1ec3u bang nh\u01b0 Ch\u01b0\u01a1ng tr\u00ecnh H\u1ed7 tr\u1ee3 N\u0103ng l\u01b0\u1ee3ng Maryland (MEAP) t\u1eeb V\u0103n ph\u00f2ng Ch\u01b0\u01a1ng tr\u00ecnh N\u0103ng l\u01b0\u1ee3ng Gia \u0111\u00ecnh (OHEP), Qu\u1ef9 Nhi\u00ean li\u1ec7u n\u1ebfu b\u1ea1n l\u00e0 kh\u00e1ch h\u00e0ng c\u1ee7a BG&amp;E ho\u1eb7c v\u1edbi g\u00f3i thanh to\u00e1n t\u1eeb ti\u1ec7n \u00edch c\u1ee7a b\u1ea1n nh\u01b0 BG &amp; E.\u00a0<a href=\"\/vi\/tai-nguyen\/ho-tro-tien-ich\/\" rel=\"noopener\">T\u00ecm hi\u1ec3u v\u1ec1 t\u1ea5t c\u1ea3 c\u00e1c l\u1ef1a ch\u1ecdn c\u1ee7a b\u1ea1n \u0111\u1ec3 thanh to\u00e1n h\u00f3a \u0111\u01a1n ti\u1ec7n \u00edch<\/a>.<\/p>\n<h2>Khai thu\u1ebf \u1edf Qu\u1eadn Baltimore<\/h2>\n<p>B\u1ea1n \u0111ang t\u00ecm ki\u1ebfm tr\u1ee3 gi\u00fap \u0111\u1ec3 n\u1ed9p thu\u1ebf? T\u1ea1i Qu\u1eadn Baltimore, b\u1ea1n c\u00f3 th\u1ec3 nh\u1eadn tr\u1ee3 gi\u00fap t\u1eeb Chi\u1ebfn d\u1ecbch TI\u1ec0N M\u1eb6T c\u1ee7a Maryland. H\u1ecd c\u00f3 \u0111\u1ecba \u0111i\u1ec3m \u1edf Randallstown, Catonsville v\u00e0 Dundalk n\u1ebfu b\u1ea1n ki\u1ebfm \u0111\u01b0\u1ee3c $60.000 tr\u1edf xu\u1ed1ng. <a href=\"https:\/\/cashmd.org\/baltimore-locations\/\" target=\"_blank\" rel=\"noopener\">\u0110\u1eb7t l\u1ecbch h\u1eb9n<\/a>t \u0111\u1ec3 \u0111\u01b0\u1ee3c tr\u1ee3 gi\u00fap v\u1ec1 thu\u1ebf \u1edf Qu\u1eadn Baltimore.<\/p>\n<p>B\u1ea1n c\u0169ng c\u00f3 th\u1ec3 t\u00ecm ki\u1ebfm nh\u00e0 cung c\u1ea5p d\u1ecbch v\u1ee5 khai thu\u1ebf mi\u1ec5n ph\u00ed t\u1ea1i <a href=\"https:\/\/search.211md.org\/\" target=\"_blank\" rel=\"noopener\">C\u01a1 s\u1edf d\u1eef li\u1ec7u t\u00e0i nguy\u00ean 211<\/a>.<\/p>\n<h2>Ng\u01b0\u1eddi M\u1ef9 m\u1edbi<\/h2>\n<p>N\u1ebfu b\u1ea1n m\u1edbi \u0111\u1ebfn Th\u00e0nh ph\u1ed1 Baltimore ho\u1eb7c Qu\u1eadn Baltimore, b\u1ea1n c\u00f3 th\u1ec3 g\u1ecdi 211 \u0111\u1ec3 \u0111\u01b0\u1ee3c h\u1ed7 tr\u1ee3 nh\u1eadp c\u01b0 m\u1ed9t c\u1eeda. B\u1ea1n c\u00f3 th\u1ec3 <a href=\"https:\/\/211md.org\/vi\/tai-nguyen\/moi-doi-voi-chung-toi-va-maryland\/\">t\u00ecm t\u00e0i nguy\u00ean<\/a> h\u1ed7 tr\u1ee3 ng\u01b0\u1eddi M\u1ef9 m\u1edbi t\u1eeb gi\u00e1o d\u1ee5c \u0111\u1ebfn nh\u1eadp t\u1ecbch.<\/p>\n<p>B\u1ea1n c\u0169ng c\u00f3 th\u1ec3 nh\u1eadn \u0111\u01b0\u1ee3c s\u1ef1 h\u1ed7 tr\u1ee3 d\u00e0nh ri\u00eang cho Baltimore t\u1eeb V\u0103n ph\u00f2ng c\u00e1c v\u1ea5n \u0111\u1ec1 nh\u1eadp c\u01b0 c\u1ee7a Th\u1ecb tr\u01b0\u1edfng. H\u1ecd c\u00f3 <a href=\"https:\/\/mima.baltimorecity.gov\/wg\" target=\"_blank\" rel=\"noopener\">t\u00e0i nguy\u00ean theo danh m\u1ee5c<\/a> v\u00e0 c\u0169ng l\u00e0 m\u1ed9t <a href=\"https:\/\/mima.baltimorecity.gov\/node\/15969\" target=\"_blank\" rel=\"noopener\">Ch\u00e0o m\u1eebng b\u1ea1n \u0111\u1ebfn v\u1edbi H\u01b0\u1edbng d\u1eabn Baltimore,<\/a> c\u00f3 s\u1eb5n b\u1eb1ng nhi\u1ec1u ng\u00f4n ng\u1eef.<\/p>\n\t\t<h4><a href=\"\/vi\/tai-nguyen\/lao-hoa-khuyet-tat\/?utm_source=Home&#038;utm_medium=Referral&#038;utm_campaign=211Resources&#038;utm_content=Aging\" target=\"_self\">L\u00e3o h\u00f3a &amp; Khuy\u1ebft t\u1eadt<\/a><\/h4>\n\t\t\t\t<a href=\"\/vi\/tai-nguyen\/lao-hoa-khuyet-tat\/?utm_source=Home&#038;utm_medium=Referral&#038;utm_campaign=211Resources&#038;utm_content=Aging\"  target=\"_self\" itemprop=\"url\">\n\t\t\t\t<img decoding=\"async\" src=\"https:\/\/211md.org\/wp-content\/uploads\/bb-plugin\/cache\/2025_MdInfoNet_Icon-Sets_Aging-disability-square-c466727102cae71e5f27b8539bb51945-.png\" alt=\"\" itemprop=\"image\" onerror=\"this.style.display='none'\" loading=\"lazy\" \/>\n\t\t\t\t<\/a>\n\t\t<h4><a href=\"\/vi\/tai-nguyen\/gia-dinh-tre-em\/?utm_source=Home&#038;utm_medium=Referral&#038;utm_campaign=211Resources&#038;utm_content=Children\" target=\"_self\">Tr\u1ebb em &amp; Gia \u0111\u00ecnh<\/a><\/h4>\n\t\t\t\t<a href=\"\/vi\/tai-nguyen\/gia-dinh-tre-em\/?utm_source=Home&#038;utm_medium=Referral&#038;utm_campaign=211Resources&#038;utm_content=Children\"  target=\"_self\" itemprop=\"url\">\n\t\t\t\t<img decoding=\"async\" src=\"https:\/\/211md.org\/wp-content\/uploads\/bb-plugin\/cache\/2025_211_Icon-Sets_Child-care-square-f3b0d4edab3dcc467fadb5f55f4064c6-.png\" alt=\"2025_211_B\u1ed9 bi\u1ec3u t\u01b0\u1ee3ng_Ch\u0103m s\u00f3c tr\u1ebb em\" itemprop=\"image\" height=\"417\" width=\"417\" title=\"2025_211_B\u1ed9 bi\u1ec3u t\u01b0\u1ee3ng_Ch\u0103m s\u00f3c tr\u1ebb em\" onerror=\"this.style.display='none'\" loading=\"lazy\" \/>\n\t\t\t\t<\/a>\n\t\t<h4><a href=\"\/vi\/tai-nguyen\/gia-dinh-bao-luc\/?utm_source=Home&#038;utm_medium=Referral&#038;utm_campaign=211Resources&#038;utm_content=Domestic\" target=\"_self\">B\u1ea1o l\u1ef1c gia \u0111\u00ecnh<\/a><\/h4>\n\t\t\t\t<a href=\"\/vi\/tai-nguyen\/gia-dinh-bao-luc\/?utm_source=Home&#038;utm_medium=Referral&#038;utm_campaign=211Resources&#038;utm_content=Domestic\"  target=\"_self\" itemprop=\"url\">\n\t\t\t\t<img decoding=\"async\" src=\"https:\/\/211md.org\/wp-content\/uploads\/bb-plugin\/cache\/2025_211_Icon-Sets_Domestic-Violence-square-7b597694a6f05fe90cdc376aa573bc63-.png\" alt=\"Bi\u1ec3u t\u01b0\u1ee3ng b\u1ea1o l\u1ef1c gia \u0111\u00ecnh\" itemprop=\"image\" height=\"417\" width=\"417\" title=\"2025_211_B\u1ed9 bi\u1ec3u t\u01b0\u1ee3ng_B\u1ea1o l\u1ef1c gia \u0111\u00ecnh\" onerror=\"this.style.display='none'\" loading=\"lazy\" \/>\n\t\t\t\t<\/a>\n\t\t<h4><a href=\"\/vi\/tai-nguyen\/tim-kiem-viec-lam\/?utm_source=Home&#038;utm_medium=Referral&#038;utm_campaign=211Resources&#038;utm_content=Employment\" target=\"_self\">Thu\u00ea ng\u01b0\u1eddi l\u00e0m<\/a><\/h4>\n\t\t\t\t<a href=\"\/vi\/tai-nguyen\/tim-kiem-viec-lam\/?utm_source=Home&#038;utm_medium=Referral&#038;utm_campaign=211Resources&#038;utm_content=Employment\"  target=\"_self\" itemprop=\"url\">\n\t\t\t\t<img decoding=\"async\" src=\"https:\/\/211md.org\/wp-content\/uploads\/bb-plugin\/cache\/2025_MdInfoNet_Icon-Sets_Employment-square-44707bd410e4df10a470bf130ebcea86-.png\" alt=\"\" itemprop=\"image\" onerror=\"this.style.display='none'\" loading=\"lazy\" \/>\n\t\t\t\t<\/a>\n\t\t<h4><a href=\"\/vi\/tai-nguyen\/cham-soc-suc-khoe\/?utm_source=Home&#038;utm_medium=Referral&#038;utm_campaign=211Resources&#038;utm_content=Health%20Care\" target=\"_self\">Ch\u0103m s\u00f3c s\u1ee9c kh\u1ecfe<\/a><\/h4>\n\t\t\t\t<a href=\"\/vi\/tai-nguyen\/cham-soc-suc-khoe\/?utm_source=Home&#038;utm_medium=Referral&#038;utm_campaign=211Resources&#038;utm_content=Health%20Care\"  target=\"_self\" itemprop=\"url\">\n\t\t\t\t<img decoding=\"async\" src=\"https:\/\/211md.org\/wp-content\/uploads\/bb-plugin\/cache\/2025_MdInfoNet_Icon-Sets_Health-Care-square-dee98a0060cbe0e7f27eda253fc12679-.png\" alt=\"\" itemprop=\"image\" onerror=\"this.style.display='none'\" loading=\"lazy\" \/>\n\t\t\t\t<\/a>\n\t\t<h4><a href=\"\/vi\/tai-nguyen\/gia-dinh-tre-em\/quan-he-ho-hang\/?utm_source=Home&#038;utm_medium=Referral&#038;utm_campaign=211Resources&#038;utm_content=Kinship\" target=\"_self\">h\u1ecd h\u00e0ng<\/a><\/h4>\n\t\t\t\t<a href=\"\/vi\/tai-nguyen\/gia-dinh-tre-em\/quan-he-ho-hang\/?utm_source=Home&#038;utm_medium=Referral&#038;utm_campaign=211Resources&#038;utm_content=Kinship\"  target=\"_self\" itemprop=\"url\">\n\t\t\t\t<img decoding=\"async\" src=\"https:\/\/211md.org\/wp-content\/uploads\/bb-plugin\/cache\/2025_211_Icon-Sets_Kinship-square-45bdf872866f5735f842c32071109267-.png\" alt=\"Bi\u1ec3u t\u01b0\u1ee3ng h\u1ecd h\u00e0ng\" itemprop=\"image\" height=\"417\" width=\"417\" title=\"2025_211_B\u1ed9 bi\u1ec3u t\u01b0\u1ee3ng_Quan h\u1ec7 h\u1ecd h\u00e0ng\" onerror=\"this.style.display='none'\" loading=\"lazy\" \/>\n\t\t\t\t<\/a>\n\t\t<h4><a href=\"\/vi\/tai-nguyen\/dich-vu-phap-ly\/?utm_source=Home&#038;utm_medium=Referral&#038;utm_campaign=211Resources&#038;utm_content=Legal\" target=\"_self\">D\u1ecbch v\u1ee5 ph\u00e1p l\u00fd<\/a><\/h4>\n\t\t\t\t<a href=\"\/vi\/tai-nguyen\/dich-vu-phap-ly\/?utm_source=Home&#038;utm_medium=Referral&#038;utm_campaign=211Resources&#038;utm_content=Legal\"  target=\"_self\" itemprop=\"url\">\n\t\t\t\t<img decoding=\"async\" src=\"https:\/\/211md.org\/wp-content\/uploads\/bb-plugin\/cache\/2025_MdInfoNet_Icon-Sets_Legal-square-18fdf438feb8435588174d9046463257-.png\" alt=\"\" itemprop=\"image\" onerror=\"this.style.display='none'\" loading=\"lazy\" \/>\n\t\t\t\t<\/a>\n\t\t<h4><a href=\"\/vi\/tai-nguyen\/suc-khoe-tinh-than\/?utm_source=Home&#038;utm_medium=Referral&#038;utm_campaign=211Resources&#038;utm_content=Mental\" target=\"_self\">S\u1ee9c kh\u1ecfe tinh th\u1ea7n<\/a><\/h4>\n\t\t\t\t<a href=\"\/vi\/tai-nguyen\/suc-khoe-tinh-than\/?utm_source=Home&#038;utm_medium=Referral&#038;utm_campaign=211Resources&#038;utm_content=Mental\"  target=\"_self\" itemprop=\"url\">\n\t\t\t\t<img decoding=\"async\" src=\"https:\/\/211md.org\/wp-content\/uploads\/bb-plugin\/cache\/2025_MdInfoNet_Icon-Sets_Mental-Health-square-c59b38c4a993a947d4c9280fbe2d2fee-.png\" alt=\"\" itemprop=\"image\" onerror=\"this.style.display='none'\" loading=\"lazy\" \/>\n\t\t\t\t<\/a>\n\t\t<h4><a href=\"\/vi\/tai-nguyen\/mdreentry\/?utm_source=Home&#038;utm_medium=Referral&#038;utm_campaign=211Resources&#038;utm_content=Reentry\" target=\"_self\">V\u00e0o l\u1ea1i<\/a><\/h4>\n\t\t\t\t<a href=\"\/vi\/tai-nguyen\/mdreentry\/?utm_source=Home&#038;utm_medium=Referral&#038;utm_campaign=211Resources&#038;utm_content=Reentry\"  target=\"_self\" itemprop=\"url\">\n\t\t\t\t<img decoding=\"async\" src=\"https:\/\/211md.org\/wp-content\/uploads\/bb-plugin\/cache\/2025_211_Icon-Sets_Reentry-square-8676fea38abd920a832f45642fe31cca-.png\" alt=\"Bi\u1ec3u t\u01b0\u1ee3ng nh\u1eadp l\u1ea1i\" itemprop=\"image\" height=\"417\" width=\"417\" title=\"2025_211_B\u1ed9 bi\u1ec3u t\u01b0\u1ee3ng_Nh\u1eadp l\u1ea1i\" onerror=\"this.style.display='none'\" loading=\"lazy\" \/>\n\t\t\t\t<\/a>\n\t\t<h4><a href=\"\/vi\/tai-nguyen\/su-dung-chat-kich-thich\/?utm_source=Home&#038;utm_medium=Referral&#038;utm_campaign=211Resources&#038;utm_content=Substance\" target=\"_self\">S\u1eed d\u1ee5ng ch\u1ea5t k\u00edch th\u00edch<\/a><\/h4>\n\t\t\t\t<a href=\"\/vi\/tai-nguyen\/su-dung-chat-kich-thich\/?utm_source=Home&#038;utm_medium=Referral&#038;utm_campaign=211Resources&#038;utm_content=Substance\"  target=\"_self\" itemprop=\"url\">\n\t\t\t\t<img decoding=\"async\" src=\"https:\/\/211md.org\/wp-content\/uploads\/bb-plugin\/cache\/2025_MdInfoNet_Icon-Sets_Substance-Abuse-square-9022fec9d18a64118ad685c101885b55-.png\" alt=\"\" itemprop=\"image\" onerror=\"this.style.display='none'\" loading=\"lazy\" \/>\n\t\t\t\t<\/a>\n\t\t<h4><a href=\"\/vi\/tai-nguyen\/cuu-chien-binh\/?utm_source=Home&#038;utm_medium=Referral&#038;utm_campaign=211Resources&#038;utm_content=Veterans\" target=\"_self\">c\u1ef1u chi\u1ebfn binh<\/a><\/h4>\n\t\t\t\t<a href=\"\/vi\/tai-nguyen\/cuu-chien-binh\/?utm_source=Home&#038;utm_medium=Referral&#038;utm_campaign=211Resources&#038;utm_content=Veterans\"  target=\"_self\" itemprop=\"url\">\n\t\t\t\t<img decoding=\"async\" src=\"https:\/\/211md.org\/wp-content\/uploads\/bb-plugin\/cache\/2025_MdInfoNet_Icon-Sets_Rating-square-6e60d00cce4faa8e0a6d4ad7366aa733-.png\" alt=\"\" itemprop=\"image\" onerror=\"this.style.display='none'\" loading=\"lazy\" \/>\n\t\t\t\t<\/a>","protected":false},"excerpt":{"rendered":"<p>T\u00ecm ngu\u1ed3n l\u1ef1c g\u1ea7n t\u00f4i T\u00ecm ki\u1ebfm ngay Th\u00eam c\u01a1 quan ho\u1eb7c t\u1ed5 ch\u1ee9c c\u1ee7a b\u1ea1n v\u00e0o c\u01a1 s\u1edf d\u1eef li\u1ec7u ngu\u1ed3n l\u1ef1c c\u1ee7a ch\u00fang t\u00f4i. B\u1ea1n c\u00f3 s\u1ed1ng \u1edf Dundalk, Woodlawn, Gyndon, Worthington, Owings Mills, Towson, Middle River, Milford Mill, Cockeysville hay m\u1ed9t trong nhi\u1ec1u c\u1ed9ng \u0111\u1ed3ng kh\u00e1c c\u1ee7a Qu\u1eadn Baltimore kh\u00f4ng? Tr\u1ee3 gi\u00fap c\u00f3 s\u1eb5n 24\/7\/365. Quay s\u1ed1 211. 211 Maryland gi\u00fap b\u1ea1n d\u1ec5 d\u00e0ng k\u1ebft n\u1ed1i v\u1edbi\u2026<\/p>","protected":false},"author":8,"featured_media":33784,"parent":750,"menu_order":0,"comment_status":"closed","ping_status":"closed","template":"","meta":{"footnotes":""},"class_list":["post-1701","page","type-page","status-publish","has-post-thumbnail","hentry"],"_links":{"self":[{"href":"https:\/\/211md.org\/vi\/wp-json\/wp\/v2\/pages\/1701","targetHints":{"allow":["GET"]}}],"collection":[{"href":"https:\/\/211md.org\/vi\/wp-json\/wp\/v2\/pages"}],"about":[{"href":"https:\/\/211md.org\/vi\/wp-json\/wp\/v2\/types\/page"}],"author":[{"embeddable":true,"href":"https:\/\/211md.org\/vi\/wp-json\/wp\/v2\/users\/8"}],"replies":[{"embeddable":true,"href":"https:\/\/211md.org\/vi\/wp-json\/wp\/v2\/comments?post=1701"}],"version-history":[{"count":3,"href":"https:\/\/211md.org\/vi\/wp-json\/wp\/v2\/pages\/1701\/revisions"}],"predecessor-version":[{"id":34073,"href":"https:\/\/211md.org\/vi\/wp-json\/wp\/v2\/pages\/1701\/revisions\/34073"}],"up":[{"embeddable":true,"href":"https:\/\/211md.org\/vi\/wp-json\/wp\/v2\/pages\/750"}],"wp:featuredmedia":[{"embeddable":true,"href":"https:\/\/211md.org\/vi\/wp-json\/wp\/v2\/media\/33784"}],"wp:attachment":[{"href":"https:\/\/211md.org\/vi\/wp-json\/wp\/v2\/media?parent=1701"}],"curies":[{"name":"wp","href":"https:\/\/api.w.org\/{rel}","templated":true}]}}