{"id":1702,"date":"2021-05-12T00:25:25","date_gmt":"2021-05-12T00:25:25","guid":{"rendered":"https:\/\/211md.org\/?page_id=1702"},"modified":"2025-10-29T06:58:36","modified_gmt":"2025-10-29T10:58:36","slug":"hat-carroll","status":"publish","type":"page","link":"https:\/\/211md.org\/vi\/resources-by-county\/carroll-county\/","title":{"rendered":"Qu\u1eadn Carroll"},"content":{"rendered":"<h2><a href=\"https:\/\/search.211md.org\/\" target=\"_blank\"  rel=\"noopener\">T\u00ecm t\u00e0i nguy\u00ean g\u1ea7n t\u00f4i<\/a><\/h2>\n\t\t\t<a href=\"https:\/\/search.211md.org\/\" target=\"_blank\" rel=\"noopener\">\n\t\t\t\t\t\t\tT\u00ecm ki\u1ebfm ngay b\u00e2y gi\u1edd\n\t\t\t<\/a>\n\t<p><strong><a href=\"\/vi\/tham-gia-co-so-du-lieu-cua-chung-toi\/\">Th\u00eam c\u01a1 quan ho\u1eb7c t\u1ed5 ch\u1ee9c c\u1ee7a b\u1ea1n v\u00e0o c\u01a1 s\u1edf d\u1eef li\u1ec7u t\u00e0i nguy\u00ean c\u1ee7a ch\u00fang t\u00f4i.<\/a><\/strong><\/p>\n<p>T\u1ea1i Qu\u1eadn Carroll, m\u1ed9t s\u1ed1 c\u01a1 quan cung c\u1ea5p cho c\u01b0 d\u00e2n s\u1ef1 h\u1ed7 tr\u1ee3 t\u00e0i ch\u00ednh \u0111\u1ec3 thanh to\u00e1n h\u00f3a \u0111\u01a1n ti\u1ec7n \u00edch, chi ph\u00ed nh\u00e0 \u1edf v\u00e0 cung c\u1ea5p th\u1ef1c ph\u1ea9m. M\u1ed9t s\u1ed1 t\u1ed5 ch\u1ee9c c\u0169ng c\u00f3 th\u1ec3 h\u1ed7 tr\u1ee3 c\u00e1c v\u1ea5n \u0111\u1ec1 v\u1ec1 s\u1ee9c kh\u1ecfe t\u00e2m th\u1ea7n v\u00e0 l\u1ea1m d\u1ee5ng ch\u1ea5t g\u00e2y nghi\u1ec7n.<\/p>\n<p>H\u01b0\u1edbng d\u1eabn nhanh v\u1ec1 t\u00e0i nguy\u00ean n\u00e0y cung c\u1ea5p m\u1ed9t s\u1ed1 c\u01a1 quan th\u01b0\u1eddng \u0111\u01b0\u1ee3c nh\u1eafc \u0111\u1ebfn nh\u1ea5t \u1edf Qu\u1eadn Carroll. C\u00f3 h\u01a1n 7.000 t\u00e0i nguy\u00ean trong c\u01a1 s\u1edf d\u1eef li\u1ec7u 211. Nh\u1eadp m\u1ed9t t\u1eeb kh\u00f3a \u1edf tr\u00ean v\u00e0 b\u1eaft \u0111\u1ea7u t\u00ecm ki\u1ebfm c\u1ee7a b\u1ea1n.<\/p>\n<p>B\u1ea1n c\u0169ng c\u00f3 th\u1ec3 g\u1ecdi s\u1ed1 211. Chuy\u00ean gia h\u1ed7 tr\u1ee3 tr\u1ef1c tuy\u1ebfn lu\u00f4n t\u00fac tr\u1ef1c 24\/7\/365.<\/p>\n<h3><b>C\u00e1c Ch\u01b0\u01a1ng Tr\u00ecnh D\u1ecbch V\u1ee5 Nh\u00e2n Sinh C\u1ee7a Qu\u1eadn Carroll<\/b><\/h3>\n<p>C\u00e1c chuy\u00ean gia th\u00f4ng tin v\u00e0 gi\u1edbi thi\u1ec7u th\u01b0\u1eddng gi\u1edbi thi\u1ec7u ng\u01b0\u1eddi g\u1ecdi \u0111\u1ebfn\u00a0<strong><a href=\"https:\/\/hspinc.org\/\" target=\"_blank\" rel=\"noopener\">C\u00e1c Ch\u01b0\u01a1ng tr\u00ecnh D\u1ecbch v\u1ee5 Nh\u00e2n sinh c\u1ee7a Carroll County, Inc<\/a><\/strong><strong>.<\/strong>\u00a0T\u1ed5 ch\u1ee9c phi l\u1ee3i nhu\u1eadn mang \u0111\u1ebfn hy v\u1ecdng, thay \u0111\u1ed5i v\u00e0 c\u01a1 h\u1ed9i.<\/p>\n<p>D\u1ecbch v\u1ee5 Nh\u00e2n sinh c\u00f3 m\u1ed9t s\u1ed1 ch\u01b0\u01a1ng tr\u00ecnh \u0111\u1ec3 h\u1ed7 tr\u1ee3 nh\u1eefng ng\u01b0\u1eddi \u0111\u1ee7 \u0111i\u1ec1u ki\u1ec7n v\u00e0 c\u1ea7n h\u1ed7 tr\u1ee3 v\u1ec1:<\/p>\n<ul>\n<li aria-level=\"1\"><strong><a href=\"https:\/\/hspinc.org\/shelter\/\" target=\"_blank\" rel=\"noopener\">N\u01a1i tr\u00fa \u1ea9n<\/a>\u00a0<\/strong><\/li>\n<li aria-level=\"1\">tr\u1ee5c xu\u1ea5t v\u00e0 kh\u00e1c\u00a0<strong><a href=\"https:\/\/hspinc.org\/housing\/\" target=\"_blank\" rel=\"noopener\">nhu c\u1ea7u nh\u00e0 \u1edf<\/a><\/strong><\/li>\n<li aria-level=\"1\"><strong><a href=\"https:\/\/hspinc.org\/homeenergy\/\" target=\"_blank\" rel=\"noopener\">h\u1ed7 tr\u1ee3 ti\u1ec7n \u00edch<\/a><\/strong><\/li>\n<li aria-level=\"1\"><a href=\"https:\/\/hspinc.org\/vita\/\" target=\"_blank\" rel=\"noopener\">thu\u1ebf<\/a><\/li>\n<li aria-level=\"1\">qu\u1ea7n \u00e1o<\/li>\n<li aria-level=\"1\">Gi\u00e1o d\u1ee5c t\u00e0i ch\u00ednh<\/li>\n<li aria-level=\"1\">S\u1ef1 ph\u00e1t tri\u1ec3n c\u1ee7a tr\u1ebb<\/li>\n<\/ul>\n<p>C\u1eeda h\u00e0ng mi\u1ec5n ph\u00ed Second Chances cung c\u1ea5p c\u00e1c thi\u1ebft b\u1ecb nh\u1ecf, \u0111\u1ed3 trang tr\u00ed, \u0111\u1ed3 ch\u01a1i, qu\u1ea7n \u00e1o v\u00e0 \u0111\u1ed3 n\u1ed9i th\u1ea5t. Tr\u1ecdng t\u00e2m l\u00e0 nh\u1eefng ng\u01b0\u1eddi r\u1eddi kh\u1ecfi n\u01a1i tr\u00fa \u1ea9n c\u1ee7a h\u1ecd.\u00a0<strong><a href=\"https:\/\/hspinc.org\/secondchances\/\" target=\"_blank\" rel=\"noopener\">G\u1ecdi \u0111\u1ec3 xem b\u1ea1n c\u00f3 \u0111\u1ee7 \u0111i\u1ec1u ki\u1ec7n \u0111\u1ec3 mua s\u1eafm kh\u00f4ng<\/a><\/strong>\u00a0v\u00e0 \u0111\u1eb7t l\u1ecbch h\u1eb9n.<\/p>\n<p>&nbsp;<\/p>\n<h3><b>Nh\u00e2n vi\u00ean ch\u0103n c\u1eebu \u1edf Westminster<\/b><\/h3>\n<p>B\u1ea1n c\u0169ng c\u00f3 th\u1ec3 chuy\u1ec3n sang\u00a0<strong><a href=\"https:\/\/www.shepstaff.org\/\" target=\"_blank\" rel=\"noopener\">Nh\u00e2n vi\u00ean ch\u0103n c\u1eebu<\/a><\/strong>\u00a0cho nh\u1eefng nhu c\u1ea7u thi\u1ebft y\u1ebfu. \u0110\u00f3 l\u00e0 m\u1ed9t trung t\u00e2m h\u1ed7 tr\u1ee3 v\u00e0 ti\u1ebfp c\u1eadn c\u1ed9ng \u0111\u1ed3ng C\u01a1 \u0111\u1ed1c gi\u00e1o phi gi\u00e1o ph\u00e1i cung c\u1ea5p tr\u1ee3 gi\u00fap cho c\u01b0 d\u00e2n Qu\u1eadn Carroll \u0111ang g\u1eb7p kh\u1ee7ng ho\u1ea3ng. V\u0103n ph\u00f2ng Westminster n\u1eb1m \u0111\u1ed1i di\u1ec7n v\u1edbi Nh\u00e0 th\u1edd Grace Evangelical Lutheran.<\/p>\n<p>H\u1ecd cung c\u1ea5p cho c\u1ed9ng \u0111\u1ed3ng nhi\u1ec1u ch\u01b0\u01a1ng tr\u00ecnh, bao g\u1ed3m:<\/p>\n<ul>\n<li aria-level=\"1\">S\u00fap g\u00e0<\/li>\n<li aria-level=\"1\">qu\u1ea7n \u00e1o<\/li>\n<li aria-level=\"1\">S\u1ea3n ph\u1ea9m v\u1ec7 sinh<\/li>\n<li aria-level=\"1\">Tr\u1ee3 gi\u00fap t\u00e0i ch\u00ednh kh\u1ea9n c\u1ea5p<\/li>\n<\/ul>\n<p>T\u1ed5 ch\u1ee9c cung c\u1ea5p mi\u1ec5n ph\u00ed c\u00e1c v\u1eadt d\u1ee5ng c\u1ea7n thi\u1ebft trong gia \u0111\u00ecnh \u0111\u1ec3 v\u1ec7 sinh v\u00e0 ch\u0103m s\u00f3c c\u00e1 nh\u00e2n th\u00f4ng qua\u00a0<strong><a href=\"https:\/\/www.shepstaff.org\/services\/blessings-closet\/\" target=\"_blank\" rel=\"noopener\">t\u1ee7 ph\u01b0\u1edbc l\u00e0nh<\/a><\/strong><strong>.<\/strong>\u00a0Nh\u1eefng m\u1eb7t h\u00e0ng n\u00e0y c\u00f3 th\u1ec3 bao g\u1ed3m n\u01b0\u1edbc r\u1eeda tay, b\u1ed9t gi\u1eb7t, t\u00fai x\u00e1ch, gi\u1ea5y v\u1ec7 sinh, d\u1ea7u g\u1ed9i \u0111\u1ea7u, ch\u1ea5t kh\u1eed m\u00f9i, v.v.<\/p>\n<p>Shepherd&#039;s Staff c\u0169ng cung c\u1ea5p\u00a0<strong><a href=\"https:\/\/www.shepstaff.org\/services\/emergency-financial-assistance\/\" target=\"_blank\" rel=\"noopener\">h\u1ed7 tr\u1ee3 t\u00e0i ch\u00ednh kh\u1ea9n c\u1ea5p<\/a><\/strong>\u00a0cho c\u00e1c nhu c\u1ea7u ch\u0103m s\u00f3c s\u1ee9c kh\u1ecfe, nh\u00e0 \u1edf v\u00e0 h\u1ed9 gia \u0111\u00ecnh, ti\u1ec7n \u00edch, nh\u00e0 \u1edf t\u1ea1m th\u1eddi, nu\u00f4i d\u01b0\u1ee1ng gia \u0111\u00ecnh, v\u1eadn chuy\u1ec3n, tang l\u1ec5, c\u00f4ng vi\u1ec7c v\u00e0 c\u00e1c y\u00eau c\u1ea7u kh\u1ea9n c\u1ea5p kh\u00e1c.<\/p>\n<p>&nbsp;<\/p>\n<h3><b>T\u00ecm ki\u1ebfm tr\u1ee3 gi\u00fap theo danh m\u1ee5c\u00a0<\/b><\/h3>\n<p>B\u1ea1n c\u1ea7n tr\u1ee3 gi\u00fap v\u1ec1 v\u1ea5n \u0111\u1ec1 g\u00ec kh\u00e1c? H\u00e3y g\u1ecdi 211 ho\u1eb7c t\u00ecm ki\u1ebfm c\u00e1c ngu\u1ed3n t\u00e0i nguy\u00ean kh\u00e1c theo danh m\u1ee5c.<\/p>\n\t\t<h4><a href=\"\/vi\/tai-nguyen\/lao-hoa-khuyet-tat\/?utm_source=Home&#038;utm_medium=Referral&#038;utm_campaign=211Resources&#038;utm_content=Aging\" target=\"_self\">L\u00e3o h\u00f3a &amp; Khuy\u1ebft t\u1eadt<\/a><\/h4>\n\t\t\t\t<a href=\"\/vi\/tai-nguyen\/lao-hoa-khuyet-tat\/?utm_source=Home&#038;utm_medium=Referral&#038;utm_campaign=211Resources&#038;utm_content=Aging\"  target=\"_self\" itemprop=\"url\">\n\t\t\t\t<img decoding=\"async\" src=\"https:\/\/211md.org\/wp-content\/uploads\/bb-plugin\/cache\/2025_MdInfoNet_Icon-Sets_Aging-disability-square-c466727102cae71e5f27b8539bb51945-.png\" alt=\"\" itemprop=\"image\" onerror=\"this.style.display='none'\" loading=\"lazy\" \/>\n\t\t\t\t<\/a>\n\t\t<h4><a href=\"\/vi\/tai-nguyen\/gia-dinh-tre-em\/?utm_source=Home&#038;utm_medium=Referral&#038;utm_campaign=211Resources&#038;utm_content=Children\" target=\"_self\">Tr\u1ebb em &amp; Gia \u0111\u00ecnh<\/a><\/h4>\n\t\t\t\t<a href=\"\/vi\/tai-nguyen\/gia-dinh-tre-em\/?utm_source=Home&#038;utm_medium=Referral&#038;utm_campaign=211Resources&#038;utm_content=Children\"  target=\"_self\" itemprop=\"url\">\n\t\t\t\t<img decoding=\"async\" src=\"https:\/\/211md.org\/wp-content\/uploads\/bb-plugin\/cache\/2025_211_Icon-Sets_Child-care-square-f3b0d4edab3dcc467fadb5f55f4064c6-.png\" alt=\"2025_211_B\u1ed9 bi\u1ec3u t\u01b0\u1ee3ng_Ch\u0103m s\u00f3c tr\u1ebb em\" itemprop=\"image\" height=\"417\" width=\"417\" title=\"2025_211_B\u1ed9 bi\u1ec3u t\u01b0\u1ee3ng_Ch\u0103m s\u00f3c tr\u1ebb em\" onerror=\"this.style.display='none'\" loading=\"lazy\" \/>\n\t\t\t\t<\/a>\n\t\t<h4><a href=\"\/vi\/tai-nguyen\/gia-dinh-bao-luc\/?utm_source=Home&#038;utm_medium=Referral&#038;utm_campaign=211Resources&#038;utm_content=Domestic\" target=\"_self\">B\u1ea1o l\u1ef1c gia \u0111\u00ecnh<\/a><\/h4>\n\t\t\t\t<a href=\"\/vi\/tai-nguyen\/gia-dinh-bao-luc\/?utm_source=Home&#038;utm_medium=Referral&#038;utm_campaign=211Resources&#038;utm_content=Domestic\"  target=\"_self\" itemprop=\"url\">\n\t\t\t\t<img decoding=\"async\" src=\"https:\/\/211md.org\/wp-content\/uploads\/bb-plugin\/cache\/2025_211_Icon-Sets_Domestic-Violence-square-7b597694a6f05fe90cdc376aa573bc63-.png\" alt=\"Bi\u1ec3u t\u01b0\u1ee3ng b\u1ea1o l\u1ef1c gia \u0111\u00ecnh\" itemprop=\"image\" height=\"417\" width=\"417\" title=\"2025_211_B\u1ed9 bi\u1ec3u t\u01b0\u1ee3ng_B\u1ea1o l\u1ef1c gia \u0111\u00ecnh\" onerror=\"this.style.display='none'\" loading=\"lazy\" \/>\n\t\t\t\t<\/a>\n\t\t<h4><a href=\"\/vi\/tai-nguyen\/tim-kiem-viec-lam\/?utm_source=Home&#038;utm_medium=Referral&#038;utm_campaign=211Resources&#038;utm_content=Employment\" target=\"_self\">Thu\u00ea ng\u01b0\u1eddi l\u00e0m<\/a><\/h4>\n\t\t\t\t<a href=\"\/vi\/tai-nguyen\/tim-kiem-viec-lam\/?utm_source=Home&#038;utm_medium=Referral&#038;utm_campaign=211Resources&#038;utm_content=Employment\"  target=\"_self\" itemprop=\"url\">\n\t\t\t\t<img decoding=\"async\" src=\"https:\/\/211md.org\/wp-content\/uploads\/bb-plugin\/cache\/2025_MdInfoNet_Icon-Sets_Employment-square-44707bd410e4df10a470bf130ebcea86-.png\" alt=\"\" itemprop=\"image\" onerror=\"this.style.display='none'\" loading=\"lazy\" \/>\n\t\t\t\t<\/a>\n\t\t<h4><a href=\"\/vi\/tai-nguyen\/cham-soc-suc-khoe\/?utm_source=Home&#038;utm_medium=Referral&#038;utm_campaign=211Resources&#038;utm_content=Health%20Care\" target=\"_self\">Ch\u0103m s\u00f3c s\u1ee9c kh\u1ecfe<\/a><\/h4>\n\t\t\t\t<a href=\"\/vi\/tai-nguyen\/cham-soc-suc-khoe\/?utm_source=Home&#038;utm_medium=Referral&#038;utm_campaign=211Resources&#038;utm_content=Health%20Care\"  target=\"_self\" itemprop=\"url\">\n\t\t\t\t<img decoding=\"async\" src=\"https:\/\/211md.org\/wp-content\/uploads\/bb-plugin\/cache\/2025_MdInfoNet_Icon-Sets_Health-Care-square-dee98a0060cbe0e7f27eda253fc12679-.png\" alt=\"\" itemprop=\"image\" onerror=\"this.style.display='none'\" loading=\"lazy\" \/>\n\t\t\t\t<\/a>\n\t\t<h4><a href=\"\/vi\/tai-nguyen\/gia-dinh-tre-em\/quan-he-ho-hang\/?utm_source=Home&#038;utm_medium=Referral&#038;utm_campaign=211Resources&#038;utm_content=Kinship\" target=\"_self\">h\u1ecd h\u00e0ng<\/a><\/h4>\n\t\t\t\t<a href=\"\/vi\/tai-nguyen\/gia-dinh-tre-em\/quan-he-ho-hang\/?utm_source=Home&#038;utm_medium=Referral&#038;utm_campaign=211Resources&#038;utm_content=Kinship\"  target=\"_self\" itemprop=\"url\">\n\t\t\t\t<img decoding=\"async\" src=\"https:\/\/211md.org\/wp-content\/uploads\/bb-plugin\/cache\/2025_211_Icon-Sets_Kinship-square-45bdf872866f5735f842c32071109267-.png\" alt=\"Bi\u1ec3u t\u01b0\u1ee3ng h\u1ecd h\u00e0ng\" itemprop=\"image\" height=\"417\" width=\"417\" title=\"2025_211_B\u1ed9 bi\u1ec3u t\u01b0\u1ee3ng_Quan h\u1ec7 h\u1ecd h\u00e0ng\" onerror=\"this.style.display='none'\" loading=\"lazy\" \/>\n\t\t\t\t<\/a>\n\t\t<h4><a href=\"\/vi\/tai-nguyen\/dich-vu-phap-ly\/?utm_source=Home&#038;utm_medium=Referral&#038;utm_campaign=211Resources&#038;utm_content=Legal\" target=\"_self\">D\u1ecbch v\u1ee5 ph\u00e1p l\u00fd<\/a><\/h4>\n\t\t\t\t<a href=\"\/vi\/tai-nguyen\/dich-vu-phap-ly\/?utm_source=Home&#038;utm_medium=Referral&#038;utm_campaign=211Resources&#038;utm_content=Legal\"  target=\"_self\" itemprop=\"url\">\n\t\t\t\t<img decoding=\"async\" src=\"https:\/\/211md.org\/wp-content\/uploads\/bb-plugin\/cache\/2025_MdInfoNet_Icon-Sets_Legal-square-18fdf438feb8435588174d9046463257-.png\" alt=\"\" itemprop=\"image\" onerror=\"this.style.display='none'\" loading=\"lazy\" \/>\n\t\t\t\t<\/a>\n\t\t<h4><a href=\"\/vi\/tai-nguyen\/suc-khoe-tinh-than\/?utm_source=Home&#038;utm_medium=Referral&#038;utm_campaign=211Resources&#038;utm_content=Mental\" target=\"_self\">S\u1ee9c kh\u1ecfe tinh th\u1ea7n<\/a><\/h4>\n\t\t\t\t<a href=\"\/vi\/tai-nguyen\/suc-khoe-tinh-than\/?utm_source=Home&#038;utm_medium=Referral&#038;utm_campaign=211Resources&#038;utm_content=Mental\"  target=\"_self\" itemprop=\"url\">\n\t\t\t\t<img decoding=\"async\" src=\"https:\/\/211md.org\/wp-content\/uploads\/bb-plugin\/cache\/2025_MdInfoNet_Icon-Sets_Mental-Health-square-c59b38c4a993a947d4c9280fbe2d2fee-.png\" alt=\"\" itemprop=\"image\" onerror=\"this.style.display='none'\" loading=\"lazy\" \/>\n\t\t\t\t<\/a>\n\t\t<h4><a href=\"\/vi\/tai-nguyen\/mdreentry\/?utm_source=Home&#038;utm_medium=Referral&#038;utm_campaign=211Resources&#038;utm_content=Reentry\" target=\"_self\">V\u00e0o l\u1ea1i<\/a><\/h4>\n\t\t\t\t<a href=\"\/vi\/tai-nguyen\/mdreentry\/?utm_source=Home&#038;utm_medium=Referral&#038;utm_campaign=211Resources&#038;utm_content=Reentry\"  target=\"_self\" itemprop=\"url\">\n\t\t\t\t<img decoding=\"async\" src=\"https:\/\/211md.org\/wp-content\/uploads\/bb-plugin\/cache\/2025_211_Icon-Sets_Reentry-square-8676fea38abd920a832f45642fe31cca-.png\" alt=\"Bi\u1ec3u t\u01b0\u1ee3ng nh\u1eadp l\u1ea1i\" itemprop=\"image\" height=\"417\" width=\"417\" title=\"2025_211_B\u1ed9 bi\u1ec3u t\u01b0\u1ee3ng_Nh\u1eadp l\u1ea1i\" onerror=\"this.style.display='none'\" loading=\"lazy\" \/>\n\t\t\t\t<\/a>\n\t\t<h4><a href=\"\/vi\/tai-nguyen\/su-dung-chat-kich-thich\/?utm_source=Home&#038;utm_medium=Referral&#038;utm_campaign=211Resources&#038;utm_content=Substance\" target=\"_self\">S\u1eed d\u1ee5ng ch\u1ea5t k\u00edch th\u00edch<\/a><\/h4>\n\t\t\t\t<a href=\"\/vi\/tai-nguyen\/su-dung-chat-kich-thich\/?utm_source=Home&#038;utm_medium=Referral&#038;utm_campaign=211Resources&#038;utm_content=Substance\"  target=\"_self\" itemprop=\"url\">\n\t\t\t\t<img decoding=\"async\" src=\"https:\/\/211md.org\/wp-content\/uploads\/bb-plugin\/cache\/2025_MdInfoNet_Icon-Sets_Substance-Abuse-square-9022fec9d18a64118ad685c101885b55-.png\" alt=\"\" itemprop=\"image\" onerror=\"this.style.display='none'\" loading=\"lazy\" \/>\n\t\t\t\t<\/a>\n\t\t<h4><a href=\"\/vi\/tai-nguyen\/cuu-chien-binh\/?utm_source=Home&#038;utm_medium=Referral&#038;utm_campaign=211Resources&#038;utm_content=Veterans\" target=\"_self\">c\u1ef1u chi\u1ebfn binh<\/a><\/h4>\n\t\t\t\t<a href=\"\/vi\/tai-nguyen\/cuu-chien-binh\/?utm_source=Home&#038;utm_medium=Referral&#038;utm_campaign=211Resources&#038;utm_content=Veterans\"  target=\"_self\" itemprop=\"url\">\n\t\t\t\t<img decoding=\"async\" src=\"https:\/\/211md.org\/wp-content\/uploads\/bb-plugin\/cache\/2025_MdInfoNet_Icon-Sets_Rating-square-6e60d00cce4faa8e0a6d4ad7366aa733-.png\" alt=\"\" itemprop=\"image\" onerror=\"this.style.display='none'\" loading=\"lazy\" \/>\n\t\t\t\t<\/a>","protected":false},"excerpt":{"rendered":"<p>T\u00ecm ngu\u1ed3n l\u1ef1c g\u1ea7n t\u00f4i T\u00ecm ki\u1ebfm ngay Th\u00eam c\u01a1 quan ho\u1eb7c t\u1ed5 ch\u1ee9c c\u1ee7a b\u1ea1n v\u00e0o c\u01a1 s\u1edf d\u1eef li\u1ec7u ngu\u1ed3n l\u1ef1c c\u1ee7a ch\u00fang t\u00f4i. T\u1ea1i Qu\u1eadn Carroll, m\u1ed9t s\u1ed1 c\u01a1 quan cung c\u1ea5p cho c\u01b0 d\u00e2n s\u1ef1 h\u1ed7 tr\u1ee3 t\u00e0i ch\u00ednh \u0111\u1ec3 b\u00f9 \u0111\u1eafp h\u00f3a \u0111\u01a1n ti\u1ec7n \u00edch, chi ph\u00ed nh\u00e0 \u1edf v\u00e0 cung c\u1ea5p th\u1ef1c ph\u1ea9m. M\u1ed9t s\u1ed1 t\u1ed5 ch\u1ee9c c\u0169ng c\u00f3 th\u1ec3 h\u1ed7 tr\u1ee3 c\u00e1c v\u1ea5n \u0111\u1ec1 v\u1ec1 s\u1ee9c kh\u1ecfe t\u00e2m th\u1ea7n v\u00e0 l\u1ea1m d\u1ee5ng ch\u1ea5t g\u00e2y nghi\u1ec7n. H\u01b0\u1edbng d\u1eabn ngu\u1ed3n l\u1ef1c nhanh n\u00e0y cung c\u1ea5p m\u1ed9t s\u1ed1\u2026<\/p>","protected":false},"author":8,"featured_media":0,"parent":750,"menu_order":0,"comment_status":"closed","ping_status":"closed","template":"","meta":{"footnotes":""},"class_list":["post-1702","page","type-page","status-publish","hentry"],"_links":{"self":[{"href":"https:\/\/211md.org\/vi\/wp-json\/wp\/v2\/pages\/1702","targetHints":{"allow":["GET"]}}],"collection":[{"href":"https:\/\/211md.org\/vi\/wp-json\/wp\/v2\/pages"}],"about":[{"href":"https:\/\/211md.org\/vi\/wp-json\/wp\/v2\/types\/page"}],"author":[{"embeddable":true,"href":"https:\/\/211md.org\/vi\/wp-json\/wp\/v2\/users\/8"}],"replies":[{"embeddable":true,"href":"https:\/\/211md.org\/vi\/wp-json\/wp\/v2\/comments?post=1702"}],"version-history":[{"count":4,"href":"https:\/\/211md.org\/vi\/wp-json\/wp\/v2\/pages\/1702\/revisions"}],"predecessor-version":[{"id":34075,"href":"https:\/\/211md.org\/vi\/wp-json\/wp\/v2\/pages\/1702\/revisions\/34075"}],"up":[{"embeddable":true,"href":"https:\/\/211md.org\/vi\/wp-json\/wp\/v2\/pages\/750"}],"wp:attachment":[{"href":"https:\/\/211md.org\/vi\/wp-json\/wp\/v2\/media?parent=1702"}],"curies":[{"name":"wp","href":"https:\/\/api.w.org\/{rel}","templated":true}]}}