{"id":1703,"date":"2021-05-12T00:25:34","date_gmt":"2021-05-12T00:25:34","guid":{"rendered":"https:\/\/211md.org\/?page_id=1703"},"modified":"2026-02-04T09:38:24","modified_gmt":"2026-02-04T14:38:24","slug":"quan-frederick","status":"publish","type":"page","link":"https:\/\/211md.org\/vi\/resources-by-county\/frederick-county\/","title":{"rendered":"Qu\u1eadn Frederick"},"content":{"rendered":"<h2><a href=\"https:\/\/search.211md.org\/\" target=\"_blank\"  rel=\"noopener\">T\u00ecm t\u00e0i nguy\u00ean g\u1ea7n t\u00f4i<\/a><\/h2>\n\t\t\t<a href=\"https:\/\/search.211md.org\/\" target=\"_blank\" rel=\"noopener\">\n\t\t\t\t\t\t\tT\u00ecm ki\u1ebfm ngay b\u00e2y gi\u1edd\n\t\t\t<\/a>\n\t<p><strong><a href=\"\/vi\/tham-gia-co-so-du-lieu-cua-chung-toi\/\">Th\u00eam c\u01a1 quan ho\u1eb7c t\u1ed5 ch\u1ee9c c\u1ee7a b\u1ea1n v\u00e0o c\u01a1 s\u1edf d\u1eef li\u1ec7u t\u00e0i nguy\u00ean c\u1ee7a ch\u00fang t\u00f4i.<\/a><\/strong><\/p>\n\t<p>B\u1ea1n c\u00f3 s\u1ed1ng \u1edf Frederick ho\u1eb7c m\u1ed9t trong nh\u1eefng c\u1ed9ng \u0111\u1ed3ng xung quanh, bao g\u1ed3m Ballenger Creek, Buckeystown, New Market, Mount Airy, Woodsboro, Braddock Heights ho\u1eb7c Middletown kh\u00f4ng?<\/p>\n<p>Quay s\u1ed1 2-1-1 \u0111\u1ec3 \u0111\u01b0\u1ee3c k\u1ebft n\u1ed1i v\u1edbi c\u00e1c ngu\u1ed3n l\u1ef1c thi\u1ebft y\u1ebfu.<\/p>\n<p>B\u1ea1n c\u0169ng c\u00f3 th\u1ec3 t\u00ecm ki\u1ebfm c\u01a1 s\u1edf d\u1eef li\u1ec7u \u0111\u1ec3 t\u00ecm t\u00e0i nguy\u00ean g\u1ea7n b\u1ea1n.<\/p>\n\t\t<h2>\t\n\tG\u1ecdi 2-1-1<\/h2><p>K\u1ebft n\u1ed1i v\u1edbi c\u00e1c ngu\u1ed3n l\u1ef1c c\u1ed9ng \u0111\u1ed3ng v\u00e0 h\u1ed7 tr\u1ee3 24\/7\/365.<\/p>\n<p>&nbsp;<\/p>\n<h2>D\u1ecbch v\u1ee5 s\u1ee9c kh\u1ecfe t\u00e2m th\u1ea7n kh\u00f4ng c\u1ea7n h\u1eb9n tr\u01b0\u1edbc \u1edf Qu\u1eadn Frederick<\/h2>\n<p>T\u1ea1i Qu\u1eadn Frederick, <strong><a href=\"https:\/\/fcmha.org\/\" target=\"_blank\" rel=\"noopener\">Hi\u1ec7p h\u1ed9i S\u1ee9c kh\u1ecfe T\u00e2m th\u1ea7n c\u1ee7a Qu\u1eadn Frederick<\/a><\/strong> (MHA) l\u00e0 trung t\u00e2m cu\u1ed9c g\u1ecdi 211 cung c\u1ea5p h\u1ed7 tr\u1ee3 kh\u1ee7ng ho\u1ea3ng 24\/7\/365.<\/p>\n<p>MHA c\u00f3 vi\u1ec7c g\u1ea5p <strong><a href=\"https:\/\/fcmha.org\/how-we-help\/behavioral-health\" target=\"_blank\" rel=\"noopener\">d\u1ecbch v\u1ee5 s\u1ee9c kh\u1ecfe h\u00e0nh vi kh\u00f4ng c\u1ea7n h\u1eb9n tr\u01b0\u1edbc<\/a><\/strong> \u1edf Frederick, Maryland, \u0111\u1ecba \u0111i\u1ec3m. C\u00e1c chuy\u00ean gia t\u01b0 v\u1ea5n lu\u00f4n s\u1eb5n s\u00e0ng 24\/7 \u0111\u1ec3 gi\u00fap \u0111\u1ee1 b\u1ea1n khi g\u1eb7p kh\u1ee7ng ho\u1ea3ng v\u1ec1 s\u1ee9c kh\u1ecfe t\u00e2m th\u1ea7n, gia \u0111\u00ecnh ho\u1eb7c m\u1ed1i quan h\u1ec7.<\/p>\nPh\u00f2ng kh\u00e1m \u0111a khoa t\u1ecda l\u1ea1c t\u1ea1i:<br \/>\n340 ng\u00f5 Montevue<br \/>\nFrederick, MD 21702\n<p>B\u1ea1n c\u0169ng c\u00f3 th\u1ec3 s\u1eed d\u1ee5ng c\u1ee7a h\u1ecd <a href=\"https:\/\/fcmha.org\/how-we-help\/behavioral-health\/telehealth\/\" target=\"_blank\" rel=\"noopener\">d\u1ecbch v\u1ee5 \u0111i b\u1ed9 \u1ea3o<\/a>.<\/p>\n<p>N\u1ebfu c\u1ea7n tr\u1ee3 gi\u00fap ngay l\u1eadp t\u1ee9c, b\u1ea1n c\u0169ng c\u00f3 th\u1ec3 g\u1ecdi \u0111i\u1ec7n ho\u1eb7c nh\u1eafn tin t\u1edbi 988. B\u1ea1n c\u0169ng c\u00f3 th\u1ec3<a href=\"https:\/\/search.988.mdinfonet.org\/\" target=\"_blank\" rel=\"noopener\"> t\u00ecm ki\u1ebfm ngu\u1ed3n t\u00e0i nguy\u00ean s\u1ee9c kh\u1ecfe h\u00e0nh vi c\u1ee7a ti\u1ec3u bang<\/a> c\u01a1 s\u1edf d\u1eef li\u1ec7u, \u0111\u01b0\u1ee3c cung c\u1ea5p b\u1edfi Maryland Information Network.<\/p>\n<h3>D\u1ecbch v\u1ee5 tr\u1ecb li\u1ec7u v\u00e0 t\u01b0 v\u1ea5n<\/h3>\n<p>C\u00e1c d\u1ecbch v\u1ee5 tr\u1ecb li\u1ec7u v\u00e0 t\u00e2m th\u1ea7n c\u0169ng \u0111\u01b0\u1ee3c cung c\u1ea5p v\u1edbi m\u1ee9c ph\u00ed tr\u01b0\u1ee3t. H\u1ecd c\u00f3 th\u1ec3 gi\u00fap v\u1edbi:<\/p>\n<ul>\n<li>c\u1eb7p \u0111\u00f4i\/v\u1ea5n \u0111\u1ec1 h\u00f4n nh\u00e2n<\/li>\n<li>v\u1ea5n \u0111\u1ec1 h\u00e0nh vi tr\u1ebb em<\/li>\n<li>chuy\u1ec3n ti\u1ebfp cu\u1ed9c s\u1ed1ng ho\u1eb7c ch\u1ea5n th\u01b0\u01a1ng<\/li>\n<li>tr\u1ea7m c\u1ea3m<\/li>\n<li>r\u1ed1i lo\u1ea1n lo \u00e2u<\/li>\n<li>s\u1ef1 t\u1ee9c gi\u1eadn<\/li>\n<li>R\u1ed1i lo\u1ea1n t\u0103ng \u0111\u1ed9ng th\u00e1i ch\u00fa \u00fd ch\u00fa \u00fd (ADHD).<\/li>\n<\/ul>\n<p><strong><a href=\"https:\/\/fcmha.org\/how-we-help\/counseling-services\" target=\"_blank\" rel=\"noopener\">T\u00ecm hi\u1ec3u th\u00eam v\u1ec1 c\u00e1c d\u1ecbch v\u1ee5 t\u01b0 v\u1ea5n n\u00e0y<\/a><\/strong>, v\u00e0 thi\u1ebft l\u1eadp m\u1ed9t cu\u1ed9c h\u1eb9n.<\/p>\n<p>MHA c\u0169ng cung c\u1ea5p\u00a0<strong><a href=\"https:\/\/fcmha.org\/how-we-help\/support-groups\" target=\"_blank\" rel=\"noopener\">c\u00e1c nh\u00f3m h\u1ed7 tr\u1ee3<\/a><\/strong> cho nh\u1eefng gia \u0111\u00ecnh m\u1ea5t ng\u01b0\u1eddi th\u00e2n v\u00ec t\u1ef1 s\u00e1t v\u00e0 nh\u1eefng ng\u01b0\u1eddi s\u1ed1ng s\u00f3t sau v\u1ee5 t\u1ef1 s\u00e1t. B\u1ea1n kh\u00f4ng c\u00f4 \u0111\u01a1n. Qu\u1ea3n l\u00fd s\u1ef1 \u0111au bu\u1ed3n nghi\u00eam tr\u1ecdng, c\u1ea3m gi\u00e1c t\u1ed9i l\u1ed7i, t\u1ee9c gi\u1eadn, tr\u1ea7m c\u1ea3m v\u00e0 hay qu\u00ean v\u1edbi m\u1ed9t nh\u00f3m h\u1ed7 tr\u1ee3.<\/p>\n<h2>Tr\u1ee3 gi\u00fap y t\u1ebf<\/h2>\n<p>Li\u00ean minh t\u00f4n gi\u00e1o cho c\u00e1c nhu c\u1ea7u kh\u1ea9n c\u1ea5p c\u1ee7a con ng\u01b0\u1eddi cung c\u1ea5p <a href=\"https:\/\/thereligiouscoalition.org\/need-help\/healthcare-programs\/\" target=\"_blank\" rel=\"noopener\">h\u1ed7 tr\u1ee3 theo toa v\u00e0 nha khoa<\/a>. H\u1ecd gi\u00fap v\u00e0i tr\u0103m ng\u01b0\u1eddi m\u1ed7i n\u0103m th\u00f4ng qua c\u00e1c ch\u01b0\u01a1ng tr\u00ecnh n\u00e0y.<\/p>\n<p>Ch\u01b0\u01a1ng tr\u00ecnh thu\u1ed1c theo toa cung c\u1ea5p h\u1ed7 tr\u1ee3 cho nh\u1eefng c\u00e1 nh\u00e2n c\u1ea7n tr\u1ee3 gi\u00fap thanh to\u00e1n thu\u1ed1c c\u1ee9u m\u1ea1ng s\u1ed1ng. \u0110\u01a1n thu\u1ed1c \u0111\u01b0\u1ee3c \u0111i\u1ec1n t\u1ea1i c\u00e1c hi\u1ec7u thu\u1ed1c \u0111\u1ed1i t\u00e1c.<\/p>\n<h3>tr\u1ee3 gi\u00fap nha khoa<\/h3>\n<p>Ch\u01b0\u01a1ng tr\u00ecnh nha khoa d\u00e0nh cho c\u01b0 d\u00e2n Qu\u1eadn Frederick t\u1eeb 51 tu\u1ed5i tr\u1edf l\u00ean c\u1ea7n tr\u1ee3 gi\u00fap nha khoa kh\u1ea9n c\u1ea5p v\u1edbi c\u00e1c th\u1ee7 thu\u1eadt nha khoa \u0111\u01a1n gi\u1ea3n.<\/p>\n<p>\u0110\u1ed1i v\u1edbi tr\u1ebb em, c\u00f3 m\u1ed9t ph\u00f2ng kh\u00e1m nha khoa nhi t\u1ea1i <a href=\"https:\/\/health.frederickcountymd.gov\/264\/Dental-Clinic\" target=\"_blank\" rel=\"noopener\">S\u1edf Y t\u1ebf Qu\u1eadn Frederick<\/a> cho tr\u1ebb em kh\u00f4ng c\u00f3 b\u1ea3o hi\u1ec3m ho\u1eb7c nh\u1eefng ng\u01b0\u1eddi c\u00f3 h\u1ed7 tr\u1ee3 y t\u1ebf. D\u1ecbch v\u1ee5 nha khoa \u0111\u01b0\u1ee3c cung c\u1ea5p cho tr\u1ebb em t\u1eeb 1-18 tu\u1ed5i, k\u1ec3 c\u1ea3 tr\u1ebb em c\u00f3 nhu c\u1ea7u \u0111\u1eb7c bi\u1ec7t. Tr\u1ebb em c\u00f3 th\u1ec3 \u0111\u01b0\u1ee3c l\u00e0m s\u1ea1ch r\u0103ng \u0111\u1ecbnh k\u1ef3, ch\u1ee5p X-quang, florua, tr\u00e1m r\u0103ng, ch\u1ea5t b\u1ecbt k\u00edn v\u00e0 nh\u1ed5 r\u0103ng \u0111\u1ecbnh k\u1ef3.<\/p>\n<p>M\u1eb7c d\u00f9 ng\u01b0\u1eddi l\u1edbn kh\u00f4ng th\u1ec3 \u0111\u01b0\u1ee3c \u0111i\u1ec1u tr\u1ecb t\u1ea1i Ph\u00f2ng kh\u00e1m Nha khoa c\u1ee7a B\u1ed9 Y t\u1ebf, c\u00e1c phi\u1ebfu gi\u1ea3m gi\u00e1 \u0111\u01b0\u1ee3c cung c\u1ea5p \u0111\u1ec3 gi\u1ea3m chi ph\u00ed ph\u1eabu thu\u1eadt nha khoa t\u1ea1i c\u00e1c v\u0103n ph\u00f2ng b\u00e1c s\u0129 ph\u1eabu thu\u1eadt r\u0103ng mi\u1ec7ng t\u01b0 nh\u00e2n t\u1ea1i \u0111\u1ecba ph\u01b0\u01a1ng.<\/p>\n<p>N\u1ebfu b\u1ea1n kh\u00f4ng \u0111\u1ee7 \u0111i\u1ec1u ki\u1ec7n tham gia m\u1ed9t trong nh\u1eefng ch\u01b0\u01a1ng tr\u00ecnh nha khoa n\u00e0y \u1edf Qu\u1eadn Frederick, b\u1ea1n c\u0169ng c\u00f3 th\u1ec3 <a href=\"https:\/\/211md.org\/vi\/tai-nguyen\/cham-soc-suc-khoe\/cham-soc-nha-khoa\/\">t\u00ecm hi\u1ec3u v\u1ec1 h\u1ed7 tr\u1ee3 nha khoa kh\u00e1c<\/a> \u1edf Maryland.<\/p>\n<h3>S\u00e0ng l\u1ecdc ch\u0103m s\u00f3c ph\u00f2ng ng\u1eeba<\/h3>\n<p>Ban D\u1ecbch v\u1ee5 Y t\u1ebf C\u1ed9ng \u0111\u1ed3ng c\u1ee7a Qu\u1eadn Frederick cung c\u1ea5p <a href=\"https:\/\/health.frederickcountymd.gov\/218\/Preventive-Health-Services\" target=\"_blank\" rel=\"noopener\">d\u1ecbch v\u1ee5 y t\u1ebf d\u1ef1 ph\u00f2ng mi\u1ec5n ph\u00ed<\/a>. Nh\u1eefng c\u00e1 nh\u00e2n \u0111\u1ee7 \u0111i\u1ec1u ki\u1ec7n c\u00f3 th\u1ec3 \u0111\u01b0\u1ee3c kh\u00e1m s\u00e0ng l\u1ecdc ung th\u01b0 \u0111\u1ea1i tr\u1ef1c tr\u00e0ng, ung th\u01b0 v\u00fa ho\u1eb7c ung th\u01b0 c\u1ed5 t\u1eed cung mi\u1ec5n ph\u00ed. H\u1ecd c\u0169ng c\u00f3 m\u1ed9t <a href=\"https:\/\/health.frederickcountymd.gov\/499\/Healthy-Hearts-Blood-Pressure-Self-Monit\" target=\"_blank\" rel=\"noopener\">Ch\u01b0\u01a1ng tr\u00ecnh huy\u1ebft \u00e1p Tr\u00e1i tim kh\u1ecfe m\u1ea1nh<\/a>, cung c\u1ea5p h\u01b0\u1edbng d\u1eabn v\u00e0 h\u1ed7 tr\u1ee3 cho ng\u01b0\u1eddi l\u1edbn b\u1ecb huy\u1ebft \u00e1p cao.<\/p>\n<h2>N\u01a1i tr\u00fa \u1ea9n cho ng\u01b0\u1eddi v\u00f4 gia c\u01b0<\/h2>\n<p>N\u1ebfu b\u1ea1n ho\u1eb7c ai \u0111\u00f3 b\u1ea1n bi\u1ebft c\u1ea7n nh\u00e0 \u1edf kh\u1ea9n c\u1ea5p, b\u1ea1n c\u00f3 th\u1ec3 nh\u1eadn tr\u1ee3 gi\u00fap t\u1ea1i <a href=\"https:\/\/thereligiouscoalition.org\/need-help\/emergency-shelter-programs\/\" target=\"_blank\" rel=\"noopener\">N\u01a1i tr\u00fa \u1ea9n kh\u1ea9n c\u1ea5p Alan P Linton, Jr.<\/a>. \u0110\u00e2y l\u00e0 c\u01a1 s\u1edf l\u1edbn nh\u1ea5t \u1edf Qu\u1eadn Frederick, v\u1edbi 88 gi\u01b0\u1eddng d\u00e0nh cho ng\u01b0\u1eddi l\u1edbn v\u00f4 gia c\u01b0.<\/p>\n<p>Li\u00ean minh t\u00f4n gi\u00e1o cho c\u00e1c nhu c\u1ea7u kh\u1ea9n c\u1ea5p c\u1ee7a con ng\u01b0\u1eddi c\u0169ng c\u00f3 m\u1ed9t <a href=\"https:\/\/thereligiouscoalition.org\/need-help\/emergency-shelter-programs\/emergency-family-shelter\/\" target=\"_blank\" rel=\"noopener\">n\u01a1i tr\u00fa \u1ea9n gia \u0111\u00ecnh kh\u1ea9n c\u1ea5p<\/a>.<\/p>\n<p>T\u1ed5 ch\u1ee9c c\u0169ng l\u00e0m vi\u1ec7c v\u1edbi c\u00e1c c\u00e1 nh\u00e2n trong qu\u00e1 tr\u00ecnh chuy\u1ec3n \u0111\u1ed5i sang nh\u00e0 \u1edf l\u00e2u d\u00e0i. <a href=\"https:\/\/thereligiouscoalition.org\/need-help\/after-shelter-programs\/\" target=\"_blank\" rel=\"noopener\">Sau c\u01a1n b\u00e3o<\/a> cung c\u1ea5p cho kh\u00e1ch h\u00e0ng n\u01a1i tr\u00fa \u1ea9n \u0111\u1ee7 \u0111i\u1ec1u ki\u1ec7n s\u1ef1 gi\u00fap \u0111\u1ee1 v\u1ec1 nh\u00e0 \u1edf trong m\u1ed9t n\u0103m. Ch\u01b0\u01a1ng tr\u00ecnh bao g\u1ed3m t\u01b0 v\u1ea5n v\u1ec1 ng\u00e2n s\u00e1ch, h\u1ed7 tr\u1ee3 qu\u1ea3n l\u00fd h\u1ed3 s\u01a1, h\u1ed7 tr\u1ee3 ti\u1ec1n \u0111\u1eb7t c\u1ecdc c\u00f3 th\u1ec3 c\u00f3, h\u1ed7 tr\u1ee3 thu\u00ea nh\u00e0, tr\u1ee3 gi\u00fap v\u1ec1 ti\u1ec7n \u00edch, c\u00e1c kh\u00f3a \u0111\u00e0o t\u1ea1o, tr\u1ee3 gi\u00fap k\u00ea \u0111\u01a1n v\u00e0 gi\u1edbi thi\u1ec7u \u0111\u1ebfn Nh\u00e0 \u0111\u1ec3 xe C\u01a1 h\u1ed9i th\u1ee9 hai \u0111\u1ec3 \u0111\u01b0\u1ee3c tr\u1ee3 gi\u00fap v\u1ec1 \u00f4 t\u00f4.<\/p>\n<h3>H\u1ed7 tr\u1ee3 v\u1eadn chuy\u1ec3n<\/h3>\n<p>N\u1ebfu b\u1ea1n \u0111ang l\u00e0m vi\u1ec7c v\u1edbi m\u1ed9t c\u01a1 quan d\u1ecbch v\u1ee5 y t\u1ebf v\u00e0 nh\u00e2n sinh \u1edf Qu\u1eadn Frederick v\u00e0 c\u1ea7n tr\u1ee3 gi\u00fap v\u1ec1 ph\u01b0\u01a1ng ti\u1ec7n \u0111i l\u1ea1i, b\u1ea1n c\u00f3 th\u1ec3 \u0111\u1ee7 \u0111i\u1ec1u ki\u1ec7n nh\u1eadn tr\u1ee3 gi\u00fap t\u1eeb <a href=\"https:\/\/secondchancesgarage.org\/receive-a-car\/\" target=\"_blank\" rel=\"noopener\">Nh\u00e0 \u0111\u1ec3 xe c\u01a1 h\u1ed9i th\u1ee9 hai<\/a>. \u0110\u00f3 l\u00e0 m\u1ed9t ch\u01b0\u01a1ng tr\u00ecnh xe chi ph\u00ed th\u1ea5p. T\u1ed5 ch\u1ee9c l\u00e0m vi\u1ec7c v\u1edbi <a href=\"https:\/\/secondchancesgarage.org\/partner-agencies\/\" target=\"_blank\" rel=\"noopener\">c\u00e1c c\u01a1 quan \u0111\u1ed1i t\u00e1c n\u00e0y<\/a>. B\u1ea1n ph\u1ea3i nh\u1eadn \u0111\u01b0\u1ee3c s\u1ef1 h\u1ed7 tr\u1ee3 li\u00ean t\u1ee5c t\u1eeb m\u1ed9t trong s\u1ed1 h\u1ecd ho\u1eb7c l\u00e0 sinh vi\u00ean m\u1edbi t\u1ed1t nghi\u1ec7p ch\u01b0\u01a1ng tr\u00ecnh c\u1ee7a h\u1ecd. C\u01a1 quan \u0111\u1ed1i t\u00e1c x\u00e1c \u0111\u1ecbnh t\u00ednh \u0111\u1ee7 \u0111i\u1ec1u ki\u1ec7n.<\/p>\n<p>C\u00f4ng ch\u00fang c\u0169ng c\u00f3 th\u1ec3 mua m\u1ed9t chi\u1ebfc \u00f4 t\u00f4 gi\u00e1 r\u1ebb t\u1eeb Nh\u00e0 \u0111\u1ec3 xe C\u01a1 h\u1ed9i Th\u1ee9 hai. Kh\u00f4ng c\u00f3 k\u1ebf ho\u1ea1ch t\u00e0i ch\u00ednh ho\u1eb7c thanh to\u00e1n v\u00e0 s\u1ed1 ti\u1ec1n thu \u0111\u01b0\u1ee3c s\u1ebd h\u1ed7 tr\u1ee3 ch\u01b0\u01a1ng tr\u00ecnh \u0111\u1ed1i t\u00e1c cho nh\u1eefng ng\u01b0\u1eddi c\u00f3 nhu c\u1ea7u.<\/p>\n<h2><b>Nh\u1eadn tr\u1ee3 gi\u00fap ngay<\/b><\/h2>\n<p>B\u1ea1n c\u00f3 c\u1ea7n tr\u1ee3 gi\u00fap khai thu\u1ebf, t\u00ecm kho th\u1ef1c ph\u1ea9m ho\u1eb7c \u0111i\u1ec1n \u0111\u01a1n xin h\u1ed7 tr\u1ee3 ti\u1ec7n \u00edch kh\u00f4ng? Quay s\u1ed1 2-1-1 v\u00e0 Chuy\u00ean gia Th\u00f4ng tin v\u00e0 Gi\u1edbi thi\u1ec7u c\u00f3 th\u1ec3 h\u1ed7 tr\u1ee3 b\u1ea1n 24\/7\/365.<\/p>\n<p>211 s\u1ebd k\u1ebft n\u1ed1i b\u1ea1n v\u1edbi m\u1ed9t t\u00e0i nguy\u00ean c\u1ee5c b\u1ed9, bao g\u1ed3m c\u1ea3 <a href=\"https:\/\/dhs.maryland.gov\/local-offices\/frederick-county\/\" target=\"_blank\" rel=\"noopener\">S\u1edf D\u1ecbch v\u1ee5 X\u00e3 h\u1ed9i Qu\u1eadn Frederick<\/a>, c\u0169ng cung c\u1ea5p h\u1ed7 tr\u1ee3, bao g\u1ed3m phi\u1ebfu th\u1ef1c ph\u1ea9m, h\u1ed7 tr\u1ee3 ti\u1ec1n m\u1eb7t t\u1ea1m th\u1eddi, h\u1ecdc b\u1ed5ng ch\u0103m s\u00f3c tr\u1ebb em, Medicaid v\u00e0 h\u01a1n th\u1ebf n\u1eefa.<\/p>\n<p>B\u1ea1n c\u0169ng c\u00f3 th\u1ec3 t\u00ecm ki\u1ebfm t\u00e0i nguy\u00ean theo danh m\u1ee5c.<\/p>\n\t\t<h4><a href=\"\/vi\/tai-nguyen\/lao-hoa-khuyet-tat\/?utm_source=Home&#038;utm_medium=Referral&#038;utm_campaign=211Resources&#038;utm_content=Aging\" target=\"_self\">L\u00e3o h\u00f3a &amp; Khuy\u1ebft t\u1eadt<\/a><\/h4>\n\t\t\t\t<a href=\"\/vi\/tai-nguyen\/lao-hoa-khuyet-tat\/?utm_source=Home&#038;utm_medium=Referral&#038;utm_campaign=211Resources&#038;utm_content=Aging\"  target=\"_self\" itemprop=\"url\">\n\t\t\t\t<img decoding=\"async\" src=\"https:\/\/211md.org\/wp-content\/uploads\/bb-plugin\/cache\/2025_MdInfoNet_Icon-Sets_Aging-disability-square-c466727102cae71e5f27b8539bb51945-.png\" alt=\"\" itemprop=\"image\" onerror=\"this.style.display='none'\" loading=\"lazy\" \/>\n\t\t\t\t<\/a>\n\t\t<h4><a href=\"\/vi\/tai-nguyen\/gia-dinh-tre-em\/?utm_source=Home&#038;utm_medium=Referral&#038;utm_campaign=211Resources&#038;utm_content=Children\" target=\"_self\">Tr\u1ebb em &amp; Gia \u0111\u00ecnh<\/a><\/h4>\n\t\t\t\t<a href=\"\/vi\/tai-nguyen\/gia-dinh-tre-em\/?utm_source=Home&#038;utm_medium=Referral&#038;utm_campaign=211Resources&#038;utm_content=Children\"  target=\"_self\" itemprop=\"url\">\n\t\t\t\t<img decoding=\"async\" src=\"https:\/\/211md.org\/wp-content\/uploads\/bb-plugin\/cache\/2025_211_Icon-Sets_Child-care-square-f3b0d4edab3dcc467fadb5f55f4064c6-.png\" alt=\"2025_211_B\u1ed9 bi\u1ec3u t\u01b0\u1ee3ng_Ch\u0103m s\u00f3c tr\u1ebb em\" itemprop=\"image\" height=\"417\" width=\"417\" title=\"2025_211_B\u1ed9 bi\u1ec3u t\u01b0\u1ee3ng_Ch\u0103m s\u00f3c tr\u1ebb em\" onerror=\"this.style.display='none'\" loading=\"lazy\" \/>\n\t\t\t\t<\/a>\n\t\t<h4><a href=\"\/vi\/tai-nguyen\/gia-dinh-bao-luc\/?utm_source=Home&#038;utm_medium=Referral&#038;utm_campaign=211Resources&#038;utm_content=Domestic\" target=\"_self\">B\u1ea1o l\u1ef1c gia \u0111\u00ecnh<\/a><\/h4>\n\t\t\t\t<a href=\"\/vi\/tai-nguyen\/gia-dinh-bao-luc\/?utm_source=Home&#038;utm_medium=Referral&#038;utm_campaign=211Resources&#038;utm_content=Domestic\"  target=\"_self\" itemprop=\"url\">\n\t\t\t\t<img decoding=\"async\" src=\"https:\/\/211md.org\/wp-content\/uploads\/bb-plugin\/cache\/2025_211_Icon-Sets_Domestic-Violence-square-7b597694a6f05fe90cdc376aa573bc63-.png\" alt=\"Bi\u1ec3u t\u01b0\u1ee3ng b\u1ea1o l\u1ef1c gia \u0111\u00ecnh\" itemprop=\"image\" height=\"417\" width=\"417\" title=\"2025_211_B\u1ed9 bi\u1ec3u t\u01b0\u1ee3ng_B\u1ea1o l\u1ef1c gia \u0111\u00ecnh\" onerror=\"this.style.display='none'\" loading=\"lazy\" \/>\n\t\t\t\t<\/a>\n\t\t<h4><a href=\"\/vi\/tai-nguyen\/tim-kiem-viec-lam\/?utm_source=Home&#038;utm_medium=Referral&#038;utm_campaign=211Resources&#038;utm_content=Employment\" target=\"_self\">Thu\u00ea ng\u01b0\u1eddi l\u00e0m<\/a><\/h4>\n\t\t\t\t<a href=\"\/vi\/tai-nguyen\/tim-kiem-viec-lam\/?utm_source=Home&#038;utm_medium=Referral&#038;utm_campaign=211Resources&#038;utm_content=Employment\"  target=\"_self\" itemprop=\"url\">\n\t\t\t\t<img decoding=\"async\" src=\"https:\/\/211md.org\/wp-content\/uploads\/bb-plugin\/cache\/2025_MdInfoNet_Icon-Sets_Employment-square-44707bd410e4df10a470bf130ebcea86-.png\" alt=\"\" itemprop=\"image\" onerror=\"this.style.display='none'\" loading=\"lazy\" \/>\n\t\t\t\t<\/a>\n\t\t<h4><a href=\"\/vi\/tai-nguyen\/cham-soc-suc-khoe\/?utm_source=Home&#038;utm_medium=Referral&#038;utm_campaign=211Resources&#038;utm_content=Health%20Care\" target=\"_self\">Ch\u0103m s\u00f3c s\u1ee9c kh\u1ecfe<\/a><\/h4>\n\t\t\t\t<a href=\"\/vi\/tai-nguyen\/cham-soc-suc-khoe\/?utm_source=Home&#038;utm_medium=Referral&#038;utm_campaign=211Resources&#038;utm_content=Health%20Care\"  target=\"_self\" itemprop=\"url\">\n\t\t\t\t<img decoding=\"async\" src=\"https:\/\/211md.org\/wp-content\/uploads\/bb-plugin\/cache\/2025_MdInfoNet_Icon-Sets_Health-Care-square-dee98a0060cbe0e7f27eda253fc12679-.png\" alt=\"\" itemprop=\"image\" onerror=\"this.style.display='none'\" loading=\"lazy\" \/>\n\t\t\t\t<\/a>\n\t\t<h4><a href=\"\/vi\/tai-nguyen\/gia-dinh-tre-em\/quan-he-ho-hang\/?utm_source=Home&#038;utm_medium=Referral&#038;utm_campaign=211Resources&#038;utm_content=Kinship\" target=\"_self\">h\u1ecd h\u00e0ng<\/a><\/h4>\n\t\t\t\t<a href=\"\/vi\/tai-nguyen\/gia-dinh-tre-em\/quan-he-ho-hang\/?utm_source=Home&#038;utm_medium=Referral&#038;utm_campaign=211Resources&#038;utm_content=Kinship\"  target=\"_self\" itemprop=\"url\">\n\t\t\t\t<img decoding=\"async\" src=\"https:\/\/211md.org\/wp-content\/uploads\/bb-plugin\/cache\/2025_211_Icon-Sets_Kinship-square-45bdf872866f5735f842c32071109267-.png\" alt=\"Bi\u1ec3u t\u01b0\u1ee3ng h\u1ecd h\u00e0ng\" itemprop=\"image\" height=\"417\" width=\"417\" title=\"2025_211_B\u1ed9 bi\u1ec3u t\u01b0\u1ee3ng_Quan h\u1ec7 h\u1ecd h\u00e0ng\" onerror=\"this.style.display='none'\" loading=\"lazy\" \/>\n\t\t\t\t<\/a>\n\t\t<h4><a href=\"\/vi\/tai-nguyen\/dich-vu-phap-ly\/?utm_source=Home&#038;utm_medium=Referral&#038;utm_campaign=211Resources&#038;utm_content=Legal\" target=\"_self\">D\u1ecbch v\u1ee5 ph\u00e1p l\u00fd<\/a><\/h4>\n\t\t\t\t<a href=\"\/vi\/tai-nguyen\/dich-vu-phap-ly\/?utm_source=Home&#038;utm_medium=Referral&#038;utm_campaign=211Resources&#038;utm_content=Legal\"  target=\"_self\" itemprop=\"url\">\n\t\t\t\t<img decoding=\"async\" src=\"https:\/\/211md.org\/wp-content\/uploads\/bb-plugin\/cache\/2025_MdInfoNet_Icon-Sets_Legal-square-18fdf438feb8435588174d9046463257-.png\" alt=\"\" itemprop=\"image\" onerror=\"this.style.display='none'\" loading=\"lazy\" \/>\n\t\t\t\t<\/a>\n\t\t<h4><a href=\"\/vi\/tai-nguyen\/suc-khoe-tinh-than\/?utm_source=Home&#038;utm_medium=Referral&#038;utm_campaign=211Resources&#038;utm_content=Mental\" target=\"_self\">S\u1ee9c kh\u1ecfe tinh th\u1ea7n<\/a><\/h4>\n\t\t\t\t<a href=\"\/vi\/tai-nguyen\/suc-khoe-tinh-than\/?utm_source=Home&#038;utm_medium=Referral&#038;utm_campaign=211Resources&#038;utm_content=Mental\"  target=\"_self\" itemprop=\"url\">\n\t\t\t\t<img decoding=\"async\" src=\"https:\/\/211md.org\/wp-content\/uploads\/bb-plugin\/cache\/2025_MdInfoNet_Icon-Sets_Mental-Health-square-c59b38c4a993a947d4c9280fbe2d2fee-.png\" alt=\"\" itemprop=\"image\" onerror=\"this.style.display='none'\" loading=\"lazy\" \/>\n\t\t\t\t<\/a>\n\t\t<h4><a href=\"\/vi\/tai-nguyen\/mdreentry\/?utm_source=Home&#038;utm_medium=Referral&#038;utm_campaign=211Resources&#038;utm_content=Reentry\" target=\"_self\">V\u00e0o l\u1ea1i<\/a><\/h4>\n\t\t\t\t<a href=\"\/vi\/tai-nguyen\/mdreentry\/?utm_source=Home&#038;utm_medium=Referral&#038;utm_campaign=211Resources&#038;utm_content=Reentry\"  target=\"_self\" itemprop=\"url\">\n\t\t\t\t<img decoding=\"async\" src=\"https:\/\/211md.org\/wp-content\/uploads\/bb-plugin\/cache\/2025_211_Icon-Sets_Reentry-square-8676fea38abd920a832f45642fe31cca-.png\" alt=\"Bi\u1ec3u t\u01b0\u1ee3ng nh\u1eadp l\u1ea1i\" itemprop=\"image\" height=\"417\" width=\"417\" title=\"2025_211_B\u1ed9 bi\u1ec3u t\u01b0\u1ee3ng_Nh\u1eadp l\u1ea1i\" onerror=\"this.style.display='none'\" loading=\"lazy\" \/>\n\t\t\t\t<\/a>\n\t\t<h4><a href=\"\/vi\/tai-nguyen\/su-dung-chat-kich-thich\/?utm_source=Home&#038;utm_medium=Referral&#038;utm_campaign=211Resources&#038;utm_content=Substance\" target=\"_self\">S\u1eed d\u1ee5ng ch\u1ea5t k\u00edch th\u00edch<\/a><\/h4>\n\t\t\t\t<a href=\"\/vi\/tai-nguyen\/su-dung-chat-kich-thich\/?utm_source=Home&#038;utm_medium=Referral&#038;utm_campaign=211Resources&#038;utm_content=Substance\"  target=\"_self\" itemprop=\"url\">\n\t\t\t\t<img decoding=\"async\" src=\"https:\/\/211md.org\/wp-content\/uploads\/bb-plugin\/cache\/2025_MdInfoNet_Icon-Sets_Substance-Abuse-square-9022fec9d18a64118ad685c101885b55-.png\" alt=\"\" itemprop=\"image\" onerror=\"this.style.display='none'\" loading=\"lazy\" \/>\n\t\t\t\t<\/a>\n\t\t<h4><a href=\"\/vi\/tai-nguyen\/cuu-chien-binh\/?utm_source=Home&#038;utm_medium=Referral&#038;utm_campaign=211Resources&#038;utm_content=Veterans\" target=\"_self\">c\u1ef1u chi\u1ebfn binh<\/a><\/h4>\n\t\t\t\t<a href=\"\/vi\/tai-nguyen\/cuu-chien-binh\/?utm_source=Home&#038;utm_medium=Referral&#038;utm_campaign=211Resources&#038;utm_content=Veterans\"  target=\"_self\" itemprop=\"url\">\n\t\t\t\t<img decoding=\"async\" src=\"https:\/\/211md.org\/wp-content\/uploads\/bb-plugin\/cache\/2025_MdInfoNet_Icon-Sets_Rating-square-6e60d00cce4faa8e0a6d4ad7366aa733-.png\" alt=\"\" itemprop=\"image\" onerror=\"this.style.display='none'\" loading=\"lazy\" \/>\n\t\t\t\t<\/a>","protected":false},"excerpt":{"rendered":"<p>T\u00ecm t\u00e0i nguy\u00ean g\u1ea7n t\u00f4i T\u00ecm ki\u1ebfm ngay Th\u00eam c\u01a1 quan ho\u1eb7c t\u1ed5 ch\u1ee9c c\u1ee7a b\u1ea1n v\u00e0o c\u01a1 s\u1edf d\u1eef li\u1ec7u t\u00e0i nguy\u00ean c\u1ee7a ch\u00fang t\u00f4i. B\u1ea1n s\u1ed1ng \u1edf Frederick ho\u1eb7c m\u1ed9t trong nh\u1eefng c\u1ed9ng \u0111\u1ed3ng xung quanh, bao g\u1ed3m Ballenger Creek, Buckeystown, New Market, Mount Airy, Woodsboro, Braddock Heights hay Middletown? Quay s\u1ed1 2-1-1 \u0111\u1ec3 \u0111\u01b0\u1ee3c k\u1ebft n\u1ed1i v\u1edbi c\u00e1c ngu\u1ed3n l\u1ef1c c\u1ea7n thi\u1ebft. B\u1ea1n c\u0169ng c\u00f3 th\u1ec3 t\u00ecm ki\u1ebfm c\u01a1 s\u1edf d\u1eef li\u1ec7u \u0111\u1ec3 t\u00ecm\u2026<\/p>","protected":false},"author":8,"featured_media":3795,"parent":750,"menu_order":0,"comment_status":"closed","ping_status":"closed","template":"","meta":{"footnotes":""},"class_list":["post-1703","page","type-page","status-publish","has-post-thumbnail","hentry"],"_links":{"self":[{"href":"https:\/\/211md.org\/vi\/wp-json\/wp\/v2\/pages\/1703","targetHints":{"allow":["GET"]}}],"collection":[{"href":"https:\/\/211md.org\/vi\/wp-json\/wp\/v2\/pages"}],"about":[{"href":"https:\/\/211md.org\/vi\/wp-json\/wp\/v2\/types\/page"}],"author":[{"embeddable":true,"href":"https:\/\/211md.org\/vi\/wp-json\/wp\/v2\/users\/8"}],"replies":[{"embeddable":true,"href":"https:\/\/211md.org\/vi\/wp-json\/wp\/v2\/comments?post=1703"}],"version-history":[{"count":3,"href":"https:\/\/211md.org\/vi\/wp-json\/wp\/v2\/pages\/1703\/revisions"}],"predecessor-version":[{"id":34080,"href":"https:\/\/211md.org\/vi\/wp-json\/wp\/v2\/pages\/1703\/revisions\/34080"}],"up":[{"embeddable":true,"href":"https:\/\/211md.org\/vi\/wp-json\/wp\/v2\/pages\/750"}],"wp:featuredmedia":[{"embeddable":true,"href":"https:\/\/211md.org\/vi\/wp-json\/wp\/v2\/media\/3795"}],"wp:attachment":[{"href":"https:\/\/211md.org\/vi\/wp-json\/wp\/v2\/media?parent=1703"}],"curies":[{"name":"wp","href":"https:\/\/api.w.org\/{rel}","templated":true}]}}