{"id":1705,"date":"2021-05-12T00:25:51","date_gmt":"2021-05-12T00:25:51","guid":{"rendered":"https:\/\/211md.org\/?page_id=1705"},"modified":"2026-02-04T09:14:10","modified_gmt":"2026-02-04T14:14:10","slug":"quan-allegany","status":"publish","type":"page","link":"https:\/\/211md.org\/vi\/resources-by-county\/allegany-county\/","title":{"rendered":"Allegany County Community Resources"},"content":{"rendered":"<figure data-animation-delay=\"0\" data-animation-duration=\"1\" itemscope itemtype=\"https:\/\/schema.org\/ImageObject\">\n\t\t\t\t<img decoding=\"async\" src=\"https:\/\/stg-maryland211-staging.kinsta.cloud\/wp-content\/uploads\/2025\/08\/5-1-scaled.png\" alt=\"5\" height=\"692\" width=\"2560\" title=\"5\" onerror=\"this.style.display='none'\" loading=\"lazy\" \/>\n\t<\/figure>\n\t\t<p>In Allegany County, 211 callers often request resources for housing, utilities, food, and mental health. This quick guide directs Marylanders to local programs that can assist with these needs.<\/p>\n<p>You can also search for local organizations that can help by ZIP code in the 211 Community Resource Database.<\/p>\n\t\t\t<a href=\"https:\/\/search.211md.org\/\"  target=\"_blank\" rel=\"noopener\">\n\t\t\t\t\t\tSearch for nearby resources\n\t\t\t\t\t<\/a>\n<figure data-animation-delay=\"0\" data-animation-duration=\"1\" itemscope itemtype=\"https:\/\/schema.org\/ImageObject\">\n\t\t\t\t<img decoding=\"async\" src=\"https:\/\/211md.org\/wp-content\/plugins\/bb-plugin\/img\/pixel.png\" alt=\"\" onerror=\"this.style.display='none'\" loading=\"lazy\" \/>\n\t<\/figure>\n<figure data-animation-delay=\"0\" data-animation-duration=\"1.3\" itemscope itemtype=\"https:\/\/schema.org\/ImageObject\">\n\t\t\t\t<img decoding=\"async\" src=\"https:\/\/stg-maryland211-staging.kinsta.cloud\/wp-content\/uploads\/2025\/08\/16.png\" alt=\"16\" height=\"1000\" width=\"1000\" title=\"16\" onerror=\"this.style.display='none'\" loading=\"lazy\" \/>\n\t<\/figure>\n<figure data-animation-delay=\"0\" data-animation-duration=\"1\" itemscope itemtype=\"https:\/\/schema.org\/ImageObject\">\n\t\t\t\t<img decoding=\"async\" src=\"http:\/\/211md.org\/wp-content\/uploads\/2024\/05\/utility-bills.jpg\" alt=\"c\u00e1c h\u00f3a \u0111\u01a1n ti\u1ec7n \u00edch\" title=\"c\u00e1c h\u00f3a \u0111\u01a1n ti\u1ec7n \u00edch\" onerror=\"this.style.display='none'\" loading=\"lazy\" \/>\n\t<\/figure>\n\t\t<h2><a href=\"\/vi\/tai-nguyen\/ho-tro-tien-ich\/\" target=\"_self\">H\u1ed7 tr\u1ee3 ti\u1ec7n \u00edch<\/a><\/h2><p>Do you have a shut-off notice for your utilities?<\/p>\n<p><a href=\"https:\/\/associatedcharities.net\/\" target=\"_blank\" rel=\"noopener\">T\u1ed5 ch\u1ee9c t\u1eeb thi\u1ec7n li\u00ean k\u1ebft c\u1ee7a Cumberland<\/a> cung c\u1ea5p h\u1ed7 tr\u1ee3 kh\u1ea9n c\u1ea5p cho kh\u00e1ch h\u00e0ng s\u1eed d\u1ee5ng d\u1ecbch v\u1ee5 ti\u1ec7n \u00edch \u0111\u00e3 nh\u1eadn \u0111\u01b0\u1ee3c th\u00f4ng b\u00e1o c\u1eaft d\u1ecbch v\u1ee5.<\/p>\n<p>Energy assistance grants are also available through the Maryland Office of Home Energy Programs (OHEP) for those who qualify.<\/p>\n<p>Learn more about income qualifications for OHEP\u00a0and other utility assistance programs.<\/p>\n\t\t\t<a href=\"\/vi\/tai-nguyen\/ho-tro-tien-ich\/\"  target=\"_self\">\n\t\t\t\t\t\tRead 211&#8217;s Guide to Utility Assistance\n\t\t\t\t\t<\/a>\n\t<h2>Get help with food and medicine<\/h2>\n<p>In addition to utility assistance, <a href=\"https:\/\/associatedcharities.net\/\" target=\"_blank\" rel=\"noopener\">T\u1ed5 ch\u1ee9c t\u1eeb thi\u1ec7n li\u00ean k\u1ebft c\u1ee7a Cumberland<\/a> can also help with:<\/p>\n<ul>\n<li>\u0111\u1ed3 \u0103n<\/li>\n<li>qu\u1ea7n \u00e1o<\/li>\n<li>thu\u1ed1c theo toa<\/li>\n<\/ul>\n<p>They offer food vouchers and groceries, some clothing, and short-term and long-term prescription drug help. The organization assists with emergency medication and prescriptions for immediate needs.<\/p>\n<p>Associated Charities can also help Allegany residents fill out applications for long-term prescription drug programs.<\/p>\n<p>C\u00e1c\u00a0<a href=\"https:\/\/search.211md.org\/search\/676ad679e252a5170f68df86b434dbcc\" target=\"_blank\" rel=\"noopener\">\u0110\u1ed9i qu\u00e2n c\u1ee9u h\u1ed9 c\u1ee7a h\u1ea1t Allegany v\u00e0 Garrett<\/a> is another agency that can help with basic needs.<\/p>\n<p>They have a:<\/p>\n<ul>\n<li>ph\u00f2ng \u0111\u1ef1ng th\u1ee9c \u0103n<\/li>\n<li>free and reduced-cost clothing and furniture<\/li>\n<li>youth programs<\/li>\n<li>program offering financial help with utility bills, fuel, and rent<\/li>\n<\/ul>\n\t\t<h2>T\u00e0i nguy\u00ean s\u1ee9c kh\u1ecfe t\u00e2m th\u1ea7n \u1edf Cumberland<\/h2>\n\t\t<p><strong>N\u1ebfu b\u1ea1n \u0111ang g\u1eb7p kh\u1ee7ng ho\u1ea3ng, h\u00e3y g\u1ecdi 988 v\u00e0 n\u00f3i chuy\u1ec7n v\u1edbi chuy\u00ean gia x\u1eed l\u00fd kh\u1ee7ng ho\u1ea3ng ngay l\u1eadp t\u1ee9c.\u00a0<\/strong><\/p>\n<p>C\u00e1c\u00a0<a href=\"https:\/\/health.maryland.gov\/allegany\/Pages\/MentalHealthServices.aspx\" target=\"_blank\" rel=\"noopener\">S\u1edf Y t\u1ebf Qu\u1eadn Allegany<\/a>\u00a0\u1edf Cumberland cung c\u1ea5p c\u00e1c d\u1ecbch v\u1ee5 s\u1ee9c kh\u1ecfe t\u00e2m th\u1ea7n cho m\u1ecdi l\u1ee9a tu\u1ed5i. C\u00e1c nh\u00e0 tr\u1ecb li\u1ec7u, b\u00e1c s\u0129 t\u00e2m th\u1ea7n v\u00e0 y t\u00e1 \u0111\u01b0\u1ee3c c\u1ea5p ph\u00e9p c\u00f3 th\u1ec3 gi\u1ea3i quy\u1ebft c\u00e1c v\u1ea5n \u0111\u1ec1 v\u1ec1 s\u1ee9c kh\u1ecfe t\u00e2m th\u1ea7n.<\/p>\n<p><a href=\"https:\/\/ahecwest.org\/\" target=\"_blank\" rel=\"noopener\">Trung t\u00e2m Gi\u00e1o d\u1ee5c S\u1ee9c kh\u1ecfe Khu v\u1ef1c Maryland (AHEC) ph\u00eda T\u00e2y<\/a> offers residents access to prevention, treatment, and recovery services for opioids and substance use disorders through Healing Allegany. The nine-member community-based consortium of agencies provides behavioral health and counseling services in Cumberland.\u00a0<a href=\"https:\/\/ahecwest.org\/healing-allegany\/\" target=\"_blank\" rel=\"noopener\">T\u00ecm m\u1ed9t ch\u01b0\u01a1ng tr\u00ecnh ch\u1eefa b\u1ec7nh Allegany<\/a>.<\/p>\n<h3>Find a behavioral health provider<\/h3>\n<p>You can also search for local behavioral health support. The resources are powered by Maryland Information Network, and you can filter the search results by your specific needs.<\/p>\n\t\t\t<a href=\"https:\/\/search.988.mdinfonet.org\/\" target=\"_blank\" rel=\"noopener\">\n\t\t\t\t\t\tSearch for a Provider\n\t\t\t\t\t<\/a>\n\t<h2><b>Ch\u0103m s\u00f3c s\u1ee9c kh\u1ecfe v\u00e0 nha khoa\u00a0<\/b><\/h2>\n<p>C\u00e1c\u00a0<a href=\"https:\/\/health.maryland.gov\/allegany\/Pages\/Home.aspx\" target=\"_blank\" rel=\"noopener\">S\u1edf Y t\u1ebf<\/a>\u00a0c\u00f3 m\u1ed9t s\u1ed1 d\u1ecbch v\u1ee5 li\u00ean quan \u0111\u1ebfn s\u1ee9c kh\u1ecfe kh\u00e1c, bao g\u1ed3m \u0111\u00e0o t\u1ea1o v\u1ec1 naloxone, s\u00e0ng l\u1ecdc ung th\u01b0 mi\u1ec5n ph\u00ed cho nh\u1eefng ng\u01b0\u1eddi \u0111\u1ee7 \u0111i\u1ec1u ki\u1ec7n, ch\u1ee7ng ng\u1eeba v\u00e0 d\u1ecbch v\u1ee5 nha khoa cho tr\u1ebb em v\u00e0 ph\u1ee5 n\u1eef mang thai.<\/p>\n<p><a href=\"https:\/\/health.maryland.gov\/allegany\/Pages\/ChildandPregnantDental.aspx\" target=\"_blank\" rel=\"noopener\">Ch\u01b0\u01a1ng Tr\u00ecnh Nha Khoa N\u1ee5 C\u01b0\u1eddi Kh\u1ecfe M\u1ea1nh c\u1ee7a Maryland<\/a> d\u00e0nh cho b\u1ea5t k\u1ef3 tr\u1ebb em n\u00e0o \u1edf Qu\u1eadn Allegany t\u1eeb 21 tu\u1ed5i tr\u1edf xu\u1ed1ng v\u00e0 ph\u1ee5 n\u1eef mang thai \u0111ang tham gia ch\u01b0\u01a1ng tr\u00ecnh Medicaid c\u1ee7a Maryland c\u00f3 th\u1ebb nha khoa c\u00f2n hi\u1ec7u l\u1ef1c.<\/p>\n<p>AHEC West c\u0169ng cung c\u1ea5p kh\u1ea3 n\u0103ng ti\u1ebfp c\u1eadn d\u1ecbch v\u1ee5 ch\u0103m s\u00f3c nha khoa th\u00f4ng qua <a href=\"https:\/\/ahecwest.org\/health-right\/\" target=\"_blank\" rel=\"noopener\">Quy\u1ec1n s\u1ee9c kh\u1ecfe<\/a>. N\u00f3 cung c\u1ea5p cho ng\u01b0\u1eddi l\u1edbn c\u00f3 thu nh\u1eadp th\u1ea5p kh\u1ea3 n\u0103ng ti\u1ebfp c\u1eadn c\u00e1c d\u1ecbch v\u1ee5 ch\u0103m s\u00f3c nha khoa kh\u1ea9n c\u1ea5p nh\u01b0 tr\u00e1m r\u0103ng v\u00e0 nh\u1ed5 r\u0103ng cho nh\u1eefng ng\u01b0\u1eddi b\u1ecb \u0111au ho\u1eb7c b\u1ecb nhi\u1ec5m tr\u00f9ng r\u0103ng. Ch\u01b0\u01a1ng tr\u00ecnh Ti\u1ebfp c\u1eadn Nha khoa gi\u00fap 400 ng\u01b0\u1eddi m\u1ed7i n\u0103m.\u00a0<a href=\"https:\/\/ahecwest.org\/health-right\/\" target=\"_blank\" rel=\"noopener\">Xem li\u1ec7u b\u1ea1n c\u00f3 \u0111\u1ee7 \u0111i\u1ec1u ki\u1ec7n \u0111\u1ec3 \u0111\u01b0\u1ee3c h\u1ed7 tr\u1ee3 nha khoa hay kh\u00f4ng<\/a>\u00a0th\u00f4ng qua Quy\u1ec1n Y t\u1ebf.<\/p>\n<p>&nbsp;<\/p>\n<figure data-animation-delay=\"0\" data-animation-duration=\"1\" itemscope itemtype=\"https:\/\/schema.org\/ImageObject\">\n\t\t\t\t<img decoding=\"async\" src=\"https:\/\/211md.org\/wp-content\/uploads\/2024\/06\/Job-training-in-a-warehouse.jpg\" alt=\"\u0110\u00e0o t\u1ea1o ngh\u1ec1 t\u1ea1i kho\" height=\"800\" width=\"1200\" title=\"\u0110\u00e0o t\u1ea1o ngh\u1ec1 t\u1ea1i kho\" onerror=\"this.style.display='none'\" loading=\"lazy\" \/>\n\t<\/figure>\n\t\t<h2><a href=\"http:\/\/westernmarylandconsortium.org\/\" target=\"_blank\" rel=\"noopener\">\u0110\u00e0o t\u1ea1o ngh\u1ec1<\/a><\/h2><p>If you need help finding a job, The\u00a0Western Maryland Consortium can provide job skills for residents in Allegany, Garrett and Washington counties. Services available include support with:<\/p>\n<ul>\n<li aria-level=\"1\">Ti\u1ebfp t\u1ee5c t\u1ea1o<\/li>\n<li aria-level=\"1\">T\u00ecm ki\u1ebfm vi\u1ec7c l\u00e0m<\/li>\n<li aria-level=\"1\">Th\u00f4ng tin ngh\u1ec1 nghi\u1ec7p<\/li>\n<li aria-level=\"1\">Ki\u1ec3m tra v\u00e0 \u0111\u00e1nh gi\u00e1 s\u1edf th\u00edch<\/li>\n<li aria-level=\"1\">Qu\u1ea3n l\u00fd h\u1ed3 s\u01a1<\/li>\n<li aria-level=\"1\">H\u1ed9i th\u1ea3o<\/li>\n<li aria-level=\"1\">\u0110\u00e0o t\u1ea1o k\u1ef9 n\u0103ng<\/li>\n<\/ul>\n<p>Connect with The Western Maryland Consortium.<\/p>\n\t\t\t<a href=\"http:\/\/westernmarylandconsortium.org\/\" target=\"_blank\" rel=\"noopener\">\n\t\t\t\t\t\tGet Job Help\n\t\t\t\t\t<\/a>\n\t<h3>Search nearby counties<\/h3>\n<p>You can also search for help in nearby counties as some organizations serve residents in neighboring areas. Search for help in <a href=\"https:\/\/211md.org\/vi\/tai-nguyen-theo-quan\/quan-garrett\/\">Garrett<\/a> V\u00e0 <a href=\"https:\/\/211md.org\/vi\/tai-nguyen-theo-quan\/quan-washington\/\">Washington Counties<\/a>.<\/p>\n\t\t<h4><a href=\"\/vi\/tai-nguyen\/lao-hoa-khuyet-tat\/?utm_source=Home&#038;utm_medium=Referral&#038;utm_campaign=211Resources&#038;utm_content=Aging\" target=\"_self\">L\u00e3o h\u00f3a &amp; Khuy\u1ebft t\u1eadt<\/a><\/h4><figure itemscope itemtype=\"https:\/\/schema.org\/ImageObject\">\n\t\t\t\t<a href=\"\/vi\/tai-nguyen\/lao-hoa-khuyet-tat\/?utm_source=Home&#038;utm_medium=Referral&#038;utm_campaign=211Resources&#038;utm_content=Aging\"  target=\"_self\" itemprop=\"url\">\n\t\t\t\t<img decoding=\"async\" src=\"https:\/\/211md.org\/wp-content\/uploads\/bb-plugin\/cache\/2025_MdInfoNet_Icon-Sets_Aging-disability-square-c466727102cae71e5f27b8539bb51945-.png\" alt=\"\" onerror=\"this.style.display='none'\" loading=\"lazy\" \/>\n\t\t\t\t<\/a>\n\t<\/figure>\n\t\t<h4><a href=\"\/vi\/tai-nguyen\/gia-dinh-tre-em\/?utm_source=Home&#038;utm_medium=Referral&#038;utm_campaign=211Resources&#038;utm_content=Children\" target=\"_self\">Tr\u1ebb em &amp; Gia \u0111\u00ecnh<\/a><\/h4><figure itemscope itemtype=\"https:\/\/schema.org\/ImageObject\">\n\t\t\t\t<a href=\"\/vi\/tai-nguyen\/gia-dinh-tre-em\/?utm_source=Home&#038;utm_medium=Referral&#038;utm_campaign=211Resources&#038;utm_content=Children\"  target=\"_self\" itemprop=\"url\">\n\t\t\t\t<img decoding=\"async\" src=\"https:\/\/211md.org\/wp-content\/uploads\/bb-plugin\/cache\/2025_211_Icon-Sets_Child-care-square-f3b0d4edab3dcc467fadb5f55f4064c6-.png\" alt=\"parent and child icon for child care\" height=\"417\" width=\"417\" title=\"2025_211_B\u1ed9 bi\u1ec3u t\u01b0\u1ee3ng_Ch\u0103m s\u00f3c tr\u1ebb em\" onerror=\"this.style.display='none'\" loading=\"lazy\" \/>\n\t\t\t\t<\/a>\n\t<\/figure>\n\t\t<h4><a href=\"\/vi\/tai-nguyen\/gia-dinh-bao-luc\/?utm_source=Home&#038;utm_medium=Referral&#038;utm_campaign=211Resources&#038;utm_content=Domestic\" target=\"_self\">B\u1ea1o l\u1ef1c gia \u0111\u00ecnh<\/a><\/h4><figure itemscope itemtype=\"https:\/\/schema.org\/ImageObject\">\n\t\t\t\t<a href=\"\/vi\/tai-nguyen\/gia-dinh-bao-luc\/?utm_source=Home&#038;utm_medium=Referral&#038;utm_campaign=211Resources&#038;utm_content=Domestic\"  target=\"_self\" itemprop=\"url\">\n\t\t\t\t<img decoding=\"async\" src=\"https:\/\/211md.org\/wp-content\/uploads\/bb-plugin\/cache\/2025_211_Icon-Sets_Domestic-Violence-square-7b597694a6f05fe90cdc376aa573bc63-.png\" alt=\"House with a heart in the middle icon\" height=\"417\" width=\"417\" title=\"2025_211_B\u1ed9 bi\u1ec3u t\u01b0\u1ee3ng_B\u1ea1o l\u1ef1c gia \u0111\u00ecnh\" onerror=\"this.style.display='none'\" loading=\"lazy\" \/>\n\t\t\t\t<\/a>\n\t<\/figure>\n\t\t<h4><a href=\"\/vi\/tai-nguyen\/tim-kiem-viec-lam\/?utm_source=Home&#038;utm_medium=Referral&#038;utm_campaign=211Resources&#038;utm_content=Employment\" target=\"_self\">Thu\u00ea ng\u01b0\u1eddi l\u00e0m<\/a><\/h4><figure itemscope itemtype=\"https:\/\/schema.org\/ImageObject\">\n\t\t\t\t<a href=\"\/vi\/tai-nguyen\/tim-kiem-viec-lam\/?utm_source=Home&#038;utm_medium=Referral&#038;utm_campaign=211Resources&#038;utm_content=Employment\"  target=\"_self\" itemprop=\"url\">\n\t\t\t\t<img decoding=\"async\" src=\"https:\/\/211md.org\/wp-content\/uploads\/bb-plugin\/cache\/2025_MdInfoNet_Icon-Sets_Employment-square-44707bd410e4df10a470bf130ebcea86-.png\" alt=\"\" onerror=\"this.style.display='none'\" loading=\"lazy\" \/>\n\t\t\t\t<\/a>\n\t<\/figure>\n\t\t<h4><a href=\"\/vi\/tai-nguyen\/cham-soc-suc-khoe\/?utm_source=Home&#038;utm_medium=Referral&#038;utm_campaign=211Resources&#038;utm_content=Health%20Care\" target=\"_self\">Ch\u0103m s\u00f3c s\u1ee9c kh\u1ecfe<\/a><\/h4><figure itemscope itemtype=\"https:\/\/schema.org\/ImageObject\">\n\t\t\t\t<a href=\"\/vi\/tai-nguyen\/cham-soc-suc-khoe\/?utm_source=Home&#038;utm_medium=Referral&#038;utm_campaign=211Resources&#038;utm_content=Health%20Care\"  target=\"_self\" itemprop=\"url\">\n\t\t\t\t<img decoding=\"async\" src=\"https:\/\/211md.org\/wp-content\/uploads\/bb-plugin\/cache\/2025_MdInfoNet_Icon-Sets_Health-Care-square-dee98a0060cbe0e7f27eda253fc12679-.png\" alt=\"\" onerror=\"this.style.display='none'\" loading=\"lazy\" \/>\n\t\t\t\t<\/a>\n\t<\/figure>\n\t\t<h4><a href=\"\/vi\/tai-nguyen\/gia-dinh-tre-em\/quan-he-ho-hang\/?utm_source=Home&#038;utm_medium=Referral&#038;utm_campaign=211Resources&#038;utm_content=Kinship\" target=\"_self\">h\u1ecd h\u00e0ng<\/a><\/h4><figure itemscope itemtype=\"https:\/\/schema.org\/ImageObject\">\n\t\t\t\t<a href=\"\/vi\/tai-nguyen\/gia-dinh-tre-em\/quan-he-ho-hang\/?utm_source=Home&#038;utm_medium=Referral&#038;utm_campaign=211Resources&#038;utm_content=Kinship\"  target=\"_self\" itemprop=\"url\">\n\t\t\t\t<img decoding=\"async\" src=\"https:\/\/211md.org\/wp-content\/uploads\/bb-plugin\/cache\/2025_211_Icon-Sets_Kinship-square-45bdf872866f5735f842c32071109267-.png\" alt=\"Bi\u1ec3u t\u01b0\u1ee3ng h\u1ecd h\u00e0ng\" height=\"417\" width=\"417\" title=\"2025_211_B\u1ed9 bi\u1ec3u t\u01b0\u1ee3ng_Quan h\u1ec7 h\u1ecd h\u00e0ng\" onerror=\"this.style.display='none'\" loading=\"lazy\" \/>\n\t\t\t\t<\/a>\n\t<\/figure>\n\t\t<h4><a href=\"\/vi\/tai-nguyen\/dich-vu-phap-ly\/?utm_source=Home&#038;utm_medium=Referral&#038;utm_campaign=211Resources&#038;utm_content=Legal\" target=\"_self\">D\u1ecbch v\u1ee5 ph\u00e1p l\u00fd<\/a><\/h4><figure itemscope itemtype=\"https:\/\/schema.org\/ImageObject\">\n\t\t\t\t<a href=\"\/vi\/tai-nguyen\/dich-vu-phap-ly\/?utm_source=Home&#038;utm_medium=Referral&#038;utm_campaign=211Resources&#038;utm_content=Legal\"  target=\"_self\" itemprop=\"url\">\n\t\t\t\t<img decoding=\"async\" src=\"https:\/\/211md.org\/wp-content\/uploads\/bb-plugin\/cache\/2025_MdInfoNet_Icon-Sets_Legal-square-18fdf438feb8435588174d9046463257-.png\" alt=\"\" onerror=\"this.style.display='none'\" loading=\"lazy\" \/>\n\t\t\t\t<\/a>\n\t<\/figure>\n\t\t<h4><a href=\"\/vi\/tai-nguyen\/suc-khoe-tinh-than\/?utm_source=Home&#038;utm_medium=Referral&#038;utm_campaign=211Resources&#038;utm_content=Mental\" target=\"_self\">S\u1ee9c kh\u1ecfe tinh th\u1ea7n<\/a><\/h4><figure itemscope itemtype=\"https:\/\/schema.org\/ImageObject\">\n\t\t\t\t<a href=\"\/vi\/tai-nguyen\/suc-khoe-tinh-than\/?utm_source=Home&#038;utm_medium=Referral&#038;utm_campaign=211Resources&#038;utm_content=Mental\"  target=\"_self\" itemprop=\"url\">\n\t\t\t\t<img decoding=\"async\" src=\"https:\/\/211md.org\/wp-content\/uploads\/bb-plugin\/cache\/2025_MdInfoNet_Icon-Sets_Mental-Health-square-c59b38c4a993a947d4c9280fbe2d2fee-.png\" alt=\"\" onerror=\"this.style.display='none'\" loading=\"lazy\" \/>\n\t\t\t\t<\/a>\n\t<\/figure>\n\t\t<h4><a href=\"\/vi\/tai-nguyen\/mdreentry\/?utm_source=Home&#038;utm_medium=Referral&#038;utm_campaign=211Resources&#038;utm_content=Reentry\" target=\"_self\">V\u00e0o l\u1ea1i<\/a><\/h4><figure itemscope itemtype=\"https:\/\/schema.org\/ImageObject\">\n\t\t\t\t<a href=\"\/vi\/tai-nguyen\/mdreentry\/?utm_source=Home&#038;utm_medium=Referral&#038;utm_campaign=211Resources&#038;utm_content=Reentry\"  target=\"_self\" itemprop=\"url\">\n\t\t\t\t<img decoding=\"async\" src=\"https:\/\/211md.org\/wp-content\/uploads\/bb-plugin\/cache\/2025_211_Icon-Sets_Reentry-square-8676fea38abd920a832f45642fe31cca-.png\" alt=\"Bi\u1ec3u t\u01b0\u1ee3ng nh\u1eadp l\u1ea1i\" height=\"417\" width=\"417\" title=\"2025_211_B\u1ed9 bi\u1ec3u t\u01b0\u1ee3ng_Nh\u1eadp l\u1ea1i\" onerror=\"this.style.display='none'\" loading=\"lazy\" \/>\n\t\t\t\t<\/a>\n\t<\/figure>\n\t\t<h4><a href=\"\/vi\/tai-nguyen\/su-dung-chat-kich-thich\/?utm_source=Home&#038;utm_medium=Referral&#038;utm_campaign=211Resources&#038;utm_content=Substance\" target=\"_self\">S\u1eed d\u1ee5ng ch\u1ea5t k\u00edch th\u00edch<\/a><\/h4><figure itemscope itemtype=\"https:\/\/schema.org\/ImageObject\">\n\t\t\t\t<a href=\"\/vi\/tai-nguyen\/su-dung-chat-kich-thich\/?utm_source=Home&#038;utm_medium=Referral&#038;utm_campaign=211Resources&#038;utm_content=Substance\"  target=\"_self\" itemprop=\"url\">\n\t\t\t\t<img decoding=\"async\" src=\"https:\/\/211md.org\/wp-content\/uploads\/bb-plugin\/cache\/2025_MdInfoNet_Icon-Sets_Substance-Abuse-square-4f414f085e657267739c181957754f48-.png\" alt=\"Pills for substance Use icon\" title=\"2025_MdInfoNet_Icon-Sets_Substance-Abuse\" onerror=\"this.style.display='none'\" loading=\"lazy\" \/>\n\t\t\t\t<\/a>\n\t<\/figure>\n\t\t<h4><a href=\"\/vi\/tai-nguyen\/dich-vu-thue\/\" target=\"_self\">thu\u1ebf<\/a><\/h4><figure itemscope itemtype=\"https:\/\/schema.org\/ImageObject\">\n\t\t\t\t<a href=\"\/vi\/tai-nguyen\/dich-vu-thue\/\"  target=\"_self\" itemprop=\"url\">\n\t\t\t\t<img decoding=\"async\" src=\"https:\/\/211md.org\/wp-content\/uploads\/bb-plugin\/cache\/2025_MdInfoNet_Icon-Sets_Taxes-square-e2aa520919327b1fa037ee92d1164ad1-.png\" alt=\"Piece of paper for blue tax icon\" height=\"417\" width=\"417\" title=\"2025_MdInfoNet_Icon-Sets_Taxes\" onerror=\"this.style.display='none'\" loading=\"lazy\" \/>\n\t\t\t\t<\/a>\n\t<\/figure>\n\t\t<h4><a href=\"\/vi\/tai-nguyen\/cuu-chien-binh\/?utm_source=Home&#038;utm_medium=Referral&#038;utm_campaign=211Resources&#038;utm_content=Veterans\" target=\"_self\">c\u1ef1u chi\u1ebfn binh<\/a><\/h4><figure itemscope itemtype=\"https:\/\/schema.org\/ImageObject\">\n\t\t\t\t<a href=\"\/vi\/tai-nguyen\/cuu-chien-binh\/?utm_source=Home&#038;utm_medium=Referral&#038;utm_campaign=211Resources&#038;utm_content=Veterans\"  target=\"_self\" itemprop=\"url\">\n\t\t\t\t<img decoding=\"async\" src=\"https:\/\/211md.org\/wp-content\/uploads\/bb-plugin\/cache\/2025_MdInfoNet_Icon-Sets_Rating-square-6e60d00cce4faa8e0a6d4ad7366aa733-.png\" alt=\"\" onerror=\"this.style.display='none'\" loading=\"lazy\" \/>\n\t\t\t\t<\/a>\n\t<\/figure>","protected":false},"excerpt":{"rendered":"<p>In Allegany County, 211 callers often request resources for housing, utilities, food, and mental health. This quick guide directs Marylanders to local programs that can assist with these needs. You can also search for local organizations that can help by ZIP code in the 211 Community Resource Database. Search for nearby resources Utility Assistance Do&hellip;<\/p>","protected":false},"author":8,"featured_media":34322,"parent":750,"menu_order":0,"comment_status":"closed","ping_status":"closed","template":"","meta":{"footnotes":""},"class_list":["post-1705","page","type-page","status-publish","has-post-thumbnail","hentry"],"_links":{"self":[{"href":"https:\/\/211md.org\/vi\/wp-json\/wp\/v2\/pages\/1705","targetHints":{"allow":["GET"]}}],"collection":[{"href":"https:\/\/211md.org\/vi\/wp-json\/wp\/v2\/pages"}],"about":[{"href":"https:\/\/211md.org\/vi\/wp-json\/wp\/v2\/types\/page"}],"author":[{"embeddable":true,"href":"https:\/\/211md.org\/vi\/wp-json\/wp\/v2\/users\/8"}],"replies":[{"embeddable":true,"href":"https:\/\/211md.org\/vi\/wp-json\/wp\/v2\/comments?post=1705"}],"version-history":[{"count":5,"href":"https:\/\/211md.org\/vi\/wp-json\/wp\/v2\/pages\/1705\/revisions"}],"predecessor-version":[{"id":4621,"href":"https:\/\/211md.org\/vi\/wp-json\/wp\/v2\/pages\/1705\/revisions\/4621"}],"up":[{"embeddable":true,"href":"https:\/\/211md.org\/vi\/wp-json\/wp\/v2\/pages\/750"}],"wp:featuredmedia":[{"embeddable":true,"href":"https:\/\/211md.org\/vi\/wp-json\/wp\/v2\/media\/34322"}],"wp:attachment":[{"href":"https:\/\/211md.org\/vi\/wp-json\/wp\/v2\/media?parent=1705"}],"curies":[{"name":"wp","href":"https:\/\/api.w.org\/{rel}","templated":true}]}}