{"id":1852,"date":"2021-05-21T20:32:07","date_gmt":"2021-05-21T20:32:07","guid":{"rendered":"https:\/\/211md.org\/?page_id=1852"},"modified":"2023-10-31T15:05:20","modified_gmt":"2023-10-31T19:05:20","slug":"tim-kiem-nha-cung-cap-dich-vu","status":"publish","type":"page","link":"https:\/\/211md.org\/vi\/partner\/resource-providers\/search-for-service-providers\/","title":{"rendered":"T\u00ecm ki\u1ebfm nh\u00e0 cung c\u1ea5p d\u1ecbch v\u1ee5"},"content":{"rendered":"<p>\u0110\u00e3 \u0111\u01b0\u1ee3c li\u1ec7t k\u00ea trong c\u01a1 s\u1edf d\u1eef li\u1ec7u 211? Ch\u1ecdn h\u1ed9p t\u00ecm ki\u1ebfm b\u00ean d\u01b0\u1edbi \u0111\u1ec3 xem l\u1ea1i th\u00f4ng tin t\u1ed5 ch\u1ee9c c\u1ee7a b\u1ea1n.<\/p>\n\t<iframe frameborder=\"0\" id=\"iFrameMain\" scrolling=\"no\" src=\"\/\/na0.iCarol.info\/Launch.aspx?Org=2046\"><\/iframe>","protected":false},"excerpt":{"rendered":"<p>\u0110\u00e3 \u0111\u01b0\u1ee3c li\u1ec7t k\u00ea trong c\u01a1 s\u1edf d\u1eef li\u1ec7u 211? Ch\u1ecdn h\u1ed9p t\u00ecm ki\u1ebfm b\u00ean d\u01b0\u1edbi \u0111\u1ec3 xem l\u1ea1i th\u00f4ng tin t\u1ed5 ch\u1ee9c c\u1ee7a b\u1ea1n.<\/p>","protected":false},"author":8,"featured_media":1631,"parent":766,"menu_order":0,"comment_status":"closed","ping_status":"closed","template":"","meta":{"footnotes":""},"class_list":["post-1852","page","type-page","status-publish","has-post-thumbnail","hentry"],"_links":{"self":[{"href":"https:\/\/211md.org\/vi\/wp-json\/wp\/v2\/pages\/1852","targetHints":{"allow":["GET"]}}],"collection":[{"href":"https:\/\/211md.org\/vi\/wp-json\/wp\/v2\/pages"}],"about":[{"href":"https:\/\/211md.org\/vi\/wp-json\/wp\/v2\/types\/page"}],"author":[{"embeddable":true,"href":"https:\/\/211md.org\/vi\/wp-json\/wp\/v2\/users\/8"}],"replies":[{"embeddable":true,"href":"https:\/\/211md.org\/vi\/wp-json\/wp\/v2\/comments?post=1852"}],"version-history":[{"count":0,"href":"https:\/\/211md.org\/vi\/wp-json\/wp\/v2\/pages\/1852\/revisions"}],"up":[{"embeddable":true,"href":"https:\/\/211md.org\/vi\/wp-json\/wp\/v2\/pages\/766"}],"wp:featuredmedia":[{"embeddable":true,"href":"https:\/\/211md.org\/vi\/wp-json\/wp\/v2\/media\/1631"}],"wp:attachment":[{"href":"https:\/\/211md.org\/vi\/wp-json\/wp\/v2\/media?parent=1852"}],"curies":[{"name":"wp","href":"https:\/\/api.w.org\/{rel}","templated":true}]}}