{"id":1937,"date":"2021-05-26T19:27:53","date_gmt":"2021-05-26T19:27:53","guid":{"rendered":"https:\/\/211md.org\/?page_id=1937"},"modified":"2023-10-31T14:59:25","modified_gmt":"2023-10-31T18:59:25","slug":"thoat-noi-buon","status":"publish","type":"page","link":"https:\/\/211md.org\/vi\/escaping-sadness\/","title":{"rendered":"Ch\u1ea1y Tr\u1ed1n N\u1ed7i Bu\u1ed3n"},"content":{"rendered":"<h1>\n\t\tC\u1ea3m th\u1ea5y cho\u00e1ng ng\u1ee3p?\n\t<\/h1>\n\t<h2>B\u1ea1n kh\u00f4ng c\u00f4 \u0111\u01a1n. 211 Maryland c\u00f3 th\u1ec3 gi\u00fap \u0111\u1ee1.<br>\n\u0110\u0103ng k\u00fd nh\u1eadn th\u00f4ng \u0111i\u1ec7p h\u1ed7 tr\u1ee3 \u0111\u1ea7y c\u1ea3m h\u1ee9ng t\u1eeb<\/h2>\n<h2>MDMINDHEALTH \/ MDSALUDMENTAL.<\/h2>\n\t\t\t<a href=\"sms:\/\/898-211;?&amp;body=MDMindHealth\" target=\"_blank\" rel=\"noopener\">\n\t\t\t\t\t\t\t\u0110\u0103ng k\u00fd ngay\n\t\t\t\t\t<\/a>\n\t\t\t<a href=\"sms:\/\/898-211;?&amp;body=MDSaludMental\" target=\"_blank\" rel=\"noopener\">\n\t\t\t\t\t\t\t\u0110\u0103ng k\u00fd Ahora\n\t\t\t\t\t<\/a>\n\t<p>So\u1ea1n tin MDMindHealth g\u1eedi 898-211. Para Espa\u00f1ol, nh\u1eafn tin MDSaludMental a 898-211.<\/p>\n<h2>\n\t\t#ho\u00e1t kh\u1ecfi n\u1ed7i bu\u1ed3n\n\t<\/h2>\n<h2>\n\t\tL\u00e0m th\u1ebf n\u00e0o n\u00f3 ho\u1ea1t \u0111\u1ed9ng\n\t<\/h2>\n\t\t\t\t<img loading=\"lazy\" decoding=\"async\" src=\"https:\/\/211md.org\/wp-content\/uploads\/2021\/05\/Screen-Shot-2021-05-26-at-11.27.15-AM.svg\" alt=\"H\u00ecnh \u1ea3nh c\u1ee7a S\u1ed1 1\" itemprop=\"image\" height=\"150\" width=\"150\" title=\"H\u00ecnh \u1ea3nh c\u1ee7a S\u1ed1 1\" onerror=\"this.style.display='none'\">\n<h3>Ch\u1eef<\/h3>\t\t\n\t\t\t<p>Ch\u1eef&nbsp;<strong>MDMindS\u1ee9c kh\u1ecfe<\/strong>&nbsp;\u0111\u1ebfn 898-211<\/p>\n<p>Para Espa\u00f1ol, v\u0103n b\u1ea3n&nbsp;<strong>MDSaludTinh th\u1ea7n<\/strong>&nbsp;m\u1ed9t 898-211<\/p>\nT\u1ea7n su\u1ea5t tin nh\u1eafn c\u00f3 th\u1ec3 thay \u0111\u1ed5i. Tin nh\u1eafn ho\u1eb7c d\u1eef li\u1ec7u c\u00f3 th\u1ec3 \u0111\u01b0\u1ee3c \u00e1p d\u1ee5ng.<br>\nNh\u1eafn tin STOP \u0111\u1ec3 h\u1ee7y \u0111\u0103ng k\u00fd.&nbsp;<strong><a href=\"https:\/\/211md.org\/vi\/tin-nhan\/\">Ch\u00ednh s\u00e1ch b\u1ea3o m\u1eadt v\u00e0 \u0110i\u1ec1u kho\u1ea3n d\u1ecbch v\u1ee5<\/a>.<\/strong>\n\t\t\t\t<img loading=\"lazy\" decoding=\"async\" src=\"https:\/\/211md.org\/wp-content\/uploads\/2021\/05\/Screen-Shot-2021-05-26-at-11.27.25-AM.svg\" alt=\"H\u00ecnh \u1ea3nh c\u1ee7a s\u1ed1 2\" itemprop=\"image\" height=\"150\" width=\"150\" title=\"H\u00ecnh \u1ea3nh c\u1ee7a S\u1ed1 2\" onerror=\"this.style.display='none'\">\n<h3>Nh\u1eadn h\u1ed7 tr\u1ee3<\/h3>\t\t\n\t\t\t<p>Ch\u00fang t\u00f4i s\u1ebd g\u1eedi tin nh\u1eafn v\u0103n b\u1ea3n h\u1ed7 tr\u1ee3. B\u1ea1n \u0111ang ng\u1ed3i \u1edf gh\u1ebf l\u00e1i. N\u00f3i chuy\u1ec7n v\u1edbi m\u1ed9t chuy\u00ean gia tr\u1ef1c ti\u1ebfp ho\u1eb7c t\u1eeb ch\u1ed1i b\u1ea5t c\u1ee9 l\u00fac n\u00e0o.<\/p>\n\t\t\t\t<img loading=\"lazy\" decoding=\"async\" src=\"https:\/\/211md.org\/wp-content\/uploads\/2021\/05\/Screen-Shot-2021-05-26-at-11.27.40-AM.svg\" alt=\"H\u00ecnh \u1ea3nh c\u1ee7a s\u1ed1 3\" itemprop=\"image\" height=\"149\" width=\"149\" title=\"H\u00ecnh \u1ea3nh c\u1ee7a S\u1ed1 3\" onerror=\"this.style.display='none'\">\n<h3>Tham gia v\u00e0o c\u1ed9ng \u0111\u1ed3ng<\/h3>\t\t\n\t\t\t<p>Tham gia c\u1ed9ng \u0111\u1ed3ng c\u1ee7a ch\u00fang t\u00f4i \u0111\u1ec3 t\u00ecm nh\u1eefng ng\u01b0\u1eddi kh\u00e1c c\u00f3 th\u1ec3 li\u00ean quan v\u00e0 nh\u1eadn h\u1ed7 tr\u1ee3 li\u00ean t\u1ee5c.<\/p>","protected":false},"excerpt":{"rendered":"<p>C\u1ea3m th\u1ea5y cho\u00e1ng ng\u1ee3p? B\u1ea1n kh\u00f4ng c\u00f4 \u0111\u01a1n. 211 Maryland c\u00f3 th\u1ec3 gi\u00fap \u0111\u1ee1. \u0110\u0103ng k\u00fd \u0111\u1ec3 nh\u1eadn nh\u1eefng tin nh\u1eafn h\u1ed7 tr\u1ee3 \u0111\u1ea7y c\u1ea3m h\u1ee9ng t\u1eeb MDMINDHEALTH \/ MDSALUDMENTAL. \u0110\u0103ng k\u00fd ngay \u0110\u0103ng k\u00fd Ahora Nh\u1eafn tin MDMindHealth t\u1edbi 898-211. Para Espa\u00f1ol, nh\u1eafn tin MDSaludMental a 898-211. #escapingsadness C\u00e1ch ho\u1ea1t \u0111\u1ed9ng V\u0103n b\u1ea3n Nh\u1eafn tin MDMindHealth t\u1edbi 898-211 Para Espa\u00f1ol, texto MDSaludMental a 898-211 T\u1ea7n su\u1ea5t tin nh\u1eafn c\u00f3 th\u1ec3 thay \u0111\u1ed5i. T\u1ed1c \u0111\u1ed9 tin nh\u1eafn v\u00e0 d\u1eef li\u1ec7u c\u00f3 th\u1ec3\u2026<\/p>","protected":false},"author":8,"featured_media":0,"parent":0,"menu_order":0,"comment_status":"closed","ping_status":"closed","template":"","meta":{"footnotes":""},"class_list":["post-1937","page","type-page","status-publish","hentry"],"_links":{"self":[{"href":"https:\/\/211md.org\/vi\/wp-json\/wp\/v2\/pages\/1937","targetHints":{"allow":["GET"]}}],"collection":[{"href":"https:\/\/211md.org\/vi\/wp-json\/wp\/v2\/pages"}],"about":[{"href":"https:\/\/211md.org\/vi\/wp-json\/wp\/v2\/types\/page"}],"author":[{"embeddable":true,"href":"https:\/\/211md.org\/vi\/wp-json\/wp\/v2\/users\/8"}],"replies":[{"embeddable":true,"href":"https:\/\/211md.org\/vi\/wp-json\/wp\/v2\/comments?post=1937"}],"version-history":[{"count":0,"href":"https:\/\/211md.org\/vi\/wp-json\/wp\/v2\/pages\/1937\/revisions"}],"wp:attachment":[{"href":"https:\/\/211md.org\/vi\/wp-json\/wp\/v2\/media?parent=1937"}],"curies":[{"name":"wp","href":"https:\/\/api.w.org\/{rel}","templated":true}]}}